

{"id":18935,"date":"2025-12-17T05:56:45","date_gmt":"2025-12-17T05:56:45","guid":{"rendered":"https:\/\/vapemaison.com\/?post_type=product&#038;p=18935"},"modified":"2026-01-09T08:34:20","modified_gmt":"2026-01-09T08:34:20","slug":"knall-fuhrer-stoll-100k-100000-puffs-4-in-1-aromen-fuhrte-anzeige-einweg-vape","status":"publish","type":"product","link":"https:\/\/vapemaison.com\/de\/product\/bang-leader-stoll-100k-100000-puffs-4-in-1-flavors-led-display-disposable-vape\/","title":{"rendered":"Bang Leader Stoll 100K 100000 Puffs 4 in 1 Geschmacksrichtungen &amp; LED-Anzeige Einweg-Vape"},"content":{"rendered":"<h2 class=\"wp-block-heading\"><strong>Bang Leader Stoll 100K Disposable Vape - 100.000 Z\u00fcge<\/strong><\/h2>\n\n\n\n<p>Die <strong>Bang Leader Stoll 100K Einweg-Vape<\/strong> wurde f\u00fcr Benutzer entwickelt, die extreme Langlebigkeit, starke Leistung und erstklassigen Geschmack erwarten. Mit einer unglaublichen Kapazit\u00e4t von bis zu <strong>100.000 Z\u00fcge<\/strong>, Mit diesem Ger\u00e4t wird die H\u00e4ufigkeit des Austauschs erheblich reduziert und gleichzeitig eine gleichbleibende Qualit\u00e4t \u00fcber die gesamte Lebensdauer des Ger\u00e4ts gew\u00e4hrleistet.<\/p>\n\n\n\n<p>Entworfen mit einer <strong>4-in-1-Aroma-System<\/strong>, Der Stoll 100K verf\u00fcgt \u00fcber folgende Merkmale <strong>4 separate 14mL e-Fl\u00fcssigkeitskammern<\/strong>, und erm\u00f6glicht es dem Benutzer, m\u00fchelos zwischen verschiedenen Geschmacksrichtungen in einem einzigen Ger\u00e4t zu wechseln. Dieses innovative Design bietet Abwechslung, Komfort und ein erfrischendes Dampferlebnis zu jeder Zeit.<\/p>\n\n\n\n<p>Im Kern nutzt das Ger\u00e4t <strong>Quad 1.0\u03a9 Mesh Coil Technologie<\/strong>, und sorgt f\u00fcr eine gleichm\u00e4\u00dfige Erw\u00e4rmung, erh\u00f6hte Geschmacksintensit\u00e4t und gleichm\u00e4\u00dfige Dampfproduktion vom ersten bis zum letzten Zug. Die Leistung bleibt stabil, auch bei l\u00e4ngerem Gebrauch.<\/p>\n\n\n\n<p>A eingebaut <strong>Intelligente LED-Anzeige<\/strong> bietet einen Echtzeit-\u00dcberblick \u00fcber den Akkustand und den Status des E-Liquids, so dass die Benutzer den Verbrauch leicht \u00fcberwachen und mit Zuversicht dampfen k\u00f6nnen.<\/p>\n\n\n\n<p>Angetrieben von einem <strong>850mAh wiederaufladbare Batterie<\/strong>, der Bang Leader Stoll unterst\u00fctzt <strong>USB Typ-C Schnellladung<\/strong>, Dadurch werden Ausfallzeiten minimiert und eine kontinuierliche Leistung gew\u00e4hrleistet. Vollst\u00e4ndig <strong>TPD-konform<\/strong>, Es erf\u00fcllt die EU-Vorschriften und Sicherheitsstandards und ist somit f\u00fcr den europ\u00e4ischen Markt geeignet.<\/p>\n\n\n\n<p>Mit <strong>10 Geschmackskombinationen verf\u00fcgbar<\/strong>, Dieses Ger\u00e4t bietet Vielseitigkeit, Zuverl\u00e4ssigkeit und ein erstklassiges Dampferlebnis - ideal f\u00fcr den pers\u00f6nlichen Gebrauch und den Einzelhandel.<\/p>\n\n\n\n<h3 class=\"wp-block-heading\"><strong>Wesentliche Merkmale<\/strong><\/h3>\n\n\n\n<ul class=\"wp-block-list\">\n<li>Bis zu <strong>100.000 Z\u00fcge<\/strong> pro Ger\u00e4t<\/li>\n\n\n\n<li><strong>4 \u00d7 14mL<\/strong> E-Liquid-Kapazit\u00e4t (4 Geschmacksrichtungen in einem Ger\u00e4t)<\/li>\n\n\n\n<li><strong>Quad 1.0\u03a9 Mesh Spulen<\/strong> f\u00fcr verbesserten Geschmack und sanfte Verdampfung<\/li>\n\n\n\n<li><strong>850mAh wiederaufladbare Batterie<\/strong><\/li>\n\n\n\n<li><strong>USB Typ-C Schnellladung<\/strong><\/li>\n\n\n\n<li><strong>Intelligenter LED-Bildschirm<\/strong> (Batterie- und E-Liquid-Anzeigen)<\/li>\n\n\n\n<li><strong>Nikotinst\u00e4rken:<\/strong> 2%, 3%, 5%<\/li>\n\n\n\n<li><strong>TPD-konform<\/strong> (EU-Norm)<\/li>\n\n\n\n<li><strong>10 Geschmacksvarianten verf\u00fcgbar<\/strong><\/li>\n\n\n\n<li><strong>Verpackung:<\/strong> 10 St\u00fcck pro Karton<\/li>\n<\/ul>\n\n\n\n<h3 class=\"wp-block-heading\"><strong>Geschmackskombinationen<\/strong><\/h3>\n\n\n\n<ul class=\"wp-block-list\">\n<li>Zitrone-Limette \/ Wassermelone-Eis \/ Schwarzer Drache-Eis \/ Drachenfrucht-Erdbeere \/ Liebe 666<\/li>\n\n\n\n<li>Vanille Cola \/ Zitrone Pfirsich \/ Erdbeere Himbeere Kirsche Eis \/ Traube Eis<\/li>\n\n\n\n<li>Grape Burst \/ Lychee Ice \/ Pfirsich Beere \/ Kiwi Passionsfrucht Guave<\/li>\n\n\n\n<li>Wassermelonen-Eis \/ Erdbeer-Mango \/ Heidelbeer-Eis \/ Sprudel-Kirsche<\/li>\n\n\n\n<li>Erdbeer-Wassermelone \/ Kirsch-Cola \/ Saftiges Pfirsicheis \/ Grapefruit-Erfrischer<\/li>\n\n\n\n<li>Zitrone-Limette \/ Erdbeere-Eis \/ Himbeere-Wassermelone \/ Sprudel-Kirsche<\/li>\n\n\n\n<li>Pink Lemonade \/ Kiwi Passionsfrucht Guave \/ Pfirsich Beere \/ Erdbeere Banane<\/li>\n\n\n\n<li>Erdbeer-Mango \/ Blue Razz Limonade \/ Vanilleeis \/ Saure Dreifachbeere<\/li>\n\n\n\n<li>Beerenmischung \/ Kirsche-Zitrone \/ Erdbeer-Kiwi \/ Erdbeer-Wassermelone Bubblegum<\/li>\n\n\n\n<li>Mojito \/ Monster Mango \/ Lady Killer \/ Pinke Limonade<\/li>\n<\/ul>\n\n\n\n<h3 class=\"wp-block-heading\"><strong>Ideal f\u00fcr<\/strong><\/h3>\n\n\n\n<ul class=\"wp-block-list\">\n<li>Benutzer suchen <strong>maximale Puffleistung<\/strong><\/li>\n\n\n\n<li>Vaper, die gerne <strong>mehrere Geschmacksrichtungen in einem Ger\u00e4t<\/strong><\/li>\n\n\n\n<li>Einzelh\u00e4ndler und Gro\u00dfh\u00e4ndler auf der Suche nach <strong>Hochwertige Regalprodukte<\/strong><\/li>\n\n\n\n<li>EU-M\u00e4rkte, die <strong>TPD-konforme Ger\u00e4te<\/strong><\/li>\n<\/ul>\n\n\n\n<p>Fans von Bang-Produkten erkunden oft unser gesamtes Sortiment, um ihr perfektes Vape zu finden. Beginnen Sie mit dem <a href=\"https:\/\/vapemaison.com\">Homepage<\/a>, entdecken Sie alle Produkte in unserem <a href=\"https:\/\/vapemaison.com\/shop\">Shop<\/a>, oder tauchen Sie ein in die <a href=\"https:\/\/vapemaison.com\/brand\/bang\">Marke Bang<\/a> Seite, um das gesamte Programm zu sehen. Suchen Sie etwas anderes? Unser <a href=\"https:\/\/vapemaison.com\/brand\/waspe\">WASPE-Kollektion<\/a> und <a href=\"https:\/\/vapemaison.com\/product-category\/puffs-count\/\">Kategorie Puffs<\/a> haben eine Vielzahl von Optionen f\u00fcr jeden Vaper.<\/p>","protected":false},"excerpt":{"rendered":"<p>Genie\u00dfen Sie 100.000 Z\u00fcge und ein einzigartiges 4-in-1-Aromasystem, mit dem Sie zwischen vier verschiedenen Geschmacksrichtungen in einem intelligenten, TPD-konformen Ger\u00e4t wechseln k\u00f6nnen. Sichern Sie sich dieses Kraftpaket mit hoher Kapazit\u00e4t noch heute, um Ihre Erfahrung mit unserer aktuellen Schnellversandgarantie zu verbessern, bevor die n\u00e4chste Charge ausverkauft ist.<\/p>","protected":false},"featured_media":18944,"comment_status":"open","ping_status":"closed","template":"","meta":[],"product_brand":[57],"product_cat":[151],"product_tag":[],"class_list":{"0":"post-18935","1":"product","2":"type-product","3":"status-publish","4":"has-post-thumbnail","6":"product_brand-bang","7":"product_cat-100k-puffs","9":"first","10":"instock","11":"sale","12":"featured","13":"shipping-taxable","14":"purchasable","15":"product-type-variable"},"yoast_head":"<!-- This site is optimized with the Yoast SEO plugin v27.4 - https:\/\/yoast.com\/product\/yoast-seo-wordpress\/ -->\n<title>Bang Leader Stoll 100K Disposable Vape \u2013 4-in-1 Flavor<\/title>\n<meta name=\"description\" content=\"Bang Leader Stoll 100K disposable vape delivers up to 100,000 puffs with 4-in-1 flavor design, smooth vapor, and powerful performance for long-term vaping.\" \/>\n<meta name=\"robots\" content=\"index, follow, max-snippet:-1, max-image-preview:large, max-video-preview:-1\" \/>\n<link rel=\"canonical\" href=\"https:\/\/vapemaison.com\/de\/product\/knall-fuhrer-stoll-100k-100000-puffs-4-in-1-aromen-fuhrte-anzeige-einweg-vape\/\" \/>\n<meta property=\"og:locale\" content=\"de_DE\" \/>\n<meta property=\"og:type\" content=\"article\" \/>\n<meta property=\"og:title\" content=\"Bang Leader Stoll 100K Disposable Vape \u2013 4-in-1 Flavor\" \/>\n<meta property=\"og:description\" content=\"Bang Leader Stoll 100K disposable vape delivers up to 100,000 puffs with 4-in-1 flavor design, smooth vapor, and powerful performance for long-term vaping.\" \/>\n<meta property=\"og:url\" content=\"https:\/\/vapemaison.com\/de\/product\/knall-fuhrer-stoll-100k-100000-puffs-4-in-1-aromen-fuhrte-anzeige-einweg-vape\/\" \/>\n<meta property=\"og:site_name\" content=\"VapeMaison\" \/>\n<meta property=\"article:modified_time\" content=\"2026-01-09T08:34:20+00:00\" \/>\n<meta property=\"og:image\" content=\"https:\/\/vapemaison.com\/wp-content\/uploads\/2025\/12\/bang-leader-stoll-100k-100000-puffs-strawberry-mango-blue-razz-lemonade-vanilla-ice-cream-sour-triple-berry.jpg.webp\" \/>\n\t<meta property=\"og:image:width\" content=\"800\" \/>\n\t<meta property=\"og:image:height\" content=\"800\" \/>\n\t<meta property=\"og:image:type\" content=\"image\/webp\" \/>\n<meta name=\"twitter:card\" content=\"summary_large_image\" \/>\n<meta name=\"twitter:label1\" content=\"Gesch\u00e4tzte Lesezeit\" \/>\n\t<meta name=\"twitter:data1\" content=\"3\u00a0Minuten\" \/>\n<!-- \/ Yoast SEO plugin. -->","yoast_head_json":{"title":"Bang Leader Stoll 100K Disposable Vape - 4-in-1 Geschmack","description":"Der Bang Leader Stoll 100K Einwegdampfer liefert bis zu 100.000 Z\u00fcge mit 4-in-1-Aroma-Design, sanftem Dampf und starker Leistung f\u00fcr langes Dampfen.","robots":{"index":"index","follow":"follow","max-snippet":"max-snippet:-1","max-image-preview":"max-image-preview:large","max-video-preview":"max-video-preview:-1"},"canonical":"https:\/\/vapemaison.com\/de\/product\/knall-fuhrer-stoll-100k-100000-puffs-4-in-1-aromen-fuhrte-anzeige-einweg-vape\/","og_locale":"de_DE","og_type":"article","og_title":"Bang Leader Stoll 100K Disposable Vape \u2013 4-in-1 Flavor","og_description":"Bang Leader Stoll 100K disposable vape delivers up to 100,000 puffs with 4-in-1 flavor design, smooth vapor, and powerful performance for long-term vaping.","og_url":"https:\/\/vapemaison.com\/de\/product\/knall-fuhrer-stoll-100k-100000-puffs-4-in-1-aromen-fuhrte-anzeige-einweg-vape\/","og_site_name":"VapeMaison","article_modified_time":"2026-01-09T08:34:20+00:00","og_image":[{"width":800,"height":800,"url":"https:\/\/vapemaison.com\/wp-content\/uploads\/2025\/12\/bang-leader-stoll-100k-100000-puffs-strawberry-mango-blue-razz-lemonade-vanilla-ice-cream-sour-triple-berry.jpg.webp","type":"image\/webp"}],"twitter_card":"summary_large_image","twitter_misc":{"Gesch\u00e4tzte Lesezeit":"3\u00a0Minuten"},"schema":{"@context":"https:\/\/schema.org","@graph":[{"@type":"WebPage","@id":"https:\/\/vapemaison.com\/product\/bang-leader-stoll-100k-100000-puffs-4-in-1-flavors-led-display-disposable-vape\/","url":"https:\/\/vapemaison.com\/product\/bang-leader-stoll-100k-100000-puffs-4-in-1-flavors-led-display-disposable-vape\/","name":"Bang Leader Stoll 100K Disposable Vape - 4-in-1 Geschmack","isPartOf":{"@id":"https:\/\/vapemaison.com\/#website"},"primaryImageOfPage":{"@id":"https:\/\/vapemaison.com\/product\/bang-leader-stoll-100k-100000-puffs-4-in-1-flavors-led-display-disposable-vape\/#primaryimage"},"image":{"@id":"https:\/\/vapemaison.com\/product\/bang-leader-stoll-100k-100000-puffs-4-in-1-flavors-led-display-disposable-vape\/#primaryimage"},"thumbnailUrl":"https:\/\/vapemaison.com\/wp-content\/uploads\/2025\/12\/bang-leader-stoll-100k-100000-puffs-strawberry-mango-blue-razz-lemonade-vanilla-ice-cream-sour-triple-berry.jpg.webp","datePublished":"2025-12-17T05:56:45+00:00","dateModified":"2026-01-09T08:34:20+00:00","description":"Der Bang Leader Stoll 100K Einwegdampfer liefert bis zu 100.000 Z\u00fcge mit 4-in-1-Aroma-Design, sanftem Dampf und starker Leistung f\u00fcr langes Dampfen.","breadcrumb":{"@id":"https:\/\/vapemaison.com\/product\/bang-leader-stoll-100k-100000-puffs-4-in-1-flavors-led-display-disposable-vape\/#breadcrumb"},"inLanguage":"de","potentialAction":[{"@type":"ReadAction","target":["https:\/\/vapemaison.com\/product\/bang-leader-stoll-100k-100000-puffs-4-in-1-flavors-led-display-disposable-vape\/"]}]},{"@type":"ImageObject","inLanguage":"de","@id":"https:\/\/vapemaison.com\/product\/bang-leader-stoll-100k-100000-puffs-4-in-1-flavors-led-display-disposable-vape\/#primaryimage","url":"https:\/\/vapemaison.com\/wp-content\/uploads\/2025\/12\/bang-leader-stoll-100k-100000-puffs-strawberry-mango-blue-razz-lemonade-vanilla-ice-cream-sour-triple-berry.jpg.webp","contentUrl":"https:\/\/vapemaison.com\/wp-content\/uploads\/2025\/12\/bang-leader-stoll-100k-100000-puffs-strawberry-mango-blue-razz-lemonade-vanilla-ice-cream-sour-triple-berry.jpg.webp","width":800,"height":800,"caption":"Bang Leader Stoll 100k Puffs Strawberry Mango Blue Razz Lemonade Vanilla Ice Cream Sour Triple Berry.jpg Disposable"},{"@type":"BreadcrumbList","@id":"https:\/\/vapemaison.com\/product\/bang-leader-stoll-100k-100000-puffs-4-in-1-flavors-led-display-disposable-vape\/#breadcrumb","itemListElement":[{"@type":"ListItem","position":1,"name":"\u9996\u9875","item":"https:\/\/vapemaison.com\/"},{"@type":"ListItem","position":2,"name":"Shop","item":"https:\/\/vapemaison.com\/shop\/"},{"@type":"ListItem","position":3,"name":"Bang","item":"https:\/\/vapemaison.com\/brand\/bang\/"},{"@type":"ListItem","position":4,"name":"Bang Leader Stoll 100K 100000 Puffs 4 in 1 Flavors &amp; LED Display Disposable Vape"}]},{"@type":"WebSite","@id":"https:\/\/vapemaison.com\/#website","url":"https:\/\/vapemaison.com\/","name":"VapeMaison","description":"Premium Vaping-Ger\u00e4te und Zubeh\u00f6r","publisher":{"@id":"https:\/\/vapemaison.com\/#organization"},"potentialAction":[{"@type":"SearchAction","target":{"@type":"EntryPoint","urlTemplate":"https:\/\/vapemaison.com\/?s={search_term_string}"},"query-input":{"@type":"PropertyValueSpecification","valueRequired":true,"valueName":"search_term_string"}}],"inLanguage":"de"},{"@type":"Organization","@id":"https:\/\/vapemaison.com\/#organization","name":"VapeMaison","url":"https:\/\/vapemaison.com\/","logo":{"@type":"ImageObject","inLanguage":"de","@id":"https:\/\/vapemaison.com\/#\/schema\/logo\/image\/","url":"https:\/\/vapemaison.com\/wp-content\/uploads\/2026\/01\/cropped-vapemaison-logo-g-2026.webp","contentUrl":"https:\/\/vapemaison.com\/wp-content\/uploads\/2026\/01\/cropped-vapemaison-logo-g-2026.webp","width":350,"height":280,"caption":"VapeMaison"},"image":{"@id":"https:\/\/vapemaison.com\/#\/schema\/logo\/image\/"},"sameAs":["https:\/\/www.youtube.com\/@VapeMaison"]}]}},"tiered_pricing_type":"fixed","tiered_pricing_fixed_rules":{"30":"10.65","50":"9.72","100":"8.98","200":"8.36"},"tiered_pricing_product_settings":{"layout":"default","base_unit_name":{"singular":null,"plural":null},"default_variation":null},"tiered_pricing_minimum_quantity":10,"tiered_pricing_roles_data":[],"tiered_pricing_percentage_rules":[],"tiered_pricing_maximum_quantity":null,"tiered_pricing_quantity_step":"10","_links":{"self":[{"href":"https:\/\/vapemaison.com\/de\/wp-json\/wp\/v2\/product\/18935","targetHints":{"allow":["GET"]}}],"collection":[{"href":"https:\/\/vapemaison.com\/de\/wp-json\/wp\/v2\/product"}],"about":[{"href":"https:\/\/vapemaison.com\/de\/wp-json\/wp\/v2\/types\/product"}],"replies":[{"embeddable":true,"href":"https:\/\/vapemaison.com\/de\/wp-json\/wp\/v2\/comments?post=18935"}],"version-history":[{"count":0,"href":"https:\/\/vapemaison.com\/de\/wp-json\/wp\/v2\/product\/18935\/revisions"}],"wp:featuredmedia":[{"embeddable":true,"href":"https:\/\/vapemaison.com\/de\/wp-json\/wp\/v2\/media\/18944"}],"wp:attachment":[{"href":"https:\/\/vapemaison.com\/de\/wp-json\/wp\/v2\/media?parent=18935"}],"wp:term":[{"taxonomy":"product_brand","embeddable":true,"href":"https:\/\/vapemaison.com\/de\/wp-json\/wp\/v2\/product_brand?post=18935"},{"taxonomy":"product_cat","embeddable":true,"href":"https:\/\/vapemaison.com\/de\/wp-json\/wp\/v2\/product_cat?post=18935"},{"taxonomy":"product_tag","embeddable":true,"href":"https:\/\/vapemaison.com\/de\/wp-json\/wp\/v2\/product_tag?post=18935"}],"curies":[{"name":"wp","href":"https:\/\/api.w.org\/{rel}","templated":true}]}}