

{"id":19378,"date":"2025-12-22T03:14:21","date_gmt":"2025-12-22T03:14:21","guid":{"rendered":"https:\/\/vapemaison.com\/?post_type=product&#038;p=19378"},"modified":"2026-01-09T08:59:53","modified_gmt":"2026-01-09T08:59:53","slug":"fumot-tornado-30k-traubeneis-randm-tornado-30000-puffs","status":"publish","type":"product","link":"https:\/\/vapemaison.com\/de\/product\/fumot-tornado-30k-grape-ice-randm-tornado-30000-puffs\/","title":{"rendered":"Fumot Tornado 30k Traubeneis Randm Tornado 30000 Puffs"},"content":{"rendered":"<p>Der Fumot Tornado 30000 Grape Ice bietet ein erstklassiges Dampferlebnis, indem er den tiefen, saftigen Geschmack von reifen lila Trauben mit einem scharfen, k\u00fchlenden Menthol-Finish verbindet. Entworfen f\u00fcr Leistung und Stil, ist dieses Ger\u00e4t f\u00fcr diejenigen, die mehr von ihrem vape verlangen gebaut.<\/p>\n\n\n\n<h3 class=\"wp-block-heading\">Geschmacksprofil: Gefrorene Weinbergsmischung<\/h3>\n\n\n\n<ul class=\"wp-block-list\">\n<li><strong>Weintraube:<\/strong> Reichhaltig, dunkel und nat\u00fcrlich s\u00fc\u00df mit einem samtigen Fruchtk\u00f6rper.<\/li>\n\n\n\n<li><strong>Eis:<\/strong> Ein knackiger, erfrischender Mentholsto\u00df, der den Gaumen reinigt.<\/li>\n\n\n\n<li><strong>Erfahrung:<\/strong> Eine k\u00fchne und k\u00fchlende Sensation, die Fruchttiefe mit einem eisigen Ausatmen ausbalanciert, perfekt f\u00fcr eine ganzt\u00e4gige K\u00fchlung vape.<\/li>\n<\/ul>\n\n\n\n<h3 class=\"wp-block-heading\">Technische Daten<\/h3>\n\n\n\n<figure class=\"wp-block-table\"><table class=\"has-fixed-layout\"><thead><tr><td><strong>Merkmal<\/strong><\/td><td><strong>Spezifikation<\/strong><\/td><\/tr><\/thead><tbody><tr><td><strong>Anzahl der Puffs<\/strong><\/td><td>Bis zu 30.000 Z\u00fcge<\/td><\/tr><tr><td><strong>Batterie<\/strong><\/td><td>600mAh (Typ-C-Schnellladung, 45 Min.)<\/td><\/tr><tr><td><strong>E-Fl\u00fcssigkeit<\/strong><\/td><td>20ml Salz Nik<\/td><\/tr><tr><td><strong>Nikotin-Optionen<\/strong><\/td><td>0%, 2%, 3% oder 5%<\/td><\/tr><tr><td><strong>Konnektivit\u00e4t<\/strong><\/td><td>Bluetooth 5.0 (Musiksynchronisation f\u00fcr LED-Leuchten)<\/td><\/tr><tr><td><strong>Dauerhaftigkeit<\/strong><\/td><td>IPX4 Spritzwassergesch\u00fctztes Design<\/td><\/tr><tr><td><strong>Intelligente \u00dcberwachung<\/strong><\/td><td>3-stufige LED-Batterieanzeige<\/td><\/tr><\/tbody><\/table><\/figure>\n\n\n\n<h3 class=\"wp-block-heading\">Wesentliche Merkmale<\/h3>\n\n\n\n<ul class=\"wp-block-list\">\n<li><strong>Musik-Synchronisationstechnologie:<\/strong> Dank integriertem Bluetooth 5.0 k\u00f6nnen die LED-Leuchten rhythmisch mit Spotify, Apple Music oder YouTube synchronisiert werden.<\/li>\n\n\n\n<li><strong>\u00d6ko-Modus:<\/strong> Dimmt automatisch die LED-Leuchten und optimiert den Stromverbrauch bei niedrigem Batteriestand.<\/li>\n\n\n\n<li><strong>Intelligente Batterie-Anzeige:<\/strong> * Gr\u00fcn: 75% - 100%\n<ul class=\"wp-block-list\">\n<li>Gelb: 30% - 75%<\/li>\n\n\n\n<li>Rot: Unter 10%<\/li>\n<\/ul>\n<\/li>\n\n\n\n<li><strong>Nachhaltigkeit:<\/strong> CE- und RoHS-zertifiziert, mit bleifreier Konstruktion und 30%-Verpackung aus recyceltem Material.<\/li>\n<\/ul>\n\n\n\n<h3 class=\"wp-block-heading\">Exklusives Angebot<\/h3>\n\n\n\n<p>Verwenden Sie den Code: <strong>CPETYUZF<\/strong> an der Kasse zu erhalten:<\/p>\n\n\n\n<ul class=\"wp-block-list\">\n<li>Kostenlose Expresszustellung (3-7 Arbeitstage).<\/li>\n\n\n\n<li>Inklusive goldfarbener Tropfspitze.<\/li>\n\n\n\n<li>Handbuch zur digitalen Geschmackskopplung.<\/li>\n<\/ul>\n\n\n\n<h3 class=\"wp-block-heading\">H\u00e4ufig gestellte Fragen<\/h3>\n\n\n\n<p>F: Ist eine nikotinfreie Version erh\u00e4ltlich?<\/p>\n\n\n\n<p>A: Ja, die Geschmacksrichtung Grape Ice ist in einer 0% Nikotinoption erh\u00e4ltlich.<\/p>\n\n\n\n<p>F: Wie lang ist die Ladezeit?<\/p>\n\n\n\n<p>A: Das Ger\u00e4t verf\u00fcgt \u00fcber eine Typ-C-Schnellladefunktion, die eine vollst\u00e4ndige Aufladung in etwa 45 Minuten erm\u00f6glicht.<\/p>\n\n\n\n<p>F: Funktioniert die Musiksynchronisierung mit allen Anwendungen?<\/p>\n\n\n\n<p>A: Ja, es ist mit allen wichtigen Audio-Streaming-Plattformen \u00fcber Bluetooth kompatibel.<\/p>\n\n\n\n<p><strong>Entdecken Sie die Grape Ice 30K - fett, frostig und gebaut f\u00fcr den modernen Vaper.<\/strong><\/p>","protected":false},"excerpt":{"rendered":"<p data-start=\"313\" data-end=\"435\"><span style=\"color: #000000;\">Bananens\u00fc\u00dfe trifft auf eisige Frische - 30.000 Z\u00fcge, intelligente LED-Anzeige und schnelles USB-C-Laden in einem schlanken Ger\u00e4t.<\/span><\/p>","protected":false},"featured_media":19743,"comment_status":"open","ping_status":"closed","template":"","meta":[],"product_brand":[58],"product_cat":[134,180],"product_tag":[],"class_list":{"0":"post-19378","1":"product","2":"type-product","3":"status-publish","4":"has-post-thumbnail","6":"product_brand-fumot","7":"product_cat-30k-puffs","8":"product_cat-randm-tornado-30000","10":"first","11":"instock","12":"sale","13":"featured","14":"shipping-taxable","15":"purchasable","16":"product-type-variable"},"yoast_head":"<!-- This site is optimized with the Yoast SEO plugin v27.4 - https:\/\/yoast.com\/product\/yoast-seo-wordpress\/ -->\n<title>Fumot Tornado 30k Grape Ice \u2013 Smart Vape 30K Puffs<\/title>\n<meta name=\"description\" content=\"Discover the Fumot Tornado 30k Grape Ice Vape \u2013 up to 30,000 puffs, smart LED battery indicator, Bluetooth music mode, and Grape Ice flavour.\" \/>\n<meta name=\"robots\" content=\"index, follow, max-snippet:-1, max-image-preview:large, max-video-preview:-1\" \/>\n<link rel=\"canonical\" href=\"https:\/\/vapemaison.com\/de\/product\/fumot-tornado-30k-traubeneis-randm-tornado-30000-puffs\/\" \/>\n<meta property=\"og:locale\" content=\"de_DE\" \/>\n<meta property=\"og:type\" content=\"article\" \/>\n<meta property=\"og:title\" content=\"Fumot Tornado 30k Grape Ice \u2013 Smart Vape 30K Puffs\" \/>\n<meta property=\"og:description\" content=\"Discover the Fumot Tornado 30k Grape Ice Vape \u2013 up to 30,000 puffs, smart LED battery indicator, Bluetooth music mode, and Grape Ice flavour.\" \/>\n<meta property=\"og:url\" content=\"https:\/\/vapemaison.com\/de\/product\/fumot-tornado-30k-traubeneis-randm-tornado-30000-puffs\/\" \/>\n<meta property=\"og:site_name\" content=\"VapeMaison\" \/>\n<meta property=\"article:modified_time\" content=\"2026-01-09T08:59:53+00:00\" \/>\n<meta property=\"og:image\" content=\"https:\/\/vapemaison.com\/wp-content\/uploads\/2025\/12\/Fumot-30000-Grape-Ice-800x800-1.jpg\" \/>\n\t<meta property=\"og:image:width\" content=\"800\" \/>\n\t<meta property=\"og:image:height\" content=\"800\" \/>\n\t<meta property=\"og:image:type\" content=\"image\/jpeg\" \/>\n<meta name=\"twitter:card\" content=\"summary_large_image\" \/>\n<meta name=\"twitter:label1\" content=\"Gesch\u00e4tzte Lesezeit\" \/>\n\t<meta name=\"twitter:data1\" content=\"2\u00a0Minuten\" \/>\n<!-- \/ Yoast SEO plugin. -->","yoast_head_json":{"title":"Fumot Tornado 30k Traube Eis - Smart Vape 30K Puffs","description":"Entdecken Sie den Fumot Tornado 30k Grape Ice Vape - bis zu 30.000 Z\u00fcge, intelligente LED-Batterieanzeige, Bluetooth-Musikmodus und Grape Ice Geschmack.","robots":{"index":"index","follow":"follow","max-snippet":"max-snippet:-1","max-image-preview":"max-image-preview:large","max-video-preview":"max-video-preview:-1"},"canonical":"https:\/\/vapemaison.com\/de\/product\/fumot-tornado-30k-traubeneis-randm-tornado-30000-puffs\/","og_locale":"de_DE","og_type":"article","og_title":"Fumot Tornado 30k Grape Ice \u2013 Smart Vape 30K Puffs","og_description":"Discover the Fumot Tornado 30k Grape Ice Vape \u2013 up to 30,000 puffs, smart LED battery indicator, Bluetooth music mode, and Grape Ice flavour.","og_url":"https:\/\/vapemaison.com\/de\/product\/fumot-tornado-30k-traubeneis-randm-tornado-30000-puffs\/","og_site_name":"VapeMaison","article_modified_time":"2026-01-09T08:59:53+00:00","og_image":[{"width":800,"height":800,"url":"https:\/\/vapemaison.com\/wp-content\/uploads\/2025\/12\/Fumot-30000-Grape-Ice-800x800-1.jpg","type":"image\/jpeg"}],"twitter_card":"summary_large_image","twitter_misc":{"Gesch\u00e4tzte Lesezeit":"2\u00a0Minuten"},"schema":{"@context":"https:\/\/schema.org","@graph":[{"@type":"WebPage","@id":"https:\/\/vapemaison.com\/product\/fumot-tornado-30k-grape-ice-randm-tornado-30000-puffs\/","url":"https:\/\/vapemaison.com\/product\/fumot-tornado-30k-grape-ice-randm-tornado-30000-puffs\/","name":"Fumot Tornado 30k Traube Eis - Smart Vape 30K Puffs","isPartOf":{"@id":"https:\/\/vapemaison.com\/#website"},"primaryImageOfPage":{"@id":"https:\/\/vapemaison.com\/product\/fumot-tornado-30k-grape-ice-randm-tornado-30000-puffs\/#primaryimage"},"image":{"@id":"https:\/\/vapemaison.com\/product\/fumot-tornado-30k-grape-ice-randm-tornado-30000-puffs\/#primaryimage"},"thumbnailUrl":"https:\/\/vapemaison.com\/wp-content\/uploads\/2025\/12\/Fumot-30000-Grape-Ice-800x800-1.jpg","datePublished":"2025-12-22T03:14:21+00:00","dateModified":"2026-01-09T08:59:53+00:00","description":"Entdecken Sie den Fumot Tornado 30k Grape Ice Vape - bis zu 30.000 Z\u00fcge, intelligente LED-Batterieanzeige, Bluetooth-Musikmodus und Grape Ice Geschmack.","breadcrumb":{"@id":"https:\/\/vapemaison.com\/product\/fumot-tornado-30k-grape-ice-randm-tornado-30000-puffs\/#breadcrumb"},"inLanguage":"de","potentialAction":[{"@type":"ReadAction","target":["https:\/\/vapemaison.com\/product\/fumot-tornado-30k-grape-ice-randm-tornado-30000-puffs\/"]}]},{"@type":"ImageObject","inLanguage":"de","@id":"https:\/\/vapemaison.com\/product\/fumot-tornado-30k-grape-ice-randm-tornado-30000-puffs\/#primaryimage","url":"https:\/\/vapemaison.com\/wp-content\/uploads\/2025\/12\/Fumot-30000-Grape-Ice-800x800-1.jpg","contentUrl":"https:\/\/vapemaison.com\/wp-content\/uploads\/2025\/12\/Fumot-30000-Grape-Ice-800x800-1.jpg","width":800,"height":800,"caption":"Fumot-30000-Grape-Ice-800x800"},{"@type":"BreadcrumbList","@id":"https:\/\/vapemaison.com\/product\/fumot-tornado-30k-grape-ice-randm-tornado-30000-puffs\/#breadcrumb","itemListElement":[{"@type":"ListItem","position":1,"name":"\u9996\u9875","item":"https:\/\/vapemaison.com\/"},{"@type":"ListItem","position":2,"name":"Shop","item":"https:\/\/vapemaison.com\/shop\/"},{"@type":"ListItem","position":3,"name":"Fumot","item":"https:\/\/vapemaison.com\/brand\/fumot\/"},{"@type":"ListItem","position":4,"name":"Fumot Tornado 30k Grape Ice Randm Tornado 30000 Puffs"}]},{"@type":"WebSite","@id":"https:\/\/vapemaison.com\/#website","url":"https:\/\/vapemaison.com\/","name":"VapeMaison","description":"Premium Vaping-Ger\u00e4te und Zubeh\u00f6r","publisher":{"@id":"https:\/\/vapemaison.com\/#organization"},"potentialAction":[{"@type":"SearchAction","target":{"@type":"EntryPoint","urlTemplate":"https:\/\/vapemaison.com\/?s={search_term_string}"},"query-input":{"@type":"PropertyValueSpecification","valueRequired":true,"valueName":"search_term_string"}}],"inLanguage":"de"},{"@type":"Organization","@id":"https:\/\/vapemaison.com\/#organization","name":"VapeMaison","url":"https:\/\/vapemaison.com\/","logo":{"@type":"ImageObject","inLanguage":"de","@id":"https:\/\/vapemaison.com\/#\/schema\/logo\/image\/","url":"https:\/\/vapemaison.com\/wp-content\/uploads\/2026\/01\/cropped-vapemaison-logo-g-2026.webp","contentUrl":"https:\/\/vapemaison.com\/wp-content\/uploads\/2026\/01\/cropped-vapemaison-logo-g-2026.webp","width":350,"height":280,"caption":"VapeMaison"},"image":{"@id":"https:\/\/vapemaison.com\/#\/schema\/logo\/image\/"},"sameAs":["https:\/\/www.youtube.com\/@VapeMaison"]}]}},"tiered_pricing_type":"fixed","tiered_pricing_fixed_rules":{"30":"14.56","50":"13.63","100":"12.59","200":"11.21"},"tiered_pricing_product_settings":{"layout":"default","base_unit_name":{"singular":null,"plural":null},"default_variation":null},"tiered_pricing_minimum_quantity":10,"tiered_pricing_roles_data":[],"tiered_pricing_percentage_rules":[],"tiered_pricing_maximum_quantity":null,"tiered_pricing_quantity_step":"10","_links":{"self":[{"href":"https:\/\/vapemaison.com\/de\/wp-json\/wp\/v2\/product\/19378","targetHints":{"allow":["GET"]}}],"collection":[{"href":"https:\/\/vapemaison.com\/de\/wp-json\/wp\/v2\/product"}],"about":[{"href":"https:\/\/vapemaison.com\/de\/wp-json\/wp\/v2\/types\/product"}],"replies":[{"embeddable":true,"href":"https:\/\/vapemaison.com\/de\/wp-json\/wp\/v2\/comments?post=19378"}],"version-history":[{"count":0,"href":"https:\/\/vapemaison.com\/de\/wp-json\/wp\/v2\/product\/19378\/revisions"}],"wp:featuredmedia":[{"embeddable":true,"href":"https:\/\/vapemaison.com\/de\/wp-json\/wp\/v2\/media\/19743"}],"wp:attachment":[{"href":"https:\/\/vapemaison.com\/de\/wp-json\/wp\/v2\/media?parent=19378"}],"wp:term":[{"taxonomy":"product_brand","embeddable":true,"href":"https:\/\/vapemaison.com\/de\/wp-json\/wp\/v2\/product_brand?post=19378"},{"taxonomy":"product_cat","embeddable":true,"href":"https:\/\/vapemaison.com\/de\/wp-json\/wp\/v2\/product_cat?post=19378"},{"taxonomy":"product_tag","embeddable":true,"href":"https:\/\/vapemaison.com\/de\/wp-json\/wp\/v2\/product_tag?post=19378"}],"curies":[{"name":"wp","href":"https:\/\/api.w.org\/{rel}","templated":true}]}}