

{"id":20146,"date":"2025-12-22T08:00:11","date_gmt":"2025-12-22T08:00:11","guid":{"rendered":"https:\/\/vapemaison.com\/?post_type=product&#038;p=20146"},"modified":"2026-04-15T10:42:53","modified_gmt":"2026-04-15T10:42:53","slug":"waspe-fihp-40000-puffs-40k-einweg-vape-groshandel-kopie","status":"publish","type":"product","link":"https:\/\/vapemaison.com\/de\/product\/waspe-fihp-40000-puffs-40k-disposable-vape-wholesale-copy\/","title":{"rendered":"Waspe FIHP 40000 Puffs 40K Einweg Vape Gro\u00dfhandel"},"content":{"rendered":"<h3 class=\"wp-block-heading\"><strong>WASPE FIHP 40000 Puffs Disposable Vape - Dual Flavor, Dual Coil, Dual Power<\/strong><\/h3>\n\n\n\n<p>Die <strong><a href=\"https:\/\/vapemaison.com\/brand\/waspe\/\">WASPE<\/a> FIHP 40000 Puffs Einweg-Vape<\/strong> definiert Komfort und Leistung neu.<br>Mit <strong>bis zu 40.000 Z\u00fcge<\/strong>, <strong>Kapseln mit zwei Geschmacksrichtungen<\/strong>, und eine <strong>intelligente LED-Anzeige<\/strong>, Er wurde f\u00fcr Dampfer entwickelt, die Innovation und Zuverl\u00e4ssigkeit in einem schlanken Ger\u00e4t erwarten.<\/p>\n\n\n\n<p>Genie\u00dfen Sie <strong>zwei Geschmacksrichtungen in einem Vape<\/strong> - Drehen Sie einfach die D\u00fcse, um sofort zwischen den Pods zu wechseln. Jeder Pod liefert <strong>weicher, aromatischer Dampf<\/strong> angetrieben von <strong>Doppelte 0,9-\u03a9-Mesh-Spulen<\/strong>, und sorgt f\u00fcr dichte Wolken und einen gleichm\u00e4\u00dfigen Geschmack bei jedem Zug.<\/p>\n\n\n\n<p>Verpackt mit <strong>36mL erstklassige e-Fl\u00fcssigkeit<\/strong> und ein <strong>850mAh wiederaufladbare Batterie<\/strong>, Der WASPE FIHP 40000 bietet lang anhaltende Sitzungen ohne Unterbrechung.<br>Seine <strong>Typ-C-Schnellladung<\/strong> h\u00e4lt Sie mit Strom versorgt, w\u00e4hrend die <strong>LED-Bildschirm<\/strong> zeigt den Batterie- und Fl\u00fcssigkeitsstand in Echtzeit an und erm\u00f6glicht so eine m\u00fchelose Kontrolle.<\/p>\n\n\n\n<p>Verf\u00fcgbar in <strong>0%, 2% und 5% Nikotinst\u00e4rke<\/strong>, und <strong>16 verschiedene Geschmacksoptionen<\/strong>, Mit diesem Ger\u00e4t haben Sie die v\u00f6llige Freiheit, Ihr Dampferlebnis zu personalisieren - von sanft und fruchtig bis eisig und<\/p>\n\n\n\n<h2 class=\"wp-block-heading\">VASPE FIHP 40000 40K Einweg Vape Schnelle Details<\/h2>\n\n\n\n<ul class=\"wp-block-list\">\n<li>Zwei H\u00fclsen, zwei Geschmacksrichtungen<\/li>\n\n\n\n<li>Nikotinst\u00e4rke: 0%\/2%\/5%<\/li>\n\n\n\n<li>Puffs Deliers: 40000 Puffs<\/li>\n\n\n\n<li>E-Fl\u00fcssigkeit Kapazit\u00e4t: 36 mL<\/li>\n\n\n\n<li>Zwei 0,9 Ohm Mesh-Spulen f\u00fcr sanfte, geschmackvolle Z\u00fcge<\/li>\n\n\n\n<li>Typ-C Wiederaufladbar f\u00fcr schnelles Aufladen<\/li>\n\n\n\n<li>850mAh wiederaufladbare Batterie<\/li>\n\n\n\n<li>Intelligentes LED-Display zur Anzeige von Akkulaufzeit und Fl\u00fcssigkeitsstand<\/li>\n\n\n\n<li>16 Geschmacksrichtungen zur Auswahl<\/li>\n<\/ul>\n\n\n\n<h2 class=\"wp-block-heading\">Verf\u00fcgbare Geschmacksrichtungen<\/h2>\n\n\n\n<ol class=\"wp-block-list\">\n<li>Wassermeloneneis &amp; Zitrone-Limette<\/li>\n\n\n\n<li>Sprudel-Kirsch-Eis &amp; Blaubeer-Zuckerwatte<\/li>\n\n\n\n<li>Erdbeere Wassermelone &amp; Heidelbeere Himbeere<\/li>\n\n\n\n<li>Red Bull Ice &amp; Erdbeer-Mango<\/li>\n\n\n\n<li>Pfirsich Eis &amp; Ananas Mango Pfirsich<\/li>\n\n\n\n<li>Traubeneis &amp; Erdbeer-Kiwi<\/li>\n\n\n\n<li>Gemischte Beeren &amp; doppeltes Apfel-Eis<\/li>\n\n\n\n<li>Blue Razz Limonade &amp; Wassermelone Bubblegum<\/li>\n\n\n\n<li>Erdbeere-Himbeere-Kirsche &amp; Liebe 666<\/li>\n\n\n\n<li>Erdbeer-Banane-Ananas-Kokosnuss-Eis<\/li>\n\n\n\n<li>Erdbeere, Wassermelone, Kaugummi und gemischte Fr\u00fcchte<\/li>\n\n\n\n<li>Kirsch-Cola-Eis &amp; Erdbeer-Himbeer-Bonbon<\/li>\n\n\n\n<li>Saurer Apfel-Himbeer-Erdbeer-Big Bang<\/li>\n\n\n\n<li>Pfirsich Beere &amp; Wassermelone Mango Pfirsich<\/li>\n\n\n\n<li>Blaubeereis &amp; Schwarzer Drache Eis<\/li>\n\n\n\n<li>Erdbeere-Kirsche &amp; Kiwi-Passionsfrucht<\/li>\n\n\n\n<li>Gummib\u00e4rchen &amp; Erdbeer-Cola<\/li>\n\n\n\n<li>Bananen-Ananas-Eis &amp; Red Bull-Eis<\/li>\n\n\n\n<li>Red Bull Strawberry &amp; Blackcurrant Ice<\/li>\n\n\n\n<li>Dreifaches Meloneneis &amp; Himbeer-Wassermelone<\/li>\n<\/ol>\n\n\n\n<h2 class=\"wp-block-heading\">Details zur Verpackung<\/h2>\n\n\n\n<ul class=\"wp-block-list\">\n<li>Produktgewicht: 120g\/St\u00fcck<\/li>\n\n\n\n<li>Produktgr\u00f6\u00dfe: 61*31*115mm<\/li>\n\n\n\n<li>1PC\/ Einzelverpackung<\/li>\n\n\n\n<li>10PCS\/ Displaykarton<\/li>\n\n\n\n<li>Menge: 160 St\u00fcck\/ctn, 10 St\u00fcck\/Karton<\/li>\n\n\n\n<li>Gesamtgewicht: 20kg<\/li>\n<\/ul>\n\n\n\n<p>Entdecken Sie Premium Vaping bei <a href=\"https:\/\/vapemaison.com\/\">VapeMaison<\/a>, Ihr Ziel f\u00fcr Qualit\u00e4t und Innovation. Entdecken Sie unser komplettes Angebot auf der <a href=\"https:\/\/vapemaison.com\/shop\/\">Shop<\/a> Seite, oder besuchen Sie die beliebte <a href=\"https:\/\/vapemaison.com\/brand\/bang\/\">Bang<\/a> und <a href=\"https:\/\/vapemaison.com\/brand\/waspe\/\">WASPE<\/a> Produkte, die bei Vapern \u00fcberall beliebt sind. Suchen Sie nach mehr Optionen? Durchst\u00f6bere alle unsere <a href=\"https:\/\/vapemaison.com\/product-category\/puffs-count\/\">Puffs<\/a> Ger\u00e4te, um den perfekten Vape f\u00fcr Ihren Stil und Geschmack zu finden.<\/p>","protected":false},"excerpt":{"rendered":"<p>Der WASPE FIHP 40000 Puffs Vape kombiniert zwei Aromen, zwei Mesh-Coils und ein intelligentes LED-Display f\u00fcr ein Vaping-Erlebnis der Extraklasse. 36 ml E-Liquid, ein 850-mAh-Akku Typ-C und bis zu 40.000 Puffs sorgen f\u00fcr einen sanften, reichhaltigen Geschmack - jederzeit und \u00fcberall.<\/p>","protected":false},"featured_media":8212,"comment_status":"open","ping_status":"closed","template":"","meta":[],"product_brand":[59],"product_cat":[135,142],"product_tag":[],"class_list":{"0":"post-20146","1":"product","2":"type-product","3":"status-publish","4":"has-post-thumbnail","6":"product_brand-waspe","7":"product_cat-40k-puffs","8":"product_cat-eu-stock","10":"first","11":"instock","12":"sale","13":"shipping-taxable","14":"purchasable","15":"product-type-variable"},"yoast_head":"<!-- This site is optimized with the Yoast SEO plugin v27.4 - https:\/\/yoast.com\/product\/yoast-seo-wordpress\/ -->\n<title>WASPE FIHP 40000 Puffs Disposable Vape Dual-Flavor<\/title>\n<meta name=\"description\" content=\"Experience the WASPE FIHP 40000 Puffs Disposable Vape featuring dual flavors, LED display, and Type-C. Enjoy long-lasting performance\" \/>\n<meta name=\"robots\" content=\"index, follow, max-snippet:-1, max-image-preview:large, max-video-preview:-1\" \/>\n<link rel=\"canonical\" href=\"https:\/\/vapemaison.com\/de\/product\/waspe-fihp-40000-puffs-40k-einweg-vape-groshandel-kopie\/\" \/>\n<meta property=\"og:locale\" content=\"de_DE\" \/>\n<meta property=\"og:type\" content=\"article\" \/>\n<meta property=\"og:title\" content=\"WASPE FIHP 40000 Puffs Disposable Vape Dual-Flavor\" \/>\n<meta property=\"og:description\" content=\"Experience the WASPE FIHP 40000 Puffs Disposable Vape featuring dual flavors, LED display, and Type-C. Enjoy long-lasting performance\" \/>\n<meta property=\"og:url\" content=\"https:\/\/vapemaison.com\/de\/product\/waspe-fihp-40000-puffs-40k-einweg-vape-groshandel-kopie\/\" \/>\n<meta property=\"og:site_name\" content=\"VapeMaison\" \/>\n<meta property=\"article:modified_time\" content=\"2026-04-15T10:42:53+00:00\" \/>\n<meta property=\"og:image\" content=\"https:\/\/vapemaison.com\/wp-content\/uploads\/2025\/10\/WASPE-FIHP-40000-Puffs-40K-Disposable-Vape-Wholesale.png\" \/>\n\t<meta property=\"og:image:width\" content=\"1200\" \/>\n\t<meta property=\"og:image:height\" content=\"1200\" \/>\n\t<meta property=\"og:image:type\" content=\"image\/png\" \/>\n<meta name=\"twitter:card\" content=\"summary_large_image\" \/>\n<meta name=\"twitter:label1\" content=\"Gesch\u00e4tzte Lesezeit\" \/>\n\t<meta name=\"twitter:data1\" content=\"2\u00a0Minuten\" \/>\n<!-- \/ Yoast SEO plugin. -->","yoast_head_json":{"title":"WASPE FIHP 40000 Puffs Einweg Vape Dual-Flavor","description":"Erleben Sie den WASPE FIHP 40000 Puffs Disposable Vape mit zwei Geschmacksrichtungen, LED-Anzeige und Type-C. Genie\u00dfen Sie lang anhaltende Leistung","robots":{"index":"index","follow":"follow","max-snippet":"max-snippet:-1","max-image-preview":"max-image-preview:large","max-video-preview":"max-video-preview:-1"},"canonical":"https:\/\/vapemaison.com\/de\/product\/waspe-fihp-40000-puffs-40k-einweg-vape-groshandel-kopie\/","og_locale":"de_DE","og_type":"article","og_title":"WASPE FIHP 40000 Puffs Disposable Vape Dual-Flavor","og_description":"Experience the WASPE FIHP 40000 Puffs Disposable Vape featuring dual flavors, LED display, and Type-C. Enjoy long-lasting performance","og_url":"https:\/\/vapemaison.com\/de\/product\/waspe-fihp-40000-puffs-40k-einweg-vape-groshandel-kopie\/","og_site_name":"VapeMaison","article_modified_time":"2026-04-15T10:42:53+00:00","og_image":[{"width":1200,"height":1200,"url":"https:\/\/vapemaison.com\/wp-content\/uploads\/2025\/10\/WASPE-FIHP-40000-Puffs-40K-Disposable-Vape-Wholesale.png","type":"image\/png"}],"twitter_card":"summary_large_image","twitter_misc":{"Gesch\u00e4tzte Lesezeit":"2\u00a0Minuten"},"schema":{"@context":"https:\/\/schema.org","@graph":[{"@type":"WebPage","@id":"https:\/\/vapemaison.com\/product\/waspe-fihp-40000-puffs-40k-disposable-vape-wholesale-copy\/","url":"https:\/\/vapemaison.com\/product\/waspe-fihp-40000-puffs-40k-disposable-vape-wholesale-copy\/","name":"WASPE FIHP 40000 Puffs Einweg Vape Dual-Flavor","isPartOf":{"@id":"https:\/\/vapemaison.com\/#website"},"primaryImageOfPage":{"@id":"https:\/\/vapemaison.com\/product\/waspe-fihp-40000-puffs-40k-disposable-vape-wholesale-copy\/#primaryimage"},"image":{"@id":"https:\/\/vapemaison.com\/product\/waspe-fihp-40000-puffs-40k-disposable-vape-wholesale-copy\/#primaryimage"},"thumbnailUrl":"https:\/\/vapemaison.com\/wp-content\/uploads\/2025\/10\/WASPE-FIHP-40000-Puffs-40K-Disposable-Vape-Wholesale.png","datePublished":"2025-12-22T08:00:11+00:00","dateModified":"2026-04-15T10:42:53+00:00","description":"Erleben Sie den WASPE FIHP 40000 Puffs Disposable Vape mit zwei Geschmacksrichtungen, LED-Anzeige und Type-C. Genie\u00dfen Sie lang anhaltende Leistung","breadcrumb":{"@id":"https:\/\/vapemaison.com\/product\/waspe-fihp-40000-puffs-40k-disposable-vape-wholesale-copy\/#breadcrumb"},"inLanguage":"de","potentialAction":[{"@type":"ReadAction","target":["https:\/\/vapemaison.com\/product\/waspe-fihp-40000-puffs-40k-disposable-vape-wholesale-copy\/"]}]},{"@type":"ImageObject","inLanguage":"de","@id":"https:\/\/vapemaison.com\/product\/waspe-fihp-40000-puffs-40k-disposable-vape-wholesale-copy\/#primaryimage","url":"https:\/\/vapemaison.com\/wp-content\/uploads\/2025\/10\/WASPE-FIHP-40000-Puffs-40K-Disposable-Vape-Wholesale.png","contentUrl":"https:\/\/vapemaison.com\/wp-content\/uploads\/2025\/10\/WASPE-FIHP-40000-Puffs-40K-Disposable-Vape-Wholesale.png","width":1200,"height":1200,"caption":"WASPE-FIHP-40000-Puffs-40K-Disposable-Vape-Wholesale"},{"@type":"BreadcrumbList","@id":"https:\/\/vapemaison.com\/product\/waspe-fihp-40000-puffs-40k-disposable-vape-wholesale-copy\/#breadcrumb","itemListElement":[{"@type":"ListItem","position":1,"name":"\u9996\u9875","item":"https:\/\/vapemaison.com\/"},{"@type":"ListItem","position":2,"name":"Shop","item":"https:\/\/vapemaison.com\/shop\/"},{"@type":"ListItem","position":3,"name":"Waspe","item":"https:\/\/vapemaison.com\/brand\/waspe\/"},{"@type":"ListItem","position":4,"name":"Waspe FIHP 40000 Puffs 40K Disposable Vape Wholesale"}]},{"@type":"WebSite","@id":"https:\/\/vapemaison.com\/#website","url":"https:\/\/vapemaison.com\/","name":"VapeMaison","description":"Premium Vaping-Ger\u00e4te und Zubeh\u00f6r","publisher":{"@id":"https:\/\/vapemaison.com\/#organization"},"potentialAction":[{"@type":"SearchAction","target":{"@type":"EntryPoint","urlTemplate":"https:\/\/vapemaison.com\/?s={search_term_string}"},"query-input":{"@type":"PropertyValueSpecification","valueRequired":true,"valueName":"search_term_string"}}],"inLanguage":"de"},{"@type":"Organization","@id":"https:\/\/vapemaison.com\/#organization","name":"VapeMaison","url":"https:\/\/vapemaison.com\/","logo":{"@type":"ImageObject","inLanguage":"de","@id":"https:\/\/vapemaison.com\/#\/schema\/logo\/image\/","url":"https:\/\/vapemaison.com\/wp-content\/uploads\/2026\/01\/cropped-vapemaison-logo-g-2026.webp","contentUrl":"https:\/\/vapemaison.com\/wp-content\/uploads\/2026\/01\/cropped-vapemaison-logo-g-2026.webp","width":350,"height":280,"caption":"VapeMaison"},"image":{"@id":"https:\/\/vapemaison.com\/#\/schema\/logo\/image\/"},"sameAs":["https:\/\/www.youtube.com\/@VapeMaison"]}]}},"tiered_pricing_type":"fixed","tiered_pricing_fixed_rules":{"30":"11.63","50":"10.99","100":"10.69","200":"9.99"},"tiered_pricing_product_settings":{"layout":"default","base_unit_name":{"singular":null,"plural":null},"default_variation":null},"tiered_pricing_minimum_quantity":10,"tiered_pricing_roles_data":[],"tiered_pricing_percentage_rules":[],"tiered_pricing_maximum_quantity":null,"tiered_pricing_quantity_step":"10","_links":{"self":[{"href":"https:\/\/vapemaison.com\/de\/wp-json\/wp\/v2\/product\/20146","targetHints":{"allow":["GET"]}}],"collection":[{"href":"https:\/\/vapemaison.com\/de\/wp-json\/wp\/v2\/product"}],"about":[{"href":"https:\/\/vapemaison.com\/de\/wp-json\/wp\/v2\/types\/product"}],"replies":[{"embeddable":true,"href":"https:\/\/vapemaison.com\/de\/wp-json\/wp\/v2\/comments?post=20146"}],"version-history":[{"count":1,"href":"https:\/\/vapemaison.com\/de\/wp-json\/wp\/v2\/product\/20146\/revisions"}],"predecessor-version":[{"id":27179,"href":"https:\/\/vapemaison.com\/de\/wp-json\/wp\/v2\/product\/20146\/revisions\/27179"}],"wp:featuredmedia":[{"embeddable":true,"href":"https:\/\/vapemaison.com\/de\/wp-json\/wp\/v2\/media\/8212"}],"wp:attachment":[{"href":"https:\/\/vapemaison.com\/de\/wp-json\/wp\/v2\/media?parent=20146"}],"wp:term":[{"taxonomy":"product_brand","embeddable":true,"href":"https:\/\/vapemaison.com\/de\/wp-json\/wp\/v2\/product_brand?post=20146"},{"taxonomy":"product_cat","embeddable":true,"href":"https:\/\/vapemaison.com\/de\/wp-json\/wp\/v2\/product_cat?post=20146"},{"taxonomy":"product_tag","embeddable":true,"href":"https:\/\/vapemaison.com\/de\/wp-json\/wp\/v2\/product_tag?post=20146"}],"curies":[{"name":"wp","href":"https:\/\/api.w.org\/{rel}","templated":true}]}}