

{"id":20167,"date":"2025-12-22T08:00:15","date_gmt":"2025-12-22T08:00:15","guid":{"rendered":"https:\/\/vapemaison.com\/?post_type=product&#038;p=20167"},"modified":"2026-02-23T15:52:57","modified_gmt":"2026-02-23T15:52:57","slug":"waspe-40000-kristall-40k-vape","status":"publish","type":"product","link":"https:\/\/vapemaison.com\/de\/product\/waspe-40000-crystal-40k-vape\/","title":{"rendered":"Waspe 40000 | Crystal 40k Vape"},"content":{"rendered":"<p>Die <strong>Waspe 40000<\/strong> ist f\u00fcr eine lang anhaltende Leistung und einen sauberen, gleichbleibenden Geschmack ausgelegt. Bietet bis zu <strong data-start=\"275\" data-end=\"291\">40k Puffs<\/strong>, Mit zwei eingebauten Aromen und einem wiederaufladbaren System bietet er ein zuverl\u00e4ssiges, leistungsstarkes Dampferlebnis in kompakter Form.<\/p>\n\n\n\n<p>Mit 32mL e-Fl\u00fcssigkeit und einem 0,9\u03a9 + 0,9\u03a9 Mesh Dual-Coil-Struktur, die Crystal 40k produziert glatte, reiche Dampf vom ersten Zug bis zum letzten. Der Typ-C-Ladeanschluss sorgt daf\u00fcr, dass das Ger\u00e4t auch bei l\u00e4ngerem Gebrauch mit Strom versorgt wird, was es ideal f\u00fcr t\u00e4gliches und intensives Dampfen macht.<\/p>\n\n\n\n<p>Verf\u00fcgbar in <strong data-start=\"700\" data-end=\"727\">0%, 2% und 5% Nikotin<\/strong>, Dieses Ger\u00e4t ist sowohl f\u00fcr Anf\u00e4nger als auch f\u00fcr erfahrene Benutzer geeignet.<\/p>\n\n\n\n<h3 class=\"wp-block-heading\"><strong data-start=\"794\" data-end=\"810\">Wesentliche Merkmale<\/strong><\/h3>\n\n\n\n<ul class=\"wp-block-list\">\n<li><p data-start=\"814\" data-end=\"884\"><strong data-start=\"814\" data-end=\"830\">40.000 Puffs<\/strong> - Gebaut f\u00fcr den Langzeitgebrauch mit stabiler Dampfabgabe.<\/p><\/li>\n\n\n\n<li><p data-start=\"887\" data-end=\"964\"><strong data-start=\"887\" data-end=\"909\">Dual Flavor Design<\/strong> - Wechseln Sie zwischen zwei verschiedenen Geschmacksrichtungen in einem Ger\u00e4t.<\/p><\/li>\n\n\n\n<li><p data-start=\"967\" data-end=\"1034\"><strong data-start=\"967\" data-end=\"993\">32mL E-Fl\u00fcssigkeit Kapazit\u00e4t<\/strong> - Unterst\u00fctzt die verl\u00e4ngerte Lebensdauer von Puffs.<\/p><\/li>\n\n\n\n<li><p data-start=\"1037\" data-end=\"1111\"><strong data-start=\"1037\" data-end=\"1063\">0,9\u03a9 + 0,9\u03a9 Maschenspulen<\/strong> - Verbesserte Geschmacksklarheit und gleichm\u00e4\u00dfiger Luftstrom.<\/p><\/li>\n\n\n\n<li><p data-start=\"1114\" data-end=\"1168\"><strong data-start=\"1114\" data-end=\"1137\">Typ-C Wiederaufladbar<\/strong> - Schnelles, bequemes Aufladen.<\/p><\/li>\n\n\n\n<li><p data-start=\"1171\" data-end=\"1236\"><strong data-start=\"1171\" data-end=\"1191\">Nikotin-Optionen<\/strong> - 0%, 2%, 5%, um verschiedenen Vorlieben gerecht zu werden.<\/p><\/li>\n\n\n\n<li><p data-start=\"1239\" data-end=\"1304\"><strong data-start=\"1239\" data-end=\"1257\">Tragbares Geb\u00e4ude<\/strong> - Leichtes Gewicht von 105 g f\u00fcr die einfache Verwendung unterwegs.<\/p><\/li>\n<\/ul>\n\n\n\n<h3 class=\"wp-block-heading\"><strong data-start=\"1492\" data-end=\"1509\">F\u00fcr wen ist es gedacht?<\/strong><\/h3>\n\n\n\n<ul class=\"wp-block-list\">\n<li>Langzeitdampfer, die eine l\u00e4ngere Nutzung ohne h\u00e4ufiges Auswechseln w\u00fcnschen<\/li>\n\n\n\n<li>Vaper, die gerne mit verschiedenen Geschmacksrichtungen experimentieren<\/li>\n\n\n\n<li>Diejenigen, die schnelles, problemloses Laden mit Typ-C ben\u00f6tigen<\/li>\n<\/ul>\n\n\n\n<p>Lassen Sie die <strong data-start=\"1706\" data-end=\"1743\">Waspe Crystal 40k Einweg Vape<\/strong> ist Ihre erste Wahl f\u00fcr langanhaltendes Dampfvergn\u00fcgen und bietet sanften, befriedigenden Dampf, der perfekt f\u00fcr den t\u00e4glichen Gebrauch ist!<\/p>\n\n\n\n<p>Entdecken Sie Premium Vaping bei <a href=\"https:\/\/vapemaison.com\/\">VapeMaison<\/a>, Ihr Ziel f\u00fcr Qualit\u00e4t und Innovation. Entdecken Sie unser komplettes Angebot auf der <a href=\"https:\/\/vapemaison.com\/shop\/\">Shop<\/a> Seite, oder besuchen Sie die beliebte <a href=\"https:\/\/vapemaison.com\/brand\/bang\/\">Bang<\/a> und <a href=\"https:\/\/vapemaison.com\/brand\/waspe\/\">WASPE<\/a> Produkte, die bei Vapern \u00fcberall beliebt sind. Suchen Sie nach mehr Optionen? Durchst\u00f6bere alle unsere <a href=\"https:\/\/vapemaison.com\/product-category\/puffs-count\/\">Puffs<\/a> Ger\u00e4te, um den perfekten Vape f\u00fcr Ihren Stil und Geschmack zu finden.<\/p>\n\n\n\n<p><\/p>","protected":false},"excerpt":{"rendered":"<p>The Waspe 40000 is designed for long-lasting performance and clean, consistent flavor. Offering up to 40k puffs, dual built-in flavors, and a rechargeable system, it delivers a reliable, high-capacity vaping experience in a compact form. With 32mL of e-liquid and a 0.9\u03a9 + 0.9\u03a9 mesh dual-coil structure, the Crystal 40k produces smooth, rich vapor from [&hellip;]<\/p>\n","protected":false},"featured_media":7304,"comment_status":"open","ping_status":"closed","template":"","meta":[],"product_brand":[59],"product_cat":[135],"product_tag":[],"class_list":{"0":"post-20167","1":"product","2":"type-product","3":"status-publish","4":"has-post-thumbnail","6":"product_brand-waspe","7":"product_cat-40k-puffs","9":"first","10":"instock","11":"sale","12":"shipping-taxable","13":"purchasable","14":"product-type-variable"},"yoast_head":"<!-- This site is optimized with the Yoast SEO plugin v27.4 - https:\/\/yoast.com\/product\/yoast-seo-wordpress\/ -->\n<title>Waspe 40000 | Waspe Crystal 40k Vape<\/title>\n<meta name=\"description\" content=\"Discover the Waspe 40000 Disposable Vape with 40k puffs, dual flavors, and Type-C rechargeable design. Perfect for long-lasting satisfaction.\" \/>\n<meta name=\"robots\" content=\"index, follow, max-snippet:-1, max-image-preview:large, max-video-preview:-1\" \/>\n<link rel=\"canonical\" href=\"https:\/\/vapemaison.com\/de\/product\/waspe-40000-kristall-40k-vape\/\" \/>\n<meta property=\"og:locale\" content=\"de_DE\" \/>\n<meta property=\"og:type\" content=\"article\" \/>\n<meta property=\"og:title\" content=\"Waspe 40000 | Waspe Crystal 40k Vape\" \/>\n<meta property=\"og:description\" content=\"Discover the Waspe 40000 Disposable Vape with 40k puffs, dual flavors, and Type-C rechargeable design. Perfect for long-lasting satisfaction.\" \/>\n<meta property=\"og:url\" content=\"https:\/\/vapemaison.com\/de\/product\/waspe-40000-kristall-40k-vape\/\" \/>\n<meta property=\"og:site_name\" content=\"VapeMaison\" \/>\n<meta property=\"article:modified_time\" content=\"2026-02-23T15:52:57+00:00\" \/>\n<meta property=\"og:image\" content=\"https:\/\/vapemaison.com\/wp-content\/uploads\/2025\/10\/40000.jpg\" \/>\n\t<meta property=\"og:image:width\" content=\"1600\" \/>\n\t<meta property=\"og:image:height\" content=\"1600\" \/>\n\t<meta property=\"og:image:type\" content=\"image\/jpeg\" \/>\n<meta name=\"twitter:card\" content=\"summary_large_image\" \/>\n<meta name=\"twitter:label1\" content=\"Gesch\u00e4tzte Lesezeit\" \/>\n\t<meta name=\"twitter:data1\" content=\"2\u00a0Minuten\" \/>\n<!-- \/ Yoast SEO plugin. -->","yoast_head_json":{"title":"Waspe 40000 | Waspe Crystal 40k Vape","description":"Entdecken Sie den Waspe 40000 Disposable Vape mit 40k Puffs, zwei Geschmacksrichtungen und einem wiederaufladbaren Typ-C-Design. Perfekt f\u00fcr lang anhaltende Zufriedenheit.","robots":{"index":"index","follow":"follow","max-snippet":"max-snippet:-1","max-image-preview":"max-image-preview:large","max-video-preview":"max-video-preview:-1"},"canonical":"https:\/\/vapemaison.com\/de\/product\/waspe-40000-kristall-40k-vape\/","og_locale":"de_DE","og_type":"article","og_title":"Waspe 40000 | Waspe Crystal 40k Vape","og_description":"Discover the Waspe 40000 Disposable Vape with 40k puffs, dual flavors, and Type-C rechargeable design. Perfect for long-lasting satisfaction.","og_url":"https:\/\/vapemaison.com\/de\/product\/waspe-40000-kristall-40k-vape\/","og_site_name":"VapeMaison","article_modified_time":"2026-02-23T15:52:57+00:00","og_image":[{"width":1600,"height":1600,"url":"https:\/\/vapemaison.com\/wp-content\/uploads\/2025\/10\/40000.jpg","type":"image\/jpeg"}],"twitter_card":"summary_large_image","twitter_misc":{"Gesch\u00e4tzte Lesezeit":"2\u00a0Minuten"},"schema":{"@context":"https:\/\/schema.org","@graph":[{"@type":"WebPage","@id":"https:\/\/vapemaison.com\/product\/waspe-40000-crystal-40k-vape\/","url":"https:\/\/vapemaison.com\/product\/waspe-40000-crystal-40k-vape\/","name":"Waspe 40000 | Waspe Crystal 40k Vape","isPartOf":{"@id":"https:\/\/vapemaison.com\/#website"},"primaryImageOfPage":{"@id":"https:\/\/vapemaison.com\/product\/waspe-40000-crystal-40k-vape\/#primaryimage"},"image":{"@id":"https:\/\/vapemaison.com\/product\/waspe-40000-crystal-40k-vape\/#primaryimage"},"thumbnailUrl":"https:\/\/vapemaison.com\/wp-content\/uploads\/2025\/10\/40000.jpg","datePublished":"2025-12-22T08:00:15+00:00","dateModified":"2026-02-23T15:52:57+00:00","description":"Entdecken Sie den Waspe 40000 Disposable Vape mit 40k Puffs, zwei Geschmacksrichtungen und einem wiederaufladbaren Typ-C-Design. Perfekt f\u00fcr lang anhaltende Zufriedenheit.","breadcrumb":{"@id":"https:\/\/vapemaison.com\/product\/waspe-40000-crystal-40k-vape\/#breadcrumb"},"inLanguage":"de","potentialAction":[{"@type":"ReadAction","target":["https:\/\/vapemaison.com\/product\/waspe-40000-crystal-40k-vape\/"]}]},{"@type":"ImageObject","inLanguage":"de","@id":"https:\/\/vapemaison.com\/product\/waspe-40000-crystal-40k-vape\/#primaryimage","url":"https:\/\/vapemaison.com\/wp-content\/uploads\/2025\/10\/40000.jpg","contentUrl":"https:\/\/vapemaison.com\/wp-content\/uploads\/2025\/10\/40000.jpg","width":1600,"height":1600},{"@type":"BreadcrumbList","@id":"https:\/\/vapemaison.com\/product\/waspe-40000-crystal-40k-vape\/#breadcrumb","itemListElement":[{"@type":"ListItem","position":1,"name":"\u9996\u9875","item":"https:\/\/vapemaison.com\/"},{"@type":"ListItem","position":2,"name":"Shop","item":"https:\/\/vapemaison.com\/shop\/"},{"@type":"ListItem","position":3,"name":"Waspe","item":"https:\/\/vapemaison.com\/brand\/waspe\/"},{"@type":"ListItem","position":4,"name":"Waspe 40000 | Crystal 40k Vape"}]},{"@type":"WebSite","@id":"https:\/\/vapemaison.com\/#website","url":"https:\/\/vapemaison.com\/","name":"VapeMaison","description":"Premium Vaping-Ger\u00e4te und Zubeh\u00f6r","publisher":{"@id":"https:\/\/vapemaison.com\/#organization"},"potentialAction":[{"@type":"SearchAction","target":{"@type":"EntryPoint","urlTemplate":"https:\/\/vapemaison.com\/?s={search_term_string}"},"query-input":{"@type":"PropertyValueSpecification","valueRequired":true,"valueName":"search_term_string"}}],"inLanguage":"de"},{"@type":"Organization","@id":"https:\/\/vapemaison.com\/#organization","name":"VapeMaison","url":"https:\/\/vapemaison.com\/","logo":{"@type":"ImageObject","inLanguage":"de","@id":"https:\/\/vapemaison.com\/#\/schema\/logo\/image\/","url":"https:\/\/vapemaison.com\/wp-content\/uploads\/2026\/01\/cropped-vapemaison-logo-g-2026.webp","contentUrl":"https:\/\/vapemaison.com\/wp-content\/uploads\/2026\/01\/cropped-vapemaison-logo-g-2026.webp","width":350,"height":280,"caption":"VapeMaison"},"image":{"@id":"https:\/\/vapemaison.com\/#\/schema\/logo\/image\/"},"sameAs":["https:\/\/www.youtube.com\/@VapeMaison"]}]}},"tiered_pricing_type":"fixed","tiered_pricing_fixed_rules":{"30":"11.99","50":"11.29","100":"10.56","200":"9.98"},"tiered_pricing_product_settings":{"layout":"default","base_unit_name":{"singular":null,"plural":null},"default_variation":null},"tiered_pricing_minimum_quantity":10,"tiered_pricing_roles_data":[],"tiered_pricing_percentage_rules":[],"tiered_pricing_maximum_quantity":null,"tiered_pricing_quantity_step":"10","_links":{"self":[{"href":"https:\/\/vapemaison.com\/de\/wp-json\/wp\/v2\/product\/20167","targetHints":{"allow":["GET"]}}],"collection":[{"href":"https:\/\/vapemaison.com\/de\/wp-json\/wp\/v2\/product"}],"about":[{"href":"https:\/\/vapemaison.com\/de\/wp-json\/wp\/v2\/types\/product"}],"replies":[{"embeddable":true,"href":"https:\/\/vapemaison.com\/de\/wp-json\/wp\/v2\/comments?post=20167"}],"version-history":[{"count":1,"href":"https:\/\/vapemaison.com\/de\/wp-json\/wp\/v2\/product\/20167\/revisions"}],"predecessor-version":[{"id":27178,"href":"https:\/\/vapemaison.com\/de\/wp-json\/wp\/v2\/product\/20167\/revisions\/27178"}],"wp:featuredmedia":[{"embeddable":true,"href":"https:\/\/vapemaison.com\/de\/wp-json\/wp\/v2\/media\/7304"}],"wp:attachment":[{"href":"https:\/\/vapemaison.com\/de\/wp-json\/wp\/v2\/media?parent=20167"}],"wp:term":[{"taxonomy":"product_brand","embeddable":true,"href":"https:\/\/vapemaison.com\/de\/wp-json\/wp\/v2\/product_brand?post=20167"},{"taxonomy":"product_cat","embeddable":true,"href":"https:\/\/vapemaison.com\/de\/wp-json\/wp\/v2\/product_cat?post=20167"},{"taxonomy":"product_tag","embeddable":true,"href":"https:\/\/vapemaison.com\/de\/wp-json\/wp\/v2\/product_tag?post=20167"}],"curies":[{"name":"wp","href":"https:\/\/api.w.org\/{rel}","templated":true}]}}