

{"id":20204,"date":"2025-12-22T08:00:18","date_gmt":"2025-12-22T08:00:18","guid":{"rendered":"https:\/\/vapemaison.com\/?post_type=product&#038;p=20204"},"modified":"2026-03-23T19:54:01","modified_gmt":"2026-03-23T19:54:01","slug":"waspe-100k-puffs-wegwerfbares-vape-niedriges-nikotin","status":"publish","type":"product","link":"https:\/\/vapemaison.com\/de\/product\/waspe-100k-puffs-disposable-vape-low-nicotine\/","title":{"rendered":"WASPE 100k Puffs Einweg Vape Low Nikotin"},"content":{"rendered":"<p>Erleben Sie vier Geschmacksrichtungen in einem einzigen leistungsstarken Ger\u00e4t. Die <strong>WASPE 4-in-1 Geschmacksrichtung 100000 Puffs<\/strong> wurde f\u00fcr Dampfer entwickelt, die eine lange Lebensdauer, starke Leistung und einen sofortigen Geschmackswechsel w\u00fcnschen. Mit bis zu <strong>100.000 Z\u00fcge<\/strong>, a <strong>wiederaufladbares System<\/strong>, und eine <strong>Vierfach-Geschmacksw\u00e4hler<\/strong>, Dieses Ger\u00e4t bietet maximalen Komfort, ohne mehrere Vapes mit sich f\u00fchren zu m\u00fcssen.<\/p>\n\n\n\n<p>Verf\u00fcgbar f\u00fcr <strong>Gro\u00dfhandel und Gro\u00dfauftr\u00e4ge<\/strong> \u00fcber Gleevape, dem Einzelh\u00e4ndler und Distributoren in ganz Europa vertrauen.<\/p>\n\n\n\n<p>Das Ger\u00e4t verf\u00fcgt \u00fcber eine <strong>4-Aromen-Schalter-System<\/strong>, So k\u00f6nnen Sie jederzeit zwischen vier vorinstallierten Geschmacksrichtungen wechseln, ohne dass H\u00fclsen oder Nachf\u00fcllpackungen erforderlich sind. Gebaut f\u00fcr ultralange Nutzung, liefert er bis zu <strong>100k Puffs<\/strong> mit stabiler Dampfentwicklung vom ersten bis zum letzten Zug. Angetrieben von einem <strong>650mAh wiederaufladbare Batterie<\/strong> mit schneller Typ-C-Ladung sorgt er f\u00fcr kontinuierliche Leistung, w\u00e4hrend der <strong>1.0\u03a9 Quad Mesh Spulen<\/strong> bieten ein reichhaltiges Aroma, weiche Kehlkopfschl\u00e4ge und dichten Dampf. Mit einer gro\u00dfz\u00fcgigen <strong>56mL Gesamtkapazit\u00e4t f\u00fcr e-Fl\u00fcssigkeit<\/strong> und mehreren Nikotinoptionen (0%, 2% oder 5%) erf\u00fcllt dieser Vape sowohl die pers\u00f6nlichen als auch die Marktbed\u00fcrfnisse. Die kompakte Verpackung ist auch ideal f\u00fcr den Gro\u00dfhandel, Gro\u00dflieferungen und Einzelhandelsauslagen.<\/p>\n\n\n\n<h3 class=\"wp-block-heading\"><strong>Warum Einzelh\u00e4ndler sich f\u00fcr WASPE 4-in-1 entscheiden<\/strong><\/h3>\n\n\n\n<ul class=\"wp-block-list\">\n<li>Besserer Wert pro Ger\u00e4t<\/li>\n\n\n\n<li>Hohe Wiederkaufsrate der Kunden<\/li>\n\n\n\n<li>Vier Geschmacksrichtungen in einer = niedriger SKU-Druck<\/li>\n\n\n\n<li>Perfekt f\u00fcr Gesch\u00e4fte, Kioske und Online-Vape-Shops<\/li>\n<\/ul>\n\n\n\n<h3 class=\"wp-block-heading\"><strong>WASPE 4-in-1-Geschmackssets<\/strong><\/h3>\n\n\n\n<p>W\u00e4hlen Sie aus 12 kuratierten Geschmackskombinationen, die jeweils vier einzigartige Mischungen bieten:<\/p>\n\n\n\n<ol class=\"wp-block-list\">\n<li>Wassermelone Eis \/ Erdbeere Kiwi \/ Himbeere Wassermelone \/ Zitrone Limette<\/li>\n\n\n\n<li>Erdbeer-Wassermelone \/ Mr. Blue \/ Traubeneis \/ Regenbogenbonbon<\/li>\n\n\n\n<li>Red Bull Ice \/ Banana Ice \/ Ananas-Kokosnuss Ice \/ Triple Mango Ice<\/li>\n\n\n\n<li>Erdbeer-Himbeer-Kirsche \/ Crazy Cherry Ice \/ Blue Cherry Ice \/ Cola Ice<\/li>\n\n\n\n<li>Erdbeer-Banane \/ Erdbeer-Red Bull \/ Erdbeer-Mango \/ Pinke Limonade<\/li>\n\n\n\n<li>Blaubeereis \/ Schwarzer Ritter \/ Erdbeereis \/ Erdbeer-Wassermelone<\/li>\n\n\n\n<li>Cherry Cola Ice \/ Strawberry Cherry Ice \/ Strawberry Cola Ice \/ Strawberry Watermelon Bubblegum<\/li>\n\n\n\n<li>Saftiges Pfirsicheis \/ Tropische Fr\u00fcchte \/ Fruit Blast \/ Pfirsichbeere<\/li>\n\n\n\n<li>Traubeneis \/ Erdbeer-Kiwi \/ Erdbeer-Himbeer-Kirsche \/ Schwarzer Ritter<\/li>\n\n\n\n<li>Gemischte Beeren \/ Doppeltes Apfel-Eis \/ Heidelbeer-Himbeer \/ Heidelbeer-Honig<\/li>\n\n\n\n<li>Strawberry Red Bull \/ Strawberry Watermelon Bubblegum \/ Red Bull Ice \/ Cherry Cola Ice<\/li>\n\n\n\n<li>Heidelbeere-Himbeere \/ Heidelbeer-Limonade \/ Gemischte Beeren \/ Trauben-Honig-Eis<\/li>\n<\/ol>\n\n\n\n<h2 class=\"wp-block-heading\"><strong>Spezifikationen<\/strong><\/h2>\n\n\n\n<ul class=\"wp-block-list\">\n<li><strong>Nikotinst\u00e4rke:<\/strong> 0% \/ 2% \/ 5%<\/li>\n\n\n\n<li><strong>Batterie:<\/strong> 650mAh (wiederaufladbar)<\/li>\n\n\n\n<li><strong>Spule:<\/strong> 1.0\u03a9 Vierfach-Masche<\/li>\n\n\n\n<li><strong>Anschluss zum Aufladen:<\/strong> Typ-C<\/li>\n\n\n\n<li><strong>E-Fl\u00fcssigkeit Volumen:<\/strong> 56mL<\/li>\n\n\n\n<li><strong>Gr\u00f6\u00dfe des Ger\u00e4ts:<\/strong> 47 \u00d7 47 \u00d7 118 mm<\/li>\n\n\n\n<li><strong>Gewicht:<\/strong> 142g<\/li>\n\n\n\n<li><strong>Verpackung:<\/strong> 10 Ger\u00e4te\/Kasten; 160 Ger\u00e4te\/Karton<\/li>\n\n\n\n<li><strong>Bruttogewicht\/Karton:<\/strong> 23kg<\/li>\n<\/ul>\n\n\n\n<p>Entdecken Sie Premium Vaping bei <a href=\"https:\/\/vapemaison.com\/\">VapeMaison<\/a>, Ihr Ziel f\u00fcr Qualit\u00e4t und Innovation. Entdecken Sie unser komplettes Angebot auf der <a href=\"https:\/\/vapemaison.com\/shop\/\">Shop<\/a> Seite, oder besuchen Sie die beliebte <a href=\"https:\/\/vapemaison.com\/brand\/bang\/\">Bang<\/a> und <a href=\"https:\/\/vapemaison.com\/brand\/waspe\/\">WASPE<\/a> Produkte, die bei Vapern \u00fcberall beliebt sind. Suchen Sie nach mehr Optionen? Durchst\u00f6bere alle unsere <a href=\"https:\/\/vapemaison.com\/product-category\/puffs-count\/\">Puffs<\/a> Ger\u00e4te, um den perfekten Vape f\u00fcr Ihren Stil und Geschmack zu finden, oder sehen Sie sich die beliebten <strong><a href=\"https:\/\/vapemaison.com\/product-category\/hot-series\/\">meistverkaufte<\/a><\/strong> Sammlungen.<\/p>\n\n\n\n<p><\/p>","protected":false},"excerpt":{"rendered":"<p>Erleben Sie ultimativen Komfort und Geschmack mit dem <strong data-start=\"190\" data-end=\"226\">WASPE 4-in-1 Geschmacksrichtung 100000 Puffs<\/strong>. Mit diesem leistungsstarken Einwegdampfer k\u00f6nnen Sie jederzeit zwischen vier k\u00f6stlichen Geschmacksrichtungen wechseln und dabei bis zu 100.000 Z\u00fcge sanften, gleichm\u00e4\u00dfigen Dampfs abgeben. Er ist kompakt, wiederaufladbar und problemlos. Er wurde f\u00fcr Vaper entwickelt, die Vielfalt, lang anhaltende Leistung und m\u00fchelosen Genuss in einem einzigen Ger\u00e4t sch\u00e4tzen.<\/p>","protected":false},"featured_media":9504,"comment_status":"open","ping_status":"closed","template":"","meta":[],"product_brand":[59],"product_cat":[151,142],"product_tag":[],"class_list":{"0":"post-20204","1":"product","2":"type-product","3":"status-publish","4":"has-post-thumbnail","6":"product_brand-waspe","7":"product_cat-100k-puffs","8":"product_cat-eu-stock","10":"first","11":"instock","12":"sale","13":"shipping-taxable","14":"purchasable","15":"product-type-variable"},"yoast_head":"<!-- This site is optimized with the Yoast SEO plugin v27.4 - https:\/\/yoast.com\/product\/yoast-seo-wordpress\/ -->\n<title>WASPE 100k Puffs Disposable Vape Low Nicotine<\/title>\n<meta name=\"description\" content=\"WASPE 100k Puffs\u00a0is a rechargeable vape featuring four switchable flavors, a 650mAh battery,your trusted European low-nicotine vape supplier.\" \/>\n<meta name=\"robots\" content=\"index, follow, max-snippet:-1, max-image-preview:large, max-video-preview:-1\" \/>\n<link rel=\"canonical\" href=\"https:\/\/vapemaison.com\/de\/product\/waspe-100k-puffs-wegwerfbares-vape-niedriges-nikotin\/\" \/>\n<meta property=\"og:locale\" content=\"de_DE\" \/>\n<meta property=\"og:type\" content=\"article\" \/>\n<meta property=\"og:title\" content=\"WASPE 100k Puffs Disposable Vape Low Nicotine\" \/>\n<meta property=\"og:description\" content=\"WASPE 100k Puffs\u00a0is a rechargeable vape featuring four switchable flavors, a 650mAh battery,your trusted European low-nicotine vape supplier.\" \/>\n<meta property=\"og:url\" content=\"https:\/\/vapemaison.com\/de\/product\/waspe-100k-puffs-wegwerfbares-vape-niedriges-nikotin\/\" \/>\n<meta property=\"og:site_name\" content=\"VapeMaison\" \/>\n<meta property=\"article:modified_time\" content=\"2026-03-23T19:54:01+00:00\" \/>\n<meta property=\"og:image\" content=\"https:\/\/vapemaison.com\/wp-content\/uploads\/2025\/10\/waspe-100000-puffs-flavor-picture-5.jpg\" \/>\n\t<meta property=\"og:image:width\" content=\"1500\" \/>\n\t<meta property=\"og:image:height\" content=\"1500\" \/>\n\t<meta property=\"og:image:type\" content=\"image\/jpeg\" \/>\n<meta name=\"twitter:card\" content=\"summary_large_image\" \/>\n<meta name=\"twitter:label1\" content=\"Gesch\u00e4tzte Lesezeit\" \/>\n\t<meta name=\"twitter:data1\" content=\"3\u00a0Minuten\" \/>\n<!-- \/ Yoast SEO plugin. -->","yoast_head_json":{"title":"WASPE 100k Puffs Einweg Vape Low Nikotin","description":"WASPE 100k Puffs ist ein wiederaufladbarer Vape mit vier umschaltbaren Geschmacksrichtungen, einem 650mAh-Akku, Ihrem vertrauensw\u00fcrdigen europ\u00e4ischen Lieferanten f\u00fcr nikotinarme Vapes.","robots":{"index":"index","follow":"follow","max-snippet":"max-snippet:-1","max-image-preview":"max-image-preview:large","max-video-preview":"max-video-preview:-1"},"canonical":"https:\/\/vapemaison.com\/de\/product\/waspe-100k-puffs-wegwerfbares-vape-niedriges-nikotin\/","og_locale":"de_DE","og_type":"article","og_title":"WASPE 100k Puffs Disposable Vape Low Nicotine","og_description":"WASPE 100k Puffs\u00a0is a rechargeable vape featuring four switchable flavors, a 650mAh battery,your trusted European low-nicotine vape supplier.","og_url":"https:\/\/vapemaison.com\/de\/product\/waspe-100k-puffs-wegwerfbares-vape-niedriges-nikotin\/","og_site_name":"VapeMaison","article_modified_time":"2026-03-23T19:54:01+00:00","og_image":[{"width":1500,"height":1500,"url":"https:\/\/vapemaison.com\/wp-content\/uploads\/2025\/10\/waspe-100000-puffs-flavor-picture-5.jpg","type":"image\/jpeg"}],"twitter_card":"summary_large_image","twitter_misc":{"Gesch\u00e4tzte Lesezeit":"3\u00a0Minuten"},"schema":{"@context":"https:\/\/schema.org","@graph":[{"@type":"WebPage","@id":"https:\/\/vapemaison.com\/product\/waspe-100k-puffs-disposable-vape-low-nicotine\/","url":"https:\/\/vapemaison.com\/product\/waspe-100k-puffs-disposable-vape-low-nicotine\/","name":"WASPE 100k Puffs Einweg Vape Low Nikotin","isPartOf":{"@id":"https:\/\/vapemaison.com\/#website"},"primaryImageOfPage":{"@id":"https:\/\/vapemaison.com\/product\/waspe-100k-puffs-disposable-vape-low-nicotine\/#primaryimage"},"image":{"@id":"https:\/\/vapemaison.com\/product\/waspe-100k-puffs-disposable-vape-low-nicotine\/#primaryimage"},"thumbnailUrl":"https:\/\/vapemaison.com\/wp-content\/uploads\/2025\/10\/waspe-100000-puffs-flavor-picture-5.jpg","datePublished":"2025-12-22T08:00:18+00:00","dateModified":"2026-03-23T19:54:01+00:00","description":"WASPE 100k Puffs ist ein wiederaufladbarer Vape mit vier umschaltbaren Geschmacksrichtungen, einem 650mAh-Akku, Ihrem vertrauensw\u00fcrdigen europ\u00e4ischen Lieferanten f\u00fcr nikotinarme Vapes.","breadcrumb":{"@id":"https:\/\/vapemaison.com\/product\/waspe-100k-puffs-disposable-vape-low-nicotine\/#breadcrumb"},"inLanguage":"de","potentialAction":[{"@type":"ReadAction","target":["https:\/\/vapemaison.com\/product\/waspe-100k-puffs-disposable-vape-low-nicotine\/"]}]},{"@type":"ImageObject","inLanguage":"de","@id":"https:\/\/vapemaison.com\/product\/waspe-100k-puffs-disposable-vape-low-nicotine\/#primaryimage","url":"https:\/\/vapemaison.com\/wp-content\/uploads\/2025\/10\/waspe-100000-puffs-flavor-picture-5.jpg","contentUrl":"https:\/\/vapemaison.com\/wp-content\/uploads\/2025\/10\/waspe-100000-puffs-flavor-picture-5.jpg","width":1500,"height":1500,"caption":"waspe-100000-puffs-flavor-picture-5"},{"@type":"BreadcrumbList","@id":"https:\/\/vapemaison.com\/product\/waspe-100k-puffs-disposable-vape-low-nicotine\/#breadcrumb","itemListElement":[{"@type":"ListItem","position":1,"name":"\u9996\u9875","item":"https:\/\/vapemaison.com\/"},{"@type":"ListItem","position":2,"name":"Shop","item":"https:\/\/vapemaison.com\/shop\/"},{"@type":"ListItem","position":3,"name":"Waspe","item":"https:\/\/vapemaison.com\/brand\/waspe\/"},{"@type":"ListItem","position":4,"name":"WASPE 100k Puffs Disposable Vape Low Nicotine"}]},{"@type":"WebSite","@id":"https:\/\/vapemaison.com\/#website","url":"https:\/\/vapemaison.com\/","name":"VapeMaison","description":"Premium Vaping-Ger\u00e4te und Zubeh\u00f6r","publisher":{"@id":"https:\/\/vapemaison.com\/#organization"},"potentialAction":[{"@type":"SearchAction","target":{"@type":"EntryPoint","urlTemplate":"https:\/\/vapemaison.com\/?s={search_term_string}"},"query-input":{"@type":"PropertyValueSpecification","valueRequired":true,"valueName":"search_term_string"}}],"inLanguage":"de"},{"@type":"Organization","@id":"https:\/\/vapemaison.com\/#organization","name":"VapeMaison","url":"https:\/\/vapemaison.com\/","logo":{"@type":"ImageObject","inLanguage":"de","@id":"https:\/\/vapemaison.com\/#\/schema\/logo\/image\/","url":"https:\/\/vapemaison.com\/wp-content\/uploads\/2026\/01\/cropped-vapemaison-logo-g-2026.webp","contentUrl":"https:\/\/vapemaison.com\/wp-content\/uploads\/2026\/01\/cropped-vapemaison-logo-g-2026.webp","width":350,"height":280,"caption":"VapeMaison"},"image":{"@id":"https:\/\/vapemaison.com\/#\/schema\/logo\/image\/"},"sameAs":["https:\/\/www.youtube.com\/@VapeMaison"]}]}},"tiered_pricing_type":"fixed","tiered_pricing_fixed_rules":{"30":"11.88","50":"11.42","100":"10.88","200":"9.98"},"tiered_pricing_product_settings":{"layout":"default","base_unit_name":{"singular":null,"plural":null},"default_variation":null},"tiered_pricing_minimum_quantity":10,"tiered_pricing_roles_data":[],"tiered_pricing_percentage_rules":[],"tiered_pricing_maximum_quantity":null,"tiered_pricing_quantity_step":"10","_links":{"self":[{"href":"https:\/\/vapemaison.com\/de\/wp-json\/wp\/v2\/product\/20204","targetHints":{"allow":["GET"]}}],"collection":[{"href":"https:\/\/vapemaison.com\/de\/wp-json\/wp\/v2\/product"}],"about":[{"href":"https:\/\/vapemaison.com\/de\/wp-json\/wp\/v2\/types\/product"}],"replies":[{"embeddable":true,"href":"https:\/\/vapemaison.com\/de\/wp-json\/wp\/v2\/comments?post=20204"}],"version-history":[{"count":0,"href":"https:\/\/vapemaison.com\/de\/wp-json\/wp\/v2\/product\/20204\/revisions"}],"wp:featuredmedia":[{"embeddable":true,"href":"https:\/\/vapemaison.com\/de\/wp-json\/wp\/v2\/media\/9504"}],"wp:attachment":[{"href":"https:\/\/vapemaison.com\/de\/wp-json\/wp\/v2\/media?parent=20204"}],"wp:term":[{"taxonomy":"product_brand","embeddable":true,"href":"https:\/\/vapemaison.com\/de\/wp-json\/wp\/v2\/product_brand?post=20204"},{"taxonomy":"product_cat","embeddable":true,"href":"https:\/\/vapemaison.com\/de\/wp-json\/wp\/v2\/product_cat?post=20204"},{"taxonomy":"product_tag","embeddable":true,"href":"https:\/\/vapemaison.com\/de\/wp-json\/wp\/v2\/product_tag?post=20204"}],"curies":[{"name":"wp","href":"https:\/\/api.w.org\/{rel}","templated":true}]}}