

{"id":20584,"date":"2025-12-23T02:19:58","date_gmt":"2025-12-23T02:19:58","guid":{"rendered":"https:\/\/vapemaison.com\/?post_type=product&#038;p=20584"},"modified":"2025-12-26T01:53:07","modified_gmt":"2025-12-26T01:53:07","slug":"vozol-getriebe-leistung-20000-einweg-vape-wassermelone-eis-20k-puffs","status":"publish","type":"product","link":"https:\/\/vapemaison.com\/de\/product\/vozol-gear-power-20000-disposable-vape-watermelon-ice-20k-puffs\/","title":{"rendered":"VOZOL Gear Power 20000 Einweg Vape | Wassermelone Eis | 20K Puffs"},"content":{"rendered":"<p><strong>VOZOL Gear Power 20000 Einweg-Vape<\/strong><\/p>\n\n\n\n<p>Die <strong>Wassermelone Eis<\/strong> VOZOL Gear Power 20000 liefert bei jedem Zug eine frische Sommerbrise. <strong>Erstens,<\/strong> Sie schmecken die S\u00fc\u00dfe einer saftigen, sonnengereiften Wassermelone. <strong>Zus\u00e4tzlich,<\/strong> folgt ein k\u00fchlender Mentholsto\u00df zur Erfrischung des Gaumens. <strong>Au\u00dferdem,<\/strong> Das Dual-Mesh-Coil-System sorgt daf\u00fcr, dass der Geschmack w\u00e4hrend der gesamten Lebensdauer von 20.000 Z\u00fcgen erhalten bleibt. F\u00fcr ein noch intensiveres eisiges Gef\u00fchl kannst Du in den Power-Modus wechseln.<\/p>\n\n\n\n<h3 class=\"wp-block-heading\">Warum VOZOL Gear Power w\u00e4hlen?<\/h3>\n\n\n\n<p>Die <strong>VOZOL Getriebe Power 20K<\/strong> kombiniert <strong>hochmoderne Technologie<\/strong> mit <strong>hochwertige Materialien<\/strong> um eine <strong>Langanhaltendes, anpassbares Dampferlebnis<\/strong>. Mit seinem <strong>Dual-Power-Modi<\/strong>, k\u00f6nnen die Benutzer den richtigen Modus f\u00fcr ihre Vorlieben w\u00e4hlen, egal ob sie eine l\u00e4ngere Nutzung oder eine verbesserte Dampfproduktion bevorzugen.<\/p>\n\n\n\n<p><strong>VOZOL Getriebe Power 20000<\/strong> ist perfekt f\u00fcr alle, die ein Ger\u00e4t suchen, das weit reicht und sowohl \u00fcberlegene <strong>Langlebigkeit<\/strong> und <strong>Leistung<\/strong>. Die <strong>Doppelmaschiges Spulensystem<\/strong> garantiert lebendige Aromen und sanften Dampf und ist damit die ideale Wahl f\u00fcr Dampfer, die das Beste an Leistung und Geschmack verlangen.<\/p>\n\n\n\n<h3 class=\"wp-block-heading\">Verf\u00fcgbare Geschmacksrichtungen<\/h3>\n\n\n\n<ul class=\"wp-block-list\">\n<li>Wassermelone Eis<\/li>\n\n\n\n<li>Traubeneis<\/li>\n\n\n\n<li>Mango-Eis<\/li>\n\n\n\n<li>Doppeltes Apfel-Eis<\/li>\n\n\n\n<li>Zitronenminze<\/li>\n\n\n\n<li>Tabak<\/li>\n\n\n\n<li>Pfirsich-Eis<\/li>\n\n\n\n<li>Erdbeere Wassermelone<\/li>\n\n\n\n<li>Erdbeer-Kiwi<\/li>\n\n\n\n<li>Himbeere Wassermelone<\/li>\n\n\n\n<li>Blaues Razzeis<\/li>\n\n\n\n<li>Erdbeer-Mango<\/li>\n\n\n\n<li>Zitrone-Limette<\/li>\n\n\n\n<li>Kirschlimonade<\/li>\n\n\n\n<li>Gemischte Beeren<\/li>\n\n\n\n<li>Drachenfrucht-Banane-Kirsche<\/li>\n\n\n\n<li>LavaFire<\/li>\n\n\n\n<li>Heidelbeer-Sturm<\/li>\n\n\n\n<li>Blauer Mojito<\/li>\n\n\n\n<li>Mango Ananas Grapefruit<\/li>\n<\/ul>\n\n\n\n<h3 class=\"wp-block-heading\">Spezifikationen<\/h3>\n\n\n\n<figure class=\"wp-block-table\"><table class=\"has-fixed-layout\"><thead><tr><th>Artikel<\/th><th>Einzelheiten<\/th><\/tr><\/thead><tbody><tr><td><strong>Batteriekapazit\u00e4t<\/strong><\/td><td>650mAh<\/td><\/tr><tr><td><strong>E-Fl\u00fcssigkeit Kapazit\u00e4t<\/strong><\/td><td>20mL (Vorgef\u00fcllt)<\/td><\/tr><tr><td><strong>Nikotinst\u00e4rke<\/strong><\/td><td>5% (50mg)<\/td><\/tr><tr><td><strong>Anzahl der Puffs<\/strong><\/td><td>Bis zu 20.000 (Eco-Modus) \/ 12.000 (Power-Modus)<\/td><\/tr><tr><td><strong>Spule Typ<\/strong><\/td><td>Doppelmaschiges Spulensystem (S.i.L.C.-Technologie)<\/td><\/tr><tr><td><strong>Aufladen<\/strong><\/td><td>Keine Aufladung erforderlich (Einweg)<\/td><\/tr><tr><td><strong>Modi<\/strong><\/td><td>Eco-Modus \/ Power-Modus<\/td><\/tr><tr><td><strong>Anzeige<\/strong><\/td><td>LED-Anzeige f\u00fcr Batterie- und Fl\u00fcssigkeitsstatus<\/td><\/tr><tr><td><strong>Geschmacksoptionen<\/strong><\/td><td>20 Geschmacksrichtungen verf\u00fcgbar<\/td><\/tr><\/tbody><\/table><\/figure>\n\n\n\n<h3 class=\"wp-block-heading\">So verwenden Sie den VOZOL Gear Power 20000 Disposable<\/h3>\n\n\n\n<ol class=\"wp-block-list\">\n<li><strong>Aktivieren Sie das Ger\u00e4t:<\/strong> Zum Aktivieren einfach inhalieren; keine Kn\u00f6pfe erforderlich.<\/li>\n\n\n\n<li><strong>\u00dcberwachen Sie Akku und E-Liquid:<\/strong> Verwenden Sie die <strong>LED-Anzeige<\/strong> um die Lebensdauer der Batterie und den Status des E-Liquids zu \u00fcberpr\u00fcfen.<\/li>\n\n\n\n<li><strong>Umschalten zwischen den Modi:<\/strong> W\u00e4hlen Sie <strong>\u00d6ko-Modus<\/strong> f\u00fcr l\u00e4ngeren Gebrauch oder <strong>Leistungsmodus<\/strong> f\u00fcr eine st\u00e4rkere Dampferzeugung.<\/li>\n\n\n\n<li><strong>Viel Spa\u00df!<\/strong> Genie\u00dfen Sie bis zu <strong>20.000 Z\u00fcge<\/strong> mit konsistentem Geschmack und sanften Schl\u00e4gen durchweg.<\/li>\n<\/ol>\n\n\n\n<p>Entdecken Sie die gesamte Palette an hochwertigen Einwegvapes und Zubeh\u00f6r in unserem <strong><a href=\"https:\/\/vapemaison.com\/\">Startseite <\/a><\/strong>, wo Sie mehr \u00fcber unser Engagement f\u00fcr Qualit\u00e4t, Authentizit\u00e4t und Kundenzufriedenheit erfahren k\u00f6nnen. Wenn Sie zum Kauf bereit sind, besuchen Sie unsere <strong><a href=\"https:\/\/vapemaison.com\/shop\/\">Shop<\/a><\/strong> um die neuesten VOZOL-Ger\u00e4te, beliebte Geschmacksrichtungen und exklusive Angebote f\u00fcr den schnellen weltweiten Versand zu entdecken. Einen vollst\u00e4ndigen \u00dcberblick \u00fcber die Marke, einschlie\u00dflich der meistverkauften Modelle und Produktinnovationen, finden Sie auf der speziellen <strong><a href=\"https:\/\/vapemaison.com\/brand\/vozol\/\">VOZOL<\/a><\/strong>, wo alle aktuellen VOZOL-Kollektionen \u00fcbersichtlich an einem Ort zusammengefasst sind.<\/p>","protected":false},"excerpt":{"rendered":"<p>VOZOL Gear Power 20000 Disposable Vape The Watermelon Ice VOZOL Gear Power 20000 delivers a crisp summer breeze in every draw. First, you taste the sweetness of juicy, sun-ripened watermelon. Additionally, a chilling menthol blast follows to refresh your palate. Furthermore, the dual mesh coil system ensures the flavor stays vibrant throughout its 20,000-puff lifespan. [&hellip;]<\/p>\n","protected":false},"featured_media":12770,"comment_status":"open","ping_status":"closed","template":"","meta":[],"product_brand":[178],"product_cat":[133],"product_tag":[],"class_list":{"0":"post-20584","1":"product","2":"type-product","3":"status-publish","4":"has-post-thumbnail","6":"product_brand-vozol","7":"product_cat-20k-puffs","9":"first","10":"instock","11":"sale","12":"shipping-taxable","13":"purchasable","14":"product-type-variable"},"yoast_head":"<!-- This site is optimized with the Yoast SEO plugin v27.4 - https:\/\/yoast.com\/product\/yoast-seo-wordpress\/ -->\n<title>VOZOL Gear Power 20000 Vape - Watermelon Ice VOZOL 20k<\/title>\n<meta name=\"description\" content=\"Experience the Watermelon Ice VOZOL Gear Power 20000. Features S.i.L.C Tech, 20mL capacity, and up to 20,000 puffs. Shop this refreshing icy summer flavor now!\" \/>\n<meta name=\"robots\" content=\"index, follow, max-snippet:-1, max-image-preview:large, max-video-preview:-1\" \/>\n<link rel=\"canonical\" href=\"https:\/\/vapemaison.com\/de\/product\/vozol-getriebe-leistung-20000-einweg-vape-wassermelone-eis-20k-puffs\/\" \/>\n<meta property=\"og:locale\" content=\"de_DE\" \/>\n<meta property=\"og:type\" content=\"article\" \/>\n<meta property=\"og:title\" content=\"VOZOL Gear Power 20000 Vape - Watermelon Ice VOZOL 20k\" \/>\n<meta property=\"og:description\" content=\"Experience the Watermelon Ice VOZOL Gear Power 20000. Features S.i.L.C Tech, 20mL capacity, and up to 20,000 puffs. Shop this refreshing icy summer flavor now!\" \/>\n<meta property=\"og:url\" content=\"https:\/\/vapemaison.com\/de\/product\/vozol-getriebe-leistung-20000-einweg-vape-wassermelone-eis-20k-puffs\/\" \/>\n<meta property=\"og:site_name\" content=\"VapeMaison\" \/>\n<meta property=\"article:modified_time\" content=\"2025-12-26T01:53:07+00:00\" \/>\n<meta property=\"og:image\" content=\"https:\/\/vapemaison.com\/wp-content\/uploads\/2025\/11\/watermelon-ice-vozol-gear-power-disposable-20000-puffs.webp\" \/>\n\t<meta property=\"og:image:width\" content=\"910\" \/>\n\t<meta property=\"og:image:height\" content=\"910\" \/>\n\t<meta property=\"og:image:type\" content=\"image\/webp\" \/>\n<meta name=\"twitter:card\" content=\"summary_large_image\" \/>\n<meta name=\"twitter:label1\" content=\"Gesch\u00e4tzte Lesezeit\" \/>\n\t<meta name=\"twitter:data1\" content=\"2\u00a0Minuten\" \/>\n<!-- \/ Yoast SEO plugin. -->","yoast_head_json":{"title":"VOZOL Gear Power 20000 Vape - Wassermelone Eis VOZOL 20k","description":"Erlebe den Watermelon Ice VOZOL Gear Power 20000. Mit S.i.L.C Tech, 20mL Fassungsverm\u00f6gen und bis zu 20.000 Z\u00fcgen. Kaufen Sie diesen erfrischenden, eisigen Sommergeschmack jetzt!","robots":{"index":"index","follow":"follow","max-snippet":"max-snippet:-1","max-image-preview":"max-image-preview:large","max-video-preview":"max-video-preview:-1"},"canonical":"https:\/\/vapemaison.com\/de\/product\/vozol-getriebe-leistung-20000-einweg-vape-wassermelone-eis-20k-puffs\/","og_locale":"de_DE","og_type":"article","og_title":"VOZOL Gear Power 20000 Vape - Watermelon Ice VOZOL 20k","og_description":"Experience the Watermelon Ice VOZOL Gear Power 20000. Features S.i.L.C Tech, 20mL capacity, and up to 20,000 puffs. Shop this refreshing icy summer flavor now!","og_url":"https:\/\/vapemaison.com\/de\/product\/vozol-getriebe-leistung-20000-einweg-vape-wassermelone-eis-20k-puffs\/","og_site_name":"VapeMaison","article_modified_time":"2025-12-26T01:53:07+00:00","og_image":[{"width":910,"height":910,"url":"https:\/\/vapemaison.com\/wp-content\/uploads\/2025\/11\/watermelon-ice-vozol-gear-power-disposable-20000-puffs.webp","type":"image\/webp"}],"twitter_card":"summary_large_image","twitter_misc":{"Gesch\u00e4tzte Lesezeit":"2\u00a0Minuten"},"schema":{"@context":"https:\/\/schema.org","@graph":[{"@type":"WebPage","@id":"https:\/\/vapemaison.com\/product\/vozol-gear-power-20000-disposable-vape-watermelon-ice-20k-puffs\/","url":"https:\/\/vapemaison.com\/product\/vozol-gear-power-20000-disposable-vape-watermelon-ice-20k-puffs\/","name":"VOZOL Gear Power 20000 Vape - Wassermelone Eis VOZOL 20k","isPartOf":{"@id":"https:\/\/vapemaison.com\/#website"},"primaryImageOfPage":{"@id":"https:\/\/vapemaison.com\/product\/vozol-gear-power-20000-disposable-vape-watermelon-ice-20k-puffs\/#primaryimage"},"image":{"@id":"https:\/\/vapemaison.com\/product\/vozol-gear-power-20000-disposable-vape-watermelon-ice-20k-puffs\/#primaryimage"},"thumbnailUrl":"https:\/\/vapemaison.com\/wp-content\/uploads\/2025\/11\/watermelon-ice-vozol-gear-power-disposable-20000-puffs.webp","datePublished":"2025-12-23T02:19:58+00:00","dateModified":"2025-12-26T01:53:07+00:00","description":"Erlebe den Watermelon Ice VOZOL Gear Power 20000. Mit S.i.L.C Tech, 20mL Fassungsverm\u00f6gen und bis zu 20.000 Z\u00fcgen. Kaufen Sie diesen erfrischenden, eisigen Sommergeschmack jetzt!","breadcrumb":{"@id":"https:\/\/vapemaison.com\/product\/vozol-gear-power-20000-disposable-vape-watermelon-ice-20k-puffs\/#breadcrumb"},"inLanguage":"de","potentialAction":[{"@type":"ReadAction","target":["https:\/\/vapemaison.com\/product\/vozol-gear-power-20000-disposable-vape-watermelon-ice-20k-puffs\/"]}]},{"@type":"ImageObject","inLanguage":"de","@id":"https:\/\/vapemaison.com\/product\/vozol-gear-power-20000-disposable-vape-watermelon-ice-20k-puffs\/#primaryimage","url":"https:\/\/vapemaison.com\/wp-content\/uploads\/2025\/11\/watermelon-ice-vozol-gear-power-disposable-20000-puffs.webp","contentUrl":"https:\/\/vapemaison.com\/wp-content\/uploads\/2025\/11\/watermelon-ice-vozol-gear-power-disposable-20000-puffs.webp","width":910,"height":910,"caption":"watermelon-ice-vozol-gear-power-disposable-20000-puffs"},{"@type":"BreadcrumbList","@id":"https:\/\/vapemaison.com\/product\/vozol-gear-power-20000-disposable-vape-watermelon-ice-20k-puffs\/#breadcrumb","itemListElement":[{"@type":"ListItem","position":1,"name":"\u9996\u9875","item":"https:\/\/vapemaison.com\/"},{"@type":"ListItem","position":2,"name":"Shop","item":"https:\/\/vapemaison.com\/shop\/"},{"@type":"ListItem","position":3,"name":"Vozol","item":"https:\/\/vapemaison.com\/brand\/vozol\/"},{"@type":"ListItem","position":4,"name":"VOZOL Gear Power 20000 Disposable Vape | Watermelon Ice | 20K Puffs"}]},{"@type":"WebSite","@id":"https:\/\/vapemaison.com\/#website","url":"https:\/\/vapemaison.com\/","name":"VapeMaison","description":"Premium Vaping-Ger\u00e4te und Zubeh\u00f6r","publisher":{"@id":"https:\/\/vapemaison.com\/#organization"},"potentialAction":[{"@type":"SearchAction","target":{"@type":"EntryPoint","urlTemplate":"https:\/\/vapemaison.com\/?s={search_term_string}"},"query-input":{"@type":"PropertyValueSpecification","valueRequired":true,"valueName":"search_term_string"}}],"inLanguage":"de"},{"@type":"Organization","@id":"https:\/\/vapemaison.com\/#organization","name":"VapeMaison","url":"https:\/\/vapemaison.com\/","logo":{"@type":"ImageObject","inLanguage":"de","@id":"https:\/\/vapemaison.com\/#\/schema\/logo\/image\/","url":"https:\/\/vapemaison.com\/wp-content\/uploads\/2026\/01\/cropped-vapemaison-logo-g-2026.webp","contentUrl":"https:\/\/vapemaison.com\/wp-content\/uploads\/2026\/01\/cropped-vapemaison-logo-g-2026.webp","width":350,"height":280,"caption":"VapeMaison"},"image":{"@id":"https:\/\/vapemaison.com\/#\/schema\/logo\/image\/"},"sameAs":["https:\/\/www.youtube.com\/@VapeMaison"]}]}},"tiered_pricing_type":"fixed","tiered_pricing_fixed_rules":{"30":"11.24","50":"10.36","100":"9.56","200":"8.47"},"tiered_pricing_product_settings":{"layout":"default","base_unit_name":{"singular":null,"plural":null},"default_variation":null},"tiered_pricing_minimum_quantity":10,"tiered_pricing_roles_data":[],"tiered_pricing_percentage_rules":[],"tiered_pricing_maximum_quantity":null,"tiered_pricing_quantity_step":"10","_links":{"self":[{"href":"https:\/\/vapemaison.com\/de\/wp-json\/wp\/v2\/product\/20584","targetHints":{"allow":["GET"]}}],"collection":[{"href":"https:\/\/vapemaison.com\/de\/wp-json\/wp\/v2\/product"}],"about":[{"href":"https:\/\/vapemaison.com\/de\/wp-json\/wp\/v2\/types\/product"}],"replies":[{"embeddable":true,"href":"https:\/\/vapemaison.com\/de\/wp-json\/wp\/v2\/comments?post=20584"}],"version-history":[{"count":0,"href":"https:\/\/vapemaison.com\/de\/wp-json\/wp\/v2\/product\/20584\/revisions"}],"wp:featuredmedia":[{"embeddable":true,"href":"https:\/\/vapemaison.com\/de\/wp-json\/wp\/v2\/media\/12770"}],"wp:attachment":[{"href":"https:\/\/vapemaison.com\/de\/wp-json\/wp\/v2\/media?parent=20584"}],"wp:term":[{"taxonomy":"product_brand","embeddable":true,"href":"https:\/\/vapemaison.com\/de\/wp-json\/wp\/v2\/product_brand?post=20584"},{"taxonomy":"product_cat","embeddable":true,"href":"https:\/\/vapemaison.com\/de\/wp-json\/wp\/v2\/product_cat?post=20584"},{"taxonomy":"product_tag","embeddable":true,"href":"https:\/\/vapemaison.com\/de\/wp-json\/wp\/v2\/product_tag?post=20584"}],"curies":[{"name":"wp","href":"https:\/\/api.w.org\/{rel}","templated":true}]}}