

{"id":22514,"date":"2025-12-30T05:40:30","date_gmt":"2025-12-30T05:40:30","guid":{"rendered":"https:\/\/vapemaison.com\/?post_type=product&#038;p=22514"},"modified":"2026-02-27T09:42:04","modified_gmt":"2026-02-27T09:42:04","slug":"fumot-eco-2-in-1-50k-puffs-vorgefullt-pod-kit-schwarzes-eis-traubeneis-24ml","status":"publish","type":"product","link":"https:\/\/vapemaison.com\/de\/product\/fumot-eco-2-in-1-50k-puffs-prefilled-pod-kit-black-ice-grape-ice-24ml\/","title":{"rendered":"Fumot Eco 2-in-1 50K Puffs Prefilled Pod Kit - Black Ice &amp; Grape Ice (24ml)"},"content":{"rendered":"<p>Wechseln Sie mit einem einfachen Klick zwischen k\u00fchner Dunkelheit und der S\u00fc\u00dfe von Weinbergen. Das Fumot 50K 2-in-1 H\u00fclsenset ist f\u00fcr Liebhaber von tiefen Fruchtprofilen und eisigen Abschl\u00fcssen konzipiert.<\/p>\n\n\n\n<ul class=\"wp-block-list\">\n<li><strong>Schwarzes Eis:<\/strong> Eine raffinierte Mischung aus dunklen Brombeeren und herben schwarzen Johannisbeeren, gekr\u00f6nt von einer dicken Schicht Crushed Ice. Er ist k\u00fchn, belebend und perfekt ausgewogen.<\/li>\n\n\n\n<li><strong>Traubeneis:<\/strong> Erleben Sie die Explosion von sonnengereiften lila Trauben. Dieser Geschmack liefert eine bonbonartige S\u00fc\u00dfe gepaart mit einem knackigen, k\u00fchlenden Menthol Ausatmen, die sch\u00f6n verweilt.<\/li>\n<\/ul>\n\n\n\n<h3 class=\"wp-block-heading\"><strong>Kernspezifikationen<\/strong><\/h3>\n\n\n\n<figure class=\"wp-block-table is-style-stripes\"><table class=\"has-fixed-layout\"><thead><tr><td><strong>Merkmal<\/strong><\/td><td><strong>Einzelheiten<\/strong><\/td><\/tr><\/thead><tbody><tr><td><strong>Maximale Puffs<\/strong><\/td><td>Bis zu 50.000 Puffs<\/td><\/tr><tr><td><strong>Geschmackssystem<\/strong><\/td><td>2-in-1-Dual-Flavor-Toggle<\/td><\/tr><tr><td><strong>Batteriekapazit\u00e4t<\/strong><\/td><td>950mAh Wiederaufladbar (Typ-C)<\/td><\/tr><tr><td><strong>Nikotinst\u00e4rke<\/strong><\/td><td>2% (20mg) Nikotinsalz<\/td><\/tr><tr><td><strong>Total E-Fl\u00fcssigkeit<\/strong><\/td><td>24ml (2x 2ml Pods + 2x 10ml Nachf\u00fcllbeh\u00e4lter)<\/td><\/tr><tr><td><strong>Anzeige<\/strong><\/td><td>Intelligenter LED-Digitalbildschirm<\/td><\/tr><tr><td><strong>Spulen-Technologie<\/strong><\/td><td>Dual Mesh Coil f\u00fcr maximalen Geschmack<\/td><\/tr><tr><td><strong>Standard<\/strong><\/td><td>TPD-konform \/ V\u00f6llig legal<\/td><\/tr><\/tbody><\/table><\/figure>\n\n\n\n<h3 class=\"wp-block-heading\"><strong>Produkt-Highlights<\/strong><\/h3>\n\n\n\n<ul class=\"wp-block-list\">\n<li><strong>Unerreichte 50.000 Puffs:<\/strong> Die Fumot Eco 50K wurde f\u00fcr extreme Langlebigkeit entwickelt und kombiniert ein modulares Nachf\u00fcllsystem mit hocheffizientem Batteriemanagement, damit Sie l\u00e4nger dampfen k\u00f6nnen als mit jeder herk\u00f6mmlichen Einwegdose.<\/li>\n\n\n\n<li><strong>Sofortige Geschmacksumschaltung:<\/strong> Sind Sie des gleichen Geschmacks \u00fcberdr\u00fcssig? Das innovative 2-in-1-System erm\u00f6glicht es Ihnen, sofort zwischen Black Ice und Grape Ice zu wechseln, um eine \u201cVaper's Tongue\u201d zu vermeiden und Ihren Gaumen frisch zu halten.<\/li>\n\n\n\n<li><strong>Intelligente LED-\u00dcberwachung:<\/strong> Das integrierte High-Definition-Display informiert in Echtzeit \u00fcber den Akkustand und den F\u00fcllstand des E-Liquids, so dass Sie immer vorbereitet sind.<\/li>\n\n\n\n<li><strong>Dual Mesh Coil Leistung:<\/strong> Erleben Sie \u00fcberlegene Dampfproduktion. Die Dual-Mesh-Coils erhitzen die E-Fl\u00fcssigkeit gleichm\u00e4\u00dfig und liefern reichhaltigen, intensiven Geschmack und weiche Wolken vom ersten bis zum 50.000sten Zug.<\/li>\n\n\n\n<li><strong>Umweltfreundlich und kosteneffektiv:<\/strong> Mit einer wiederaufladbaren 950-mAh-Basis und einem modularen 24-ml-System mit hoher Kapazit\u00e4t reduziert dieses Kit den Umweltm\u00fcll und bietet gleichzeitig ein viel besseres Preis-Leistungs-Verh\u00e4ltnis als Einwegger\u00e4te.<\/li>\n<\/ul>\n\n\n\n<p>Sind Sie noch auf der Suche nach Alternativen? Weitere Informationen finden Sie in unserem\u00a0<strong><a href=\"https:\/\/vapemaison.com\/brand\/fumot\/\">Fumot Vape Kollektion<\/a><\/strong>, oder durchsuchen Sie andere\u00a0<strong><a href=\"https:\/\/vapemaison.com\/product-category\/puffs-count\/50k-puffs\/\">puff 50k vape Ger\u00e4te<\/a><\/strong>\u00a0und\u00a0<strong><a href=\"https:\/\/vapemaison.com\/product-category\/puffs-count\/300k-puffs\/\">wiederaufladbare Einwegartikel mit hohem Puff<\/a><\/strong>\u00a0entwickelt f\u00fcr lang anhaltende Leistung. Wenn Dich s\u00fc\u00dfe Profile wie dieses interessieren, dann schau Dir unsere Vapes mit S\u00fc\u00dfigkeitengeschmack und von Getr\u00e4nken inspirierten Vape-Aromen an, um \u00e4hnlich mutige Geschmackserlebnisse zu erhalten. Wir f\u00fchren auch Top-Ger\u00e4te von\u00a0<strong><a href=\"https:\/\/vapemaison.com\/brand\/elfbar\/\">Elfen-Bar<\/a><\/strong>,\u00a0<strong><a href=\"https:\/\/vapemaison.com\/brand\/humo-azul\/\">Humo Azul<\/a><\/strong>, und\u00a0<strong><a href=\"https:\/\/vapemaison.com\/brand\/airmez\/\">Airmez<\/a><\/strong>, Damit haben Sie die Wahl zwischen mehreren Luftstromtypen, S\u00fc\u00dfegraden und Dampfdichten - so k\u00f6nnen Sie das Setup finden, das Ihren Vorlieben f\u00fcr das ganzt\u00e4gige Dampfen entspricht.<\/p>\n\n\n\n<h3 class=\"wp-block-heading\"><strong>Was ist in der Box?<\/strong><\/h3>\n\n\n\n<ul class=\"wp-block-list\">\n<li>1 x Fumot Eco 2-in-1 Ger\u00e4t (950mAh)<\/li>\n\n\n\n<li>2 x Vorgef\u00fcllte Pods (Black Ice &amp; Grape Ice - 2ml)<\/li>\n\n\n\n<li>2 x Nachf\u00fcll-E-Liquid-Beh\u00e4lter (je 10ml)<\/li>\n\n\n\n<li>1 x Benutzerhandbuch<\/li>\n<\/ul>","protected":false},"excerpt":{"rendered":"<p>Switch between bold darkness and vineyard sweetness with a simple click. Fumot 50K 2-in-1 pod set is designed for lovers of deep fruit profiles and icy finishes. Core Specifications Feature Details Maximum Puffs Up to 50,000 Puffs Flavor System 2-in-1 Dual Flavor Toggle Battery Capacity 950mAh Rechargeable (Type-C) Nicotine Strength 2% (20mg) Nicotine Salt Total [&hellip;]<\/p>\n","protected":false},"featured_media":22568,"comment_status":"open","ping_status":"closed","template":"","meta":[],"product_brand":[58],"product_cat":[136,294],"product_tag":[],"class_list":{"0":"post-22514","1":"product","2":"type-product","3":"status-publish","4":"has-post-thumbnail","6":"product_brand-fumot","7":"product_cat-50k-puffs","8":"product_cat-no-nicotine-vape","10":"first","11":"instock","12":"sale","13":"shipping-taxable","14":"purchasable","15":"product-type-variable"},"yoast_head":"<!-- This site is optimized with the Yoast SEO plugin v27.4 - https:\/\/yoast.com\/product\/yoast-seo-wordpress\/ -->\n<title>Fumot 50K Puffs Kit - Black Ice &amp; Grape Ice | Dual Flavor 2-in-1<\/title>\n<meta name=\"description\" content=\"Get 50,000 puffs with the Fumot Eco 2-in-1. Featuring Black Ice &amp; Grape Ice dual flavors, a 950mAh rechargeable battery, and a smart LED screen. Shop now!\" \/>\n<meta name=\"robots\" content=\"index, follow, max-snippet:-1, max-image-preview:large, max-video-preview:-1\" \/>\n<link rel=\"canonical\" href=\"https:\/\/vapemaison.com\/de\/product\/fumot-eco-2-in-1-50k-puffs-vorgefullt-pod-kit-schwarzes-eis-traubeneis-24ml\/\" \/>\n<meta property=\"og:locale\" content=\"de_DE\" \/>\n<meta property=\"og:type\" content=\"article\" \/>\n<meta property=\"og:title\" content=\"Fumot 50K Puffs Kit - Black Ice &amp; Grape Ice | Dual Flavor 2-in-1\" \/>\n<meta property=\"og:description\" content=\"Get 50,000 puffs with the Fumot Eco 2-in-1. Featuring Black Ice &amp; Grape Ice dual flavors, a 950mAh rechargeable battery, and a smart LED screen. Shop now!\" \/>\n<meta property=\"og:url\" content=\"https:\/\/vapemaison.com\/de\/product\/fumot-eco-2-in-1-50k-puffs-vorgefullt-pod-kit-schwarzes-eis-traubeneis-24ml\/\" \/>\n<meta property=\"og:site_name\" content=\"VapeMaison\" \/>\n<meta property=\"article:modified_time\" content=\"2026-02-27T09:42:04+00:00\" \/>\n<meta property=\"og:image\" content=\"https:\/\/vapemaison.com\/wp-content\/uploads\/2025\/12\/fumot-50000-puffs-vape-flavor-black-ice-grape-ice-3.jpg\" \/>\n\t<meta property=\"og:image:width\" content=\"2000\" \/>\n\t<meta property=\"og:image:height\" content=\"2000\" \/>\n\t<meta property=\"og:image:type\" content=\"image\/jpeg\" \/>\n<meta name=\"twitter:card\" content=\"summary_large_image\" \/>\n<meta name=\"twitter:label1\" content=\"Gesch\u00e4tzte Lesezeit\" \/>\n\t<meta name=\"twitter:data1\" content=\"2\u00a0Minuten\" \/>\n<!-- \/ Yoast SEO plugin. -->","yoast_head_json":{"title":"Fumot 50K Puffs Kit - Black Ice &amp; Grape Ice | Dual Flavor 2-in-1","description":"Mit dem Fumot Eco 2-in-1 erhalten Sie 50.000 Z\u00fcge. Mit den beiden Geschmacksrichtungen Black Ice und Grape Ice, einem 950mAh-Akku und einem intelligenten LED-Bildschirm. Jetzt kaufen!","robots":{"index":"index","follow":"follow","max-snippet":"max-snippet:-1","max-image-preview":"max-image-preview:large","max-video-preview":"max-video-preview:-1"},"canonical":"https:\/\/vapemaison.com\/de\/product\/fumot-eco-2-in-1-50k-puffs-vorgefullt-pod-kit-schwarzes-eis-traubeneis-24ml\/","og_locale":"de_DE","og_type":"article","og_title":"Fumot 50K Puffs Kit - Black Ice & Grape Ice | Dual Flavor 2-in-1","og_description":"Get 50,000 puffs with the Fumot Eco 2-in-1. Featuring Black Ice & Grape Ice dual flavors, a 950mAh rechargeable battery, and a smart LED screen. Shop now!","og_url":"https:\/\/vapemaison.com\/de\/product\/fumot-eco-2-in-1-50k-puffs-vorgefullt-pod-kit-schwarzes-eis-traubeneis-24ml\/","og_site_name":"VapeMaison","article_modified_time":"2026-02-27T09:42:04+00:00","og_image":[{"width":2000,"height":2000,"url":"https:\/\/vapemaison.com\/wp-content\/uploads\/2025\/12\/fumot-50000-puffs-vape-flavor-black-ice-grape-ice-3.jpg","type":"image\/jpeg"}],"twitter_card":"summary_large_image","twitter_misc":{"Gesch\u00e4tzte Lesezeit":"2\u00a0Minuten"},"schema":{"@context":"https:\/\/schema.org","@graph":[{"@type":"WebPage","@id":"https:\/\/vapemaison.com\/product\/fumot-eco-2-in-1-50k-puffs-prefilled-pod-kit-black-ice-grape-ice-24ml\/","url":"https:\/\/vapemaison.com\/product\/fumot-eco-2-in-1-50k-puffs-prefilled-pod-kit-black-ice-grape-ice-24ml\/","name":"Fumot 50K Puffs Kit - Black Ice &amp; Grape Ice | Dual Flavor 2-in-1","isPartOf":{"@id":"https:\/\/vapemaison.com\/#website"},"primaryImageOfPage":{"@id":"https:\/\/vapemaison.com\/product\/fumot-eco-2-in-1-50k-puffs-prefilled-pod-kit-black-ice-grape-ice-24ml\/#primaryimage"},"image":{"@id":"https:\/\/vapemaison.com\/product\/fumot-eco-2-in-1-50k-puffs-prefilled-pod-kit-black-ice-grape-ice-24ml\/#primaryimage"},"thumbnailUrl":"https:\/\/vapemaison.com\/wp-content\/uploads\/2025\/12\/fumot-50000-puffs-vape-flavor-black-ice-grape-ice-3.jpg","datePublished":"2025-12-30T05:40:30+00:00","dateModified":"2026-02-27T09:42:04+00:00","description":"Mit dem Fumot Eco 2-in-1 erhalten Sie 50.000 Z\u00fcge. Mit den beiden Geschmacksrichtungen Black Ice und Grape Ice, einem 950mAh-Akku und einem intelligenten LED-Bildschirm. Jetzt kaufen!","breadcrumb":{"@id":"https:\/\/vapemaison.com\/product\/fumot-eco-2-in-1-50k-puffs-prefilled-pod-kit-black-ice-grape-ice-24ml\/#breadcrumb"},"inLanguage":"de","potentialAction":[{"@type":"ReadAction","target":["https:\/\/vapemaison.com\/product\/fumot-eco-2-in-1-50k-puffs-prefilled-pod-kit-black-ice-grape-ice-24ml\/"]}]},{"@type":"ImageObject","inLanguage":"de","@id":"https:\/\/vapemaison.com\/product\/fumot-eco-2-in-1-50k-puffs-prefilled-pod-kit-black-ice-grape-ice-24ml\/#primaryimage","url":"https:\/\/vapemaison.com\/wp-content\/uploads\/2025\/12\/fumot-50000-puffs-vape-flavor-black-ice-grape-ice-3.jpg","contentUrl":"https:\/\/vapemaison.com\/wp-content\/uploads\/2025\/12\/fumot-50000-puffs-vape-flavor-black-ice-grape-ice-3.jpg","width":2000,"height":2000,"caption":"fumot-50000-puffs-vape-flavor-black-ice-grape-ice-3"},{"@type":"BreadcrumbList","@id":"https:\/\/vapemaison.com\/product\/fumot-eco-2-in-1-50k-puffs-prefilled-pod-kit-black-ice-grape-ice-24ml\/#breadcrumb","itemListElement":[{"@type":"ListItem","position":1,"name":"\u9996\u9875","item":"https:\/\/vapemaison.com\/"},{"@type":"ListItem","position":2,"name":"Shop","item":"https:\/\/vapemaison.com\/shop\/"},{"@type":"ListItem","position":3,"name":"Fumot","item":"https:\/\/vapemaison.com\/brand\/fumot\/"},{"@type":"ListItem","position":4,"name":"Fumot Eco 2-in-1 50K Puffs Prefilled Pod Kit \u2013 Black Ice &amp; Grape Ice (24ml)"}]},{"@type":"WebSite","@id":"https:\/\/vapemaison.com\/#website","url":"https:\/\/vapemaison.com\/","name":"VapeMaison","description":"Premium Vaping-Ger\u00e4te und Zubeh\u00f6r","publisher":{"@id":"https:\/\/vapemaison.com\/#organization"},"potentialAction":[{"@type":"SearchAction","target":{"@type":"EntryPoint","urlTemplate":"https:\/\/vapemaison.com\/?s={search_term_string}"},"query-input":{"@type":"PropertyValueSpecification","valueRequired":true,"valueName":"search_term_string"}}],"inLanguage":"de"},{"@type":"Organization","@id":"https:\/\/vapemaison.com\/#organization","name":"VapeMaison","url":"https:\/\/vapemaison.com\/","logo":{"@type":"ImageObject","inLanguage":"de","@id":"https:\/\/vapemaison.com\/#\/schema\/logo\/image\/","url":"https:\/\/vapemaison.com\/wp-content\/uploads\/2026\/01\/cropped-vapemaison-logo-g-2026.webp","contentUrl":"https:\/\/vapemaison.com\/wp-content\/uploads\/2026\/01\/cropped-vapemaison-logo-g-2026.webp","width":350,"height":280,"caption":"VapeMaison"},"image":{"@id":"https:\/\/vapemaison.com\/#\/schema\/logo\/image\/"},"sameAs":["https:\/\/www.youtube.com\/@VapeMaison"]}]}},"tiered_pricing_type":"fixed","tiered_pricing_fixed_rules":{"30":"14.72","50":"13.35","100":"12.88","200":"12.34"},"tiered_pricing_product_settings":{"layout":"default","base_unit_name":{"singular":null,"plural":null},"default_variation":null},"tiered_pricing_minimum_quantity":10,"tiered_pricing_roles_data":[],"tiered_pricing_percentage_rules":[],"tiered_pricing_maximum_quantity":null,"tiered_pricing_quantity_step":"10","_links":{"self":[{"href":"https:\/\/vapemaison.com\/de\/wp-json\/wp\/v2\/product\/22514","targetHints":{"allow":["GET"]}}],"collection":[{"href":"https:\/\/vapemaison.com\/de\/wp-json\/wp\/v2\/product"}],"about":[{"href":"https:\/\/vapemaison.com\/de\/wp-json\/wp\/v2\/types\/product"}],"replies":[{"embeddable":true,"href":"https:\/\/vapemaison.com\/de\/wp-json\/wp\/v2\/comments?post=22514"}],"version-history":[{"count":4,"href":"https:\/\/vapemaison.com\/de\/wp-json\/wp\/v2\/product\/22514\/revisions"}],"predecessor-version":[{"id":26502,"href":"https:\/\/vapemaison.com\/de\/wp-json\/wp\/v2\/product\/22514\/revisions\/26502"}],"wp:featuredmedia":[{"embeddable":true,"href":"https:\/\/vapemaison.com\/de\/wp-json\/wp\/v2\/media\/22568"}],"wp:attachment":[{"href":"https:\/\/vapemaison.com\/de\/wp-json\/wp\/v2\/media?parent=22514"}],"wp:term":[{"taxonomy":"product_brand","embeddable":true,"href":"https:\/\/vapemaison.com\/de\/wp-json\/wp\/v2\/product_brand?post=22514"},{"taxonomy":"product_cat","embeddable":true,"href":"https:\/\/vapemaison.com\/de\/wp-json\/wp\/v2\/product_cat?post=22514"},{"taxonomy":"product_tag","embeddable":true,"href":"https:\/\/vapemaison.com\/de\/wp-json\/wp\/v2\/product_tag?post=22514"}],"curies":[{"name":"wp","href":"https:\/\/api.w.org\/{rel}","templated":true}]}}