

{"id":22779,"date":"2025-12-31T03:28:15","date_gmt":"2025-12-31T03:28:15","guid":{"rendered":"https:\/\/vapemaison.com\/?post_type=product&#038;p=22779"},"modified":"2026-03-19T06:53:35","modified_gmt":"2026-03-19T06:53:35","slug":"bang-blaze-140k-puffs-3-in-1-einweg-vape","status":"publish","type":"product","link":"https:\/\/vapemaison.com\/de\/product\/bang-blaze-140k-puffs-3-in-1-disposable-vape\/","title":{"rendered":"Bang Blaze 140K Puffs - 3-in-1 Einweg-Vape"},"content":{"rendered":"<p>Die f\u00fcr erweiterte Leistung und Geschmacksvielfalt entwickelte <strong>Bang Blaze 140K<\/strong> definiert neu, was ein Einwegdampfer mit hoher Kapazit\u00e4t leisten kann. Mit einer au\u00dfergew\u00f6hnlichen <strong>Lebensdauer von 140.000 Puffs<\/strong> und eine <strong>3-in-1 rotierendes Aromasystem<\/strong>, Dieses Ger\u00e4t wurde entwickelt, um eine Erm\u00fcdung des Geschmacks zu verhindern und gleichzeitig eine konstante Dampfqualit\u00e4t von Anfang bis Ende zu gew\u00e4hrleisten.<\/p>\n\n\n\n<p>Angetrieben von einem fortschrittlichen <strong>Doppelmaschenspule<\/strong>, Bang Blaze erzeugt einen sanfteren Zug, einen reicheren Geschmack und dichte, befriedigende Wolken. A <strong>wiederaufladbare Batterie mit hoher Kapazit\u00e4t<\/strong> mit <strong>Typ-C-Schnellladung<\/strong> sorgt daf\u00fcr, dass das Ger\u00e4t auch bei l\u00e4ngerem Gebrauch nicht schlapp macht, und macht es zu einer zuverl\u00e4ssigen Wahl f\u00fcr Benutzer, die Ausdauer ohne Kompromisse w\u00fcnschen.<\/p>\n\n\n\n<p>Ganz gleich, ob Sie nikotinfrei oder einen st\u00e4rkeren Zug bevorzugen, Bang Blaze bietet mehrere Nikotinst\u00e4rken, um Ihren Vorlieben gerecht zu werden - und das alles in einem schlanken, reisetauglichen Design mit automatischer Entnahme.<\/p>\n\n\n\n<h2 class=\"wp-block-heading\">Hauptmerkmale und Spezifikationen<\/h2>\n\n\n\n<figure class=\"wp-block-table is-style-stripes\"><table class=\"has-fixed-layout\"><thead><tr><th>Merkmal<\/th><th>Spezifikation<\/th><\/tr><\/thead><tbody><tr><td>Puff-Kapazit\u00e4t<\/td><td>Bis zu <strong>140.000 Puffs<\/strong><\/td><\/tr><tr><td>Geschmackssystem<\/td><td><strong>3-in-1-Design f\u00fcr rotierende Aromen<\/strong><\/td><\/tr><tr><td>Nikotin St\u00e4rken<\/td><td>0% \/ 2% \/ 3% \/ 5%<\/td><\/tr><tr><td>Spulen-Technologie<\/td><td><strong>Dual Mesh Spule<\/strong><\/td><\/tr><tr><td>Batteriekapazit\u00e4t<\/td><td><strong>Wiederaufladbarer 850mAh-Akku<\/strong><\/td><\/tr><tr><td>Aufladen<\/td><td><strong>Typ-C-Schnellaufladung<\/strong><\/td><\/tr><tr><td>Freischaltung<\/td><td>Auto-Draw-Sensor<\/td><\/tr><tr><td>Anzeige<\/td><td>LED-Batterie- und Puff-Anzeige<\/td><\/tr><tr><td>Erleben Sie<\/td><td>Glatter Luftstrom, dichter Dampf, gleichm\u00e4\u00dfiger Geschmack<\/td><\/tr><\/tbody><\/table><\/figure>\n\n\n\n<h2 class=\"wp-block-heading\">Warum die Bang Blaze 140K?<\/h2>\n\n\n\n<ul class=\"wp-block-list\">\n<li><strong>Drei Geschmacksrichtungen in einem Ger\u00e4t<\/strong> - sofortiges Umschalten ohne Geschmacksmischung<\/li>\n\n\n\n<li><strong>Doppelmaschige Spulentechnologie<\/strong> f\u00fcr verbesserte Geschmacksklarheit und Wolkendichte<\/li>\n\n\n\n<li><strong>Ultrahohe Puffzahl<\/strong> reduziert die Austauschh\u00e4ufigkeit<\/li>\n\n\n\n<li><strong>Wiederaufladbare Konstruktion<\/strong> f\u00fcr maximalen Wert und Nachhaltigkeit<\/li>\n\n\n\n<li><strong>Intelligente LED-Anzeige<\/strong> informiert Sie \u00fcber Akkulaufzeit und -verbrauch<\/li>\n<\/ul>\n\n\n\n<h2 class=\"wp-block-heading\">Verf\u00fcgbare Geschmackskombinationen<\/h2>\n\n\n\n<ol class=\"wp-block-list\">\n<li>Wassermeloneneis \/ Erdbeer-Litschi \/ Gummib\u00e4rchen<\/li>\n\n\n\n<li>Pfirsicheis \/ Blaubeer-Wassermelone \/ Erdbeer-Zitroneneis<\/li>\n\n\n\n<li>Traubeneis \/ Erdbeer-Mango \/ Gemischte Beeren<\/li>\n\n\n\n<li>Blaubeereis \/ Pfirsich-Mango-Wassermelone \/ Liebe 66<\/li>\n\n\n\n<li>Heidelbeere Himbeere \/ Kiwi Passionsfrucht Guave \/ Ananas Kokosnuss<\/li>\n\n\n\n<li>Erdbeer-Wassermelone \/ Heidelbeer-Pfirsich \/ Schwarze Johannisbeere-Ananas-Eis<\/li>\n\n\n\n<li>Erdbeer-Kiwi \/ Wassermelone Bubblegum \/ Heidelbeer-Kirsche<\/li>\n\n\n\n<li>Black Dragon Ice \/ Erdbeer-Mamba \/ Himbeer-Traube<\/li>\n\n\n\n<li>Mango Pfirsich \/ Heidelbeere Red Bull \/ Apfel Traube<\/li>\n\n\n\n<li>Dreifach Mango \/ Himbeere-Zitrone \/ Heidelbeere-Traube<\/li>\n\n\n\n<li>Zitrone-Limette \/ Aloe Mango-Melone \/ Wassermelone Drachenfrucht<\/li>\n\n\n\n<li>Bananeneis \/ Erdbeereis \/ Wassermelone-Beere<\/li>\n<\/ol>","protected":false},"excerpt":{"rendered":"<p><strong data-start=\"1198\" data-end=\"1251\">Keine Erm\u00fcdung des Geschmacks mehr. Kein st\u00e4ndiges Auswechseln.<\/strong><br data-start=\"1251\" data-end=\"1254\" \/>Bang Blaze 140K M\u00e4hdrescher <strong data-start=\"1279\" data-end=\"1296\">drei Geschmacksrichtungen<\/strong>, <strong data-start=\"1298\" data-end=\"1323\">Leistung mit zwei Maschen<\/strong>, und <strong data-start=\"1329\" data-end=\"1354\">massive Puffkapazit\u00e4t<\/strong> in einem wiederaufladbaren Einwegger\u00e4t - entwickelt f\u00fcr maximalen Nutzen und Zufriedenheit.<\/p>","protected":false},"featured_media":22852,"comment_status":"open","ping_status":"closed","template":"","meta":[],"product_brand":[57],"product_cat":[142,16],"product_tag":[],"class_list":{"0":"post-22779","1":"product","2":"type-product","3":"status-publish","4":"has-post-thumbnail","6":"product_brand-bang","7":"product_cat-eu-stock","8":"product_cat-uncategorized","10":"first","11":"instock","12":"sale","13":"featured","14":"shipping-taxable","15":"purchasable","16":"product-type-variable"},"yoast_head":"<!-- This site is optimized with the Yoast SEO plugin v27.4 - https:\/\/yoast.com\/product\/yoast-seo-wordpress\/ -->\n<title>Bang Blaze 140K Puffs 3-in-1 Disposable Vape | Dual Mesh Coil<\/title>\n<meta name=\"description\" content=\"Bang Blaze 140K disposable vape with 3-in-1 rotating flavors, dual mesh coil, rechargeable battery, and up to 140,000 puffs. Long-lasting, smooth, and powerful.\" \/>\n<meta name=\"robots\" content=\"index, follow, max-snippet:-1, max-image-preview:large, max-video-preview:-1\" \/>\n<link rel=\"canonical\" href=\"https:\/\/vapemaison.com\/de\/product\/bang-blaze-140k-puffs-3-in-1-einweg-vape\/\" \/>\n<meta property=\"og:locale\" content=\"de_DE\" \/>\n<meta property=\"og:type\" content=\"article\" \/>\n<meta property=\"og:title\" content=\"Bang Blaze 140K Puffs 3-in-1 Disposable Vape | Dual Mesh Coil\" \/>\n<meta property=\"og:description\" content=\"Bang Blaze 140K disposable vape with 3-in-1 rotating flavors, dual mesh coil, rechargeable battery, and up to 140,000 puffs. Long-lasting, smooth, and powerful.\" \/>\n<meta property=\"og:url\" content=\"https:\/\/vapemaison.com\/de\/product\/bang-blaze-140k-puffs-3-in-1-einweg-vape\/\" \/>\n<meta property=\"og:site_name\" content=\"VapeMaison\" \/>\n<meta property=\"article:modified_time\" content=\"2026-03-19T06:53:35+00:00\" \/>\n<meta property=\"og:image\" content=\"https:\/\/vapemaison.com\/wp-content\/uploads\/2025\/12\/bang-blaze-140k-puffs-flavor-teiple-mango-raspberry-lemon-blueberry-grape.png\" \/>\n\t<meta property=\"og:image:width\" content=\"2363\" \/>\n\t<meta property=\"og:image:height\" content=\"2363\" \/>\n\t<meta property=\"og:image:type\" content=\"image\/png\" \/>\n<meta name=\"twitter:card\" content=\"summary_large_image\" \/>\n<meta name=\"twitter:label1\" content=\"Gesch\u00e4tzte Lesezeit\" \/>\n\t<meta name=\"twitter:data1\" content=\"2\u00a0Minuten\" \/>\n<!-- \/ Yoast SEO plugin. -->","yoast_head_json":{"title":"Bang Blaze 140K Puffs 3-in-1 Einweg Vape | Dual Mesh Coil","description":"Bang Blaze 140K Einwegdampfer mit 3-in-1 rotierenden Aromen, Dual-Mesh-Spule, wiederaufladbarem Akku und bis zu 140.000 Z\u00fcgen. Langanhaltend, sanft und kraftvoll.","robots":{"index":"index","follow":"follow","max-snippet":"max-snippet:-1","max-image-preview":"max-image-preview:large","max-video-preview":"max-video-preview:-1"},"canonical":"https:\/\/vapemaison.com\/de\/product\/bang-blaze-140k-puffs-3-in-1-einweg-vape\/","og_locale":"de_DE","og_type":"article","og_title":"Bang Blaze 140K Puffs 3-in-1 Disposable Vape | Dual Mesh Coil","og_description":"Bang Blaze 140K disposable vape with 3-in-1 rotating flavors, dual mesh coil, rechargeable battery, and up to 140,000 puffs. Long-lasting, smooth, and powerful.","og_url":"https:\/\/vapemaison.com\/de\/product\/bang-blaze-140k-puffs-3-in-1-einweg-vape\/","og_site_name":"VapeMaison","article_modified_time":"2026-03-19T06:53:35+00:00","og_image":[{"width":2363,"height":2363,"url":"https:\/\/vapemaison.com\/wp-content\/uploads\/2025\/12\/bang-blaze-140k-puffs-flavor-teiple-mango-raspberry-lemon-blueberry-grape.png","type":"image\/png"}],"twitter_card":"summary_large_image","twitter_misc":{"Gesch\u00e4tzte Lesezeit":"2\u00a0Minuten"},"schema":{"@context":"https:\/\/schema.org","@graph":[{"@type":"WebPage","@id":"https:\/\/vapemaison.com\/product\/bang-blaze-140k-puffs-3-in-1-disposable-vape\/","url":"https:\/\/vapemaison.com\/product\/bang-blaze-140k-puffs-3-in-1-disposable-vape\/","name":"Bang Blaze 140K Puffs 3-in-1 Einweg Vape | Dual Mesh Coil","isPartOf":{"@id":"https:\/\/vapemaison.com\/#website"},"primaryImageOfPage":{"@id":"https:\/\/vapemaison.com\/product\/bang-blaze-140k-puffs-3-in-1-disposable-vape\/#primaryimage"},"image":{"@id":"https:\/\/vapemaison.com\/product\/bang-blaze-140k-puffs-3-in-1-disposable-vape\/#primaryimage"},"thumbnailUrl":"https:\/\/vapemaison.com\/wp-content\/uploads\/2025\/12\/bang-blaze-140k-puffs-flavor-teiple-mango-raspberry-lemon-blueberry-grape.png","datePublished":"2025-12-31T03:28:15+00:00","dateModified":"2026-03-19T06:53:35+00:00","description":"Bang Blaze 140K Einwegdampfer mit 3-in-1 rotierenden Aromen, Dual-Mesh-Spule, wiederaufladbarem Akku und bis zu 140.000 Z\u00fcgen. Langanhaltend, sanft und kraftvoll.","breadcrumb":{"@id":"https:\/\/vapemaison.com\/product\/bang-blaze-140k-puffs-3-in-1-disposable-vape\/#breadcrumb"},"inLanguage":"de","potentialAction":[{"@type":"ReadAction","target":["https:\/\/vapemaison.com\/product\/bang-blaze-140k-puffs-3-in-1-disposable-vape\/"]}]},{"@type":"ImageObject","inLanguage":"de","@id":"https:\/\/vapemaison.com\/product\/bang-blaze-140k-puffs-3-in-1-disposable-vape\/#primaryimage","url":"https:\/\/vapemaison.com\/wp-content\/uploads\/2025\/12\/bang-blaze-140k-puffs-flavor-teiple-mango-raspberry-lemon-blueberry-grape.png","contentUrl":"https:\/\/vapemaison.com\/wp-content\/uploads\/2025\/12\/bang-blaze-140k-puffs-flavor-teiple-mango-raspberry-lemon-blueberry-grape.png","width":2363,"height":2363,"caption":"bang-blaze-140k-puffs-flavor-teiple-mango-raspberry-lemon-blueberry-grape"},{"@type":"BreadcrumbList","@id":"https:\/\/vapemaison.com\/product\/bang-blaze-140k-puffs-3-in-1-disposable-vape\/#breadcrumb","itemListElement":[{"@type":"ListItem","position":1,"name":"\u9996\u9875","item":"https:\/\/vapemaison.com\/"},{"@type":"ListItem","position":2,"name":"Shop","item":"https:\/\/vapemaison.com\/shop\/"},{"@type":"ListItem","position":3,"name":"Bang","item":"https:\/\/vapemaison.com\/brand\/bang\/"},{"@type":"ListItem","position":4,"name":"Bang Blaze 140K Puffs \u2013 3-in-1 Disposable Vape"}]},{"@type":"WebSite","@id":"https:\/\/vapemaison.com\/#website","url":"https:\/\/vapemaison.com\/","name":"VapeMaison","description":"Premium Vaping-Ger\u00e4te und Zubeh\u00f6r","publisher":{"@id":"https:\/\/vapemaison.com\/#organization"},"potentialAction":[{"@type":"SearchAction","target":{"@type":"EntryPoint","urlTemplate":"https:\/\/vapemaison.com\/?s={search_term_string}"},"query-input":{"@type":"PropertyValueSpecification","valueRequired":true,"valueName":"search_term_string"}}],"inLanguage":"de"},{"@type":"Organization","@id":"https:\/\/vapemaison.com\/#organization","name":"VapeMaison","url":"https:\/\/vapemaison.com\/","logo":{"@type":"ImageObject","inLanguage":"de","@id":"https:\/\/vapemaison.com\/#\/schema\/logo\/image\/","url":"https:\/\/vapemaison.com\/wp-content\/uploads\/2026\/01\/cropped-vapemaison-logo-g-2026.webp","contentUrl":"https:\/\/vapemaison.com\/wp-content\/uploads\/2026\/01\/cropped-vapemaison-logo-g-2026.webp","width":350,"height":280,"caption":"VapeMaison"},"image":{"@id":"https:\/\/vapemaison.com\/#\/schema\/logo\/image\/"},"sameAs":["https:\/\/www.youtube.com\/@VapeMaison"]}]}},"tiered_pricing_type":"fixed","tiered_pricing_fixed_rules":{"30":"11.98","50":"11.36","100":"10.21","200":"9.55"},"tiered_pricing_product_settings":{"layout":"default","base_unit_name":{"singular":null,"plural":null},"default_variation":null},"tiered_pricing_minimum_quantity":10,"tiered_pricing_roles_data":[],"tiered_pricing_percentage_rules":[],"tiered_pricing_maximum_quantity":null,"tiered_pricing_quantity_step":"10","_links":{"self":[{"href":"https:\/\/vapemaison.com\/de\/wp-json\/wp\/v2\/product\/22779","targetHints":{"allow":["GET"]}}],"collection":[{"href":"https:\/\/vapemaison.com\/de\/wp-json\/wp\/v2\/product"}],"about":[{"href":"https:\/\/vapemaison.com\/de\/wp-json\/wp\/v2\/types\/product"}],"replies":[{"embeddable":true,"href":"https:\/\/vapemaison.com\/de\/wp-json\/wp\/v2\/comments?post=22779"}],"version-history":[{"count":3,"href":"https:\/\/vapemaison.com\/de\/wp-json\/wp\/v2\/product\/22779\/revisions"}],"predecessor-version":[{"id":22854,"href":"https:\/\/vapemaison.com\/de\/wp-json\/wp\/v2\/product\/22779\/revisions\/22854"}],"wp:featuredmedia":[{"embeddable":true,"href":"https:\/\/vapemaison.com\/de\/wp-json\/wp\/v2\/media\/22852"}],"wp:attachment":[{"href":"https:\/\/vapemaison.com\/de\/wp-json\/wp\/v2\/media?parent=22779"}],"wp:term":[{"taxonomy":"product_brand","embeddable":true,"href":"https:\/\/vapemaison.com\/de\/wp-json\/wp\/v2\/product_brand?post=22779"},{"taxonomy":"product_cat","embeddable":true,"href":"https:\/\/vapemaison.com\/de\/wp-json\/wp\/v2\/product_cat?post=22779"},{"taxonomy":"product_tag","embeddable":true,"href":"https:\/\/vapemaison.com\/de\/wp-json\/wp\/v2\/product_tag?post=22779"}],"curies":[{"name":"wp","href":"https:\/\/api.w.org\/{rel}","templated":true}]}}