

{"id":24039,"date":"2026-01-04T10:00:22","date_gmt":"2026-01-04T10:00:22","guid":{"rendered":"https:\/\/vapemaison.com\/?post_type=product&#038;p=24039"},"modified":"2026-01-14T02:54:00","modified_gmt":"2026-01-14T02:54:00","slug":"solaris-champagner-30000-30k-puffs-wegwerfbares-vape","status":"publish","type":"product","link":"https:\/\/vapemaison.com\/de\/product\/solaris-champagne-30000-30k-puffs-disposable-vape\/","title":{"rendered":"Solaris Champagner 30000 - 30K Puffs Einweg Vape"},"content":{"rendered":"<p>Die <strong>Solaris Champagner 30000 (30K Puffs)<\/strong> ist ein Einwegdampfer mit hoher Kapazit\u00e4t, der f\u00fcr Benutzer entwickelt wurde, die eine lange Lebensdauer, eine stabile Leistung und eine auff\u00e4llige \u00c4sthetik erwarten. Die Kombination von bis zu <strong>30.000 Z\u00fcge<\/strong>, a <strong>20mL e-Fl\u00fcssigkeitsbeh\u00e4lter<\/strong>, und eine <strong>raffiniertes Design der Champagnerflasche<\/strong>, Sie ist nicht nur optisch ansprechend, sondern auch zuverl\u00e4ssig im t\u00e4glichen Gebrauch und muss seltener ausgetauscht werden.<\/p>\n\n\n\n<p>Angetrieben von einem <strong>1.2\u03a9 Maschenspule<\/strong>, Das Ger\u00e4t sorgt f\u00fcr einen gleichm\u00e4\u00dfigen Luftstrom, eine konstante Dampfdichte und einen reichen Geschmackserhalt vom ersten bis zum letzten Zug. A <strong>600mAh-Akku mit Typ-C-Schnellladung<\/strong> bietet \u00fcber seine gesamte Lebensdauer hinweg eine stabile Leistung.<\/p>\n\n\n\n<p>Mit einem ausgewogenen <strong>2% Nikotinst\u00e4rke<\/strong>, ins Auge fallend <strong>LED-Lichteffekte<\/strong>, und <strong>10 beliebte Geschmacksrichtungen<\/strong>, ist der Solaris Champagne 30K gut geeignet f\u00fcr <strong>Einzelhandelsregale, Online-Verkauf und Gro\u00dfhandelsvertrieb<\/strong>.<\/p>\n\n\n\n<h3 class=\"wp-block-heading\">Wichtigste Verkaufsargumente<\/h3>\n\n\n\n<ul class=\"wp-block-list\">\n<li><strong>Bis zu 30.000 Puffs<\/strong><br>Der besonders lange Nutzungszyklus reduziert die Austauschh\u00e4ufigkeit und verbessert die Kosteneffizienz.<\/li>\n\n\n\n<li><strong>20mL gro\u00dfe E-Liquid Kapazit\u00e4t<\/strong><br>Erm\u00f6glicht l\u00e4ngeres Dampfen ohne Geschmacksverluste.<\/li>\n\n\n\n<li><strong>1.2\u03a9 Mesh-Spulen-Technologie<\/strong><br>Gleichm\u00e4\u00dfiger Zug, gleichm\u00e4\u00dfige Erw\u00e4rmung und konsistente Geschmacksleistung.<\/li>\n\n\n\n<li><strong>Champagnerflaschen-Design + LED-Licht<\/strong><br>Hochwertiges, geschenkf\u00e4higes Erscheinungsbild, das sich von der Konkurrenz abhebt.<\/li>\n\n\n\n<li><strong>600mAh wiederaufladbarer Akku (Typ-C)<\/strong><br>Zuverl\u00e4ssige Stromversorgung mit bequemer Wiederaufladung.<\/li>\n\n\n\n<li><strong>Balanced 2% Nikotinst\u00e4rke<\/strong><br>Geeignet f\u00fcr ein breites Spektrum von Nutzern, die eine reibungslose Befriedigung suchen.<\/li>\n<\/ul>\n\n\n\n<h3 class=\"wp-block-heading\">Produktspezifikationen<\/h3>\n\n\n\n<figure class=\"wp-block-table is-style-stripes\"><table class=\"has-fixed-layout\"><thead><tr><th>Merkmal<\/th><th>Beschreibung<\/th><\/tr><\/thead><tbody><tr><td>Anzahl der Puffs<\/td><td>Bis zu 30.000 Z\u00fcge<\/td><\/tr><tr><td>Nikotinst\u00e4rke<\/td><td>2%<\/td><\/tr><tr><td>E-Liquid Kapazit\u00e4t<\/td><td>20mL<\/td><\/tr><tr><td>Spule Typ<\/td><td>1.2\u03a9 Masche Spule<\/td><\/tr><tr><td>Batteriekapazit\u00e4t<\/td><td>600mAh (wiederaufladbar)<\/td><\/tr><tr><td>Ladeanschluss<\/td><td>Typ-C<\/td><\/tr><tr><td>Gestaltung<\/td><td>Form einer Champagnerflasche<\/td><\/tr><tr><td>Beleuchtung<\/td><td>LED-Lichteffekt<\/td><\/tr><tr><td>Geschmacksoptionen<\/td><td>10 Geschmacksrichtungen verf\u00fcgbar<\/td><\/tr><tr><td>Verpackung<\/td><td>10 St\u00fcck \/ Schachtel<\/td><\/tr><\/tbody><\/table><\/figure>\n\n\n\n<h3 class=\"wp-block-heading\">Verf\u00fcgbare Geschmacksrichtungen<\/h3>\n\n\n\n<ul class=\"wp-block-list\">\n<li>Erdbeer-Kiwi<\/li>\n\n\n\n<li>Blauer Razzia Kirsche<\/li>\n\n\n\n<li>Gemischte Beeren<\/li>\n\n\n\n<li>Heidelbeere-Himbeere<\/li>\n\n\n\n<li>Wei\u00dfer Trauben-Champagner<\/li>\n\n\n\n<li>Saftiger Pfirsich<\/li>\n\n\n\n<li>Erdbeere Wassermelone<\/li>\n\n\n\n<li>Weintraube Wassermelone<\/li>\n\n\n\n<li>Wassermelone Eis<\/li>\n\n\n\n<li>Dreifache Mango<\/li>\n<\/ul>","protected":false},"excerpt":{"rendered":"<div class=\"text-base my-auto mx-auto pb-10 [--thread-content-margin:--spacing(4)] @w-sm\/main:[--thread-content-margin:--spacing(6)] @w-lg\/main:[--thread-content-margin:--spacing(16)] px-(--thread-content-margin)\">\n<div class=\"[--thread-content-max-width:40rem] @w-lg\/main:[--thread-content-max-width:48rem] mx-auto max-w-(--thread-content-max-width) flex-1 group\/turn-messages focus-visible:outline-hidden relative flex w-full min-w-0 flex-col agent-turn\" tabindex=\"-1\">\n<div class=\"flex max-w-full flex-col grow\">\n<div class=\"min-h-8 text-message relative flex w-full flex-col items-end gap-2 text-start break-words whitespace-normal [.text-message+&amp;]:mt-1\" dir=\"auto\" data-message-author-role=\"assistant\" data-message-id=\"5974df6b-e8ee-47b4-974c-d9474c0b01fb\" data-message-model-slug=\"gpt-5-2\">\n<div class=\"flex w-full flex-col gap-1 empty:hidden first:pt-[1px]\">\n<div class=\"markdown prose dark:prose-invert w-full break-words light markdown-new-styling\">\n<p data-start=\"0\" data-end=\"386\" data-is-last-node=\"\" data-is-only-node=\"\">Solaris Champagne 30000 is a premium disposable vape offering up to 30,000 puffs with a large 20 mL e-liquid capacity. Featuring a smooth 1.2\u03a9 mesh coil, rechargeable 600 mAh Type-C battery, and an elegant champagne bottle design with LED lighting, it delivers long-lasting performance, rich flavor, and standout shelf appeal\u2014ideal for users seeking reliability and style in one device.<\/p>\n<\/div>\n<\/div>\n<\/div>\n<\/div>\n<\/div>\n<\/div>\n","protected":false},"featured_media":24045,"comment_status":"open","ping_status":"closed","template":"","meta":[],"product_brand":[],"product_cat":[134],"product_tag":[],"class_list":{"0":"post-24039","1":"product","2":"type-product","3":"status-publish","4":"has-post-thumbnail","6":"product_cat-30k-puffs","8":"first","9":"instock","10":"sale","11":"featured","12":"shipping-taxable","13":"purchasable","14":"product-type-variable"},"yoast_head":"<!-- This site is optimized with the Yoast SEO plugin v27.4 - https:\/\/yoast.com\/product\/yoast-seo-wordpress\/ -->\n<title>Solaris Champagne 30000 Disposable Vape | 30K Puffs, 20mL<\/title>\n<meta name=\"description\" content=\"Solaris Champagne 30000 disposable vape delivers up to 30,000 puffs with 20mL e-liquid, 2% nicotine, 1.2\u03a9 mesh coil, LED light, and Type-C rechargeable battery.\" \/>\n<meta name=\"robots\" content=\"index, follow, max-snippet:-1, max-image-preview:large, max-video-preview:-1\" \/>\n<link rel=\"canonical\" href=\"https:\/\/vapemaison.com\/de\/product\/solaris-champagner-30000-30k-puffs-wegwerfbares-vape\/\" \/>\n<meta property=\"og:locale\" content=\"de_DE\" \/>\n<meta property=\"og:type\" content=\"article\" \/>\n<meta property=\"og:title\" content=\"Solaris Champagne 30000 Disposable Vape | 30K Puffs, 20mL\" \/>\n<meta property=\"og:description\" content=\"Solaris Champagne 30000 disposable vape delivers up to 30,000 puffs with 20mL e-liquid, 2% nicotine, 1.2\u03a9 mesh coil, LED light, and Type-C rechargeable battery.\" \/>\n<meta property=\"og:url\" content=\"https:\/\/vapemaison.com\/de\/product\/solaris-champagner-30000-30k-puffs-wegwerfbares-vape\/\" \/>\n<meta property=\"og:site_name\" content=\"VapeMaison\" \/>\n<meta property=\"article:modified_time\" content=\"2026-01-14T02:54:00+00:00\" \/>\n<meta property=\"og:image\" content=\"https:\/\/vapemaison.com\/wp-content\/uploads\/2026\/01\/solaris-champagne-30000-30k-puffs-main-picture.jpg.webp\" \/>\n\t<meta property=\"og:image:width\" content=\"2048\" \/>\n\t<meta property=\"og:image:height\" content=\"2048\" \/>\n\t<meta property=\"og:image:type\" content=\"image\/webp\" \/>\n<meta name=\"twitter:card\" content=\"summary_large_image\" \/>\n<meta name=\"twitter:label1\" content=\"Gesch\u00e4tzte Lesezeit\" \/>\n\t<meta name=\"twitter:data1\" content=\"2\u00a0Minuten\" \/>\n<!-- \/ Yoast SEO plugin. -->","yoast_head_json":{"title":"Solaris Champagner 30000 Einweg Vape | 30K Puffs, 20mL","description":"Solaris Champagne 30000 Einweg-Dampfger\u00e4t liefert bis zu 30.000 Z\u00fcge mit 20mL e-Fl\u00fcssigkeit, 2% Nikotin, 1,2\u03a9 Mesh-Spule, LED-Licht und Typ-C-Akku.","robots":{"index":"index","follow":"follow","max-snippet":"max-snippet:-1","max-image-preview":"max-image-preview:large","max-video-preview":"max-video-preview:-1"},"canonical":"https:\/\/vapemaison.com\/de\/product\/solaris-champagner-30000-30k-puffs-wegwerfbares-vape\/","og_locale":"de_DE","og_type":"article","og_title":"Solaris Champagne 30000 Disposable Vape | 30K Puffs, 20mL","og_description":"Solaris Champagne 30000 disposable vape delivers up to 30,000 puffs with 20mL e-liquid, 2% nicotine, 1.2\u03a9 mesh coil, LED light, and Type-C rechargeable battery.","og_url":"https:\/\/vapemaison.com\/de\/product\/solaris-champagner-30000-30k-puffs-wegwerfbares-vape\/","og_site_name":"VapeMaison","article_modified_time":"2026-01-14T02:54:00+00:00","og_image":[{"width":2048,"height":2048,"url":"https:\/\/vapemaison.com\/wp-content\/uploads\/2026\/01\/solaris-champagne-30000-30k-puffs-main-picture.jpg.webp","type":"image\/webp"}],"twitter_card":"summary_large_image","twitter_misc":{"Gesch\u00e4tzte Lesezeit":"2\u00a0Minuten"},"schema":{"@context":"https:\/\/schema.org","@graph":[{"@type":"WebPage","@id":"https:\/\/vapemaison.com\/product\/solaris-champagne-30000-30k-puffs-disposable-vape\/","url":"https:\/\/vapemaison.com\/product\/solaris-champagne-30000-30k-puffs-disposable-vape\/","name":"Solaris Champagner 30000 Einweg Vape | 30K Puffs, 20mL","isPartOf":{"@id":"https:\/\/vapemaison.com\/#website"},"primaryImageOfPage":{"@id":"https:\/\/vapemaison.com\/product\/solaris-champagne-30000-30k-puffs-disposable-vape\/#primaryimage"},"image":{"@id":"https:\/\/vapemaison.com\/product\/solaris-champagne-30000-30k-puffs-disposable-vape\/#primaryimage"},"thumbnailUrl":"https:\/\/vapemaison.com\/wp-content\/uploads\/2026\/01\/solaris-champagne-30000-30k-puffs-main-picture.jpg.webp","datePublished":"2026-01-04T10:00:22+00:00","dateModified":"2026-01-14T02:54:00+00:00","description":"Solaris Champagne 30000 Einweg-Dampfger\u00e4t liefert bis zu 30.000 Z\u00fcge mit 20mL e-Fl\u00fcssigkeit, 2% Nikotin, 1,2\u03a9 Mesh-Spule, LED-Licht und Typ-C-Akku.","breadcrumb":{"@id":"https:\/\/vapemaison.com\/product\/solaris-champagne-30000-30k-puffs-disposable-vape\/#breadcrumb"},"inLanguage":"de","potentialAction":[{"@type":"ReadAction","target":["https:\/\/vapemaison.com\/product\/solaris-champagne-30000-30k-puffs-disposable-vape\/"]}]},{"@type":"ImageObject","inLanguage":"de","@id":"https:\/\/vapemaison.com\/product\/solaris-champagne-30000-30k-puffs-disposable-vape\/#primaryimage","url":"https:\/\/vapemaison.com\/wp-content\/uploads\/2026\/01\/solaris-champagne-30000-30k-puffs-main-picture.jpg.webp","contentUrl":"https:\/\/vapemaison.com\/wp-content\/uploads\/2026\/01\/solaris-champagne-30000-30k-puffs-main-picture.jpg.webp","width":2048,"height":2048,"caption":"solaris-champagne-30000-30k-puffs-main-picture.jpg"},{"@type":"BreadcrumbList","@id":"https:\/\/vapemaison.com\/product\/solaris-champagne-30000-30k-puffs-disposable-vape\/#breadcrumb","itemListElement":[{"@type":"ListItem","position":1,"name":"\u9996\u9875","item":"https:\/\/vapemaison.com\/"},{"@type":"ListItem","position":2,"name":"Shop","item":"https:\/\/vapemaison.com\/shop\/"},{"@type":"ListItem","position":3,"name":"Solaris Champagne 30000 \u2013 30K Puffs Disposable Vape"}]},{"@type":"WebSite","@id":"https:\/\/vapemaison.com\/#website","url":"https:\/\/vapemaison.com\/","name":"VapeMaison","description":"Premium Vaping-Ger\u00e4te und Zubeh\u00f6r","publisher":{"@id":"https:\/\/vapemaison.com\/#organization"},"potentialAction":[{"@type":"SearchAction","target":{"@type":"EntryPoint","urlTemplate":"https:\/\/vapemaison.com\/?s={search_term_string}"},"query-input":{"@type":"PropertyValueSpecification","valueRequired":true,"valueName":"search_term_string"}}],"inLanguage":"de"},{"@type":"Organization","@id":"https:\/\/vapemaison.com\/#organization","name":"VapeMaison","url":"https:\/\/vapemaison.com\/","logo":{"@type":"ImageObject","inLanguage":"de","@id":"https:\/\/vapemaison.com\/#\/schema\/logo\/image\/","url":"https:\/\/vapemaison.com\/wp-content\/uploads\/2026\/01\/cropped-vapemaison-logo-g-2026.webp","contentUrl":"https:\/\/vapemaison.com\/wp-content\/uploads\/2026\/01\/cropped-vapemaison-logo-g-2026.webp","width":350,"height":280,"caption":"VapeMaison"},"image":{"@id":"https:\/\/vapemaison.com\/#\/schema\/logo\/image\/"},"sameAs":["https:\/\/www.youtube.com\/@VapeMaison"]}]}},"tiered_pricing_type":"fixed","tiered_pricing_fixed_rules":{"30":"9.36","50":"8.84","100":"7.98","200":"7.26"},"tiered_pricing_product_settings":{"layout":"default","base_unit_name":{"singular":null,"plural":null},"default_variation":null},"tiered_pricing_minimum_quantity":10,"tiered_pricing_roles_data":[],"tiered_pricing_percentage_rules":[],"tiered_pricing_maximum_quantity":null,"tiered_pricing_quantity_step":"10","_links":{"self":[{"href":"https:\/\/vapemaison.com\/de\/wp-json\/wp\/v2\/product\/24039","targetHints":{"allow":["GET"]}}],"collection":[{"href":"https:\/\/vapemaison.com\/de\/wp-json\/wp\/v2\/product"}],"about":[{"href":"https:\/\/vapemaison.com\/de\/wp-json\/wp\/v2\/types\/product"}],"replies":[{"embeddable":true,"href":"https:\/\/vapemaison.com\/de\/wp-json\/wp\/v2\/comments?post=24039"}],"version-history":[{"count":3,"href":"https:\/\/vapemaison.com\/de\/wp-json\/wp\/v2\/product\/24039\/revisions"}],"predecessor-version":[{"id":25104,"href":"https:\/\/vapemaison.com\/de\/wp-json\/wp\/v2\/product\/24039\/revisions\/25104"}],"wp:featuredmedia":[{"embeddable":true,"href":"https:\/\/vapemaison.com\/de\/wp-json\/wp\/v2\/media\/24045"}],"wp:attachment":[{"href":"https:\/\/vapemaison.com\/de\/wp-json\/wp\/v2\/media?parent=24039"}],"wp:term":[{"taxonomy":"product_brand","embeddable":true,"href":"https:\/\/vapemaison.com\/de\/wp-json\/wp\/v2\/product_brand?post=24039"},{"taxonomy":"product_cat","embeddable":true,"href":"https:\/\/vapemaison.com\/de\/wp-json\/wp\/v2\/product_cat?post=24039"},{"taxonomy":"product_tag","embeddable":true,"href":"https:\/\/vapemaison.com\/de\/wp-json\/wp\/v2\/product_tag?post=24039"}],"curies":[{"name":"wp","href":"https:\/\/api.w.org\/{rel}","templated":true}]}}