

{"id":25109,"date":"2026-01-06T07:43:59","date_gmt":"2026-01-06T07:43:59","guid":{"rendered":"https:\/\/vapemaison.com\/?post_type=product&#038;p=25109"},"modified":"2026-01-06T09:02:14","modified_gmt":"2026-01-06T09:02:14","slug":"jnr-alien-10000-puffs-wegwerfbare-vape","status":"publish","type":"product","link":"https:\/\/vapemaison.com\/de\/product\/jnr-alien-10000-puffs-disposable-vape\/","title":{"rendered":"JNR Alien 10000 Puffs Einweg Vape"},"content":{"rendered":"<p>Die <strong>JNR Alien 10000 Puffs Einweg Vape<\/strong> ist ein hochwertiges, wiederaufladbares Einwegger\u00e4t f\u00fcr Dampfer, die nach <strong>Langlebige Leistung, reichhaltiger Geschmack und Alltagstauglichkeit<\/strong>. Produziert von der bew\u00e4hrten <strong>Marke JNR<\/strong>, bietet es bis zu <strong>10.000 Z\u00fcge<\/strong>, und bietet ein sp\u00fcrbar l\u00e4ngeres Dampferlebnis als herk\u00f6mmliche Einwegger\u00e4te.<\/p>\n\n\n\n<p>Angetrieben von einem zuverl\u00e4ssigen <strong>850 mAh wiederaufladbare Batterie<\/strong> mit <strong>USB Typ-C Schnellladung<\/strong>, Der JNR Alien gew\u00e4hrleistet eine stabile Leistung und eine gleichm\u00e4\u00dfige Dampfproduktion vom ersten bis zum letzten Zug. Sein <strong>1.2\u03a9 Maschenspulen-Technologie<\/strong> bietet eine gleichm\u00e4\u00dfige Erw\u00e4rmung, verbesserte Geschmacksklarheit, sanfte Z\u00fcge und dichte Dampfwolken.<\/p>\n\n\n\n<p>Vorgef\u00fcllt mit <strong>20 ml E-Fl\u00fcssigkeit<\/strong>, Mit dem JNR Alien 10K entf\u00e4llt die Notwendigkeit des Nachf\u00fcllens und der Wartung, was ihn zu einer idealen Wahl sowohl f\u00fcr den t\u00e4glichen Gebrauch als auch f\u00fcr l\u00e4ngere Vaping-Sessions macht. Mit <strong>20+ sorgf\u00e4ltig zusammengestellte Geschmacksrichtungen<\/strong>, Mit dem neuen Produkt wird eine breite Palette von Geschmacksvorlieben abgedeckt - von fruchtig und eisig bis hin zu s\u00fc\u00df und klassisch.<\/p>\n\n\n\n<p>Unter <strong>VapeMaison<\/strong>, Wir haben es uns zur Aufgabe gemacht, authentische, qualitativ hochwertige Vaping-Produkte zu wettbewerbsf\u00e4higen Preisen anzubieten, unterst\u00fctzt durch zuverl\u00e4ssigen Service und schnellen Versand in ganz Europa.<\/p>\n\n\n\n<h2 class=\"wp-block-heading\"><strong>Produktspezifikationen<\/strong><\/h2>\n\n\n\n<figure class=\"wp-block-table is-style-stripes\"><table class=\"has-fixed-layout\"><thead><tr><th>Merkmal<\/th><th>Beschreibung<\/th><\/tr><\/thead><tbody><tr><td>Puff-Kapazit\u00e4t<\/td><td>Bis zu 10.000 Z\u00fcge<\/td><\/tr><tr><td>Batteriekapazit\u00e4t<\/td><td>850 mAh wiederaufladbare Batterie<\/td><\/tr><tr><td>Ladeanschluss<\/td><td>USB Typ-C Schnellladung<\/td><\/tr><tr><td>E-Fl\u00fcssigkeit Kapazit\u00e4t<\/td><td>20 ml vorgef\u00fcllt<\/td><\/tr><tr><td>Spule Typ<\/td><td>1.2\u03a9 hochwertige Netzspule<\/td><\/tr><tr><td>Geschmacksoptionen<\/td><td>Mehr als 20 Geschmacksrichtungen verf\u00fcgbar<\/td><\/tr><tr><td>Gestaltung<\/td><td>Kompaktes, ergonomisches, futuristisches Design<\/td><\/tr><tr><td>Verwendung<\/td><td>Wegwerfbar, kein Nachf\u00fcllen erforderlich<\/td><\/tr><\/tbody><\/table><\/figure>\n\n\n\n<h2 class=\"wp-block-heading\"><strong>Beste Preise f\u00fcr JNR Alien 10000 Puffs bei VapeMaison<\/strong><\/h2>\n\n\n\n<p>Unter <strong>VapeMaison<\/strong>, bieten wir die <strong>JNR Alien 10000<\/strong> zu einem au\u00dfergew\u00f6hnlichen Preis von <strong>\u20ac18.99<\/strong>, So k\u00f6nnen Sie eine erstklassige Verdampfungsleistung genie\u00dfen, ohne zu viel Geld auszugeben.<\/p>\n\n\n\n<h3 class=\"wp-block-heading\"><strong>Bulk Deals - mehr sparen<\/strong><\/h3>\n\n\n\n<figure class=\"wp-block-table is-style-stripes\"><table class=\"has-fixed-layout\"><thead><tr><th>Angebot<\/th><th>Preis<\/th><th>Ersparnisse<\/th><\/tr><\/thead><tbody><tr><td>3 kaufen<\/td><td>\u20ac50.99<\/td><td>5,98 \u20ac sparen<\/td><\/tr><tr><td>5 kaufen<\/td><td>\u20ac77.99<\/td><td>16,96 \u20ac sparen<\/td><\/tr><tr><td>Kaufen 10<\/td><td>\u20ac102.99<\/td><td>Sparen Sie \u20ac86,91<\/td><\/tr><\/tbody><\/table><\/figure>\n\n\n\n<p>Diese Mengenangebote sind ideal f\u00fcr regelm\u00e4\u00dfige Vaper und Gro\u00dfabnehmer, die <strong>maximaler Wert und langfristiger Komfort<\/strong>.<\/p>\n\n\n\n<h2 class=\"wp-block-heading\"><strong>Top JNR Alien 10000 Geschmacksrichtungen<\/strong><\/h2>\n\n\n\n<p>Der JNR Alien 10K bietet eine vielf\u00e4ltige Auswahl an Geschmacksrichtungen, die f\u00fcr eine sanfte, befriedigende und konsistente Geschmacksabgabe entwickelt wurden.<\/p>\n\n\n\n<p><strong>Beliebte Geschmacksrichtungen sind:<\/strong><\/p>\n\n\n\n<ul class=\"wp-block-list\">\n<li>Blaues Razzeis<\/li>\n\n\n\n<li>Heidelbeere auf Eis<\/li>\n\n\n\n<li>Sprudel-Kirsch-Cola<\/li>\n\n\n\n<li>Heidelbeere-Kiwi<\/li>\n\n\n\n<li>Pfirsich-Blaubeer-Bonbon<\/li>\n\n\n\n<li>Wassermelone Kaugummi<\/li>\n\n\n\n<li>Erdbeer-Wassermelonen-Eis<\/li>\n\n\n\n<li>Zitrone &amp; Limette<\/li>\n\n\n\n<li>Erdbeer-Himbeer-Kirsch-Eis<\/li>\n\n\n\n<li>Pfirsich-Eis<\/li>\n<\/ul>","protected":false},"excerpt":{"rendered":"<p>The JNR Alien 10000 Puffs Disposable Vape is a premium rechargeable disposable device created for vapers who seek long-lasting performance, rich flavor, and everyday convenience. Produced by the trusted JNR brand, it offers up to 10,000 puffs, providing a noticeably longer vaping experience than standard disposable devices. Powered by a reliable 850 mAh rechargeable battery [&hellip;]<\/p>\n","protected":false},"featured_media":25116,"comment_status":"open","ping_status":"closed","template":"","meta":[],"product_brand":[168],"product_cat":[132],"product_tag":[],"class_list":{"0":"post-25109","1":"product","2":"type-product","3":"status-publish","4":"has-post-thumbnail","6":"product_brand-jnr","7":"product_cat-10k-puffs","9":"first","10":"instock","11":"sale","12":"shipping-taxable","13":"purchasable","14":"product-type-variable"},"yoast_head":"<!-- This site is optimized with the Yoast SEO plugin v27.4 - https:\/\/yoast.com\/product\/yoast-seo-wordpress\/ -->\n<title>JNR Alien 10000 Puffs Disposable Vape | Rechargeable 10K Vape<\/title>\n<meta name=\"description\" content=\"Buy JNR Alien 10000 Puffs Disposable Vape with 850mAh rechargeable battery, 20ml e-liquid and mesh coil for smooth, long-lasting flavor.\" \/>\n<meta name=\"robots\" content=\"index, follow, max-snippet:-1, max-image-preview:large, max-video-preview:-1\" \/>\n<link rel=\"canonical\" href=\"https:\/\/vapemaison.com\/de\/product\/jnr-alien-10000-puffs-wegwerfbare-vape\/\" \/>\n<meta property=\"og:locale\" content=\"de_DE\" \/>\n<meta property=\"og:type\" content=\"article\" \/>\n<meta property=\"og:title\" content=\"JNR Alien 10000 Puffs Disposable Vape | Rechargeable 10K Vape\" \/>\n<meta property=\"og:description\" content=\"Buy JNR Alien 10000 Puffs Disposable Vape with 850mAh rechargeable battery, 20ml e-liquid and mesh coil for smooth, long-lasting flavor.\" \/>\n<meta property=\"og:url\" content=\"https:\/\/vapemaison.com\/de\/product\/jnr-alien-10000-puffs-wegwerfbare-vape\/\" \/>\n<meta property=\"og:site_name\" content=\"VapeMaison\" \/>\n<meta property=\"article:modified_time\" content=\"2026-01-06T09:02:14+00:00\" \/>\n<meta property=\"og:image\" content=\"https:\/\/vapemaison.com\/wp-content\/uploads\/2026\/01\/jnr-alien-10000-puffs-flavor-mixed-berry.webp\" \/>\n\t<meta property=\"og:image:width\" content=\"800\" \/>\n\t<meta property=\"og:image:height\" content=\"800\" \/>\n\t<meta property=\"og:image:type\" content=\"image\/webp\" \/>\n<meta name=\"twitter:card\" content=\"summary_large_image\" \/>\n<meta name=\"twitter:label1\" content=\"Gesch\u00e4tzte Lesezeit\" \/>\n\t<meta name=\"twitter:data1\" content=\"2\u00a0Minuten\" \/>\n<!-- \/ Yoast SEO plugin. -->","yoast_head_json":{"title":"JNR Alien 10000 Puffs Einweg Vape | Wiederaufladbar 10K Vape","description":"Kaufen Sie JNR Alien 10000 Puffs Disposable Vape mit 850mAh Akku, 20ml e-Fl\u00fcssigkeit und Mesh-Spule f\u00fcr glatten, lang anhaltenden Geschmack.","robots":{"index":"index","follow":"follow","max-snippet":"max-snippet:-1","max-image-preview":"max-image-preview:large","max-video-preview":"max-video-preview:-1"},"canonical":"https:\/\/vapemaison.com\/de\/product\/jnr-alien-10000-puffs-wegwerfbare-vape\/","og_locale":"de_DE","og_type":"article","og_title":"JNR Alien 10000 Puffs Disposable Vape | Rechargeable 10K Vape","og_description":"Buy JNR Alien 10000 Puffs Disposable Vape with 850mAh rechargeable battery, 20ml e-liquid and mesh coil for smooth, long-lasting flavor.","og_url":"https:\/\/vapemaison.com\/de\/product\/jnr-alien-10000-puffs-wegwerfbare-vape\/","og_site_name":"VapeMaison","article_modified_time":"2026-01-06T09:02:14+00:00","og_image":[{"width":800,"height":800,"url":"https:\/\/vapemaison.com\/wp-content\/uploads\/2026\/01\/jnr-alien-10000-puffs-flavor-mixed-berry.webp","type":"image\/webp"}],"twitter_card":"summary_large_image","twitter_misc":{"Gesch\u00e4tzte Lesezeit":"2\u00a0Minuten"},"schema":{"@context":"https:\/\/schema.org","@graph":[{"@type":"WebPage","@id":"https:\/\/vapemaison.com\/product\/jnr-alien-10000-puffs-disposable-vape\/","url":"https:\/\/vapemaison.com\/product\/jnr-alien-10000-puffs-disposable-vape\/","name":"JNR Alien 10000 Puffs Einweg Vape | Wiederaufladbar 10K Vape","isPartOf":{"@id":"https:\/\/vapemaison.com\/#website"},"primaryImageOfPage":{"@id":"https:\/\/vapemaison.com\/product\/jnr-alien-10000-puffs-disposable-vape\/#primaryimage"},"image":{"@id":"https:\/\/vapemaison.com\/product\/jnr-alien-10000-puffs-disposable-vape\/#primaryimage"},"thumbnailUrl":"https:\/\/vapemaison.com\/wp-content\/uploads\/2026\/01\/jnr-alien-10000-puffs-flavor-mixed-berry.webp","datePublished":"2026-01-06T07:43:59+00:00","dateModified":"2026-01-06T09:02:14+00:00","description":"Kaufen Sie JNR Alien 10000 Puffs Disposable Vape mit 850mAh Akku, 20ml e-Fl\u00fcssigkeit und Mesh-Spule f\u00fcr glatten, lang anhaltenden Geschmack.","breadcrumb":{"@id":"https:\/\/vapemaison.com\/product\/jnr-alien-10000-puffs-disposable-vape\/#breadcrumb"},"inLanguage":"de","potentialAction":[{"@type":"ReadAction","target":["https:\/\/vapemaison.com\/product\/jnr-alien-10000-puffs-disposable-vape\/"]}]},{"@type":"ImageObject","inLanguage":"de","@id":"https:\/\/vapemaison.com\/product\/jnr-alien-10000-puffs-disposable-vape\/#primaryimage","url":"https:\/\/vapemaison.com\/wp-content\/uploads\/2026\/01\/jnr-alien-10000-puffs-flavor-mixed-berry.webp","contentUrl":"https:\/\/vapemaison.com\/wp-content\/uploads\/2026\/01\/jnr-alien-10000-puffs-flavor-mixed-berry.webp","width":800,"height":800,"caption":"jnr-alien-10000-puffs-flavor-mixed-berry"},{"@type":"BreadcrumbList","@id":"https:\/\/vapemaison.com\/product\/jnr-alien-10000-puffs-disposable-vape\/#breadcrumb","itemListElement":[{"@type":"ListItem","position":1,"name":"\u9996\u9875","item":"https:\/\/vapemaison.com\/"},{"@type":"ListItem","position":2,"name":"Shop","item":"https:\/\/vapemaison.com\/shop\/"},{"@type":"ListItem","position":3,"name":"JNR","item":"https:\/\/vapemaison.com\/brand\/jnr\/"},{"@type":"ListItem","position":4,"name":"JNR Alien 10000 Puffs Disposable Vape"}]},{"@type":"WebSite","@id":"https:\/\/vapemaison.com\/#website","url":"https:\/\/vapemaison.com\/","name":"VapeMaison","description":"Premium Vaping-Ger\u00e4te und Zubeh\u00f6r","publisher":{"@id":"https:\/\/vapemaison.com\/#organization"},"potentialAction":[{"@type":"SearchAction","target":{"@type":"EntryPoint","urlTemplate":"https:\/\/vapemaison.com\/?s={search_term_string}"},"query-input":{"@type":"PropertyValueSpecification","valueRequired":true,"valueName":"search_term_string"}}],"inLanguage":"de"},{"@type":"Organization","@id":"https:\/\/vapemaison.com\/#organization","name":"VapeMaison","url":"https:\/\/vapemaison.com\/","logo":{"@type":"ImageObject","inLanguage":"de","@id":"https:\/\/vapemaison.com\/#\/schema\/logo\/image\/","url":"https:\/\/vapemaison.com\/wp-content\/uploads\/2026\/01\/cropped-vapemaison-logo-g-2026.webp","contentUrl":"https:\/\/vapemaison.com\/wp-content\/uploads\/2026\/01\/cropped-vapemaison-logo-g-2026.webp","width":350,"height":280,"caption":"VapeMaison"},"image":{"@id":"https:\/\/vapemaison.com\/#\/schema\/logo\/image\/"},"sameAs":["https:\/\/www.youtube.com\/@VapeMaison"]}]}},"tiered_pricing_type":"fixed","tiered_pricing_fixed_rules":{"30":"12.84","50":"12.11","100":"11.56","200":"10.99"},"tiered_pricing_product_settings":{"layout":"default","base_unit_name":{"singular":null,"plural":null},"default_variation":null},"tiered_pricing_minimum_quantity":10,"tiered_pricing_roles_data":[],"tiered_pricing_percentage_rules":[],"tiered_pricing_maximum_quantity":null,"tiered_pricing_quantity_step":"10","_links":{"self":[{"href":"https:\/\/vapemaison.com\/de\/wp-json\/wp\/v2\/product\/25109","targetHints":{"allow":["GET"]}}],"collection":[{"href":"https:\/\/vapemaison.com\/de\/wp-json\/wp\/v2\/product"}],"about":[{"href":"https:\/\/vapemaison.com\/de\/wp-json\/wp\/v2\/types\/product"}],"replies":[{"embeddable":true,"href":"https:\/\/vapemaison.com\/de\/wp-json\/wp\/v2\/comments?post=25109"}],"version-history":[{"count":1,"href":"https:\/\/vapemaison.com\/de\/wp-json\/wp\/v2\/product\/25109\/revisions"}],"predecessor-version":[{"id":25122,"href":"https:\/\/vapemaison.com\/de\/wp-json\/wp\/v2\/product\/25109\/revisions\/25122"}],"wp:featuredmedia":[{"embeddable":true,"href":"https:\/\/vapemaison.com\/de\/wp-json\/wp\/v2\/media\/25116"}],"wp:attachment":[{"href":"https:\/\/vapemaison.com\/de\/wp-json\/wp\/v2\/media?parent=25109"}],"wp:term":[{"taxonomy":"product_brand","embeddable":true,"href":"https:\/\/vapemaison.com\/de\/wp-json\/wp\/v2\/product_brand?post=25109"},{"taxonomy":"product_cat","embeddable":true,"href":"https:\/\/vapemaison.com\/de\/wp-json\/wp\/v2\/product_cat?post=25109"},{"taxonomy":"product_tag","embeddable":true,"href":"https:\/\/vapemaison.com\/de\/wp-json\/wp\/v2\/product_tag?post=25109"}],"curies":[{"name":"wp","href":"https:\/\/api.w.org\/{rel}","templated":true}]}}