

{"id":25622,"date":"2026-01-08T07:10:16","date_gmt":"2026-01-08T07:10:16","guid":{"rendered":"https:\/\/vapemaison.com\/?post_type=product&#038;p=25622"},"modified":"2026-01-15T02:29:34","modified_gmt":"2026-01-15T02:29:34","slug":"razz-bar-15000-puffs-die-entwicklung-der-hohen-kapazitat-vaping","status":"publish","type":"product","link":"https:\/\/vapemaison.com\/de\/product\/razz-bar-15000-puffs-the-evolution-of-high-capacity-vaping\/","title":{"rendered":"RAZZ BAR 15000 Puffs: Die Entwicklung des High-Capacity Vaping"},"content":{"rendered":"<p>Die <strong>RAZZ BAR 15000 Puffs<\/strong> Einwegdampfer ist gerade dabei, den europ\u00e4ischen Markt aufzumischen. Er erf\u00fcllt die steigende Nachfrage nach leistungsstarken, konformen und nutzerorientierten Vaping-L\u00f6sungen. <strong>Au\u00dferdem<\/strong>, Wir haben dieses Ger\u00e4t sowohl f\u00fcr den Einzel- als auch f\u00fcr den Gro\u00dfhandel entwickelt, indem wir modernste Technologie mit einem umfangreichen Aromenportfolio kombiniert haben.<\/p>\n\n\n\n<p><strong>Zus\u00e4tzlich zu<\/strong> Die RAZZ BAR mit ihrem schlanken Design verf\u00fcgt \u00fcber eine beeindruckende Kapazit\u00e4t von 15.000 Z\u00fcgen pro Einheit. Diese hohe Kapazit\u00e4t sorgt f\u00fcr eine lange Nutzungsdauer und reduziert den Bedarf an h\u00e4ufigem Auswechseln. <strong>Folglich<\/strong>, erhalten kostenbewusste K\u00e4ufer einen erheblichen Vorteil. <strong>Au\u00dferdem<\/strong>, Der wiederaufladbare 650-mAh-Akku und der Typ-C-Ladeanschluss tragen dem Nachhaltigkeitsgedanken Rechnung und sorgen gleichzeitig f\u00fcr ununterbrochenen Spielspa\u00df. <strong>Endlich<\/strong>, Die Mesh Coil Technologie garantiert eine konstante Dampfproduktion und eine reichhaltige Geschmacksabgabe, die einen neuen Standard f\u00fcr Einwegverdampfer im Jahr 2026 setzt.<\/p>\n\n\n\n<h3 class=\"wp-block-heading\">Technische Daten: Entwickelt f\u00fcr Spitzenleistungen<\/h3>\n\n\n\n<p>W\u00e4hrend viele Ger\u00e4te bei der Leistung Kompromisse eingehen, setzt die RAZZ BAR auf Leistung durch Pr\u00e4zisionstechnik.<\/p>\n\n\n\n<ul class=\"wp-block-list\">\n<li><strong>Nikotinst\u00e4rke:<\/strong> Die Nutzer k\u00f6nnen zwischen 2% und 5% Salz-Nikotin-Optionen w\u00e4hlen. <strong>Infolgedessen<\/strong>, Das Produkt entspricht den EU-TPD-Vorschriften und ist sowohl f\u00fcr leichte als auch f\u00fcr schwere Benutzer geeignet.<\/li>\n\n\n\n<li><strong>Puff-Kapazit\u00e4t:<\/strong> Das Ger\u00e4t liefert 15.000 Z\u00fcge, was eine lang anhaltende Leistung bei l\u00e4ngerem Gebrauch gew\u00e4hrleistet.<\/li>\n\n\n\n<li><strong>Batteriebetrieb:<\/strong> Ein wiederaufladbarer 650-mAh-Akku f\u00f6rdert die Nachhaltigkeit. <strong>Inzwischen<\/strong>, Der Typ-C-Anschluss erm\u00f6glicht schnelles und bequemes Aufladen.<\/li>\n\n\n\n<li><strong>Spulen-Technologie:<\/strong> Der Mesh Coil verbessert die Geschmacksgenauigkeit und produziert sanften Dampf.<\/li>\n\n\n\n<li><strong>Logistik:<\/strong> Wir verpacken 200 St\u00fcck pro Karton, um den Versand zu optimieren. <strong>Speziell<\/strong>, Die Abmessungen (45.5\u00d745.5\u00d724.6CM) und das Gewicht (21.6KG) erm\u00f6glichen eine effiziente Lagerung.<\/li>\n<\/ul>\n\n\n\n<h3 class=\"wp-block-heading\">Geschmacksprofil: Eine Symphonie europ\u00e4ischer Geschm\u00e4cker<\/h3>\n\n\n\n<p>Das Geschmackssortiment zeigt unser Engagement f\u00fcr Authentizit\u00e4t. <strong>Speziell<\/strong>, Wir lassen uns vom reichen kulinarischen Erbe Europas und von globalen Trends inspirieren.<\/p>\n\n\n\n<ul class=\"wp-block-list\">\n<li><strong>Himbeer-Karamell:<\/strong> Eine luxuri\u00f6se Mischung, die ein s\u00fc\u00df-s\u00e4uerliches Gleichgewicht mit einem samtigen Abgang bietet.<\/li>\n\n\n\n<li><strong>Erdbeereis:<\/strong> Saftige Erdbeeren treffen auf einen erfrischenden Menthol-Kick. <strong>In der Tat<\/strong>, Es erinnert an Sommertage auf dem Lande in Frankreich.<\/li>\n\n\n\n<li><strong>Red Bull Ice:<\/strong> Diese w\u00fcrzige Mischung ahmt das kultige Getr\u00e4nk nach. <strong>Deshalb<\/strong>, Er ist perfekt f\u00fcr Verbraucher, die viel unterwegs sind.<\/li>\n\n\n\n<li><strong>Kiwi Passionsfrucht Guave:<\/strong> Tropische Noten versetzen den Nutzer an mediterrane Str\u00e4nde.<\/li>\n\n\n\n<li><strong>Mamba:<\/strong> Eine k\u00fchne Verschmelzung exotischer Fr\u00fcchte, die ein spritziges Erlebnis bietet. <strong>\u00c4hnlich<\/strong>, <strong>Blaubeereis<\/strong> bietet ein k\u00fchles, mit Beeren gef\u00fclltes Gef\u00fchl.<\/li>\n\n\n\n<li><strong>Pfirsich, Mango und Ananas:<\/strong> Dieses Medley spiegelt die Liebe Europas zu exotischen Fr\u00fcchten wider. <strong>Andererseits<\/strong>, <strong>Doppelter Apfel<\/strong> ist ein reichhaltiger, aromatischer und zeitloser Klassiker.<\/li>\n<\/ul>\n\n\n\n<h3 class=\"wp-block-heading\">Einhaltung der Vorschriften und Qualit\u00e4tssicherung<\/h3>\n\n\n\n<p>Unser wichtigstes Anliegen ist die Einhaltung der europ\u00e4ischen Vorschriften. <strong>Zum Beispiel<\/strong>, Die RAZZ BAR 15000 Puffs h\u00e4lt sich streng an die EU-Tabakproduktrichtlinie (TPD). <strong>Denn<\/strong> Da wir mit autorisierten EU-Vertretern (EU REP) zusammenarbeiten, garantieren wir die Einhaltung der neuesten regulatorischen Anforderungen f\u00fcr 2026. <strong>Zus\u00e4tzlich<\/strong>, wird jedes Produkt strengen Tests unterzogen, um die Sicherheitsstandards zu erf\u00fcllen. <strong>Deshalb<\/strong>, k\u00f6nnen Gro\u00dfh\u00e4ndler und Endverbraucher ganz beruhigt sein.<\/p>\n\n\n\n<h3 class=\"wp-block-heading\">Vorteile des Gro\u00dfhandels: Warum mit uns zusammenarbeiten?<\/h3>\n\n\n\n<p>Die Wahl des richtigen Lieferanten ist entscheidend f\u00fcr das Unternehmenswachstum. <strong>Folglich<\/strong>, bieten wir mehrere wichtige Vorteile:<\/p>\n\n\n\n<ol start=\"1\" class=\"wp-block-list\">\n<li><strong>Konkurrenzf\u00e4hige Preisgestaltung:<\/strong> Sie profitieren von Mengenrabatten und unserer Tiefstpreisgarantie. <strong>So<\/strong>, maximieren Sie die Rentabilit\u00e4t Ihres Unternehmens.<\/li>\n\n\n\n<li><strong>Vielf\u00e4ltige Zahlungsm\u00f6glichkeiten:<\/strong> Wir sichern Transaktionen \u00fcber PayPal, Kreditkarten, iDEAL, Bancontact und SEPA. <strong>Dementsprechend<\/strong>, werden wir allen regionalen Vorlieben gerecht.<\/li>\n\n\n\n<li><strong>Schneller Versand:<\/strong> Unsere in der EU ans\u00e4ssigen Lagerh\u00e4user gew\u00e4hrleisten eine schnelle Lieferung. <strong>Infolgedessen<\/strong>, Wir minimieren die Vorlaufzeiten und halten Ihren Bestand frisch.<\/li>\n\n\n\n<li><strong>Engagierte Unterst\u00fctzung:<\/strong> Unser 24\/7-Kundendienstteam bietet pers\u00f6nliche Unterst\u00fctzung. <strong>Ob<\/strong> Wenn Sie Hilfe bei der Auftragserteilung oder beim Kundendienst ben\u00f6tigen, sind wir f\u00fcr Sie da.<\/li>\n<\/ol>\n\n\n\n<h3 class=\"wp-block-heading\">Schlussfolgerung: Erh\u00f6hen Sie Ihr Gesch\u00e4ft<\/h3>\n\n\n\n<p>In einem von Innovation gepr\u00e4gten Markt ist die <strong>RAZZ BAR 15000 Puffs<\/strong> zeichnet sich durch eine vielseitige und qualitativ hochwertige L\u00f6sung aus. <strong>Ob<\/strong> Ob Sie gesundheitsbewusste Verbraucher oder Geschmacksliebhaber ansprechen, dieses Produkt bietet in jeder Hinsicht hervorragende Leistungen.<\/p>","protected":false},"excerpt":{"rendered":"<p>Die RAZZ BAR 15000 Puffs bietet dank ihrer lang anhaltenden Kapazit\u00e4t und der fortschrittlichen Mesh Coil-Technologie einen au\u00dfergew\u00f6hnlichen Wert. Da sie \u00fcber einen wiederaufladbaren Typ-C-Anschluss und volle TPD-Konformit\u00e4t verf\u00fcgt, bietet dieses Ger\u00e4t eine zuverl\u00e4ssige, leistungsstarke L\u00f6sung f\u00fcr jeden Einzelh\u00e4ndler. Folglich k\u00f6nnen Sie Ihren Kunden erstklassigen Geschmack und Komfort in einem schlanken Paket bieten.<\/p>","protected":false},"featured_media":25668,"comment_status":"open","ping_status":"closed","template":"","meta":[],"product_brand":[313],"product_cat":[167],"product_tag":[],"class_list":{"0":"post-25622","1":"product","2":"type-product","3":"status-publish","4":"has-post-thumbnail","6":"product_brand-razz-bar","7":"product_cat-15k-puffs","9":"first","10":"instock","11":"sale","12":"shipping-taxable","13":"purchasable","14":"product-type-variable"},"yoast_head":"<!-- This site is optimized with the Yoast SEO plugin v27.4 - https:\/\/yoast.com\/product\/yoast-seo-wordpress\/ -->\n<title>RAZZ BAR 15000 Puffs | TPD Compliant Wholesale Vape<\/title>\n<meta name=\"description\" content=\"The RAZZ BAR 15000 Puffs offers TPD compliance, Mesh Coil technology, and 16 premium flavors. Shop now for exclusive wholesale pricing and fast EU shipping!\" \/>\n<meta name=\"robots\" content=\"index, follow, max-snippet:-1, max-image-preview:large, max-video-preview:-1\" \/>\n<link rel=\"canonical\" href=\"https:\/\/vapemaison.com\/de\/product\/razz-bar-15000-puffs-die-entwicklung-der-hohen-kapazitat-vaping\/\" \/>\n<meta property=\"og:locale\" content=\"de_DE\" \/>\n<meta property=\"og:type\" content=\"article\" \/>\n<meta property=\"og:title\" content=\"RAZZ BAR 15000 Puffs | TPD Compliant Wholesale Vape\" \/>\n<meta property=\"og:description\" content=\"The RAZZ BAR 15000 Puffs offers TPD compliance, Mesh Coil technology, and 16 premium flavors. Shop now for exclusive wholesale pricing and fast EU shipping!\" \/>\n<meta property=\"og:url\" content=\"https:\/\/vapemaison.com\/de\/product\/razz-bar-15000-puffs-die-entwicklung-der-hohen-kapazitat-vaping\/\" \/>\n<meta property=\"og:site_name\" content=\"VapeMaison\" \/>\n<meta property=\"article:modified_time\" content=\"2026-01-15T02:29:34+00:00\" \/>\n<meta property=\"og:image\" content=\"https:\/\/vapemaison.com\/wp-content\/uploads\/2026\/01\/razz-bar-15000-puffs-product-display.jpg\" \/>\n\t<meta property=\"og:image:width\" content=\"1800\" \/>\n\t<meta property=\"og:image:height\" content=\"1800\" \/>\n\t<meta property=\"og:image:type\" content=\"image\/jpeg\" \/>\n<meta name=\"twitter:card\" content=\"summary_large_image\" \/>\n<meta name=\"twitter:label1\" content=\"Gesch\u00e4tzte Lesezeit\" \/>\n\t<meta name=\"twitter:data1\" content=\"3\u00a0Minuten\" \/>\n<!-- \/ Yoast SEO plugin. -->","yoast_head_json":{"title":"RAZZ BAR 15000 Puffs | TPD konform Gro\u00dfhandel Vape","description":"Die RAZZ BAR 15000 Puffs bietet TPD-Konformit\u00e4t, Mesh-Coil-Technologie und 16 Premium-Aromen. Kaufen Sie jetzt f\u00fcr exklusive Gro\u00dfhandelspreise und schnellen EU-Versand!","robots":{"index":"index","follow":"follow","max-snippet":"max-snippet:-1","max-image-preview":"max-image-preview:large","max-video-preview":"max-video-preview:-1"},"canonical":"https:\/\/vapemaison.com\/de\/product\/razz-bar-15000-puffs-die-entwicklung-der-hohen-kapazitat-vaping\/","og_locale":"de_DE","og_type":"article","og_title":"RAZZ BAR 15000 Puffs | TPD Compliant Wholesale Vape","og_description":"The RAZZ BAR 15000 Puffs offers TPD compliance, Mesh Coil technology, and 16 premium flavors. Shop now for exclusive wholesale pricing and fast EU shipping!","og_url":"https:\/\/vapemaison.com\/de\/product\/razz-bar-15000-puffs-die-entwicklung-der-hohen-kapazitat-vaping\/","og_site_name":"VapeMaison","article_modified_time":"2026-01-15T02:29:34+00:00","og_image":[{"width":1800,"height":1800,"url":"https:\/\/vapemaison.com\/wp-content\/uploads\/2026\/01\/razz-bar-15000-puffs-product-display.jpg","type":"image\/jpeg"}],"twitter_card":"summary_large_image","twitter_misc":{"Gesch\u00e4tzte Lesezeit":"3\u00a0Minuten"},"schema":{"@context":"https:\/\/schema.org","@graph":[{"@type":"WebPage","@id":"https:\/\/vapemaison.com\/product\/razz-bar-15000-puffs-the-evolution-of-high-capacity-vaping\/","url":"https:\/\/vapemaison.com\/product\/razz-bar-15000-puffs-the-evolution-of-high-capacity-vaping\/","name":"RAZZ BAR 15000 Puffs | TPD konform Gro\u00dfhandel Vape","isPartOf":{"@id":"https:\/\/vapemaison.com\/#website"},"primaryImageOfPage":{"@id":"https:\/\/vapemaison.com\/product\/razz-bar-15000-puffs-the-evolution-of-high-capacity-vaping\/#primaryimage"},"image":{"@id":"https:\/\/vapemaison.com\/product\/razz-bar-15000-puffs-the-evolution-of-high-capacity-vaping\/#primaryimage"},"thumbnailUrl":"https:\/\/vapemaison.com\/wp-content\/uploads\/2026\/01\/razz-bar-15000-puffs-product-display.jpg","datePublished":"2026-01-08T07:10:16+00:00","dateModified":"2026-01-15T02:29:34+00:00","description":"Die RAZZ BAR 15000 Puffs bietet TPD-Konformit\u00e4t, Mesh-Coil-Technologie und 16 Premium-Aromen. Kaufen Sie jetzt f\u00fcr exklusive Gro\u00dfhandelspreise und schnellen EU-Versand!","breadcrumb":{"@id":"https:\/\/vapemaison.com\/product\/razz-bar-15000-puffs-the-evolution-of-high-capacity-vaping\/#breadcrumb"},"inLanguage":"de","potentialAction":[{"@type":"ReadAction","target":["https:\/\/vapemaison.com\/product\/razz-bar-15000-puffs-the-evolution-of-high-capacity-vaping\/"]}]},{"@type":"ImageObject","inLanguage":"de","@id":"https:\/\/vapemaison.com\/product\/razz-bar-15000-puffs-the-evolution-of-high-capacity-vaping\/#primaryimage","url":"https:\/\/vapemaison.com\/wp-content\/uploads\/2026\/01\/razz-bar-15000-puffs-product-display.jpg","contentUrl":"https:\/\/vapemaison.com\/wp-content\/uploads\/2026\/01\/razz-bar-15000-puffs-product-display.jpg","width":1800,"height":1800,"caption":"razz-bar-15000-puffs-product-display"},{"@type":"BreadcrumbList","@id":"https:\/\/vapemaison.com\/product\/razz-bar-15000-puffs-the-evolution-of-high-capacity-vaping\/#breadcrumb","itemListElement":[{"@type":"ListItem","position":1,"name":"\u9996\u9875","item":"https:\/\/vapemaison.com\/"},{"@type":"ListItem","position":2,"name":"Shop","item":"https:\/\/vapemaison.com\/shop\/"},{"@type":"ListItem","position":3,"name":"Razz Bar","item":"https:\/\/vapemaison.com\/brand\/razz-bar\/"},{"@type":"ListItem","position":4,"name":"RAZZ BAR 15000 Puffs: The Evolution of High-Capacity Vaping"}]},{"@type":"WebSite","@id":"https:\/\/vapemaison.com\/#website","url":"https:\/\/vapemaison.com\/","name":"VapeMaison","description":"Premium Vaping-Ger\u00e4te und Zubeh\u00f6r","publisher":{"@id":"https:\/\/vapemaison.com\/#organization"},"potentialAction":[{"@type":"SearchAction","target":{"@type":"EntryPoint","urlTemplate":"https:\/\/vapemaison.com\/?s={search_term_string}"},"query-input":{"@type":"PropertyValueSpecification","valueRequired":true,"valueName":"search_term_string"}}],"inLanguage":"de"},{"@type":"Organization","@id":"https:\/\/vapemaison.com\/#organization","name":"VapeMaison","url":"https:\/\/vapemaison.com\/","logo":{"@type":"ImageObject","inLanguage":"de","@id":"https:\/\/vapemaison.com\/#\/schema\/logo\/image\/","url":"https:\/\/vapemaison.com\/wp-content\/uploads\/2026\/01\/cropped-vapemaison-logo-g-2026.webp","contentUrl":"https:\/\/vapemaison.com\/wp-content\/uploads\/2026\/01\/cropped-vapemaison-logo-g-2026.webp","width":350,"height":280,"caption":"VapeMaison"},"image":{"@id":"https:\/\/vapemaison.com\/#\/schema\/logo\/image\/"},"sameAs":["https:\/\/www.youtube.com\/@VapeMaison"]}]}},"tiered_pricing_type":"fixed","tiered_pricing_fixed_rules":{"100":"9.58","200":"8.73","500":"8.21"},"tiered_pricing_product_settings":{"layout":"default","base_unit_name":{"singular":null,"plural":null},"default_variation":null},"tiered_pricing_minimum_quantity":50,"tiered_pricing_roles_data":[],"tiered_pricing_percentage_rules":[],"tiered_pricing_maximum_quantity":null,"tiered_pricing_quantity_step":"10","_links":{"self":[{"href":"https:\/\/vapemaison.com\/de\/wp-json\/wp\/v2\/product\/25622","targetHints":{"allow":["GET"]}}],"collection":[{"href":"https:\/\/vapemaison.com\/de\/wp-json\/wp\/v2\/product"}],"about":[{"href":"https:\/\/vapemaison.com\/de\/wp-json\/wp\/v2\/types\/product"}],"replies":[{"embeddable":true,"href":"https:\/\/vapemaison.com\/de\/wp-json\/wp\/v2\/comments?post=25622"}],"version-history":[{"count":3,"href":"https:\/\/vapemaison.com\/de\/wp-json\/wp\/v2\/product\/25622\/revisions"}],"predecessor-version":[{"id":25664,"href":"https:\/\/vapemaison.com\/de\/wp-json\/wp\/v2\/product\/25622\/revisions\/25664"}],"wp:featuredmedia":[{"embeddable":true,"href":"https:\/\/vapemaison.com\/de\/wp-json\/wp\/v2\/media\/25668"}],"wp:attachment":[{"href":"https:\/\/vapemaison.com\/de\/wp-json\/wp\/v2\/media?parent=25622"}],"wp:term":[{"taxonomy":"product_brand","embeddable":true,"href":"https:\/\/vapemaison.com\/de\/wp-json\/wp\/v2\/product_brand?post=25622"},{"taxonomy":"product_cat","embeddable":true,"href":"https:\/\/vapemaison.com\/de\/wp-json\/wp\/v2\/product_cat?post=25622"},{"taxonomy":"product_tag","embeddable":true,"href":"https:\/\/vapemaison.com\/de\/wp-json\/wp\/v2\/product_tag?post=25622"}],"curies":[{"name":"wp","href":"https:\/\/api.w.org\/{rel}","templated":true}]}}