

{"id":25624,"date":"2026-01-08T08:20:18","date_gmt":"2026-01-08T08:20:18","guid":{"rendered":"https:\/\/vapemaison.com\/?post_type=product&#038;p=25624"},"modified":"2026-01-15T02:29:02","modified_gmt":"2026-01-15T02:29:02","slug":"razz-bar-10000-puffs-wiederaufladbar-vape","status":"publish","type":"product","link":"https:\/\/vapemaison.com\/de\/product\/razz-bar-10000-puffs-rechargeable-vape\/","title":{"rendered":"RAZZ BAR 10000 Puffs Wiederaufladbare Vape"},"content":{"rendered":"<p>Die <strong>RAZZ BAR 10000 Puffs<\/strong> stellt ein perfektes Gleichgewicht zwischen moderner Technologie und Alltagskomfort dar. <strong>Speziell<\/strong>, Dieses hochwertige, wiederaufladbare Ger\u00e4t bietet bis zu 10.000 sanfte Z\u00fcge und ist in 16 verschiedenen Geschmacksrichtungen erh\u00e4ltlich. <strong>Denn<\/strong> Mit seinem kompakten Design und seiner intuitiven Bedienung f\u00fcgt er sich nahtlos in Ihren Lebensstil ein, egal ob Sie auf Reisen sind oder sich zu Hause entspannen. <strong>Au\u00dferdem<\/strong>, Der leistungsstarke 650-mAh-Akku unterst\u00fctzt das Typ-C-Schnellladen, um zuverl\u00e4ssige Leistung und dichten Dampf ohne Kompromisse zu gew\u00e4hrleisten.<\/p>\n\n\n\n<p>Durch die Kombination der innovativen Mesh Coil-Technologie mit einem tragbaren Rahmen sorgt die RAZZ BAR f\u00fcr einen intensiven Geschmack und eine gleichm\u00e4\u00dfige Dampfproduktion bei jedem Zug. <strong>Folglich<\/strong>, genie\u00dfen Sie ein Premium-Erlebnis, das sich an Ihre pers\u00f6nlichen Vorlieben anpasst. <strong>Au\u00dferdem<\/strong>, Der gro\u00dfz\u00fcgige 20-ml-E-Liquid-Tank und die flexiblen Nikotinoptionen (2% oder 5%) machen dieses Ger\u00e4t zu einer nachhaltigen und vielseitigen Wahl im Vergleich zu herk\u00f6mmlichen Einweg-Alternativen.<\/p>\n\n\n\n<h3 class=\"wp-block-heading\">Technische Daten: Pr\u00e4zision und Leistung<\/h3>\n\n\n\n<ul class=\"wp-block-list\">\n<li><strong>Nikotinst\u00e4rke:<\/strong> Die Benutzer k\u00f6nnen w\u00e4hlen zwischen <strong>2% und 5% Nikotinsalz<\/strong>. <strong>Infolgedessen<\/strong>, Sie k\u00f6nnen Ihre Erfahrung entweder f\u00fcr einen sanften Kehlkopfschlag oder ein intensiveres Gef\u00fchl anpassen.<\/li>\n\n\n\n<li><strong>Puff-Kapazit\u00e4t:<\/strong> Das Ger\u00e4t liefert bis zu <strong>10.000 Z\u00fcge<\/strong>. <strong>Deshalb<\/strong>, ist es eine der langlebigsten Optionen auf dem Markt f\u00fcr aktive Nutzer.<\/li>\n\n\n\n<li><strong>Erweiterte Batterie:<\/strong> Eine integrierte <strong>650mAh wiederaufladbare Batterie<\/strong> unterst\u00fctzt Ihre t\u00e4glichen Bed\u00fcrfnisse. <strong>Inzwischen<\/strong>, die <strong>Typ-C-Anschluss<\/strong> minimiert die Ausfallzeiten durch Schnellladung.<\/li>\n\n\n\n<li><strong>Innovative Mesh-Spule:<\/strong> Diese Technologie erhitzt das E-Liquid gleichm\u00e4\u00dfig. <strong>Speziell<\/strong>, Sie erzeugt reichhaltigere Aromen und gleichm\u00e4\u00dfigeren Dampf als herk\u00f6mmliche Spulen.+1<\/li>\n\n\n\n<li><strong>Gro\u00dfhandel Verpackung:<\/strong> Wir verpacken <strong>200 St\u00fcck pro Karton<\/strong> um eine effiziente Lagerung und Verteilung f\u00fcr Gro\u00dfabnehmer zu gew\u00e4hrleisten.<\/li>\n<\/ul>\n\n\n\n<h3 class=\"wp-block-heading\">Eine Sinfonie der Aromen: 16 erstklassige Auswahlm\u00f6glichkeiten<\/h3>\n\n\n\n<p>Die RAZZ BAR 10000 Puffs bietet eine umfangreiche Auswahl an Geschmacksrichtungen, um Ihr Dampferlebnis spannend zu halten. <strong>Ob<\/strong> Wenn Sie fruchtige, s\u00fc\u00dfe oder eisige Noten bevorzugen, bietet unser Sortiment die perfekte Erg\u00e4nzung:<\/p>\n\n\n\n<ul class=\"wp-block-list\">\n<li><strong>Frucht-Klassiker:<\/strong> Erdbeer-Kiwi, Pfirsich-Mango-Ananas und gemischte Beeren.<\/li>\n\n\n\n<li><strong>Eiskalte Erfrischung:<\/strong> Wassermelonen-Eis, Pfirsich-Eis und Heidelbeer-Eis.<\/li>\n\n\n\n<li><strong>Einzigartige Mischungen:<\/strong> Kiwi Passionsfrucht Guave, Mamba und Blue Razz Lemonade.<\/li>\n\n\n\n<li><strong>S\u00fc\u00dfigkeiten &amp; Soda:<\/strong> Gummib\u00e4rchen und Cola-Eis.<\/li>\n<\/ul>\n\n\n\n<h3 class=\"wp-block-heading\">Warum die RAZZ BAR 10kPuffs w\u00e4hlen?<\/h3>\n\n\n\n<p><strong>Erste<\/strong>, Dieses Ger\u00e4t reduziert die Umweltabf\u00e4lle, da die wiederaufladbare Batterie l\u00e4nger h\u00e4lt als herk\u00f6mmliche Einwegbatterien. <strong>Zweite<\/strong>, Der E-Liquid-Tank mit seiner hohen Kapazit\u00e4t sorgt daf\u00fcr, dass Sie nur selten einen Ersatz ben\u00f6tigen. <strong>Endlich<\/strong>, Unsere strengen Qualit\u00e4tsstandards garantieren, dass jedes Ger\u00e4t sicher, hygienisch und benutzerfreundlich ist. <strong>Folglich<\/strong>, erhalten Sie ein Premium-Produkt, das Ihre Vaping-Reise bereichert und gleichzeitig einen unglaublichen Wert bietet.<\/p>","protected":false},"excerpt":{"rendered":"<p>Die RAZZ BAR 10000 Puffs kombiniert ein massives 20ml Fassungsverm\u00f6gen mit fortschrittlicher Mesh Coil Technologie f\u00fcr ein hervorragendes Geschmackserlebnis. Da er \u00fcber einen wiederaufladbaren 650mAh Akku und Typ-C Schnellladung verf\u00fcgt, stellt dieses Ger\u00e4t sicher, dass Sie nie auf Leistung verzichten m\u00fcssen. Folglich dient es als die ideale langlebige L\u00f6sung f\u00fcr Vaper, die Qualit\u00e4t und Komfort verlangen.<\/p>","protected":false},"featured_media":25711,"comment_status":"open","ping_status":"closed","template":"","meta":[],"product_brand":[313],"product_cat":[132],"product_tag":[],"class_list":{"0":"post-25624","1":"product","2":"type-product","3":"status-publish","4":"has-post-thumbnail","6":"product_brand-razz-bar","7":"product_cat-10k-puffs","9":"first","10":"instock","11":"sale","12":"shipping-taxable","13":"purchasable","14":"product-type-variable"},"yoast_head":"<!-- This site is optimized with the Yoast SEO plugin v27.4 - https:\/\/yoast.com\/product\/yoast-seo-wordpress\/ -->\n<title>RAZZ BAR 10000 Puffs | Rechargeable Disposable Vape<\/title>\n<meta name=\"description\" content=\"The RAZZ BAR 10000 Puffs features 16 premium flavors, a rechargeable 650mAh battery. Shop now for the best wholesale prices and fast shipping!\" \/>\n<meta name=\"robots\" content=\"index, follow, max-snippet:-1, max-image-preview:large, max-video-preview:-1\" \/>\n<link rel=\"canonical\" href=\"https:\/\/vapemaison.com\/de\/product\/razz-bar-10000-puffs-wiederaufladbar-vape\/\" \/>\n<meta property=\"og:locale\" content=\"de_DE\" \/>\n<meta property=\"og:type\" content=\"article\" \/>\n<meta property=\"og:title\" content=\"RAZZ BAR 10000 Puffs | Rechargeable Disposable Vape\" \/>\n<meta property=\"og:description\" content=\"The RAZZ BAR 10000 Puffs features 16 premium flavors, a rechargeable 650mAh battery. Shop now for the best wholesale prices and fast shipping!\" \/>\n<meta property=\"og:url\" content=\"https:\/\/vapemaison.com\/de\/product\/razz-bar-10000-puffs-wiederaufladbar-vape\/\" \/>\n<meta property=\"og:site_name\" content=\"VapeMaison\" \/>\n<meta property=\"article:modified_time\" content=\"2026-01-15T02:29:02+00:00\" \/>\n<meta property=\"og:image\" content=\"https:\/\/vapemaison.com\/wp-content\/uploads\/2026\/01\/razz-bar-10000-puffs-product-display.jpg\" \/>\n\t<meta property=\"og:image:width\" content=\"1800\" \/>\n\t<meta property=\"og:image:height\" content=\"1800\" \/>\n\t<meta property=\"og:image:type\" content=\"image\/jpeg\" \/>\n<meta name=\"twitter:card\" content=\"summary_large_image\" \/>\n<meta name=\"twitter:label1\" content=\"Gesch\u00e4tzte Lesezeit\" \/>\n\t<meta name=\"twitter:data1\" content=\"2\u00a0Minuten\" \/>\n<!-- \/ Yoast SEO plugin. -->","yoast_head_json":{"title":"RAZZ BAR 10000 Puffs | Wiederaufladbare Einweg-Vape","description":"Die RAZZ BAR 10000 Puffs verf\u00fcgt \u00fcber 16 Premium-Geschmacksrichtungen, einen wiederaufladbaren 650mAh-Akku. Kaufen Sie jetzt f\u00fcr die besten Gro\u00dfhandelspreise und schnellen Versand!","robots":{"index":"index","follow":"follow","max-snippet":"max-snippet:-1","max-image-preview":"max-image-preview:large","max-video-preview":"max-video-preview:-1"},"canonical":"https:\/\/vapemaison.com\/de\/product\/razz-bar-10000-puffs-wiederaufladbar-vape\/","og_locale":"de_DE","og_type":"article","og_title":"RAZZ BAR 10000 Puffs | Rechargeable Disposable Vape","og_description":"The RAZZ BAR 10000 Puffs features 16 premium flavors, a rechargeable 650mAh battery. Shop now for the best wholesale prices and fast shipping!","og_url":"https:\/\/vapemaison.com\/de\/product\/razz-bar-10000-puffs-wiederaufladbar-vape\/","og_site_name":"VapeMaison","article_modified_time":"2026-01-15T02:29:02+00:00","og_image":[{"width":1800,"height":1800,"url":"https:\/\/vapemaison.com\/wp-content\/uploads\/2026\/01\/razz-bar-10000-puffs-product-display.jpg","type":"image\/jpeg"}],"twitter_card":"summary_large_image","twitter_misc":{"Gesch\u00e4tzte Lesezeit":"2\u00a0Minuten"},"schema":{"@context":"https:\/\/schema.org","@graph":[{"@type":"WebPage","@id":"https:\/\/vapemaison.com\/product\/razz-bar-10000-puffs-rechargeable-vape\/","url":"https:\/\/vapemaison.com\/product\/razz-bar-10000-puffs-rechargeable-vape\/","name":"RAZZ BAR 10000 Puffs | Wiederaufladbare Einweg-Vape","isPartOf":{"@id":"https:\/\/vapemaison.com\/#website"},"primaryImageOfPage":{"@id":"https:\/\/vapemaison.com\/product\/razz-bar-10000-puffs-rechargeable-vape\/#primaryimage"},"image":{"@id":"https:\/\/vapemaison.com\/product\/razz-bar-10000-puffs-rechargeable-vape\/#primaryimage"},"thumbnailUrl":"https:\/\/vapemaison.com\/wp-content\/uploads\/2026\/01\/razz-bar-10000-puffs-product-display.jpg","datePublished":"2026-01-08T08:20:18+00:00","dateModified":"2026-01-15T02:29:02+00:00","description":"Die RAZZ BAR 10000 Puffs verf\u00fcgt \u00fcber 16 Premium-Geschmacksrichtungen, einen wiederaufladbaren 650mAh-Akku. Kaufen Sie jetzt f\u00fcr die besten Gro\u00dfhandelspreise und schnellen Versand!","breadcrumb":{"@id":"https:\/\/vapemaison.com\/product\/razz-bar-10000-puffs-rechargeable-vape\/#breadcrumb"},"inLanguage":"de","potentialAction":[{"@type":"ReadAction","target":["https:\/\/vapemaison.com\/product\/razz-bar-10000-puffs-rechargeable-vape\/"]}]},{"@type":"ImageObject","inLanguage":"de","@id":"https:\/\/vapemaison.com\/product\/razz-bar-10000-puffs-rechargeable-vape\/#primaryimage","url":"https:\/\/vapemaison.com\/wp-content\/uploads\/2026\/01\/razz-bar-10000-puffs-product-display.jpg","contentUrl":"https:\/\/vapemaison.com\/wp-content\/uploads\/2026\/01\/razz-bar-10000-puffs-product-display.jpg","width":1800,"height":1800,"caption":"razz-bar-10000-puffs-product-display"},{"@type":"BreadcrumbList","@id":"https:\/\/vapemaison.com\/product\/razz-bar-10000-puffs-rechargeable-vape\/#breadcrumb","itemListElement":[{"@type":"ListItem","position":1,"name":"\u9996\u9875","item":"https:\/\/vapemaison.com\/"},{"@type":"ListItem","position":2,"name":"Shop","item":"https:\/\/vapemaison.com\/shop\/"},{"@type":"ListItem","position":3,"name":"Razz Bar","item":"https:\/\/vapemaison.com\/brand\/razz-bar\/"},{"@type":"ListItem","position":4,"name":"RAZZ BAR 10000 Puffs Rechargeable Vape"}]},{"@type":"WebSite","@id":"https:\/\/vapemaison.com\/#website","url":"https:\/\/vapemaison.com\/","name":"VapeMaison","description":"Premium Vaping-Ger\u00e4te und Zubeh\u00f6r","publisher":{"@id":"https:\/\/vapemaison.com\/#organization"},"potentialAction":[{"@type":"SearchAction","target":{"@type":"EntryPoint","urlTemplate":"https:\/\/vapemaison.com\/?s={search_term_string}"},"query-input":{"@type":"PropertyValueSpecification","valueRequired":true,"valueName":"search_term_string"}}],"inLanguage":"de"},{"@type":"Organization","@id":"https:\/\/vapemaison.com\/#organization","name":"VapeMaison","url":"https:\/\/vapemaison.com\/","logo":{"@type":"ImageObject","inLanguage":"de","@id":"https:\/\/vapemaison.com\/#\/schema\/logo\/image\/","url":"https:\/\/vapemaison.com\/wp-content\/uploads\/2026\/01\/cropped-vapemaison-logo-g-2026.webp","contentUrl":"https:\/\/vapemaison.com\/wp-content\/uploads\/2026\/01\/cropped-vapemaison-logo-g-2026.webp","width":350,"height":280,"caption":"VapeMaison"},"image":{"@id":"https:\/\/vapemaison.com\/#\/schema\/logo\/image\/"},"sameAs":["https:\/\/www.youtube.com\/@VapeMaison"]}]}},"tiered_pricing_type":"fixed","tiered_pricing_fixed_rules":{"100":"11.72","200":"8.45","500":"7.68"},"tiered_pricing_product_settings":{"layout":"default","base_unit_name":{"singular":null,"plural":null},"default_variation":null},"tiered_pricing_minimum_quantity":50,"tiered_pricing_roles_data":[],"tiered_pricing_percentage_rules":[],"tiered_pricing_maximum_quantity":null,"tiered_pricing_quantity_step":"10","_links":{"self":[{"href":"https:\/\/vapemaison.com\/de\/wp-json\/wp\/v2\/product\/25624","targetHints":{"allow":["GET"]}}],"collection":[{"href":"https:\/\/vapemaison.com\/de\/wp-json\/wp\/v2\/product"}],"about":[{"href":"https:\/\/vapemaison.com\/de\/wp-json\/wp\/v2\/types\/product"}],"replies":[{"embeddable":true,"href":"https:\/\/vapemaison.com\/de\/wp-json\/wp\/v2\/comments?post=25624"}],"version-history":[{"count":2,"href":"https:\/\/vapemaison.com\/de\/wp-json\/wp\/v2\/product\/25624\/revisions"}],"predecessor-version":[{"id":25671,"href":"https:\/\/vapemaison.com\/de\/wp-json\/wp\/v2\/product\/25624\/revisions\/25671"}],"wp:featuredmedia":[{"embeddable":true,"href":"https:\/\/vapemaison.com\/de\/wp-json\/wp\/v2\/media\/25711"}],"wp:attachment":[{"href":"https:\/\/vapemaison.com\/de\/wp-json\/wp\/v2\/media?parent=25624"}],"wp:term":[{"taxonomy":"product_brand","embeddable":true,"href":"https:\/\/vapemaison.com\/de\/wp-json\/wp\/v2\/product_brand?post=25624"},{"taxonomy":"product_cat","embeddable":true,"href":"https:\/\/vapemaison.com\/de\/wp-json\/wp\/v2\/product_cat?post=25624"},{"taxonomy":"product_tag","embeddable":true,"href":"https:\/\/vapemaison.com\/de\/wp-json\/wp\/v2\/product_tag?post=25624"}],"curies":[{"name":"wp","href":"https:\/\/api.w.org\/{rel}","templated":true}]}}