

{"id":25626,"date":"2026-01-08T10:42:46","date_gmt":"2026-01-08T10:42:46","guid":{"rendered":"https:\/\/vapemaison.com\/?post_type=product&#038;p=25626"},"modified":"2026-01-15T02:27:26","modified_gmt":"2026-01-15T02:27:26","slug":"razz-bar-12000-puff-12k-22ml-5-nic-salz","status":"publish","type":"product","link":"https:\/\/vapemaison.com\/de\/product\/razz-bar-12000-puff-12k-22ml-5-nic-salt\/","title":{"rendered":"Razz bar 12000 puff 12K 22mL, 5% Nic Salz"},"content":{"rendered":"<p>Die <strong>RAZZ BAR 12000 Puffs<\/strong> stellt die Spitze der modernen Vaping-Technologie dar. <strong>Speziell<\/strong>, Dieses Flaggschiff liefert mehr echten Geschmack und eine st\u00e4rkere Dampfproduktion als alle Vorg\u00e4ngermodelle. <strong>Denn<\/strong> Er verf\u00fcgt \u00fcber eine leistungsstarke 22W Leistung mit integrierter Spannungs- und Luftstromkontrolle und bietet ein vollst\u00e4ndig anpassbares Erlebnis. <strong>Au\u00dferdem<\/strong>, Die massive 22ml e-Liquid-Kapazit\u00e4t und der 650mAh-Akku sorgen daf\u00fcr, dass Ihr Ger\u00e4t jede Erwartung an Robustheit und Gleichm\u00e4\u00dfigkeit erf\u00fcllt.<\/p>\n\n\n\n<p><strong>Zus\u00e4tzlich zu<\/strong> Die RAZZ BAR 12000 zeichnet sich neben ihrer hohen Leistung durch ein atemberaubendes, lichtdurchl\u00e4ssiges Geh\u00e4use und ein anspruchsvolles Design aus. Diese auff\u00e4llige \u00c4sthetik setzt neue Ma\u00dfst\u00e4be in der Branche. <strong>Folglich<\/strong>, Die RAZZ BAR 12000 Puffs ist die ultimative L\u00f6sung, wenn Sie Ihr E-Zigaretten-Erlebnis aufwerten wollen.<\/p>\n\n\n\n<h3 class=\"wp-block-heading\">Technische Daten: Entwickelt f\u00fcr Leistung<\/h3>\n\n\n\n<ul class=\"wp-block-list\">\n<li><strong>Puff-Kapazit\u00e4t:<\/strong> Liefert bis zu <strong>12.000 Z\u00fcge<\/strong>, Dadurch wird ein langfristiger Nutzen f\u00fcr jeden Nutzer gew\u00e4hrleistet.<\/li>\n\n\n\n<li><strong>Massive Kapazit\u00e4t:<\/strong> Jedes Ger\u00e4t enth\u00e4lt <strong>22ml hochwertiges E-Liquid<\/strong>. <strong>Deshalb<\/strong>, genie\u00dfen Sie wochenlange Nutzung ohne Unterbrechung.<\/li>\n\n\n\n<li><strong>Variable Leistung:<\/strong> Die <strong>22W Leistung<\/strong> kombiniert mit <strong>Luftstromkontrolle<\/strong> erm\u00f6glicht die Feinabstimmung der Dampfdichte.<\/li>\n\n\n\n<li><strong>Nikotin-Optionen:<\/strong> Verf\u00fcgbar in <strong>2% und 5% Salz-Nikotin<\/strong> um unterschiedlichen Nutzerpr\u00e4ferenzen und Marktvorschriften Rechnung zu tragen.<\/li>\n\n\n\n<li><strong>Intelligente Funktionen:<\/strong> Die integrierte <strong>RGB-Beleuchtung<\/strong> setzt einen modernen Akzent, w\u00e4hrend die <strong>Typ-C-Anschluss<\/strong> gew\u00e4hrleistet eine schnelle Aufladung.<\/li>\n\n\n\n<li><strong>Erweiterte Mesh-Spule:<\/strong> Diese Technologie erhitzt die Fl\u00fcssigkeit gleichm\u00e4\u00dfig. <strong>Speziell<\/strong>, Sie garantiert einen sanften Kehlkopfschlag und authentischen Geschmack vom ersten bis zum letzten Zug.<\/li>\n<\/ul>\n\n\n\n<h3 class=\"wp-block-heading\">Premium-Geschmacksauswahl: 16 Elite-Mischungen<\/h3>\n\n\n\n<p>Das RAZZ BAR 12000-Sortiment bietet eine gro\u00dfe Vielfalt an Geschmacksrichtungen. <strong>Ob<\/strong> Ob Sie eisige Erfrischung oder s\u00fc\u00dfe Bonbonmischungen bevorzugen, unsere Kollektion bietet f\u00fcr jeden Geschmack etwas:<\/p>\n\n\n\n<ul class=\"wp-block-list\">\n<li><strong>Obst und Eis:<\/strong> Pfirsich-Eis, Wassermelonen-Eis, Mango-Eis und Heidelbeer-Eis.<\/li>\n\n\n\n<li><strong>Exotische Fusionen:<\/strong> Kiwi Passionsfrucht Guave, Mamba und Heidelbeere Himbeere.<\/li>\n\n\n\n<li><strong>Klassische S\u00fc\u00dfigkeiten:<\/strong> Strawberry Watermelon Bubble Gum und Blueberry Bubble Gum.<\/li>\n\n\n\n<li><strong>Getr\u00e4nk Inspiriert:<\/strong> Red Bull Ice und Blue Razz Lemonade.<\/li>\n<\/ul>\n\n\n\n<h3 class=\"wp-block-heading\">Vorteile f\u00fcr Gro\u00dfhandel und Einzelhandel<\/h3>\n\n\n\n<p><strong>Auswahl von<\/strong> unsere Produkte sichern Ihnen einen Wettbewerbsvorteil auf Ihrem lokalen Markt. <strong>Dementsprechend<\/strong>, bieten wir eine optimierte Logistik f\u00fcr alle Gesch\u00e4ftspartner:<\/p>\n\n\n\n<ul class=\"wp-block-list\">\n<li><strong>Anzeige bereit:<\/strong> Jede Displaybox enth\u00e4lt 10 St\u00fcck.<\/li>\n\n\n\n<li><strong>Bulk-Verpackung:<\/strong> Wir verpacken 200 St\u00fcck pro Karton f\u00fcr eine effiziente Lagerung.<\/li>\n\n\n\n<li><strong>Garantierte Sicherheit:<\/strong> Jedes Ger\u00e4t wird einer strengen Qualit\u00e4tskontrolle unterzogen, um internationalen Standards zu entsprechen. <strong>So<\/strong>, k\u00f6nnen Sie mit absolutem Vertrauen verkaufen.<\/li>\n<\/ul>\n\n\n\n<h3 class=\"wp-block-heading\">H\u00e4ufig gestellte Fragen (FAQs)<\/h3>\n\n\n\n<p><strong>1. Kann ich den Luftstrom einstellen?<\/strong> Ja, das Ger\u00e4t verf\u00fcgt \u00fcber eine <strong>Luftstromkontrolle<\/strong> Ventil. <strong>Folglich<\/strong>, k\u00f6nnen Sie zwischen einem engen Zug und einem offenen, wolkenreichen Erlebnis wechseln.<\/p>\n\n\n\n<p><strong>2. Wie lange reicht die Kapazit\u00e4t von 12.000 Puffs?<\/strong> Bei normalem Gebrauch reicht der 22-ml-Tank f\u00fcr mehrere Wochen. <strong>Allerdings<\/strong>, Die genaue Dauer h\u00e4ngt von der von Ihnen bevorzugten Wattzahl und Luftstromeinstellung ab.<\/p>\n\n\n\n<p><strong>3. Ist die Batterie wiederaufladbar?<\/strong> Ganz genau. <strong>Seit<\/strong> mit einem 650mAh-Akku und einem Typ-C-Anschluss k\u00f6nnen Sie jeden Tropfen E-Liquid voll ausnutzen.<\/p>\n\n\n\n<p><\/p>","protected":false},"excerpt":{"rendered":"<p>Die RAZZ BAR 12000 Puffs kombiniert eine massive 22ml e-Liquid-Kapazit\u00e4t mit einer leistungsstarken 22W einstellbaren Leistung. Da er \u00fcber eine Airflow-Steuerung und einen Typ-C-Akku verf\u00fcgt, bietet dieses Ger\u00e4t ein ma\u00dfgeschneidertes und lang anhaltendes Dampferlebnis. Folglich steht es als die erste Wahl f\u00fcr diejenigen, die \u00fcberlegenen Geschmack und modernes Design suchen.<\/p>","protected":false},"featured_media":25778,"comment_status":"open","ping_status":"closed","template":"","meta":[],"product_brand":[313],"product_cat":[154],"product_tag":[],"class_list":{"0":"post-25626","1":"product","2":"type-product","3":"status-publish","4":"has-post-thumbnail","6":"product_brand-razz-bar","7":"product_cat-12k-puffs","9":"first","10":"instock","11":"sale","12":"shipping-taxable","13":"purchasable","14":"product-type-variable"},"yoast_head":"<!-- This site is optimized with the Yoast SEO plugin v27.4 - https:\/\/yoast.com\/product\/yoast-seo-wordpress\/ -->\n<title>RAZZ BAR 12000 Puffs Adjustable Airflow Disposable Vape<\/title>\n<meta name=\"description\" content=\"Discover the RAZZ BAR 12000 Puffs. Features 22ml capacity, 22W power control, RGB lights, and Mesh Coil technology. Shop wholesale now for the best prices!\" \/>\n<meta name=\"robots\" content=\"index, follow, max-snippet:-1, max-image-preview:large, max-video-preview:-1\" \/>\n<link rel=\"canonical\" href=\"https:\/\/vapemaison.com\/de\/product\/razz-bar-12000-puff-12k-22ml-5-nic-salz\/\" \/>\n<meta property=\"og:locale\" content=\"de_DE\" \/>\n<meta property=\"og:type\" content=\"article\" \/>\n<meta property=\"og:title\" content=\"RAZZ BAR 12000 Puffs Adjustable Airflow Disposable Vape\" \/>\n<meta property=\"og:description\" content=\"Discover the RAZZ BAR 12000 Puffs. Features 22ml capacity, 22W power control, RGB lights, and Mesh Coil technology. Shop wholesale now for the best prices!\" \/>\n<meta property=\"og:url\" content=\"https:\/\/vapemaison.com\/de\/product\/razz-bar-12000-puff-12k-22ml-5-nic-salz\/\" \/>\n<meta property=\"og:site_name\" content=\"VapeMaison\" \/>\n<meta property=\"article:modified_time\" content=\"2026-01-15T02:27:26+00:00\" \/>\n<meta property=\"og:image\" content=\"https:\/\/vapemaison.com\/wp-content\/uploads\/2026\/01\/razz-bar-12000-puffs-vape-product-display.webp\" \/>\n\t<meta property=\"og:image:width\" content=\"640\" \/>\n\t<meta property=\"og:image:height\" content=\"640\" \/>\n\t<meta property=\"og:image:type\" content=\"image\/webp\" \/>\n<meta name=\"twitter:card\" content=\"summary_large_image\" \/>\n<meta name=\"twitter:label1\" content=\"Gesch\u00e4tzte Lesezeit\" \/>\n\t<meta name=\"twitter:data1\" content=\"3\u00a0Minuten\" \/>\n<!-- \/ Yoast SEO plugin. -->","yoast_head_json":{"title":"RAZZ BAR 12000 Puffs Einstellbare Luftstrom Einweg Vape","description":"Entdecken Sie die RAZZ BAR 12000 Puffs. Mit 22ml Fassungsverm\u00f6gen, 22W Leistungsregelung, RGB-Licht und Mesh Coil Technologie. Shop Gro\u00dfhandel jetzt f\u00fcr die besten Preise!","robots":{"index":"index","follow":"follow","max-snippet":"max-snippet:-1","max-image-preview":"max-image-preview:large","max-video-preview":"max-video-preview:-1"},"canonical":"https:\/\/vapemaison.com\/de\/product\/razz-bar-12000-puff-12k-22ml-5-nic-salz\/","og_locale":"de_DE","og_type":"article","og_title":"RAZZ BAR 12000 Puffs Adjustable Airflow Disposable Vape","og_description":"Discover the RAZZ BAR 12000 Puffs. Features 22ml capacity, 22W power control, RGB lights, and Mesh Coil technology. Shop wholesale now for the best prices!","og_url":"https:\/\/vapemaison.com\/de\/product\/razz-bar-12000-puff-12k-22ml-5-nic-salz\/","og_site_name":"VapeMaison","article_modified_time":"2026-01-15T02:27:26+00:00","og_image":[{"width":640,"height":640,"url":"https:\/\/vapemaison.com\/wp-content\/uploads\/2026\/01\/razz-bar-12000-puffs-vape-product-display.webp","type":"image\/webp"}],"twitter_card":"summary_large_image","twitter_misc":{"Gesch\u00e4tzte Lesezeit":"3\u00a0Minuten"},"schema":{"@context":"https:\/\/schema.org","@graph":[{"@type":"WebPage","@id":"https:\/\/vapemaison.com\/product\/razz-bar-12000-puff-12k-22ml-5-nic-salt\/","url":"https:\/\/vapemaison.com\/product\/razz-bar-12000-puff-12k-22ml-5-nic-salt\/","name":"RAZZ BAR 12000 Puffs Einstellbare Luftstrom Einweg Vape","isPartOf":{"@id":"https:\/\/vapemaison.com\/#website"},"primaryImageOfPage":{"@id":"https:\/\/vapemaison.com\/product\/razz-bar-12000-puff-12k-22ml-5-nic-salt\/#primaryimage"},"image":{"@id":"https:\/\/vapemaison.com\/product\/razz-bar-12000-puff-12k-22ml-5-nic-salt\/#primaryimage"},"thumbnailUrl":"https:\/\/vapemaison.com\/wp-content\/uploads\/2026\/01\/razz-bar-12000-puffs-vape-product-display.webp","datePublished":"2026-01-08T10:42:46+00:00","dateModified":"2026-01-15T02:27:26+00:00","description":"Entdecken Sie die RAZZ BAR 12000 Puffs. Mit 22ml Fassungsverm\u00f6gen, 22W Leistungsregelung, RGB-Licht und Mesh Coil Technologie. Shop Gro\u00dfhandel jetzt f\u00fcr die besten Preise!","breadcrumb":{"@id":"https:\/\/vapemaison.com\/product\/razz-bar-12000-puff-12k-22ml-5-nic-salt\/#breadcrumb"},"inLanguage":"de","potentialAction":[{"@type":"ReadAction","target":["https:\/\/vapemaison.com\/product\/razz-bar-12000-puff-12k-22ml-5-nic-salt\/"]}]},{"@type":"ImageObject","inLanguage":"de","@id":"https:\/\/vapemaison.com\/product\/razz-bar-12000-puff-12k-22ml-5-nic-salt\/#primaryimage","url":"https:\/\/vapemaison.com\/wp-content\/uploads\/2026\/01\/razz-bar-12000-puffs-vape-product-display.webp","contentUrl":"https:\/\/vapemaison.com\/wp-content\/uploads\/2026\/01\/razz-bar-12000-puffs-vape-product-display.webp","width":640,"height":640,"caption":"razz-bar-12000-puffs-vape-product-display"},{"@type":"BreadcrumbList","@id":"https:\/\/vapemaison.com\/product\/razz-bar-12000-puff-12k-22ml-5-nic-salt\/#breadcrumb","itemListElement":[{"@type":"ListItem","position":1,"name":"\u9996\u9875","item":"https:\/\/vapemaison.com\/"},{"@type":"ListItem","position":2,"name":"Shop","item":"https:\/\/vapemaison.com\/shop\/"},{"@type":"ListItem","position":3,"name":"Razz Bar","item":"https:\/\/vapemaison.com\/brand\/razz-bar\/"},{"@type":"ListItem","position":4,"name":"Razz bar 12000 puff 12K 22mL, 5% Nic Salt"}]},{"@type":"WebSite","@id":"https:\/\/vapemaison.com\/#website","url":"https:\/\/vapemaison.com\/","name":"VapeMaison","description":"Premium Vaping-Ger\u00e4te und Zubeh\u00f6r","publisher":{"@id":"https:\/\/vapemaison.com\/#organization"},"potentialAction":[{"@type":"SearchAction","target":{"@type":"EntryPoint","urlTemplate":"https:\/\/vapemaison.com\/?s={search_term_string}"},"query-input":{"@type":"PropertyValueSpecification","valueRequired":true,"valueName":"search_term_string"}}],"inLanguage":"de"},{"@type":"Organization","@id":"https:\/\/vapemaison.com\/#organization","name":"VapeMaison","url":"https:\/\/vapemaison.com\/","logo":{"@type":"ImageObject","inLanguage":"de","@id":"https:\/\/vapemaison.com\/#\/schema\/logo\/image\/","url":"https:\/\/vapemaison.com\/wp-content\/uploads\/2026\/01\/cropped-vapemaison-logo-g-2026.webp","contentUrl":"https:\/\/vapemaison.com\/wp-content\/uploads\/2026\/01\/cropped-vapemaison-logo-g-2026.webp","width":350,"height":280,"caption":"VapeMaison"},"image":{"@id":"https:\/\/vapemaison.com\/#\/schema\/logo\/image\/"},"sameAs":["https:\/\/www.youtube.com\/@VapeMaison"]}]}},"tiered_pricing_type":"fixed","tiered_pricing_fixed_rules":{"100":"11.13","200":"10.24","500":"9.45"},"tiered_pricing_product_settings":{"layout":"default","base_unit_name":{"singular":null,"plural":null},"default_variation":null},"tiered_pricing_minimum_quantity":50,"tiered_pricing_roles_data":[],"tiered_pricing_percentage_rules":[],"tiered_pricing_maximum_quantity":null,"tiered_pricing_quantity_step":"10","_links":{"self":[{"href":"https:\/\/vapemaison.com\/de\/wp-json\/wp\/v2\/product\/25626","targetHints":{"allow":["GET"]}}],"collection":[{"href":"https:\/\/vapemaison.com\/de\/wp-json\/wp\/v2\/product"}],"about":[{"href":"https:\/\/vapemaison.com\/de\/wp-json\/wp\/v2\/types\/product"}],"replies":[{"embeddable":true,"href":"https:\/\/vapemaison.com\/de\/wp-json\/wp\/v2\/comments?post=25626"}],"version-history":[{"count":2,"href":"https:\/\/vapemaison.com\/de\/wp-json\/wp\/v2\/product\/25626\/revisions"}],"predecessor-version":[{"id":25821,"href":"https:\/\/vapemaison.com\/de\/wp-json\/wp\/v2\/product\/25626\/revisions\/25821"}],"wp:featuredmedia":[{"embeddable":true,"href":"https:\/\/vapemaison.com\/de\/wp-json\/wp\/v2\/media\/25778"}],"wp:attachment":[{"href":"https:\/\/vapemaison.com\/de\/wp-json\/wp\/v2\/media?parent=25626"}],"wp:term":[{"taxonomy":"product_brand","embeddable":true,"href":"https:\/\/vapemaison.com\/de\/wp-json\/wp\/v2\/product_brand?post=25626"},{"taxonomy":"product_cat","embeddable":true,"href":"https:\/\/vapemaison.com\/de\/wp-json\/wp\/v2\/product_cat?post=25626"},{"taxonomy":"product_tag","embeddable":true,"href":"https:\/\/vapemaison.com\/de\/wp-json\/wp\/v2\/product_tag?post=25626"}],"curies":[{"name":"wp","href":"https:\/\/api.w.org\/{rel}","templated":true}]}}