

{"id":25629,"date":"2026-01-08T09:57:26","date_gmt":"2026-01-08T09:57:26","guid":{"rendered":"https:\/\/vapemaison.com\/?post_type=product&#038;p=25629"},"modified":"2026-01-15T02:27:37","modified_gmt":"2026-01-15T02:27:37","slug":"razz-bar-40000-puffs-dual-flavor-vaping","status":"publish","type":"product","link":"https:\/\/vapemaison.com\/de\/product\/razz-bar-40000-puffs-dual-flavor-vaping\/","title":{"rendered":"RAZZ BAR 40000 Z\u00fcge: Dual-Flavor Vaping"},"content":{"rendered":"<p>Die <strong>RAZZ BAR 40000 Puffs<\/strong> ist ein wahrer Titan auf dem Markt f\u00fcr Einweg-E-Zigaretten. <strong>Speziell<\/strong>, Sie liefert beispiellose 40.000 Z\u00fcge und verf\u00fcgt \u00fcber ein innovatives Dual-Tank-System f\u00fcr ein individuelles Erlebnis.<sup><\/sup> <strong>Denn<\/strong> Wir haben dieses Ger\u00e4t f\u00fcr maximale Langlebigkeit konzipiert, es dient als perfekter Begleiter f\u00fcr Ihren Alltag. <strong>Au\u00dferdem<\/strong>, Die hohe Kapazit\u00e4t sorgt daf\u00fcr, dass Sie erstklassigen Dampf genie\u00dfen k\u00f6nnen, ohne ihn st\u00e4ndig austauschen zu m\u00fcssen.<sup><\/sup>+1<\/p>\n\n\n\n<p>Dieses Ger\u00e4t verbindet perfekt \u00c4sthetik mit High-End-Funktionalit\u00e4t. <strong>Zum Beispiel<\/strong>, die integrierte <strong>LED-Anzeige<\/strong> liefert Echtzeit-Updates \u00fcber den F\u00fcllstand Ihrer Batterie und Ihres E-Liquids.<sup><\/sup> <strong>Inzwischen<\/strong>, Die fortschrittliche Mesh Coil Technologie liefert bei jedem Zug einen gleichbleibenden, intensiven Geschmack. <strong>Folglich<\/strong>, Die RAZZ BAR 40000 ist die erste Wahl f\u00fcr Dampfer, die Wert auf Vielfalt, Leistung und Benutzerfreundlichkeit legen.<\/p>\n\n\n\n<h3 class=\"wp-block-heading\">Technische Daten: Exzellenz in jedem Atemzug<\/h3>\n\n\n\n<ul class=\"wp-block-list\">\n<li><strong>Massive Puffkapazit\u00e4t:<\/strong> Die RAZZ BAR liefert bis zu <strong>40.000 Z\u00fcge<\/strong>. <strong>Infolgedessen<\/strong>, Je nach Ihren pers\u00f6nlichen Nutzungsgewohnheiten kann dieses Ger\u00e4t wochen- oder sogar monatelang halten.<\/li>\n\n\n\n<li><strong>Innovation mit zwei Geschmacksrichtungen:<\/strong> Jedes Ger\u00e4t enth\u00e4lt eine <strong>Zwei-Tank-System<\/strong>. <strong>Deshalb<\/strong>, k\u00f6nnen Sie zwischen zwei verschiedenen Geschmacksrichtungen wechseln, indem Sie einfach das Mundst\u00fcck drehen.<\/li>\n\n\n\n<li><strong>Intelligente \u00dcberwachung:<\/strong> Die eingebaute <strong>LED-Bildschirm<\/strong> \u00fcberwacht die Lebensdauer der Batterie und den Fl\u00fcssigkeitsstand. <strong>Dementsprechend<\/strong>, k\u00f6nnen Sie Ihren Tag planen, ohne sich Gedanken \u00fcber einen unerwarteten Stromausfall machen zu m\u00fcssen.<\/li>\n\n\n\n<li><strong>Nikotin-Flexibilit\u00e4t:<\/strong> Wir bieten <strong>2% und 5% Salz-Nikotin<\/strong> Optionen. <strong>Speziell<\/strong>, Salz-Nikotin sorgt f\u00fcr einen sanften Kehlkopfschlag und eine schnellere Absorption f\u00fcr ein befriedigendes Erlebnis.+1<\/li>\n\n\n\n<li><strong>Stromversorgung und Aufladen:<\/strong> Die <strong>650mAh wiederaufladbare Batterie<\/strong> verwendet <strong>Typ-C-Schnellladung<\/strong>. <strong>So<\/strong>, minimieren Sie die Ausfallzeiten und erhalten eine nachhaltigere Vaping-Gewohnheit.<\/li>\n\n\n\n<li><strong>Gro\u00dfhandelseffizienz:<\/strong> Wir verpacken <strong>200 St\u00fcck pro Karton<\/strong> zur Unterst\u00fctzung einer rationalisierten Logistik f\u00fcr Einzel- und Gro\u00dfh\u00e4ndler.<\/li>\n<\/ul>\n\n\n\n<h3 class=\"wp-block-heading\">Zwei-Geschmacks-Kombinationen: Doppeltes Vergn\u00fcgen<\/h3>\n\n\n\n<p>Die RAZZ BAR 40000 bietet 10 einzigartige \u201cDouble-Aroma\u201d-Kombinationen. <strong>Ob<\/strong> Ob Sie sich nach fruchtiger S\u00fc\u00dfe oder eisiger Erfrischung sehnen, diese Kombinationen sorgen f\u00fcr ein aufregendes Erlebnis:<\/p>\n\n\n\n<ul class=\"wp-block-list\">\n<li><strong>Zitrone-Limette \/ Lush Ice<\/strong><\/li>\n\n\n\n<li><strong>Erdbeereis \/ Gemischte Beeren<\/strong><\/li>\n\n\n\n<li><strong>Blue Razz Ice \/ Erdbeer-Wassermelone-Kaugummi<\/strong><\/li>\n\n\n\n<li><strong>Erdbeer-Banane\/Red Bull Ice<\/strong><\/li>\n\n\n\n<li><strong>Blaubeereis \/ Liebe 66<\/strong><\/li>\n\n\n\n<li><strong>Wassermelonen-Eis \/ Cola-Eis<\/strong><\/li>\n\n\n\n<li><strong>Erdbeer-Wassermelone\/Trauben-Eis<\/strong><\/li>\n<\/ul>\n\n\n\n<h3 class=\"wp-block-heading\">FAQs zum Razz Bar 40000 Puffs<\/h3>\n\n\n\n<p><strong>1. Wie kann ich zwischen den beiden Geschmacksrichtungen wechseln?<\/strong> <strong>Einfach<\/strong> Drehen Sie das Mundst\u00fcck, um zwischen den beiden internen Tanks zu wechseln. <strong>Folglich<\/strong>, k\u00f6nnen Sie zwei verschiedene Geschmacksrichtungen genie\u00dfen, ohne mehrere Ger\u00e4te mit sich f\u00fchren zu m\u00fcssen.<\/p>\n\n\n\n<p><strong>2. Wie genau ist die LED-Anzeige?<\/strong> Das Display zeigt den F\u00fcllstand des Akkus und des E-Liquids in Echtzeit an.<sup><\/sup> <strong>Deshalb<\/strong>, wissen Sie immer genau, wann es an der Zeit ist, Ihr Ger\u00e4t aufzuladen oder auszutauschen.<\/p>\n\n\n\n<p><strong>3. Ist die Zahl von 40.000 Puffern garantiert?<\/strong> Bei normalem Gebrauch liefert das Ger\u00e4t bis zu 40.000 Z\u00fcge.<sup><\/sup> <strong>Allerdings<\/strong>, Die Anzahl der einzelnen Z\u00fcge kann je nach L\u00e4nge und Intensit\u00e4t der Z\u00fcge variieren.<\/p>\n\n\n\n<p><strong>4. Warum ist die Mesh Coil-Technologie so wichtig?<\/strong> Die Mesh Coil vergr\u00f6\u00dfert die Heizfl\u00e4che.<sup><\/sup> <strong>Infolgedessen<\/strong>, Er produziert einen viel intensiveren Geschmack und sanfteren Dampf als herk\u00f6mmliche Drahtspulen.<\/p>","protected":false},"excerpt":{"rendered":"<p>Die RAZZ BAR 40000 Puffs definiert mit ihrer enormen Kapazit\u00e4t und dem einzigartigen Dual-Flavour-Schalter die Ausdauer neu. Da sie \u00fcber einen LED-Bildschirm und eine Typ-C-Schnellladefunktion verf\u00fcgt, bietet dieses Ger\u00e4t die bequemste und transparenteste Erfahrung auf dem Markt. Folglich bietet es einen unschlagbaren Wert f\u00fcr Einzelh\u00e4ndler und hochintensive Vaper gleicherma\u00dfen.<\/p>","protected":false},"featured_media":25751,"comment_status":"open","ping_status":"closed","template":"","meta":[],"product_brand":[313],"product_cat":[135],"product_tag":[],"class_list":{"0":"post-25629","1":"product","2":"type-product","3":"status-publish","4":"has-post-thumbnail","6":"product_brand-razz-bar","7":"product_cat-40k-puffs","9":"first","10":"instock","11":"sale","12":"shipping-taxable","13":"purchasable","14":"product-type-variable"},"yoast_head":"<!-- This site is optimized with the Yoast SEO plugin v27.4 - https:\/\/yoast.com\/product\/yoast-seo-wordpress\/ -->\n<title>RAZZ BAR 40000 Puffs | Dual-Flavor Smart Disposable Vape<\/title>\n<meta name=\"description\" content=\"Experience 40k puffs with the RAZZ BAR Dual-Tank Vape. Featuring an LED display, and 10 double-flavor blends. Shop wholesale with fast EU shipping!\" \/>\n<meta name=\"robots\" content=\"index, follow, max-snippet:-1, max-image-preview:large, max-video-preview:-1\" \/>\n<link rel=\"canonical\" href=\"https:\/\/vapemaison.com\/de\/product\/razz-bar-40000-puffs-dual-flavor-vaping\/\" \/>\n<meta property=\"og:locale\" content=\"de_DE\" \/>\n<meta property=\"og:type\" content=\"article\" \/>\n<meta property=\"og:title\" content=\"RAZZ BAR 40000 Puffs | Dual-Flavor Smart Disposable Vape\" \/>\n<meta property=\"og:description\" content=\"Experience 40k puffs with the RAZZ BAR Dual-Tank Vape. Featuring an LED display, and 10 double-flavor blends. Shop wholesale with fast EU shipping!\" \/>\n<meta property=\"og:url\" content=\"https:\/\/vapemaison.com\/de\/product\/razz-bar-40000-puffs-dual-flavor-vaping\/\" \/>\n<meta property=\"og:site_name\" content=\"VapeMaison\" \/>\n<meta property=\"article:modified_time\" content=\"2026-01-15T02:27:37+00:00\" \/>\n<meta property=\"og:image\" content=\"https:\/\/vapemaison.com\/wp-content\/uploads\/2026\/01\/razz-bar-40000-puffs-vape-product-display-3.jpg\" \/>\n\t<meta property=\"og:image:width\" content=\"800\" \/>\n\t<meta property=\"og:image:height\" content=\"800\" \/>\n\t<meta property=\"og:image:type\" content=\"image\/jpeg\" \/>\n<meta name=\"twitter:card\" content=\"summary_large_image\" \/>\n<meta name=\"twitter:label1\" content=\"Gesch\u00e4tzte Lesezeit\" \/>\n\t<meta name=\"twitter:data1\" content=\"3\u00a0Minuten\" \/>\n<!-- \/ Yoast SEO plugin. -->","yoast_head_json":{"title":"RAZZ BAR 40000 Puffs | Dual-Flavor Smart Disposable Vape","description":"Erleben Sie 40k Z\u00fcge mit dem RAZZ BAR Dual-Tank Vape. Ausgestattet mit einer LED-Anzeige und 10 Doppelgeschmacksmischungen. Shop Gro\u00dfhandel mit schnellen EU-Versand!","robots":{"index":"index","follow":"follow","max-snippet":"max-snippet:-1","max-image-preview":"max-image-preview:large","max-video-preview":"max-video-preview:-1"},"canonical":"https:\/\/vapemaison.com\/de\/product\/razz-bar-40000-puffs-dual-flavor-vaping\/","og_locale":"de_DE","og_type":"article","og_title":"RAZZ BAR 40000 Puffs | Dual-Flavor Smart Disposable Vape","og_description":"Experience 40k puffs with the RAZZ BAR Dual-Tank Vape. Featuring an LED display, and 10 double-flavor blends. Shop wholesale with fast EU shipping!","og_url":"https:\/\/vapemaison.com\/de\/product\/razz-bar-40000-puffs-dual-flavor-vaping\/","og_site_name":"VapeMaison","article_modified_time":"2026-01-15T02:27:37+00:00","og_image":[{"width":800,"height":800,"url":"https:\/\/vapemaison.com\/wp-content\/uploads\/2026\/01\/razz-bar-40000-puffs-vape-product-display-3.jpg","type":"image\/jpeg"}],"twitter_card":"summary_large_image","twitter_misc":{"Gesch\u00e4tzte Lesezeit":"3\u00a0Minuten"},"schema":{"@context":"https:\/\/schema.org","@graph":[{"@type":"WebPage","@id":"https:\/\/vapemaison.com\/product\/razz-bar-40000-puffs-dual-flavor-vaping\/","url":"https:\/\/vapemaison.com\/product\/razz-bar-40000-puffs-dual-flavor-vaping\/","name":"RAZZ BAR 40000 Puffs | Dual-Flavor Smart Disposable Vape","isPartOf":{"@id":"https:\/\/vapemaison.com\/#website"},"primaryImageOfPage":{"@id":"https:\/\/vapemaison.com\/product\/razz-bar-40000-puffs-dual-flavor-vaping\/#primaryimage"},"image":{"@id":"https:\/\/vapemaison.com\/product\/razz-bar-40000-puffs-dual-flavor-vaping\/#primaryimage"},"thumbnailUrl":"https:\/\/vapemaison.com\/wp-content\/uploads\/2026\/01\/razz-bar-40000-puffs-vape-product-display-3.jpg","datePublished":"2026-01-08T09:57:26+00:00","dateModified":"2026-01-15T02:27:37+00:00","description":"Erleben Sie 40k Z\u00fcge mit dem RAZZ BAR Dual-Tank Vape. Ausgestattet mit einer LED-Anzeige und 10 Doppelgeschmacksmischungen. Shop Gro\u00dfhandel mit schnellen EU-Versand!","breadcrumb":{"@id":"https:\/\/vapemaison.com\/product\/razz-bar-40000-puffs-dual-flavor-vaping\/#breadcrumb"},"inLanguage":"de","potentialAction":[{"@type":"ReadAction","target":["https:\/\/vapemaison.com\/product\/razz-bar-40000-puffs-dual-flavor-vaping\/"]}]},{"@type":"ImageObject","inLanguage":"de","@id":"https:\/\/vapemaison.com\/product\/razz-bar-40000-puffs-dual-flavor-vaping\/#primaryimage","url":"https:\/\/vapemaison.com\/wp-content\/uploads\/2026\/01\/razz-bar-40000-puffs-vape-product-display-3.jpg","contentUrl":"https:\/\/vapemaison.com\/wp-content\/uploads\/2026\/01\/razz-bar-40000-puffs-vape-product-display-3.jpg","width":800,"height":800,"caption":"razz-bar-40000-puffs-vape-product-display-3"},{"@type":"BreadcrumbList","@id":"https:\/\/vapemaison.com\/product\/razz-bar-40000-puffs-dual-flavor-vaping\/#breadcrumb","itemListElement":[{"@type":"ListItem","position":1,"name":"\u9996\u9875","item":"https:\/\/vapemaison.com\/"},{"@type":"ListItem","position":2,"name":"Shop","item":"https:\/\/vapemaison.com\/shop\/"},{"@type":"ListItem","position":3,"name":"Razz Bar","item":"https:\/\/vapemaison.com\/brand\/razz-bar\/"},{"@type":"ListItem","position":4,"name":"RAZZ BAR 40000 Puffs: Dual-Flavor Vaping"}]},{"@type":"WebSite","@id":"https:\/\/vapemaison.com\/#website","url":"https:\/\/vapemaison.com\/","name":"VapeMaison","description":"Premium Vaping-Ger\u00e4te und Zubeh\u00f6r","publisher":{"@id":"https:\/\/vapemaison.com\/#organization"},"potentialAction":[{"@type":"SearchAction","target":{"@type":"EntryPoint","urlTemplate":"https:\/\/vapemaison.com\/?s={search_term_string}"},"query-input":{"@type":"PropertyValueSpecification","valueRequired":true,"valueName":"search_term_string"}}],"inLanguage":"de"},{"@type":"Organization","@id":"https:\/\/vapemaison.com\/#organization","name":"VapeMaison","url":"https:\/\/vapemaison.com\/","logo":{"@type":"ImageObject","inLanguage":"de","@id":"https:\/\/vapemaison.com\/#\/schema\/logo\/image\/","url":"https:\/\/vapemaison.com\/wp-content\/uploads\/2026\/01\/cropped-vapemaison-logo-g-2026.webp","contentUrl":"https:\/\/vapemaison.com\/wp-content\/uploads\/2026\/01\/cropped-vapemaison-logo-g-2026.webp","width":350,"height":280,"caption":"VapeMaison"},"image":{"@id":"https:\/\/vapemaison.com\/#\/schema\/logo\/image\/"},"sameAs":["https:\/\/www.youtube.com\/@VapeMaison"]}]}},"tiered_pricing_type":"fixed","tiered_pricing_fixed_rules":{"100":"9.56","200":"8.78","500":"7.99"},"tiered_pricing_product_settings":{"layout":"default","base_unit_name":{"singular":null,"plural":null},"default_variation":null},"tiered_pricing_minimum_quantity":50,"tiered_pricing_roles_data":[],"tiered_pricing_percentage_rules":[],"tiered_pricing_maximum_quantity":null,"tiered_pricing_quantity_step":"10","_links":{"self":[{"href":"https:\/\/vapemaison.com\/de\/wp-json\/wp\/v2\/product\/25629","targetHints":{"allow":["GET"]}}],"collection":[{"href":"https:\/\/vapemaison.com\/de\/wp-json\/wp\/v2\/product"}],"about":[{"href":"https:\/\/vapemaison.com\/de\/wp-json\/wp\/v2\/types\/product"}],"replies":[{"embeddable":true,"href":"https:\/\/vapemaison.com\/de\/wp-json\/wp\/v2\/comments?post=25629"}],"version-history":[{"count":4,"href":"https:\/\/vapemaison.com\/de\/wp-json\/wp\/v2\/product\/25629\/revisions"}],"predecessor-version":[{"id":25777,"href":"https:\/\/vapemaison.com\/de\/wp-json\/wp\/v2\/product\/25629\/revisions\/25777"}],"wp:featuredmedia":[{"embeddable":true,"href":"https:\/\/vapemaison.com\/de\/wp-json\/wp\/v2\/media\/25751"}],"wp:attachment":[{"href":"https:\/\/vapemaison.com\/de\/wp-json\/wp\/v2\/media?parent=25629"}],"wp:term":[{"taxonomy":"product_brand","embeddable":true,"href":"https:\/\/vapemaison.com\/de\/wp-json\/wp\/v2\/product_brand?post=25629"},{"taxonomy":"product_cat","embeddable":true,"href":"https:\/\/vapemaison.com\/de\/wp-json\/wp\/v2\/product_cat?post=25629"},{"taxonomy":"product_tag","embeddable":true,"href":"https:\/\/vapemaison.com\/de\/wp-json\/wp\/v2\/product_tag?post=25629"}],"curies":[{"name":"wp","href":"https:\/\/api.w.org\/{rel}","templated":true}]}}