

{"id":25630,"date":"2026-01-08T09:24:19","date_gmt":"2026-01-08T09:24:19","guid":{"rendered":"https:\/\/vapemaison.com\/?post_type=product&#038;p=25630"},"modified":"2026-01-15T02:28:10","modified_gmt":"2026-01-15T02:28:10","slug":"razz-bar-16000-16k-puffs-20ml-wegwerfbare-e-zigarette","status":"publish","type":"product","link":"https:\/\/vapemaison.com\/de\/product\/razz-bar-16000-16k-puffs-20ml-disposable-e-cigarette\/","title":{"rendered":"Razz Bar 16000 16K Puffs 20ml Einweg E-Zigarette"},"content":{"rendered":"<p>Die <strong>RAZZ BAR 16000 Puffs<\/strong> ist eine leistungsstarke Einweg-E-Zigarette, die f\u00fcr anhaltenden Genuss und intensiven Geschmack entwickelt wurde. <strong>Speziell<\/strong>, Sie liefert bis zu 16.000 Z\u00fcge und verf\u00fcgt \u00fcber ein gro\u00dfz\u00fcgiges Fassungsverm\u00f6gen von 20 ml E-Liquid.<sup><\/sup> <strong>Denn<\/strong> Wir legen gro\u00dfen Wert auf Qualit\u00e4t und machen dieses Ger\u00e4t zu einer zuverl\u00e4ssigen Option f\u00fcr Dampfer, die sowohl Langlebigkeit als auch Komfort sch\u00e4tzen. <strong>Ob<\/strong> Wenn Sie unterwegs sind oder sich entspannen, bietet dieser Vape eine konstante Leistung, die jeden Zug zu einem Highlight macht. <strong>Au\u00dferdem<\/strong>, Mit unserer langj\u00e4hrigen Erfahrung in der Branche stellen wir sicher, dass jedes Ger\u00e4t den h\u00f6chsten Sicherheitsstandards entspricht.<\/p>\n\n\n\n<p>Dieses Ger\u00e4t zeichnet sich durch seine benutzerfreundliche Bedienung und moderne Technik aus. <strong>Zum Beispiel<\/strong>, Der integrierte Mesh Coil erzeugt einen reichen Geschmack und dichte Dampfwolken. <strong>Inzwischen<\/strong>, Der wiederaufladbare 650-mAh-Akku mit einem USB-Typ-C-Anschluss erm\u00f6glicht ein schnelles Aufladen.<sup><\/sup> <strong>Folglich<\/strong>, Die RAZZ BAR ist ideal f\u00fcr Anf\u00e4nger und erfahrene Dampfer, die ein langanhaltendes Erlebnis ohne l\u00e4stiges Nachf\u00fcllen w\u00fcnschen.<\/p>\n\n\n\n<h3 class=\"wp-block-heading\">Technische Daten: Gebaut f\u00fcr Autorit\u00e4t<\/h3>\n\n\n\n<ul class=\"wp-block-list\">\n<li><strong>Au\u00dfergew\u00f6hnliche Puffanzahl:<\/strong> Die RAZZ BAR liefert eine beeindruckende <strong>16.000 Z\u00fcge<\/strong> pro Ger\u00e4t. <strong>Infolgedessen<\/strong>, k\u00f6nnen Sie wochenlang nutzen und gleichzeitig den Umweltm\u00fcll erheblich reduzieren.<\/li>\n\n\n\n<li><strong>Anpassbares Nikotin:<\/strong> Wir bieten <strong>2% und 5% Salz-Nikotin<\/strong> Optionen. <strong>Deshalb<\/strong>, Das Ger\u00e4t passt sich Ihren Bed\u00fcrfnissen an und bietet einen sanften Kehlkopfschlag und eine schnelle Absorption.<\/li>\n\n\n\n<li><strong>Massive E-Liquid-Kapazit\u00e4t:<\/strong> Jede Einheit wird vorgef\u00fcllt mit <strong>20ml hochwertiges E-Liquid<\/strong>. <strong>Dementsprechend<\/strong>, So erleben Sie einen gleichbleibenden Geschmack vom ersten bis zum letzten Zug.<\/li>\n\n\n\n<li><strong>Erweiterte Mesh-Spule:<\/strong> Mit dieser Technologie wird die Fl\u00fcssigkeit gleichm\u00e4\u00dfig erhitzt. <strong>Speziell<\/strong>, Sie verst\u00e4rkt das authentische Aroma und erh\u00f6ht die Dampfleistung im Vergleich zu Standardspulen.+1<\/li>\n\n\n\n<li><strong>Schnelles Aufladen:<\/strong> Die <strong>USB Typ-C Anschluss<\/strong> sorgt daf\u00fcr, dass Ihr Ger\u00e4t im Handumdrehen einsatzbereit ist. <strong>So<\/strong>, m\u00fcssen Sie nie lange auf Ihre n\u00e4chste Sitzung warten.<\/li>\n\n\n\n<li><strong>Optimierung des Gro\u00dfhandels:<\/strong> Wir versenden <strong>200 St\u00fcck pro Karton<\/strong>, Dies erleichtert dem Einzelhandel eine effiziente Lagerung und Verteilung.<\/li>\n<\/ul>\n\n\n\n<h3 class=\"wp-block-heading\">Geschmacksmen\u00fc: 12 Signature-Mischungen<\/h3>\n\n\n\n<p>Wir haben unsere Geschmacksauswahl auf der Grundlage umfangreicher R\u00fcckmeldungen unserer Kunden optimiert, um sicherzustellen, dass jeder Gaumen einen Favoriten findet:<\/p>\n\n\n\n<ul class=\"wp-block-list\">\n<li><strong>Pfirsich-Eis \/ Wassermelonen-Eis:<\/strong> Knackige Fruchtnoten, die mit einem erfrischenden, eisigen Hauch enden.<\/li>\n\n\n\n<li><strong>Erdbeer-Wassermelone-Kaugummi:<\/strong> Ein nostalgisches und s\u00fc\u00dfes Trio von Aromen.<\/li>\n\n\n\n<li><strong>Red Bull Traube:<\/strong> Eine energiegeladene Traubenfusion, inspiriert von klassischen Energydrinks.<\/li>\n\n\n\n<li><strong>Kiwi Passionsfrucht Guave:<\/strong> Ein lebhaftes tropisches Medley, das Sie auf die Inseln entf\u00fchrt.<\/li>\n\n\n\n<li><strong>Pfirsich, Mango, Wassermelone:<\/strong> Eine komplexe, fruchtige Fusion f\u00fcr einen wirklich befriedigenden Zug.<\/li>\n<\/ul>\n\n\n\n<h3 class=\"wp-block-heading\">H\u00e4ufig gestellte Fragen (FAQs)<\/h3>\n\n\n\n<p><strong>1. Was ist die Mindestbestellmenge (MOQ)?<\/strong> Unser Mindestbestellwert beginnt bei <strong>50 St\u00fcck<\/strong>. <strong>Diese Flexibilit\u00e4t<\/strong> erm\u00f6glicht es den Einzelh\u00e4ndlern, das Sortiment zu testen, bevor sie sich zu gr\u00f6\u00dferen Gro\u00dfbestellungen verpflichten.<\/p>\n\n\n\n<p><strong>2. Wie schnell ist der Versand?<\/strong> Wir liefern direkt von unserem <strong>Europ\u00e4isches Lagerhaus<\/strong>. <strong>Typischerweise<\/strong>, Die Lieferzeit betr\u00e4gt nur 3-7 Tage, so dass Ihre Ware schnell und zuverl\u00e4ssig ankommt.<\/p>\n\n\n\n<p><strong>3. Ist das Ger\u00e4t umweltfreundlich?<\/strong> <strong>Denn<\/strong> Die RAZZ BAR 16000 verf\u00fcgt \u00fcber einen wiederaufladbaren 650mAh-Akku, der viel l\u00e4nger h\u00e4lt als herk\u00f6mmliche Einwegbatterien. <strong>Deshalb<\/strong>, Sie tr\u00e4gt dazu bei, den gesamten Elektroschrott zu reduzieren.<\/p>\n\n\n\n<p><strong>4. Warum ist Mesh Coil besser?<\/strong> Die Mesh Coil-Technologie bietet eine gr\u00f6\u00dfere Oberfl\u00e4che f\u00fcr die Heizung.<sup><\/sup> <strong>Folglich<\/strong>, Sie liefert einen viel tieferen Geschmack und eine sanftere Dampfproduktion als herk\u00f6mmliche Coils.<\/p>","protected":false},"excerpt":{"rendered":"<p>Die RAZZ BAR 16000 Puffs liefert eine branchenf\u00fchrende Kapazit\u00e4t durch seine 20ml vorgef\u00fcllten Tank und fortschrittliche Mesh Coil Technologie. Da er \u00fcber einen 650mAh Akku und einen Typ-C Anschluss verf\u00fcgt, gew\u00e4hrleistet dieses Ger\u00e4t eine lang anhaltende Leistung ohne jeglichen Geschmacksverlust. Folglich ist es die zuverl\u00e4ssigste Wahl f\u00fcr Vaper, die Premium-Qualit\u00e4t und Komfort in einem schlanken Paket verlangen.<\/p>","protected":false},"featured_media":25745,"comment_status":"open","ping_status":"closed","template":"","meta":[],"product_brand":[313],"product_cat":[135],"product_tag":[],"class_list":{"0":"post-25630","1":"product","2":"type-product","3":"status-publish","4":"has-post-thumbnail","6":"product_brand-razz-bar","7":"product_cat-40k-puffs","9":"first","10":"instock","11":"sale","12":"shipping-taxable","13":"purchasable","14":"product-type-variable"},"yoast_head":"<!-- This site is optimized with the Yoast SEO plugin v27.4 - https:\/\/yoast.com\/product\/yoast-seo-wordpress\/ -->\n<title>RAZZ BAR 16000 Puffs | Bulk Wholesale Disposable Vape | 20ml<\/title>\n<meta name=\"description\" content=\"Looking for the best wholesale deal on RAZZ BAR 16000 Puffs? Featuring a 20ml tank, Mesh Coil technology, and 12 premium flavors. Consequently, we offer fast EU shipping and 2%\/5% nicotine options. Order today!\" \/>\n<meta name=\"robots\" content=\"index, follow, max-snippet:-1, max-image-preview:large, max-video-preview:-1\" \/>\n<link rel=\"canonical\" href=\"https:\/\/vapemaison.com\/de\/product\/razz-bar-16000-16k-puffs-20ml-wegwerfbare-e-zigarette\/\" \/>\n<meta property=\"og:locale\" content=\"de_DE\" \/>\n<meta property=\"og:type\" content=\"article\" \/>\n<meta property=\"og:title\" content=\"RAZZ BAR 16000 Puffs | Bulk Wholesale Disposable Vape | 20ml\" \/>\n<meta property=\"og:description\" content=\"Looking for the best wholesale deal on RAZZ BAR 16000 Puffs? Featuring a 20ml tank, Mesh Coil technology, and 12 premium flavors. Consequently, we offer fast EU shipping and 2%\/5% nicotine options. Order today!\" \/>\n<meta property=\"og:url\" content=\"https:\/\/vapemaison.com\/de\/product\/razz-bar-16000-16k-puffs-20ml-wegwerfbare-e-zigarette\/\" \/>\n<meta property=\"og:site_name\" content=\"VapeMaison\" \/>\n<meta property=\"article:modified_time\" content=\"2026-01-15T02:28:10+00:00\" \/>\n<meta property=\"og:image\" content=\"https:\/\/vapemaison.com\/wp-content\/uploads\/2026\/01\/razz-bar-16000-puffs-vape-product.jpg\" \/>\n\t<meta property=\"og:image:width\" content=\"800\" \/>\n\t<meta property=\"og:image:height\" content=\"800\" \/>\n\t<meta property=\"og:image:type\" content=\"image\/jpeg\" \/>\n<meta name=\"twitter:card\" content=\"summary_large_image\" \/>\n<meta name=\"twitter:label1\" content=\"Gesch\u00e4tzte Lesezeit\" \/>\n\t<meta name=\"twitter:data1\" content=\"3\u00a0Minuten\" \/>\n<!-- \/ Yoast SEO plugin. -->","yoast_head_json":{"title":"RAZZ BAR 16000 Puffs | Bulk Gro\u00dfhandel Einweg Vape | 20ml","description":"Sie suchen nach dem besten Gro\u00dfhandelsangebot f\u00fcr RAZZ BAR 16000 Puffs? Ausgestattet mit einem 20ml Tank, Mesh Coil Technologie und 12 Premium-Aromen. Folglich bieten wir schnellen EU-Versand und 2%\/5% Nikotin Optionen. Bestellen Sie noch heute!","robots":{"index":"index","follow":"follow","max-snippet":"max-snippet:-1","max-image-preview":"max-image-preview:large","max-video-preview":"max-video-preview:-1"},"canonical":"https:\/\/vapemaison.com\/de\/product\/razz-bar-16000-16k-puffs-20ml-wegwerfbare-e-zigarette\/","og_locale":"de_DE","og_type":"article","og_title":"RAZZ BAR 16000 Puffs | Bulk Wholesale Disposable Vape | 20ml","og_description":"Looking for the best wholesale deal on RAZZ BAR 16000 Puffs? Featuring a 20ml tank, Mesh Coil technology, and 12 premium flavors. Consequently, we offer fast EU shipping and 2%\/5% nicotine options. Order today!","og_url":"https:\/\/vapemaison.com\/de\/product\/razz-bar-16000-16k-puffs-20ml-wegwerfbare-e-zigarette\/","og_site_name":"VapeMaison","article_modified_time":"2026-01-15T02:28:10+00:00","og_image":[{"width":800,"height":800,"url":"https:\/\/vapemaison.com\/wp-content\/uploads\/2026\/01\/razz-bar-16000-puffs-vape-product.jpg","type":"image\/jpeg"}],"twitter_card":"summary_large_image","twitter_misc":{"Gesch\u00e4tzte Lesezeit":"3\u00a0Minuten"},"schema":{"@context":"https:\/\/schema.org","@graph":[{"@type":"WebPage","@id":"https:\/\/vapemaison.com\/product\/razz-bar-16000-16k-puffs-20ml-disposable-e-cigarette\/","url":"https:\/\/vapemaison.com\/product\/razz-bar-16000-16k-puffs-20ml-disposable-e-cigarette\/","name":"RAZZ BAR 16000 Puffs | Bulk Gro\u00dfhandel Einweg Vape | 20ml","isPartOf":{"@id":"https:\/\/vapemaison.com\/#website"},"primaryImageOfPage":{"@id":"https:\/\/vapemaison.com\/product\/razz-bar-16000-16k-puffs-20ml-disposable-e-cigarette\/#primaryimage"},"image":{"@id":"https:\/\/vapemaison.com\/product\/razz-bar-16000-16k-puffs-20ml-disposable-e-cigarette\/#primaryimage"},"thumbnailUrl":"https:\/\/vapemaison.com\/wp-content\/uploads\/2026\/01\/razz-bar-16000-puffs-vape-product.jpg","datePublished":"2026-01-08T09:24:19+00:00","dateModified":"2026-01-15T02:28:10+00:00","description":"Sie suchen nach dem besten Gro\u00dfhandelsangebot f\u00fcr RAZZ BAR 16000 Puffs? Ausgestattet mit einem 20ml Tank, Mesh Coil Technologie und 12 Premium-Aromen. Folglich bieten wir schnellen EU-Versand und 2%\/5% Nikotin Optionen. Bestellen Sie noch heute!","breadcrumb":{"@id":"https:\/\/vapemaison.com\/product\/razz-bar-16000-16k-puffs-20ml-disposable-e-cigarette\/#breadcrumb"},"inLanguage":"de","potentialAction":[{"@type":"ReadAction","target":["https:\/\/vapemaison.com\/product\/razz-bar-16000-16k-puffs-20ml-disposable-e-cigarette\/"]}]},{"@type":"ImageObject","inLanguage":"de","@id":"https:\/\/vapemaison.com\/product\/razz-bar-16000-16k-puffs-20ml-disposable-e-cigarette\/#primaryimage","url":"https:\/\/vapemaison.com\/wp-content\/uploads\/2026\/01\/razz-bar-16000-puffs-vape-product.jpg","contentUrl":"https:\/\/vapemaison.com\/wp-content\/uploads\/2026\/01\/razz-bar-16000-puffs-vape-product.jpg","width":800,"height":800,"caption":"razz-bar-16000-puffs-vape-product"},{"@type":"BreadcrumbList","@id":"https:\/\/vapemaison.com\/product\/razz-bar-16000-16k-puffs-20ml-disposable-e-cigarette\/#breadcrumb","itemListElement":[{"@type":"ListItem","position":1,"name":"\u9996\u9875","item":"https:\/\/vapemaison.com\/"},{"@type":"ListItem","position":2,"name":"Shop","item":"https:\/\/vapemaison.com\/shop\/"},{"@type":"ListItem","position":3,"name":"Razz Bar","item":"https:\/\/vapemaison.com\/brand\/razz-bar\/"},{"@type":"ListItem","position":4,"name":"Razz Bar 16000 16K Puffs 20ml Disposable E-cigarette"}]},{"@type":"WebSite","@id":"https:\/\/vapemaison.com\/#website","url":"https:\/\/vapemaison.com\/","name":"VapeMaison","description":"Premium Vaping-Ger\u00e4te und Zubeh\u00f6r","publisher":{"@id":"https:\/\/vapemaison.com\/#organization"},"potentialAction":[{"@type":"SearchAction","target":{"@type":"EntryPoint","urlTemplate":"https:\/\/vapemaison.com\/?s={search_term_string}"},"query-input":{"@type":"PropertyValueSpecification","valueRequired":true,"valueName":"search_term_string"}}],"inLanguage":"de"},{"@type":"Organization","@id":"https:\/\/vapemaison.com\/#organization","name":"VapeMaison","url":"https:\/\/vapemaison.com\/","logo":{"@type":"ImageObject","inLanguage":"de","@id":"https:\/\/vapemaison.com\/#\/schema\/logo\/image\/","url":"https:\/\/vapemaison.com\/wp-content\/uploads\/2026\/01\/cropped-vapemaison-logo-g-2026.webp","contentUrl":"https:\/\/vapemaison.com\/wp-content\/uploads\/2026\/01\/cropped-vapemaison-logo-g-2026.webp","width":350,"height":280,"caption":"VapeMaison"},"image":{"@id":"https:\/\/vapemaison.com\/#\/schema\/logo\/image\/"},"sameAs":["https:\/\/www.youtube.com\/@VapeMaison"]}]}},"tiered_pricing_type":"fixed","tiered_pricing_fixed_rules":{"100":"9.99","200":"8.75","500":"7.36"},"tiered_pricing_product_settings":{"layout":"default","base_unit_name":{"singular":null,"plural":null},"default_variation":null},"tiered_pricing_minimum_quantity":50,"tiered_pricing_roles_data":[],"tiered_pricing_percentage_rules":[],"tiered_pricing_maximum_quantity":null,"tiered_pricing_quantity_step":"10","_links":{"self":[{"href":"https:\/\/vapemaison.com\/de\/wp-json\/wp\/v2\/product\/25630","targetHints":{"allow":["GET"]}}],"collection":[{"href":"https:\/\/vapemaison.com\/de\/wp-json\/wp\/v2\/product"}],"about":[{"href":"https:\/\/vapemaison.com\/de\/wp-json\/wp\/v2\/types\/product"}],"replies":[{"embeddable":true,"href":"https:\/\/vapemaison.com\/de\/wp-json\/wp\/v2\/comments?post=25630"}],"version-history":[{"count":4,"href":"https:\/\/vapemaison.com\/de\/wp-json\/wp\/v2\/product\/25630\/revisions"}],"predecessor-version":[{"id":25747,"href":"https:\/\/vapemaison.com\/de\/wp-json\/wp\/v2\/product\/25630\/revisions\/25747"}],"wp:featuredmedia":[{"embeddable":true,"href":"https:\/\/vapemaison.com\/de\/wp-json\/wp\/v2\/media\/25745"}],"wp:attachment":[{"href":"https:\/\/vapemaison.com\/de\/wp-json\/wp\/v2\/media?parent=25630"}],"wp:term":[{"taxonomy":"product_brand","embeddable":true,"href":"https:\/\/vapemaison.com\/de\/wp-json\/wp\/v2\/product_brand?post=25630"},{"taxonomy":"product_cat","embeddable":true,"href":"https:\/\/vapemaison.com\/de\/wp-json\/wp\/v2\/product_cat?post=25630"},{"taxonomy":"product_tag","embeddable":true,"href":"https:\/\/vapemaison.com\/de\/wp-json\/wp\/v2\/product_tag?post=25630"}],"curies":[{"name":"wp","href":"https:\/\/api.w.org\/{rel}","templated":true}]}}