

{"id":25911,"date":"2026-01-12T11:04:05","date_gmt":"2026-01-12T11:04:05","guid":{"rendered":"https:\/\/vapemaison.com\/?post_type=product&#038;p=25911"},"modified":"2026-04-15T10:43:54","modified_gmt":"2026-04-15T10:43:54","slug":"fihp-multi-120k-puffs-6-in-1-geschmacksrichtungen-wiederaufladbare-led-einweg-vape","status":"publish","type":"product","link":"https:\/\/vapemaison.com\/de\/product\/fihp-multi-120k-puffs-6-in-1-flavors-rechargeable-led-disposable-vape\/","title":{"rendered":"FIHP MULTI 120K Puffs 6-in-1 Aromen Wiederaufladbar LED Einweg Vape"},"content":{"rendered":"<p>Die <strong>FIHP MULTI 120K<\/strong> wurde f\u00fcr Verdampfer entwickelt, die langanhaltende Leistung, vielseitige Aromen und fortschrittliche Funktionen in einem einzigen schlanken Ger\u00e4t w\u00fcnschen. Mit bis zu <strong><a href=\"https:\/\/vapemaison.com\/product-category\/puffs-count\/12k-puffs\/\" type=\"link\" id=\"https:\/\/vapemaison.com\/product-category\/puffs-count\/12k-puffs\/\">120k Puffs<\/a><\/strong>, Sie bietet ein ultralanges Dampferlebnis ohne h\u00e4ufiges Auswechseln. Die <strong>LED-Anzeige<\/strong> zeigt die Batterielebensdauer und den Nutzungsstatus deutlich an und sorgt daf\u00fcr, dass jeder Zug gleichm\u00e4\u00dfig und zufriedenstellend ist.<\/p>\n\n\n\n<p>Nahtloser Wechsel zwischen <strong>6 einstellbare Geschmacksrichtungen<\/strong> jederzeit an Ihre Stimmung anpassen. Die <strong>Doppelmaschenspule<\/strong> verbessert die Geschmackskonsistenz und Dampfdichte und liefert bei jedem Zug reichhaltige, reine und lang anhaltende Z\u00fcge.<\/p>\n\n\n\n<p>Angetrieben von einem <strong>650mAh wiederaufladbare Batterie<\/strong> mit <strong>Typ-C-Schnellladung<\/strong> und eine gro\u00dfz\u00fcgige <strong>64mL e-Fl\u00fcssigkeit Kapazit\u00e4t<\/strong>, Mit dem FIHP MULTI bleibt der Geschmack l\u00e4nger erhalten. Verpackt <strong>10 St\u00fcck pro Karton<\/strong>, Es ist perfekt f\u00fcr den pers\u00f6nlichen Gebrauch oder den Gro\u00dfhandel. Durch die Kombination von Leistung, Technologie und Stil setzt dieser Vape einen neuen Standard f\u00fcr wiederaufladbare Einwegger\u00e4te.<\/p>\n\n\n\n<h2 class=\"wp-block-heading\"><strong>Produktspezifikationen<\/strong><\/h2>\n\n\n\n<ul class=\"wp-block-list\">\n<li><strong>Puffs:<\/strong> Bis zu 120.000<\/li>\n\n\n\n<li><strong>Nikotinst\u00e4rke:<\/strong> 2% \/ 5%<\/li>\n\n\n\n<li><strong>E-Liquid Kapazit\u00e4t:<\/strong> 64mL<\/li>\n\n\n\n<li><strong>Geschm\u00e4cker:<\/strong> 6 Einstellbar<\/li>\n\n\n\n<li><strong>Spulentyp:<\/strong> Dual Mesh Spule<\/li>\n\n\n\n<li><strong>Batterie:<\/strong> 650mAh Wiederaufladbar<\/li>\n\n\n\n<li><strong>Anzeige:<\/strong> LED<\/li>\n\n\n\n<li><strong>Aufladen:<\/strong> Typ-C-Schnellaufladung<\/li>\n\n\n\n<li><strong>Verpackung:<\/strong> 10 St\u00fcck\/Karton<\/li>\n<\/ul>\n\n\n\n<h2 class=\"wp-block-heading\"><strong>Geschmackskombinationen<\/strong><\/h2>\n\n\n\n<ul class=\"wp-block-list\">\n<li>Erdbeer-Wassermelone, Wassermelone-Eis, Red Bull, Erdbeer-Kiwi, Heidelbeer-Eis, Zitrone-Limette<\/li>\n\n\n\n<li>Zitrone-Pfirsich, Erdbeer-Banane, Doppelter Apfel, Himbeer-Wassermelone, Saure Mango-Ananas, Tropische Fr\u00fcchte<\/li>\n\n\n\n<li>Erdbeer-Vanille-Cola, Ananas-Kokos, Blue Razz, Gemischte Beeren, Mango-Pfirsich, Heidelbeer-Himbeere<\/li>\n\n\n\n<li>Gummib\u00e4rchen, Pfirsich-Beere, Dreifach-Melone, Trauben-Eis, Schwarzer Drache-Eis, Sprudel-Kirsch-Eis<\/li>\n\n\n\n<li>Pfirsich-Eis, Regenbogen-Zuckerwatte, Kirsch-Cola-Eis, Liebe 666, Mango-Eis, Blaubeer-Zuckerwatte<\/li>\n\n\n\n<li>Wassermelone-Zitrone, Aloe-Litschi-Eis, Rosa Zitrone, Gletschereis, Piniennadel-Minze, Schwarzes Johannisbeereis<\/li>\n<\/ul>\n\n\n\n<p><\/p>","protected":false},"excerpt":{"rendered":"<p data-start=\"613\" data-end=\"994\">Erleben Sie die <strong data-start=\"628\" data-end=\"647\">FIHP MULTI 120K<\/strong>, ist ein wiederaufladbarer Einwegdampfer, der f\u00fcr langanhaltenden Genuss sorgt. Wechseln Sie zwischen <strong data-start=\"732\" data-end=\"745\">6 Geschmacksrichtungen<\/strong>, die Batterie und den Verbrauch mit dem <strong data-start=\"780\" data-end=\"795\">LED-Anzeige<\/strong>, und genie\u00dfen Sie satten, gleichm\u00e4\u00dfigen Dampf dank der <strong data-start=\"844\" data-end=\"862\">Doppelmaschenspule<\/strong>. Mit <strong data-start=\"869\" data-end=\"886\">64mL e-Fl\u00fcssigkeit<\/strong> und <strong data-start=\"891\" data-end=\"915\">Typ-C-Schnellladung<\/strong>, Dieser Vape bietet Komfort, Leistung und Stil in einem schlanken Ger\u00e4t.<\/p>","protected":false},"featured_media":25912,"comment_status":"open","ping_status":"closed","template":"","meta":[],"product_brand":[59],"product_cat":[153],"product_tag":[],"class_list":{"0":"post-25911","1":"product","2":"type-product","3":"status-publish","4":"has-post-thumbnail","6":"product_brand-waspe","7":"product_cat-120k-puffs","9":"first","10":"instock","11":"sale","12":"shipping-taxable","13":"purchasable","14":"product-type-variable"},"yoast_head":"<!-- This site is optimized with the Yoast SEO plugin v27.4 - https:\/\/yoast.com\/product\/yoast-seo-wordpress\/ -->\n<title>FIHP MULTI 120K Puffs Rechargeable Disposable Vape<\/title>\n<meta name=\"description\" content=\"Discover the FIHP MULTI 120K disposable vape with up to 120,000 puffs, 6 adjustable flavors, LED display, dual mesh coil, and 650mAh rechargeable battery.\" \/>\n<meta name=\"robots\" content=\"index, follow, max-snippet:-1, max-image-preview:large, max-video-preview:-1\" \/>\n<link rel=\"canonical\" href=\"https:\/\/vapemaison.com\/de\/product\/fihp-multi-120k-puffs-6-in-1-geschmacksrichtungen-wiederaufladbare-led-einweg-vape\/\" \/>\n<meta property=\"og:locale\" content=\"de_DE\" \/>\n<meta property=\"og:type\" content=\"article\" \/>\n<meta property=\"og:title\" content=\"FIHP MULTI 120K Puffs Rechargeable Disposable Vape\" \/>\n<meta property=\"og:description\" content=\"Discover the FIHP MULTI 120K disposable vape with up to 120,000 puffs, 6 adjustable flavors, LED display, dual mesh coil, and 650mAh rechargeable battery.\" \/>\n<meta property=\"og:url\" content=\"https:\/\/vapemaison.com\/de\/product\/fihp-multi-120k-puffs-6-in-1-geschmacksrichtungen-wiederaufladbare-led-einweg-vape\/\" \/>\n<meta property=\"og:site_name\" content=\"VapeMaison\" \/>\n<meta property=\"article:modified_time\" content=\"2026-04-15T10:43:54+00:00\" \/>\n<meta property=\"og:image\" content=\"https:\/\/vapemaison.com\/wp-content\/uploads\/2026\/01\/features.jpg.webp\" \/>\n\t<meta property=\"og:image:width\" content=\"800\" \/>\n\t<meta property=\"og:image:height\" content=\"800\" \/>\n\t<meta property=\"og:image:type\" content=\"image\/webp\" \/>\n<meta name=\"twitter:card\" content=\"summary_large_image\" \/>\n<meta name=\"twitter:label1\" content=\"Gesch\u00e4tzte Lesezeit\" \/>\n\t<meta name=\"twitter:data1\" content=\"2\u00a0Minuten\" \/>\n<!-- \/ Yoast SEO plugin. -->","yoast_head_json":{"title":"FIHP MULTI 120K Puffs Wiederaufladbare Einweg-Vape","description":"Entdecken Sie den FIHP MULTI 120K Einwegdampfer mit bis zu 120.000 Z\u00fcgen, 6 einstellbaren Geschmacksrichtungen, LED-Anzeige, Dual-Mesh-Spule und 650mAh-Akku.","robots":{"index":"index","follow":"follow","max-snippet":"max-snippet:-1","max-image-preview":"max-image-preview:large","max-video-preview":"max-video-preview:-1"},"canonical":"https:\/\/vapemaison.com\/de\/product\/fihp-multi-120k-puffs-6-in-1-geschmacksrichtungen-wiederaufladbare-led-einweg-vape\/","og_locale":"de_DE","og_type":"article","og_title":"FIHP MULTI 120K Puffs Rechargeable Disposable Vape","og_description":"Discover the FIHP MULTI 120K disposable vape with up to 120,000 puffs, 6 adjustable flavors, LED display, dual mesh coil, and 650mAh rechargeable battery.","og_url":"https:\/\/vapemaison.com\/de\/product\/fihp-multi-120k-puffs-6-in-1-geschmacksrichtungen-wiederaufladbare-led-einweg-vape\/","og_site_name":"VapeMaison","article_modified_time":"2026-04-15T10:43:54+00:00","og_image":[{"width":800,"height":800,"url":"https:\/\/vapemaison.com\/wp-content\/uploads\/2026\/01\/features.jpg.webp","type":"image\/webp"}],"twitter_card":"summary_large_image","twitter_misc":{"Gesch\u00e4tzte Lesezeit":"2\u00a0Minuten"},"schema":{"@context":"https:\/\/schema.org","@graph":[{"@type":"WebPage","@id":"https:\/\/vapemaison.com\/product\/fihp-multi-120k-puffs-6-in-1-flavors-rechargeable-led-disposable-vape\/","url":"https:\/\/vapemaison.com\/product\/fihp-multi-120k-puffs-6-in-1-flavors-rechargeable-led-disposable-vape\/","name":"FIHP MULTI 120K Puffs Wiederaufladbare Einweg-Vape","isPartOf":{"@id":"https:\/\/vapemaison.com\/#website"},"primaryImageOfPage":{"@id":"https:\/\/vapemaison.com\/product\/fihp-multi-120k-puffs-6-in-1-flavors-rechargeable-led-disposable-vape\/#primaryimage"},"image":{"@id":"https:\/\/vapemaison.com\/product\/fihp-multi-120k-puffs-6-in-1-flavors-rechargeable-led-disposable-vape\/#primaryimage"},"thumbnailUrl":"https:\/\/vapemaison.com\/wp-content\/uploads\/2026\/01\/features.jpg.webp","datePublished":"2026-01-12T11:04:05+00:00","dateModified":"2026-04-15T10:43:54+00:00","description":"Entdecken Sie den FIHP MULTI 120K Einwegdampfer mit bis zu 120.000 Z\u00fcgen, 6 einstellbaren Geschmacksrichtungen, LED-Anzeige, Dual-Mesh-Spule und 650mAh-Akku.","breadcrumb":{"@id":"https:\/\/vapemaison.com\/product\/fihp-multi-120k-puffs-6-in-1-flavors-rechargeable-led-disposable-vape\/#breadcrumb"},"inLanguage":"de","potentialAction":[{"@type":"ReadAction","target":["https:\/\/vapemaison.com\/product\/fihp-multi-120k-puffs-6-in-1-flavors-rechargeable-led-disposable-vape\/"]}]},{"@type":"ImageObject","inLanguage":"de","@id":"https:\/\/vapemaison.com\/product\/fihp-multi-120k-puffs-6-in-1-flavors-rechargeable-led-disposable-vape\/#primaryimage","url":"https:\/\/vapemaison.com\/wp-content\/uploads\/2026\/01\/features.jpg.webp","contentUrl":"https:\/\/vapemaison.com\/wp-content\/uploads\/2026\/01\/features.jpg.webp","width":800,"height":800,"caption":"Features.jpg Disposable Vape Device"},{"@type":"BreadcrumbList","@id":"https:\/\/vapemaison.com\/product\/fihp-multi-120k-puffs-6-in-1-flavors-rechargeable-led-disposable-vape\/#breadcrumb","itemListElement":[{"@type":"ListItem","position":1,"name":"\u9996\u9875","item":"https:\/\/vapemaison.com\/"},{"@type":"ListItem","position":2,"name":"Shop","item":"https:\/\/vapemaison.com\/shop\/"},{"@type":"ListItem","position":3,"name":"Waspe","item":"https:\/\/vapemaison.com\/brand\/waspe\/"},{"@type":"ListItem","position":4,"name":"FIHP MULTI 120K Puffs 6-in-1 Flavors Rechargeable LED Disposable Vape"}]},{"@type":"WebSite","@id":"https:\/\/vapemaison.com\/#website","url":"https:\/\/vapemaison.com\/","name":"VapeMaison","description":"Premium Vaping-Ger\u00e4te und Zubeh\u00f6r","publisher":{"@id":"https:\/\/vapemaison.com\/#organization"},"potentialAction":[{"@type":"SearchAction","target":{"@type":"EntryPoint","urlTemplate":"https:\/\/vapemaison.com\/?s={search_term_string}"},"query-input":{"@type":"PropertyValueSpecification","valueRequired":true,"valueName":"search_term_string"}}],"inLanguage":"de"},{"@type":"Organization","@id":"https:\/\/vapemaison.com\/#organization","name":"VapeMaison","url":"https:\/\/vapemaison.com\/","logo":{"@type":"ImageObject","inLanguage":"de","@id":"https:\/\/vapemaison.com\/#\/schema\/logo\/image\/","url":"https:\/\/vapemaison.com\/wp-content\/uploads\/2026\/01\/cropped-vapemaison-logo-g-2026.webp","contentUrl":"https:\/\/vapemaison.com\/wp-content\/uploads\/2026\/01\/cropped-vapemaison-logo-g-2026.webp","width":350,"height":280,"caption":"VapeMaison"},"image":{"@id":"https:\/\/vapemaison.com\/#\/schema\/logo\/image\/"},"sameAs":["https:\/\/www.youtube.com\/@VapeMaison"]}]}},"tiered_pricing_type":"fixed","tiered_pricing_fixed_rules":{"30":"10.56","50":"9.99","100":"9.12","200":"8.37"},"tiered_pricing_product_settings":{"layout":"default","base_unit_name":{"singular":null,"plural":null},"default_variation":null},"tiered_pricing_minimum_quantity":10,"tiered_pricing_roles_data":[],"tiered_pricing_percentage_rules":[],"tiered_pricing_maximum_quantity":null,"tiered_pricing_quantity_step":"10","_links":{"self":[{"href":"https:\/\/vapemaison.com\/de\/wp-json\/wp\/v2\/product\/25911","targetHints":{"allow":["GET"]}}],"collection":[{"href":"https:\/\/vapemaison.com\/de\/wp-json\/wp\/v2\/product"}],"about":[{"href":"https:\/\/vapemaison.com\/de\/wp-json\/wp\/v2\/types\/product"}],"replies":[{"embeddable":true,"href":"https:\/\/vapemaison.com\/de\/wp-json\/wp\/v2\/comments?post=25911"}],"version-history":[{"count":3,"href":"https:\/\/vapemaison.com\/de\/wp-json\/wp\/v2\/product\/25911\/revisions"}],"predecessor-version":[{"id":29460,"href":"https:\/\/vapemaison.com\/de\/wp-json\/wp\/v2\/product\/25911\/revisions\/29460"}],"wp:featuredmedia":[{"embeddable":true,"href":"https:\/\/vapemaison.com\/de\/wp-json\/wp\/v2\/media\/25912"}],"wp:attachment":[{"href":"https:\/\/vapemaison.com\/de\/wp-json\/wp\/v2\/media?parent=25911"}],"wp:term":[{"taxonomy":"product_brand","embeddable":true,"href":"https:\/\/vapemaison.com\/de\/wp-json\/wp\/v2\/product_brand?post=25911"},{"taxonomy":"product_cat","embeddable":true,"href":"https:\/\/vapemaison.com\/de\/wp-json\/wp\/v2\/product_cat?post=25911"},{"taxonomy":"product_tag","embeddable":true,"href":"https:\/\/vapemaison.com\/de\/wp-json\/wp\/v2\/product_tag?post=25911"}],"curies":[{"name":"wp","href":"https:\/\/api.w.org\/{rel}","templated":true}]}}