

{"id":26029,"date":"2026-01-17T09:31:59","date_gmt":"2026-01-17T09:31:59","guid":{"rendered":"https:\/\/vapemaison.com\/?post_type=product&#038;p=26029"},"modified":"2026-01-20T07:13:40","modified_gmt":"2026-01-20T07:13:40","slug":"knall-kann-olied-60000-puffs-einweg-vape-36mle-flussigkeit-sein","status":"publish","type":"product","link":"https:\/\/vapemaison.com\/de\/product\/bang-can-be-olied-60000-puffs-disposable-vape-36mle-liquid\/","title":{"rendered":"Bang Can be olied 60.000 Puffs of Pure Satisfaction"},"content":{"rendered":"<p>Erh\u00f6hen Sie Ihre vaping Reise mit unserem neuesten Flaggschiff Einweg-Ger\u00e4t. Wir haben dieses Kraftpaket speziell f\u00fcr diejenigen entwickelt, die Langlebigkeit verlangen, ohne Kompromisse bei der Qualit\u00e4t einzugehen. Folglich liefert es beispiellose 60.000 Z\u00fcge, was es zum ultimativen Begleiter f\u00fcr Wolkenj\u00e4ger und Geschmackskenner gleicherma\u00dfen macht.<\/p>\n\n\n\n<p>Dar\u00fcber hinaus haben wir eine massive <strong>36mL e-Fl\u00fcssigkeit Kapazit\u00e4t<\/strong> mit einer leistungsstarken <strong>1.0\u03a9 Masche Spule<\/strong>. Als Ergebnis f\u00fchlt sich jeder Zug so glatt und geschmackvoll wie der erste an. W\u00e4hrend das schlanke, ergonomische Design perfekt in der Hand liegt, sorgt das wiederaufladbare Typ-C-System daf\u00fcr, dass Sie jeden einzelnen Tropfen Premium-Saft genie\u00dfen k\u00f6nnen. Sie k\u00f6nnen sich endlich von h\u00e4ufigem Austausch verabschieden und die nachhaltigste Einwegerfahrung auf dem Markt genie\u00dfen.<\/p>\n\n\n\n<h3 class=\"wp-block-heading\">Kernspezifikationen<\/h3>\n\n\n\n<figure class=\"wp-block-table is-style-stripes\"><table class=\"has-fixed-layout\"><thead><tr><td><strong>Merkmal<\/strong><\/td><td><strong>Spezifikation<\/strong><\/td><\/tr><\/thead><tbody><tr><td><strong>Max Puffs<\/strong><\/td><td>60.000 Puffs<\/td><\/tr><tr><td><strong>E-Liquid Kapazit\u00e4t<\/strong><\/td><td>36mL (Vorgef\u00fcllt)<\/td><\/tr><tr><td><strong>Batteriekapazit\u00e4t<\/strong><\/td><td>550mAh (Kobalt mit hoher Dichte)<\/td><\/tr><tr><td><strong>Heizelement<\/strong><\/td><td>1.0\u03a9 Mesh Spule (Verbesserter Geschmack)<\/td><\/tr><tr><td><strong>Ladeanschluss<\/strong><\/td><td>Typ-C (Schnellladung)<\/td><\/tr><tr><td><strong>Operation<\/strong><\/td><td>Zeichnungsaktiviert \/ Wiederaufladbar<\/td><\/tr><tr><td><strong>Gestaltung<\/strong><\/td><td>Ergonomisches tragbares Fahrgestell<\/td><\/tr><\/tbody><\/table><\/figure>\n\n\n\n<h3 class=\"wp-block-heading\">Hauptmerkmale und Vorteile<\/h3>\n\n\n\n<ul class=\"wp-block-list\">\n<li><strong>Unerreichte Langlebigkeit:<\/strong> Da dieses Ger\u00e4t \u00fcber 60.000 Z\u00fcge verf\u00fcgt, ist es der Konkurrenz weit voraus. Folglich kann ein einziges Ger\u00e4t wochenlang ununterbrochen verwendet werden.<\/li>\n\n\n\n<li><strong>Fortschrittliche Mesh-Spulen-Technologie:<\/strong> Unsere 1.0\u03a9 Mesh Coil erh\u00f6ht die Heizfl\u00e4che erheblich. Daher liefert das Ger\u00e4t reicher Dampfproduktion und eine konsistente Kehle hit jedes Mal.<\/li>\n\n\n\n<li><strong>Umweltfreundliches Aufladen:<\/strong> Der Typ-C-Anschluss erm\u00f6glicht das schnelle Aufladen des 550-mAh-Akkus. Dies stellt sicher, dass Sie nie aus der Macht laufen, bevor Sie die e-Fl\u00fcssigkeit zu beenden.<\/li>\n\n\n\n<li><strong>Synergie der zwei Geschmacksrichtungen:<\/strong> Dar\u00fcber hinaus haben unsere Experten jedes Geschmacksprofil gemischt, um ein vielschichtiges, mehrdimensionales Geschmackserlebnis zu bieten.<\/li>\n<\/ul>\n\n\n\n<h3 class=\"wp-block-heading\">Premium-Geschmacksmen\u00fc<\/h3>\n\n\n\n<p>W\u00e4hlen Sie aus unseren 12 meisterhaft zubereiteten Geschmackskombinationen. Jede Option bietet erfrischendes Eis und lebendige Fruchtkombinationen, um Ihren Hei\u00dfhunger zu stillen.<\/p>\n\n\n\n<ul class=\"wp-block-list\">\n<li><strong>Wassermelone &amp; Erdbeere Wassermelone<\/strong><\/li>\n\n\n\n<li><strong>Mango &amp; Erdbeere Mango<\/strong><\/li>\n\n\n\n<li><strong>Pfirsich-Eis &amp; Mango-Pfirsich<\/strong><\/li>\n\n\n\n<li><strong>Wassermelone &amp; Heidelbeere Wassermelone<\/strong><\/li>\n\n\n\n<li><strong>Gemischte Fr\u00fcchte &amp; Dreifachbeere<\/strong><\/li>\n\n\n\n<li><strong>Erdbeereis &amp; Erdbeer-Banane<\/strong><\/li>\n\n\n\n<li><strong>Blaubeereis &amp; Blaubeere-Himbeere<\/strong><\/li>\n\n\n\n<li><strong>Wassermelone-Kirsche &amp; Kirsche-Cola<\/strong><\/li>\n\n\n\n<li><strong>Blaubeereis &amp; Blaubeerminze<\/strong><\/li>\n\n\n\n<li><strong>Ananas-Kokosnuss &amp; Ananaseis<\/strong><\/li>\n\n\n\n<li><strong>Energy-Drink &amp; Wassermelonen-Eis<\/strong><\/li>\n\n\n\n<li><strong>Traubeneis &amp; Heidelbeere Traube<\/strong><\/li>\n<\/ul>\n\n\n\n<h3 class=\"wp-block-heading\">Warum heute aufr\u00fcsten?<\/h3>\n\n\n\n<p>Zusammenfassend l\u00e4sst sich sagen, dass das Bang Blaze 60.000 eine enorme Kapazit\u00e4t mit Spitzentechnologie kombiniert. <strong>Au\u00dferdem<\/strong>, Durch das aktive Energiemanagement und das \u00fcberlegene Spulendesign erhalten Sie mehr Wert f\u00fcr Ihr Geld. <strong>Stattdessen<\/strong> Sie m\u00fcssen nicht mehr mehrere Ger\u00e4te mit sich f\u00fchren, sondern k\u00f6nnen sich auf ein einziges, leistungsstarkes Ger\u00e4t verlassen, das alle Ihre Anforderungen erf\u00fcllt.<\/p>","protected":false},"excerpt":{"rendered":"<p>H\u00f6ren Sie auf, sich mit st\u00e4ndigem Austausch abzufinden und wechseln Sie zum Bang Blaze 60.000 f\u00fcr wochenlange, ununterbrochene Zufriedenheit. Dar\u00fcber hinaus maximiert unsere fortschrittliche 1.0\u03a9 Mesh Coil Technologie jeden Tropfen des massiven 36mL Reservoirs, um einen gleichbleibend kr\u00e4ftigen Geschmack zu gew\u00e4hrleisten. Folglich genie\u00dfen Sie ein nachhaltiges und hochwertiges Erlebnis, w\u00e4hrend Sie mit jedem Zug Zeit und Geld sparen.<\/p>","protected":false},"featured_media":26040,"comment_status":"open","ping_status":"closed","template":"","meta":[],"product_brand":[57],"product_cat":[137],"product_tag":[],"class_list":{"0":"post-26029","1":"product","2":"type-product","3":"status-publish","4":"has-post-thumbnail","6":"product_brand-bang","7":"product_cat-60k-puffs","9":"first","10":"instock","11":"sale","12":"shipping-taxable","13":"purchasable","14":"product-type-variable"},"yoast_head":"<!-- This site is optimized with the Yoast SEO plugin v27.4 - https:\/\/yoast.com\/product\/yoast-seo-wordpress\/ -->\n<title>Bang Can Be Olied 60000 Puffs Disposable Vape \u2013 36ml E-Liquid,<\/title>\n<meta name=\"description\" content=\"Discover the latest Bang Can Be Olied 60000 Puffs Disposable Vape with 36ml e-liquid and a 600mAh battery. Shop now for Bang&#039;s newest premium disposable vape!\" \/>\n<meta name=\"robots\" content=\"index, follow, max-snippet:-1, max-image-preview:large, max-video-preview:-1\" \/>\n<link rel=\"canonical\" href=\"https:\/\/vapemaison.com\/de\/product\/knall-kann-olied-60000-puffs-einweg-vape-36mle-flussigkeit-sein\/\" \/>\n<meta property=\"og:locale\" content=\"de_DE\" \/>\n<meta property=\"og:type\" content=\"article\" \/>\n<meta property=\"og:title\" content=\"Bang Can Be Olied 60000 Puffs Disposable Vape \u2013 36ml E-Liquid,\" \/>\n<meta property=\"og:description\" content=\"Discover the latest Bang Can Be Olied 60000 Puffs Disposable Vape with 36ml e-liquid and a 600mAh battery. Shop now for Bang&#039;s newest premium disposable vape!\" \/>\n<meta property=\"og:url\" content=\"https:\/\/vapemaison.com\/de\/product\/knall-kann-olied-60000-puffs-einweg-vape-36mle-flussigkeit-sein\/\" \/>\n<meta property=\"og:site_name\" content=\"VapeMaison\" \/>\n<meta property=\"article:modified_time\" content=\"2026-01-20T07:13:40+00:00\" \/>\n<meta property=\"og:image\" content=\"https:\/\/vapemaison.com\/wp-content\/uploads\/2026\/01\/bang-can-be-lied-60000-puffs-disposable-vape-picture-display-6.png\" \/>\n\t<meta property=\"og:image:width\" content=\"712\" \/>\n\t<meta property=\"og:image:height\" content=\"800\" \/>\n\t<meta property=\"og:image:type\" content=\"image\/png\" \/>\n<meta name=\"twitter:card\" content=\"summary_large_image\" \/>\n<meta name=\"twitter:label1\" content=\"Gesch\u00e4tzte Lesezeit\" \/>\n\t<meta name=\"twitter:data1\" content=\"2\u00a0Minuten\" \/>\n<!-- \/ Yoast SEO plugin. -->","yoast_head_json":{"title":"Bang Can Be Olied 60000 Puffs Disposable Vape - 36ml E-Liquid,","description":"Entdecken Sie das neueste Bang Can Be Olied 60000 Puffs Disposable Vape mit 36ml E-Liquid und einem 600mAh Akku. Kaufen Sie jetzt Bang's neuestes Premium Einwegger\u00e4t!","robots":{"index":"index","follow":"follow","max-snippet":"max-snippet:-1","max-image-preview":"max-image-preview:large","max-video-preview":"max-video-preview:-1"},"canonical":"https:\/\/vapemaison.com\/de\/product\/knall-kann-olied-60000-puffs-einweg-vape-36mle-flussigkeit-sein\/","og_locale":"de_DE","og_type":"article","og_title":"Bang Can Be Olied 60000 Puffs Disposable Vape \u2013 36ml E-Liquid,","og_description":"Discover the latest Bang Can Be Olied 60000 Puffs Disposable Vape with 36ml e-liquid and a 600mAh battery. Shop now for Bang's newest premium disposable vape!","og_url":"https:\/\/vapemaison.com\/de\/product\/knall-kann-olied-60000-puffs-einweg-vape-36mle-flussigkeit-sein\/","og_site_name":"VapeMaison","article_modified_time":"2026-01-20T07:13:40+00:00","og_image":[{"width":712,"height":800,"url":"https:\/\/vapemaison.com\/wp-content\/uploads\/2026\/01\/bang-can-be-lied-60000-puffs-disposable-vape-picture-display-6.png","type":"image\/png"}],"twitter_card":"summary_large_image","twitter_misc":{"Gesch\u00e4tzte Lesezeit":"2\u00a0Minuten"},"schema":{"@context":"https:\/\/schema.org","@graph":[{"@type":"WebPage","@id":"https:\/\/vapemaison.com\/product\/bang-can-be-olied-60000-puffs-disposable-vape-36mle-liquid\/","url":"https:\/\/vapemaison.com\/product\/bang-can-be-olied-60000-puffs-disposable-vape-36mle-liquid\/","name":"Bang Can Be Olied 60000 Puffs Disposable Vape - 36ml E-Liquid,","isPartOf":{"@id":"https:\/\/vapemaison.com\/#website"},"primaryImageOfPage":{"@id":"https:\/\/vapemaison.com\/product\/bang-can-be-olied-60000-puffs-disposable-vape-36mle-liquid\/#primaryimage"},"image":{"@id":"https:\/\/vapemaison.com\/product\/bang-can-be-olied-60000-puffs-disposable-vape-36mle-liquid\/#primaryimage"},"thumbnailUrl":"https:\/\/vapemaison.com\/wp-content\/uploads\/2026\/01\/bang-can-be-lied-60000-puffs-disposable-vape-picture-display-6.png","datePublished":"2026-01-17T09:31:59+00:00","dateModified":"2026-01-20T07:13:40+00:00","description":"Entdecken Sie das neueste Bang Can Be Olied 60000 Puffs Disposable Vape mit 36ml E-Liquid und einem 600mAh Akku. Kaufen Sie jetzt Bang's neuestes Premium Einwegger\u00e4t!","breadcrumb":{"@id":"https:\/\/vapemaison.com\/product\/bang-can-be-olied-60000-puffs-disposable-vape-36mle-liquid\/#breadcrumb"},"inLanguage":"de","potentialAction":[{"@type":"ReadAction","target":["https:\/\/vapemaison.com\/product\/bang-can-be-olied-60000-puffs-disposable-vape-36mle-liquid\/"]}]},{"@type":"ImageObject","inLanguage":"de","@id":"https:\/\/vapemaison.com\/product\/bang-can-be-olied-60000-puffs-disposable-vape-36mle-liquid\/#primaryimage","url":"https:\/\/vapemaison.com\/wp-content\/uploads\/2026\/01\/bang-can-be-lied-60000-puffs-disposable-vape-picture-display-6.png","contentUrl":"https:\/\/vapemaison.com\/wp-content\/uploads\/2026\/01\/bang-can-be-lied-60000-puffs-disposable-vape-picture-display-6.png","width":712,"height":800,"caption":"Bang Can Be Lied Puffs Disposable Vape Picture Display"},{"@type":"BreadcrumbList","@id":"https:\/\/vapemaison.com\/product\/bang-can-be-olied-60000-puffs-disposable-vape-36mle-liquid\/#breadcrumb","itemListElement":[{"@type":"ListItem","position":1,"name":"\u9996\u9875","item":"https:\/\/vapemaison.com\/"},{"@type":"ListItem","position":2,"name":"Shop","item":"https:\/\/vapemaison.com\/shop\/"},{"@type":"ListItem","position":3,"name":"Bang","item":"https:\/\/vapemaison.com\/brand\/bang\/"},{"@type":"ListItem","position":4,"name":"Bang Can be olied 60,000 Puffs of Pure Satisfaction"}]},{"@type":"WebSite","@id":"https:\/\/vapemaison.com\/#website","url":"https:\/\/vapemaison.com\/","name":"VapeMaison","description":"Premium Vaping-Ger\u00e4te und Zubeh\u00f6r","publisher":{"@id":"https:\/\/vapemaison.com\/#organization"},"potentialAction":[{"@type":"SearchAction","target":{"@type":"EntryPoint","urlTemplate":"https:\/\/vapemaison.com\/?s={search_term_string}"},"query-input":{"@type":"PropertyValueSpecification","valueRequired":true,"valueName":"search_term_string"}}],"inLanguage":"de"},{"@type":"Organization","@id":"https:\/\/vapemaison.com\/#organization","name":"VapeMaison","url":"https:\/\/vapemaison.com\/","logo":{"@type":"ImageObject","inLanguage":"de","@id":"https:\/\/vapemaison.com\/#\/schema\/logo\/image\/","url":"https:\/\/vapemaison.com\/wp-content\/uploads\/2026\/01\/cropped-vapemaison-logo-g-2026.webp","contentUrl":"https:\/\/vapemaison.com\/wp-content\/uploads\/2026\/01\/cropped-vapemaison-logo-g-2026.webp","width":350,"height":280,"caption":"VapeMaison"},"image":{"@id":"https:\/\/vapemaison.com\/#\/schema\/logo\/image\/"},"sameAs":["https:\/\/www.youtube.com\/@VapeMaison"]}]}},"tiered_pricing_type":"fixed","tiered_pricing_fixed_rules":{"30":"12.63","50":"11.87","100":"11.23","200":"10.24"},"tiered_pricing_product_settings":{"layout":"default","base_unit_name":{"singular":null,"plural":null},"default_variation":null},"tiered_pricing_minimum_quantity":10,"tiered_pricing_roles_data":[],"tiered_pricing_percentage_rules":[],"tiered_pricing_maximum_quantity":null,"tiered_pricing_quantity_step":"10","_links":{"self":[{"href":"https:\/\/vapemaison.com\/de\/wp-json\/wp\/v2\/product\/26029","targetHints":{"allow":["GET"]}}],"collection":[{"href":"https:\/\/vapemaison.com\/de\/wp-json\/wp\/v2\/product"}],"about":[{"href":"https:\/\/vapemaison.com\/de\/wp-json\/wp\/v2\/types\/product"}],"replies":[{"embeddable":true,"href":"https:\/\/vapemaison.com\/de\/wp-json\/wp\/v2\/comments?post=26029"}],"version-history":[{"count":5,"href":"https:\/\/vapemaison.com\/de\/wp-json\/wp\/v2\/product\/26029\/revisions"}],"predecessor-version":[{"id":26130,"href":"https:\/\/vapemaison.com\/de\/wp-json\/wp\/v2\/product\/26029\/revisions\/26130"}],"wp:featuredmedia":[{"embeddable":true,"href":"https:\/\/vapemaison.com\/de\/wp-json\/wp\/v2\/media\/26040"}],"wp:attachment":[{"href":"https:\/\/vapemaison.com\/de\/wp-json\/wp\/v2\/media?parent=26029"}],"wp:term":[{"taxonomy":"product_brand","embeddable":true,"href":"https:\/\/vapemaison.com\/de\/wp-json\/wp\/v2\/product_brand?post=26029"},{"taxonomy":"product_cat","embeddable":true,"href":"https:\/\/vapemaison.com\/de\/wp-json\/wp\/v2\/product_cat?post=26029"},{"taxonomy":"product_tag","embeddable":true,"href":"https:\/\/vapemaison.com\/de\/wp-json\/wp\/v2\/product_tag?post=26029"}],"curies":[{"name":"wp","href":"https:\/\/api.w.org\/{rel}","templated":true}]}}