

{"id":26202,"date":"2026-01-23T03:54:38","date_gmt":"2026-01-23T03:54:38","guid":{"rendered":"https:\/\/vapemaison.com\/?post_type=product&#038;p=26202"},"modified":"2026-01-30T08:19:47","modified_gmt":"2026-01-30T08:19:47","slug":"airmez-lux-60k-einweg-vape-2026-vape","status":"publish","type":"product","link":"https:\/\/vapemaison.com\/de\/product\/airmez-lux-60k-disposable-vape-2026-vape\/","title":{"rendered":"Airmez lux 60k Einweg Vape | 2026 Vape"},"content":{"rendered":"<figure class=\"wp-block-image size-large\"><a href=\"https:\/\/vapemaison.com\/wp-content\/uploads\/2026\/01\/airmez-lux-60000-puffs-display-banner-scaled.webp\"><img fetchpriority=\"high\" decoding=\"async\" width=\"1024\" height=\"436\" src=\"https:\/\/vapemaison.com\/wp-content\/uploads\/2026\/01\/airmez-lux-60000-puffs-display-banner-1024x436.webp\" alt=\"\" class=\"wp-image-26204\" srcset=\"https:\/\/vapemaison.com\/wp-content\/uploads\/2026\/01\/airmez-lux-60000-puffs-display-banner-1024x436.webp 1024w, https:\/\/vapemaison.com\/wp-content\/uploads\/2026\/01\/airmez-lux-60000-puffs-display-banner-300x128.webp 300w, https:\/\/vapemaison.com\/wp-content\/uploads\/2026\/01\/airmez-lux-60000-puffs-display-banner-768x327.webp 768w, https:\/\/vapemaison.com\/wp-content\/uploads\/2026\/01\/airmez-lux-60000-puffs-display-banner-1536x654.webp 1536w, https:\/\/vapemaison.com\/wp-content\/uploads\/2026\/01\/airmez-lux-60000-puffs-display-banner-2048x872.webp 2048w, https:\/\/vapemaison.com\/wp-content\/uploads\/2026\/01\/airmez-lux-60000-puffs-display-banner-18x8.webp 18w, https:\/\/vapemaison.com\/wp-content\/uploads\/2026\/01\/airmez-lux-60000-puffs-display-banner-990x422.webp 990w, https:\/\/vapemaison.com\/wp-content\/uploads\/2026\/01\/airmez-lux-60000-puffs-display-banner-441x188.webp 441w, https:\/\/vapemaison.com\/wp-content\/uploads\/2026\/01\/airmez-lux-60000-puffs-display-banner-800x341.webp 800w, https:\/\/vapemaison.com\/wp-content\/uploads\/2026\/01\/airmez-lux-60000-puffs-display-banner-150x64.webp 150w\" sizes=\"(max-width: 1024px) 100vw, 1024px\" \/><\/a><\/figure>\n\n\n\n<p>Die <strong>Airmez Lux 60K Einweg Vape<\/strong> wurde f\u00fcr Benutzer entwickelt, die Wert auf eine lange Nutzungsdauer, eine stabile Leistung und eine gleichm\u00e4\u00dfige Geschmacksabgabe legen. Mit einem hohen Fassungsverm\u00f6gen <strong>30ml vorgef\u00fclltes E-Liquid-System<\/strong> und eine <strong>Lebensdauer von 60.000 Puffs<\/strong>, Dieses Ger\u00e4t eignet sich sowohl f\u00fcr den pers\u00f6nlichen Gebrauch als auch f\u00fcr die Massenverteilung.<\/p>\n\n\n\n<p>Ausgestattet mit einem <strong>Gitterrohrschlangen-Heizsystem<\/strong>, Der Airmez Lux gew\u00e4hrleistet eine gleichm\u00e4\u00dfige Zerst\u00e4ubung und eine zuverl\u00e4ssige Geschmacksleistung w\u00e4hrend der gesamten Lebensdauer des Ger\u00e4ts. Die integrierte <strong>650mAh wiederaufladbare Batterie<\/strong>, in Verbindung mit <strong>Typ-C-Laden<\/strong>, bietet ein zuverl\u00e4ssiges Energiemanagement und minimiert Ausfallzeiten bei l\u00e4ngerem Gebrauch.<\/p>\n\n\n\n<p>Sein ausgewogenes Design konzentriert sich auf Zweckm\u00e4\u00dfigkeit, Tragbarkeit und Langlebigkeit und macht ihn zu einer soliden Option f\u00fcr Kunden, die ein Einwegger\u00e4t mit hoher Kapazit\u00e4t ohne unn\u00f6tige Komplexit\u00e4t suchen.<\/p>\n\n\n\n<h2 class=\"wp-block-heading\">Wichtigste Produktmerkmale<\/h2>\n\n\n\n<figure class=\"wp-block-table is-style-stripes\"><table class=\"has-fixed-layout\"><thead><tr><th>Merkmal<\/th><th>Beschreibung<\/th><\/tr><\/thead><tbody><tr><td>Puff-Kapazit\u00e4t<\/td><td>Bis zu 60.000 Z\u00fcge<\/td><\/tr><tr><td>E-Fl\u00fcssigkeit Kapazit\u00e4t<\/td><td>30ml vorgef\u00fcllt<\/td><\/tr><tr><td>Spule Typ<\/td><td>Mesh-Spule f\u00fcr gleichm\u00e4\u00dfige Dampfabgabe<\/td><\/tr><tr><td>Batteriekapazit\u00e4t<\/td><td>650mAh wiederaufladbar<\/td><\/tr><tr><td>Ladeanschluss<\/td><td>USB Typ-C<\/td><\/tr><tr><td>Freischaltung<\/td><td>Zeichnung aktiviert<\/td><\/tr><tr><td>Verwendungsart<\/td><td>Einweg, wiederaufladbar<\/td><\/tr><tr><td>Verpackung<\/td><td>10 St\u00fcck pro Displaykarton<\/td><\/tr><tr><td>Karton Menge<\/td><td>200 St\u00fcck pro Karton<\/td><\/tr><\/tbody><\/table><\/figure>\n\n\n\n<h2 class=\"wp-block-heading\">Leistung und Design Highlights<\/h2>\n\n\n\n<ul class=\"wp-block-list\">\n<li><strong>Hochkapazit\u00e4ts-E-Liquid-System<\/strong><br>Das 30-ml-Reservoir unterst\u00fctzt die langfristige Nutzung, reduziert den Bedarf an h\u00e4ufigem Austausch und verbessert die allgemeine Kosteneffizienz.<\/li>\n\n\n\n<li><strong>Mesh-Spulen-Technologie<\/strong><br>Bietet eine stabile Erw\u00e4rmung, eine gleichm\u00e4\u00dfigere Dampferzeugung und eine gleichm\u00e4\u00dfigere Geschmacksabgabe im Vergleich zu herk\u00f6mmlichen Spulen.<\/li>\n\n\n\n<li><strong>Wiederaufladbarer Akku mit Typ-C-Anschluss<\/strong><br>Gew\u00e4hrleistet eine zuverl\u00e4ssige Leistungsabgabe \u00fcber den gesamten Pufferspeicherbereich und unterst\u00fctzt moderne Schnellladestandards.<\/li>\n\n\n\n<li><strong>Praktische Verpackungen f\u00fcr Einzelhandel und Gro\u00dfhandel<\/strong><br>Geliefert in Displaykartons mit 10 St\u00fcck und in Kartons mit 200 St\u00fcck, die sich sowohl f\u00fcr den Einzelhandel als auch f\u00fcr den Gro\u00dfhandel eignen.<\/li>\n<\/ul>\n\n\n\n<h2 class=\"wp-block-heading\">Verf\u00fcgbare Geschmacksrichtungen<\/h2>\n\n\n\n<ol class=\"wp-block-list\">\n<li>Erdbeereis<\/li>\n\n\n\n<li>Wassermelone Eis<\/li>\n\n\n\n<li>Gemischte Beeren<\/li>\n\n\n\n<li>Passionsfrucht-Kiwi<\/li>\n\n\n\n<li>Dr. Blau<\/li>\n\n\n\n<li>Liebe 66<\/li>\n\n\n\n<li>Dreifache Mango<\/li>\n\n\n\n<li>Kirsche Cola<\/li>\n\n\n\n<li>Bingo Quetschung<\/li>\n\n\n\n<li>Rosa Limonade<\/li>\n<\/ol>\n\n\n\n<p>Jede Geschmacksrichtung ist so formuliert, dass sie ein sauberes, ausgewogenes Geschmacksprofil mit einer stabilen Leistung vom ersten bis zum letzten Zug bietet.<\/p>\n\n\n\n<p>F\u00fcr mehr <strong>Airmez Einweg-Vapes mit hoher Kapazit\u00e4t<\/strong> und ein komplettes Lineup von <strong><a href=\"https:\/\/vapemaison.com\/product-category\/puffs-count\/30k-puffs\/\">Puff 30k<\/a> zu <a href=\"https:\/\/vapemaison.com\/product-category\/puffs-count\/120k-puffs\/\">Puff 120k<\/a><\/strong>, erkunden Sie unser <a href=\"https:\/\/vapemaison.com\/brand\/airmez\/\">Marke Airmez<\/a> Seite und <strong><a href=\"https:\/\/vapemaison.com\/product-category\/puffs-count\/60k-puffs\/\">Puff 60k<\/a><\/strong> um Ihr ideales Ger\u00e4t und Ihre ideale Geschmackskombination zu finden.<\/p>\n\n\n\n<p><\/p>","protected":false},"excerpt":{"rendered":"<p>Die <strong data-start=\"2464\" data-end=\"2482\">Airmez Lux 60K<\/strong> <strong>Puffs<\/strong> ist ein Einwegdampfer mit hoher Kapazit\u00e4t, der f\u00fcr Langlebigkeit, Konsistenz und Benutzerfreundlichkeit entwickelt wurde. Seine Kombination aus gro\u00dfem E-Liquid-Volumen, wiederaufladbarem Stromsystem und Mesh-Coil-Technologie macht ihn zu einer zuverl\u00e4ssigen Option f\u00fcr Kunden, die Wert auf lange Leistung und unkomplizierte Bedienung legen.<\/p>","protected":false},"featured_media":26212,"comment_status":"open","ping_status":"closed","template":"","meta":[],"product_brand":[314],"product_cat":[137],"product_tag":[],"class_list":{"0":"post-26202","1":"product","2":"type-product","3":"status-publish","4":"has-post-thumbnail","6":"product_brand-airmez","7":"product_cat-60k-puffs","9":"first","10":"instock","11":"sale","12":"shipping-taxable","13":"purchasable","14":"product-type-variable"},"yoast_head":"<!-- This site is optimized with the Yoast SEO plugin v27.4 - https:\/\/yoast.com\/product\/yoast-seo-wordpress\/ -->\n<title>Airmez Lux 60K Puffs Disposable Vape | Type-C Rechargeable<\/title>\n<meta name=\"description\" content=\"Airmez Lux 60K disposable vape features mesh coil, 650mAh rechargeable battery and Type-C charging. Up to 60,000 puffs with multiple flavors available.\" \/>\n<meta name=\"robots\" content=\"index, follow, max-snippet:-1, max-image-preview:large, max-video-preview:-1\" \/>\n<link rel=\"canonical\" href=\"https:\/\/vapemaison.com\/de\/product\/airmez-lux-60k-einweg-vape-2026-vape\/\" \/>\n<meta property=\"og:locale\" content=\"de_DE\" \/>\n<meta property=\"og:type\" content=\"article\" \/>\n<meta property=\"og:title\" content=\"Airmez Lux 60K Puffs Disposable Vape | Type-C Rechargeable\" \/>\n<meta property=\"og:description\" content=\"Airmez Lux 60K disposable vape features mesh coil, 650mAh rechargeable battery and Type-C charging. Up to 60,000 puffs with multiple flavors available.\" \/>\n<meta property=\"og:url\" content=\"https:\/\/vapemaison.com\/de\/product\/airmez-lux-60k-einweg-vape-2026-vape\/\" \/>\n<meta property=\"og:site_name\" content=\"VapeMaison\" \/>\n<meta property=\"article:modified_time\" content=\"2026-01-30T08:19:47+00:00\" \/>\n<meta property=\"og:image\" content=\"https:\/\/vapemaison.com\/wp-content\/uploads\/2026\/01\/Airmez-lux-60000-puffs-flavor-product-1.webp\" \/>\n\t<meta property=\"og:image:width\" content=\"2048\" \/>\n\t<meta property=\"og:image:height\" content=\"2048\" \/>\n\t<meta property=\"og:image:type\" content=\"image\/webp\" \/>\n<meta name=\"twitter:card\" content=\"summary_large_image\" \/>\n<meta name=\"twitter:label1\" content=\"Gesch\u00e4tzte Lesezeit\" \/>\n\t<meta name=\"twitter:data1\" content=\"2\u00a0Minuten\" \/>\n<!-- \/ Yoast SEO plugin. -->","yoast_head_json":{"title":"Airmez Lux 60K Puffs Einweg Vape | Typ-C wiederaufladbar","description":"Airmez Lux 60K Einweg Verdampfer verf\u00fcgt \u00fcber Mesh-Spule, 650mAh Akku und Typ-C Aufladen. Bis zu 60.000 Z\u00fcge mit mehreren Geschmacksrichtungen verf\u00fcgbar.","robots":{"index":"index","follow":"follow","max-snippet":"max-snippet:-1","max-image-preview":"max-image-preview:large","max-video-preview":"max-video-preview:-1"},"canonical":"https:\/\/vapemaison.com\/de\/product\/airmez-lux-60k-einweg-vape-2026-vape\/","og_locale":"de_DE","og_type":"article","og_title":"Airmez Lux 60K Puffs Disposable Vape | Type-C Rechargeable","og_description":"Airmez Lux 60K disposable vape features mesh coil, 650mAh rechargeable battery and Type-C charging. Up to 60,000 puffs with multiple flavors available.","og_url":"https:\/\/vapemaison.com\/de\/product\/airmez-lux-60k-einweg-vape-2026-vape\/","og_site_name":"VapeMaison","article_modified_time":"2026-01-30T08:19:47+00:00","og_image":[{"width":2048,"height":2048,"url":"https:\/\/vapemaison.com\/wp-content\/uploads\/2026\/01\/Airmez-lux-60000-puffs-flavor-product-1.webp","type":"image\/webp"}],"twitter_card":"summary_large_image","twitter_misc":{"Gesch\u00e4tzte Lesezeit":"2\u00a0Minuten"},"schema":{"@context":"https:\/\/schema.org","@graph":[{"@type":"WebPage","@id":"https:\/\/vapemaison.com\/product\/airmez-lux-60k-disposable-vape-2026-vape\/","url":"https:\/\/vapemaison.com\/product\/airmez-lux-60k-disposable-vape-2026-vape\/","name":"Airmez Lux 60K Puffs Einweg Vape | Typ-C wiederaufladbar","isPartOf":{"@id":"https:\/\/vapemaison.com\/#website"},"primaryImageOfPage":{"@id":"https:\/\/vapemaison.com\/product\/airmez-lux-60k-disposable-vape-2026-vape\/#primaryimage"},"image":{"@id":"https:\/\/vapemaison.com\/product\/airmez-lux-60k-disposable-vape-2026-vape\/#primaryimage"},"thumbnailUrl":"https:\/\/vapemaison.com\/wp-content\/uploads\/2026\/01\/Airmez-lux-60000-puffs-flavor-product-1.webp","datePublished":"2026-01-23T03:54:38+00:00","dateModified":"2026-01-30T08:19:47+00:00","description":"Airmez Lux 60K Einweg Verdampfer verf\u00fcgt \u00fcber Mesh-Spule, 650mAh Akku und Typ-C Aufladen. Bis zu 60.000 Z\u00fcge mit mehreren Geschmacksrichtungen verf\u00fcgbar.","breadcrumb":{"@id":"https:\/\/vapemaison.com\/product\/airmez-lux-60k-disposable-vape-2026-vape\/#breadcrumb"},"inLanguage":"de","potentialAction":[{"@type":"ReadAction","target":["https:\/\/vapemaison.com\/product\/airmez-lux-60k-disposable-vape-2026-vape\/"]}]},{"@type":"ImageObject","inLanguage":"de","@id":"https:\/\/vapemaison.com\/product\/airmez-lux-60k-disposable-vape-2026-vape\/#primaryimage","url":"https:\/\/vapemaison.com\/wp-content\/uploads\/2026\/01\/Airmez-lux-60000-puffs-flavor-product-1.webp","contentUrl":"https:\/\/vapemaison.com\/wp-content\/uploads\/2026\/01\/Airmez-lux-60000-puffs-flavor-product-1.webp","width":2048,"height":2048,"caption":"Airmez Lux Puffs Flavor Product Disposable Vape Device design"},{"@type":"BreadcrumbList","@id":"https:\/\/vapemaison.com\/product\/airmez-lux-60k-disposable-vape-2026-vape\/#breadcrumb","itemListElement":[{"@type":"ListItem","position":1,"name":"\u9996\u9875","item":"https:\/\/vapemaison.com\/"},{"@type":"ListItem","position":2,"name":"Shop","item":"https:\/\/vapemaison.com\/shop\/"},{"@type":"ListItem","position":3,"name":"Airmez","item":"https:\/\/vapemaison.com\/brand\/airmez\/"},{"@type":"ListItem","position":4,"name":"Airmez lux 60k Disposable Vape | 2026 Vape"}]},{"@type":"WebSite","@id":"https:\/\/vapemaison.com\/#website","url":"https:\/\/vapemaison.com\/","name":"VapeMaison","description":"Premium Vaping-Ger\u00e4te und Zubeh\u00f6r","publisher":{"@id":"https:\/\/vapemaison.com\/#organization"},"potentialAction":[{"@type":"SearchAction","target":{"@type":"EntryPoint","urlTemplate":"https:\/\/vapemaison.com\/?s={search_term_string}"},"query-input":{"@type":"PropertyValueSpecification","valueRequired":true,"valueName":"search_term_string"}}],"inLanguage":"de"},{"@type":"Organization","@id":"https:\/\/vapemaison.com\/#organization","name":"VapeMaison","url":"https:\/\/vapemaison.com\/","logo":{"@type":"ImageObject","inLanguage":"de","@id":"https:\/\/vapemaison.com\/#\/schema\/logo\/image\/","url":"https:\/\/vapemaison.com\/wp-content\/uploads\/2026\/01\/cropped-vapemaison-logo-g-2026.webp","contentUrl":"https:\/\/vapemaison.com\/wp-content\/uploads\/2026\/01\/cropped-vapemaison-logo-g-2026.webp","width":350,"height":280,"caption":"VapeMaison"},"image":{"@id":"https:\/\/vapemaison.com\/#\/schema\/logo\/image\/"},"sameAs":["https:\/\/www.youtube.com\/@VapeMaison"]}]}},"tiered_pricing_type":"fixed","tiered_pricing_fixed_rules":{"30":"10.66","50":"10.12","100":"9.78","200":"9.32"},"tiered_pricing_product_settings":{"layout":"default","base_unit_name":{"singular":null,"plural":null},"default_variation":null},"tiered_pricing_minimum_quantity":10,"tiered_pricing_roles_data":[],"tiered_pricing_percentage_rules":[],"tiered_pricing_maximum_quantity":null,"tiered_pricing_quantity_step":"10","_links":{"self":[{"href":"https:\/\/vapemaison.com\/de\/wp-json\/wp\/v2\/product\/26202","targetHints":{"allow":["GET"]}}],"collection":[{"href":"https:\/\/vapemaison.com\/de\/wp-json\/wp\/v2\/product"}],"about":[{"href":"https:\/\/vapemaison.com\/de\/wp-json\/wp\/v2\/types\/product"}],"replies":[{"embeddable":true,"href":"https:\/\/vapemaison.com\/de\/wp-json\/wp\/v2\/comments?post=26202"}],"version-history":[{"count":7,"href":"https:\/\/vapemaison.com\/de\/wp-json\/wp\/v2\/product\/26202\/revisions"}],"predecessor-version":[{"id":26554,"href":"https:\/\/vapemaison.com\/de\/wp-json\/wp\/v2\/product\/26202\/revisions\/26554"}],"wp:featuredmedia":[{"embeddable":true,"href":"https:\/\/vapemaison.com\/de\/wp-json\/wp\/v2\/media\/26212"}],"wp:attachment":[{"href":"https:\/\/vapemaison.com\/de\/wp-json\/wp\/v2\/media?parent=26202"}],"wp:term":[{"taxonomy":"product_brand","embeddable":true,"href":"https:\/\/vapemaison.com\/de\/wp-json\/wp\/v2\/product_brand?post=26202"},{"taxonomy":"product_cat","embeddable":true,"href":"https:\/\/vapemaison.com\/de\/wp-json\/wp\/v2\/product_cat?post=26202"},{"taxonomy":"product_tag","embeddable":true,"href":"https:\/\/vapemaison.com\/de\/wp-json\/wp\/v2\/product_tag?post=26202"}],"curies":[{"name":"wp","href":"https:\/\/api.w.org\/{rel}","templated":true}]}}