

{"id":26314,"date":"2026-01-26T08:14:17","date_gmt":"2026-01-26T08:14:17","guid":{"rendered":"https:\/\/vapemaison.com\/?post_type=product&#038;p=26314"},"modified":"2026-04-11T06:41:29","modified_gmt":"2026-04-11T06:41:29","slug":"airmez-fox-6-in-1-140k","status":"publish","type":"product","link":"https:\/\/vapemaison.com\/de\/product\/airmez-fox-6-in-1-140k\/","title":{"rendered":"Airmez FOX 6 IN 1 140K\u00a0"},"content":{"rendered":"<p>Die <strong>Airmez FOX 6 IN 1<\/strong> wurde f\u00fcr Benutzer entwickelt, die Vielfalt, Konsistenz und lang anhaltende Leistung in einem einzigen Einwegger\u00e4t w\u00fcnschen. Ausgestattet mit einem <strong>6-in-1-Aroma-System<\/strong>, Durch die Verwendung von E-Liquid mit hoher Kapazit\u00e4t und einer zuverl\u00e4ssigen Mesh-Spule liefert er sanften Dampf und reiches Aroma vom ersten bis zum letzten Zug.<\/p>\n\n\n\n<p>Mit seinem modernen Design, dem Type-C-Akku und den sorgf\u00e4ltig ausgew\u00e4hlten Geschmackskombinationen ist der FOX 6 IN 1 ideal f\u00fcr den Einzelhandel und den Gro\u00dfhandel.<\/p>\n\n\n\n<h2 class=\"wp-block-heading\">Wesentliche Merkmale<\/h2>\n\n\n\n<figure class=\"wp-block-table is-style-stripes\"><table class=\"has-cyan-bluish-gray-background-color has-background has-fixed-layout\"><thead><tr><th>Merkmal<\/th><th>Beschreibung<\/th><\/tr><\/thead><tbody><tr><td>6-IN-1-Aroma-System<\/td><td>Ein Ger\u00e4t liefert sechs verschiedene Geschmackserlebnisse f\u00fcr mehr Abwechslung und l\u00e4ngeren Genuss<\/td><\/tr><tr><td>15ml \u00d7 3 E-Liquid Kapazit\u00e4t<\/td><td>Die gro\u00dfe Gesamtkapazit\u00e4t gew\u00e4hrleistet eine lange Nutzungsdauer mit weniger Austauschvorg\u00e4ngen<\/td><\/tr><tr><td>Erweiterte Mesh-Spule<\/td><td>Bietet eine gleichm\u00e4\u00dfige Erw\u00e4rmung, verbesserte Geschmacksklarheit und eine sanftere Dampferzeugung<\/td><\/tr><tr><td>650mAh wiederaufladbare Batterie<\/td><td>Stabile Leistungsabgabe mit praktischem Typ-C-Laden<\/td><\/tr><tr><td>Kompaktes und benutzerfreundliches Design<\/td><td>Keine Tasten oder Einstellungen erforderlich - einfach einatmen und aktivieren<\/td><\/tr><\/tbody><\/table><\/figure>\n\n\n\n<h2 class=\"wp-block-heading\">Technische Daten<\/h2>\n\n\n\n<figure class=\"wp-block-table is-style-stripes\"><table class=\"has-cyan-bluish-gray-background-color has-background has-fixed-layout\"><thead><tr><th>Spezifikation<\/th><th>Einzelheiten<\/th><\/tr><\/thead><tbody><tr><td>Produktname<\/td><td>Airmez FOX 6 IN 1<\/td><\/tr><tr><td>E-Liquid Kapazit\u00e4t<\/td><td>15ml \u00d7 3<\/td><\/tr><tr><td>Spule Typ<\/td><td>Maschenspule<\/td><\/tr><tr><td>Batteriekapazit\u00e4t<\/td><td>650mAh<\/td><\/tr><tr><td>Ladeanschluss<\/td><td>Typ-C<\/td><\/tr><tr><td>Operation<\/td><td>Zeichnungsaktiviert<\/td><\/tr><tr><td>Geschmackssystem<\/td><td>6-in-1<\/td><\/tr><tr><td>Ger\u00e4tetyp<\/td><td>Wiederaufladbar Einweg<\/td><\/tr><\/tbody><\/table><\/figure>\n\n\n\n<h3 class=\"wp-block-heading\">Geschmacksoptionen<\/h3>\n\n\n\n<p>Jede Version enth\u00e4lt <strong>6 sorgf\u00e4ltig aufeinander abgestimmte Geschmacksrichtungen<\/strong> um verschiedenen Vorlieben gerecht zu werden:<\/p>\n\n\n\n<ol class=\"wp-block-list\">\n<li><strong>LOVE 66 \/ Beerenlimonade \/ Fizzy Cherry<\/strong><\/li>\n\n\n\n<li><strong>Gemischte Beeren \/ Blue Razz Limonade \/ Kirsche Beere<\/strong><\/li>\n\n\n\n<li><strong>Drachenfruchteis \/ Fruchtige Fusion \/ Himbeer-Wassermelone<\/strong><\/li>\n\n\n\n<li><strong>Kirsche \/ Cola-Eis \/ Mango-Eis<\/strong><\/li>\n\n\n\n<li><strong>Pfirsich-Eis \/ Mango-Eis \/ Dr. Blau<\/strong><\/li>\n\n\n\n<li><strong>Erdbeere-Banane \/ Vimto \/ Heidelbeere-Kirsche-Cranberry<\/strong><\/li>\n\n\n\n<li><strong>Erdbeereis \/ Pinke Limonade \/ Bingo Crush<\/strong><\/li>\n\n\n\n<li><strong>LOVE 66 \/ Erdbeer-Kiwi \/ Pfirsich-Mango<\/strong><\/li>\n\n\n\n<li><strong>Erdbeer-Wassermelone \/ Dreifach-Melone \/ Blaues Razz-Eis<\/strong><\/li>\n\n\n\n<li><strong>Wassermeloneneis \/ Bingo Crush \/ Gemischte Beeren<\/strong><\/li>\n<\/ol>\n\n\n\n<h3 class=\"wp-block-heading\">Details zur Verpackung<\/h3>\n\n\n\n<ul class=\"wp-block-list\">\n<li><strong>10 St\u00fcck pro Displaykarton<\/strong><\/li>\n\n\n\n<li><strong>100 St\u00fcck pro Karton<\/strong><\/li>\n\n\n\n<li>Konzipiert f\u00fcr einfache Regalpr\u00e4sentation und effizienten Massenversand<\/li>\n<\/ul>\n\n\n\n<h3 class=\"wp-block-heading\">Warum Airmez FOX 6 IN 1 w\u00e4hlen?<\/h3>\n\n\n\n<ul class=\"wp-block-list\">\n<li>Mehrere Geschmacksrichtungen in einem Ger\u00e4t erh\u00f6hen die Benutzerbindung<\/li>\n\n\n\n<li>Mesh-Coil-Technologie sorgt f\u00fcr gleichbleibenden Geschmack<\/li>\n\n\n\n<li>Gro\u00dfe E-Liquid-Kapazit\u00e4t reduziert die Austauschh\u00e4ufigkeit<\/li>\n\n\n\n<li>Ideal f\u00fcr Einzelhandelsgesch\u00e4fte, Distributoren und Gro\u00dfh\u00e4ndler<\/li>\n<\/ul>\n\n\n\n<p>Wenn Sie mehr Optionen als nur die <strong>AiRMEZ 140K<\/strong>, gibt es noch viel mehr zu entdecken. Sie k\u00f6nnen unser gesamtes <strong><a href=\"https:\/\/vapemaison.com\/shop\/\" type=\"link\" id=\"https:\/\/vapemaison.com\/shop\/\">Kollektion kaufen<\/a><\/strong> finden Sie eine gro\u00dfe Auswahl an leistungsstarken Einwegverdampfern mit verschiedenen Puffzahlen, Funktionen und Geschmacksprofilen, die Ihren Vorlieben entsprechen.<\/p>\n\n\n\n<p>Wenn Ihnen das Design und die Innovation dieses Ger\u00e4ts gefallen, empfehlen wir Ihnen, sich weitere Produkte aus der <strong><a href=\"https:\/\/vapemaison.com\/brand\/airmez\/\" type=\"link\" id=\"https:\/\/vapemaison.com\/brand\/airmez\/\">Airmez-Angebot<\/a><\/strong>, wo Sie \u00e4hnlich fortschrittliche Modelle mit einzigartigen Funktionen und erstklassiger Verarbeitungsqualit\u00e4t finden.<\/p>\n\n\n\n<p>Wenn Sie sich speziell f\u00fcr langlebige Ger\u00e4te interessieren, sollten Sie sich unsere Auswahl an <strong><a href=\"https:\/\/vapemaison.com\/product-category\/puffs-count\/140k-puffs\/\" type=\"link\" id=\"https:\/\/vapemaison.com\/product-category\/puffs-count\/140k-puffs\/\">140K Puffs<\/a><\/strong> Einweg-Dampfger\u00e4te. Diese Optionen bieten eine l\u00e4ngere Nutzungsdauer, eine reichhaltige Geschmacksabgabe und ein ausgezeichnetes Preis-Leistungs-Verh\u00e4ltnis f\u00fcr Benutzer, die weniger Austauschvorg\u00e4nge w\u00fcnschen, ohne Kompromisse bei der Leistung einzugehen.<\/p>\n\n\n\n<p>Entdecken Sie mehr und finden Sie den perfekten Vape, der zu Ihrem Stil und Ihren Bed\u00fcrfnissen passt.<\/p>","protected":false},"excerpt":{"rendered":"<p>The Airmez FOX 6 IN 1 is designed for users who want variety, consistency, and long-lasting performance in a single disposable device. Featuring a 6-in-1 flavor system, high-capacity e-liquid, and a reliable mesh coil, it delivers smooth vapor and rich flavor from the first puff to the last. With a modern design, Type-C rechargeable battery, [&hellip;]<\/p>\n","protected":false},"featured_media":26323,"comment_status":"open","ping_status":"closed","template":"","meta":[],"product_brand":[314],"product_cat":[16],"product_tag":[],"class_list":{"0":"post-26314","1":"product","2":"type-product","3":"status-publish","4":"has-post-thumbnail","6":"product_brand-airmez","7":"product_cat-uncategorized","9":"first","10":"instock","11":"sale","12":"shipping-taxable","13":"purchasable","14":"product-type-variable"},"yoast_head":"<!-- This site is optimized with the Yoast SEO plugin v27.4 - https:\/\/yoast.com\/product\/yoast-seo-wordpress\/ -->\n<title>Airmez FOX 6 IN 1 Disposable Vape | 6-Flavor System<\/title>\n<meta name=\"description\" content=\"Discover Airmez FOX 6 IN 1 disposable vape featuring a 6-in-1 flavor system, 15ml\u00d73 e-liquid capacity, mesh coil. Ideal for retail and wholesale.\" \/>\n<meta name=\"robots\" content=\"index, follow, max-snippet:-1, max-image-preview:large, max-video-preview:-1\" \/>\n<link rel=\"canonical\" href=\"https:\/\/vapemaison.com\/de\/product\/airmez-fox-6-in-1-140k\/\" \/>\n<meta property=\"og:locale\" content=\"de_DE\" \/>\n<meta property=\"og:type\" content=\"article\" \/>\n<meta property=\"og:title\" content=\"Airmez FOX 6 IN 1 Disposable Vape | 6-Flavor System\" \/>\n<meta property=\"og:description\" content=\"Discover Airmez FOX 6 IN 1 disposable vape featuring a 6-in-1 flavor system, 15ml\u00d73 e-liquid capacity, mesh coil. Ideal for retail and wholesale.\" \/>\n<meta property=\"og:url\" content=\"https:\/\/vapemaison.com\/de\/product\/airmez-fox-6-in-1-140k\/\" \/>\n<meta property=\"og:site_name\" content=\"VapeMaison\" \/>\n<meta property=\"article:modified_time\" content=\"2026-04-11T06:41:29+00:00\" \/>\n<meta property=\"og:image\" content=\"https:\/\/vapemaison.com\/wp-content\/uploads\/2026\/01\/airmez-fox-6-in-1-140000-puff-flavor-8.webp\" \/>\n\t<meta property=\"og:image:width\" content=\"2327\" \/>\n\t<meta property=\"og:image:height\" content=\"2327\" \/>\n\t<meta property=\"og:image:type\" content=\"image\/webp\" \/>\n<meta name=\"twitter:card\" content=\"summary_large_image\" \/>\n<meta name=\"twitter:label1\" content=\"Gesch\u00e4tzte Lesezeit\" \/>\n\t<meta name=\"twitter:data1\" content=\"3\u00a0Minuten\" \/>\n<!-- \/ Yoast SEO plugin. -->","yoast_head_json":{"title":"Airmez FOX 6 IN 1 Einweg Vape | 6-Aroma-System","description":"Entdecken Sie Airmez FOX 6 IN 1 Einweg-Vape mit einem 6-in-1-Aroma-System, 15ml\u00d73 e-Fl\u00fcssigkeit Kapazit\u00e4t, Mesh-Spule. Ideal f\u00fcr Einzelhandel und Gro\u00dfhandel.","robots":{"index":"index","follow":"follow","max-snippet":"max-snippet:-1","max-image-preview":"max-image-preview:large","max-video-preview":"max-video-preview:-1"},"canonical":"https:\/\/vapemaison.com\/de\/product\/airmez-fox-6-in-1-140k\/","og_locale":"de_DE","og_type":"article","og_title":"Airmez FOX 6 IN 1 Disposable Vape | 6-Flavor System","og_description":"Discover Airmez FOX 6 IN 1 disposable vape featuring a 6-in-1 flavor system, 15ml\u00d73 e-liquid capacity, mesh coil. Ideal for retail and wholesale.","og_url":"https:\/\/vapemaison.com\/de\/product\/airmez-fox-6-in-1-140k\/","og_site_name":"VapeMaison","article_modified_time":"2026-04-11T06:41:29+00:00","og_image":[{"width":2327,"height":2327,"url":"https:\/\/vapemaison.com\/wp-content\/uploads\/2026\/01\/airmez-fox-6-in-1-140000-puff-flavor-8.webp","type":"image\/webp"}],"twitter_card":"summary_large_image","twitter_misc":{"Gesch\u00e4tzte Lesezeit":"3\u00a0Minuten"},"schema":{"@context":"https:\/\/schema.org","@graph":[{"@type":"WebPage","@id":"https:\/\/vapemaison.com\/product\/airmez-fox-6-in-1-140k\/","url":"https:\/\/vapemaison.com\/product\/airmez-fox-6-in-1-140k\/","name":"Airmez FOX 6 IN 1 Einweg Vape | 6-Aroma-System","isPartOf":{"@id":"https:\/\/vapemaison.com\/#website"},"primaryImageOfPage":{"@id":"https:\/\/vapemaison.com\/product\/airmez-fox-6-in-1-140k\/#primaryimage"},"image":{"@id":"https:\/\/vapemaison.com\/product\/airmez-fox-6-in-1-140k\/#primaryimage"},"thumbnailUrl":"https:\/\/vapemaison.com\/wp-content\/uploads\/2026\/01\/airmez-fox-6-in-1-140000-puff-flavor-8.webp","datePublished":"2026-01-26T08:14:17+00:00","dateModified":"2026-04-11T06:41:29+00:00","description":"Entdecken Sie Airmez FOX 6 IN 1 Einweg-Vape mit einem 6-in-1-Aroma-System, 15ml\u00d73 e-Fl\u00fcssigkeit Kapazit\u00e4t, Mesh-Spule. Ideal f\u00fcr Einzelhandel und Gro\u00dfhandel.","breadcrumb":{"@id":"https:\/\/vapemaison.com\/product\/airmez-fox-6-in-1-140k\/#breadcrumb"},"inLanguage":"de","potentialAction":[{"@type":"ReadAction","target":["https:\/\/vapemaison.com\/product\/airmez-fox-6-in-1-140k\/"]}]},{"@type":"ImageObject","inLanguage":"de","@id":"https:\/\/vapemaison.com\/product\/airmez-fox-6-in-1-140k\/#primaryimage","url":"https:\/\/vapemaison.com\/wp-content\/uploads\/2026\/01\/airmez-fox-6-in-1-140000-puff-flavor-8.webp","contentUrl":"https:\/\/vapemaison.com\/wp-content\/uploads\/2026\/01\/airmez-fox-6-in-1-140000-puff-flavor-8.webp","width":2327,"height":2327,"caption":"Airmez Fox 6 In 1 Puff Flavor Disposable Vape Device view"},{"@type":"BreadcrumbList","@id":"https:\/\/vapemaison.com\/product\/airmez-fox-6-in-1-140k\/#breadcrumb","itemListElement":[{"@type":"ListItem","position":1,"name":"\u9996\u9875","item":"https:\/\/vapemaison.com\/"},{"@type":"ListItem","position":2,"name":"Shop","item":"https:\/\/vapemaison.com\/shop\/"},{"@type":"ListItem","position":3,"name":"Airmez","item":"https:\/\/vapemaison.com\/brand\/airmez\/"},{"@type":"ListItem","position":4,"name":"Airmez FOX 6 IN 1 140K\u00a0"}]},{"@type":"WebSite","@id":"https:\/\/vapemaison.com\/#website","url":"https:\/\/vapemaison.com\/","name":"VapeMaison","description":"Premium Vaping-Ger\u00e4te und Zubeh\u00f6r","publisher":{"@id":"https:\/\/vapemaison.com\/#organization"},"potentialAction":[{"@type":"SearchAction","target":{"@type":"EntryPoint","urlTemplate":"https:\/\/vapemaison.com\/?s={search_term_string}"},"query-input":{"@type":"PropertyValueSpecification","valueRequired":true,"valueName":"search_term_string"}}],"inLanguage":"de"},{"@type":"Organization","@id":"https:\/\/vapemaison.com\/#organization","name":"VapeMaison","url":"https:\/\/vapemaison.com\/","logo":{"@type":"ImageObject","inLanguage":"de","@id":"https:\/\/vapemaison.com\/#\/schema\/logo\/image\/","url":"https:\/\/vapemaison.com\/wp-content\/uploads\/2026\/01\/cropped-vapemaison-logo-g-2026.webp","contentUrl":"https:\/\/vapemaison.com\/wp-content\/uploads\/2026\/01\/cropped-vapemaison-logo-g-2026.webp","width":350,"height":280,"caption":"VapeMaison"},"image":{"@id":"https:\/\/vapemaison.com\/#\/schema\/logo\/image\/"},"sameAs":["https:\/\/www.youtube.com\/@VapeMaison"]}]}},"tiered_pricing_type":"fixed","tiered_pricing_fixed_rules":{"30":"12.24","50":"11.99","100":"11.38","200":"10.99"},"tiered_pricing_product_settings":{"layout":"default","base_unit_name":{"singular":null,"plural":null},"default_variation":null},"tiered_pricing_minimum_quantity":10,"tiered_pricing_roles_data":[],"tiered_pricing_percentage_rules":[],"tiered_pricing_maximum_quantity":null,"tiered_pricing_quantity_step":"10","_links":{"self":[{"href":"https:\/\/vapemaison.com\/de\/wp-json\/wp\/v2\/product\/26314","targetHints":{"allow":["GET"]}}],"collection":[{"href":"https:\/\/vapemaison.com\/de\/wp-json\/wp\/v2\/product"}],"about":[{"href":"https:\/\/vapemaison.com\/de\/wp-json\/wp\/v2\/types\/product"}],"replies":[{"embeddable":true,"href":"https:\/\/vapemaison.com\/de\/wp-json\/wp\/v2\/comments?post=26314"}],"version-history":[{"count":3,"href":"https:\/\/vapemaison.com\/de\/wp-json\/wp\/v2\/product\/26314\/revisions"}],"predecessor-version":[{"id":29284,"href":"https:\/\/vapemaison.com\/de\/wp-json\/wp\/v2\/product\/26314\/revisions\/29284"}],"wp:featuredmedia":[{"embeddable":true,"href":"https:\/\/vapemaison.com\/de\/wp-json\/wp\/v2\/media\/26323"}],"wp:attachment":[{"href":"https:\/\/vapemaison.com\/de\/wp-json\/wp\/v2\/media?parent=26314"}],"wp:term":[{"taxonomy":"product_brand","embeddable":true,"href":"https:\/\/vapemaison.com\/de\/wp-json\/wp\/v2\/product_brand?post=26314"},{"taxonomy":"product_cat","embeddable":true,"href":"https:\/\/vapemaison.com\/de\/wp-json\/wp\/v2\/product_cat?post=26314"},{"taxonomy":"product_tag","embeddable":true,"href":"https:\/\/vapemaison.com\/de\/wp-json\/wp\/v2\/product_tag?post=26314"}],"curies":[{"name":"wp","href":"https:\/\/api.w.org\/{rel}","templated":true}]}}