

{"id":26368,"date":"2026-01-26T08:48:03","date_gmt":"2026-01-26T08:48:03","guid":{"rendered":"https:\/\/vapemaison.com\/?post_type=product&#038;p=26368"},"modified":"2026-04-11T06:34:02","modified_gmt":"2026-04-11T06:34:02","slug":"airmez-matrix-30k-einweg-vape","status":"publish","type":"product","link":"https:\/\/vapemaison.com\/de\/product\/airmez-matrix-30k-disposable-vape\/","title":{"rendered":"Airmez Matrix 30K Einweg Vape"},"content":{"rendered":"<p>Die <strong>Airmez Matrix 30K<\/strong> hebt das Einwegdampfen mit einer perfekten Mischung aus intelligenter Technologie, hoher Leistung und modernem Design hervor. Ausgestattet mit einem <strong>2,1-Zoll gro\u00dfer Bildschirm<\/strong>, <strong>reaktionsschnelles Touchpad<\/strong>, und <strong>verstellbares Luftstromsystem<\/strong>, Sie bietet ein vollst\u00e4ndig anpassbares und interaktives Dampferlebnis.<\/p>\n\n\n\n<p>Angetrieben von einem <strong>22ml vorgef\u00fcllte e-Fl\u00fcssigkeit<\/strong>, <strong>Doppelmaschenspule<\/strong>, und ein <strong>800mAh wiederaufladbare Batterie<\/strong>, Dieses Ger\u00e4t wurde f\u00fcr Benutzer entwickelt, die sowohl Leistung als auch Stil in einem hochwertigen Einwegger\u00e4t w\u00fcnschen.<\/p>\n\n\n\n<h2 class=\"wp-block-heading\">Wesentliche Merkmale<\/h2>\n\n\n\n<figure class=\"wp-block-table is-style-regular has-x-small-font-size\" style=\"line-height:1\"><table class=\"has-background has-fixed-layout\" style=\"background:linear-gradient(135deg,rgb(197,213,224) 0%,rgb(155,81,224) 100%)\"><thead><tr><th>Merkmal<\/th><th>Beschreibung<\/th><\/tr><\/thead><tbody><tr><td>Bis zu 30.000 Puffs<\/td><td>Konzipiert f\u00fcr l\u00e4ngeren Gebrauch mit effizientem E-Liquid- und Energiemanagement<\/td><\/tr><tr><td>2.1-Zoll-Gro\u00dfbildschirm<\/td><td>Bietet Echtzeit-\u00dcberwachung von Batterie und E-Liquid mit einer hochwertigen visuellen Schnittstelle<\/td><\/tr><tr><td>Reaktionsf\u00e4higes Touchpad<\/td><td>Erm\u00f6glicht reibungslose und intuitive Interaktion f\u00fcr ein modernes Benutzererlebnis<\/td><\/tr><tr><td>Dual Mesh Spule (1.2\u03a9)<\/td><td>Sorgt f\u00fcr schnellere Erw\u00e4rmung, reichere Geschmacksschichten und gleichm\u00e4\u00dfige Dampfabgabe<\/td><\/tr><tr><td>Einstellbarer Luftstrom<\/td><td>Erm\u00f6glicht es dem Benutzer, den Zugwiderstand f\u00fcr ein individuelles Vaping-Erlebnis anzupassen<\/td><\/tr><tr><td>22ml vorgef\u00fcllte E-Fl\u00fcssigkeit<\/td><td>Gro\u00dfes Fassungsverm\u00f6gen reduziert den Bedarf an h\u00e4ufigen Auswechslungen<\/td><\/tr><tr><td>800mAh wiederaufladbarer Akku (Typ-C)<\/td><td>Zuverl\u00e4ssige Stromversorgung mit praktischer Unterst\u00fctzung f\u00fcr Schnellladung<\/td><\/tr><tr><td>Lucky Room Spielfunktion<\/td><td>Eingebaute interaktive Funktion, die das Engagement und die Einzigartigkeit des Produkts erh\u00f6ht<\/td><\/tr><\/tbody><\/table><\/figure>\n\n\n\n<h2 class=\"wp-block-heading\">Verf\u00fcgbare Geschmacksrichtungen<\/h2>\n\n\n\n<ul class=\"wp-block-list\">\n<li>Wassermelone Eis<\/li>\n\n\n\n<li>Heidelbeere auf Eis<\/li>\n\n\n\n<li style=\"border-top-left-radius:0px;border-top-right-radius:0px;border-bottom-left-radius:0px;border-bottom-right-radius:0px\">Heidelbeere-Himbeere<\/li>\n\n\n\n<li>Erdbeereis<\/li>\n\n\n\n<li>Traubeneis<\/li>\n\n\n\n<li>Gemischte Beere<\/li>\n\n\n\n<li>Drachenfrucht<\/li>\n\n\n\n<li>Erdbeer-Kiwi<\/li>\n\n\n\n<li>Kiwi Passionsfrucht Guave<\/li>\n\n\n\n<li>Blaue saure Himbeere<\/li>\n\n\n\n<li>Kirsche Cola<\/li>\n\n\n\n<li>Zitrone &amp; Limette<\/li>\n<\/ul>\n\n\n\n<h2 class=\"wp-block-heading\">Informationen zur Verpackung<\/h2>\n\n\n\n<ul class=\"wp-block-list\">\n<li><strong>5 St\u00fcck \/ Displaykarton<\/strong><\/li>\n\n\n\n<li><strong>200 St\u00fcck\/Karton<\/strong><\/li>\n\n\n\n<li>Ideal f\u00fcr Einzelhandelsregale und den Gro\u00dfhandel<\/li>\n<\/ul>\n\n\n\n<h2 class=\"wp-block-heading\">Warum Airmez Matrix 30K w\u00e4hlen?<\/h2>\n\n\n\n<p>\u2714 Intelligenter Touchscreen + interaktive Funktionen<br>\u2714 Langlebige Leistung mit hoher Puffzahl<br>\u2714 Gleichm\u00e4\u00dfiger Geschmack durch Dual-Mesh-Spule<br>\u2714 Einstellbarer Luftstrom f\u00fcr individuelles Dampfen<br>\u2714 Premium-Design zur Differenzierung im Einzelhandel<\/p>\n\n\n\n<h2 class=\"wp-block-heading\">Mehr Optionen erforschen<\/h2>\n\n\n\n<p>Suchen Sie nach mehr Auswahlm\u00f6glichkeiten als die Airmez Matrix 30K? Sie k\u00f6nnen unsere gesamte Kollektion in der <a href=\"https:\/\/vapemaison.com\/shop\/\" type=\"link\" id=\"https:\/\/vapemaison.com\/shop\/\"><strong>Shop<\/strong><\/a> um eine breite Palette von Einwegverdampfern mit unterschiedlichen Funktionen, Designs und Puffkapazit\u00e4ten zu entdecken.<\/p>\n\n\n\n<p>Wenn Sie an \u00e4hnlichen innovativen Ger\u00e4ten interessiert sind, sehen Sie sich weitere Produkte aus der <strong><a href=\"https:\/\/vapemaison.com\/brand\/airmez\/\" type=\"link\" id=\"https:\/\/vapemaison.com\/brand\/airmez\/\">Serie Airmez<\/a><\/strong>, wo fortschrittliche Technologie und modernes Design zusammenkommen.<\/p>\n\n\n\n<p>F\u00fcr Benutzer, die eine lang anhaltende Leistung bevorzugen, bieten wir auch eine Vielzahl von <strong><a href=\"https:\/\/vapemaison.com\/product-category\/puffs-count\/30k-puffs\/\" type=\"link\" id=\"https:\/\/vapemaison.com\/product-category\/puffs-count\/30k-puffs\/\">30K Puffs<\/a> Einweg-Vapes<\/strong>, Damit haben Sie mehr M\u00f6glichkeiten bei l\u00e4ngerer Nutzung und einem hervorragenden Preis-Leistungs-Verh\u00e4ltnis.<\/p>\n\n\n\n<p>St\u00f6bern Sie weiter und finden Sie das perfekte Ger\u00e4t f\u00fcr Ihre Bed\u00fcrfnisse.<\/p>","protected":false},"excerpt":{"rendered":"<p>The Airmez Matrix 30K elevates disposable vaping with a perfect blend of smart technology, high-capacity performance, and modern design. Featuring a 2.1-inch large screen, responsive touch pad, and adjustable airflow system, it delivers a fully customizable and interactive vaping experience. Powered by a 22ml pre-filled e-liquid, dual mesh coil, and an 800mAh rechargeable battery, this [&hellip;]<\/p>\n","protected":false},"featured_media":26373,"comment_status":"open","ping_status":"closed","template":"","meta":[],"product_brand":[314],"product_cat":[134],"product_tag":[],"class_list":{"0":"post-26368","1":"product","2":"type-product","3":"status-publish","4":"has-post-thumbnail","6":"product_brand-airmez","7":"product_cat-30k-puffs","9":"first","10":"instock","11":"sale","12":"shipping-taxable","13":"purchasable","14":"product-type-variable"},"yoast_head":"<!-- This site is optimized with the Yoast SEO plugin v27.4 - https:\/\/yoast.com\/product\/yoast-seo-wordpress\/ -->\n<title>Airmez Matrix 30K Disposable Vape | 22ml, 5% Nicotine<\/title>\n<meta name=\"description\" content=\"Airmez Matrix 30K disposable vape features 22ml e-liquid, 5% nicotine, dual mesh coil, adjustable airflow, 2.1-inch big screen, touch pad.\" \/>\n<meta name=\"robots\" content=\"index, follow, max-snippet:-1, max-image-preview:large, max-video-preview:-1\" \/>\n<link rel=\"canonical\" href=\"https:\/\/vapemaison.com\/de\/product\/airmez-matrix-30k-einweg-vape\/\" \/>\n<meta property=\"og:locale\" content=\"de_DE\" \/>\n<meta property=\"og:type\" content=\"article\" \/>\n<meta property=\"og:title\" content=\"Airmez Matrix 30K Disposable Vape | 22ml, 5% Nicotine\" \/>\n<meta property=\"og:description\" content=\"Airmez Matrix 30K disposable vape features 22ml e-liquid, 5% nicotine, dual mesh coil, adjustable airflow, 2.1-inch big screen, touch pad.\" \/>\n<meta property=\"og:url\" content=\"https:\/\/vapemaison.com\/de\/product\/airmez-matrix-30k-einweg-vape\/\" \/>\n<meta property=\"og:site_name\" content=\"VapeMaison\" \/>\n<meta property=\"article:modified_time\" content=\"2026-04-11T06:34:02+00:00\" \/>\n<meta property=\"og:image\" content=\"https:\/\/vapemaison.com\/wp-content\/uploads\/2026\/01\/Airmez-Matrix-Pro-30000-Puffs-8.webp\" \/>\n\t<meta property=\"og:image:width\" content=\"800\" \/>\n\t<meta property=\"og:image:height\" content=\"800\" \/>\n\t<meta property=\"og:image:type\" content=\"image\/webp\" \/>\n<meta name=\"twitter:card\" content=\"summary_large_image\" \/>\n<meta name=\"twitter:label1\" content=\"Gesch\u00e4tzte Lesezeit\" \/>\n\t<meta name=\"twitter:data1\" content=\"2\u00a0Minuten\" \/>\n<!-- \/ Yoast SEO plugin. -->","yoast_head_json":{"title":"Airmez Matrix 30K Einweg Vape | 22ml, 5% Nikotin","description":"Airmez Matrix 30K Einweg-Vape verf\u00fcgt \u00fcber 22ml e-Fl\u00fcssigkeit, 5% Nikotin, Dual-Mesh-Spule, einstellbare Luftstrom, 2,1-Zoll gro\u00dfen Bildschirm, Touchpad.","robots":{"index":"index","follow":"follow","max-snippet":"max-snippet:-1","max-image-preview":"max-image-preview:large","max-video-preview":"max-video-preview:-1"},"canonical":"https:\/\/vapemaison.com\/de\/product\/airmez-matrix-30k-einweg-vape\/","og_locale":"de_DE","og_type":"article","og_title":"Airmez Matrix 30K Disposable Vape | 22ml, 5% Nicotine","og_description":"Airmez Matrix 30K disposable vape features 22ml e-liquid, 5% nicotine, dual mesh coil, adjustable airflow, 2.1-inch big screen, touch pad.","og_url":"https:\/\/vapemaison.com\/de\/product\/airmez-matrix-30k-einweg-vape\/","og_site_name":"VapeMaison","article_modified_time":"2026-04-11T06:34:02+00:00","og_image":[{"width":800,"height":800,"url":"https:\/\/vapemaison.com\/wp-content\/uploads\/2026\/01\/Airmez-Matrix-Pro-30000-Puffs-8.webp","type":"image\/webp"}],"twitter_card":"summary_large_image","twitter_misc":{"Gesch\u00e4tzte Lesezeit":"2\u00a0Minuten"},"schema":{"@context":"https:\/\/schema.org","@graph":[{"@type":"WebPage","@id":"https:\/\/vapemaison.com\/product\/airmez-matrix-30k-disposable-vape\/","url":"https:\/\/vapemaison.com\/product\/airmez-matrix-30k-disposable-vape\/","name":"Airmez Matrix 30K Einweg Vape | 22ml, 5% Nikotin","isPartOf":{"@id":"https:\/\/vapemaison.com\/#website"},"primaryImageOfPage":{"@id":"https:\/\/vapemaison.com\/product\/airmez-matrix-30k-disposable-vape\/#primaryimage"},"image":{"@id":"https:\/\/vapemaison.com\/product\/airmez-matrix-30k-disposable-vape\/#primaryimage"},"thumbnailUrl":"https:\/\/vapemaison.com\/wp-content\/uploads\/2026\/01\/Airmez-Matrix-Pro-30000-Puffs-8.webp","datePublished":"2026-01-26T08:48:03+00:00","dateModified":"2026-04-11T06:34:02+00:00","description":"Airmez Matrix 30K Einweg-Vape verf\u00fcgt \u00fcber 22ml e-Fl\u00fcssigkeit, 5% Nikotin, Dual-Mesh-Spule, einstellbare Luftstrom, 2,1-Zoll gro\u00dfen Bildschirm, Touchpad.","breadcrumb":{"@id":"https:\/\/vapemaison.com\/product\/airmez-matrix-30k-disposable-vape\/#breadcrumb"},"inLanguage":"de","potentialAction":[{"@type":"ReadAction","target":["https:\/\/vapemaison.com\/product\/airmez-matrix-30k-disposable-vape\/"]}]},{"@type":"ImageObject","inLanguage":"de","@id":"https:\/\/vapemaison.com\/product\/airmez-matrix-30k-disposable-vape\/#primaryimage","url":"https:\/\/vapemaison.com\/wp-content\/uploads\/2026\/01\/Airmez-Matrix-Pro-30000-Puffs-8.webp","contentUrl":"https:\/\/vapemaison.com\/wp-content\/uploads\/2026\/01\/Airmez-Matrix-Pro-30000-Puffs-8.webp","width":800,"height":800,"caption":"Airmez Matrix Pro Puffs Disposable Vape Device detail"},{"@type":"BreadcrumbList","@id":"https:\/\/vapemaison.com\/product\/airmez-matrix-30k-disposable-vape\/#breadcrumb","itemListElement":[{"@type":"ListItem","position":1,"name":"\u9996\u9875","item":"https:\/\/vapemaison.com\/"},{"@type":"ListItem","position":2,"name":"Shop","item":"https:\/\/vapemaison.com\/shop\/"},{"@type":"ListItem","position":3,"name":"Airmez","item":"https:\/\/vapemaison.com\/brand\/airmez\/"},{"@type":"ListItem","position":4,"name":"Airmez Matrix 30K Disposable Vape"}]},{"@type":"WebSite","@id":"https:\/\/vapemaison.com\/#website","url":"https:\/\/vapemaison.com\/","name":"VapeMaison","description":"Premium Vaping-Ger\u00e4te und Zubeh\u00f6r","publisher":{"@id":"https:\/\/vapemaison.com\/#organization"},"potentialAction":[{"@type":"SearchAction","target":{"@type":"EntryPoint","urlTemplate":"https:\/\/vapemaison.com\/?s={search_term_string}"},"query-input":{"@type":"PropertyValueSpecification","valueRequired":true,"valueName":"search_term_string"}}],"inLanguage":"de"},{"@type":"Organization","@id":"https:\/\/vapemaison.com\/#organization","name":"VapeMaison","url":"https:\/\/vapemaison.com\/","logo":{"@type":"ImageObject","inLanguage":"de","@id":"https:\/\/vapemaison.com\/#\/schema\/logo\/image\/","url":"https:\/\/vapemaison.com\/wp-content\/uploads\/2026\/01\/cropped-vapemaison-logo-g-2026.webp","contentUrl":"https:\/\/vapemaison.com\/wp-content\/uploads\/2026\/01\/cropped-vapemaison-logo-g-2026.webp","width":350,"height":280,"caption":"VapeMaison"},"image":{"@id":"https:\/\/vapemaison.com\/#\/schema\/logo\/image\/"},"sameAs":["https:\/\/www.youtube.com\/@VapeMaison"]}]}},"tiered_pricing_type":"fixed","tiered_pricing_fixed_rules":{"30":"12.76","50":"12.24","100":"11.88","200":"11.46"},"tiered_pricing_product_settings":{"layout":"default","base_unit_name":{"singular":null,"plural":null},"default_variation":null},"tiered_pricing_minimum_quantity":10,"tiered_pricing_roles_data":[],"tiered_pricing_percentage_rules":[],"tiered_pricing_maximum_quantity":null,"tiered_pricing_quantity_step":"10","_links":{"self":[{"href":"https:\/\/vapemaison.com\/de\/wp-json\/wp\/v2\/product\/26368","targetHints":{"allow":["GET"]}}],"collection":[{"href":"https:\/\/vapemaison.com\/de\/wp-json\/wp\/v2\/product"}],"about":[{"href":"https:\/\/vapemaison.com\/de\/wp-json\/wp\/v2\/types\/product"}],"replies":[{"embeddable":true,"href":"https:\/\/vapemaison.com\/de\/wp-json\/wp\/v2\/comments?post=26368"}],"version-history":[{"count":4,"href":"https:\/\/vapemaison.com\/de\/wp-json\/wp\/v2\/product\/26368\/revisions"}],"predecessor-version":[{"id":29277,"href":"https:\/\/vapemaison.com\/de\/wp-json\/wp\/v2\/product\/26368\/revisions\/29277"}],"wp:featuredmedia":[{"embeddable":true,"href":"https:\/\/vapemaison.com\/de\/wp-json\/wp\/v2\/media\/26373"}],"wp:attachment":[{"href":"https:\/\/vapemaison.com\/de\/wp-json\/wp\/v2\/media?parent=26368"}],"wp:term":[{"taxonomy":"product_brand","embeddable":true,"href":"https:\/\/vapemaison.com\/de\/wp-json\/wp\/v2\/product_brand?post=26368"},{"taxonomy":"product_cat","embeddable":true,"href":"https:\/\/vapemaison.com\/de\/wp-json\/wp\/v2\/product_cat?post=26368"},{"taxonomy":"product_tag","embeddable":true,"href":"https:\/\/vapemaison.com\/de\/wp-json\/wp\/v2\/product_tag?post=26368"}],"curies":[{"name":"wp","href":"https:\/\/api.w.org\/{rel}","templated":true}]}}