

{"id":26402,"date":"2026-01-28T03:39:58","date_gmt":"2026-01-28T03:39:58","guid":{"rendered":"https:\/\/vapemaison.com\/?post_type=product&#038;p=26402"},"modified":"2026-05-05T03:13:02","modified_gmt":"2026-05-05T03:13:02","slug":"azul-vape-24k-puff-2-niedrigen-nikotin-bulk-kaufen-wiederaufladbare-einweg-vapes-stift-groshandel","status":"publish","type":"product","link":"https:\/\/vapemaison.com\/de\/product\/azul-vape-24k-puff-2-low-nicotine-bulk-buy-rechargeable-disposable-vapes-pen-wholesale\/","title":{"rendered":"Azul vape 24K Puff 2% Low Nikotin Bulk kaufen wiederaufladbare Einweg Vapes Pen Gro\u00dfhandel"},"content":{"rendered":"<p>Entdecken Sie die n\u00e4chste Stufe der Leistung mit dem <strong>Azul Vape 24K Einwegartikel<\/strong>, entwickelt f\u00fcr Dampfer, die <strong>Langlebige Nutzung, starke Geschmacksabgabe und zuverl\u00e4ssige Hardware<\/strong> in einem einzigen Ger\u00e4t. Mit <strong>bis zu 24.000 Z\u00fcge<\/strong>, a <strong>Netzspulensystem<\/strong>, und <strong>Wiederaufladbarer Typ-C-Akku<\/strong>,humo azul 24K ist auf lange Zufriedenheit ausgelegt, ohne die Konsistenz zu beeintr\u00e4chtigen.<\/p>\n\n\n\n<p>Ob Sie ein regelm\u00e4\u00dfiger Nutzer sind oder jemand, der ein Ger\u00e4t mit hoher Kapazit\u00e4t bevorzugt, das lange h\u00e4lt, humo azul liefert Haltbarkeit, Geschmacksintensit\u00e4t und sanften Nikotingenuss bei jedem Zug.<\/p>\n\n\n\n<h3 class=\"wp-block-heading\"><strong>Warum Azul Vape 24K Disposable w\u00e4hlen?<\/strong><\/h3>\n\n\n\n<h4 class=\"wp-block-heading\"><strong>Ultra-hohe Puffkapazit\u00e4t<\/strong><\/h4>\n\n\n\n<p>Die <strong>humo azul 24K<\/strong> Angebote <strong>bis zu <a href=\"https:\/\/vapemaison.com\/product-category\/puffs-count\/24k-puffs\/\" type=\"link\" id=\"https:\/\/vapemaison.com\/product-category\/puffs-count\/24k-puffs\/\">24k Puffs<\/a><\/strong>, und geh\u00f6rt damit zu den Einwegverdampfern mit der h\u00f6chsten Kapazit\u00e4t. Weniger Austauschvorg\u00e4nge, l\u00e4ngere Nutzungszyklen und mehr Komfort f\u00fcr starke oder h\u00e4ufige Nutzer.<\/p>\n\n\n\n<h4 class=\"wp-block-heading\"><strong>Fortschrittliche Mesh-Spulen-Technologie<\/strong><\/h4>\n\n\n\n<p>Ausgestattet mit <strong>Netzspulenheizung<\/strong>,humo azul gew\u00e4hrleistet:<\/p>\n\n\n\n<ul class=\"wp-block-list\">\n<li>Gleichm\u00e4\u00dfige Verdampfung von E-Liquid<\/li>\n\n\n\n<li>Verbesserte Geschmacksklarheit<\/li>\n\n\n\n<li>Sanfte und gleichm\u00e4\u00dfige Dampferzeugung<br>Herk\u00f6mmliche Spulen k\u00f6nnen eine ungleichm\u00e4\u00dfige Erw\u00e4rmung erzeugen - <strong>Die Netzstruktur von Azul Vape<\/strong> h\u00e4lt die Leistung vom ersten bis zum letzten Zug stabil.<\/li>\n<\/ul>\n\n\n\n<h4 class=\"wp-block-heading\"><strong>Wiederaufladbare, langlebige Batterie<\/strong><\/h4>\n\n\n\n<p>Die eingebaute <strong>600mAh-Akku<\/strong> unterst\u00fctzt die gro\u00dfe E-Liquid-Kapazit\u00e4t des Ger\u00e4ts. Die <strong>Typ-C-Ladeanschluss<\/strong> erm\u00f6glicht ein schnelles und bequemes Aufladen, was die Ausfallzeiten reduziert und Ihr Ger\u00e4t einsatzbereit h\u00e4lt.<\/p>\n\n\n\n<h4 class=\"wp-block-heading\"><strong>Smooth 2% Nikotinst\u00e4rke<\/strong><\/h4>\n\n\n\n<p>Formuliert mit <strong>2% Nikotin<\/strong>, Humo Azul bietet einen ausgewogenen Kehlkopfschlag und eine gleichm\u00e4\u00dfige Befriedigung, w\u00e4hrend ein sanftes Inhalationserlebnis erhalten bleibt.<\/p>\n\n\n\n<h2 class=\"wp-block-heading\"><strong>Wesentliche Merkmale<\/strong><\/h2>\n\n\n\n<figure class=\"wp-block-table is-style-stripes\"><table class=\"has-fixed-layout\"><thead><tr><th>Merkmal<\/th><th>Spezifikation<\/th><\/tr><\/thead><tbody><tr><td>Anzahl der Puffs<\/td><td>Bis zu <strong>24.000 Puffs<\/strong><\/td><\/tr><tr><td>Spule Typ<\/td><td><strong>Mesh-Spulen-System<\/strong><\/td><\/tr><tr><td>Batterie<\/td><td><strong>600mAh Wiederaufladbar<\/strong><\/td><\/tr><tr><td>Ladeanschluss<\/td><td><strong>USB Typ-C<\/strong><\/td><\/tr><tr><td>Nikotinst\u00e4rke<\/td><td><strong>2%<\/strong><\/td><\/tr><tr><td>Ger\u00e4tetyp<\/td><td>Einweg (nicht wiederbef\u00fcllbar)<\/td><\/tr><\/tbody><\/table><\/figure>\n\n\n\n<h2 class=\"wp-block-heading\"><strong>Verf\u00fcgbare Azul Vape Aromen<\/strong><\/h2>\n\n\n\n<p>Pfirsich-Eis<br>Blaubeereis<br>Traubeneis<br>Brombeere Drachenfrucht<br>Meloneneis<br>Erdbeere Wassermelone Weintraube<br>Zitrone-Limette<br>Wassermelone Eis<br>Erdbeere Cranberry Kirsche<br>Blaues Razzeis<br>Passionsfrucht Kiwi Guave<\/p>\n\n\n\n<p>Jeder Geschmack ist so konzipiert, dass die Intensit\u00e4t w\u00e4hrend der gesamten Lebensdauer des Ger\u00e4ts erhalten bleibt, dank des <strong>Azul Vape Netzspule System<\/strong>.<\/p>\n\n\n\n<h2 class=\"wp-block-heading\"><strong>Azul Vape 24K FAQs<\/strong><\/h2>\n\n\n\n<p><strong>1. Wie lange h\u00e4lt das Azul Vape 24K?<\/strong><br>Das Ger\u00e4t kann bis zu <strong>24.000 Z\u00fcge<\/strong>. Die tats\u00e4chliche Dauer h\u00e4ngt von der individuellen Nutzungsh\u00e4ufigkeit und der L\u00e4nge des Puffs ab.<\/p>\n\n\n\n<p><strong>2. Aufladezeit?<\/strong><br>Der 600mAh-Akku ben\u00f6tigt normalerweise <strong>35-45 Minuten<\/strong> f\u00fcr eine vollst\u00e4ndige Aufladung \u00fcber Typ-C.<\/p>\n\n\n\n<p><strong>3. Woher wei\u00df ich, wann das Ger\u00e4t fertig ist?<\/strong><br>Nachlassender Geschmack, verringerte Dampfabgabe oder keine Dampfproduktion deuten darauf hin, dass das E-Liquid aufgebraucht ist.<\/p>\n\n\n\n<p><strong>4. Kann Azul Vape nachgef\u00fcllt werden?<\/strong><br>Nein. <strong>Azul Vape 24K<\/strong> ist ein versiegeltes Einwegger\u00e4t und nicht zum Nachf\u00fcllen bestimmt.<\/p>\n\n\n\n<p><strong>5. Geeignet f\u00fcr Anf\u00e4nger?<\/strong><br>Ja. Das durch Ziehen aktivierte System erfordert keine Tasten oder Einstellungen.<\/p>\n\n\n\n<p><strong>6. Versandinformationen<\/strong><br>Bestellungen werden innerhalb von 24 Stunden nach Zahlungsbest\u00e4tigung versandt.<\/p>\n\n\n\n<ul class=\"wp-block-list\">\n<li><strong>Deutschland:<\/strong> 3-5 Arbeitstage<\/li>\n\n\n\n<li><strong>Europa:<\/strong> 5-7 Arbeitstage<\/li>\n\n\n\n<li><strong>Au\u00dferhalb Europas:<\/strong> Versand aus China, ca. 10-15 Arbeitstage<\/li>\n<\/ul>\n\n\n\n<p>Die Lieferzeit kann aufgrund von Zollbestimmungen oder lokaler Logistik variieren.<\/p>\n\n\n\n<h3 class=\"wp-block-heading\"><strong>Entdecken Sie mehr Azul Vape Ger\u00e4te<\/strong><\/h3>\n\n\n\n<p>Durchsuchen Sie unsere gesamte Kollektion von <strong><a href=\"https:\/\/vapemaison.com\/brand\/humo-azul\/\" type=\"link\" id=\"https:\/\/vapemaison.com\/brand\/humo-azul\/\">Azul Vape<\/a><\/strong> und andere Einwegger\u00e4te mit hoher Kapazit\u00e4t, um den perfekten Geschmack und die perfekte Leistung f\u00fcr Ihre Vorlieben zu finden.<\/p>\n\n\n\n<p><\/p>","protected":false},"excerpt":{"rendered":"<p>Erleben Sie die Kraft der <strong data-start=\"317\" data-end=\"345\">Azul Vape 24K Einwegartikel<\/strong> mit bis zu 24.000 Z\u00fcgen, fortschrittlicher Mesh-Coil-Technologie, 600mAh Akku und sanftem 2% Nikotin. Lang anhaltende Leistung, reichhaltiger Geschmack und Typ-C-Schnellladung in einem Ger\u00e4t mit hoher Kapazit\u00e4t.<\/p>","protected":false},"featured_media":26405,"comment_status":"open","ping_status":"closed","template":"","meta":[],"product_brand":[166],"product_cat":[292],"product_tag":[],"class_list":{"0":"post-26402","1":"product","2":"type-product","3":"status-publish","4":"has-post-thumbnail","6":"product_brand-humo-azul","7":"product_cat-24k-puffs","9":"first","10":"instock","11":"sale","12":"shipping-taxable","13":"purchasable","14":"product-type-variable"},"yoast_head":"<!-- This site is optimized with the Yoast SEO plugin v27.4 - https:\/\/yoast.com\/product\/yoast-seo-wordpress\/ -->\n<title>Azul Vape 24K Disposable \u2013 24000 Puffs Rechargeable Vape<\/title>\n<meta name=\"description\" content=\"Azul Vape 24K Disposable \u2013 up to 24,000 puffs, mesh coil, 600mAh battery, Type-C charging, smooth 2% nicotine for long-lasting vaping.\" \/>\n<meta name=\"robots\" content=\"index, follow, max-snippet:-1, max-image-preview:large, max-video-preview:-1\" \/>\n<link rel=\"canonical\" href=\"https:\/\/vapemaison.com\/de\/product\/azul-vape-24k-puff-2-niedrigen-nikotin-bulk-kaufen-wiederaufladbare-einweg-vapes-stift-groshandel\/\" \/>\n<meta property=\"og:locale\" content=\"de_DE\" \/>\n<meta property=\"og:type\" content=\"article\" \/>\n<meta property=\"og:title\" content=\"Azul Vape 24K Disposable \u2013 24000 Puffs Rechargeable Vape\" \/>\n<meta property=\"og:description\" content=\"Azul Vape 24K Disposable \u2013 up to 24,000 puffs, mesh coil, 600mAh battery, Type-C charging, smooth 2% nicotine for long-lasting vaping.\" \/>\n<meta property=\"og:url\" content=\"https:\/\/vapemaison.com\/de\/product\/azul-vape-24k-puff-2-niedrigen-nikotin-bulk-kaufen-wiederaufladbare-einweg-vapes-stift-groshandel\/\" \/>\n<meta property=\"og:site_name\" content=\"VapeMaison\" \/>\n<meta property=\"article:modified_time\" content=\"2026-05-05T03:13:02+00:00\" \/>\n<meta property=\"og:image\" content=\"https:\/\/vapemaison.com\/wp-content\/uploads\/2026\/01\/azul-vape-24000-puffs-vape.webp\" \/>\n\t<meta property=\"og:image:width\" content=\"1444\" \/>\n\t<meta property=\"og:image:height\" content=\"1366\" \/>\n\t<meta property=\"og:image:type\" content=\"image\/webp\" \/>\n<meta name=\"twitter:card\" content=\"summary_large_image\" \/>\n<meta name=\"twitter:label1\" content=\"Gesch\u00e4tzte Lesezeit\" \/>\n\t<meta name=\"twitter:data1\" content=\"3\u00a0Minuten\" \/>\n<!-- \/ Yoast SEO plugin. -->","yoast_head_json":{"title":"Azul Vape 24K Einweg - 24000 Z\u00fcge wiederaufladbare Vape","description":"Azul Vape 24K Disposable - bis zu 24.000 Z\u00fcge, Mesh-Spule, 600mAh Akku, Typ-C Aufladung, glattes 2% Nikotin f\u00fcr langanhaltendes Dampfen.","robots":{"index":"index","follow":"follow","max-snippet":"max-snippet:-1","max-image-preview":"max-image-preview:large","max-video-preview":"max-video-preview:-1"},"canonical":"https:\/\/vapemaison.com\/de\/product\/azul-vape-24k-puff-2-niedrigen-nikotin-bulk-kaufen-wiederaufladbare-einweg-vapes-stift-groshandel\/","og_locale":"de_DE","og_type":"article","og_title":"Azul Vape 24K Disposable \u2013 24000 Puffs Rechargeable Vape","og_description":"Azul Vape 24K Disposable \u2013 up to 24,000 puffs, mesh coil, 600mAh battery, Type-C charging, smooth 2% nicotine for long-lasting vaping.","og_url":"https:\/\/vapemaison.com\/de\/product\/azul-vape-24k-puff-2-niedrigen-nikotin-bulk-kaufen-wiederaufladbare-einweg-vapes-stift-groshandel\/","og_site_name":"VapeMaison","article_modified_time":"2026-05-05T03:13:02+00:00","og_image":[{"width":1444,"height":1366,"url":"https:\/\/vapemaison.com\/wp-content\/uploads\/2026\/01\/azul-vape-24000-puffs-vape.webp","type":"image\/webp"}],"twitter_card":"summary_large_image","twitter_misc":{"Gesch\u00e4tzte Lesezeit":"3\u00a0Minuten"},"schema":{"@context":"https:\/\/schema.org","@graph":[{"@type":"WebPage","@id":"https:\/\/vapemaison.com\/product\/azul-vape-24k-puff-2-low-nicotine-bulk-buy-rechargeable-disposable-vapes-pen-wholesale\/","url":"https:\/\/vapemaison.com\/product\/azul-vape-24k-puff-2-low-nicotine-bulk-buy-rechargeable-disposable-vapes-pen-wholesale\/","name":"Azul Vape 24K Einweg - 24000 Z\u00fcge wiederaufladbare Vape","isPartOf":{"@id":"https:\/\/vapemaison.com\/#website"},"primaryImageOfPage":{"@id":"https:\/\/vapemaison.com\/product\/azul-vape-24k-puff-2-low-nicotine-bulk-buy-rechargeable-disposable-vapes-pen-wholesale\/#primaryimage"},"image":{"@id":"https:\/\/vapemaison.com\/product\/azul-vape-24k-puff-2-low-nicotine-bulk-buy-rechargeable-disposable-vapes-pen-wholesale\/#primaryimage"},"thumbnailUrl":"https:\/\/vapemaison.com\/wp-content\/uploads\/2026\/01\/azul-vape-24000-puffs-vape.webp","datePublished":"2026-01-28T03:39:58+00:00","dateModified":"2026-05-05T03:13:02+00:00","description":"Azul Vape 24K Disposable - bis zu 24.000 Z\u00fcge, Mesh-Spule, 600mAh Akku, Typ-C Aufladung, glattes 2% Nikotin f\u00fcr langanhaltendes Dampfen.","breadcrumb":{"@id":"https:\/\/vapemaison.com\/product\/azul-vape-24k-puff-2-low-nicotine-bulk-buy-rechargeable-disposable-vapes-pen-wholesale\/#breadcrumb"},"inLanguage":"de","potentialAction":[{"@type":"ReadAction","target":["https:\/\/vapemaison.com\/product\/azul-vape-24k-puff-2-low-nicotine-bulk-buy-rechargeable-disposable-vapes-pen-wholesale\/"]}]},{"@type":"ImageObject","inLanguage":"de","@id":"https:\/\/vapemaison.com\/product\/azul-vape-24k-puff-2-low-nicotine-bulk-buy-rechargeable-disposable-vapes-pen-wholesale\/#primaryimage","url":"https:\/\/vapemaison.com\/wp-content\/uploads\/2026\/01\/azul-vape-24000-puffs-vape.webp","contentUrl":"https:\/\/vapemaison.com\/wp-content\/uploads\/2026\/01\/azul-vape-24000-puffs-vape.webp","width":1444,"height":1366,"caption":"Azul Vape Puffs"},{"@type":"BreadcrumbList","@id":"https:\/\/vapemaison.com\/product\/azul-vape-24k-puff-2-low-nicotine-bulk-buy-rechargeable-disposable-vapes-pen-wholesale\/#breadcrumb","itemListElement":[{"@type":"ListItem","position":1,"name":"\u9996\u9875","item":"https:\/\/vapemaison.com\/"},{"@type":"ListItem","position":2,"name":"Shop","item":"https:\/\/vapemaison.com\/shop\/"},{"@type":"ListItem","position":3,"name":"Humo Azul","item":"https:\/\/vapemaison.com\/brand\/humo-azul\/"},{"@type":"ListItem","position":4,"name":"Azul vape 24K Puff 2% Low Nicotine Bulk Buy Rechargeable Disposable Vapes Pen Wholesale"}]},{"@type":"WebSite","@id":"https:\/\/vapemaison.com\/#website","url":"https:\/\/vapemaison.com\/","name":"VapeMaison","description":"Premium Vaping-Ger\u00e4te und Zubeh\u00f6r","publisher":{"@id":"https:\/\/vapemaison.com\/#organization"},"potentialAction":[{"@type":"SearchAction","target":{"@type":"EntryPoint","urlTemplate":"https:\/\/vapemaison.com\/?s={search_term_string}"},"query-input":{"@type":"PropertyValueSpecification","valueRequired":true,"valueName":"search_term_string"}}],"inLanguage":"de"},{"@type":"Organization","@id":"https:\/\/vapemaison.com\/#organization","name":"VapeMaison","url":"https:\/\/vapemaison.com\/","logo":{"@type":"ImageObject","inLanguage":"de","@id":"https:\/\/vapemaison.com\/#\/schema\/logo\/image\/","url":"https:\/\/vapemaison.com\/wp-content\/uploads\/2026\/01\/cropped-vapemaison-logo-g-2026.webp","contentUrl":"https:\/\/vapemaison.com\/wp-content\/uploads\/2026\/01\/cropped-vapemaison-logo-g-2026.webp","width":350,"height":280,"caption":"VapeMaison"},"image":{"@id":"https:\/\/vapemaison.com\/#\/schema\/logo\/image\/"},"sameAs":["https:\/\/www.youtube.com\/@VapeMaison"]}]}},"tiered_pricing_type":"fixed","tiered_pricing_fixed_rules":{"30":"8.48","50":"7.99","100":"7.34","200":"6.78"},"tiered_pricing_product_settings":{"layout":"default","base_unit_name":{"singular":null,"plural":null},"default_variation":null},"tiered_pricing_minimum_quantity":10,"tiered_pricing_roles_data":[],"tiered_pricing_percentage_rules":[],"tiered_pricing_maximum_quantity":null,"tiered_pricing_quantity_step":"10","_links":{"self":[{"href":"https:\/\/vapemaison.com\/de\/wp-json\/wp\/v2\/product\/26402","targetHints":{"allow":["GET"]}}],"collection":[{"href":"https:\/\/vapemaison.com\/de\/wp-json\/wp\/v2\/product"}],"about":[{"href":"https:\/\/vapemaison.com\/de\/wp-json\/wp\/v2\/types\/product"}],"replies":[{"embeddable":true,"href":"https:\/\/vapemaison.com\/de\/wp-json\/wp\/v2\/comments?post=26402"}],"version-history":[{"count":6,"href":"https:\/\/vapemaison.com\/de\/wp-json\/wp\/v2\/product\/26402\/revisions"}],"predecessor-version":[{"id":29403,"href":"https:\/\/vapemaison.com\/de\/wp-json\/wp\/v2\/product\/26402\/revisions\/29403"}],"wp:featuredmedia":[{"embeddable":true,"href":"https:\/\/vapemaison.com\/de\/wp-json\/wp\/v2\/media\/26405"}],"wp:attachment":[{"href":"https:\/\/vapemaison.com\/de\/wp-json\/wp\/v2\/media?parent=26402"}],"wp:term":[{"taxonomy":"product_brand","embeddable":true,"href":"https:\/\/vapemaison.com\/de\/wp-json\/wp\/v2\/product_brand?post=26402"},{"taxonomy":"product_cat","embeddable":true,"href":"https:\/\/vapemaison.com\/de\/wp-json\/wp\/v2\/product_cat?post=26402"},{"taxonomy":"product_tag","embeddable":true,"href":"https:\/\/vapemaison.com\/de\/wp-json\/wp\/v2\/product_tag?post=26402"}],"curies":[{"name":"wp","href":"https:\/\/api.w.org\/{rel}","templated":true}]}}