

{"id":26566,"date":"2026-01-31T05:50:19","date_gmt":"2026-01-31T05:50:19","guid":{"rendered":"https:\/\/vapemaison.com\/?post_type=product&#038;p=26566"},"modified":"2026-04-14T07:28:24","modified_gmt":"2026-04-14T07:28:24","slug":"elf-bar-18000-kiwi-ananas-eis","status":"publish","type":"product","link":"https:\/\/vapemaison.com\/de\/product\/elf-bar-18000-kiwi-pineapple-ice\/","title":{"rendered":"ELF BAR 18000 Kiwi-Ananas-Eis"},"content":{"rendered":"<p>Die <strong>elf bar 18000<\/strong> wurde f\u00fcr Benutzer entwickelt, die Folgendes erwarten <strong>starker Geschmack, stabile Leistung und lange Lebensdauer<\/strong> in einem kompakten Ger\u00e4t. Es bietet einen sanften Zug, gleichm\u00e4\u00dfige Dampfproduktion und ein modernes Design, das sich in der Hand erstklassig anf\u00fchlt. Wenn Sie Komfort w\u00fcnschen, ohne auf Qualit\u00e4t zu verzichten, passt dieses Ger\u00e4t perfekt in diese Rolle.<\/p>\n\n\n\n<h3 class=\"wp-block-heading\"><strong>Kompaktes, hochwertiges Design<\/strong><\/h3>\n\n\n\n<p>Der FS18000 verf\u00fcgt \u00fcber ein <strong>schlankes, ergonomisches Geh\u00e4use (47 \u00d7 24 \u00d7 101 mm)<\/strong> das bequem in der Hand liegt und leicht in eine Tasche passt. Das minimalistische \u00c4u\u00dfere verleiht ihm ein klares, modernes Aussehen, w\u00e4hrend die solide Verarbeitungsqualit\u00e4t ein zuverl\u00e4ssiges, hochwertiges Gef\u00fchl vermittelt.<\/p>\n\n\n\n<h3 class=\"wp-block-heading\"><strong>Sofort einsatzbereit - kein Problem<\/strong><\/h3>\n\n\n\n<p>Das Ger\u00e4t ist auf Einfachheit ausgelegt und funktioniert <strong>direkt aus dem Karton<\/strong>.<\/p>\n\n\n\n<ul class=\"wp-block-list\">\n<li>Kein Nachf\u00fcllen<\/li>\n\n\n\n<li>Keine Spulenwechsel<\/li>\n\n\n\n<li>Keine Wartung<\/li>\n<\/ul>\n\n\n\n<p>Die <strong>zugbet\u00e4tigtes System<\/strong> liefert jedes Mal ein nat\u00fcrliches und m\u00fcheloses Inhalieren. A <strong>seitliches Smart-Display<\/strong> zeigt sowohl <strong>Batteriestand<\/strong> und <strong>E-Liquid-F\u00fcllstand<\/strong>, So wissen Sie immer, wann es an der Zeit ist, die Batterien aufzuladen oder zu ersetzen.<\/p>\n\n\n\n<h3 class=\"wp-block-heading\"><strong>Starker Geschmack &amp; stabile Leistung<\/strong><\/h3>\n\n\n\n<p>Das Herzst\u00fcck des FS18000 ist ein <strong>dreifach vernetztes Spulensystem<\/strong> das gew\u00e4hrleistet:<\/p>\n\n\n\n<ul class=\"wp-block-list\">\n<li>Reicher, voller Geschmack<\/li>\n\n\n\n<li>Gleichm\u00e4\u00dfige Erw\u00e4rmung<\/li>\n\n\n\n<li>Reibungslose Dampferzeugung<\/li>\n<\/ul>\n\n\n\n<p>Mit <strong>22 ml e-Fl\u00fcssigkeit<\/strong> und ein <strong>850 mAh wiederaufladbare Batterie<\/strong>, bietet das Ger\u00e4t <strong>bis zu 18.000 Z\u00fcge<\/strong>. Die Leistung bleibt vom ersten bis zum letzten Zug konstant, ohne verbrannten Geschmack oder Geschmacksverluste.<\/p>\n\n\n\n<h3 class=\"wp-block-heading\"><strong>Warum elf bar 18000 w\u00e4hlen<\/strong><\/h3>\n\n\n\n<p>\u2714 Starke und stabile Geschmacksabgabe<br>\u2714 Lang anhaltende Puffleistung<br>\u2714 Wiederaufladbar f\u00fcr vollen E-Liquid-Verbrauch<br>\u2714 Intelligente Batterie &amp; Fl\u00fcssigkeitsanzeige<br>\u2714 Kompaktes, reisefreundliches Design<br>\u2714 Sanfter Zug ohne Wartung<\/p>\n\n\n\n<p>Es kombiniert die Einfachheit eines Einwegbeh\u00e4lters mit der Leistungsf\u00e4higkeit eines Pod-Systems.<\/p>\n\n\n\n<h3 class=\"wp-block-heading\"><strong>Shop der Elfenbar 18000<\/strong><\/h3>\n\n\n\n<p>W\u00e4hlen Sie Ihre bevorzugte Geschmacksrichtung und erleben Sie ein Ger\u00e4t, das Folgendes bietet <strong>saubere Leistung, zuverl\u00e4ssige Ausgabe und m\u00fchelose Nutzung<\/strong>. Wir liefern <strong>authentische Produkte<\/strong>, schnelle Auftragsabwicklung und zuverl\u00e4ssiger Support sorgen f\u00fcr einen reibungslosen Einkauf.<\/p>\n\n\n\n<p>Genie\u00dfen Sie gleichbleibende Zufriedenheit mit jedem Zug.<\/p>\n\n\n\n<p>Entdecken Sie mehr aus unserer Kollektion, um das perfekte Ger\u00e4t f\u00fcr Ihre Bed\u00fcrfnisse zu finden. Durchst\u00f6bern Sie unser gesamtes Sortiment auf der <strong><a href=\"https:\/\/vapemaison.com\/\" type=\"link\" id=\"https:\/\/vapemaison.com\/\">Homepage<\/a><\/strong>, entdecken Sie \u00e4hnliche Hochleistungsger\u00e4te auf der <strong><a href=\"https:\/\/vapemaison.com\/shop\/\" type=\"link\" id=\"https:\/\/vapemaison.com\/shop\/\">Einweg-Vape-Laden<\/a><\/strong>, oder erfahren Sie mehr \u00fcber die bew\u00e4hrte Qualit\u00e4t der <strong><a href=\"https:\/\/vapemaison.com\/brand\/elfbar\/\" type=\"link\" id=\"https:\/\/vapemaison.com\/brand\/elfbar\/\">Marke Elfbar<\/a><\/strong>.<\/p>\n\n\n\n<p>Wenn Sie verschiedene Nutzungsgrade vergleichen m\u00f6chten, sehen Sie sich unsere <strong><a href=\"https:\/\/vapemaison.com\/product-category\/puffs-count\/18k-puffs\/\" type=\"link\" id=\"https:\/\/vapemaison.com\/product-category\/puffs-count\/30k-puffs\/\">18K Puffs<\/a><\/strong> um Ger\u00e4te zu finden, die Ihrer bevorzugten Kapazit\u00e4t entsprechen - von kompakten Optionen bis hin zu Modellen mit extrem hoher Puffleistung.<\/p>","protected":false},"excerpt":{"rendered":"<p>The elf bar 18000 is built for users who expect strong flavor, stable output, and long-lasting performance in a compact device. It delivers a smooth draw, consistent vapor production, and a modern design that feels premium in hand. If you want convenience without sacrificing quality, this device fits the role perfectly. Compact, Premium Design The [&hellip;]<\/p>\n","protected":false},"featured_media":13955,"comment_status":"open","ping_status":"closed","template":"","meta":[],"product_brand":[177],"product_cat":[175],"product_tag":[],"class_list":{"0":"post-26566","1":"product","2":"type-product","3":"status-publish","4":"has-post-thumbnail","6":"product_brand-elfbar","7":"product_cat-18k-puffs","9":"first","10":"instock","11":"sale","12":"shipping-taxable","13":"purchasable","14":"product-type-variable"},"yoast_head":"<!-- This site is optimized with the Yoast SEO plugin v27.4 - https:\/\/yoast.com\/product\/yoast-seo-wordpress\/ -->\n<title>Elf bar 18000 Disposable Vape \u2013 Smooth Draw<\/title>\n<meta name=\"description\" content=\"Experience the elf bar 18000k th rich flavor, up to 18k puff, and a sleek, portable design. Enjoy smooth, consistent performance with zero maintenance.\" \/>\n<meta name=\"robots\" content=\"index, follow, max-snippet:-1, max-image-preview:large, max-video-preview:-1\" \/>\n<link rel=\"canonical\" href=\"https:\/\/vapemaison.com\/de\/product\/elf-bar-18000-kiwi-ananas-eis\/\" \/>\n<meta property=\"og:locale\" content=\"de_DE\" \/>\n<meta property=\"og:type\" content=\"article\" \/>\n<meta property=\"og:title\" content=\"Elf bar 18000 Disposable Vape \u2013 Smooth Draw\" \/>\n<meta property=\"og:description\" content=\"Experience the elf bar 18000k th rich flavor, up to 18k puff, and a sleek, portable design. Enjoy smooth, consistent performance with zero maintenance.\" \/>\n<meta property=\"og:url\" content=\"https:\/\/vapemaison.com\/de\/product\/elf-bar-18000-kiwi-ananas-eis\/\" \/>\n<meta property=\"og:site_name\" content=\"VapeMaison\" \/>\n<meta property=\"article:modified_time\" content=\"2026-04-14T07:28:24+00:00\" \/>\n<meta property=\"og:image\" content=\"https:\/\/vapemaison.com\/wp-content\/uploads\/2025\/11\/elf-bar-fs18000-kiwi-pineapple-ice-disposable-pod-vape-50mg.webp\" \/>\n\t<meta property=\"og:image:width\" content=\"536\" \/>\n\t<meta property=\"og:image:height\" content=\"536\" \/>\n\t<meta property=\"og:image:type\" content=\"image\/webp\" \/>\n<meta name=\"twitter:card\" content=\"summary_large_image\" \/>\n<meta name=\"twitter:label1\" content=\"Gesch\u00e4tzte Lesezeit\" \/>\n\t<meta name=\"twitter:data1\" content=\"2\u00a0Minuten\" \/>\n<!-- \/ Yoast SEO plugin. -->","yoast_head_json":{"title":"Elf bar 18000 Einweg Vape - Smooth Draw","description":"Erleben Sie die elf bar 18000k th reichen Geschmack, bis zu 18k puff, und ein schlankes, tragbares Design. Genie\u00dfen Sie glatte, konsistente Leistung mit Null Wartung.","robots":{"index":"index","follow":"follow","max-snippet":"max-snippet:-1","max-image-preview":"max-image-preview:large","max-video-preview":"max-video-preview:-1"},"canonical":"https:\/\/vapemaison.com\/de\/product\/elf-bar-18000-kiwi-ananas-eis\/","og_locale":"de_DE","og_type":"article","og_title":"Elf bar 18000 Disposable Vape \u2013 Smooth Draw","og_description":"Experience the elf bar 18000k th rich flavor, up to 18k puff, and a sleek, portable design. Enjoy smooth, consistent performance with zero maintenance.","og_url":"https:\/\/vapemaison.com\/de\/product\/elf-bar-18000-kiwi-ananas-eis\/","og_site_name":"VapeMaison","article_modified_time":"2026-04-14T07:28:24+00:00","og_image":[{"width":536,"height":536,"url":"https:\/\/vapemaison.com\/wp-content\/uploads\/2025\/11\/elf-bar-fs18000-kiwi-pineapple-ice-disposable-pod-vape-50mg.webp","type":"image\/webp"}],"twitter_card":"summary_large_image","twitter_misc":{"Gesch\u00e4tzte Lesezeit":"2\u00a0Minuten"},"schema":{"@context":"https:\/\/schema.org","@graph":[{"@type":"WebPage","@id":"https:\/\/vapemaison.com\/product\/elf-bar-18000-kiwi-pineapple-ice\/","url":"https:\/\/vapemaison.com\/product\/elf-bar-18000-kiwi-pineapple-ice\/","name":"Elf bar 18000 Einweg Vape - Smooth Draw","isPartOf":{"@id":"https:\/\/vapemaison.com\/#website"},"primaryImageOfPage":{"@id":"https:\/\/vapemaison.com\/product\/elf-bar-18000-kiwi-pineapple-ice\/#primaryimage"},"image":{"@id":"https:\/\/vapemaison.com\/product\/elf-bar-18000-kiwi-pineapple-ice\/#primaryimage"},"thumbnailUrl":"https:\/\/vapemaison.com\/wp-content\/uploads\/2025\/11\/elf-bar-fs18000-kiwi-pineapple-ice-disposable-pod-vape-50mg.webp","datePublished":"2026-01-31T05:50:19+00:00","dateModified":"2026-04-14T07:28:24+00:00","description":"Erleben Sie die elf bar 18000k th reichen Geschmack, bis zu 18k puff, und ein schlankes, tragbares Design. Genie\u00dfen Sie glatte, konsistente Leistung mit Null Wartung.","breadcrumb":{"@id":"https:\/\/vapemaison.com\/product\/elf-bar-18000-kiwi-pineapple-ice\/#breadcrumb"},"inLanguage":"de","potentialAction":[{"@type":"ReadAction","target":["https:\/\/vapemaison.com\/product\/elf-bar-18000-kiwi-pineapple-ice\/"]}]},{"@type":"ImageObject","inLanguage":"de","@id":"https:\/\/vapemaison.com\/product\/elf-bar-18000-kiwi-pineapple-ice\/#primaryimage","url":"https:\/\/vapemaison.com\/wp-content\/uploads\/2025\/11\/elf-bar-fs18000-kiwi-pineapple-ice-disposable-pod-vape-50mg.webp","contentUrl":"https:\/\/vapemaison.com\/wp-content\/uploads\/2025\/11\/elf-bar-fs18000-kiwi-pineapple-ice-disposable-pod-vape-50mg.webp","width":536,"height":536,"caption":"Elf Bar Fs Kiwi Pineapple Ice Disposable Vape Pod 50mg"},{"@type":"BreadcrumbList","@id":"https:\/\/vapemaison.com\/product\/elf-bar-18000-kiwi-pineapple-ice\/#breadcrumb","itemListElement":[{"@type":"ListItem","position":1,"name":"\u9996\u9875","item":"https:\/\/vapemaison.com\/"},{"@type":"ListItem","position":2,"name":"Shop","item":"https:\/\/vapemaison.com\/shop\/"},{"@type":"ListItem","position":3,"name":"Elfbar","item":"https:\/\/vapemaison.com\/brand\/elfbar\/"},{"@type":"ListItem","position":4,"name":"ELF BAR 18000 Kiwi Pineapple Ice"}]},{"@type":"WebSite","@id":"https:\/\/vapemaison.com\/#website","url":"https:\/\/vapemaison.com\/","name":"VapeMaison","description":"Premium Vaping-Ger\u00e4te und Zubeh\u00f6r","publisher":{"@id":"https:\/\/vapemaison.com\/#organization"},"potentialAction":[{"@type":"SearchAction","target":{"@type":"EntryPoint","urlTemplate":"https:\/\/vapemaison.com\/?s={search_term_string}"},"query-input":{"@type":"PropertyValueSpecification","valueRequired":true,"valueName":"search_term_string"}}],"inLanguage":"de"},{"@type":"Organization","@id":"https:\/\/vapemaison.com\/#organization","name":"VapeMaison","url":"https:\/\/vapemaison.com\/","logo":{"@type":"ImageObject","inLanguage":"de","@id":"https:\/\/vapemaison.com\/#\/schema\/logo\/image\/","url":"https:\/\/vapemaison.com\/wp-content\/uploads\/2026\/01\/cropped-vapemaison-logo-g-2026.webp","contentUrl":"https:\/\/vapemaison.com\/wp-content\/uploads\/2026\/01\/cropped-vapemaison-logo-g-2026.webp","width":350,"height":280,"caption":"VapeMaison"},"image":{"@id":"https:\/\/vapemaison.com\/#\/schema\/logo\/image\/"},"sameAs":["https:\/\/www.youtube.com\/@VapeMaison"]}]}},"tiered_pricing_type":"fixed","tiered_pricing_fixed_rules":{"30":"15.42","50":"14.12","100":"12.78","200":"11.98"},"tiered_pricing_product_settings":{"layout":"default","base_unit_name":{"singular":null,"plural":null},"default_variation":null},"tiered_pricing_minimum_quantity":10,"tiered_pricing_roles_data":[],"tiered_pricing_percentage_rules":[],"tiered_pricing_maximum_quantity":null,"tiered_pricing_quantity_step":"10","_links":{"self":[{"href":"https:\/\/vapemaison.com\/de\/wp-json\/wp\/v2\/product\/26566","targetHints":{"allow":["GET"]}}],"collection":[{"href":"https:\/\/vapemaison.com\/de\/wp-json\/wp\/v2\/product"}],"about":[{"href":"https:\/\/vapemaison.com\/de\/wp-json\/wp\/v2\/types\/product"}],"replies":[{"embeddable":true,"href":"https:\/\/vapemaison.com\/de\/wp-json\/wp\/v2\/comments?post=26566"}],"version-history":[{"count":2,"href":"https:\/\/vapemaison.com\/de\/wp-json\/wp\/v2\/product\/26566\/revisions"}],"predecessor-version":[{"id":29395,"href":"https:\/\/vapemaison.com\/de\/wp-json\/wp\/v2\/product\/26566\/revisions\/29395"}],"wp:featuredmedia":[{"embeddable":true,"href":"https:\/\/vapemaison.com\/de\/wp-json\/wp\/v2\/media\/13955"}],"wp:attachment":[{"href":"https:\/\/vapemaison.com\/de\/wp-json\/wp\/v2\/media?parent=26566"}],"wp:term":[{"taxonomy":"product_brand","embeddable":true,"href":"https:\/\/vapemaison.com\/de\/wp-json\/wp\/v2\/product_brand?post=26566"},{"taxonomy":"product_cat","embeddable":true,"href":"https:\/\/vapemaison.com\/de\/wp-json\/wp\/v2\/product_cat?post=26566"},{"taxonomy":"product_tag","embeddable":true,"href":"https:\/\/vapemaison.com\/de\/wp-json\/wp\/v2\/product_tag?post=26566"}],"curies":[{"name":"wp","href":"https:\/\/api.w.org\/{rel}","templated":true}]}}