

{"id":26604,"date":"2026-01-31T07:30:36","date_gmt":"2026-01-31T07:30:36","guid":{"rendered":"https:\/\/vapemaison.com\/?post_type=product&#038;p=26604"},"modified":"2026-03-24T07:43:39","modified_gmt":"2026-03-24T07:43:39","slug":"solaris-tequila-don-leon-1942-30000-puffs-wegwerfbares-vape","status":"publish","type":"product","link":"https:\/\/vapemaison.com\/de\/product\/solaris-tequila-don-leon-1942-30000-puffs-disposable-vape\/","title":{"rendered":"Solaris Tequila Don Leon 1942 - 30000 Z\u00fcge Einweg-Vape"},"content":{"rendered":"<p>Die <strong>Solaris Tequila Don Leon 1942<\/strong> Einweg-Dampfger\u00e4t zeichnet sich durch ein Design aus, das von der kultigen Tequila-Flasche von 1942 inspiriert ist. Er verbindet ein unverwechselbares, luxuri\u00f6ses Aussehen mit der praktischen Leistung, die Nutzer von einem Ger\u00e4t mit hoher Kapazit\u00e4t erwarten. Das Ergebnis ist ein Verdampfer, der einzigartig aussieht und gleichzeitig zuverl\u00e4ssig f\u00fcr den t\u00e4glichen Gebrauch ist.<\/p>\n\n\n\n<p>A eingebaut <strong>Batterieanzeige<\/strong> sorgt f\u00fcr zus\u00e4tzlichen Komfort, da Sie den Energiestand auf einen Blick \u00fcberpr\u00fcfen und unerwartete Ausfallzeiten vermeiden k\u00f6nnen.<\/p>\n\n\n\n<h3 class=\"wp-block-heading\"><strong>Konzipiert f\u00fcr lange Nutzung<\/strong><\/h3>\n\n\n\n<p>Dieses Ger\u00e4t wurde f\u00fcr Benutzer entwickelt, die weniger Austauschvorg\u00e4nge und eine l\u00e4ngere Nutzungsdauer bevorzugen.<\/p>\n\n\n\n<ul class=\"wp-block-list\">\n<li><strong>Bis zu 30.000 Z\u00fcge<\/strong><\/li>\n\n\n\n<li><strong>24 mL Fassungsverm\u00f6gen f\u00fcr e-Fl\u00fcssigkeit<\/strong><\/li>\n<\/ul>\n\n\n\n<p>Das gro\u00dfe E-Liquid-Volumen und die effiziente interne Struktur tragen dazu bei, dass die Leistung \u00fcber einen l\u00e4ngeren Zeitraum stabil bleibt, was sie f\u00fcr regelm\u00e4\u00dfige Nutzer geeignet macht.<\/p>\n\n\n\n<h3 class=\"wp-block-heading\"><strong>Sanfter und gleichm\u00e4\u00dfiger Geschmack<\/strong><\/h3>\n\n\n\n<p>Ausgestattet mit einem <strong>1.2\u03a9 Maschenspule<\/strong>, Der Solaris 1942 konzentriert sich auf eine gleichm\u00e4\u00dfige Dampfproduktion und eine klare Geschmacksabgabe. Mesh-Coil-Technologie hilft erhitzen die e-Fl\u00fcssigkeit gleichm\u00e4\u00dfig, zu unterst\u00fctzen:<\/p>\n\n\n\n<ul class=\"wp-block-list\">\n<li>Glattere Zeichnungen<\/li>\n\n\n\n<li>Besserer Geschmack<\/li>\n\n\n\n<li>Zuverl\u00e4ssige Leistung w\u00e4hrend des gesamten Einsatzes<\/li>\n<\/ul>\n\n\n\n<h3 class=\"wp-block-heading\"><strong>Wiederaufladbar f\u00fcr volle Auslastung<\/strong><\/h3>\n\n\n\n<p>Das Ger\u00e4t enth\u00e4lt eine <strong>650 mAh wiederaufladbare Batterie<\/strong> mit <strong>Typ-C-Laden<\/strong>, Dadurch k\u00f6nnen Sie bei Bedarf aufladen, anstatt das Ger\u00e4t vorzeitig zu entsorgen. Dies tr\u00e4gt dazu bei, dass das E-Liquid effizient genutzt wird und der t\u00e4gliche Betrieb einfach bleibt.<\/p>\n\n\n\n<p><strong>Nikotinst\u00e4rke:<\/strong> 2%<br>Bietet einen ausgewogenen Kehlkopfschlag f\u00fcr Nutzer, die einen moderaten Nikotingehalt bevorzugen.<\/p>\n\n\n\n<h3 class=\"wp-block-heading\"><strong>Wesentliche Merkmale<\/strong><\/h3>\n\n\n\n<figure class=\"wp-block-table is-style-stripes\"><table class=\"has-fixed-layout\"><thead><tr><th><strong>Spezifikation<\/strong><\/th><th><strong>Einzelheiten<\/strong><\/th><\/tr><\/thead><tbody><tr><td><strong>Produktname<\/strong><\/td><td>Solaris Tequila Don Leon 1942 Einweg-Vape<\/td><\/tr><tr><td><strong>Puff-Kapazit\u00e4t<\/strong><\/td><td>Bis zu <a href=\"https:\/\/vapemaison.com\/product-category\/puffs-count\/30k-puffs\/\">30000 Z\u00fcge<\/a><\/td><\/tr><tr><td><strong>Nikotinst\u00e4rke<\/strong><\/td><td>2%<\/td><\/tr><tr><td><strong>E-Liquid Kapazit\u00e4t<\/strong><\/td><td>24 mL<\/td><\/tr><tr><td><strong>Spule Typ<\/strong><\/td><td>1.2\u03a9 Masche Spule<\/td><\/tr><tr><td><strong>Batteriekapazit\u00e4t<\/strong><\/td><td>650 mAh Wiederaufladbar<\/td><\/tr><tr><td><strong>Ladeanschluss<\/strong><\/td><td>Typ-C<\/td><\/tr><tr><td><strong>Anzeige<\/strong><\/td><td>Anzeige des Batteriestands<\/td><\/tr><tr><td><strong>Design-Stil<\/strong><\/td><td>1942 Tequila-Flaschen inspiriertes Design<\/td><\/tr><tr><td><strong>Verwendungsart<\/strong><\/td><td>Einweg (wiederaufladbar)<\/td><\/tr><tr><td><strong>Verpackung<\/strong><\/td><td>10 St\u00fcck pro Karton<\/td><\/tr><\/tbody><\/table><\/figure>\n\n\n\n<h3 class=\"wp-block-heading\"><strong>Verf\u00fcgbare Geschmacksrichtungen<\/strong><\/h3>\n\n\n\n<ul class=\"wp-block-list\">\n<li>Wassermelone Eis<\/li>\n\n\n\n<li>Erdbeer-Kiwi<\/li>\n\n\n\n<li>Saftiger Pfirsich<\/li>\n\n\n\n<li>Erdbeere Wassermelone<\/li>\n\n\n\n<li>Roter Pfirsich Champagner<\/li>\n\n\n\n<li>Blauer Razzia<\/li>\n\n\n\n<li>Blaubeereis<\/li>\n\n\n\n<li>Gemischte Beeren<\/li>\n\n\n\n<li>Passionsfrucht Mango<\/li>\n\n\n\n<li>Kirsche Drachenfrucht<\/li>\n<\/ul>\n\n\n\n<p>Jede Geschmacksrichtung ist so formuliert, dass sie ein klares und angenehmes Geschmacksprofil bietet, so dass die Benutzer je nach ihrer Vorliebe f\u00fcr Frucht-, Eis- oder gemischte Noten w\u00e4hlen k\u00f6nnen.<\/p>\n\n\n\n<h3 class=\"wp-block-heading\"><strong>F\u00fcr wen dieses Ger\u00e4t geeignet ist<\/strong><\/h3>\n\n\n\n<p>Der Solaris Tequila Don Leon 1942 ist f\u00fcr alle geeignet, die es w\u00fcnschen:<\/p>\n\n\n\n<ul class=\"wp-block-list\">\n<li>Ein visuell auff\u00e4lliges Ger\u00e4t<\/li>\n\n\n\n<li>Hohe Puffleistung<\/li>\n\n\n\n<li>Wiederaufladbarer Komfort<\/li>\n\n\n\n<li>Stabile, allt\u00e4gliche Leistung<\/li>\n<\/ul>\n\n\n\n<p>Es eignet sich auch gut f\u00fcr Einzel- und Gro\u00dfh\u00e4ndler, die ein Produkt suchen, das eine hohe Attraktivit\u00e4t im Regal mit praktischen Eigenschaften verbindet.<\/p>\n\n\n\n<p>\u00c4hnliche Produkte anzeigen, <a href=\"https:\/\/vapemaison.com\/product\/solaris-champagne-30k-puffs-rechargeable-disposable-vape\/\">Champagner 30k<\/a><\/p>\n\n\n\n<p><\/p>","protected":false},"excerpt":{"rendered":"<p>Gebaut f\u00fcr den l\u00e4ngeren Gebrauch mit einer hohen Puffkapazit\u00e4t, so dass Sie mehr Sitzungen, bevor Sie einen Ersatz ben\u00f6tigen. Glatte Mesh-Spule Geschmack und ein auff\u00e4lliges Design machen es sowohl praktisch und Blickfang.<\/p>","protected":false},"featured_media":26610,"comment_status":"open","ping_status":"closed","template":"","meta":[],"product_brand":[],"product_cat":[16],"product_tag":[],"class_list":{"0":"post-26604","1":"product","2":"type-product","3":"status-publish","4":"has-post-thumbnail","6":"product_cat-uncategorized","8":"first","9":"instock","10":"sale","11":"shipping-taxable","12":"purchasable","13":"product-type-variable"},"yoast_head":"<!-- This site is optimized with the Yoast SEO plugin v27.4 - https:\/\/yoast.com\/product\/yoast-seo-wordpress\/ -->\n<title>Solaris Tequila Don Leon 1942 30K Disposable Vape \u2013 30000 Puff<\/title>\n<meta name=\"description\" content=\"Solaris Tequila Don Leon 1942 disposable vape with up to 30,000 puffs, 24mL e-liquid, mesh coil, rechargeable battery, and unique bottle design.\" \/>\n<meta name=\"robots\" content=\"index, follow, max-snippet:-1, max-image-preview:large, max-video-preview:-1\" \/>\n<link rel=\"canonical\" href=\"https:\/\/vapemaison.com\/de\/product\/solaris-tequila-don-leon-1942-30000-puffs-wegwerfbares-vape\/\" \/>\n<meta property=\"og:locale\" content=\"de_DE\" \/>\n<meta property=\"og:type\" content=\"article\" \/>\n<meta property=\"og:title\" content=\"Solaris Tequila Don Leon 1942 30K Disposable Vape \u2013 30000 Puff\" \/>\n<meta property=\"og:description\" content=\"Solaris Tequila Don Leon 1942 disposable vape with up to 30,000 puffs, 24mL e-liquid, mesh coil, rechargeable battery, and unique bottle design.\" \/>\n<meta property=\"og:url\" content=\"https:\/\/vapemaison.com\/de\/product\/solaris-tequila-don-leon-1942-30000-puffs-wegwerfbares-vape\/\" \/>\n<meta property=\"og:site_name\" content=\"VapeMaison\" \/>\n<meta property=\"article:modified_time\" content=\"2026-03-24T07:43:39+00:00\" \/>\n<meta property=\"og:image\" content=\"https:\/\/vapemaison.com\/wp-content\/uploads\/2026\/01\/solaris-tequila-don-leon-1942-30000-30k-puffs-main-image.jpg.webp\" \/>\n\t<meta property=\"og:image:width\" content=\"2048\" \/>\n\t<meta property=\"og:image:height\" content=\"2048\" \/>\n\t<meta property=\"og:image:type\" content=\"image\/webp\" \/>\n<meta name=\"twitter:card\" content=\"summary_large_image\" \/>\n<meta name=\"twitter:label1\" content=\"Gesch\u00e4tzte Lesezeit\" \/>\n\t<meta name=\"twitter:data1\" content=\"2\u00a0Minuten\" \/>\n<!-- \/ Yoast SEO plugin. -->","yoast_head_json":{"title":"Solaris Tequila Don Leon 1942 30K Einweg Vape - 30000 Puff","description":"Solaris Tequila Don Leon 1942 Einwegdampfer mit bis zu 30.000 Z\u00fcgen, 24mL E-Liquid, Netzspule, wiederaufladbarem Akku und einzigartigem Flaschendesign.","robots":{"index":"index","follow":"follow","max-snippet":"max-snippet:-1","max-image-preview":"max-image-preview:large","max-video-preview":"max-video-preview:-1"},"canonical":"https:\/\/vapemaison.com\/de\/product\/solaris-tequila-don-leon-1942-30000-puffs-wegwerfbares-vape\/","og_locale":"de_DE","og_type":"article","og_title":"Solaris Tequila Don Leon 1942 30K Disposable Vape \u2013 30000 Puff","og_description":"Solaris Tequila Don Leon 1942 disposable vape with up to 30,000 puffs, 24mL e-liquid, mesh coil, rechargeable battery, and unique bottle design.","og_url":"https:\/\/vapemaison.com\/de\/product\/solaris-tequila-don-leon-1942-30000-puffs-wegwerfbares-vape\/","og_site_name":"VapeMaison","article_modified_time":"2026-03-24T07:43:39+00:00","og_image":[{"width":2048,"height":2048,"url":"https:\/\/vapemaison.com\/wp-content\/uploads\/2026\/01\/solaris-tequila-don-leon-1942-30000-30k-puffs-main-image.jpg.webp","type":"image\/webp"}],"twitter_card":"summary_large_image","twitter_misc":{"Gesch\u00e4tzte Lesezeit":"2\u00a0Minuten"},"schema":{"@context":"https:\/\/schema.org","@graph":[{"@type":"WebPage","@id":"https:\/\/vapemaison.com\/product\/solaris-tequila-don-leon-1942-30000-puffs-disposable-vape\/","url":"https:\/\/vapemaison.com\/product\/solaris-tequila-don-leon-1942-30000-puffs-disposable-vape\/","name":"Solaris Tequila Don Leon 1942 30K Einweg Vape - 30000 Puff","isPartOf":{"@id":"https:\/\/vapemaison.com\/#website"},"primaryImageOfPage":{"@id":"https:\/\/vapemaison.com\/product\/solaris-tequila-don-leon-1942-30000-puffs-disposable-vape\/#primaryimage"},"image":{"@id":"https:\/\/vapemaison.com\/product\/solaris-tequila-don-leon-1942-30000-puffs-disposable-vape\/#primaryimage"},"thumbnailUrl":"https:\/\/vapemaison.com\/wp-content\/uploads\/2026\/01\/solaris-tequila-don-leon-1942-30000-30k-puffs-main-image.jpg.webp","datePublished":"2026-01-31T07:30:36+00:00","dateModified":"2026-03-24T07:43:39+00:00","description":"Solaris Tequila Don Leon 1942 Einwegdampfer mit bis zu 30.000 Z\u00fcgen, 24mL E-Liquid, Netzspule, wiederaufladbarem Akku und einzigartigem Flaschendesign.","breadcrumb":{"@id":"https:\/\/vapemaison.com\/product\/solaris-tequila-don-leon-1942-30000-puffs-disposable-vape\/#breadcrumb"},"inLanguage":"de","potentialAction":[{"@type":"ReadAction","target":["https:\/\/vapemaison.com\/product\/solaris-tequila-don-leon-1942-30000-puffs-disposable-vape\/"]}]},{"@type":"ImageObject","inLanguage":"de","@id":"https:\/\/vapemaison.com\/product\/solaris-tequila-don-leon-1942-30000-puffs-disposable-vape\/#primaryimage","url":"https:\/\/vapemaison.com\/wp-content\/uploads\/2026\/01\/solaris-tequila-don-leon-1942-30000-30k-puffs-main-image.jpg.webp","contentUrl":"https:\/\/vapemaison.com\/wp-content\/uploads\/2026\/01\/solaris-tequila-don-leon-1942-30000-30k-puffs-main-image.jpg.webp","width":2048,"height":2048,"caption":"Solaris Tequila Don Leon 30k Puffs Main Image.jpg Disposable Vape Device"},{"@type":"BreadcrumbList","@id":"https:\/\/vapemaison.com\/product\/solaris-tequila-don-leon-1942-30000-puffs-disposable-vape\/#breadcrumb","itemListElement":[{"@type":"ListItem","position":1,"name":"\u9996\u9875","item":"https:\/\/vapemaison.com\/"},{"@type":"ListItem","position":2,"name":"Shop","item":"https:\/\/vapemaison.com\/shop\/"},{"@type":"ListItem","position":3,"name":"Solaris Tequila Don Leon 1942 \u2013 30000 Puffs Disposable Vape"}]},{"@type":"WebSite","@id":"https:\/\/vapemaison.com\/#website","url":"https:\/\/vapemaison.com\/","name":"VapeMaison","description":"Premium Vaping-Ger\u00e4te und Zubeh\u00f6r","publisher":{"@id":"https:\/\/vapemaison.com\/#organization"},"potentialAction":[{"@type":"SearchAction","target":{"@type":"EntryPoint","urlTemplate":"https:\/\/vapemaison.com\/?s={search_term_string}"},"query-input":{"@type":"PropertyValueSpecification","valueRequired":true,"valueName":"search_term_string"}}],"inLanguage":"de"},{"@type":"Organization","@id":"https:\/\/vapemaison.com\/#organization","name":"VapeMaison","url":"https:\/\/vapemaison.com\/","logo":{"@type":"ImageObject","inLanguage":"de","@id":"https:\/\/vapemaison.com\/#\/schema\/logo\/image\/","url":"https:\/\/vapemaison.com\/wp-content\/uploads\/2026\/01\/cropped-vapemaison-logo-g-2026.webp","contentUrl":"https:\/\/vapemaison.com\/wp-content\/uploads\/2026\/01\/cropped-vapemaison-logo-g-2026.webp","width":350,"height":280,"caption":"VapeMaison"},"image":{"@id":"https:\/\/vapemaison.com\/#\/schema\/logo\/image\/"},"sameAs":["https:\/\/www.youtube.com\/@VapeMaison"]}]}},"tiered_pricing_type":"fixed","tiered_pricing_fixed_rules":{"30":"9.63","50":"9.12","100":"8.84","200":"8.26"},"tiered_pricing_product_settings":{"layout":"default","base_unit_name":{"singular":null,"plural":null},"default_variation":null},"tiered_pricing_minimum_quantity":10,"tiered_pricing_roles_data":[],"tiered_pricing_percentage_rules":[],"tiered_pricing_maximum_quantity":null,"tiered_pricing_quantity_step":"10","_links":{"self":[{"href":"https:\/\/vapemaison.com\/de\/wp-json\/wp\/v2\/product\/26604","targetHints":{"allow":["GET"]}}],"collection":[{"href":"https:\/\/vapemaison.com\/de\/wp-json\/wp\/v2\/product"}],"about":[{"href":"https:\/\/vapemaison.com\/de\/wp-json\/wp\/v2\/types\/product"}],"replies":[{"embeddable":true,"href":"https:\/\/vapemaison.com\/de\/wp-json\/wp\/v2\/comments?post=26604"}],"version-history":[{"count":4,"href":"https:\/\/vapemaison.com\/de\/wp-json\/wp\/v2\/product\/26604\/revisions"}],"predecessor-version":[{"id":28411,"href":"https:\/\/vapemaison.com\/de\/wp-json\/wp\/v2\/product\/26604\/revisions\/28411"}],"wp:featuredmedia":[{"embeddable":true,"href":"https:\/\/vapemaison.com\/de\/wp-json\/wp\/v2\/media\/26610"}],"wp:attachment":[{"href":"https:\/\/vapemaison.com\/de\/wp-json\/wp\/v2\/media?parent=26604"}],"wp:term":[{"taxonomy":"product_brand","embeddable":true,"href":"https:\/\/vapemaison.com\/de\/wp-json\/wp\/v2\/product_brand?post=26604"},{"taxonomy":"product_cat","embeddable":true,"href":"https:\/\/vapemaison.com\/de\/wp-json\/wp\/v2\/product_cat?post=26604"},{"taxonomy":"product_tag","embeddable":true,"href":"https:\/\/vapemaison.com\/de\/wp-json\/wp\/v2\/product_tag?post=26604"}],"curies":[{"name":"wp","href":"https:\/\/api.w.org\/{rel}","templated":true}]}}