

{"id":26824,"date":"2026-02-02T10:47:43","date_gmt":"2026-02-02T10:47:43","guid":{"rendered":"https:\/\/vapemaison.com\/?post_type=product&#038;p=26824"},"modified":"2026-03-20T07:22:31","modified_gmt":"2026-03-20T07:22:31","slug":"zooy-king-triple-80k-3-in-1-wegwerfbare-vape-eu-warehouse","status":"publish","type":"product","link":"https:\/\/vapemaison.com\/de\/product\/zooy-king-triple-80k-3-in-1-disposable-vape-eu-warehouse\/","title":{"rendered":"ZOOY King Triple 80K 3-in-1 Einweg Vape - EU Warehouse"},"content":{"rendered":"<p>Die <strong>ZOOY King Dreifach 80K<\/strong> ist ein Einwegdampfer mit hoher Kapazit\u00e4t, der f\u00fcr lang anhaltenden Genuss konzipiert wurde. Mit einer massiven <strong><a href=\"https:\/\/vapemaison.com\/product-category\/puffs-count\/80k-puffs\/\">80k Puffs<\/a><\/strong> pro Ger\u00e4t und eine <strong>Dreifach-Aroma-System<\/strong>, k\u00f6nnen die Benutzer zwischen drei Geschmacksrichtungen wechseln, ohne das Ger\u00e4t zu wechseln. Ausgestattet mit einem <strong>0,8\u03a9 Dreifach-Mesh-Spule<\/strong>, <strong>850mAh wiederaufladbare Batterie<\/strong>, <strong>Typ-C-Laden<\/strong>, und eine <strong>LED-Anzeige<\/strong>, bietet dieses Ger\u00e4t sanfte, gleichm\u00e4\u00dfige Z\u00fcge, reichhaltigen Dampf und bequemen t\u00e4glichen Gebrauch. Ideal f\u00fcr Gro\u00dfh\u00e4ndler und Einzelverdampfer, die Ausdauer, Geschmacksvielfalt und Zuverl\u00e4ssigkeit suchen.<\/p>\n\n\n\n<h2 class=\"wp-block-heading\">Produktspezifikationen<\/h2>\n\n\n\n<figure class=\"wp-block-table is-style-stripes\"><table class=\"has-fixed-layout\"><thead><tr><th>Parameter<\/th><th>Einzelheiten<\/th><\/tr><\/thead><tbody><tr><td>Marke<\/td><td><a href=\"https:\/\/vapemaison.com\/brand\/zooy\/\">ZOOY Vape<\/a><\/td><\/tr><tr><td>Produktname<\/td><td>ZOOY King Dreifach 80K<\/td><\/tr><tr><td>Ger\u00e4tetyp<\/td><td>Einweg-Vape (wiederaufladbar)<\/td><\/tr><tr><td>Puff-Kapazit\u00e4t<\/td><td>Bis zu 80.000 Z\u00fcge<\/td><\/tr><tr><td>Vaping-Stil<\/td><td>MTL \/ DTL<\/td><\/tr><tr><td>Nikotinst\u00e4rke<\/td><td>2% \/ 5% (Nikotinsalz)<\/td><\/tr><tr><td>Geschmacksrichtungen<\/td><td>3-in-1 umschaltbare Geschmacksrichtungen<\/td><\/tr><tr><td>Batteriekapazit\u00e4t<\/td><td>850mAh<\/td><\/tr><tr><td>Ladeanschluss<\/td><td>USB Typ-C<\/td><\/tr><tr><td>Spule Typ<\/td><td>0,8\u03a9 Dreifach-Mesh-Spule<\/td><\/tr><tr><td>Anzeige<\/td><td>LED-Bildschirm (Batterie- und Fl\u00fcssigkeitsstand)<\/td><\/tr><tr><td>LED-Licht<\/td><td>3-Farben-LGB-Licht<\/td><\/tr><tr><td>Abmessungen<\/td><td>45 \u00d7 50 \u00d7 120 mm<\/td><\/tr><tr><td>Gewicht<\/td><td>165 g pro Ger\u00e4t<\/td><\/tr><tr><td>Verpackung<\/td><td>10 St\u00fcck \/ Schachtel<\/td><\/tr><tr><td>Karton Menge<\/td><td>200 St\u00fcck\/Karton<\/td><\/tr><tr><td>OEM-Dienst<\/td><td>Unterst\u00fctzt<\/td><\/tr><\/tbody><\/table><\/figure>\n\n\n\n<h2 class=\"wp-block-heading\">Geschmacksoptionen (3-in-1-Sets)<\/h2>\n\n\n\n<ol class=\"wp-block-list\">\n<li>Wassermelone Eis &amp; Kirsche Cola &amp; Erdbeere Kiwi<\/li>\n\n\n\n<li>Zitrone-Limette-Erdbeere-Wassermelone-Blaubeere-Eis<\/li>\n\n\n\n<li>Erdbeere Banane &amp; Himbeere Wassermelone &amp; Zitrone Limette<\/li>\n\n\n\n<li>Erdbeer-Kiwi &amp; Liebe 66 &amp; Red Bull<\/li>\n\n\n\n<li>Tropische Fr\u00fcchte &amp; Erdbeere Wassermelone &amp; Erdbeer-Mango<\/li>\n\n\n\n<li>Erdbeere-Himbeere &amp; Kirsche-Beere &amp; Traube-Minze<\/li>\n\n\n\n<li>Wassermeloneneis &amp; Erdbeereis &amp; Dreifach-Melone<\/li>\n\n\n\n<li>Kiwi Passionsfrucht &amp; Erdbeere Banane &amp; Blue Razz<\/li>\n\n\n\n<li>Gemischte Beeren &amp; Ananas Mango Pfirsich &amp; Bananeneis<\/li>\n\n\n\n<li>Blaubeere-Himbeere-Sauer &amp; Doppelter Apfel &amp; Erdbeere-Himbeere-Kirsche<\/li>\n<\/ol>\n\n\n\n<p><\/p>","protected":false},"excerpt":{"rendered":"<p>The ZOOY King Triple 80K is a high-capacity disposable vape designed for long-lasting enjoyment. With a massive 80k puffs per device and a triple-flavor system, users can switch between three flavors without changing devices. Equipped with a 0.8\u03a9 triple mesh coil, 850mAh rechargeable battery, Type-C charging, and a LED display, this device offers smooth, consistent [&hellip;]<\/p>\n","protected":false},"featured_media":26826,"comment_status":"open","ping_status":"closed","template":"","meta":[],"product_brand":[170],"product_cat":[149],"product_tag":[],"class_list":{"0":"post-26824","1":"product","2":"type-product","3":"status-publish","4":"has-post-thumbnail","6":"product_brand-zooy","7":"product_cat-80k-puffs","9":"first","10":"instock","11":"sale","12":"shipping-taxable","13":"purchasable","14":"product-type-variable"},"yoast_head":"<!-- This site is optimized with the Yoast SEO plugin v27.4 - https:\/\/yoast.com\/product\/yoast-seo-wordpress\/ -->\n<title>ZOOY King Triple 80K 3-in-1 Disposable Vape \u2013 Triple Flavors<\/title>\n<meta name=\"description\" content=\"Enjoy long-lasting vaping with the ZOOY King Triple 80K disposable vape, and 2% or 5% nicotine salt options. Perfect for flavor variety and extended use.\" \/>\n<meta name=\"robots\" content=\"index, follow, max-snippet:-1, max-image-preview:large, max-video-preview:-1\" \/>\n<link rel=\"canonical\" href=\"https:\/\/vapemaison.com\/de\/product\/zooy-king-triple-80k-3-in-1-wegwerfbare-vape-eu-warehouse\/\" \/>\n<meta property=\"og:locale\" content=\"de_DE\" \/>\n<meta property=\"og:type\" content=\"article\" \/>\n<meta property=\"og:title\" content=\"ZOOY King Triple 80K 3-in-1 Disposable Vape \u2013 Triple Flavors\" \/>\n<meta property=\"og:description\" content=\"Enjoy long-lasting vaping with the ZOOY King Triple 80K disposable vape, and 2% or 5% nicotine salt options. Perfect for flavor variety and extended use.\" \/>\n<meta property=\"og:url\" content=\"https:\/\/vapemaison.com\/de\/product\/zooy-king-triple-80k-3-in-1-wegwerfbare-vape-eu-warehouse\/\" \/>\n<meta property=\"og:site_name\" content=\"VapeMaison\" \/>\n<meta property=\"article:modified_time\" content=\"2026-03-20T07:22:31+00:00\" \/>\n<meta property=\"og:image\" content=\"https:\/\/vapemaison.com\/wp-content\/uploads\/2026\/02\/zooy-king-triple-80000-puffs-3.webp\" \/>\n\t<meta property=\"og:image:width\" content=\"808\" \/>\n\t<meta property=\"og:image:height\" content=\"808\" \/>\n\t<meta property=\"og:image:type\" content=\"image\/webp\" \/>\n<meta name=\"twitter:card\" content=\"summary_large_image\" \/>\n<meta name=\"twitter:label1\" content=\"Gesch\u00e4tzte Lesezeit\" \/>\n\t<meta name=\"twitter:data1\" content=\"2\u00a0Minuten\" \/>\n<!-- \/ Yoast SEO plugin. -->","yoast_head_json":{"title":"ZOOY King Triple 80K 3-in-1 Einweg Vape - Dreifach-Aromen","description":"Genie\u00dfen Sie langanhaltendes Dampfen mit dem ZOOY King Triple 80K Einwegdampfer und den Nikotinsalzoptionen 2% oder 5%. Perfekt f\u00fcr Geschmacksvielfalt und l\u00e4ngeren Gebrauch.","robots":{"index":"index","follow":"follow","max-snippet":"max-snippet:-1","max-image-preview":"max-image-preview:large","max-video-preview":"max-video-preview:-1"},"canonical":"https:\/\/vapemaison.com\/de\/product\/zooy-king-triple-80k-3-in-1-wegwerfbare-vape-eu-warehouse\/","og_locale":"de_DE","og_type":"article","og_title":"ZOOY King Triple 80K 3-in-1 Disposable Vape \u2013 Triple Flavors","og_description":"Enjoy long-lasting vaping with the ZOOY King Triple 80K disposable vape, and 2% or 5% nicotine salt options. Perfect for flavor variety and extended use.","og_url":"https:\/\/vapemaison.com\/de\/product\/zooy-king-triple-80k-3-in-1-wegwerfbare-vape-eu-warehouse\/","og_site_name":"VapeMaison","article_modified_time":"2026-03-20T07:22:31+00:00","og_image":[{"width":808,"height":808,"url":"https:\/\/vapemaison.com\/wp-content\/uploads\/2026\/02\/zooy-king-triple-80000-puffs-3.webp","type":"image\/webp"}],"twitter_card":"summary_large_image","twitter_misc":{"Gesch\u00e4tzte Lesezeit":"2\u00a0Minuten"},"schema":{"@context":"https:\/\/schema.org","@graph":[{"@type":"WebPage","@id":"https:\/\/vapemaison.com\/product\/zooy-king-triple-80k-3-in-1-disposable-vape-eu-warehouse\/","url":"https:\/\/vapemaison.com\/product\/zooy-king-triple-80k-3-in-1-disposable-vape-eu-warehouse\/","name":"ZOOY King Triple 80K 3-in-1 Einweg Vape - Dreifach-Aromen","isPartOf":{"@id":"https:\/\/vapemaison.com\/#website"},"primaryImageOfPage":{"@id":"https:\/\/vapemaison.com\/product\/zooy-king-triple-80k-3-in-1-disposable-vape-eu-warehouse\/#primaryimage"},"image":{"@id":"https:\/\/vapemaison.com\/product\/zooy-king-triple-80k-3-in-1-disposable-vape-eu-warehouse\/#primaryimage"},"thumbnailUrl":"https:\/\/vapemaison.com\/wp-content\/uploads\/2026\/02\/zooy-king-triple-80000-puffs-3.webp","datePublished":"2026-02-02T10:47:43+00:00","dateModified":"2026-03-20T07:22:31+00:00","description":"Genie\u00dfen Sie langanhaltendes Dampfen mit dem ZOOY King Triple 80K Einwegdampfer und den Nikotinsalzoptionen 2% oder 5%. Perfekt f\u00fcr Geschmacksvielfalt und l\u00e4ngeren Gebrauch.","breadcrumb":{"@id":"https:\/\/vapemaison.com\/product\/zooy-king-triple-80k-3-in-1-disposable-vape-eu-warehouse\/#breadcrumb"},"inLanguage":"de","potentialAction":[{"@type":"ReadAction","target":["https:\/\/vapemaison.com\/product\/zooy-king-triple-80k-3-in-1-disposable-vape-eu-warehouse\/"]}]},{"@type":"ImageObject","inLanguage":"de","@id":"https:\/\/vapemaison.com\/product\/zooy-king-triple-80k-3-in-1-disposable-vape-eu-warehouse\/#primaryimage","url":"https:\/\/vapemaison.com\/wp-content\/uploads\/2026\/02\/zooy-king-triple-80000-puffs-3.webp","contentUrl":"https:\/\/vapemaison.com\/wp-content\/uploads\/2026\/02\/zooy-king-triple-80000-puffs-3.webp","width":808,"height":808,"caption":"zooy-king-triple-80000-puffs-3"},{"@type":"BreadcrumbList","@id":"https:\/\/vapemaison.com\/product\/zooy-king-triple-80k-3-in-1-disposable-vape-eu-warehouse\/#breadcrumb","itemListElement":[{"@type":"ListItem","position":1,"name":"\u9996\u9875","item":"https:\/\/vapemaison.com\/"},{"@type":"ListItem","position":2,"name":"Shop","item":"https:\/\/vapemaison.com\/shop\/"},{"@type":"ListItem","position":3,"name":"Zooy","item":"https:\/\/vapemaison.com\/brand\/zooy\/"},{"@type":"ListItem","position":4,"name":"ZOOY King Triple 80K 3-in-1 Disposable Vape \u2013 EU Warehouse"}]},{"@type":"WebSite","@id":"https:\/\/vapemaison.com\/#website","url":"https:\/\/vapemaison.com\/","name":"VapeMaison","description":"Premium Vaping-Ger\u00e4te und Zubeh\u00f6r","publisher":{"@id":"https:\/\/vapemaison.com\/#organization"},"potentialAction":[{"@type":"SearchAction","target":{"@type":"EntryPoint","urlTemplate":"https:\/\/vapemaison.com\/?s={search_term_string}"},"query-input":{"@type":"PropertyValueSpecification","valueRequired":true,"valueName":"search_term_string"}}],"inLanguage":"de"},{"@type":"Organization","@id":"https:\/\/vapemaison.com\/#organization","name":"VapeMaison","url":"https:\/\/vapemaison.com\/","logo":{"@type":"ImageObject","inLanguage":"de","@id":"https:\/\/vapemaison.com\/#\/schema\/logo\/image\/","url":"https:\/\/vapemaison.com\/wp-content\/uploads\/2026\/01\/cropped-vapemaison-logo-g-2026.webp","contentUrl":"https:\/\/vapemaison.com\/wp-content\/uploads\/2026\/01\/cropped-vapemaison-logo-g-2026.webp","width":350,"height":280,"caption":"VapeMaison"},"image":{"@id":"https:\/\/vapemaison.com\/#\/schema\/logo\/image\/"},"sameAs":["https:\/\/www.youtube.com\/@VapeMaison"]}]}},"tiered_pricing_type":"fixed","tiered_pricing_fixed_rules":{"30":"12.24","50":"11.58","100":"10.12","200":"9.36"},"tiered_pricing_product_settings":{"layout":"default","base_unit_name":{"singular":null,"plural":null},"default_variation":null},"tiered_pricing_minimum_quantity":10,"tiered_pricing_roles_data":[],"tiered_pricing_percentage_rules":[],"tiered_pricing_maximum_quantity":null,"tiered_pricing_quantity_step":"10","_links":{"self":[{"href":"https:\/\/vapemaison.com\/de\/wp-json\/wp\/v2\/product\/26824","targetHints":{"allow":["GET"]}}],"collection":[{"href":"https:\/\/vapemaison.com\/de\/wp-json\/wp\/v2\/product"}],"about":[{"href":"https:\/\/vapemaison.com\/de\/wp-json\/wp\/v2\/types\/product"}],"replies":[{"embeddable":true,"href":"https:\/\/vapemaison.com\/de\/wp-json\/wp\/v2\/comments?post=26824"}],"version-history":[{"count":2,"href":"https:\/\/vapemaison.com\/de\/wp-json\/wp\/v2\/product\/26824\/revisions"}],"predecessor-version":[{"id":28220,"href":"https:\/\/vapemaison.com\/de\/wp-json\/wp\/v2\/product\/26824\/revisions\/28220"}],"wp:featuredmedia":[{"embeddable":true,"href":"https:\/\/vapemaison.com\/de\/wp-json\/wp\/v2\/media\/26826"}],"wp:attachment":[{"href":"https:\/\/vapemaison.com\/de\/wp-json\/wp\/v2\/media?parent=26824"}],"wp:term":[{"taxonomy":"product_brand","embeddable":true,"href":"https:\/\/vapemaison.com\/de\/wp-json\/wp\/v2\/product_brand?post=26824"},{"taxonomy":"product_cat","embeddable":true,"href":"https:\/\/vapemaison.com\/de\/wp-json\/wp\/v2\/product_cat?post=26824"},{"taxonomy":"product_tag","embeddable":true,"href":"https:\/\/vapemaison.com\/de\/wp-json\/wp\/v2\/product_tag?post=26824"}],"curies":[{"name":"wp","href":"https:\/\/api.w.org\/{rel}","templated":true}]}}