

{"id":27023,"date":"2026-02-06T02:50:29","date_gmt":"2026-02-06T02:50:29","guid":{"rendered":"https:\/\/vapemaison.com\/?post_type=product&#038;p=27023"},"modified":"2026-02-06T03:05:41","modified_gmt":"2026-02-06T03:05:41","slug":"zooy-dreifach-70000-puffs-3-in-1-einstellbaren-geschmack-einweg-vape","status":"publish","type":"product","link":"https:\/\/vapemaison.com\/de\/product\/zooy-triple-70000-puffs-3-in-1-adjustable-flavor-disposable-vape\/","title":{"rendered":"ZOOY Triple 70000 Puffs | 3-in-1 Einstellbare Geschmacksrichtung Einweg Vape"},"content":{"rendered":"<p>Die <strong>ZOOY Dreifach 70000 Puffs<\/strong> ist ein Einwegger\u00e4t mit hohem Fassungsverm\u00f6gen und mehreren Geschmacksrichtungen, das f\u00fcr Benutzer entwickelt wurde, die <strong>verl\u00e4ngerte Nutzungsdauer, konstante Dampfleistung und Geschmacksflexibilit\u00e4t<\/strong> in einem einzigen Ger\u00e4t.<\/p>\n\n\n\n<p>Dieses 3-in-1-System integriert <strong>drei unabh\u00e4ngige E-Liquid-Kammern und Spuleneinheiten<\/strong>, so dass Benutzer zwischen den Aromen zu wechseln oder kombinieren sie f\u00fcr eine ma\u00dfgeschneiderte vaping Profil. Die Dreifach-Mesh-Spulen-Konfiguration verbessert die Gl\u00e4tte des Dampfes und die Klarheit des Geschmacks w\u00e4hrend des gesamten Lebenszyklus des Ger\u00e4ts.<\/p>\n\n\n\n<p>Eine integrierte <strong>LCD-Smart-Display<\/strong> bietet eine Echtzeit-\u00dcberwachung des Batteriestands, der Anzahl der Puffs und des Status des E-Liquids, wodurch der Benutzer eine pr\u00e4zise Kontrolle \u00fcber den Betrieb des Ger\u00e4ts erh\u00e4lt. Mit <strong>Typ-C-Schnellaufladung<\/strong>, Die Ausfallzeiten werden minimiert, so dass eine langfristige t\u00e4gliche Nutzung m\u00f6glich ist.<\/p>\n\n\n\n<p>Dieses Ger\u00e4t ist auf Komfort, Kapazit\u00e4t und Leistungsstabilit\u00e4t ausgelegt und eignet sich f\u00fcr Benutzer, die ein <strong>gro\u00dfvolumige, wiederaufladbare Einwegl\u00f6sung mit mehreren Geschmacksrichtungen<\/strong>.<\/p>\n\n\n\n<h2 class=\"wp-block-heading\"><strong>Technische Daten<\/strong><\/h2>\n\n\n\n<figure class=\"wp-block-table is-style-stripes\"><table class=\"has-fixed-layout\"><thead><tr><th>Artikel<\/th><th>Spezifikation<\/th><\/tr><\/thead><tbody><tr><td>Produktname<\/td><td>ZOOY Dreifach 70000 Puffs<\/td><\/tr><tr><td>Ger\u00e4tetyp<\/td><td>3-in-1 wiederaufladbare Einweg-Vape<\/td><\/tr><tr><td>Maximale Puffanzahl<\/td><td>Bis zu 70.000 Z\u00fcge<\/td><\/tr><tr><td>Geschmackssystem<\/td><td>3 unabh\u00e4ngig voneinander einstellbare Geschmacksrichtungen<\/td><\/tr><tr><td>E-Liquid Kapazit\u00e4t<\/td><td>18 mL \u00d7 3 Beh\u00e4lter (insgesamt 54 mL)<\/td><\/tr><tr><td>Nikotinst\u00e4rke<\/td><td>Optionen 2% \/ 3% \/ 5%<\/td><\/tr><tr><td>Spule Typ<\/td><td>Dreifach-Maschenspule (0,9\u03a9 \u00d73)<\/td><\/tr><tr><td>Batteriekapazit\u00e4t<\/td><td>650 mAh wiederaufladbar<\/td><\/tr><tr><td>Ladeanschluss<\/td><td>Typ-C<\/td><\/tr><tr><td>Anzeige<\/td><td>LCD-Smart-Display<\/td><\/tr><tr><td>Gezeigte Funktionen<\/td><td>Batteriestand, Anzahl der Puffs, E-Liquid-F\u00fcllstand<\/td><\/tr><tr><td>Verpackung<\/td><td>10 St\u00fcck \/ Packung<\/td><\/tr><tr><td>Verf\u00fcgbare Geschmackssets<\/td><td>10 Kombinationen<\/td><\/tr><\/tbody><\/table><\/figure>\n\n\n\n<h2 class=\"wp-block-heading\"><strong>Geschmackskombinationen<\/strong><\/h2>\n\n\n\n<ol class=\"wp-block-list\">\n<li>Wassermelone &amp; Zitrone Limette &amp; Kirsche Cola<\/li>\n\n\n\n<li>Erdbeer-Wassermelone &amp; Heidelbeere Eis &amp; Liebe 666<\/li>\n\n\n\n<li>Erdbeer-Kiwi &amp; Wassermelone Eis &amp; Red Bull<\/li>\n\n\n\n<li>Dreifach Melone &amp; Erdbeere Wassermelone &amp; Zitrone Pfirsich<\/li>\n\n\n\n<li>Mr. Blue &amp; Erdbeere Banane &amp; Zitrone-Limette<\/li>\n\n\n\n<li>Gemischte Beeren &amp; Erdbeere Vanille Cola &amp; Zitrone Cola<\/li>\n\n\n\n<li>Erdbeereis &amp; Zitrone Minze &amp; Passionsfrucht Zitrone<\/li>\n\n\n\n<li>Blaubeere Bubblegum &amp; Liebe 666 &amp; Erdbeere Kiwi<\/li>\n\n\n\n<li>Rosa Limonade &amp; Erdbeere Himbeere Kirsche &amp; Heidelbeere Eis<\/li>\n\n\n\n<li>Mango Ice &amp; Aloe Traube &amp; Kiwi Passionsfrucht<\/li>\n<\/ol>","protected":false},"excerpt":{"rendered":"<p>3 Geschmacksrichtungen in einem Ger\u00e4t - wechseln oder mischen Sie jederzeit f\u00fcr ein vollst\u00e4ndig anpassbares Dampferlebnis.<br data-start=\"93\" data-end=\"96\" \/>Das gro\u00dfe Fassungsverm\u00f6gen von 54 ml, das intelligente LCD-Display und der wiederaufladbare Akku sorgen f\u00fcr lang anhaltende Leistung.<\/p>","protected":false},"featured_media":27025,"comment_status":"open","ping_status":"closed","template":"","meta":[],"product_brand":[],"product_cat":[16],"product_tag":[],"class_list":{"0":"post-27023","1":"product","2":"type-product","3":"status-publish","4":"has-post-thumbnail","6":"product_cat-uncategorized","8":"first","9":"instock","10":"sale","11":"shipping-taxable","12":"purchasable","13":"product-type-variable"},"yoast_head":"<!-- This site is optimized with the Yoast SEO plugin v27.4 - https:\/\/yoast.com\/product\/yoast-seo-wordpress\/ -->\n<title>ZOOY Triple 70000 Puffs 3-in-1 Disposable Vape LCD- VapeMaison<\/title>\n<meta name=\"description\" content=\"ZOOY Triple 70000 Puffs disposable vape with 3 adjustable flavors, 54mL e-liquid, triple mesh coils, LCD display, and Type-C rechargeable battery.\" \/>\n<meta name=\"robots\" content=\"index, follow, max-snippet:-1, max-image-preview:large, max-video-preview:-1\" \/>\n<link rel=\"canonical\" href=\"https:\/\/vapemaison.com\/de\/product\/zooy-dreifach-70000-puffs-3-in-1-einstellbaren-geschmack-einweg-vape\/\" \/>\n<meta property=\"og:locale\" content=\"de_DE\" \/>\n<meta property=\"og:type\" content=\"article\" \/>\n<meta property=\"og:title\" content=\"ZOOY Triple 70000 Puffs 3-in-1 Disposable Vape LCD- VapeMaison\" \/>\n<meta property=\"og:description\" content=\"ZOOY Triple 70000 Puffs disposable vape with 3 adjustable flavors, 54mL e-liquid, triple mesh coils, LCD display, and Type-C rechargeable battery.\" \/>\n<meta property=\"og:url\" content=\"https:\/\/vapemaison.com\/de\/product\/zooy-dreifach-70000-puffs-3-in-1-einstellbaren-geschmack-einweg-vape\/\" \/>\n<meta property=\"og:site_name\" content=\"VapeMaison\" \/>\n<meta property=\"article:modified_time\" content=\"2026-02-06T03:05:41+00:00\" \/>\n<meta property=\"og:image\" content=\"https:\/\/vapemaison.com\/wp-content\/uploads\/2026\/02\/zooy-70000-70k-puffs-3-in-1-flavor-switch-vape.webp\" \/>\n\t<meta property=\"og:image:width\" content=\"2500\" \/>\n\t<meta property=\"og:image:height\" content=\"2500\" \/>\n\t<meta property=\"og:image:type\" content=\"image\/webp\" \/>\n<meta name=\"twitter:card\" content=\"summary_large_image\" \/>\n<meta name=\"twitter:label1\" content=\"Gesch\u00e4tzte Lesezeit\" \/>\n\t<meta name=\"twitter:data1\" content=\"2\u00a0Minuten\" \/>\n<!-- \/ Yoast SEO plugin. -->","yoast_head_json":{"title":"ZOOY Dreifach 70000 Puffs 3-in-1 Einweg Vape LCD- VapeMaison","description":"ZOOY Triple 70000 Puffs Einwegverdampfer mit 3 einstellbaren Geschmacksrichtungen, 54mL E-Liquid, Triple-Mesh-Coils, LCD-Display und Typ-C-Akku.","robots":{"index":"index","follow":"follow","max-snippet":"max-snippet:-1","max-image-preview":"max-image-preview:large","max-video-preview":"max-video-preview:-1"},"canonical":"https:\/\/vapemaison.com\/de\/product\/zooy-dreifach-70000-puffs-3-in-1-einstellbaren-geschmack-einweg-vape\/","og_locale":"de_DE","og_type":"article","og_title":"ZOOY Triple 70000 Puffs 3-in-1 Disposable Vape LCD- VapeMaison","og_description":"ZOOY Triple 70000 Puffs disposable vape with 3 adjustable flavors, 54mL e-liquid, triple mesh coils, LCD display, and Type-C rechargeable battery.","og_url":"https:\/\/vapemaison.com\/de\/product\/zooy-dreifach-70000-puffs-3-in-1-einstellbaren-geschmack-einweg-vape\/","og_site_name":"VapeMaison","article_modified_time":"2026-02-06T03:05:41+00:00","og_image":[{"width":2500,"height":2500,"url":"https:\/\/vapemaison.com\/wp-content\/uploads\/2026\/02\/zooy-70000-70k-puffs-3-in-1-flavor-switch-vape.webp","type":"image\/webp"}],"twitter_card":"summary_large_image","twitter_misc":{"Gesch\u00e4tzte Lesezeit":"2\u00a0Minuten"},"schema":{"@context":"https:\/\/schema.org","@graph":[{"@type":"WebPage","@id":"https:\/\/vapemaison.com\/product\/zooy-triple-70000-puffs-3-in-1-adjustable-flavor-disposable-vape\/","url":"https:\/\/vapemaison.com\/product\/zooy-triple-70000-puffs-3-in-1-adjustable-flavor-disposable-vape\/","name":"ZOOY Dreifach 70000 Puffs 3-in-1 Einweg Vape LCD- VapeMaison","isPartOf":{"@id":"https:\/\/vapemaison.com\/#website"},"primaryImageOfPage":{"@id":"https:\/\/vapemaison.com\/product\/zooy-triple-70000-puffs-3-in-1-adjustable-flavor-disposable-vape\/#primaryimage"},"image":{"@id":"https:\/\/vapemaison.com\/product\/zooy-triple-70000-puffs-3-in-1-adjustable-flavor-disposable-vape\/#primaryimage"},"thumbnailUrl":"https:\/\/vapemaison.com\/wp-content\/uploads\/2026\/02\/zooy-70000-70k-puffs-3-in-1-flavor-switch-vape.webp","datePublished":"2026-02-06T02:50:29+00:00","dateModified":"2026-02-06T03:05:41+00:00","description":"ZOOY Triple 70000 Puffs Einwegverdampfer mit 3 einstellbaren Geschmacksrichtungen, 54mL E-Liquid, Triple-Mesh-Coils, LCD-Display und Typ-C-Akku.","breadcrumb":{"@id":"https:\/\/vapemaison.com\/product\/zooy-triple-70000-puffs-3-in-1-adjustable-flavor-disposable-vape\/#breadcrumb"},"inLanguage":"de","potentialAction":[{"@type":"ReadAction","target":["https:\/\/vapemaison.com\/product\/zooy-triple-70000-puffs-3-in-1-adjustable-flavor-disposable-vape\/"]}]},{"@type":"ImageObject","inLanguage":"de","@id":"https:\/\/vapemaison.com\/product\/zooy-triple-70000-puffs-3-in-1-adjustable-flavor-disposable-vape\/#primaryimage","url":"https:\/\/vapemaison.com\/wp-content\/uploads\/2026\/02\/zooy-70000-70k-puffs-3-in-1-flavor-switch-vape.webp","contentUrl":"https:\/\/vapemaison.com\/wp-content\/uploads\/2026\/02\/zooy-70000-70k-puffs-3-in-1-flavor-switch-vape.webp","width":2500,"height":2500,"caption":"zooy-70000-70k-puffs-3-in-1-flavor-switch-vape"},{"@type":"BreadcrumbList","@id":"https:\/\/vapemaison.com\/product\/zooy-triple-70000-puffs-3-in-1-adjustable-flavor-disposable-vape\/#breadcrumb","itemListElement":[{"@type":"ListItem","position":1,"name":"\u9996\u9875","item":"https:\/\/vapemaison.com\/"},{"@type":"ListItem","position":2,"name":"Shop","item":"https:\/\/vapemaison.com\/shop\/"},{"@type":"ListItem","position":3,"name":"ZOOY Triple 70000 Puffs | 3-in-1 Adjustable Flavor Disposable Vape"}]},{"@type":"WebSite","@id":"https:\/\/vapemaison.com\/#website","url":"https:\/\/vapemaison.com\/","name":"VapeMaison","description":"Premium Vaping-Ger\u00e4te und Zubeh\u00f6r","publisher":{"@id":"https:\/\/vapemaison.com\/#organization"},"potentialAction":[{"@type":"SearchAction","target":{"@type":"EntryPoint","urlTemplate":"https:\/\/vapemaison.com\/?s={search_term_string}"},"query-input":{"@type":"PropertyValueSpecification","valueRequired":true,"valueName":"search_term_string"}}],"inLanguage":"de"},{"@type":"Organization","@id":"https:\/\/vapemaison.com\/#organization","name":"VapeMaison","url":"https:\/\/vapemaison.com\/","logo":{"@type":"ImageObject","inLanguage":"de","@id":"https:\/\/vapemaison.com\/#\/schema\/logo\/image\/","url":"https:\/\/vapemaison.com\/wp-content\/uploads\/2026\/01\/cropped-vapemaison-logo-g-2026.webp","contentUrl":"https:\/\/vapemaison.com\/wp-content\/uploads\/2026\/01\/cropped-vapemaison-logo-g-2026.webp","width":350,"height":280,"caption":"VapeMaison"},"image":{"@id":"https:\/\/vapemaison.com\/#\/schema\/logo\/image\/"},"sameAs":["https:\/\/www.youtube.com\/@VapeMaison"]}]}},"tiered_pricing_type":"fixed","tiered_pricing_fixed_rules":{"30":"10.35","50":"9.98","100":"9.42","200":"8.99"},"tiered_pricing_product_settings":{"layout":"default","base_unit_name":{"singular":null,"plural":null},"default_variation":null},"tiered_pricing_minimum_quantity":10,"tiered_pricing_roles_data":[],"tiered_pricing_percentage_rules":[],"tiered_pricing_maximum_quantity":null,"tiered_pricing_quantity_step":"10","_links":{"self":[{"href":"https:\/\/vapemaison.com\/de\/wp-json\/wp\/v2\/product\/27023","targetHints":{"allow":["GET"]}}],"collection":[{"href":"https:\/\/vapemaison.com\/de\/wp-json\/wp\/v2\/product"}],"about":[{"href":"https:\/\/vapemaison.com\/de\/wp-json\/wp\/v2\/types\/product"}],"replies":[{"embeddable":true,"href":"https:\/\/vapemaison.com\/de\/wp-json\/wp\/v2\/comments?post=27023"}],"version-history":[{"count":4,"href":"https:\/\/vapemaison.com\/de\/wp-json\/wp\/v2\/product\/27023\/revisions"}],"predecessor-version":[{"id":27066,"href":"https:\/\/vapemaison.com\/de\/wp-json\/wp\/v2\/product\/27023\/revisions\/27066"}],"wp:featuredmedia":[{"embeddable":true,"href":"https:\/\/vapemaison.com\/de\/wp-json\/wp\/v2\/media\/27025"}],"wp:attachment":[{"href":"https:\/\/vapemaison.com\/de\/wp-json\/wp\/v2\/media?parent=27023"}],"wp:term":[{"taxonomy":"product_brand","embeddable":true,"href":"https:\/\/vapemaison.com\/de\/wp-json\/wp\/v2\/product_brand?post=27023"},{"taxonomy":"product_cat","embeddable":true,"href":"https:\/\/vapemaison.com\/de\/wp-json\/wp\/v2\/product_cat?post=27023"},{"taxonomy":"product_tag","embeddable":true,"href":"https:\/\/vapemaison.com\/de\/wp-json\/wp\/v2\/product_tag?post=27023"}],"curies":[{"name":"wp","href":"https:\/\/api.w.org\/{rel}","templated":true}]}}