

{"id":27267,"date":"2026-02-24T09:51:03","date_gmt":"2026-02-24T09:51:03","guid":{"rendered":"https:\/\/vapemaison.com\/?post_type=product&#038;p=27267"},"modified":"2026-02-24T09:55:09","modified_gmt":"2026-02-24T09:55:09","slug":"knall-konig-200k-200000-puffs-8-in-1-geschmack-einweg-vape","status":"publish","type":"product","link":"https:\/\/vapemaison.com\/de\/product\/bang-king-200k-200000-puffs-8-in-1-flavor-disposable-vape\/","title":{"rendered":"Bang King 200k 200000 Puffs 8 in 1 Geschmacksrichtung Einweg Vape"},"content":{"rendered":"<figure class=\"wp-block-image size-large has-custom-border is-style-rounded\"><a href=\"https:\/\/vapemaison.com\/wp-content\/uploads\/2026\/02\/bang-king-200000-puffs-vape-8-in-1-flavors-adjustables-display-2-scaled.webp\"><img fetchpriority=\"high\" decoding=\"async\" width=\"1024\" height=\"576\" src=\"https:\/\/vapemaison.com\/wp-content\/uploads\/2026\/02\/bang-king-200000-puffs-vape-8-in-1-flavors-adjustables-display-2-1024x576.webp\" alt=\"bang-king-200000-puffs-vape-8-in-1-flavors-adjustables-display-2\" class=\"wp-image-27281\" style=\"border-top-left-radius:30px;border-top-right-radius:30px;border-bottom-left-radius:30px;border-bottom-right-radius:30px\" srcset=\"https:\/\/vapemaison.com\/wp-content\/uploads\/2026\/02\/bang-king-200000-puffs-vape-8-in-1-flavors-adjustables-display-2-1024x576.webp 1024w, https:\/\/vapemaison.com\/wp-content\/uploads\/2026\/02\/bang-king-200000-puffs-vape-8-in-1-flavors-adjustables-display-2-300x169.webp 300w, https:\/\/vapemaison.com\/wp-content\/uploads\/2026\/02\/bang-king-200000-puffs-vape-8-in-1-flavors-adjustables-display-2-768x432.webp 768w, https:\/\/vapemaison.com\/wp-content\/uploads\/2026\/02\/bang-king-200000-puffs-vape-8-in-1-flavors-adjustables-display-2-1536x864.webp 1536w, https:\/\/vapemaison.com\/wp-content\/uploads\/2026\/02\/bang-king-200000-puffs-vape-8-in-1-flavors-adjustables-display-2-2048x1152.webp 2048w, https:\/\/vapemaison.com\/wp-content\/uploads\/2026\/02\/bang-king-200000-puffs-vape-8-in-1-flavors-adjustables-display-2-18x10.webp 18w, https:\/\/vapemaison.com\/wp-content\/uploads\/2026\/02\/bang-king-200000-puffs-vape-8-in-1-flavors-adjustables-display-2-990x557.webp 990w, https:\/\/vapemaison.com\/wp-content\/uploads\/2026\/02\/bang-king-200000-puffs-vape-8-in-1-flavors-adjustables-display-2-441x248.webp 441w, https:\/\/vapemaison.com\/wp-content\/uploads\/2026\/02\/bang-king-200000-puffs-vape-8-in-1-flavors-adjustables-display-2-800x450.webp 800w, https:\/\/vapemaison.com\/wp-content\/uploads\/2026\/02\/bang-king-200000-puffs-vape-8-in-1-flavors-adjustables-display-2-150x84.webp 150w\" sizes=\"(max-width: 1024px) 100vw, 1024px\" \/><\/a><\/figure>\n\n\n\n<p>Die <strong>Bang King 200000<\/strong> ist ein wiederaufladbarer Einwegdampfer mit ultrahoher Kapazit\u00e4t, der f\u00fcr Benutzer entwickelt wurde, die maximale Langlebigkeit, fortschrittliche Funktionalit\u00e4t und Geschmacksvielfalt verlangen. Mit <strong>bis zu 200.000 Z\u00fcge<\/strong>, Dieses Ger\u00e4t reduziert die H\u00e4ufigkeit des Auswechselns erheblich und ist damit ideal f\u00fcr den Langzeiteinsatz und Szenarien mit hohem Verbrauch.<\/p>\n\n\n\n<p>Eine wichtige Innovation ist die <strong>8-in-1 einstellbares Aromasystem<\/strong>, und erm\u00f6glicht es den Benutzern, mit einem einzigen Ger\u00e4t zwischen mehreren Geschmacksoptionen zu wechseln. Drehen Sie einfach den Selektor, um die Geschmacksrichtungen sofort zu wechseln, und sorgen Sie f\u00fcr Abwechslung, ohne mehrere Ger\u00e4te mit sich f\u00fchren zu m\u00fcssen.<\/p>\n\n\n\n<p>Die integrierte <strong>Doppelmaschige Spulentechnologie<\/strong> sorgt f\u00fcr eine effiziente Erw\u00e4rmung und eine stabile Leistung, die \u00fcber die gesamte Lebensdauer des Ger\u00e4ts gleichm\u00e4\u00dfigen Dampf und gleichbleibenden Geschmack liefert.<\/p>\n\n\n\n<p>F\u00fcr eine bessere Kontrolle verf\u00fcgt der Bang King 200K \u00fcber einen <strong>intelligente LED-Anzeige<\/strong> die den Batteriestatus und Informationen zur Nutzung in Echtzeit anzeigt. Die <strong>Wiederaufladbarer Typ-C-Akku<\/strong> unterst\u00fctzt schnelles Aufladen, minimiert Ausfallzeiten und gew\u00e4hrleistet zuverl\u00e4ssige Leistung bei l\u00e4ngerem Gebrauch.<\/p>\n\n\n\n<p>Der Bang King 200000 wurde sowohl f\u00fcr den pers\u00f6nlichen Gebrauch als auch f\u00fcr Vertriebskan\u00e4le entwickelt und vereint extreme Kapazit\u00e4t, Flexibilit\u00e4t bei mehreren Geschmacksrichtungen und fortschrittliche Benutzersteuerung in einem Ger\u00e4t.<\/p>\n\n\n\n<h2 class=\"wp-block-heading\">Spezifikationen<\/h2>\n\n\n\n<figure class=\"wp-block-table is-style-stripes\"><table class=\"has-fixed-layout\"><thead><tr><th>Parameter<\/th><th>Einzelheiten<\/th><\/tr><\/thead><tbody><tr><td>Puff-Kapazit\u00e4t<\/td><td>Bis zu 200.000 Z\u00fcge<\/td><\/tr><tr><td>Geschmackssystem<\/td><td>8-in-1 einstellbare Geschmacksauswahl<\/td><\/tr><tr><td>Spule Typ<\/td><td>Dual Mesh Spule<\/td><\/tr><tr><td>Batterie<\/td><td>Wiederaufladbare Batterie<\/td><\/tr><tr><td>Aufladen<\/td><td>Typ-C-Schnellladung<\/td><\/tr><tr><td>Anzeige<\/td><td>Intelligenter LED-Bildschirm (Batterie- und Nutzungsinformationen)<\/td><\/tr><tr><td>Gestaltung<\/td><td>Rotationsstruktur mit mehreren Geschmacksrichtungen<\/td><\/tr><tr><td>Verwendung<\/td><td>Geeignet f\u00fcr den pers\u00f6nlichen Gebrauch und den Gro\u00dfhandel<\/td><\/tr><\/tbody><\/table><\/figure>\n\n\n\n<figure class=\"wp-block-image aligncenter size-large has-custom-border is-style-rounded\"><a href=\"https:\/\/vapemaison.com\/wp-content\/uploads\/2026\/02\/bang-king-200000-puffs-vape-8-in-1-flavors-adjustables-list-scaled.webp\"><img decoding=\"async\" width=\"638\" height=\"1024\" src=\"https:\/\/vapemaison.com\/wp-content\/uploads\/2026\/02\/bang-king-200000-puffs-vape-8-in-1-flavors-adjustables-list-638x1024.webp\" alt=\"bang-king-200000-puffs-vape-8-in-1-flavors-adjustables-list\" class=\"wp-image-27282\" style=\"border-top-left-radius:30px;border-top-right-radius:30px;border-bottom-left-radius:30px;border-bottom-right-radius:30px\" srcset=\"https:\/\/vapemaison.com\/wp-content\/uploads\/2026\/02\/bang-king-200000-puffs-vape-8-in-1-flavors-adjustables-list-638x1024.webp 638w, https:\/\/vapemaison.com\/wp-content\/uploads\/2026\/02\/bang-king-200000-puffs-vape-8-in-1-flavors-adjustables-list-187x300.webp 187w, https:\/\/vapemaison.com\/wp-content\/uploads\/2026\/02\/bang-king-200000-puffs-vape-8-in-1-flavors-adjustables-list-768x1233.webp 768w, https:\/\/vapemaison.com\/wp-content\/uploads\/2026\/02\/bang-king-200000-puffs-vape-8-in-1-flavors-adjustables-list-957x1536.webp 957w, https:\/\/vapemaison.com\/wp-content\/uploads\/2026\/02\/bang-king-200000-puffs-vape-8-in-1-flavors-adjustables-list-1276x2048.webp 1276w, https:\/\/vapemaison.com\/wp-content\/uploads\/2026\/02\/bang-king-200000-puffs-vape-8-in-1-flavors-adjustables-list-7x12.webp 7w, https:\/\/vapemaison.com\/wp-content\/uploads\/2026\/02\/bang-king-200000-puffs-vape-8-in-1-flavors-adjustables-list-990x1589.webp 990w, https:\/\/vapemaison.com\/wp-content\/uploads\/2026\/02\/bang-king-200000-puffs-vape-8-in-1-flavors-adjustables-list-441x708.webp 441w, https:\/\/vapemaison.com\/wp-content\/uploads\/2026\/02\/bang-king-200000-puffs-vape-8-in-1-flavors-adjustables-list-800x1284.webp 800w, https:\/\/vapemaison.com\/wp-content\/uploads\/2026\/02\/bang-king-200000-puffs-vape-8-in-1-flavors-adjustables-list-150x241.webp 150w, https:\/\/vapemaison.com\/wp-content\/uploads\/2026\/02\/bang-king-200000-puffs-vape-8-in-1-flavors-adjustables-list-scaled.webp 1595w\" sizes=\"(max-width: 638px) 100vw, 638px\" \/><\/a><\/figure>\n\n\n\n<h2 class=\"wp-block-heading\">8-in-1-Aroma-System<\/h2>\n\n\n\n<p>Das Ger\u00e4t verf\u00fcgt \u00fcber acht unabh\u00e4ngige Aromakammern. Die Benutzer k\u00f6nnen durch Drehen des W\u00e4hlers sofort zwischen den Geschmacksrichtungen wechseln, was die Erm\u00fcdung des Geschmacks verringert und die langfristige Benutzerfreundlichkeit verbessert.<\/p>\n\n\n\n<p>Typische Geschmacksprofile sind eine Mischung aus:<\/p>\n\n\n\n<ul class=\"wp-block-list\">\n<li>1.blaues Razz-Eis &amp; Pfirsich-Eis &amp; Trauben-Eis &amp; Mango-Eis<\/li>\n\n\n\n<li>2.Double Apple &amp; Mango Peach &amp; Strawberry Watermelon &amp; Strawberry Vanilla Coke<\/li>\n\n\n\n<li>Wassermelone Eis &amp; Zitrone 8 Minze &amp; Erdbeere Eis &amp; Blaue Razz-Kirsche<\/li>\n\n\n\n<li>Wassermelone Bubblegum &amp; Heidelbeeren Himbeeren &amp; Himbeeren Wassermelone &amp; Wassermelone Heidelbeere<\/li>\n\n\n\n<li>5 Pfirsich Mango Wassermelone &amp; Red Bull &amp; Erdbeere Red Bull &amp; Erdbeere Kiwi<\/li>\n\n\n\n<li>6. Black Dragon Ice &amp; Love 66&amp; Mr Blue&amp; Erdbeerlimonade<\/li>\n\n\n\n<li>7.Triple Berry &amp; Tropicalfruit &amp; Erdbeer-Banane &amp;Pink Lemonade<\/li>\n\n\n\n<li>8.k\u00fchle Minze &amp; Pfirsich Berr &amp; Blaue Kirsche Zitrone &amp; Kiwi Wassermelone Eis<\/li>\n\n\n\n<li>9.erdbeer-mango &amp; erdbeereis &amp; Bananeneis &amp; erdbeer-litschi<\/li>\n\n\n\n<li>10 Kiwi Passionsfrucht Guave &amp; Gummib\u00e4rchen &amp;Rainbow Candy &amp; Zuckerwatte<\/li>\n\n\n\n<li>11.Triple Melone &amp; Heidelbeere Eis &amp; Kirschbombe &amp; Ananas Kokosnuss<\/li>\n\n\n\n<li>12.Fizzy Lemon &amp; Lime &amp; Apple Mojt &amp; Pineapple Ice &amp; Colaice<\/li>\n<\/ul>","protected":false},"excerpt":{"rendered":"<p>Bis zu 200.000 Z\u00fcge mit innovativem, einstellbarem 8-in-1-Aromasystem.<br data-start=\"2574\" data-end=\"2577\" \/>Die doppelte Netzspule und die intelligente LED-Anzeige gew\u00e4hrleisten eine stabile Leistung und volle Kontrolle.<\/p>","protected":false},"featured_media":27268,"comment_status":"open","ping_status":"closed","template":"","meta":[],"product_brand":[57],"product_cat":[16],"product_tag":[],"class_list":{"0":"post-27267","1":"product","2":"type-product","3":"status-publish","4":"has-post-thumbnail","6":"product_brand-bang","7":"product_cat-uncategorized","9":"first","10":"instock","11":"sale","12":"shipping-taxable","13":"purchasable","14":"product-type-variable"},"yoast_head":"<!-- This site is optimized with the Yoast SEO plugin v27.4 - https:\/\/yoast.com\/product\/yoast-seo-wordpress\/ -->\n<title>Bang King 200000 Puffs Disposable Vape | 8-in-1 Flavors<\/title>\n<meta name=\"description\" content=\"Buy Bang King 200000 disposable vape with up to 200K puffs, 8-in-1 adjustable flavors, dual mesh coil, smart LED display, and Type-C charging.\" \/>\n<meta name=\"robots\" content=\"index, follow, max-snippet:-1, max-image-preview:large, max-video-preview:-1\" \/>\n<link rel=\"canonical\" href=\"https:\/\/vapemaison.com\/de\/product\/knall-konig-200k-200000-puffs-8-in-1-geschmack-einweg-vape\/\" \/>\n<meta property=\"og:locale\" content=\"de_DE\" \/>\n<meta property=\"og:type\" content=\"article\" \/>\n<meta property=\"og:title\" content=\"Bang King 200000 Puffs Disposable Vape | 8-in-1 Flavors\" \/>\n<meta property=\"og:description\" content=\"Buy Bang King 200000 disposable vape with up to 200K puffs, 8-in-1 adjustable flavors, dual mesh coil, smart LED display, and Type-C charging.\" \/>\n<meta property=\"og:url\" content=\"https:\/\/vapemaison.com\/de\/product\/knall-konig-200k-200000-puffs-8-in-1-geschmack-einweg-vape\/\" \/>\n<meta property=\"og:site_name\" content=\"VapeMaison\" \/>\n<meta property=\"article:modified_time\" content=\"2026-02-24T09:55:09+00:00\" \/>\n<meta property=\"og:image\" content=\"https:\/\/vapemaison.com\/wp-content\/uploads\/2026\/02\/bang-king-200000-puffs-vape-8-in-1-flavors-adjustables-1-scaled.webp\" \/>\n\t<meta property=\"og:image:width\" content=\"2560\" \/>\n\t<meta property=\"og:image:height\" content=\"2560\" \/>\n\t<meta property=\"og:image:type\" content=\"image\/webp\" \/>\n<meta name=\"twitter:card\" content=\"summary_large_image\" \/>\n<meta name=\"twitter:label1\" content=\"Gesch\u00e4tzte Lesezeit\" \/>\n\t<meta name=\"twitter:data1\" content=\"3\u00a0Minuten\" \/>\n<!-- \/ Yoast SEO plugin. -->","yoast_head_json":{"title":"Bang King 200000 Puffs Einweg-Vape | 8-in-1 Geschmacksrichtungen","description":"Kaufen Sie Bang King 200000 Einwegdampfer mit bis zu 200.000 Z\u00fcgen, 8-in-1 einstellbaren Aromen, Dual-Mesh-Spule, intelligenter LED-Anzeige und Typ-C-Ladung.","robots":{"index":"index","follow":"follow","max-snippet":"max-snippet:-1","max-image-preview":"max-image-preview:large","max-video-preview":"max-video-preview:-1"},"canonical":"https:\/\/vapemaison.com\/de\/product\/knall-konig-200k-200000-puffs-8-in-1-geschmack-einweg-vape\/","og_locale":"de_DE","og_type":"article","og_title":"Bang King 200000 Puffs Disposable Vape | 8-in-1 Flavors","og_description":"Buy Bang King 200000 disposable vape with up to 200K puffs, 8-in-1 adjustable flavors, dual mesh coil, smart LED display, and Type-C charging.","og_url":"https:\/\/vapemaison.com\/de\/product\/knall-konig-200k-200000-puffs-8-in-1-geschmack-einweg-vape\/","og_site_name":"VapeMaison","article_modified_time":"2026-02-24T09:55:09+00:00","og_image":[{"width":2560,"height":2560,"url":"https:\/\/vapemaison.com\/wp-content\/uploads\/2026\/02\/bang-king-200000-puffs-vape-8-in-1-flavors-adjustables-1-scaled.webp","type":"image\/webp"}],"twitter_card":"summary_large_image","twitter_misc":{"Gesch\u00e4tzte Lesezeit":"3\u00a0Minuten"},"schema":{"@context":"https:\/\/schema.org","@graph":[{"@type":"WebPage","@id":"https:\/\/vapemaison.com\/product\/bang-king-200k-200000-puffs-8-in-1-flavor-disposable-vape\/","url":"https:\/\/vapemaison.com\/product\/bang-king-200k-200000-puffs-8-in-1-flavor-disposable-vape\/","name":"Bang King 200000 Puffs Einweg-Vape | 8-in-1 Geschmacksrichtungen","isPartOf":{"@id":"https:\/\/vapemaison.com\/#website"},"primaryImageOfPage":{"@id":"https:\/\/vapemaison.com\/product\/bang-king-200k-200000-puffs-8-in-1-flavor-disposable-vape\/#primaryimage"},"image":{"@id":"https:\/\/vapemaison.com\/product\/bang-king-200k-200000-puffs-8-in-1-flavor-disposable-vape\/#primaryimage"},"thumbnailUrl":"https:\/\/vapemaison.com\/wp-content\/uploads\/2026\/02\/bang-king-200000-puffs-vape-8-in-1-flavors-adjustables-1-scaled.webp","datePublished":"2026-02-24T09:51:03+00:00","dateModified":"2026-02-24T09:55:09+00:00","description":"Kaufen Sie Bang King 200000 Einwegdampfer mit bis zu 200.000 Z\u00fcgen, 8-in-1 einstellbaren Aromen, Dual-Mesh-Spule, intelligenter LED-Anzeige und Typ-C-Ladung.","breadcrumb":{"@id":"https:\/\/vapemaison.com\/product\/bang-king-200k-200000-puffs-8-in-1-flavor-disposable-vape\/#breadcrumb"},"inLanguage":"de","potentialAction":[{"@type":"ReadAction","target":["https:\/\/vapemaison.com\/product\/bang-king-200k-200000-puffs-8-in-1-flavor-disposable-vape\/"]}]},{"@type":"ImageObject","inLanguage":"de","@id":"https:\/\/vapemaison.com\/product\/bang-king-200k-200000-puffs-8-in-1-flavor-disposable-vape\/#primaryimage","url":"https:\/\/vapemaison.com\/wp-content\/uploads\/2026\/02\/bang-king-200000-puffs-vape-8-in-1-flavors-adjustables-1-scaled.webp","contentUrl":"https:\/\/vapemaison.com\/wp-content\/uploads\/2026\/02\/bang-king-200000-puffs-vape-8-in-1-flavors-adjustables-1-scaled.webp","width":2560,"height":2560,"caption":"bang-king-200000-puffs-vape-8-in-1-flavors-adjustables-1"},{"@type":"BreadcrumbList","@id":"https:\/\/vapemaison.com\/product\/bang-king-200k-200000-puffs-8-in-1-flavor-disposable-vape\/#breadcrumb","itemListElement":[{"@type":"ListItem","position":1,"name":"\u9996\u9875","item":"https:\/\/vapemaison.com\/"},{"@type":"ListItem","position":2,"name":"Shop","item":"https:\/\/vapemaison.com\/shop\/"},{"@type":"ListItem","position":3,"name":"Bang","item":"https:\/\/vapemaison.com\/brand\/bang\/"},{"@type":"ListItem","position":4,"name":"Bang King 200k 200000 Puffs 8 in 1 Flavor Disposable Vape"}]},{"@type":"WebSite","@id":"https:\/\/vapemaison.com\/#website","url":"https:\/\/vapemaison.com\/","name":"VapeMaison","description":"Premium Vaping-Ger\u00e4te und Zubeh\u00f6r","publisher":{"@id":"https:\/\/vapemaison.com\/#organization"},"potentialAction":[{"@type":"SearchAction","target":{"@type":"EntryPoint","urlTemplate":"https:\/\/vapemaison.com\/?s={search_term_string}"},"query-input":{"@type":"PropertyValueSpecification","valueRequired":true,"valueName":"search_term_string"}}],"inLanguage":"de"},{"@type":"Organization","@id":"https:\/\/vapemaison.com\/#organization","name":"VapeMaison","url":"https:\/\/vapemaison.com\/","logo":{"@type":"ImageObject","inLanguage":"de","@id":"https:\/\/vapemaison.com\/#\/schema\/logo\/image\/","url":"https:\/\/vapemaison.com\/wp-content\/uploads\/2026\/01\/cropped-vapemaison-logo-g-2026.webp","contentUrl":"https:\/\/vapemaison.com\/wp-content\/uploads\/2026\/01\/cropped-vapemaison-logo-g-2026.webp","width":350,"height":280,"caption":"VapeMaison"},"image":{"@id":"https:\/\/vapemaison.com\/#\/schema\/logo\/image\/"},"sameAs":["https:\/\/www.youtube.com\/@VapeMaison"]}]}},"tiered_pricing_type":"fixed","tiered_pricing_fixed_rules":{"30":"11.78","50":"11.36","100":"10.99","200":"9.99"},"tiered_pricing_product_settings":{"layout":"default","base_unit_name":{"singular":null,"plural":null},"default_variation":null},"tiered_pricing_minimum_quantity":10,"tiered_pricing_roles_data":[],"tiered_pricing_percentage_rules":[],"tiered_pricing_maximum_quantity":null,"tiered_pricing_quantity_step":"10","_links":{"self":[{"href":"https:\/\/vapemaison.com\/de\/wp-json\/wp\/v2\/product\/27267","targetHints":{"allow":["GET"]}}],"collection":[{"href":"https:\/\/vapemaison.com\/de\/wp-json\/wp\/v2\/product"}],"about":[{"href":"https:\/\/vapemaison.com\/de\/wp-json\/wp\/v2\/types\/product"}],"replies":[{"embeddable":true,"href":"https:\/\/vapemaison.com\/de\/wp-json\/wp\/v2\/comments?post=27267"}],"version-history":[{"count":5,"href":"https:\/\/vapemaison.com\/de\/wp-json\/wp\/v2\/product\/27267\/revisions"}],"predecessor-version":[{"id":27336,"href":"https:\/\/vapemaison.com\/de\/wp-json\/wp\/v2\/product\/27267\/revisions\/27336"}],"wp:featuredmedia":[{"embeddable":true,"href":"https:\/\/vapemaison.com\/de\/wp-json\/wp\/v2\/media\/27268"}],"wp:attachment":[{"href":"https:\/\/vapemaison.com\/de\/wp-json\/wp\/v2\/media?parent=27267"}],"wp:term":[{"taxonomy":"product_brand","embeddable":true,"href":"https:\/\/vapemaison.com\/de\/wp-json\/wp\/v2\/product_brand?post=27267"},{"taxonomy":"product_cat","embeddable":true,"href":"https:\/\/vapemaison.com\/de\/wp-json\/wp\/v2\/product_cat?post=27267"},{"taxonomy":"product_tag","embeddable":true,"href":"https:\/\/vapemaison.com\/de\/wp-json\/wp\/v2\/product_tag?post=27267"}],"curies":[{"name":"wp","href":"https:\/\/api.w.org\/{rel}","templated":true}]}}