

{"id":27399,"date":"2026-02-26T08:47:12","date_gmt":"2026-02-26T08:47:12","guid":{"rendered":"https:\/\/vapemaison.com\/?post_type=product&#038;p=27399"},"modified":"2026-03-12T02:18:46","modified_gmt":"2026-03-12T02:18:46","slug":"waspe-crystal-8in1-180k-einweg-vape","status":"publish","type":"product","link":"https:\/\/vapemaison.com\/de\/product\/waspe-crystal-8in1-180k-disposable-vape\/","title":{"rendered":"Waspe Crystal 8in1 180K Einweg-Vape"},"content":{"rendered":"<p>Erleben Sie au\u00dfergew\u00f6hnliche Langlebigkeit und Leistung mit dem <strong>Waspe Crystal 8-in-1 180K Puffs Einweg-Vape<\/strong>, Sie wurde f\u00fcr Benutzer entwickelt, die maximale Kapazit\u00e4t, gleichbleibenden Geschmack und langfristige Zuverl\u00e4ssigkeit verlangen.<\/p>\n\n\n\n<p>Mit einer unglaublichen <strong><strong>180K Puffs<\/strong><\/strong> und eine massive <strong>68ml e-Fl\u00fcssigkeit Kapazit\u00e4t<\/strong>, Dieses Ger\u00e4t ist f\u00fcr eine lange Nutzung ohne h\u00e4ufigen Austausch ausgelegt. Die fortschrittlichen Systemmerkmale <strong>vier 1,0-\u03a9-Mesh-Spulen<\/strong>, Sie liefert einen gleichm\u00e4\u00dfigen Luftstrom, dichten Dampf und ein reiches Aroma vom ersten bis zum letzten Zug.<\/p>\n\n\n\n<p>Der Waspe-Kristall wurde f\u00fcr die Bequemlichkeit entwickelt und enth\u00e4lt eine <strong>650mAh wiederaufladbare Batterie<\/strong> mit schnellen <strong>Typ-C-Laden<\/strong>, und gew\u00e4hrleistet so eine ununterbrochene Leistung. Die eingebaute <strong>LED-Anzeige<\/strong> k\u00f6nnen Sie den Batteriestand und den Status des E-Liquids leicht \u00fcberwachen. Trotz seiner leistungsstarken internen Kapazit\u00e4t, h\u00e4lt das Ger\u00e4t eine <strong>kompaktes und tragbares Design<\/strong>, Dadurch ist sie ideal f\u00fcr den t\u00e4glichen Gebrauch.<\/p>\n\n\n\n<h2 class=\"wp-block-heading\">Produktspezifikationen<\/h2>\n\n\n\n<figure class=\"wp-block-table\"><table class=\"has-fixed-layout\"><thead><tr><th>Parameter<\/th><th>Einzelheiten<\/th><\/tr><\/thead><tbody><tr><td>Puff-Kapazit\u00e4t<\/td><td><strong>180K Puffs<\/strong><\/td><\/tr><tr><td>E-Fl\u00fcssigkeit Kapazit\u00e4t<\/td><td>68ml<\/td><\/tr><tr><td>Nikotinst\u00e4rke<\/td><td>0% \/ 2% \/ 5%<\/td><\/tr><tr><td>Spule Typ<\/td><td>1.0\u03a9 Maschenspule \u00d7 4<\/td><\/tr><tr><td>Batterie<\/td><td>650mAh Wiederaufladbar<\/td><\/tr><tr><td>Ladeanschluss<\/td><td>Typ-C<\/td><\/tr><tr><td>Anzeige<\/td><td>LED-Bildschirm (Batterie- und E-Liquid-Anzeige)<\/td><\/tr><tr><td>Produkt Gewicht<\/td><td>150g<\/td><\/tr><tr><td>Ger\u00e4t Gr\u00f6\u00dfe<\/td><td>53 \u00d7 46 \u00d7 138 mm<\/td><\/tr><\/tbody><\/table><\/figure>\n\n\n\n<h2 class=\"wp-block-heading\">Verf\u00fcgbare Geschmacksrichtungen<\/h2>\n\n\n\n<p>Wassermeloneneis, Zitrone-Limette, Saures Mangoeis, Kiwi-Meloneneis<br>Blaubeereis, Kirsch-Cola, Erdbeer-Vanille, Zitrone-Kirsche<br>Red Bull Ice, Strawberry Ice, Sour Fcuking Fab, Cola Ice<br>Trauben-Eis, Erdbeer-Kiwi, Wassermelone-Eis, Blue Rancher<br>Melone-Passionsfrucht, Saure Mango-Ananas, Banane-Toffee-Bonbon, Erdbeere-Beere<br>Erdbeer-Wassermelone, Cool Mint, Blue Razz Ice, Blackcurrant Ice<br>Blackberry Ice, Double Apple, Black Dragon Ice, Erdbeer-Kiwi<br>Strawberry Red Bull, Cherry Cola, Cherry Lemon, Tropical Fruit<br>Gemischte Beeren, Zitrone-Limette, Heidelbeere-Himbeere, Gr\u00fcner Apfel<br>Erdbeer-Himbeer-Kirsche, Erdbeer-Wassermelone, Kiwi-Wassermelone, Zitrone-Limette<br>Erdbeer-Banane, Mango-Pfirsich, Dreifachbeeren, Erdbeer-Ananas<br>Blue Razz Limonade, Kirsch-Zitrone, Blaubeereis, Wassermelone-Pfirsich<\/p>","protected":false},"excerpt":{"rendered":"<p>Ultrahohe Kapazit\u00e4t mit bis zu 180.000 Z\u00fcgen f\u00fcr den Langzeitgebrauch.<br data-start=\"2290\" data-end=\"2293\" \/>Wiederaufladbares Design mit LED-Anzeige f\u00fcr bequemes t\u00e4gliches Dampfen.<\/p>","protected":false},"featured_media":27404,"comment_status":"open","ping_status":"closed","template":"","meta":[],"product_brand":[59],"product_cat":[16],"product_tag":[],"class_list":{"0":"post-27399","1":"product","2":"type-product","3":"status-publish","4":"has-post-thumbnail","6":"product_brand-waspe","7":"product_cat-uncategorized","9":"first","10":"instock","11":"sale","12":"shipping-taxable","13":"purchasable","14":"product-type-variable"},"yoast_head":"<!-- This site is optimized with the Yoast SEO plugin v27.4 - https:\/\/yoast.com\/product\/yoast-seo-wordpress\/ -->\n<title>Waspe Crystal 8in1 180K Disposable Vape \u2013 180k Puffs<\/title>\n<meta name=\"description\" content=\"Shop Waspe Crystal 8in1 180K Disposable Vape with up to 180,000 puffs, 68ml e-liquid, 650mAh rechargeable battery, and LED display.\" \/>\n<meta name=\"robots\" content=\"index, follow, max-snippet:-1, max-image-preview:large, max-video-preview:-1\" \/>\n<link rel=\"canonical\" href=\"https:\/\/vapemaison.com\/de\/product\/waspe-crystal-8in1-180k-einweg-vape\/\" \/>\n<meta property=\"og:locale\" content=\"de_DE\" \/>\n<meta property=\"og:type\" content=\"article\" \/>\n<meta property=\"og:title\" content=\"Waspe Crystal 8in1 180K Disposable Vape \u2013 180k Puffs\" \/>\n<meta property=\"og:description\" content=\"Shop Waspe Crystal 8in1 180K Disposable Vape with up to 180,000 puffs, 68ml e-liquid, 650mAh rechargeable battery, and LED display.\" \/>\n<meta property=\"og:url\" content=\"https:\/\/vapemaison.com\/de\/product\/waspe-crystal-8in1-180k-einweg-vape\/\" \/>\n<meta property=\"og:site_name\" content=\"VapeMaison\" \/>\n<meta property=\"article:modified_time\" content=\"2026-03-12T02:18:46+00:00\" \/>\n<meta property=\"og:image\" content=\"https:\/\/vapemaison.com\/wp-content\/uploads\/2026\/02\/waspe-crystal-8in1-180k-puffs-disposable-vape-6.webp\" \/>\n\t<meta property=\"og:image:width\" content=\"800\" \/>\n\t<meta property=\"og:image:height\" content=\"800\" \/>\n\t<meta property=\"og:image:type\" content=\"image\/webp\" \/>\n<meta name=\"twitter:card\" content=\"summary_large_image\" \/>\n<meta name=\"twitter:label1\" content=\"Gesch\u00e4tzte Lesezeit\" \/>\n\t<meta name=\"twitter:data1\" content=\"2\u00a0Minuten\" \/>\n<!-- \/ Yoast SEO plugin. -->","yoast_head_json":{"title":"Waspe Crystal 8in1 180K Einweg Vape - 180k Puffs","description":"Shop Waspe Crystal 8in1 180K Disposable Vape mit bis zu 180.000 Z\u00fcgen, 68ml E-Liquid, 650mAh Akku und LED-Anzeige.","robots":{"index":"index","follow":"follow","max-snippet":"max-snippet:-1","max-image-preview":"max-image-preview:large","max-video-preview":"max-video-preview:-1"},"canonical":"https:\/\/vapemaison.com\/de\/product\/waspe-crystal-8in1-180k-einweg-vape\/","og_locale":"de_DE","og_type":"article","og_title":"Waspe Crystal 8in1 180K Disposable Vape \u2013 180k Puffs","og_description":"Shop Waspe Crystal 8in1 180K Disposable Vape with up to 180,000 puffs, 68ml e-liquid, 650mAh rechargeable battery, and LED display.","og_url":"https:\/\/vapemaison.com\/de\/product\/waspe-crystal-8in1-180k-einweg-vape\/","og_site_name":"VapeMaison","article_modified_time":"2026-03-12T02:18:46+00:00","og_image":[{"width":800,"height":800,"url":"https:\/\/vapemaison.com\/wp-content\/uploads\/2026\/02\/waspe-crystal-8in1-180k-puffs-disposable-vape-6.webp","type":"image\/webp"}],"twitter_card":"summary_large_image","twitter_misc":{"Gesch\u00e4tzte Lesezeit":"2\u00a0Minuten"},"schema":{"@context":"https:\/\/schema.org","@graph":[{"@type":"WebPage","@id":"https:\/\/vapemaison.com\/product\/waspe-crystal-8in1-180k-disposable-vape\/","url":"https:\/\/vapemaison.com\/product\/waspe-crystal-8in1-180k-disposable-vape\/","name":"Waspe Crystal 8in1 180K Einweg Vape - 180k Puffs","isPartOf":{"@id":"https:\/\/vapemaison.com\/#website"},"primaryImageOfPage":{"@id":"https:\/\/vapemaison.com\/product\/waspe-crystal-8in1-180k-disposable-vape\/#primaryimage"},"image":{"@id":"https:\/\/vapemaison.com\/product\/waspe-crystal-8in1-180k-disposable-vape\/#primaryimage"},"thumbnailUrl":"https:\/\/vapemaison.com\/wp-content\/uploads\/2026\/02\/waspe-crystal-8in1-180k-puffs-disposable-vape-6.webp","datePublished":"2026-02-26T08:47:12+00:00","dateModified":"2026-03-12T02:18:46+00:00","description":"Shop Waspe Crystal 8in1 180K Disposable Vape mit bis zu 180.000 Z\u00fcgen, 68ml E-Liquid, 650mAh Akku und LED-Anzeige.","breadcrumb":{"@id":"https:\/\/vapemaison.com\/product\/waspe-crystal-8in1-180k-disposable-vape\/#breadcrumb"},"inLanguage":"de","potentialAction":[{"@type":"ReadAction","target":["https:\/\/vapemaison.com\/product\/waspe-crystal-8in1-180k-disposable-vape\/"]}]},{"@type":"ImageObject","inLanguage":"de","@id":"https:\/\/vapemaison.com\/product\/waspe-crystal-8in1-180k-disposable-vape\/#primaryimage","url":"https:\/\/vapemaison.com\/wp-content\/uploads\/2026\/02\/waspe-crystal-8in1-180k-puffs-disposable-vape-6.webp","contentUrl":"https:\/\/vapemaison.com\/wp-content\/uploads\/2026\/02\/waspe-crystal-8in1-180k-puffs-disposable-vape-6.webp","width":800,"height":800,"caption":"waspe-crystal-8in1-180k-puffs-disposable-vape-6"},{"@type":"BreadcrumbList","@id":"https:\/\/vapemaison.com\/product\/waspe-crystal-8in1-180k-disposable-vape\/#breadcrumb","itemListElement":[{"@type":"ListItem","position":1,"name":"\u9996\u9875","item":"https:\/\/vapemaison.com\/"},{"@type":"ListItem","position":2,"name":"Shop","item":"https:\/\/vapemaison.com\/shop\/"},{"@type":"ListItem","position":3,"name":"Waspe","item":"https:\/\/vapemaison.com\/brand\/waspe\/"},{"@type":"ListItem","position":4,"name":"Waspe Crystal 8in1 180K Disposable Vape"}]},{"@type":"WebSite","@id":"https:\/\/vapemaison.com\/#website","url":"https:\/\/vapemaison.com\/","name":"VapeMaison","description":"Premium Vaping-Ger\u00e4te und Zubeh\u00f6r","publisher":{"@id":"https:\/\/vapemaison.com\/#organization"},"potentialAction":[{"@type":"SearchAction","target":{"@type":"EntryPoint","urlTemplate":"https:\/\/vapemaison.com\/?s={search_term_string}"},"query-input":{"@type":"PropertyValueSpecification","valueRequired":true,"valueName":"search_term_string"}}],"inLanguage":"de"},{"@type":"Organization","@id":"https:\/\/vapemaison.com\/#organization","name":"VapeMaison","url":"https:\/\/vapemaison.com\/","logo":{"@type":"ImageObject","inLanguage":"de","@id":"https:\/\/vapemaison.com\/#\/schema\/logo\/image\/","url":"https:\/\/vapemaison.com\/wp-content\/uploads\/2026\/01\/cropped-vapemaison-logo-g-2026.webp","contentUrl":"https:\/\/vapemaison.com\/wp-content\/uploads\/2026\/01\/cropped-vapemaison-logo-g-2026.webp","width":350,"height":280,"caption":"VapeMaison"},"image":{"@id":"https:\/\/vapemaison.com\/#\/schema\/logo\/image\/"},"sameAs":["https:\/\/www.youtube.com\/@VapeMaison"]}]}},"tiered_pricing_type":"fixed","tiered_pricing_fixed_rules":{"30":"10.99","50":"9.78","100":"8.99","200":"8.36"},"tiered_pricing_product_settings":{"layout":"default","base_unit_name":{"singular":null,"plural":null},"default_variation":null},"tiered_pricing_minimum_quantity":10,"tiered_pricing_roles_data":[],"tiered_pricing_percentage_rules":[],"tiered_pricing_maximum_quantity":null,"tiered_pricing_quantity_step":"10","_links":{"self":[{"href":"https:\/\/vapemaison.com\/de\/wp-json\/wp\/v2\/product\/27399","targetHints":{"allow":["GET"]}}],"collection":[{"href":"https:\/\/vapemaison.com\/de\/wp-json\/wp\/v2\/product"}],"about":[{"href":"https:\/\/vapemaison.com\/de\/wp-json\/wp\/v2\/types\/product"}],"replies":[{"embeddable":true,"href":"https:\/\/vapemaison.com\/de\/wp-json\/wp\/v2\/comments?post=27399"}],"version-history":[{"count":5,"href":"https:\/\/vapemaison.com\/de\/wp-json\/wp\/v2\/product\/27399\/revisions"}],"predecessor-version":[{"id":27866,"href":"https:\/\/vapemaison.com\/de\/wp-json\/wp\/v2\/product\/27399\/revisions\/27866"}],"wp:featuredmedia":[{"embeddable":true,"href":"https:\/\/vapemaison.com\/de\/wp-json\/wp\/v2\/media\/27404"}],"wp:attachment":[{"href":"https:\/\/vapemaison.com\/de\/wp-json\/wp\/v2\/media?parent=27399"}],"wp:term":[{"taxonomy":"product_brand","embeddable":true,"href":"https:\/\/vapemaison.com\/de\/wp-json\/wp\/v2\/product_brand?post=27399"},{"taxonomy":"product_cat","embeddable":true,"href":"https:\/\/vapemaison.com\/de\/wp-json\/wp\/v2\/product_cat?post=27399"},{"taxonomy":"product_tag","embeddable":true,"href":"https:\/\/vapemaison.com\/de\/wp-json\/wp\/v2\/product_tag?post=27399"}],"curies":[{"name":"wp","href":"https:\/\/api.w.org\/{rel}","templated":true}]}}