

{"id":27451,"date":"2026-02-26T09:56:19","date_gmt":"2026-02-26T09:56:19","guid":{"rendered":"https:\/\/vapemaison.com\/?post_type=product&#038;p=27451"},"modified":"2026-04-11T06:06:04","modified_gmt":"2026-04-11T06:06:04","slug":"airmez-xbeats-pro-50000-smart-vape-mit-bluetooth-ohrstopseln","status":"publish","type":"product","link":"https:\/\/vapemaison.com\/de\/product\/airmez-xbeats-pro-50000-smart-vape-with-bluetooth-earbuds\/","title":{"rendered":"Airmez Xbeats Pro 50000 Smart Vape mit Bluetooth-Kopfh\u00f6rern"},"content":{"rendered":"<p>Genie\u00dfen Sie ein v\u00f6llig neues Dampferlebnis mit dem <strong>Airmez Xbeats Pro 50000 Einweg-Vape<\/strong>, das weltweit erste innovative Ger\u00e4t, das leistungsstarkes Dampfen mit integrierten TWS-Bluetooth-Kopfh\u00f6rern kombiniert.<\/p>\n\n\n\n<p>Dieses intelligente Ger\u00e4t wurde sowohl f\u00fcr Unterhaltung als auch f\u00fcr Leistung entwickelt und liefert bis zu <strong>50.000 Z\u00fcge<\/strong> mit den Merkmalen <strong>Kabellose Hi-Fi-Kopfh\u00f6rer mit Bluetooth 5.0<\/strong>. Der leistungsstarke interne Akku unterst\u00fctzt sowohl das Dampfen als auch das Aufladen der Ohrst\u00f6psel, so dass Sie jederzeit und \u00fcberall satten Dampf und Ihre Lieblingsmusik genie\u00dfen k\u00f6nnen.<\/p>\n\n\n\n<p>Ausgestattet mit <strong>Gen 2 Dual-Mesh-Spule Technologie<\/strong>, Der Airmez Xbeats Pro sorgt f\u00fcr einen gleichm\u00e4\u00dfigen Luftstrom, einen verbesserten Geschmack und eine konstante Dampfproduktion. Praktisch <strong>seitliche Digitalanzeige<\/strong> zeigt den Batterie- und Fl\u00fcssigkeitsstand in Echtzeit an, w\u00e4hrend die <strong>zugbet\u00e4tigtes System<\/strong> bietet eine einfache, knopflose Bedienung.<\/p>\n\n\n\n<p>Dieses All-in-One-Ger\u00e4t ist perfekt f\u00fcr Nutzer, die auf der Suche nach langanhaltender Leistung, moderner Funktionalit\u00e4t und einem einzigartigen Lifestyle-Vaping-Erlebnis sind.<\/p>\n\n\n\n<h2 class=\"wp-block-heading\">Produktspezifikationen<\/h2>\n\n\n\n<figure class=\"wp-block-table is-style-stripes\"><table class=\"has-fixed-layout\"><thead><tr><th>Parameter<\/th><th>Einzelheiten<\/th><\/tr><\/thead><tbody><tr><td>Puff-Kapazit\u00e4t<\/td><td>Bis zu 50.000 Z\u00fcge<\/td><\/tr><tr><td>Nikotinst\u00e4rke<\/td><td>5% (50mg)<\/td><\/tr><tr><td>Spule Typ<\/td><td>Gen 2 Dual Mesh Spule<\/td><\/tr><tr><td>Batterie<\/td><td>Wiederaufladbar (unterst\u00fctzt das Aufladen von Ohrst\u00f6pseln)<\/td><\/tr><tr><td>Ladeanschluss<\/td><td>USB Typ-C<\/td><\/tr><tr><td>Kopfh\u00f6rer<\/td><td>Integrierte Hi-Fi TWS-Kopfh\u00f6rer<\/td><\/tr><tr><td>Bluetooth-Version<\/td><td>Bluetooth 5.0<\/td><\/tr><tr><td>Anzeige<\/td><td>Seitlicher digitaler Bildschirm (Batterie &amp; E-Fl\u00fcssigkeit)<\/td><\/tr><tr><td>Freischaltung<\/td><td>Zeichnungsaktiviert<\/td><\/tr><tr><td>Vaping-Stil<\/td><td>MTL (Mund-zu-Lunge)<\/td><\/tr><\/tbody><\/table><\/figure>\n\n\n\n<h2 class=\"wp-block-heading\">Verf\u00fcgbare Geschmacksrichtungen<\/h2>\n\n\n\n<p>Heidelbeere Wassermelone<br>Saftiger Pfirsich<br>Traubeneis<br>Erdbeer-B-Pop<br>Verdammt sauer, fabelhaft<br>Blaues Razzeis<br>Eis-Minze<br>Rosa Creme Spiritus<\/p>\n\n\n\n<p>Wenn Sie mehr Optionen als nur die <strong><strong>Airmez Xbeats Pro 50000<\/strong><\/strong>, gibt es noch viel mehr zu entdecken. Sie k\u00f6nnen unser gesamtes <strong><a href=\"https:\/\/vapemaison.com\/shop\/\" type=\"link\" id=\"https:\/\/vapemaison.com\/shop\/\">Kollektion kaufen<\/a><\/strong> finden Sie eine gro\u00dfe Auswahl an leistungsstarken Einwegverdampfern mit verschiedenen Puffzahlen, Funktionen und Geschmacksprofilen, die Ihren Vorlieben entsprechen.<\/p>\n\n\n\n<p>Wenn Ihnen das Design und die Innovation dieses Ger\u00e4ts gefallen, empfehlen wir Ihnen, sich weitere Produkte aus der <strong><a href=\"https:\/\/vapemaison.com\/brand\/airmez\/\" type=\"link\" id=\"https:\/\/vapemaison.com\/brand\/airmez\/\">Airmez-Angebot<\/a><\/strong>, wo Sie \u00e4hnlich fortschrittliche Modelle mit einzigartigen Funktionen und erstklassiger Verarbeitungsqualit\u00e4t finden.<\/p>\n\n\n\n<p>Wenn Sie sich speziell f\u00fcr langlebige Ger\u00e4te interessieren, sollten Sie sich unsere Auswahl an <strong><a href=\"https:\/\/vapemaison.com\/product-category\/puffs-count\/50k-puffs\/\" type=\"link\" id=\"https:\/\/vapemaison.com\/product-category\/puffs-count\/50k-puffs\/\">50K Puffs<\/a><\/strong> Einweg-Dampfger\u00e4te. Diese Optionen bieten eine l\u00e4ngere Nutzungsdauer, eine reichhaltige Geschmacksabgabe und ein ausgezeichnetes Preis-Leistungs-Verh\u00e4ltnis f\u00fcr Benutzer, die weniger Austauschvorg\u00e4nge w\u00fcnschen, ohne Kompromisse bei der Leistung einzugehen.<\/p>\n\n\n\n<p>Entdecken Sie mehr und finden Sie den perfekten Vape, der zu Ihrem Stil und Ihren Bed\u00fcrfnissen passt.<\/p>\n\n\n\n<p><\/p>","protected":false},"excerpt":{"rendered":"<p data-start=\"1799\" data-end=\"1972\">Innovatives 2-in-1-Design mit integrierten Bluetooth-Kopfh\u00f6rern und bis zu 50.000 Puffs.<br data-start=\"1879\" data-end=\"1882\" \/>Wiederaufladbarer Smart Vape mit digitaler Anzeige f\u00fcr lang anhaltende Leistung und Komfort.<\/p>","protected":false},"featured_media":27459,"comment_status":"open","ping_status":"closed","template":"","meta":[],"product_brand":[314],"product_cat":[136],"product_tag":[],"class_list":{"0":"post-27451","1":"product","2":"type-product","3":"status-publish","4":"has-post-thumbnail","6":"product_brand-airmez","7":"product_cat-50k-puffs","9":"first","10":"instock","11":"sale","12":"shipping-taxable","13":"purchasable","14":"product-type-variable"},"yoast_head":"<!-- This site is optimized with the Yoast SEO plugin v27.4 - https:\/\/yoast.com\/product\/yoast-seo-wordpress\/ -->\n<title>Airmez Xbeats Pro 50000 Smart Vape with Bluetooth Earbuds<\/title>\n<meta name=\"description\" content=\"Discover Airmez Xbeats Pro 50000 disposable vape with built-in Bluetooth 5.0 TWS earbuds, up to 50,000 puffs, dual mesh coils, rechargeable battery.\" \/>\n<meta name=\"robots\" content=\"index, follow, max-snippet:-1, max-image-preview:large, max-video-preview:-1\" \/>\n<link rel=\"canonical\" href=\"https:\/\/vapemaison.com\/de\/product\/airmez-xbeats-pro-50000-smart-vape-mit-bluetooth-ohrstopseln\/\" \/>\n<meta property=\"og:locale\" content=\"de_DE\" \/>\n<meta property=\"og:type\" content=\"article\" \/>\n<meta property=\"og:title\" content=\"Airmez Xbeats Pro 50000 Smart Vape with Bluetooth Earbuds\" \/>\n<meta property=\"og:description\" content=\"Discover Airmez Xbeats Pro 50000 disposable vape with built-in Bluetooth 5.0 TWS earbuds, up to 50,000 puffs, dual mesh coils, rechargeable battery.\" \/>\n<meta property=\"og:url\" content=\"https:\/\/vapemaison.com\/de\/product\/airmez-xbeats-pro-50000-smart-vape-mit-bluetooth-ohrstopseln\/\" \/>\n<meta property=\"og:site_name\" content=\"VapeMaison\" \/>\n<meta property=\"article:modified_time\" content=\"2026-04-11T06:06:04+00:00\" \/>\n<meta property=\"og:image\" content=\"https:\/\/vapemaison.com\/wp-content\/uploads\/2026\/02\/airmez-xbeats-pro-50000-puffs-x-beats-disposable-vape-strawberry-b-pop.webp\" \/>\n\t<meta property=\"og:image:width\" content=\"1280\" \/>\n\t<meta property=\"og:image:height\" content=\"1280\" \/>\n\t<meta property=\"og:image:type\" content=\"image\/webp\" \/>\n<meta name=\"twitter:card\" content=\"summary_large_image\" \/>\n<meta name=\"twitter:label1\" content=\"Gesch\u00e4tzte Lesezeit\" \/>\n\t<meta name=\"twitter:data1\" content=\"2\u00a0Minuten\" \/>\n<!-- \/ Yoast SEO plugin. -->","yoast_head_json":{"title":"Airmez Xbeats Pro 50000 Smart Vape mit Bluetooth-Kopfh\u00f6rern","description":"Entdecken Sie die Airmez Xbeats Pro 50000 Einwegverdampfer mit integrierten Bluetooth 5.0 TWS Ohrst\u00f6pseln, bis zu 50.000 Puffs, Dual-Mesh-Spulen, wiederaufladbare Batterie.","robots":{"index":"index","follow":"follow","max-snippet":"max-snippet:-1","max-image-preview":"max-image-preview:large","max-video-preview":"max-video-preview:-1"},"canonical":"https:\/\/vapemaison.com\/de\/product\/airmez-xbeats-pro-50000-smart-vape-mit-bluetooth-ohrstopseln\/","og_locale":"de_DE","og_type":"article","og_title":"Airmez Xbeats Pro 50000 Smart Vape with Bluetooth Earbuds","og_description":"Discover Airmez Xbeats Pro 50000 disposable vape with built-in Bluetooth 5.0 TWS earbuds, up to 50,000 puffs, dual mesh coils, rechargeable battery.","og_url":"https:\/\/vapemaison.com\/de\/product\/airmez-xbeats-pro-50000-smart-vape-mit-bluetooth-ohrstopseln\/","og_site_name":"VapeMaison","article_modified_time":"2026-04-11T06:06:04+00:00","og_image":[{"width":1280,"height":1280,"url":"https:\/\/vapemaison.com\/wp-content\/uploads\/2026\/02\/airmez-xbeats-pro-50000-puffs-x-beats-disposable-vape-strawberry-b-pop.webp","type":"image\/webp"}],"twitter_card":"summary_large_image","twitter_misc":{"Gesch\u00e4tzte Lesezeit":"2\u00a0Minuten"},"schema":{"@context":"https:\/\/schema.org","@graph":[{"@type":"WebPage","@id":"https:\/\/vapemaison.com\/product\/airmez-xbeats-pro-50000-smart-vape-with-bluetooth-earbuds\/","url":"https:\/\/vapemaison.com\/product\/airmez-xbeats-pro-50000-smart-vape-with-bluetooth-earbuds\/","name":"Airmez Xbeats Pro 50000 Smart Vape mit Bluetooth-Kopfh\u00f6rern","isPartOf":{"@id":"https:\/\/vapemaison.com\/#website"},"primaryImageOfPage":{"@id":"https:\/\/vapemaison.com\/product\/airmez-xbeats-pro-50000-smart-vape-with-bluetooth-earbuds\/#primaryimage"},"image":{"@id":"https:\/\/vapemaison.com\/product\/airmez-xbeats-pro-50000-smart-vape-with-bluetooth-earbuds\/#primaryimage"},"thumbnailUrl":"https:\/\/vapemaison.com\/wp-content\/uploads\/2026\/02\/airmez-xbeats-pro-50000-puffs-x-beats-disposable-vape-strawberry-b-pop.webp","datePublished":"2026-02-26T09:56:19+00:00","dateModified":"2026-04-11T06:06:04+00:00","description":"Entdecken Sie die Airmez Xbeats Pro 50000 Einwegverdampfer mit integrierten Bluetooth 5.0 TWS Ohrst\u00f6pseln, bis zu 50.000 Puffs, Dual-Mesh-Spulen, wiederaufladbare Batterie.","breadcrumb":{"@id":"https:\/\/vapemaison.com\/product\/airmez-xbeats-pro-50000-smart-vape-with-bluetooth-earbuds\/#breadcrumb"},"inLanguage":"de","potentialAction":[{"@type":"ReadAction","target":["https:\/\/vapemaison.com\/product\/airmez-xbeats-pro-50000-smart-vape-with-bluetooth-earbuds\/"]}]},{"@type":"ImageObject","inLanguage":"de","@id":"https:\/\/vapemaison.com\/product\/airmez-xbeats-pro-50000-smart-vape-with-bluetooth-earbuds\/#primaryimage","url":"https:\/\/vapemaison.com\/wp-content\/uploads\/2026\/02\/airmez-xbeats-pro-50000-puffs-x-beats-disposable-vape-strawberry-b-pop.webp","contentUrl":"https:\/\/vapemaison.com\/wp-content\/uploads\/2026\/02\/airmez-xbeats-pro-50000-puffs-x-beats-disposable-vape-strawberry-b-pop.webp","width":1280,"height":1280,"caption":"airmez-xbeats-pro-50000-puffs-x-beats-disposable-vape-strawberry-b-pop"},{"@type":"BreadcrumbList","@id":"https:\/\/vapemaison.com\/product\/airmez-xbeats-pro-50000-smart-vape-with-bluetooth-earbuds\/#breadcrumb","itemListElement":[{"@type":"ListItem","position":1,"name":"\u9996\u9875","item":"https:\/\/vapemaison.com\/"},{"@type":"ListItem","position":2,"name":"Shop","item":"https:\/\/vapemaison.com\/shop\/"},{"@type":"ListItem","position":3,"name":"Airmez","item":"https:\/\/vapemaison.com\/brand\/airmez\/"},{"@type":"ListItem","position":4,"name":"Airmez Xbeats Pro 50000 Smart Vape with Bluetooth Earbuds"}]},{"@type":"WebSite","@id":"https:\/\/vapemaison.com\/#website","url":"https:\/\/vapemaison.com\/","name":"VapeMaison","description":"Premium Vaping-Ger\u00e4te und Zubeh\u00f6r","publisher":{"@id":"https:\/\/vapemaison.com\/#organization"},"potentialAction":[{"@type":"SearchAction","target":{"@type":"EntryPoint","urlTemplate":"https:\/\/vapemaison.com\/?s={search_term_string}"},"query-input":{"@type":"PropertyValueSpecification","valueRequired":true,"valueName":"search_term_string"}}],"inLanguage":"de"},{"@type":"Organization","@id":"https:\/\/vapemaison.com\/#organization","name":"VapeMaison","url":"https:\/\/vapemaison.com\/","logo":{"@type":"ImageObject","inLanguage":"de","@id":"https:\/\/vapemaison.com\/#\/schema\/logo\/image\/","url":"https:\/\/vapemaison.com\/wp-content\/uploads\/2026\/01\/cropped-vapemaison-logo-g-2026.webp","contentUrl":"https:\/\/vapemaison.com\/wp-content\/uploads\/2026\/01\/cropped-vapemaison-logo-g-2026.webp","width":350,"height":280,"caption":"VapeMaison"},"image":{"@id":"https:\/\/vapemaison.com\/#\/schema\/logo\/image\/"},"sameAs":["https:\/\/www.youtube.com\/@VapeMaison"]}]}},"tiered_pricing_type":"fixed","tiered_pricing_fixed_rules":{"30":"12.34","50":"11.23","100":"10.56","200":"9.99"},"tiered_pricing_product_settings":{"layout":"default","base_unit_name":{"singular":null,"plural":null},"default_variation":null},"tiered_pricing_minimum_quantity":10,"tiered_pricing_roles_data":[],"tiered_pricing_percentage_rules":[],"tiered_pricing_maximum_quantity":null,"tiered_pricing_quantity_step":"10","_links":{"self":[{"href":"https:\/\/vapemaison.com\/de\/wp-json\/wp\/v2\/product\/27451","targetHints":{"allow":["GET"]}}],"collection":[{"href":"https:\/\/vapemaison.com\/de\/wp-json\/wp\/v2\/product"}],"about":[{"href":"https:\/\/vapemaison.com\/de\/wp-json\/wp\/v2\/types\/product"}],"replies":[{"embeddable":true,"href":"https:\/\/vapemaison.com\/de\/wp-json\/wp\/v2\/comments?post=27451"}],"version-history":[{"count":3,"href":"https:\/\/vapemaison.com\/de\/wp-json\/wp\/v2\/product\/27451\/revisions"}],"predecessor-version":[{"id":29272,"href":"https:\/\/vapemaison.com\/de\/wp-json\/wp\/v2\/product\/27451\/revisions\/29272"}],"wp:featuredmedia":[{"embeddable":true,"href":"https:\/\/vapemaison.com\/de\/wp-json\/wp\/v2\/media\/27459"}],"wp:attachment":[{"href":"https:\/\/vapemaison.com\/de\/wp-json\/wp\/v2\/media?parent=27451"}],"wp:term":[{"taxonomy":"product_brand","embeddable":true,"href":"https:\/\/vapemaison.com\/de\/wp-json\/wp\/v2\/product_brand?post=27451"},{"taxonomy":"product_cat","embeddable":true,"href":"https:\/\/vapemaison.com\/de\/wp-json\/wp\/v2\/product_cat?post=27451"},{"taxonomy":"product_tag","embeddable":true,"href":"https:\/\/vapemaison.com\/de\/wp-json\/wp\/v2\/product_tag?post=27451"}],"curies":[{"name":"wp","href":"https:\/\/api.w.org\/{rel}","templated":true}]}}