

{"id":27497,"date":"2026-02-27T09:19:39","date_gmt":"2026-02-27T09:19:39","guid":{"rendered":"https:\/\/vapemaison.com\/?post_type=product&#038;p=27497"},"modified":"2026-02-27T09:19:45","modified_gmt":"2026-02-27T09:19:45","slug":"razz-bar-50k-puffs-wegwerfbares-vape","status":"publish","type":"product","link":"https:\/\/vapemaison.com\/de\/product\/razz-bar-50k-puffs-disposable-vape\/","title":{"rendered":"RAZZ BAR 50K Puffs Einweg-Vape"},"content":{"rendered":"<p>Die <strong>RAZZ BAR 50K Einweg-Vape<\/strong> bietet eine leistungsstarke Kombination aus hoher Kapazit\u00e4t, zuverl\u00e4ssiger Leistung und lang anhaltendem Wert. Er wurde f\u00fcr Nutzer entwickelt, die mehr von einem Einwegger\u00e4t erwarten, und bietet ein sanftes und konsistentes Erlebnis vom ersten bis zum letzten Zug.<\/p>\n\n\n\n<p>Die eingebaute <strong>650mAh wiederaufladbare Batterie<\/strong> sorgt f\u00fcr eine stabile Stromversorgung w\u00e4hrend des gesamten Lebenszyklus. Die Benutzer k\u00f6nnen das Ger\u00e4t schnell \u00fcber die <strong>Typ-C-Anschluss<\/strong> und ohne Unterbrechung weiterdampfen. Gleichzeitig reduziert das wiederaufladbare Design den Batterieverbrauch und verbessert die Gesamteffizienz.<\/p>\n\n\n\n<p>Dar\u00fcber hinaus ist die fortgeschrittene <strong>Netzspulen-Technologie<\/strong> verbessert sowohl den Geschmack als auch die Dampfproduktion. Die Spule erw\u00e4rmt die e-Fl\u00fcssigkeit gleichm\u00e4\u00dfig, so dass jeder Zug glatt, reich und konsistent bleibt. Daher erleben die Nutzer eine ausgewogene Leistung ohne verbrannten Geschmack oder Geschmacksverlust.<\/p>\n\n\n\n<p>Gleichzeitig unterst\u00fctzt die Struktur mit hoher Kapazit\u00e4t eine l\u00e4ngere Nutzung, so dass sich das Ger\u00e4t f\u00fcr einen aktiven Lebensstil und f\u00fcr den Einsatz unterwegs eignet. Trotz der gro\u00dfen Leistung bleibt das Design praktisch f\u00fcr die Lagerung, den Versand und die Auslage im Einzelhandel.<\/p>\n\n\n\n<p>Dar\u00fcber hinaus ist die RAZZ BAR in verschiedenen Nikotinst\u00e4rken und einer breiten Palette beliebter Geschmacksrichtungen erh\u00e4ltlich. Diese Vielfalt hilft den Einzelh\u00e4ndlern, unterschiedliche Kundenw\u00fcnsche zu erf\u00fcllen und den Produktumsatz zu steigern.<\/p>\n\n\n\n<h2 class=\"wp-block-heading\">Produktspezifikationen<\/h2>\n\n\n\n<figure class=\"wp-block-table\"><table class=\"has-fixed-layout\"><thead><tr><th>Parameter<\/th><th>Einzelheiten<\/th><\/tr><\/thead><tbody><tr><td>Puff-Kapazit\u00e4t<\/td><td>Bis zu 50.000 Z\u00fcge<\/td><\/tr><tr><td>Nikotinst\u00e4rke<\/td><td>2% \/ 5%<\/td><\/tr><tr><td>Spule Typ<\/td><td>Maschenspule<\/td><\/tr><tr><td>Batterie<\/td><td>650mAh Wiederaufladbar<\/td><\/tr><tr><td>Ladeanschluss<\/td><td>Typ-C<\/td><\/tr><tr><td>Ger\u00e4tetyp<\/td><td>Einweg (wiederaufladbar)<\/td><\/tr><tr><td>Karton Menge<\/td><td>200 St\u00fcck pro Karton<\/td><\/tr><tr><td>Gewicht des Kartons<\/td><td>23kg<\/td><\/tr><tr><td>Gr\u00f6\u00dfe des Kartons<\/td><td>60,5 \u00d7 36 \u00d7 25,5 cm<\/td><\/tr><tr><td>Geschmacksoptionen<\/td><td>16 Geschmacksrichtungen<\/td><\/tr><\/tbody><\/table><\/figure>\n\n\n\n<h2 class=\"wp-block-heading\">Verf\u00fcgbare Geschmacksrichtungen<\/h2>\n\n\n\n<p>Himbeere Wassermelone<br>Erdbeereis<br>Red Bull Traube<br>Tropische Fr\u00fcchte<br>Banane<br>Blaubeereis<br>Pfirsich-Eis<br>Ananas-Kokosnuss<br>Wassermelone Eis<br>Zitrone-Limette<br>Erdbeere-Banane<br>Herr Blau<br>Erdbeer-Wassermelone-Kaugummi<br>Rosa Limonade<br>Kirsche Cola<br>Gummib\u00e4rchen<\/p>\n\n\n\n<figure class=\"wp-block-image aligncenter size-full has-custom-border\"><a href=\"https:\/\/vapemaison.com\/wp-content\/uploads\/2026\/02\/vapemaison-puff-30000-razz-bar-16-parfums-flavor-list.webp\"><img fetchpriority=\"high\" decoding=\"async\" width=\"493\" height=\"838\" src=\"https:\/\/vapemaison.com\/wp-content\/uploads\/2026\/02\/vapemaison-puff-30000-razz-bar-16-parfums-flavor-list.webp\" alt=\"vapemaison-puff-30000-razz-bar-16-parfums-geschmack-liste\" class=\"wp-image-27500\" style=\"border-top-left-radius:20px;border-top-right-radius:20px;border-bottom-left-radius:20px;border-bottom-right-radius:20px\" srcset=\"https:\/\/vapemaison.com\/wp-content\/uploads\/2026\/02\/vapemaison-puff-30000-razz-bar-16-parfums-flavor-list.webp 493w, https:\/\/vapemaison.com\/wp-content\/uploads\/2026\/02\/vapemaison-puff-30000-razz-bar-16-parfums-flavor-list-176x300.webp 176w, https:\/\/vapemaison.com\/wp-content\/uploads\/2026\/02\/vapemaison-puff-30000-razz-bar-16-parfums-flavor-list-7x12.webp 7w, https:\/\/vapemaison.com\/wp-content\/uploads\/2026\/02\/vapemaison-puff-30000-razz-bar-16-parfums-flavor-list-441x750.webp 441w, https:\/\/vapemaison.com\/wp-content\/uploads\/2026\/02\/vapemaison-puff-30000-razz-bar-16-parfums-flavor-list-150x255.webp 150w\" sizes=\"(max-width: 493px) 100vw, 493px\" \/><\/a><\/figure>","protected":false},"excerpt":{"rendered":"<p>Bis zu 50.000 Z\u00fcge mit wiederaufladbarem Typ-C-Akku f\u00fcr l\u00e4ngeren Gebrauch.<br data-start=\"1894\" data-end=\"1897\" \/>High-Capacity Einweg vape mit Mesh-Spule, ideal f\u00fcr Einzel-und Gro\u00dfhandel liefern.<\/p>","protected":false},"featured_media":27504,"comment_status":"open","ping_status":"closed","template":"","meta":[],"product_brand":[313],"product_cat":[136],"product_tag":[],"class_list":{"0":"post-27497","1":"product","2":"type-product","3":"status-publish","4":"has-post-thumbnail","6":"product_brand-razz-bar","7":"product_cat-50k-puffs","9":"first","10":"instock","11":"sale","12":"shipping-taxable","13":"purchasable","14":"product-type-variable"},"yoast_head":"<!-- This site is optimized with the Yoast SEO plugin v27.4 - https:\/\/yoast.com\/product\/yoast-seo-wordpress\/ -->\n<title>RAZZ BAR 50K Disposable Vape \u2013 50000 Puffs Rechargeable<\/title>\n<meta name=\"description\" content=\"Buy RAZZ BAR 50K disposable vape with up to 50,000 puffs, rechargeable 650mAh battery, mesh coil technology, and multiple flavor options.\" \/>\n<meta name=\"robots\" content=\"index, follow, max-snippet:-1, max-image-preview:large, max-video-preview:-1\" \/>\n<link rel=\"canonical\" href=\"https:\/\/vapemaison.com\/de\/product\/razz-bar-50k-puffs-wegwerfbares-vape\/\" \/>\n<meta property=\"og:locale\" content=\"de_DE\" \/>\n<meta property=\"og:type\" content=\"article\" \/>\n<meta property=\"og:title\" content=\"RAZZ BAR 50K Disposable Vape \u2013 50000 Puffs Rechargeable\" \/>\n<meta property=\"og:description\" content=\"Buy RAZZ BAR 50K disposable vape with up to 50,000 puffs, rechargeable 650mAh battery, mesh coil technology, and multiple flavor options.\" \/>\n<meta property=\"og:url\" content=\"https:\/\/vapemaison.com\/de\/product\/razz-bar-50k-puffs-wegwerfbares-vape\/\" \/>\n<meta property=\"og:site_name\" content=\"VapeMaison\" \/>\n<meta property=\"article:modified_time\" content=\"2026-02-27T09:19:45+00:00\" \/>\n<meta property=\"og:image\" content=\"https:\/\/vapemaison.com\/wp-content\/uploads\/2026\/02\/vapemaison-puff-30000-razz-bar-16-parfums-main-picture.webp\" \/>\n\t<meta property=\"og:image:width\" content=\"1100\" \/>\n\t<meta property=\"og:image:height\" content=\"1100\" \/>\n\t<meta property=\"og:image:type\" content=\"image\/webp\" \/>\n<meta name=\"twitter:card\" content=\"summary_large_image\" \/>\n<meta name=\"twitter:label1\" content=\"Gesch\u00e4tzte Lesezeit\" \/>\n\t<meta name=\"twitter:data1\" content=\"2\u00a0Minuten\" \/>\n<!-- \/ Yoast SEO plugin. -->","yoast_head_json":{"title":"RAZZ BAR 50K Einweg-Vape - 50000 Z\u00fcge wiederaufladbar","description":"Kaufen Sie RAZZ BAR 50K Einwegdampfer mit bis zu 50.000 Z\u00fcgen, wiederaufladbarem 650mAh-Akku, Mesh-Coil-Technologie und mehreren Geschmacksoptionen.","robots":{"index":"index","follow":"follow","max-snippet":"max-snippet:-1","max-image-preview":"max-image-preview:large","max-video-preview":"max-video-preview:-1"},"canonical":"https:\/\/vapemaison.com\/de\/product\/razz-bar-50k-puffs-wegwerfbares-vape\/","og_locale":"de_DE","og_type":"article","og_title":"RAZZ BAR 50K Disposable Vape \u2013 50000 Puffs Rechargeable","og_description":"Buy RAZZ BAR 50K disposable vape with up to 50,000 puffs, rechargeable 650mAh battery, mesh coil technology, and multiple flavor options.","og_url":"https:\/\/vapemaison.com\/de\/product\/razz-bar-50k-puffs-wegwerfbares-vape\/","og_site_name":"VapeMaison","article_modified_time":"2026-02-27T09:19:45+00:00","og_image":[{"width":1100,"height":1100,"url":"https:\/\/vapemaison.com\/wp-content\/uploads\/2026\/02\/vapemaison-puff-30000-razz-bar-16-parfums-main-picture.webp","type":"image\/webp"}],"twitter_card":"summary_large_image","twitter_misc":{"Gesch\u00e4tzte Lesezeit":"2\u00a0Minuten"},"schema":{"@context":"https:\/\/schema.org","@graph":[{"@type":"WebPage","@id":"https:\/\/vapemaison.com\/product\/razz-bar-50k-puffs-disposable-vape\/","url":"https:\/\/vapemaison.com\/product\/razz-bar-50k-puffs-disposable-vape\/","name":"RAZZ BAR 50K Einweg-Vape - 50000 Z\u00fcge wiederaufladbar","isPartOf":{"@id":"https:\/\/vapemaison.com\/#website"},"primaryImageOfPage":{"@id":"https:\/\/vapemaison.com\/product\/razz-bar-50k-puffs-disposable-vape\/#primaryimage"},"image":{"@id":"https:\/\/vapemaison.com\/product\/razz-bar-50k-puffs-disposable-vape\/#primaryimage"},"thumbnailUrl":"https:\/\/vapemaison.com\/wp-content\/uploads\/2026\/02\/vapemaison-puff-30000-razz-bar-16-parfums-main-picture.webp","datePublished":"2026-02-27T09:19:39+00:00","dateModified":"2026-02-27T09:19:45+00:00","description":"Kaufen Sie RAZZ BAR 50K Einwegdampfer mit bis zu 50.000 Z\u00fcgen, wiederaufladbarem 650mAh-Akku, Mesh-Coil-Technologie und mehreren Geschmacksoptionen.","breadcrumb":{"@id":"https:\/\/vapemaison.com\/product\/razz-bar-50k-puffs-disposable-vape\/#breadcrumb"},"inLanguage":"de","potentialAction":[{"@type":"ReadAction","target":["https:\/\/vapemaison.com\/product\/razz-bar-50k-puffs-disposable-vape\/"]}]},{"@type":"ImageObject","inLanguage":"de","@id":"https:\/\/vapemaison.com\/product\/razz-bar-50k-puffs-disposable-vape\/#primaryimage","url":"https:\/\/vapemaison.com\/wp-content\/uploads\/2026\/02\/vapemaison-puff-30000-razz-bar-16-parfums-main-picture.webp","contentUrl":"https:\/\/vapemaison.com\/wp-content\/uploads\/2026\/02\/vapemaison-puff-30000-razz-bar-16-parfums-main-picture.webp","width":1100,"height":1100,"caption":"vapemaison-puff-30000-razz-bar-16-parfums-main-picture"},{"@type":"BreadcrumbList","@id":"https:\/\/vapemaison.com\/product\/razz-bar-50k-puffs-disposable-vape\/#breadcrumb","itemListElement":[{"@type":"ListItem","position":1,"name":"\u9996\u9875","item":"https:\/\/vapemaison.com\/"},{"@type":"ListItem","position":2,"name":"Shop","item":"https:\/\/vapemaison.com\/shop\/"},{"@type":"ListItem","position":3,"name":"Razz Bar","item":"https:\/\/vapemaison.com\/brand\/razz-bar\/"},{"@type":"ListItem","position":4,"name":"RAZZ BAR 50K Puffs Disposable Vape"}]},{"@type":"WebSite","@id":"https:\/\/vapemaison.com\/#website","url":"https:\/\/vapemaison.com\/","name":"VapeMaison","description":"Premium Vaping-Ger\u00e4te und Zubeh\u00f6r","publisher":{"@id":"https:\/\/vapemaison.com\/#organization"},"potentialAction":[{"@type":"SearchAction","target":{"@type":"EntryPoint","urlTemplate":"https:\/\/vapemaison.com\/?s={search_term_string}"},"query-input":{"@type":"PropertyValueSpecification","valueRequired":true,"valueName":"search_term_string"}}],"inLanguage":"de"},{"@type":"Organization","@id":"https:\/\/vapemaison.com\/#organization","name":"VapeMaison","url":"https:\/\/vapemaison.com\/","logo":{"@type":"ImageObject","inLanguage":"de","@id":"https:\/\/vapemaison.com\/#\/schema\/logo\/image\/","url":"https:\/\/vapemaison.com\/wp-content\/uploads\/2026\/01\/cropped-vapemaison-logo-g-2026.webp","contentUrl":"https:\/\/vapemaison.com\/wp-content\/uploads\/2026\/01\/cropped-vapemaison-logo-g-2026.webp","width":350,"height":280,"caption":"VapeMaison"},"image":{"@id":"https:\/\/vapemaison.com\/#\/schema\/logo\/image\/"},"sameAs":["https:\/\/www.youtube.com\/@VapeMaison"]}]}},"tiered_pricing_type":"fixed","tiered_pricing_fixed_rules":{"100":"9.19","200":"8.59","500":"7.99"},"tiered_pricing_product_settings":{"layout":"default","base_unit_name":{"singular":null,"plural":null},"default_variation":null},"tiered_pricing_minimum_quantity":50,"tiered_pricing_roles_data":[],"tiered_pricing_percentage_rules":[],"tiered_pricing_maximum_quantity":null,"tiered_pricing_quantity_step":"10","_links":{"self":[{"href":"https:\/\/vapemaison.com\/de\/wp-json\/wp\/v2\/product\/27497","targetHints":{"allow":["GET"]}}],"collection":[{"href":"https:\/\/vapemaison.com\/de\/wp-json\/wp\/v2\/product"}],"about":[{"href":"https:\/\/vapemaison.com\/de\/wp-json\/wp\/v2\/types\/product"}],"replies":[{"embeddable":true,"href":"https:\/\/vapemaison.com\/de\/wp-json\/wp\/v2\/comments?post=27497"}],"version-history":[{"count":3,"href":"https:\/\/vapemaison.com\/de\/wp-json\/wp\/v2\/product\/27497\/revisions"}],"predecessor-version":[{"id":27507,"href":"https:\/\/vapemaison.com\/de\/wp-json\/wp\/v2\/product\/27497\/revisions\/27507"}],"wp:featuredmedia":[{"embeddable":true,"href":"https:\/\/vapemaison.com\/de\/wp-json\/wp\/v2\/media\/27504"}],"wp:attachment":[{"href":"https:\/\/vapemaison.com\/de\/wp-json\/wp\/v2\/media?parent=27497"}],"wp:term":[{"taxonomy":"product_brand","embeddable":true,"href":"https:\/\/vapemaison.com\/de\/wp-json\/wp\/v2\/product_brand?post=27497"},{"taxonomy":"product_cat","embeddable":true,"href":"https:\/\/vapemaison.com\/de\/wp-json\/wp\/v2\/product_cat?post=27497"},{"taxonomy":"product_tag","embeddable":true,"href":"https:\/\/vapemaison.com\/de\/wp-json\/wp\/v2\/product_tag?post=27497"}],"curies":[{"name":"wp","href":"https:\/\/api.w.org\/{rel}","templated":true}]}}