

{"id":27822,"date":"2026-03-10T06:51:09","date_gmt":"2026-03-10T06:51:09","guid":{"rendered":"https:\/\/vapemaison.com\/?post_type=product&#038;p=27822"},"modified":"2026-03-10T06:51:14","modified_gmt":"2026-03-10T06:51:14","slug":"jnr-falke-bar-48000-einweg-vape-48000-puffs-dual-mesh-spule","status":"publish","type":"product","link":"https:\/\/vapemaison.com\/de\/product\/jnr-falcon-bar-48000-disposable-vape-48000-puffs-dual-mesh-coil\/","title":{"rendered":"JNR Falcon Bar 48000 Einweg Vape | 48.000 Puffs | Dual Mesh Coil"},"content":{"rendered":"<p>Die <strong>JNR Falcon Bar 48000<\/strong> wurde f\u00fcr Dampfer entwickelt, die eine hohe Leistung, eine reichhaltige Geschmacksabgabe und ein modernes, transparentes Design w\u00fcnschen. Mit bis zu <strong>48.000 Z\u00fcge<\/strong>, ein leistungsf\u00e4higes <strong>1000mAh wiederaufladbare Batterie<\/strong>, und <strong>Doppelmaschige Spulentechnologie<\/strong>, Dieses Ger\u00e4t liefert ein konsistentes und zufriedenstellendes Dampferlebnis von Anfang bis Ende.<\/p>\n\n\n\n<p>Seine <strong>hochtransparente Schale<\/strong> schafft nicht nur eine futuristische \u00c4sthetik, sondern erm\u00f6glicht es dem Benutzer auch, den F\u00fcllstand des E-Liquids einfach zu \u00fcberwachen. In Kombination mit dem einstellbaren Luftstrom und der Zugaktivierung bietet der Falcon 48000 sowohl Einfachheit als auch Anpassungsf\u00e4higkeit in einem leistungsstarken Ger\u00e4t.<\/p>\n\n\n\n<h3 class=\"wp-block-heading\">Bis zu 48.000 Puffs<\/h3>\n\n\n\n<p>Der Falcon 48000 ist f\u00fcr den langfristigen Einsatz konzipiert und bietet eine au\u00dfergew\u00f6hnliche Puffleistung mit <strong>45ml e-Fl\u00fcssigkeit<\/strong>, Dadurch m\u00fcssen die Ger\u00e4te nicht mehr so h\u00e4ufig ausgetauscht werden.<\/p>\n\n\n\n<h3 class=\"wp-block-heading\">Doppelmaschige Spulentechnologie<\/h3>\n\n\n\n<p>Die fortgeschrittene <strong>Doppelmaschiges Spulensystem<\/strong> gew\u00e4hrleistet:<\/p>\n\n\n\n<ul class=\"wp-block-list\">\n<li>Schnelleres Ansprechen der Heizung<\/li>\n\n\n\n<li>Erh\u00f6hte Geschmacksintensit\u00e4t<\/li>\n\n\n\n<li>Sanfte und dichte Dampferzeugung<\/li>\n\n\n\n<li>Konsistente Ausgabe \u00fcber den gesamten Lebenszyklus des Ger\u00e4ts<\/li>\n<\/ul>\n\n\n\n<p>Entwickelt, um die Klarheit des Geschmacks vom ersten bis zum letzten Zug zu erhalten.<\/p>\n\n\n\n<h3 class=\"wp-block-heading\">Ultra-transparentes Schalendesign<\/h3>\n\n\n\n<p>Das auff\u00e4llige, transparente Geh\u00e4use erm\u00f6glicht es dem Benutzer, den F\u00fcllstand des E-Liquids leicht zu \u00fcberwachen und gleichzeitig die innere Struktur des Ger\u00e4ts zu sehen.<\/p>\n\n\n\n<ul class=\"wp-block-list\">\n<li>Modernes \u00e4sthetisches Design<\/li>\n\n\n\n<li>Funktionale Sichtbarkeit<\/li>\n\n\n\n<li>Erstklassige visuelle Attraktivit\u00e4t<\/li>\n<\/ul>\n\n\n\n<h3 class=\"wp-block-heading\">Einstellbare Luftstromregelung<\/h3>\n\n\n\n<p>Passen Sie Ihren Vaping-Stil mit der einstellbaren Airflow an:<\/p>\n\n\n\n<ul class=\"wp-block-list\">\n<li>Dichtes <strong>MTL zieht<\/strong> f\u00fcr zigaretten\u00e4hnliches Dampfen<\/li>\n\n\n\n<li>Luftig <strong>DTL zieht<\/strong> f\u00fcr gr\u00f6\u00dfere Dampfwolken<\/li>\n<\/ul>\n\n\n\n<p>Passen Sie den Luftstrom an Ihre pers\u00f6nlichen Vorlieben an.<\/p>\n\n\n\n<h3 class=\"wp-block-heading\">1000mAh wiederaufladbare Batterie<\/h3>\n\n\n\n<p>Die m\u00e4chtige <strong>1000mAh-Akku<\/strong> gew\u00e4hrleistet eine stabile Leistung und eine lange Nutzungsdauer.<\/p>\n\n\n\n<p>Gepaart mit <strong>Typ-C-Schnellladung<\/strong>, bietet sie:<\/p>\n\n\n\n<ul class=\"wp-block-list\">\n<li>Schnelle Aufladezeit<\/li>\n\n\n\n<li>Zuverl\u00e4ssige Leistungsabgabe<\/li>\n\n\n\n<li>Reduzierte Ausfallzeiten<\/li>\n<\/ul>\n\n\n\n<h3 class=\"wp-block-heading\">Zeichnungsaktivierter Betrieb<\/h3>\n\n\n\n<p>Der Falcon 48000 verwendet eine <strong>knopffreies Ziehungsaktivierungssystem<\/strong>, Dadurch ist es extrem einfach zu bedienen.<\/p>\n\n\n\n<p>Einfach inhalieren, um das Ger\u00e4t zu aktivieren.<\/p>\n\n\n\n<h2 class=\"wp-block-heading\">Spezifikationen<\/h2>\n\n\n\n<ul class=\"wp-block-list\">\n<li>Puff-Kapazit\u00e4t: Bis zu 48.000 Puffs<\/li>\n\n\n\n<li>E-Liquid Kapazit\u00e4t: 45ml<\/li>\n\n\n\n<li>Akku: 1000mAh Wiederaufladbar<\/li>\n\n\n\n<li>Spule: Dual Mesh Spule<\/li>\n\n\n\n<li>Luftstrom: Einstellbar<\/li>\n\n\n\n<li>Ladeanschluss: Typ-C<\/li>\n\n\n\n<li>Aktivierung: Zeichnungsaktivierung<\/li>\n\n\n\n<li>Design: Ultra-transparente Schale<\/li>\n<\/ul>\n\n\n\n<h2 class=\"wp-block-heading\">Geschmackssammlung<\/h2>\n\n\n\n<p>Erh\u00e4ltlich in einer gro\u00dfen Auswahl an beliebten Geschmacksrichtungen:<\/p>\n\n\n\n<ul class=\"wp-block-list\">\n<li>Wassermelone Eis<\/li>\n\n\n\n<li>Wassermelone Mango Pfirsich<\/li>\n\n\n\n<li>Erdbeer-Wassermelonen-Eis<\/li>\n\n\n\n<li>Erdbeer-Red Bull<\/li>\n\n\n\n<li>Erdbeer-Himbeer-Kirsch-Eis<\/li>\n\n\n\n<li>Erdbeer-Kiwi<\/li>\n\n\n\n<li>Erdbeereis<\/li>\n\n\n\n<li>Passionsfrucht-Kiwi<\/li>\n\n\n\n<li>Gemischte Beere<\/li>\n\n\n\n<li>Liebe 66<\/li>\n\n\n\n<li>Kiwi-Wassermelonen-Eis<\/li>\n\n\n\n<li>Saftige Pfirsiche<\/li>\n\n\n\n<li>Sprudel-Erdbeer-Streifen<\/li>\n\n\n\n<li>Hawaii<\/li>\n\n\n\n<li>Kirsche Cola<\/li>\n\n\n\n<li>Kirsche Beere<\/li>\n\n\n\n<li>Heidelbeere-Himbeere<\/li>\n\n\n\n<li>Heidelbeere-Kiwi<\/li>\n\n\n\n<li>Blauer Razzia Kirsche<\/li>\n\n\n\n<li>Schwarzer Drache Eis<\/li>\n<\/ul>\n\n\n\n<p>Diese Geschmacksprofile kombinieren Frucht-, Eis-, S\u00fc\u00dfigkeiten- und Getr\u00e4nkeinspirationen, um ein ausgewogenes und angenehmes Dampferlebnis zu bieten.<\/p>\n\n\n\n<h2 class=\"wp-block-heading\">Warum sollten Sie sich f\u00fcr JNR Falcon Bar 48000 entscheiden?<\/h2>\n\n\n\n<ul class=\"wp-block-list\">\n<li>Ultrahohe Puffkapazit\u00e4t<\/li>\n\n\n\n<li>Transparentes modernes Design<\/li>\n\n\n\n<li>Dual-Mesh-Spule Geschmack Technologie<\/li>\n\n\n\n<li>Einstellbare Luftstromregelung<\/li>\n\n\n\n<li>Leistungsstarke wiederaufladbare Batterie<\/li>\n\n\n\n<li>Breite Geschmacksauswahl<\/li>\n<\/ul>\n\n\n\n<p>Die <strong>JNR Falcon Bar 48000<\/strong> vereint Leistung, \u00c4sthetik und Zuverl\u00e4ssigkeit in einem einzigen Einwegdampfer mit hoher Kapazit\u00e4t, der f\u00fcr lang anhaltende Zufriedenheit sorgt.<\/p>","protected":false},"excerpt":{"rendered":"<p>The JNR Falcon Bar 48000 is designed for vapers who want extended performance, rich flavor delivery, and a modern transparent design. With up to 48,000 puffs, a powerful 1000mAh rechargeable battery, and dual mesh coil technology, this device delivers a consistent and satisfying vaping experience from start to finish. Its ultra-transparent shell not only creates [&hellip;]<\/p>\n","protected":false},"featured_media":27832,"comment_status":"open","ping_status":"closed","template":"","meta":[],"product_brand":[168],"product_cat":[],"product_tag":[],"class_list":{"0":"post-27822","1":"product","2":"type-product","3":"status-publish","4":"has-post-thumbnail","6":"product_brand-jnr","8":"first","9":"instock","10":"sale","11":"shipping-taxable","12":"purchasable","13":"product-type-variable"},"yoast_head":"<!-- This site is optimized with the Yoast SEO plugin v27.4 - https:\/\/yoast.com\/product\/yoast-seo-wordpress\/ -->\n<title>JNR Falcon Bar 48000 Disposable Vape | 48K Puffs<\/title>\n<meta name=\"description\" content=\"Shop JNR Falcon Bar 48000 disposable vape with 48K puffs 45ml e-liquid capacity, adjustable airflow, and 1000mAh rechargeable battery with Type-C charging.\" \/>\n<meta name=\"robots\" content=\"index, follow, max-snippet:-1, max-image-preview:large, max-video-preview:-1\" \/>\n<link rel=\"canonical\" href=\"https:\/\/vapemaison.com\/de\/product\/jnr-falke-bar-48000-einweg-vape-48000-puffs-dual-mesh-spule\/\" \/>\n<meta property=\"og:locale\" content=\"de_DE\" \/>\n<meta property=\"og:type\" content=\"article\" \/>\n<meta property=\"og:title\" content=\"JNR Falcon Bar 48000 Disposable Vape | 48K Puffs\" \/>\n<meta property=\"og:description\" content=\"Shop JNR Falcon Bar 48000 disposable vape with 48K puffs 45ml e-liquid capacity, adjustable airflow, and 1000mAh rechargeable battery with Type-C charging.\" \/>\n<meta property=\"og:url\" content=\"https:\/\/vapemaison.com\/de\/product\/jnr-falke-bar-48000-einweg-vape-48000-puffs-dual-mesh-spule\/\" \/>\n<meta property=\"og:site_name\" content=\"VapeMaison\" \/>\n<meta property=\"article:modified_time\" content=\"2026-03-10T06:51:14+00:00\" \/>\n<meta property=\"og:image\" content=\"https:\/\/vapemaison.com\/wp-content\/uploads\/2026\/03\/vapemaison-jnr-falcon-bar-48000-puffs-dispasable-vape-flavor-strawberry-watermelon-ice.webp\" \/>\n\t<meta property=\"og:image:width\" content=\"1600\" \/>\n\t<meta property=\"og:image:height\" content=\"1600\" \/>\n\t<meta property=\"og:image:type\" content=\"image\/webp\" \/>\n<meta name=\"twitter:card\" content=\"summary_large_image\" \/>\n<meta name=\"twitter:label1\" content=\"Gesch\u00e4tzte Lesezeit\" \/>\n\t<meta name=\"twitter:data1\" content=\"3\u00a0Minuten\" \/>\n<!-- \/ Yoast SEO plugin. -->","yoast_head_json":{"title":"JNR Falcon Bar 48000 Einweg Vape | 48K Puffs","description":"Shop JNR Falcon Bar 48000 Einweg Verdampfer mit 48K Puffs 45ml e-Fl\u00fcssigkeit Kapazit\u00e4t, einstellbare Luftstrom, und 1000mAh Akku mit Typ-C-Ladung.","robots":{"index":"index","follow":"follow","max-snippet":"max-snippet:-1","max-image-preview":"max-image-preview:large","max-video-preview":"max-video-preview:-1"},"canonical":"https:\/\/vapemaison.com\/de\/product\/jnr-falke-bar-48000-einweg-vape-48000-puffs-dual-mesh-spule\/","og_locale":"de_DE","og_type":"article","og_title":"JNR Falcon Bar 48000 Disposable Vape | 48K Puffs","og_description":"Shop JNR Falcon Bar 48000 disposable vape with 48K puffs 45ml e-liquid capacity, adjustable airflow, and 1000mAh rechargeable battery with Type-C charging.","og_url":"https:\/\/vapemaison.com\/de\/product\/jnr-falke-bar-48000-einweg-vape-48000-puffs-dual-mesh-spule\/","og_site_name":"VapeMaison","article_modified_time":"2026-03-10T06:51:14+00:00","og_image":[{"width":1600,"height":1600,"url":"https:\/\/vapemaison.com\/wp-content\/uploads\/2026\/03\/vapemaison-jnr-falcon-bar-48000-puffs-dispasable-vape-flavor-strawberry-watermelon-ice.webp","type":"image\/webp"}],"twitter_card":"summary_large_image","twitter_misc":{"Gesch\u00e4tzte Lesezeit":"3\u00a0Minuten"},"schema":{"@context":"https:\/\/schema.org","@graph":[{"@type":"WebPage","@id":"https:\/\/vapemaison.com\/product\/jnr-falcon-bar-48000-disposable-vape-48000-puffs-dual-mesh-coil\/","url":"https:\/\/vapemaison.com\/product\/jnr-falcon-bar-48000-disposable-vape-48000-puffs-dual-mesh-coil\/","name":"JNR Falcon Bar 48000 Einweg Vape | 48K Puffs","isPartOf":{"@id":"https:\/\/vapemaison.com\/#website"},"primaryImageOfPage":{"@id":"https:\/\/vapemaison.com\/product\/jnr-falcon-bar-48000-disposable-vape-48000-puffs-dual-mesh-coil\/#primaryimage"},"image":{"@id":"https:\/\/vapemaison.com\/product\/jnr-falcon-bar-48000-disposable-vape-48000-puffs-dual-mesh-coil\/#primaryimage"},"thumbnailUrl":"https:\/\/vapemaison.com\/wp-content\/uploads\/2026\/03\/vapemaison-jnr-falcon-bar-48000-puffs-dispasable-vape-flavor-strawberry-watermelon-ice.webp","datePublished":"2026-03-10T06:51:09+00:00","dateModified":"2026-03-10T06:51:14+00:00","description":"Shop JNR Falcon Bar 48000 Einweg Verdampfer mit 48K Puffs 45ml e-Fl\u00fcssigkeit Kapazit\u00e4t, einstellbare Luftstrom, und 1000mAh Akku mit Typ-C-Ladung.","breadcrumb":{"@id":"https:\/\/vapemaison.com\/product\/jnr-falcon-bar-48000-disposable-vape-48000-puffs-dual-mesh-coil\/#breadcrumb"},"inLanguage":"de","potentialAction":[{"@type":"ReadAction","target":["https:\/\/vapemaison.com\/product\/jnr-falcon-bar-48000-disposable-vape-48000-puffs-dual-mesh-coil\/"]}]},{"@type":"ImageObject","inLanguage":"de","@id":"https:\/\/vapemaison.com\/product\/jnr-falcon-bar-48000-disposable-vape-48000-puffs-dual-mesh-coil\/#primaryimage","url":"https:\/\/vapemaison.com\/wp-content\/uploads\/2026\/03\/vapemaison-jnr-falcon-bar-48000-puffs-dispasable-vape-flavor-strawberry-watermelon-ice.webp","contentUrl":"https:\/\/vapemaison.com\/wp-content\/uploads\/2026\/03\/vapemaison-jnr-falcon-bar-48000-puffs-dispasable-vape-flavor-strawberry-watermelon-ice.webp","width":1600,"height":1600,"caption":"Vapemaison Jnr Falcon Bar Puffs Dispasable Vape Flavor Strawberry Watermelon Ice"},{"@type":"BreadcrumbList","@id":"https:\/\/vapemaison.com\/product\/jnr-falcon-bar-48000-disposable-vape-48000-puffs-dual-mesh-coil\/#breadcrumb","itemListElement":[{"@type":"ListItem","position":1,"name":"\u9996\u9875","item":"https:\/\/vapemaison.com\/"},{"@type":"ListItem","position":2,"name":"Shop","item":"https:\/\/vapemaison.com\/shop\/"},{"@type":"ListItem","position":3,"name":"JNR","item":"https:\/\/vapemaison.com\/brand\/jnr\/"},{"@type":"ListItem","position":4,"name":"JNR Falcon Bar 48000 Disposable Vape | 48,000 Puffs | Dual Mesh Coil"}]},{"@type":"WebSite","@id":"https:\/\/vapemaison.com\/#website","url":"https:\/\/vapemaison.com\/","name":"VapeMaison","description":"Premium Vaping-Ger\u00e4te und Zubeh\u00f6r","publisher":{"@id":"https:\/\/vapemaison.com\/#organization"},"potentialAction":[{"@type":"SearchAction","target":{"@type":"EntryPoint","urlTemplate":"https:\/\/vapemaison.com\/?s={search_term_string}"},"query-input":{"@type":"PropertyValueSpecification","valueRequired":true,"valueName":"search_term_string"}}],"inLanguage":"de"},{"@type":"Organization","@id":"https:\/\/vapemaison.com\/#organization","name":"VapeMaison","url":"https:\/\/vapemaison.com\/","logo":{"@type":"ImageObject","inLanguage":"de","@id":"https:\/\/vapemaison.com\/#\/schema\/logo\/image\/","url":"https:\/\/vapemaison.com\/wp-content\/uploads\/2026\/01\/cropped-vapemaison-logo-g-2026.webp","contentUrl":"https:\/\/vapemaison.com\/wp-content\/uploads\/2026\/01\/cropped-vapemaison-logo-g-2026.webp","width":350,"height":280,"caption":"VapeMaison"},"image":{"@id":"https:\/\/vapemaison.com\/#\/schema\/logo\/image\/"},"sameAs":["https:\/\/www.youtube.com\/@VapeMaison"]}]}},"tiered_pricing_type":"fixed","tiered_pricing_fixed_rules":{"30":"11.99","50":"11.36","100":"10.78","200":"9.99"},"tiered_pricing_product_settings":{"layout":"default","base_unit_name":{"singular":null,"plural":null},"default_variation":null},"tiered_pricing_minimum_quantity":10,"tiered_pricing_roles_data":[],"tiered_pricing_percentage_rules":[],"tiered_pricing_maximum_quantity":null,"tiered_pricing_quantity_step":"10","_links":{"self":[{"href":"https:\/\/vapemaison.com\/de\/wp-json\/wp\/v2\/product\/27822","targetHints":{"allow":["GET"]}}],"collection":[{"href":"https:\/\/vapemaison.com\/de\/wp-json\/wp\/v2\/product"}],"about":[{"href":"https:\/\/vapemaison.com\/de\/wp-json\/wp\/v2\/types\/product"}],"replies":[{"embeddable":true,"href":"https:\/\/vapemaison.com\/de\/wp-json\/wp\/v2\/comments?post=27822"}],"version-history":[{"count":1,"href":"https:\/\/vapemaison.com\/de\/wp-json\/wp\/v2\/product\/27822\/revisions"}],"predecessor-version":[{"id":27835,"href":"https:\/\/vapemaison.com\/de\/wp-json\/wp\/v2\/product\/27822\/revisions\/27835"}],"wp:featuredmedia":[{"embeddable":true,"href":"https:\/\/vapemaison.com\/de\/wp-json\/wp\/v2\/media\/27832"}],"wp:attachment":[{"href":"https:\/\/vapemaison.com\/de\/wp-json\/wp\/v2\/media?parent=27822"}],"wp:term":[{"taxonomy":"product_brand","embeddable":true,"href":"https:\/\/vapemaison.com\/de\/wp-json\/wp\/v2\/product_brand?post=27822"},{"taxonomy":"product_cat","embeddable":true,"href":"https:\/\/vapemaison.com\/de\/wp-json\/wp\/v2\/product_cat?post=27822"},{"taxonomy":"product_tag","embeddable":true,"href":"https:\/\/vapemaison.com\/de\/wp-json\/wp\/v2\/product_tag?post=27822"}],"curies":[{"name":"wp","href":"https:\/\/api.w.org\/{rel}","templated":true}]}}