

{"id":27868,"date":"2026-03-12T03:34:34","date_gmt":"2026-03-12T03:34:34","guid":{"rendered":"https:\/\/vapemaison.com\/?post_type=product&#038;p=27868"},"modified":"2026-03-12T03:34:39","modified_gmt":"2026-03-12T03:34:39","slug":"fumot-digitalen-affen-40000-40k-puffs-einweg-vape","status":"publish","type":"product","link":"https:\/\/vapemaison.com\/de\/product\/fumot-digital-monkey-40000-40k-puffs-disposable-vape\/","title":{"rendered":"Fumot Digital Monkey 40000 40K Puffs Einweg Vape"},"content":{"rendered":"<p>Die <strong>Fumot Digital Monkey 40000 40K Puffs Einweg Vape<\/strong> ist ein leistungsstarkes Upgrade des bekannten <strong>Fumot 12000<\/strong>. Dieses mit fortschrittlicher Technologie und modernem Design ausgestattete Ger\u00e4t kombiniert <strong>Dual Mesh Coil Leistung, ein intelligentes Display und umschaltbare Vaping-Modi<\/strong> um ein interaktiveres Vaping-Erlebnis zu erm\u00f6glichen.<\/p>\n\n\n\n<p>Zun\u00e4chst einmal verf\u00fcgt das Ger\u00e4t \u00fcber eine <strong>stilvolles glasiertes \u00c4u\u00dferes<\/strong> zusammen mit dem kultigen <strong>\u201cGrafik \u201dDigitaler Affe\"<\/strong>, und verleiht ihm ein unverwechselbares und hochwertiges Aussehen. Gleichzeitig ist die <strong>gro\u00dfer, nach vorne gerichteter Smart Screen<\/strong> zeigt wichtige Informationen in Echtzeit an, darunter <strong>Akkustand, E-Liquid-Status und der aktuelle Vaping-Modus<\/strong>.<\/p>\n\n\n\n<h2 class=\"wp-block-heading\">Intelligentes Display mit Echtzeit-Informationen<\/h2>\n\n\n\n<p>Eines der herausragenden Merkmale des Digital Monkey <strong>40K Puffs<\/strong> ist seine <strong>integriertes intelligentes Anzeigesystem<\/strong>. Der Bildschirm hebt nicht nur das Design von Digital Monkey hervor, sondern bietet auch <strong>Live-Betriebsdaten<\/strong> f\u00fcr ein bequemeres Vaping-Erlebnis.<\/p>\n\n\n\n<p>Das Display zeigt an:<\/p>\n\n\n\n<ul class=\"wp-block-list\">\n<li>Verbleibende <strong>Batteriestand<\/strong><\/li>\n\n\n\n<li><strong>E-Fl\u00fcssigkeitsstand<\/strong><\/li>\n\n\n\n<li>Aktuell <strong>Vaping-Modus<\/strong><\/li>\n\n\n\n<li>Ger\u00e4testatusanzeigen<\/li>\n<\/ul>\n\n\n\n<p>Auf diese Weise k\u00f6nnen die Benutzer das Ger\u00e4t leicht \u00fcberwachen und unerwartete Unterbrechungen vermeiden.<\/p>\n\n\n\n<h2 class=\"wp-block-heading\">Dual Engine Vaping Modi<\/h2>\n\n\n\n<p>Dar\u00fcber hinaus bietet das Ger\u00e4t <strong>zwei w\u00e4hlbare Leistungsmodi<\/strong> um verschiedenen Vaping-Stilen gerecht zu werden.<\/p>\n\n\n\n<p><strong>Doppelmotor-Modus (D)<\/strong><br>Erzeugt st\u00e4rkeren Dampf und intensivere Geschmacksabgabe.<\/p>\n\n\n\n<p><strong>Einzelmotor-Modus (S)<\/strong><br>Sorgt f\u00fcr ein sanfteres und ausgeglicheneres t\u00e4gliches Dampfen.<\/p>\n\n\n\n<p>Au\u00dferdem ist der Wechsel zwischen diesen Modi einfach. Die Benutzer m\u00fcssen nur die Taste <strong>Taste an der Unterseite des Ger\u00e4ts<\/strong>.<\/p>\n\n\n\n<h2 class=\"wp-block-heading\">Doppelmaschige Spulentechnologie<\/h2>\n\n\n\n<p>Ein weiteres wichtiges Merkmal ist die <strong>Doppelmaschiges Spulensystem<\/strong>. Im Vergleich zu herk\u00f6mmlichen Spulen verwendet dieses Design <strong>zwei Lagen Netzheizmaterial<\/strong>, Dadurch vergr\u00f6\u00dfert sich die Oberfl\u00e4che, die mit dem E-Liquid in Ber\u00fchrung kommt.<\/p>\n\n\n\n<p>Das liegt an dieser Struktur:<\/p>\n\n\n\n<ul class=\"wp-block-list\">\n<li>Die W\u00e4rmeverteilung wird gleichm\u00e4\u00dfiger<\/li>\n\n\n\n<li>Die Dampferzeugung wird gleichm\u00e4\u00dfiger<\/li>\n\n\n\n<li>Die Geschmacksintensit\u00e4t verbessert sich erheblich<\/li>\n<\/ul>\n\n\n\n<p>Daher liefert jeder Zug eine <strong>reichhaltiger und befriedigender Geschmack<\/strong>.<\/p>\n\n\n\n<h2 class=\"wp-block-heading\">Wiederaufladbare Batterie f\u00fcr l\u00e4ngeren Gebrauch<\/h2>\n\n\n\n<p>Inzwischen wird das Ger\u00e4t von einem <strong>850mAh wiederaufladbare Batterie<\/strong> mit <strong>USB-C-Schnellladung<\/strong>. So kann der Benutzer das Ger\u00e4t w\u00e4hrend seiner Lebensdauer mehrmals aufladen.<\/p>\n\n\n\n<p>Folglich wird die Batterie nicht leer sein, bevor die <strong>vorgef\u00fclltes E-Liquid<\/strong> wird vollst\u00e4ndig genutzt und sorgt f\u00fcr ein l\u00e4ngeres und zuverl\u00e4ssigeres Dampferlebnis.<\/p>\n\n\n\n<h2 class=\"wp-block-heading\">Schnelle Spezifikationen<\/h2>\n\n\n\n<p>Puffs: <strong>Bis zu 40.000 Puffs<\/strong><br>Batterie: <strong>850mAh wiederaufladbar (USB-C)<\/strong><br>Spule: <strong>Dual Mesh Spule<\/strong><br>Anzeige: <strong>Smart Screen (Batterie, Fl\u00fcssigkeitsstand, Modusanzeige)<\/strong><br>E-Fl\u00fcssigkeit Kapazit\u00e4t: <strong>16mL Vorgef\u00fcllt<\/strong><br>Nikotinst\u00e4rke: <strong>2% (20mg) \/ 5% (50mg)<\/strong><br>Modi: <strong>Doppelmotor (D) \/ Einzelmotor (S)<\/strong><br>Entwurf: <strong>Glasiertes Muster au\u00dfen + digitale Affengrafik<\/strong><\/p>\n\n\n\n<h2 class=\"wp-block-heading\">Verf\u00fcgbare Geschmacksrichtungen<\/h2>\n\n\n\n<p>Bananeneis<br>Erdbeere Wassermelone<br>Miami Mint<br>Heidelbeere-Himbeere<br>Schwarzes Eis<br>Wei\u00dfes Gummieis<br>Wassermelone Eis<br>Saftiges Pfirsicheis<br>Rosa Limonade<br>Erdbeer-Mango<br>Pfirsich Mango Wassermelone<br>Weintraube Zitrone<br>Tropische Regenbogenexplosion<br>Kirschbombe<br>Erdbeer-Minze-Bonbon<br>Doppelter Apfel<\/p>","protected":false},"excerpt":{"rendered":"<p>Der Fumot Digital Monkey 40000 kombiniert Dual-Mesh-Coil-Leistung, Smart-Screen-Technologie und umschaltbare Vaping-Modi.<br data-start=\"3810\" data-end=\"3813\" \/>Mit bis zu 40K Puffs und einem 850mAh-Akku liefert er ein leistungsstarkes und lang anhaltendes Dampferlebnis.<\/p>","protected":false},"featured_media":27882,"comment_status":"open","ping_status":"closed","template":"","meta":[],"product_brand":[58],"product_cat":[135],"product_tag":[],"class_list":{"0":"post-27868","1":"product","2":"type-product","3":"status-publish","4":"has-post-thumbnail","6":"product_brand-fumot","7":"product_cat-40k-puffs","9":"first","10":"instock","11":"sale","12":"shipping-taxable","13":"purchasable","14":"product-type-variable"},"yoast_head":"<!-- This site is optimized with the Yoast SEO plugin v27.4 - https:\/\/yoast.com\/product\/yoast-seo-wordpress\/ -->\n<title>Fumot Digital Monkey 40000 40K Puffs Disposable Vape<\/title>\n<meta name=\"description\" content=\"Fumot Digital Monkey 40000 disposable vape with dual mesh coil, smart display, dual modes and rechargeable 850mAh battery. Up to 40K puffs.\" \/>\n<meta name=\"robots\" content=\"index, follow, max-snippet:-1, max-image-preview:large, max-video-preview:-1\" \/>\n<link rel=\"canonical\" href=\"https:\/\/vapemaison.com\/de\/product\/fumot-digitalen-affen-40000-40k-puffs-einweg-vape\/\" \/>\n<meta property=\"og:locale\" content=\"de_DE\" \/>\n<meta property=\"og:type\" content=\"article\" \/>\n<meta property=\"og:title\" content=\"Fumot Digital Monkey 40000 40K Puffs Disposable Vape\" \/>\n<meta property=\"og:description\" content=\"Fumot Digital Monkey 40000 disposable vape with dual mesh coil, smart display, dual modes and rechargeable 850mAh battery. Up to 40K puffs.\" \/>\n<meta property=\"og:url\" content=\"https:\/\/vapemaison.com\/de\/product\/fumot-digitalen-affen-40000-40k-puffs-einweg-vape\/\" \/>\n<meta property=\"og:site_name\" content=\"VapeMaison\" \/>\n<meta property=\"article:modified_time\" content=\"2026-03-12T03:34:39+00:00\" \/>\n<meta property=\"og:image\" content=\"https:\/\/vapemaison.com\/wp-content\/uploads\/2026\/03\/vapemaison-fumot-digital-monkey-40000-puffs-strawberry-watermelon.webp\" \/>\n\t<meta property=\"og:image:width\" content=\"1000\" \/>\n\t<meta property=\"og:image:height\" content=\"1000\" \/>\n\t<meta property=\"og:image:type\" content=\"image\/webp\" \/>\n<meta name=\"twitter:card\" content=\"summary_large_image\" \/>\n<meta name=\"twitter:label1\" content=\"Gesch\u00e4tzte Lesezeit\" \/>\n\t<meta name=\"twitter:data1\" content=\"3\u00a0Minuten\" \/>\n<!-- \/ Yoast SEO plugin. -->","yoast_head_json":{"title":"Fumot Digital Monkey 40000 40K Puffs Einweg Vape","description":"Fumot Digital Monkey 40000 Einweg Verdampfer mit Dual-Mesh-Spule, Smart-Display, Dual-Modi und wiederaufladbare 850mAh Batterie. Bis zu 40K Puffs.","robots":{"index":"index","follow":"follow","max-snippet":"max-snippet:-1","max-image-preview":"max-image-preview:large","max-video-preview":"max-video-preview:-1"},"canonical":"https:\/\/vapemaison.com\/de\/product\/fumot-digitalen-affen-40000-40k-puffs-einweg-vape\/","og_locale":"de_DE","og_type":"article","og_title":"Fumot Digital Monkey 40000 40K Puffs Disposable Vape","og_description":"Fumot Digital Monkey 40000 disposable vape with dual mesh coil, smart display, dual modes and rechargeable 850mAh battery. Up to 40K puffs.","og_url":"https:\/\/vapemaison.com\/de\/product\/fumot-digitalen-affen-40000-40k-puffs-einweg-vape\/","og_site_name":"VapeMaison","article_modified_time":"2026-03-12T03:34:39+00:00","og_image":[{"width":1000,"height":1000,"url":"https:\/\/vapemaison.com\/wp-content\/uploads\/2026\/03\/vapemaison-fumot-digital-monkey-40000-puffs-strawberry-watermelon.webp","type":"image\/webp"}],"twitter_card":"summary_large_image","twitter_misc":{"Gesch\u00e4tzte Lesezeit":"3\u00a0Minuten"},"schema":{"@context":"https:\/\/schema.org","@graph":[{"@type":"WebPage","@id":"https:\/\/vapemaison.com\/product\/fumot-digital-monkey-40000-40k-puffs-disposable-vape\/","url":"https:\/\/vapemaison.com\/product\/fumot-digital-monkey-40000-40k-puffs-disposable-vape\/","name":"Fumot Digital Monkey 40000 40K Puffs Einweg Vape","isPartOf":{"@id":"https:\/\/vapemaison.com\/#website"},"primaryImageOfPage":{"@id":"https:\/\/vapemaison.com\/product\/fumot-digital-monkey-40000-40k-puffs-disposable-vape\/#primaryimage"},"image":{"@id":"https:\/\/vapemaison.com\/product\/fumot-digital-monkey-40000-40k-puffs-disposable-vape\/#primaryimage"},"thumbnailUrl":"https:\/\/vapemaison.com\/wp-content\/uploads\/2026\/03\/vapemaison-fumot-digital-monkey-40000-puffs-strawberry-watermelon.webp","datePublished":"2026-03-12T03:34:34+00:00","dateModified":"2026-03-12T03:34:39+00:00","description":"Fumot Digital Monkey 40000 Einweg Verdampfer mit Dual-Mesh-Spule, Smart-Display, Dual-Modi und wiederaufladbare 850mAh Batterie. Bis zu 40K Puffs.","breadcrumb":{"@id":"https:\/\/vapemaison.com\/product\/fumot-digital-monkey-40000-40k-puffs-disposable-vape\/#breadcrumb"},"inLanguage":"de","potentialAction":[{"@type":"ReadAction","target":["https:\/\/vapemaison.com\/product\/fumot-digital-monkey-40000-40k-puffs-disposable-vape\/"]}]},{"@type":"ImageObject","inLanguage":"de","@id":"https:\/\/vapemaison.com\/product\/fumot-digital-monkey-40000-40k-puffs-disposable-vape\/#primaryimage","url":"https:\/\/vapemaison.com\/wp-content\/uploads\/2026\/03\/vapemaison-fumot-digital-monkey-40000-puffs-strawberry-watermelon.webp","contentUrl":"https:\/\/vapemaison.com\/wp-content\/uploads\/2026\/03\/vapemaison-fumot-digital-monkey-40000-puffs-strawberry-watermelon.webp","width":1000,"height":1000,"caption":"Vapemaison Fumot Digital Monkey Puffs Strawberry Watermelon"},{"@type":"BreadcrumbList","@id":"https:\/\/vapemaison.com\/product\/fumot-digital-monkey-40000-40k-puffs-disposable-vape\/#breadcrumb","itemListElement":[{"@type":"ListItem","position":1,"name":"\u9996\u9875","item":"https:\/\/vapemaison.com\/"},{"@type":"ListItem","position":2,"name":"Shop","item":"https:\/\/vapemaison.com\/shop\/"},{"@type":"ListItem","position":3,"name":"Fumot","item":"https:\/\/vapemaison.com\/brand\/fumot\/"},{"@type":"ListItem","position":4,"name":"Fumot Digital Monkey 40000 40K Puffs Disposable Vape"}]},{"@type":"WebSite","@id":"https:\/\/vapemaison.com\/#website","url":"https:\/\/vapemaison.com\/","name":"VapeMaison","description":"Premium Vaping-Ger\u00e4te und Zubeh\u00f6r","publisher":{"@id":"https:\/\/vapemaison.com\/#organization"},"potentialAction":[{"@type":"SearchAction","target":{"@type":"EntryPoint","urlTemplate":"https:\/\/vapemaison.com\/?s={search_term_string}"},"query-input":{"@type":"PropertyValueSpecification","valueRequired":true,"valueName":"search_term_string"}}],"inLanguage":"de"},{"@type":"Organization","@id":"https:\/\/vapemaison.com\/#organization","name":"VapeMaison","url":"https:\/\/vapemaison.com\/","logo":{"@type":"ImageObject","inLanguage":"de","@id":"https:\/\/vapemaison.com\/#\/schema\/logo\/image\/","url":"https:\/\/vapemaison.com\/wp-content\/uploads\/2026\/01\/cropped-vapemaison-logo-g-2026.webp","contentUrl":"https:\/\/vapemaison.com\/wp-content\/uploads\/2026\/01\/cropped-vapemaison-logo-g-2026.webp","width":350,"height":280,"caption":"VapeMaison"},"image":{"@id":"https:\/\/vapemaison.com\/#\/schema\/logo\/image\/"},"sameAs":["https:\/\/www.youtube.com\/@VapeMaison"]}]}},"tiered_pricing_type":"fixed","tiered_pricing_fixed_rules":{"30":"9.78","50":"8.99","100":"8.45","200":"7.99"},"tiered_pricing_product_settings":{"layout":"default","base_unit_name":{"singular":null,"plural":null},"default_variation":null},"tiered_pricing_minimum_quantity":10,"tiered_pricing_roles_data":[],"tiered_pricing_percentage_rules":[],"tiered_pricing_maximum_quantity":null,"tiered_pricing_quantity_step":"10","_links":{"self":[{"href":"https:\/\/vapemaison.com\/de\/wp-json\/wp\/v2\/product\/27868","targetHints":{"allow":["GET"]}}],"collection":[{"href":"https:\/\/vapemaison.com\/de\/wp-json\/wp\/v2\/product"}],"about":[{"href":"https:\/\/vapemaison.com\/de\/wp-json\/wp\/v2\/types\/product"}],"replies":[{"embeddable":true,"href":"https:\/\/vapemaison.com\/de\/wp-json\/wp\/v2\/comments?post=27868"}],"version-history":[{"count":4,"href":"https:\/\/vapemaison.com\/de\/wp-json\/wp\/v2\/product\/27868\/revisions"}],"predecessor-version":[{"id":27921,"href":"https:\/\/vapemaison.com\/de\/wp-json\/wp\/v2\/product\/27868\/revisions\/27921"}],"wp:featuredmedia":[{"embeddable":true,"href":"https:\/\/vapemaison.com\/de\/wp-json\/wp\/v2\/media\/27882"}],"wp:attachment":[{"href":"https:\/\/vapemaison.com\/de\/wp-json\/wp\/v2\/media?parent=27868"}],"wp:term":[{"taxonomy":"product_brand","embeddable":true,"href":"https:\/\/vapemaison.com\/de\/wp-json\/wp\/v2\/product_brand?post=27868"},{"taxonomy":"product_cat","embeddable":true,"href":"https:\/\/vapemaison.com\/de\/wp-json\/wp\/v2\/product_cat?post=27868"},{"taxonomy":"product_tag","embeddable":true,"href":"https:\/\/vapemaison.com\/de\/wp-json\/wp\/v2\/product_tag?post=27868"}],"curies":[{"name":"wp","href":"https:\/\/api.w.org\/{rel}","templated":true}]}}