

{"id":27998,"date":"2026-03-14T08:19:34","date_gmt":"2026-03-14T08:19:34","guid":{"rendered":"https:\/\/vapemaison.com\/?post_type=product&#038;p=27998"},"modified":"2026-04-03T09:27:57","modified_gmt":"2026-04-03T09:27:57","slug":"knall-fuhrer-stoll-350k-puffs-8-in-1-einweg-vape","status":"publish","type":"product","link":"https:\/\/vapemaison.com\/de\/product\/bang-leader-stoll-350k-puffs-8-in-1-disposable-vape\/","title":{"rendered":"Bang Leader Stoll 350K Puffs 8-in-1 Einweg-Vape"},"content":{"rendered":"<p>Die <strong>Bang Leader Stoll 350K<\/strong> wurde f\u00fcr Dampfer entwickelt, die nach <strong>maximale Geschmacksvielfalt<\/strong> und <strong>langanhaltende Leistung<\/strong> in einem einzigen Ger\u00e4t. Anstatt mehrere Einwegartikel mit sich zu f\u00fchren, kombiniert dieses innovative Vape <strong>8 Geschmacksrichtungen in einem<\/strong>, und erm\u00f6glicht einen sofortigen Geschmackswechsel jederzeit und \u00fcberall. Entdecken Sie weitere Optionen auf unserer <a href=\"https:\/\/vapemaison.com\/shop\/\">Shop-Seite<\/a> oder sehen Sie die vollst\u00e4ndige <a href=\"https:\/\/vapemaison.com\/brand\/bang\/\">Kollektion der Marke Bang<\/a>.<\/p>\n\n\n\n<h2 class=\"wp-block-heading\">Wichtigste Highlights<\/h2>\n\n\n\n<ul class=\"wp-block-list\">\n<li><strong>Massive Puffkapazit\u00e4t:<\/strong> Bis zu <strong>350.000 Z\u00fcge<\/strong>, und ist damit eines der Einwegger\u00e4te mit der gr\u00f6\u00dften Kapazit\u00e4t auf dem Markt. Sehen Sie sich verwandte Ger\u00e4te an wie <a href=\"https:\/\/vapemaison.com\/product\/bang-king-250k-4-in-1-disposable-vape\/\" type=\"link\" id=\"https:\/\/vapemaison.com\/product\/bang-king-250k-4-in-1-disposable-vape\/\">Bang 250K<\/a> oder <a href=\"https:\/\/vapemaison.com\/product\/bang-king-200k-200000-puffs-8-in-1-flavor-disposable-vape\/\" type=\"link\" id=\"https:\/\/vapemaison.com\/product\/bang-leader-stoll-350k-puffs-8-in-1-disposable-vape\/\">Bang 200K<\/a>.<\/li>\n\n\n\n<li><strong>8-in-1-Aroma-System:<\/strong> Wechseln Sie im Handumdrehen zwischen acht integrierten Geschmacksrichtungen, um w\u00e4hrend der gesamten Lebensdauer des Ger\u00e4ts ein frisches Erlebnis zu haben.<\/li>\n\n\n\n<li><strong>Intelligentes Display:<\/strong> Seitlich angebrachter Bildschirm zeigt <strong>Batteriestand<\/strong>, <strong>E-Liquid-Status<\/strong>, und <strong>Nutzungsinformationen<\/strong>, So wissen Sie immer, wann es Zeit ist, sich aufzuladen.<\/li>\n\n\n\n<li><strong>Langanhaltende Leistung:<\/strong> Ausgestattet mit einem <strong>650mAh wiederaufladbare Batterie<\/strong>, und bietet eine stabile Leistung bei l\u00e4ngerem Gebrauch.<\/li>\n\n\n\n<li><strong>USB-C-Schnellaufladung:<\/strong> Bequemes Aufladen mit Standard-USB-Typ-C-Kabeln.<\/li>\n\n\n\n<li><strong>Mesh Coil Technologie:<\/strong> Sorgt f\u00fcr einen gleichm\u00e4\u00dfigen Luftstrom, dichten Dampf und reiches Aroma bei jedem Zug.<\/li>\n<\/ul>\n\n\n\n<h2 class=\"wp-block-heading\">Produktspezifikationen<\/h2>\n\n\n\n<figure class=\"wp-block-table\"><table class=\"has-fixed-layout\"><thead><tr><th>Merkmal<\/th><th>Beschreibung<\/th><\/tr><\/thead><tbody><tr><td>Puff-Kapazit\u00e4t<\/td><td>Bis zu 350.000 Puffs<\/td><\/tr><tr><td>Geschmackssystem<\/td><td>8 Geschmacksrichtungen in 1 Ger\u00e4t<\/td><\/tr><tr><td>Batterie<\/td><td>650mAh Wiederaufladbar<\/td><\/tr><tr><td>Ladeanschluss<\/td><td>USB Typ-C<\/td><\/tr><tr><td>Spule Typ<\/td><td>1.0\u03a9 Masche Spule<\/td><\/tr><tr><td>Nikotin-Optionen<\/td><td>0%, 2%, 3%, 5%<\/td><\/tr><tr><td>Anzeige<\/td><td>Intelligenter Bildschirm (Batterie- und Fl\u00fcssigkeitsstand)<\/td><\/tr><tr><td>Empfohlen f\u00fcr<\/td><td>Vaper, die langlebige Ger\u00e4te mit verschiedenen Geschmacksrichtungen suchen<\/td><\/tr><\/tbody><\/table><\/figure>\n\n\n\n<h2 class=\"wp-block-heading\">Geschmackskombinationen<\/h2>\n\n\n\n<p>Blue Razz Ice - Wassermelone Ice - Erdbeere Ice - Limette<br>Blaubeereis - Tropische Fr\u00fcchte - Apfel-Kiwi-Eis - Blue Razz Cherry<br>Cherry Cola - Pfirsich-Zitrone - Pinke Limonade - Mango-Passionsfrucht<br>Erdbeere-Kiwi-Blaubeere - Mango-Minze - Ananas-Erdbeere - Wassermelone-Eis<br>Kiwi Drachenbeere - Heidelbeere Wassermelone - Erdbeere Banane - Kirsche Eis<br>Erdbeer-Wassermelone - Ananas-Kokosnuss-Eis - Kiwi-Passionsfrucht-Guave - Grape Burst<br>Red Bull - Kirsche-Granatapfel - Wassermelone - Zitrone-Limette<br>Wassermelonen-Eis - Fucking Fab - Erdbeer-Himbeer - Apfel-Kiwi-Eis<br>Trauben-Eis - Liebe 66 - Heidelbeer-Eis - Drachenfrucht-Eis<br>Wassermeloneneis - Erdbeer-Wassermelone - Himbeer-Wassermelone - Heidelbeer-Himbeer<br>Pfirsich-Mango-Wassermelone - Heidelbeere-Kirsche - Drachenfrucht-Wassermelone - Passionskuss<br>Erdbeer-Himbeer - Erdbeer-Kiwi - Erdbeereis - Pfirsich-Mango-Wassermelone<\/p>\n\n\n\n<h2 class=\"wp-block-heading\">Warum Bang Leader Stoll 350K w\u00e4hlen?<\/h2>\n\n\n\n<ol class=\"wp-block-list\">\n<li><strong>Ultimative Vielfalt:<\/strong> 8 Geschmacksrichtungen in einem Ger\u00e4t bedeutet, dass Sie mehrere Geschmacksrichtungen genie\u00dfen k\u00f6nnen, ohne mehrere Einwegprodukte mit sich f\u00fchren zu m\u00fcssen.<\/li>\n\n\n\n<li><strong>Hohe Kapazit\u00e4t:<\/strong> Bis zu 350.000 Z\u00fcge sorgen f\u00fcr eine lange Nutzungsdauer und reduzieren die H\u00e4ufigkeit des Austauschs.<\/li>\n\n\n\n<li><strong>Bequeme \u00dcberwachung:<\/strong> Das intelligente Display informiert Sie \u00fcber Batterie- und Fl\u00fcssigkeitsstand.<\/li>\n\n\n\n<li><strong>Stabile Leistung:<\/strong> Die Mesh-Spule und der wiederaufladbare Akku sorgen f\u00fcr gleichbleibende Dampfqualit\u00e4t von Anfang bis Ende.<\/li>\n\n\n\n<li><strong>Anpassbare Optionen:<\/strong> Unterst\u00fctzt verschiedene Nikotinst\u00e4rken und umfassende OEM\/ODM-Markenbildungsm\u00f6glichkeiten.<\/li>\n<\/ol>","protected":false},"excerpt":{"rendered":"<p>Der Bang Leader Stoll 350K Disposable Vape verf\u00fcgt \u00fcber ein innovatives 8-in-1-Aromasystem, ein intelligentes Display und eine wiederaufladbare Batterie. Mit bis zu 350.000 Z\u00fcgen bietet er ein extrem lang anhaltendes und vielseitiges Dampferlebnis.<\/p>","protected":false},"featured_media":27999,"comment_status":"open","ping_status":"closed","template":"","meta":[],"product_brand":[57],"product_cat":[319,294],"product_tag":[],"class_list":{"0":"post-27998","1":"product","2":"type-product","3":"status-publish","4":"has-post-thumbnail","6":"product_brand-bang","7":"product_cat-350k-puffs","8":"product_cat-no-nicotine-vape","10":"first","11":"instock","12":"sale","13":"shipping-taxable","14":"purchasable","15":"product-type-variable"},"yoast_head":"<!-- This site is optimized with the Yoast SEO plugin v27.4 - https:\/\/yoast.com\/product\/yoast-seo-wordpress\/ -->\n<title>Bang Leader Stoll 350K Puffs 8-in-1 Disposable Vape<\/title>\n<meta name=\"description\" content=\"Bang Leader Stoll 350K disposable vape with 8 flavors in one device, smart display, mesh coil and rechargeable 650mAh battery. Up to 350000 puffs.\" \/>\n<meta name=\"robots\" content=\"index, follow, max-snippet:-1, max-image-preview:large, max-video-preview:-1\" \/>\n<link rel=\"canonical\" href=\"https:\/\/vapemaison.com\/de\/product\/knall-fuhrer-stoll-350k-puffs-8-in-1-einweg-vape\/\" \/>\n<meta property=\"og:locale\" content=\"de_DE\" \/>\n<meta property=\"og:type\" content=\"article\" \/>\n<meta property=\"og:title\" content=\"Bang Leader Stoll 350K Puffs 8-in-1 Disposable Vape\" \/>\n<meta property=\"og:description\" content=\"Bang Leader Stoll 350K disposable vape with 8 flavors in one device, smart display, mesh coil and rechargeable 650mAh battery. Up to 350000 puffs.\" \/>\n<meta property=\"og:url\" content=\"https:\/\/vapemaison.com\/de\/product\/knall-fuhrer-stoll-350k-puffs-8-in-1-einweg-vape\/\" \/>\n<meta property=\"og:site_name\" content=\"VapeMaison\" \/>\n<meta property=\"article:modified_time\" content=\"2026-04-03T09:27:57+00:00\" \/>\n<meta property=\"og:image\" content=\"https:\/\/vapemaison.com\/wp-content\/uploads\/2026\/03\/bang-leader-stoll-350000-puffs-8in1-disposable-vape.webp\" \/>\n\t<meta property=\"og:image:width\" content=\"800\" \/>\n\t<meta property=\"og:image:height\" content=\"800\" \/>\n\t<meta property=\"og:image:type\" content=\"image\/webp\" \/>\n<meta name=\"twitter:card\" content=\"summary_large_image\" \/>\n<meta name=\"twitter:label1\" content=\"Gesch\u00e4tzte Lesezeit\" \/>\n\t<meta name=\"twitter:data1\" content=\"3\u00a0Minuten\" \/>\n<!-- \/ Yoast SEO plugin. -->","yoast_head_json":{"title":"Bang Leader Stoll 350K Puffs 8-in-1 Einweg-Vape","description":"Bang Leader Stoll 350K Einwegverdampfer mit 8 Geschmacksrichtungen in einem Ger\u00e4t, Smart-Display, Mesh-Spule und wiederaufladbare 650mAh Batterie. Bis zu 350000 Z\u00fcge.","robots":{"index":"index","follow":"follow","max-snippet":"max-snippet:-1","max-image-preview":"max-image-preview:large","max-video-preview":"max-video-preview:-1"},"canonical":"https:\/\/vapemaison.com\/de\/product\/knall-fuhrer-stoll-350k-puffs-8-in-1-einweg-vape\/","og_locale":"de_DE","og_type":"article","og_title":"Bang Leader Stoll 350K Puffs 8-in-1 Disposable Vape","og_description":"Bang Leader Stoll 350K disposable vape with 8 flavors in one device, smart display, mesh coil and rechargeable 650mAh battery. Up to 350000 puffs.","og_url":"https:\/\/vapemaison.com\/de\/product\/knall-fuhrer-stoll-350k-puffs-8-in-1-einweg-vape\/","og_site_name":"VapeMaison","article_modified_time":"2026-04-03T09:27:57+00:00","og_image":[{"width":800,"height":800,"url":"https:\/\/vapemaison.com\/wp-content\/uploads\/2026\/03\/bang-leader-stoll-350000-puffs-8in1-disposable-vape.webp","type":"image\/webp"}],"twitter_card":"summary_large_image","twitter_misc":{"Gesch\u00e4tzte Lesezeit":"3\u00a0Minuten"},"schema":{"@context":"https:\/\/schema.org","@graph":[{"@type":"WebPage","@id":"https:\/\/vapemaison.com\/product\/bang-leader-stoll-350k-puffs-8-in-1-disposable-vape\/","url":"https:\/\/vapemaison.com\/product\/bang-leader-stoll-350k-puffs-8-in-1-disposable-vape\/","name":"Bang Leader Stoll 350K Puffs 8-in-1 Einweg-Vape","isPartOf":{"@id":"https:\/\/vapemaison.com\/#website"},"primaryImageOfPage":{"@id":"https:\/\/vapemaison.com\/product\/bang-leader-stoll-350k-puffs-8-in-1-disposable-vape\/#primaryimage"},"image":{"@id":"https:\/\/vapemaison.com\/product\/bang-leader-stoll-350k-puffs-8-in-1-disposable-vape\/#primaryimage"},"thumbnailUrl":"https:\/\/vapemaison.com\/wp-content\/uploads\/2026\/03\/bang-leader-stoll-350000-puffs-8in1-disposable-vape.webp","datePublished":"2026-03-14T08:19:34+00:00","dateModified":"2026-04-03T09:27:57+00:00","description":"Bang Leader Stoll 350K Einwegverdampfer mit 8 Geschmacksrichtungen in einem Ger\u00e4t, Smart-Display, Mesh-Spule und wiederaufladbare 650mAh Batterie. Bis zu 350000 Z\u00fcge.","breadcrumb":{"@id":"https:\/\/vapemaison.com\/product\/bang-leader-stoll-350k-puffs-8-in-1-disposable-vape\/#breadcrumb"},"inLanguage":"de","potentialAction":[{"@type":"ReadAction","target":["https:\/\/vapemaison.com\/product\/bang-leader-stoll-350k-puffs-8-in-1-disposable-vape\/"]}]},{"@type":"ImageObject","inLanguage":"de","@id":"https:\/\/vapemaison.com\/product\/bang-leader-stoll-350k-puffs-8-in-1-disposable-vape\/#primaryimage","url":"https:\/\/vapemaison.com\/wp-content\/uploads\/2026\/03\/bang-leader-stoll-350000-puffs-8in1-disposable-vape.webp","contentUrl":"https:\/\/vapemaison.com\/wp-content\/uploads\/2026\/03\/bang-leader-stoll-350000-puffs-8in1-disposable-vape.webp","width":800,"height":800,"caption":"Bang Leader Stoll Puffs 8in1 Disposable Vape"},{"@type":"BreadcrumbList","@id":"https:\/\/vapemaison.com\/product\/bang-leader-stoll-350k-puffs-8-in-1-disposable-vape\/#breadcrumb","itemListElement":[{"@type":"ListItem","position":1,"name":"\u9996\u9875","item":"https:\/\/vapemaison.com\/"},{"@type":"ListItem","position":2,"name":"Shop","item":"https:\/\/vapemaison.com\/shop\/"},{"@type":"ListItem","position":3,"name":"Bang","item":"https:\/\/vapemaison.com\/brand\/bang\/"},{"@type":"ListItem","position":4,"name":"Bang Leader Stoll 350K Puffs 8-in-1 Disposable Vape"}]},{"@type":"WebSite","@id":"https:\/\/vapemaison.com\/#website","url":"https:\/\/vapemaison.com\/","name":"VapeMaison","description":"Premium Vaping-Ger\u00e4te und Zubeh\u00f6r","publisher":{"@id":"https:\/\/vapemaison.com\/#organization"},"potentialAction":[{"@type":"SearchAction","target":{"@type":"EntryPoint","urlTemplate":"https:\/\/vapemaison.com\/?s={search_term_string}"},"query-input":{"@type":"PropertyValueSpecification","valueRequired":true,"valueName":"search_term_string"}}],"inLanguage":"de"},{"@type":"Organization","@id":"https:\/\/vapemaison.com\/#organization","name":"VapeMaison","url":"https:\/\/vapemaison.com\/","logo":{"@type":"ImageObject","inLanguage":"de","@id":"https:\/\/vapemaison.com\/#\/schema\/logo\/image\/","url":"https:\/\/vapemaison.com\/wp-content\/uploads\/2026\/01\/cropped-vapemaison-logo-g-2026.webp","contentUrl":"https:\/\/vapemaison.com\/wp-content\/uploads\/2026\/01\/cropped-vapemaison-logo-g-2026.webp","width":350,"height":280,"caption":"VapeMaison"},"image":{"@id":"https:\/\/vapemaison.com\/#\/schema\/logo\/image\/"},"sameAs":["https:\/\/www.youtube.com\/@VapeMaison"]}]}},"tiered_pricing_type":"fixed","tiered_pricing_fixed_rules":{"30":"11.45","50":"10.99","100":"10.56","200":"9.99"},"tiered_pricing_product_settings":{"layout":"default","base_unit_name":{"singular":null,"plural":null},"default_variation":null},"tiered_pricing_minimum_quantity":10,"tiered_pricing_roles_data":[],"tiered_pricing_percentage_rules":[],"tiered_pricing_maximum_quantity":null,"tiered_pricing_quantity_step":"10","_links":{"self":[{"href":"https:\/\/vapemaison.com\/de\/wp-json\/wp\/v2\/product\/27998","targetHints":{"allow":["GET"]}}],"collection":[{"href":"https:\/\/vapemaison.com\/de\/wp-json\/wp\/v2\/product"}],"about":[{"href":"https:\/\/vapemaison.com\/de\/wp-json\/wp\/v2\/types\/product"}],"replies":[{"embeddable":true,"href":"https:\/\/vapemaison.com\/de\/wp-json\/wp\/v2\/comments?post=27998"}],"version-history":[{"count":8,"href":"https:\/\/vapemaison.com\/de\/wp-json\/wp\/v2\/product\/27998\/revisions"}],"predecessor-version":[{"id":28472,"href":"https:\/\/vapemaison.com\/de\/wp-json\/wp\/v2\/product\/27998\/revisions\/28472"}],"wp:featuredmedia":[{"embeddable":true,"href":"https:\/\/vapemaison.com\/de\/wp-json\/wp\/v2\/media\/27999"}],"wp:attachment":[{"href":"https:\/\/vapemaison.com\/de\/wp-json\/wp\/v2\/media?parent=27998"}],"wp:term":[{"taxonomy":"product_brand","embeddable":true,"href":"https:\/\/vapemaison.com\/de\/wp-json\/wp\/v2\/product_brand?post=27998"},{"taxonomy":"product_cat","embeddable":true,"href":"https:\/\/vapemaison.com\/de\/wp-json\/wp\/v2\/product_cat?post=27998"},{"taxonomy":"product_tag","embeddable":true,"href":"https:\/\/vapemaison.com\/de\/wp-json\/wp\/v2\/product_tag?post=27998"}],"curies":[{"name":"wp","href":"https:\/\/api.w.org\/{rel}","templated":true}]}}