

{"id":28060,"date":"2026-03-14T09:40:00","date_gmt":"2026-03-14T09:40:00","guid":{"rendered":"https:\/\/vapemaison.com\/?post_type=product&#038;p=28060"},"modified":"2026-03-14T09:40:05","modified_gmt":"2026-03-14T09:40:05","slug":"jnr-powermate-30k-vorgefullter-pod","status":"publish","type":"product","link":"https:\/\/vapemaison.com\/de\/product\/jnr-powermate-30k-prefilled-pod\/","title":{"rendered":"JNR PowerMate 30K Vorgef\u00fcllter Pod"},"content":{"rendered":"<p>Die <strong>JNR PowerMate 30K Vorgef\u00fcllter Pod<\/strong> wurde entwickelt, um ein bequemes und lang anhaltendes Dampferlebnis zu bieten. Speziell entwickelt f\u00fcr die <strong>JNR PowerMate 30K Vape Kit<\/strong>, Dieser vorgef\u00fcllte Pod kombiniert eine hohe E-Liquid-Kapazit\u00e4t mit fortschrittlicher Spulentechnologie und ist damit eine ideale Option f\u00fcr Nutzer, die sowohl Leistung als auch Einfachheit w\u00fcnschen.<\/p>\n\n\n\n<p>Zun\u00e4chst einmal kommt die H\u00fclse <strong>vorgef\u00fcllt mit 19ml E-Liquid<\/strong>, die im Vergleich zu vielen herk\u00f6mmlichen Einweg-Pods eine deutlich l\u00e4ngere Nutzungsdauer bietet. Infolgedessen k\u00f6nnen die Nutzer l\u00e4ngere Vaping-Sessions genie\u00dfen, ohne ihre Pods h\u00e4ufig zu ersetzen.<\/p>\n\n\n\n<p>Dar\u00fcber hinaus ist die <strong>Doppelmaschenspule mit 1,0\u03a9 Widerstand<\/strong> sorgt f\u00fcr eine gleichm\u00e4\u00dfige und konsistente Dampferzeugung. Da Mesh-Coils eine gr\u00f6\u00dfere Heizfl\u00e4che bieten, wird das E-Liquid gleichm\u00e4\u00dfiger erhitzt. Folglich liefert jeder Zug <strong>reicherer Geschmack, sanfterer Dampf und zufriedenstellendere Leistung<\/strong>.<\/p>\n\n\n\n<p>Dar\u00fcber hinaus verf\u00fcgt der PowerMate 30K Pod \u00fcber eine <strong>magnetisches Verbindungssystem<\/strong>, Dadurch l\u00e4sst es sich schnell und sicher am kompatiblen PowerMate-Ger\u00e4t befestigen. Dieses Design vereinfacht nicht nur die Installation, sondern gew\u00e4hrleistet auch eine stabile Leistung w\u00e4hrend der Nutzung.<\/p>\n\n\n\n<p>Ein weiterer Vorteil ist die <strong>Kompatibilit\u00e4t der externen Powerbank<\/strong> des PowerMate-Systems. Wenn das Ger\u00e4t an das PowerMate Vape-Kit angeschlossen ist, kann es bequem mit Strom versorgt werden, was es f\u00fcr l\u00e4ngere Vaping-Sessions geeignet macht, ohne dass man sich Gedanken \u00fcber Batteriebeschr\u00e4nkungen machen muss.<\/p>\n\n\n\n<p>Mit einer beeindruckenden <strong>30.000 Puffs Kapazit\u00e4t<\/strong>, Der JNR PowerMate 30K hebt sich von den vielen Einweg-Podsystemen auf dem Markt ab. Daher bietet er ein hervorragendes Gleichgewicht zwischen <strong>lange Lebensdauer, starke Geschmacksabgabe und benutzerfreundliches Design<\/strong>.<\/p>\n\n\n\n<h2 class=\"wp-block-heading\">Wesentliche Merkmale<\/h2>\n\n\n\n<p>Konzipiert f\u00fcr <strong>JNR PowerMate 30K Vape Kit<\/strong><br>Vorgef\u00fcllte <strong>19ml E-Fl\u00fcssigkeit Kapazit\u00e4t<\/strong><br>Bis zu <strong>30.000 Puffs<\/strong><br><strong>Doppelmaschige Spulentechnologie<\/strong><br>Widerstandsf\u00e4higkeit: <strong>1.0\u03a9<\/strong><br><strong>Magnetischer Pod-Anschluss<\/strong><br>Weiches Dampfen &amp; reichhaltige Geschmacksausgabe<br>Verf\u00fcgbar in <strong>10 Geschmacksoptionen<\/strong><\/p>\n\n\n\n<h2 class=\"wp-block-heading\">Verf\u00fcgbare Geschmacksrichtungen<\/h2>\n\n\n\n<p>Blaues Razzeis<br>Erdbeereis<br>Wassermelone Eis<br>Miami Mint<br>Erdbeere-Banane<br>Pfirsich Mango Wassermelone<br>Erdbeer-Kiwi<br>Saurer Apfel Eis<br>Fabelhaft<\/p>","protected":false},"excerpt":{"rendered":"<p>The JNR PowerMate 30K Prefilled Pod is designed to deliver a convenient and long-lasting vaping experience. Created specifically for the JNR PowerMate 30K Vape Kit, this prefilled pod combines high e-liquid capacity with advanced coil technology, making it an ideal option for users who want both performance and simplicity. First of all, the pod comes [&hellip;]<\/p>\n","protected":false},"featured_media":28065,"comment_status":"open","ping_status":"closed","template":"","meta":[],"product_brand":[168],"product_cat":[134],"product_tag":[],"class_list":{"0":"post-28060","1":"product","2":"type-product","3":"status-publish","4":"has-post-thumbnail","6":"product_brand-jnr","7":"product_cat-30k-puffs","9":"first","10":"instock","11":"sale","12":"shipping-taxable","13":"purchasable","14":"product-type-variable"},"yoast_head":"<!-- This site is optimized with the Yoast SEO plugin v27.4 - https:\/\/yoast.com\/product\/yoast-seo-wordpress\/ -->\n<title>JNR PowerMate 30K Prefilled Pod | 19ml Dual Mesh Pod<\/title>\n<meta name=\"description\" content=\"JNR PowerMate 30K prefilled pod with 19ml e-liquid and dual mesh coil. Up to 30000 puffs, magnetic connection, and rich flavor options.\" \/>\n<meta name=\"robots\" content=\"index, follow, max-snippet:-1, max-image-preview:large, max-video-preview:-1\" \/>\n<link rel=\"canonical\" href=\"https:\/\/vapemaison.com\/de\/product\/jnr-powermate-30k-vorgefullter-pod\/\" \/>\n<meta property=\"og:locale\" content=\"de_DE\" \/>\n<meta property=\"og:type\" content=\"article\" \/>\n<meta property=\"og:title\" content=\"JNR PowerMate 30K Prefilled Pod | 19ml Dual Mesh Pod\" \/>\n<meta property=\"og:description\" content=\"JNR PowerMate 30K prefilled pod with 19ml e-liquid and dual mesh coil. Up to 30000 puffs, magnetic connection, and rich flavor options.\" \/>\n<meta property=\"og:url\" content=\"https:\/\/vapemaison.com\/de\/product\/jnr-powermate-30k-vorgefullter-pod\/\" \/>\n<meta property=\"og:site_name\" content=\"VapeMaison\" \/>\n<meta property=\"article:modified_time\" content=\"2026-03-14T09:40:05+00:00\" \/>\n<meta property=\"og:image\" content=\"https:\/\/vapemaison.com\/wp-content\/uploads\/2026\/03\/vapemaison-jnr-power-mate-30k-puff-vape5-cherry-strawberry-raspberry.webp\" \/>\n\t<meta property=\"og:image:width\" content=\"804\" \/>\n\t<meta property=\"og:image:height\" content=\"804\" \/>\n\t<meta property=\"og:image:type\" content=\"image\/webp\" \/>\n<meta name=\"twitter:card\" content=\"summary_large_image\" \/>\n<meta name=\"twitter:label1\" content=\"Gesch\u00e4tzte Lesezeit\" \/>\n\t<meta name=\"twitter:data1\" content=\"2\u00a0Minuten\" \/>\n<!-- \/ Yoast SEO plugin. -->","yoast_head_json":{"title":"JNR PowerMate 30K Vorgef\u00fcllter Pod | 19ml Dual Mesh Pod","description":"JNR PowerMate 30K vorgef\u00fcllte Pod mit 19ml e-Fl\u00fcssigkeit und Dual-Mesh-Spule. Bis zu 30000 Z\u00fcge, magnetische Verbindung und reichhaltige Geschmacksoptionen.","robots":{"index":"index","follow":"follow","max-snippet":"max-snippet:-1","max-image-preview":"max-image-preview:large","max-video-preview":"max-video-preview:-1"},"canonical":"https:\/\/vapemaison.com\/de\/product\/jnr-powermate-30k-vorgefullter-pod\/","og_locale":"de_DE","og_type":"article","og_title":"JNR PowerMate 30K Prefilled Pod | 19ml Dual Mesh Pod","og_description":"JNR PowerMate 30K prefilled pod with 19ml e-liquid and dual mesh coil. Up to 30000 puffs, magnetic connection, and rich flavor options.","og_url":"https:\/\/vapemaison.com\/de\/product\/jnr-powermate-30k-vorgefullter-pod\/","og_site_name":"VapeMaison","article_modified_time":"2026-03-14T09:40:05+00:00","og_image":[{"width":804,"height":804,"url":"https:\/\/vapemaison.com\/wp-content\/uploads\/2026\/03\/vapemaison-jnr-power-mate-30k-puff-vape5-cherry-strawberry-raspberry.webp","type":"image\/webp"}],"twitter_card":"summary_large_image","twitter_misc":{"Gesch\u00e4tzte Lesezeit":"2\u00a0Minuten"},"schema":{"@context":"https:\/\/schema.org","@graph":[{"@type":"WebPage","@id":"https:\/\/vapemaison.com\/product\/jnr-powermate-30k-prefilled-pod\/","url":"https:\/\/vapemaison.com\/product\/jnr-powermate-30k-prefilled-pod\/","name":"JNR PowerMate 30K Vorgef\u00fcllter Pod | 19ml Dual Mesh Pod","isPartOf":{"@id":"https:\/\/vapemaison.com\/#website"},"primaryImageOfPage":{"@id":"https:\/\/vapemaison.com\/product\/jnr-powermate-30k-prefilled-pod\/#primaryimage"},"image":{"@id":"https:\/\/vapemaison.com\/product\/jnr-powermate-30k-prefilled-pod\/#primaryimage"},"thumbnailUrl":"https:\/\/vapemaison.com\/wp-content\/uploads\/2026\/03\/vapemaison-jnr-power-mate-30k-puff-vape5-cherry-strawberry-raspberry.webp","datePublished":"2026-03-14T09:40:00+00:00","dateModified":"2026-03-14T09:40:05+00:00","description":"JNR PowerMate 30K vorgef\u00fcllte Pod mit 19ml e-Fl\u00fcssigkeit und Dual-Mesh-Spule. Bis zu 30000 Z\u00fcge, magnetische Verbindung und reichhaltige Geschmacksoptionen.","breadcrumb":{"@id":"https:\/\/vapemaison.com\/product\/jnr-powermate-30k-prefilled-pod\/#breadcrumb"},"inLanguage":"de","potentialAction":[{"@type":"ReadAction","target":["https:\/\/vapemaison.com\/product\/jnr-powermate-30k-prefilled-pod\/"]}]},{"@type":"ImageObject","inLanguage":"de","@id":"https:\/\/vapemaison.com\/product\/jnr-powermate-30k-prefilled-pod\/#primaryimage","url":"https:\/\/vapemaison.com\/wp-content\/uploads\/2026\/03\/vapemaison-jnr-power-mate-30k-puff-vape5-cherry-strawberry-raspberry.webp","contentUrl":"https:\/\/vapemaison.com\/wp-content\/uploads\/2026\/03\/vapemaison-jnr-power-mate-30k-puff-vape5-cherry-strawberry-raspberry.webp","width":804,"height":804,"caption":"Vapemaison Jnr Power Mate 30k Puff Vape5 Cherry Strawberry Raspberry"},{"@type":"BreadcrumbList","@id":"https:\/\/vapemaison.com\/product\/jnr-powermate-30k-prefilled-pod\/#breadcrumb","itemListElement":[{"@type":"ListItem","position":1,"name":"\u9996\u9875","item":"https:\/\/vapemaison.com\/"},{"@type":"ListItem","position":2,"name":"Shop","item":"https:\/\/vapemaison.com\/shop\/"},{"@type":"ListItem","position":3,"name":"JNR","item":"https:\/\/vapemaison.com\/brand\/jnr\/"},{"@type":"ListItem","position":4,"name":"JNR PowerMate 30K Prefilled Pod"}]},{"@type":"WebSite","@id":"https:\/\/vapemaison.com\/#website","url":"https:\/\/vapemaison.com\/","name":"VapeMaison","description":"Premium Vaping-Ger\u00e4te und Zubeh\u00f6r","publisher":{"@id":"https:\/\/vapemaison.com\/#organization"},"potentialAction":[{"@type":"SearchAction","target":{"@type":"EntryPoint","urlTemplate":"https:\/\/vapemaison.com\/?s={search_term_string}"},"query-input":{"@type":"PropertyValueSpecification","valueRequired":true,"valueName":"search_term_string"}}],"inLanguage":"de"},{"@type":"Organization","@id":"https:\/\/vapemaison.com\/#organization","name":"VapeMaison","url":"https:\/\/vapemaison.com\/","logo":{"@type":"ImageObject","inLanguage":"de","@id":"https:\/\/vapemaison.com\/#\/schema\/logo\/image\/","url":"https:\/\/vapemaison.com\/wp-content\/uploads\/2026\/01\/cropped-vapemaison-logo-g-2026.webp","contentUrl":"https:\/\/vapemaison.com\/wp-content\/uploads\/2026\/01\/cropped-vapemaison-logo-g-2026.webp","width":350,"height":280,"caption":"VapeMaison"},"image":{"@id":"https:\/\/vapemaison.com\/#\/schema\/logo\/image\/"},"sameAs":["https:\/\/www.youtube.com\/@VapeMaison"]}]}},"tiered_pricing_type":"fixed","tiered_pricing_fixed_rules":{"30":"10.99","50":"10.63","100":"9.52","200":"8.99"},"tiered_pricing_product_settings":{"layout":"default","base_unit_name":{"singular":null,"plural":null},"default_variation":null},"tiered_pricing_minimum_quantity":10,"tiered_pricing_roles_data":[],"tiered_pricing_percentage_rules":[],"tiered_pricing_maximum_quantity":null,"tiered_pricing_quantity_step":"13","_links":{"self":[{"href":"https:\/\/vapemaison.com\/de\/wp-json\/wp\/v2\/product\/28060","targetHints":{"allow":["GET"]}}],"collection":[{"href":"https:\/\/vapemaison.com\/de\/wp-json\/wp\/v2\/product"}],"about":[{"href":"https:\/\/vapemaison.com\/de\/wp-json\/wp\/v2\/types\/product"}],"replies":[{"embeddable":true,"href":"https:\/\/vapemaison.com\/de\/wp-json\/wp\/v2\/comments?post=28060"}],"version-history":[{"count":1,"href":"https:\/\/vapemaison.com\/de\/wp-json\/wp\/v2\/product\/28060\/revisions"}],"predecessor-version":[{"id":28076,"href":"https:\/\/vapemaison.com\/de\/wp-json\/wp\/v2\/product\/28060\/revisions\/28076"}],"wp:featuredmedia":[{"embeddable":true,"href":"https:\/\/vapemaison.com\/de\/wp-json\/wp\/v2\/media\/28065"}],"wp:attachment":[{"href":"https:\/\/vapemaison.com\/de\/wp-json\/wp\/v2\/media?parent=28060"}],"wp:term":[{"taxonomy":"product_brand","embeddable":true,"href":"https:\/\/vapemaison.com\/de\/wp-json\/wp\/v2\/product_brand?post=28060"},{"taxonomy":"product_cat","embeddable":true,"href":"https:\/\/vapemaison.com\/de\/wp-json\/wp\/v2\/product_cat?post=28060"},{"taxonomy":"product_tag","embeddable":true,"href":"https:\/\/vapemaison.com\/de\/wp-json\/wp\/v2\/product_tag?post=28060"}],"curies":[{"name":"wp","href":"https:\/\/api.w.org\/{rel}","templated":true}]}}