

{"id":28087,"date":"2026-03-17T09:03:40","date_gmt":"2026-03-17T09:03:40","guid":{"rendered":"https:\/\/vapemaison.com\/?post_type=product&#038;p=28087"},"modified":"2026-03-17T09:03:46","modified_gmt":"2026-03-17T09:03:46","slug":"knall-legende-geek-60000-puffs-einweg-vape","status":"publish","type":"product","link":"https:\/\/vapemaison.com\/de\/product\/bang-legend-geek-60000-puffs-disposable-vape\/","title":{"rendered":"Bang Legend Geek 60000 Puffs Einweg-Vape"},"content":{"rendered":"<p>Die <strong>Bang Legend Geek 60000 Puffs Einweg-Vape<\/strong> wurde f\u00fcr Vaper entwickelt, die <strong>extreme Puff-Leistung, anpassbares Vaping und intelligente Steuerung<\/strong>. Lieferung von bis zu <strong>60000 Puffs<\/strong>, kombiniert dieses Ger\u00e4t <strong>E-Liquid mit hoher Kapazit\u00e4t, fortschrittliche Netzspulentechnologie und ein wiederaufladbarer Akku<\/strong> f\u00fcr lang anhaltenden Genuss und reichhaltigen Geschmack und eignet sich daher perfekt f\u00fcr den t\u00e4glichen Gebrauch, den Gro\u00df- und Einzelhandel.<\/p>\n\n\n\n<h3 class=\"wp-block-heading\">Ultimative Leistung und Ausdauer<\/h3>\n\n\n\n<p>Ausgestattet mit einem <strong>850mAh wiederaufladbare Batterie<\/strong> und <strong>Typ-C-Schnellladung<\/strong>, Der Bang Legend Geek 60K sorgt f\u00fcr ununterbrochenes Dampfen. Sein <strong>1.0\u03a9 Maschenspule<\/strong> liefert weiche Z\u00fcge, dichte Wolken und eine verbesserte Geschmacksklarheit. Die <strong>19mL e-Fl\u00fcssigkeit Kapazit\u00e4t<\/strong> erm\u00f6glicht l\u00e4ngere Sitzungen ohne h\u00e4ufiges Nachf\u00fcllen, und die <strong>klares E-Liquid-Fenster<\/strong> hilft bei der \u00dcberwachung der F\u00fcllst\u00e4nde, um Trockensch\u00e4den zu vermeiden.<\/p>\n\n\n\n<h3 class=\"wp-block-heading\">Anpassbares Vaping-Erlebnis<\/h3>\n\n\n\n<p>Das Ger\u00e4t wurde mit Blick auf die Flexibilit\u00e4t des Benutzers entwickelt:<\/p>\n\n\n\n<ul class=\"wp-block-list\">\n<li><strong>Einstellbarer Luftstrom<\/strong> - Feinabstimmung jedes Inhalierens f\u00fcr MTL- oder DTL-Pr\u00e4ferenzen.<\/li>\n\n\n\n<li><strong>Turbo-Modus<\/strong> - Erh\u00f6ht die Leistung f\u00fcr ein st\u00e4rkeres, intensiveres Dampferlebnis.<\/li>\n\n\n\n<li>Kompakt <strong>48,5\u00d727\u00d7100 mm<\/strong> Geh\u00e4use - tragbar und ergonomisch f\u00fcr den t\u00e4glichen Gebrauch.<\/li>\n<\/ul>\n\n\n\n<h3 class=\"wp-block-heading\">Nikotin &amp; Geschmacksoptionen<\/h3>\n\n\n\n<p>Verf\u00fcgbar in <strong>2%, 3% und 5% Nikotin<\/strong>, Das Bang Legend Geek 60K eignet sich sowohl f\u00fcr leichte als auch f\u00fcr schwere Benutzer. Mit <strong>12 k\u00f6stliche Geschmacksrichtungen<\/strong>, k\u00f6nnen Sie eine Vielzahl von Geschmacksrichtungen genie\u00dfen:<\/p>\n\n\n\n<ul class=\"wp-block-list\">\n<li>Erdbeere Wassermelone<\/li>\n\n\n\n<li>Blaubeereis<\/li>\n\n\n\n<li>Heidelbeere-Himbeere<\/li>\n\n\n\n<li>Erdbeer-Kiwi-Frucht<\/li>\n\n\n\n<li>Erdbeere-Banane<\/li>\n\n\n\n<li>Traubeneis<\/li>\n\n\n\n<li>Erdbeer-Mango<\/li>\n\n\n\n<li>Kiwi Passionsfrucht Guave<\/li>\n\n\n\n<li>Mamba<\/li>\n\n\n\n<li>Liebe 66<\/li>\n\n\n\n<li>Gemischte Beeren<\/li>\n\n\n\n<li>Pfirsich-Eis<\/li>\n<\/ul>\n\n\n\n<h3 class=\"wp-block-heading\">Produktspezifikationen<\/h3>\n\n\n\n<figure class=\"wp-block-table\"><table class=\"has-fixed-layout\"><thead><tr><th>Merkmal<\/th><th>Einzelheiten<\/th><\/tr><\/thead><tbody><tr><td>Anzahl der Puffs<\/td><td>Bis zu 60.000 Z\u00fcge<\/td><\/tr><tr><td>Nikotin-Optionen<\/td><td>2%, 3%, 5%<\/td><\/tr><tr><td>E-Fl\u00fcssigkeit Kapazit\u00e4t<\/td><td>19mL<\/td><\/tr><tr><td>Spule<\/td><td>1.0\u03a9 Masche Spule<\/td><\/tr><tr><td>Batterie<\/td><td>850mAh Wiederaufladbar<\/td><\/tr><tr><td>Ladeanschluss<\/td><td>Typ-C<\/td><\/tr><tr><td>Luftstrom<\/td><td>Einstellbar<\/td><\/tr><tr><td>Besonderer Modus<\/td><td>Turbo-Modus<\/td><\/tr><tr><td>E-Fl\u00fcssigkeit Fenster<\/td><td>Klar f\u00fcr einfache \u00dcberwachung<\/td><\/tr><tr><td>Abmessungen<\/td><td>48,5 \u00d7 27 \u00d7 100 mm<\/td><\/tr><tr><td>Geschm\u00e4cker<\/td><td>12 Premium-Optionen<\/td><\/tr><tr><td>Verpackung<\/td><td>10 St\u00fcck\/Karton<\/td><\/tr><\/tbody><\/table><\/figure>\n\n\n\n<h3 class=\"wp-block-heading\">Warum Bang Legend Geek 60K w\u00e4hlen?<\/h3>\n\n\n\n<ol class=\"wp-block-list\">\n<li><strong>Extreme Puffanzahl<\/strong> - Bis zu 60.000 Z\u00fcge f\u00fcr lang anhaltenden Genuss.<\/li>\n\n\n\n<li><strong>Hohe Geschmacksklarheit<\/strong> - Die fortschrittliche Mesh-Coil-Technologie verbessert jeden Zug.<\/li>\n\n\n\n<li><strong>Anpassbar &amp; Leistungsstark<\/strong> - Der einstellbare Luftstrom und der Turbomodus sorgen f\u00fcr individuelle Vorlieben.<\/li>\n\n\n\n<li><strong>Langanhaltender Saft<\/strong> - 19 ml e-Fl\u00fcssigkeitskapazit\u00e4t minimiert die Unterbrechungen beim Nachf\u00fcllen.<\/li>\n\n\n\n<li><strong>Intelligent und bequem<\/strong> - Wiederaufladbare Batterie mit Typ-C und klarem E-Liquid-Fenster f\u00fcr sorgenfreien Gebrauch.<\/li>\n\n\n\n<li><strong>Vielfalt der Geschmacksrichtungen<\/strong> - 12 k\u00f6stliche Geschmacksrichtungen sorgen daf\u00fcr, dass f\u00fcr jeden etwas dabei ist.<\/li>\n<\/ol>\n\n\n\n<p>Die <strong>Bang Legend Geek 60000 Puffs Einweg-Vape<\/strong> kombiniert <strong>hohe Leistung, Langlebigkeit und Komfort<\/strong>, und ist damit eine ausgezeichnete Wahl f\u00fcr Dampfer, die <strong>Lang anhaltende Wolken, reichhaltiger Geschmack und ein anpassbares Erlebnis<\/strong>.<\/p>","protected":false},"excerpt":{"rendered":"<p>Bis zu 60.000 Z\u00fcge mit 12 Premium-Geschmacksrichtungen f\u00fcr lang anhaltenden Genuss.<br data-start=\"629\" data-end=\"632\" \/>Einstellbarer Luftstrom, Turbo-Modus und Typ-C-Akku f\u00fcr kraftvolles, gleichm\u00e4\u00dfiges Dampfen.<\/p>","protected":false},"featured_media":28098,"comment_status":"open","ping_status":"closed","template":"","meta":[],"product_brand":[57],"product_cat":[137],"product_tag":[],"class_list":{"0":"post-28087","1":"product","2":"type-product","3":"status-publish","4":"has-post-thumbnail","6":"product_brand-bang","7":"product_cat-60k-puffs","9":"first","10":"instock","11":"sale","12":"shipping-taxable","13":"purchasable","14":"product-type-variable"},"yoast_head":"<!-- This site is optimized with the Yoast SEO plugin v27.4 - https:\/\/yoast.com\/product\/yoast-seo-wordpress\/ -->\n<title>Bang Legend Geek 60000 Puffs Disposable Vape - VapeMaison<\/title>\n<meta name=\"description\" content=\"Experience the Bang Legend Geek 60000 Puffs Disposable Vape with up to 60,000 puffs, and 12 delicious flavors for long-lasting, flavorful vaping.\" \/>\n<meta name=\"robots\" content=\"index, follow, max-snippet:-1, max-image-preview:large, max-video-preview:-1\" \/>\n<link rel=\"canonical\" href=\"https:\/\/vapemaison.com\/de\/product\/knall-legende-geek-60000-puffs-einweg-vape\/\" \/>\n<meta property=\"og:locale\" content=\"de_DE\" \/>\n<meta property=\"og:type\" content=\"article\" \/>\n<meta property=\"og:title\" content=\"Bang Legend Geek 60000 Puffs Disposable Vape - VapeMaison\" \/>\n<meta property=\"og:description\" content=\"Experience the Bang Legend Geek 60000 Puffs Disposable Vape with up to 60,000 puffs, and 12 delicious flavors for long-lasting, flavorful vaping.\" \/>\n<meta property=\"og:url\" content=\"https:\/\/vapemaison.com\/de\/product\/knall-legende-geek-60000-puffs-einweg-vape\/\" \/>\n<meta property=\"og:site_name\" content=\"VapeMaison\" \/>\n<meta property=\"article:modified_time\" content=\"2026-03-17T09:03:46+00:00\" \/>\n<meta property=\"og:image\" content=\"https:\/\/vapemaison.com\/wp-content\/uploads\/2026\/03\/vapemaison-bang-legend-geek-60000-60k-puffs-strawberry-kiwi-fruit.webp\" \/>\n\t<meta property=\"og:image:width\" content=\"2000\" \/>\n\t<meta property=\"og:image:height\" content=\"2000\" \/>\n\t<meta property=\"og:image:type\" content=\"image\/webp\" \/>\n<meta name=\"twitter:card\" content=\"summary_large_image\" \/>\n<meta name=\"twitter:label1\" content=\"Gesch\u00e4tzte Lesezeit\" \/>\n\t<meta name=\"twitter:data1\" content=\"2\u00a0Minuten\" \/>\n<!-- \/ Yoast SEO plugin. -->","yoast_head_json":{"title":"Bang Legend Geek 60000 Puffs Einweg Vape - VapeMaison","description":"Erleben Sie den Bang Legend Geek 60000 Puffs Disposable Vape mit bis zu 60.000 Z\u00fcgen und 12 k\u00f6stlichen Geschmacksrichtungen f\u00fcr langanhaltendes, aromatisches Dampfen.","robots":{"index":"index","follow":"follow","max-snippet":"max-snippet:-1","max-image-preview":"max-image-preview:large","max-video-preview":"max-video-preview:-1"},"canonical":"https:\/\/vapemaison.com\/de\/product\/knall-legende-geek-60000-puffs-einweg-vape\/","og_locale":"de_DE","og_type":"article","og_title":"Bang Legend Geek 60000 Puffs Disposable Vape - VapeMaison","og_description":"Experience the Bang Legend Geek 60000 Puffs Disposable Vape with up to 60,000 puffs, and 12 delicious flavors for long-lasting, flavorful vaping.","og_url":"https:\/\/vapemaison.com\/de\/product\/knall-legende-geek-60000-puffs-einweg-vape\/","og_site_name":"VapeMaison","article_modified_time":"2026-03-17T09:03:46+00:00","og_image":[{"width":2000,"height":2000,"url":"https:\/\/vapemaison.com\/wp-content\/uploads\/2026\/03\/vapemaison-bang-legend-geek-60000-60k-puffs-strawberry-kiwi-fruit.webp","type":"image\/webp"}],"twitter_card":"summary_large_image","twitter_misc":{"Gesch\u00e4tzte Lesezeit":"2\u00a0Minuten"},"schema":{"@context":"https:\/\/schema.org","@graph":[{"@type":"WebPage","@id":"https:\/\/vapemaison.com\/product\/bang-legend-geek-60000-puffs-disposable-vape\/","url":"https:\/\/vapemaison.com\/product\/bang-legend-geek-60000-puffs-disposable-vape\/","name":"Bang Legend Geek 60000 Puffs Einweg Vape - VapeMaison","isPartOf":{"@id":"https:\/\/vapemaison.com\/#website"},"primaryImageOfPage":{"@id":"https:\/\/vapemaison.com\/product\/bang-legend-geek-60000-puffs-disposable-vape\/#primaryimage"},"image":{"@id":"https:\/\/vapemaison.com\/product\/bang-legend-geek-60000-puffs-disposable-vape\/#primaryimage"},"thumbnailUrl":"https:\/\/vapemaison.com\/wp-content\/uploads\/2026\/03\/vapemaison-bang-legend-geek-60000-60k-puffs-strawberry-kiwi-fruit.webp","datePublished":"2026-03-17T09:03:40+00:00","dateModified":"2026-03-17T09:03:46+00:00","description":"Erleben Sie den Bang Legend Geek 60000 Puffs Disposable Vape mit bis zu 60.000 Z\u00fcgen und 12 k\u00f6stlichen Geschmacksrichtungen f\u00fcr langanhaltendes, aromatisches Dampfen.","breadcrumb":{"@id":"https:\/\/vapemaison.com\/product\/bang-legend-geek-60000-puffs-disposable-vape\/#breadcrumb"},"inLanguage":"de","potentialAction":[{"@type":"ReadAction","target":["https:\/\/vapemaison.com\/product\/bang-legend-geek-60000-puffs-disposable-vape\/"]}]},{"@type":"ImageObject","inLanguage":"de","@id":"https:\/\/vapemaison.com\/product\/bang-legend-geek-60000-puffs-disposable-vape\/#primaryimage","url":"https:\/\/vapemaison.com\/wp-content\/uploads\/2026\/03\/vapemaison-bang-legend-geek-60000-60k-puffs-strawberry-kiwi-fruit.webp","contentUrl":"https:\/\/vapemaison.com\/wp-content\/uploads\/2026\/03\/vapemaison-bang-legend-geek-60000-60k-puffs-strawberry-kiwi-fruit.webp","width":2000,"height":2000,"caption":"Vapemaison Bang Legend Geek 60k Puffs Strawberry Kiwi Fruit"},{"@type":"BreadcrumbList","@id":"https:\/\/vapemaison.com\/product\/bang-legend-geek-60000-puffs-disposable-vape\/#breadcrumb","itemListElement":[{"@type":"ListItem","position":1,"name":"\u9996\u9875","item":"https:\/\/vapemaison.com\/"},{"@type":"ListItem","position":2,"name":"Shop","item":"https:\/\/vapemaison.com\/shop\/"},{"@type":"ListItem","position":3,"name":"Bang","item":"https:\/\/vapemaison.com\/brand\/bang\/"},{"@type":"ListItem","position":4,"name":"Bang Legend Geek 60000 Puffs Disposable Vape"}]},{"@type":"WebSite","@id":"https:\/\/vapemaison.com\/#website","url":"https:\/\/vapemaison.com\/","name":"VapeMaison","description":"Premium Vaping-Ger\u00e4te und Zubeh\u00f6r","publisher":{"@id":"https:\/\/vapemaison.com\/#organization"},"potentialAction":[{"@type":"SearchAction","target":{"@type":"EntryPoint","urlTemplate":"https:\/\/vapemaison.com\/?s={search_term_string}"},"query-input":{"@type":"PropertyValueSpecification","valueRequired":true,"valueName":"search_term_string"}}],"inLanguage":"de"},{"@type":"Organization","@id":"https:\/\/vapemaison.com\/#organization","name":"VapeMaison","url":"https:\/\/vapemaison.com\/","logo":{"@type":"ImageObject","inLanguage":"de","@id":"https:\/\/vapemaison.com\/#\/schema\/logo\/image\/","url":"https:\/\/vapemaison.com\/wp-content\/uploads\/2026\/01\/cropped-vapemaison-logo-g-2026.webp","contentUrl":"https:\/\/vapemaison.com\/wp-content\/uploads\/2026\/01\/cropped-vapemaison-logo-g-2026.webp","width":350,"height":280,"caption":"VapeMaison"},"image":{"@id":"https:\/\/vapemaison.com\/#\/schema\/logo\/image\/"},"sameAs":["https:\/\/www.youtube.com\/@VapeMaison"]}]}},"tiered_pricing_type":"fixed","tiered_pricing_fixed_rules":{"30":"9.78","50":"9.24","100":"8.99","200":"8.36"},"tiered_pricing_product_settings":{"layout":"default","base_unit_name":{"singular":null,"plural":null},"default_variation":null},"tiered_pricing_minimum_quantity":10,"tiered_pricing_roles_data":[],"tiered_pricing_percentage_rules":[],"tiered_pricing_maximum_quantity":null,"tiered_pricing_quantity_step":"10","_links":{"self":[{"href":"https:\/\/vapemaison.com\/de\/wp-json\/wp\/v2\/product\/28087","targetHints":{"allow":["GET"]}}],"collection":[{"href":"https:\/\/vapemaison.com\/de\/wp-json\/wp\/v2\/product"}],"about":[{"href":"https:\/\/vapemaison.com\/de\/wp-json\/wp\/v2\/types\/product"}],"replies":[{"embeddable":true,"href":"https:\/\/vapemaison.com\/de\/wp-json\/wp\/v2\/comments?post=28087"}],"version-history":[{"count":3,"href":"https:\/\/vapemaison.com\/de\/wp-json\/wp\/v2\/product\/28087\/revisions"}],"predecessor-version":[{"id":28139,"href":"https:\/\/vapemaison.com\/de\/wp-json\/wp\/v2\/product\/28087\/revisions\/28139"}],"wp:featuredmedia":[{"embeddable":true,"href":"https:\/\/vapemaison.com\/de\/wp-json\/wp\/v2\/media\/28098"}],"wp:attachment":[{"href":"https:\/\/vapemaison.com\/de\/wp-json\/wp\/v2\/media?parent=28087"}],"wp:term":[{"taxonomy":"product_brand","embeddable":true,"href":"https:\/\/vapemaison.com\/de\/wp-json\/wp\/v2\/product_brand?post=28087"},{"taxonomy":"product_cat","embeddable":true,"href":"https:\/\/vapemaison.com\/de\/wp-json\/wp\/v2\/product_cat?post=28087"},{"taxonomy":"product_tag","embeddable":true,"href":"https:\/\/vapemaison.com\/de\/wp-json\/wp\/v2\/product_tag?post=28087"}],"curies":[{"name":"wp","href":"https:\/\/api.w.org\/{rel}","templated":true}]}}