

{"id":28250,"date":"2026-03-24T06:01:05","date_gmt":"2026-03-24T06:01:05","guid":{"rendered":"https:\/\/vapemaison.com\/?post_type=product&#038;p=28250"},"modified":"2026-04-11T05:57:07","modified_gmt":"2026-04-11T05:57:07","slug":"airmez-matrix-25k-einweg-vape-touchscreen-25000-puffs-smart-vape","status":"publish","type":"product","link":"https:\/\/vapemaison.com\/de\/product\/airmez-matrix-25k-disposable-vape-touch-screen-25000-puffs-smart-vape\/","title":{"rendered":"AiRMEZ Matrix 25K Einweg Vape Touch Screen 25000 Puffs Smart Vape"},"content":{"rendered":"<p><strong>AiRMEZ Matrix 25K<\/strong> Disposable Vape definiert das Dampferlebnis mit seinem innovativen 2,1-Zoll-LED-Touchscreen neu und bringt intelligente Interaktivit\u00e4t in ein Einwegger\u00e4t. \u00dcberwachen Sie auf einen Blick die Akkulaufzeit und den F\u00fcllstand des E-Liquids, oder machen Sie eine Pause und genie\u00dfen Sie das integrierte Lucky Room Spiel f\u00fcr zus\u00e4tzliche Unterhaltung. Der wiederaufladbare 850-mAh-Akku liefert bis zu 25.000 Z\u00fcge f\u00fcr eine lang anhaltende Leistung ohne h\u00e4ufiges Auswechseln. Mit einstellbarem Luftstrom und Ausgangsleistung k\u00f6nnen Sie jeden Zug auf Ihre Vorlieben abstimmen, w\u00e4hrend die fortschrittliche Dual-Mesh-Spule f\u00fcr gleichbleibend reichhaltigen Geschmack und sanften Dampf bei jedem Zug sorgt.<\/p>\n\n\n\n<h3 class=\"wp-block-heading\"><strong>Produktspezifikationen<\/strong><\/h3>\n\n\n\n<figure class=\"wp-block-table\"><table class=\"has-fixed-layout\"><thead><tr><th>Spezifikation<\/th><th>Einzelheiten<\/th><\/tr><\/thead><tbody><tr><td>Anzahl der Puffs<\/td><td>Regul\u00e4rer Modus: Bis zu 25.000 Z\u00fcge<\/td><\/tr><tr><td>Vaping-Stil<\/td><td>MTL (Mund-zu-Lunge)<\/td><\/tr><tr><td>Batterie<\/td><td>850mAh Wiederaufladbar<\/td><\/tr><tr><td>E-Fl\u00fcssigkeit Kapazit\u00e4t<\/td><td>20ml Vorgef\u00fcllt<\/td><\/tr><tr><td>Nikotinst\u00e4rke<\/td><td>5% (50mg)<\/td><\/tr><tr><td>Bildschirm<\/td><td>2,1-Zoll-LED-Touchscreen<\/td><\/tr><tr><td>Spule<\/td><td>Dual Mesh Spule<\/td><\/tr><tr><td>Aufladen<\/td><td>USB Typ-C<\/td><\/tr><tr><td>Freischaltung<\/td><td>Zeichnungsaktiviert<\/td><\/tr><\/tbody><\/table><\/figure>\n\n\n\n<h3 class=\"wp-block-heading\">Verf\u00fcgbare Geschmacksrichtungen<\/h3>\n\n\n\n<ul class=\"wp-block-list\">\n<li>Bananen-Beeren-Fantasie<\/li>\n\n\n\n<li>Blue Chill Breeze<\/li>\n\n\n\n<li>Kirsche Vulkan<\/li>\n\n\n\n<li>Kirsche-Zitrone-Schale<\/li>\n\n\n\n<li>Dessert Bloom Delight<\/li>\n\n\n\n<li>Drachenfrucht-Limonade<\/li>\n\n\n\n<li>Mitternachtskirsche<\/li>\n\n\n\n<li>Gefrorener Traubengletscher<\/li>\n\n\n\n<li>Gefrorene Erdbeertreibe<\/li>\n\n\n\n<li>Tripple Berry Blizzard<\/li>\n\n\n\n<li>Mystischer Drache Fusion<\/li>\n\n\n\n<li>Wassermelone Beerenwelle<\/li>\n<\/ul>\n\n\n\n<h3 class=\"wp-block-heading\">Warum AiRMEZ Matrix 25K w\u00e4hlen?<\/h3>\n\n\n\n<p>\u2714 Erstes Einweg-Touchscreen-Dampfger\u00e4t \u00fcberhaupt<br>\u2714 Massive Puffzahl mit wiederaufladbarer Batterie<br>\u2714 Interaktiver Spielverlauf<br>\u2714 Vollst\u00e4ndig anpassbare Vaping-Erfahrung<br>\u2714 Premium-Geschmack mit Dual-Mesh-Spule<\/p>\n\n\n\n<p>Wenn Sie mehr Optionen als nur die <strong>AiRMEZ Matrix 25K<\/strong>, gibt es noch viel mehr zu entdecken. Sie k\u00f6nnen unser gesamtes <strong><a href=\"https:\/\/vapemaison.com\/shop\/\" type=\"link\" id=\"https:\/\/vapemaison.com\/shop\/\">Kollektion kaufen<\/a><\/strong> finden Sie eine gro\u00dfe Auswahl an leistungsstarken Einwegverdampfern mit verschiedenen Puffzahlen, Funktionen und Geschmacksprofilen, die Ihren Vorlieben entsprechen.<\/p>\n\n\n\n<p>Wenn Ihnen das Design und die Innovation dieses Ger\u00e4ts gefallen, empfehlen wir Ihnen, sich weitere Produkte aus der <strong><a href=\"https:\/\/vapemaison.com\/brand\/airmez\/\" type=\"link\" id=\"https:\/\/vapemaison.com\/brand\/airmez\/\">Airmez-Angebot<\/a><\/strong>, wo Sie \u00e4hnlich fortschrittliche Modelle mit einzigartigen Funktionen und erstklassiger Verarbeitungsqualit\u00e4t finden.<\/p>\n\n\n\n<p>Wenn Sie sich speziell f\u00fcr langlebige Ger\u00e4te interessieren, sollten Sie sich unsere Auswahl an <strong><a href=\"https:\/\/vapemaison.com\/product-category\/puffs-count\/25k-puffs\/\" type=\"link\" id=\"https:\/\/vapemaison.com\/product-category\/puffs-count\/25k-puffs\/\">25K Puffs<\/a><\/strong> Einweg-Dampfger\u00e4te. Diese Optionen bieten eine l\u00e4ngere Nutzungsdauer, eine reichhaltige Geschmacksabgabe und ein ausgezeichnetes Preis-Leistungs-Verh\u00e4ltnis f\u00fcr Benutzer, die weniger Austauschvorg\u00e4nge w\u00fcnschen, ohne Kompromisse bei der Leistung einzugehen.<\/p>\n\n\n\n<p>Entdecken Sie mehr und finden Sie den perfekten Vape, der zu Ihrem Stil und Ihren Bed\u00fcrfnissen passt.<\/p>\n\n\n\n<p><\/p>","protected":false},"excerpt":{"rendered":"<p>AiRMEZ Matrix 25K - Der erste Smart Touchscreen Vape 2.1\u201d LED Touch Screen - 25.000 Puffs - Einstellbare Leistung &amp; Luftstrom Mehr als ein Vape - es ist ein interaktives Erlebnis.<\/p>","protected":false},"featured_media":28316,"comment_status":"open","ping_status":"closed","template":"","meta":[],"product_brand":[314],"product_cat":[144],"product_tag":[],"class_list":{"0":"post-28250","1":"product","2":"type-product","3":"status-publish","4":"has-post-thumbnail","6":"product_brand-airmez","7":"product_cat-25k-puffs","9":"first","10":"instock","11":"sale","12":"shipping-taxable","13":"purchasable","14":"product-type-variable"},"yoast_head":"<!-- This site is optimized with the Yoast SEO plugin v27.4 - https:\/\/yoast.com\/product\/yoast-seo-wordpress\/ -->\n<title>AiRMEZ Matrix 25K Disposable Vape | 2.1&quot; Touch Screen Vape<\/title>\n<meta name=\"description\" content=\"Experience the AiRMEZ Matrix 25K disposable vape with a 2.1-inch touch screen, adjustable airflow, and up to 25k puffs. Smart vaping with dual mesh coil.\" \/>\n<meta name=\"robots\" content=\"index, follow, max-snippet:-1, max-image-preview:large, max-video-preview:-1\" \/>\n<link rel=\"canonical\" href=\"https:\/\/vapemaison.com\/de\/product\/airmez-matrix-25k-einweg-vape-touchscreen-25000-puffs-smart-vape\/\" \/>\n<meta property=\"og:locale\" content=\"de_DE\" \/>\n<meta property=\"og:type\" content=\"article\" \/>\n<meta property=\"og:title\" content=\"AiRMEZ Matrix 25K Disposable Vape | 2.1&quot; Touch Screen Vape\" \/>\n<meta property=\"og:description\" content=\"Experience the AiRMEZ Matrix 25K disposable vape with a 2.1-inch touch screen, adjustable airflow, and up to 25k puffs. Smart vaping with dual mesh coil.\" \/>\n<meta property=\"og:url\" content=\"https:\/\/vapemaison.com\/de\/product\/airmez-matrix-25k-einweg-vape-touchscreen-25000-puffs-smart-vape\/\" \/>\n<meta property=\"og:site_name\" content=\"VapeMaison\" \/>\n<meta property=\"article:modified_time\" content=\"2026-04-11T05:57:07+00:00\" \/>\n<meta property=\"og:image\" content=\"https:\/\/vapemaison.com\/wp-content\/uploads\/2026\/03\/airmez-tornado-25000-puffs-vape-flavor-sour-apple.webp\" \/>\n\t<meta property=\"og:image:width\" content=\"1080\" \/>\n\t<meta property=\"og:image:height\" content=\"1080\" \/>\n\t<meta property=\"og:image:type\" content=\"image\/webp\" \/>\n<meta name=\"twitter:card\" content=\"summary_large_image\" \/>\n<meta name=\"twitter:label1\" content=\"Gesch\u00e4tzte Lesezeit\" \/>\n\t<meta name=\"twitter:data1\" content=\"2\u00a0Minuten\" \/>\n<!-- \/ Yoast SEO plugin. -->","yoast_head_json":{"title":"AiRMEZ Matrix 25K Einweg Vape | 2.1\" Touch Screen Vape","description":"Erleben Sie den AiRMEZ Matrix 25K Einwegdampfer mit einem 2,1-Zoll-Touchscreen, einstellbarem Luftstrom und bis zu 25k Puffs. Intelligentes Dampfen mit Dual-Mesh-Spule.","robots":{"index":"index","follow":"follow","max-snippet":"max-snippet:-1","max-image-preview":"max-image-preview:large","max-video-preview":"max-video-preview:-1"},"canonical":"https:\/\/vapemaison.com\/de\/product\/airmez-matrix-25k-einweg-vape-touchscreen-25000-puffs-smart-vape\/","og_locale":"de_DE","og_type":"article","og_title":"AiRMEZ Matrix 25K Disposable Vape | 2.1\" Touch Screen Vape","og_description":"Experience the AiRMEZ Matrix 25K disposable vape with a 2.1-inch touch screen, adjustable airflow, and up to 25k puffs. Smart vaping with dual mesh coil.","og_url":"https:\/\/vapemaison.com\/de\/product\/airmez-matrix-25k-einweg-vape-touchscreen-25000-puffs-smart-vape\/","og_site_name":"VapeMaison","article_modified_time":"2026-04-11T05:57:07+00:00","og_image":[{"width":1080,"height":1080,"url":"https:\/\/vapemaison.com\/wp-content\/uploads\/2026\/03\/airmez-tornado-25000-puffs-vape-flavor-sour-apple.webp","type":"image\/webp"}],"twitter_card":"summary_large_image","twitter_misc":{"Gesch\u00e4tzte Lesezeit":"2\u00a0Minuten"},"schema":{"@context":"https:\/\/schema.org","@graph":[{"@type":"WebPage","@id":"https:\/\/vapemaison.com\/product\/airmez-matrix-25k-disposable-vape-touch-screen-25000-puffs-smart-vape\/","url":"https:\/\/vapemaison.com\/product\/airmez-matrix-25k-disposable-vape-touch-screen-25000-puffs-smart-vape\/","name":"AiRMEZ Matrix 25K Einweg Vape | 2.1\" Touch Screen Vape","isPartOf":{"@id":"https:\/\/vapemaison.com\/#website"},"primaryImageOfPage":{"@id":"https:\/\/vapemaison.com\/product\/airmez-matrix-25k-disposable-vape-touch-screen-25000-puffs-smart-vape\/#primaryimage"},"image":{"@id":"https:\/\/vapemaison.com\/product\/airmez-matrix-25k-disposable-vape-touch-screen-25000-puffs-smart-vape\/#primaryimage"},"thumbnailUrl":"https:\/\/vapemaison.com\/wp-content\/uploads\/2026\/03\/airmez-tornado-25000-puffs-vape-flavor-sour-apple.webp","datePublished":"2026-03-24T06:01:05+00:00","dateModified":"2026-04-11T05:57:07+00:00","description":"Erleben Sie den AiRMEZ Matrix 25K Einwegdampfer mit einem 2,1-Zoll-Touchscreen, einstellbarem Luftstrom und bis zu 25k Puffs. Intelligentes Dampfen mit Dual-Mesh-Spule.","breadcrumb":{"@id":"https:\/\/vapemaison.com\/product\/airmez-matrix-25k-disposable-vape-touch-screen-25000-puffs-smart-vape\/#breadcrumb"},"inLanguage":"de","potentialAction":[{"@type":"ReadAction","target":["https:\/\/vapemaison.com\/product\/airmez-matrix-25k-disposable-vape-touch-screen-25000-puffs-smart-vape\/"]}]},{"@type":"ImageObject","inLanguage":"de","@id":"https:\/\/vapemaison.com\/product\/airmez-matrix-25k-disposable-vape-touch-screen-25000-puffs-smart-vape\/#primaryimage","url":"https:\/\/vapemaison.com\/wp-content\/uploads\/2026\/03\/airmez-tornado-25000-puffs-vape-flavor-sour-apple.webp","contentUrl":"https:\/\/vapemaison.com\/wp-content\/uploads\/2026\/03\/airmez-tornado-25000-puffs-vape-flavor-sour-apple.webp","width":1080,"height":1080,"caption":"Airmez Tornado Puffs Vape Flavor Sour Apple"},{"@type":"BreadcrumbList","@id":"https:\/\/vapemaison.com\/product\/airmez-matrix-25k-disposable-vape-touch-screen-25000-puffs-smart-vape\/#breadcrumb","itemListElement":[{"@type":"ListItem","position":1,"name":"\u9996\u9875","item":"https:\/\/vapemaison.com\/"},{"@type":"ListItem","position":2,"name":"Shop","item":"https:\/\/vapemaison.com\/shop\/"},{"@type":"ListItem","position":3,"name":"Airmez","item":"https:\/\/vapemaison.com\/brand\/airmez\/"},{"@type":"ListItem","position":4,"name":"AiRMEZ Matrix 25K Disposable Vape Touch Screen 25000 Puffs Smart Vape"}]},{"@type":"WebSite","@id":"https:\/\/vapemaison.com\/#website","url":"https:\/\/vapemaison.com\/","name":"VapeMaison","description":"Premium Vaping-Ger\u00e4te und Zubeh\u00f6r","publisher":{"@id":"https:\/\/vapemaison.com\/#organization"},"potentialAction":[{"@type":"SearchAction","target":{"@type":"EntryPoint","urlTemplate":"https:\/\/vapemaison.com\/?s={search_term_string}"},"query-input":{"@type":"PropertyValueSpecification","valueRequired":true,"valueName":"search_term_string"}}],"inLanguage":"de"},{"@type":"Organization","@id":"https:\/\/vapemaison.com\/#organization","name":"VapeMaison","url":"https:\/\/vapemaison.com\/","logo":{"@type":"ImageObject","inLanguage":"de","@id":"https:\/\/vapemaison.com\/#\/schema\/logo\/image\/","url":"https:\/\/vapemaison.com\/wp-content\/uploads\/2026\/01\/cropped-vapemaison-logo-g-2026.webp","contentUrl":"https:\/\/vapemaison.com\/wp-content\/uploads\/2026\/01\/cropped-vapemaison-logo-g-2026.webp","width":350,"height":280,"caption":"VapeMaison"},"image":{"@id":"https:\/\/vapemaison.com\/#\/schema\/logo\/image\/"},"sameAs":["https:\/\/www.youtube.com\/@VapeMaison"]}]}},"tiered_pricing_type":"fixed","tiered_pricing_fixed_rules":{"30":"11.68","50":"11.12","100":"10.56","200":"9.99"},"tiered_pricing_product_settings":{"layout":"default","base_unit_name":{"singular":null,"plural":null},"default_variation":null},"tiered_pricing_minimum_quantity":10,"tiered_pricing_roles_data":[],"tiered_pricing_percentage_rules":[],"tiered_pricing_maximum_quantity":null,"tiered_pricing_quantity_step":"10","_links":{"self":[{"href":"https:\/\/vapemaison.com\/de\/wp-json\/wp\/v2\/product\/28250","targetHints":{"allow":["GET"]}}],"collection":[{"href":"https:\/\/vapemaison.com\/de\/wp-json\/wp\/v2\/product"}],"about":[{"href":"https:\/\/vapemaison.com\/de\/wp-json\/wp\/v2\/types\/product"}],"replies":[{"embeddable":true,"href":"https:\/\/vapemaison.com\/de\/wp-json\/wp\/v2\/comments?post=28250"}],"version-history":[{"count":7,"href":"https:\/\/vapemaison.com\/de\/wp-json\/wp\/v2\/product\/28250\/revisions"}],"predecessor-version":[{"id":29269,"href":"https:\/\/vapemaison.com\/de\/wp-json\/wp\/v2\/product\/28250\/revisions\/29269"}],"wp:featuredmedia":[{"embeddable":true,"href":"https:\/\/vapemaison.com\/de\/wp-json\/wp\/v2\/media\/28316"}],"wp:attachment":[{"href":"https:\/\/vapemaison.com\/de\/wp-json\/wp\/v2\/media?parent=28250"}],"wp:term":[{"taxonomy":"product_brand","embeddable":true,"href":"https:\/\/vapemaison.com\/de\/wp-json\/wp\/v2\/product_brand?post=28250"},{"taxonomy":"product_cat","embeddable":true,"href":"https:\/\/vapemaison.com\/de\/wp-json\/wp\/v2\/product_cat?post=28250"},{"taxonomy":"product_tag","embeddable":true,"href":"https:\/\/vapemaison.com\/de\/wp-json\/wp\/v2\/product_tag?post=28250"}],"curies":[{"name":"wp","href":"https:\/\/api.w.org\/{rel}","templated":true}]}}