

{"id":28251,"date":"2026-03-23T07:42:42","date_gmt":"2026-03-23T07:42:42","guid":{"rendered":"https:\/\/vapemaison.com\/?post_type=product&#038;p=28251"},"modified":"2026-04-11T06:06:08","modified_gmt":"2026-04-11T06:06:08","slug":"airmez-xbeats-40k-einweg-vape-mit-tws-ohrstopsel","status":"publish","type":"product","link":"https:\/\/vapemaison.com\/de\/product\/airmez-xbeats-40k-disposable-vape-with-tws-earbuds\/","title":{"rendered":"AiRMEZ Xbeats 40K Einweg-Vape mit TWS-Kopfh\u00f6rern"},"content":{"rendered":"<p>Der AiRMEZ Xbeats Vape 40K ist nicht nur ein Einwegger\u00e4t - er wurde f\u00fcr Benutzer entwickelt, die mehr von einem einzigen Ger\u00e4t erwarten. Durch die Kombination einer hohen Kapazit\u00e4t vape mit <strong>integrierte TWS-Bluetooth-Kopfh\u00f6rer<\/strong>, Mit diesem Ger\u00e4t k\u00f6nnen Sie zwischen dem Dampfen und dem H\u00f6ren wechseln, ohne zus\u00e4tzliche Ausr\u00fcstung mit sich f\u00fchren zu m\u00fcssen.<\/p>\n\n\n\n<p>Egal, ob Sie unterwegs sind oder einfach nur weniger Dinge in Ihrer Tasche haben m\u00f6chten, dieses All-in-One-Design ist einfach und funktional.<\/p>\n\n\n\n<h3 class=\"wp-block-heading\">Vape und Audio in einem Ger\u00e4t<\/h3>\n\n\n\n<p>Das Besondere an den Xbeats ist die integrierte <strong>TWS Bluetooth 5.0-Ohrst\u00f6psel<\/strong>, nahtlos in das Ger\u00e4t integriert. Du kannst Musik h\u00f6ren, Anrufe entgegennehmen oder in Verbindung bleiben, w\u00e4hrend Du den Vape benutzt, ohne ein separates Geh\u00e4use oder Ladeger\u00e4t zu ben\u00f6tigen.<\/p>\n\n\n\n<p>Es ist eine praktische Einrichtung f\u00fcr:<\/p>\n\n\n\n<ul class=\"wp-block-list\">\n<li>Pendeln<\/li>\n\n\n\n<li>Reisen<\/li>\n\n\n\n<li>t\u00e4gliches Tragen<\/li>\n<\/ul>\n\n\n\n<h3 class=\"wp-block-heading\">Konsistente Leistung und Geschmack<\/h3>\n\n\n\n<p>Das Ger\u00e4t verwendet <strong>Gen 2 Dual-Mesh-Spulen<\/strong>, die f\u00fcr eine gleichm\u00e4\u00dfige Erw\u00e4rmung und eine stabile Dampfabgabe sorgen. Verglichen mit Standard-Coils, bietet dieses Setup:<\/p>\n\n\n\n<ul class=\"wp-block-list\">\n<li>sanftere Ziehungen<\/li>\n\n\n\n<li>klarere Geschmacksabgabe<\/li>\n\n\n\n<li>gleichm\u00e4\u00dfigere Leistung im Laufe der Zeit<\/li>\n<\/ul>\n\n\n\n<p>Mit einem <strong>20mL vorgef\u00fcllte e-Fl\u00fcssigkeit Kapazit\u00e4t<\/strong> und bis zu <strong>40.000 Z\u00fcge<\/strong>, Es ist f\u00fcr eine lange Nutzung ohne h\u00e4ufigen Austausch ausgelegt.<\/p>\n\n\n\n<h3 class=\"wp-block-heading\">Einfache \u00dcberwachung und Aufladung<\/h3>\n\n\n\n<p>A <strong>seitliche Digitalanzeige<\/strong> zeigt sowohl den Batteriestand als auch den E-Liquid-Status an, so dass Sie immer wissen, wann Sie das Ger\u00e4t aufladen oder ersetzen m\u00fcssen.<\/p>\n\n\n\n<p>Der eingebaute Akku unterst\u00fctzt <strong>USB Typ-C Laden<\/strong>, Dadurch l\u00e4sst sich das Ger\u00e4t schnell und bequem \u00fcber Standardkabel einschalten.<\/p>\n\n\n\n<h3 class=\"wp-block-heading\">Einfacher, benutzerfreundlicher Betrieb<\/h3>\n\n\n\n<p>Der Xbeats ist einfach zu bedienen mit <strong>gezogene Z\u00fcndung<\/strong>, Das bedeutet, dass es keine Kn\u00f6pfe oder Einstellungen zu verwalten gibt. Einfach einatmen und benutzen.<\/p>\n\n\n\n<h3 class=\"wp-block-heading\">Spezifikationen<\/h3>\n\n\n\n<figure class=\"wp-block-table\"><table class=\"has-fixed-layout\"><thead><tr><th>Parameter<\/th><th>Einzelheiten<\/th><\/tr><\/thead><tbody><tr><td>Modell<\/td><td>Xbeats 40K Einweg<\/td><\/tr><tr><td>Anzahl der Puffs<\/td><td>Bis zu 40.000 Puffs<\/td><\/tr><tr><td>E-Fl\u00fcssigkeit Kapazit\u00e4t<\/td><td>20mL (vorgef\u00fcllt)<\/td><\/tr><tr><td>Nikotinst\u00e4rke<\/td><td>5%<\/td><\/tr><tr><td>Spule Typ<\/td><td>Gen 2 Dual Mesh<\/td><\/tr><tr><td>Ohrst\u00f6psel<\/td><td>Integriertes TWS (Bluetooth 5.0)<\/td><\/tr><tr><td>Anzeige<\/td><td>Seitlicher digitaler Bildschirm (Batterie \/ E-Fl\u00fcssigkeit)<\/td><\/tr><tr><td>Aufladen<\/td><td>USB Typ-C<\/td><\/tr><tr><td>Freischaltung<\/td><td>Zeichnungsaktiviert<\/td><\/tr><\/tbody><\/table><\/figure>\n\n\n\n<h3 class=\"wp-block-heading\">Geschmack &amp; Nikotin<\/h3>\n\n\n\n<p>1.Erdbeere Wassermelone Traube (5% Nikotin)<br>2.Summer Dream (5% Nikotin)<br>3.Kiwi Traube Himbeere (5% Nikotin)<br>4.sprudelnde Kirsch-Cola (5% Nikotin)<br>5.Mr Blue (5% Nikotin)<br>6.Strawberry Kiwi (5% Nikotin)<br>7. blaubeere banane (5% Nikotin)<br>8.Double Apple (5% Nikotin)<br>9.blueberry Ice (5% Nikotin)<br>10.wassermelone Eis (5% Nikotin)<br>11.Tropical Punch (5% Nikotin)<br>12.saftiger Pfirsich (5% Nikotin)<br>13.Cola Mint (5% Nikotin)<br>14.ananas eis (5% Nikotin)<br>15 Mango Ice (5% Nikotin)<br>1.Blue Razz Ice (2% Nikotin)<br>2.Miami Mint (2% Nikotin)<br>3.wassermelone Eis (2% Nikotin)<br>4.Atl Mint (2% Nikotin)<br>6.saurer Apfel Eis (2% Nikotin)<br>7.Banana Taffy Freeze (2% Nikotin)<br>8.brombeere B-Pop (2% Nikotin)<br>9.Ice Pop (2% Nikotin)<br>10.blauer Rancher (2% Nikotin)<br>11.himbeere pfirsich limette(2% Nikotin)<br>12.saure Mango-Ananas (2% Nikotin)<br>13.Cool Mint (2% Nikotin)<br>14.Sour Fcuking Fab (2% Nikotin)<br>15.Zitronenk\u00f6pfe (2% Nikotin)<\/p>\n\n\n\n<p>Wenn Sie mehr Optionen als nur die <strong>AiRMEZ Xbeats 40K<\/strong>, gibt es noch viel mehr zu entdecken. Sie k\u00f6nnen unser gesamtes <strong><a href=\"https:\/\/vapemaison.com\/shop\/\" type=\"link\" id=\"https:\/\/vapemaison.com\/shop\/\">Kollektion kaufen<\/a><\/strong> finden Sie eine gro\u00dfe Auswahl an leistungsstarken Einwegverdampfern mit verschiedenen Puffzahlen, Funktionen und Geschmacksprofilen, die Ihren Vorlieben entsprechen.<\/p>\n\n\n\n<p>Wenn Ihnen das Design und die Innovation dieses Ger\u00e4ts gefallen, empfehlen wir Ihnen, sich weitere Produkte aus der <strong><a href=\"https:\/\/vapemaison.com\/brand\/airmez\/\" type=\"link\" id=\"https:\/\/vapemaison.com\/brand\/airmez\/\">Airmez-Angebot<\/a><\/strong>, wo Sie \u00e4hnlich fortschrittliche Modelle mit einzigartigen Funktionen und erstklassiger Verarbeitungsqualit\u00e4t finden.<\/p>\n\n\n\n<p>Wenn Sie sich speziell f\u00fcr langlebige Ger\u00e4te interessieren, sollten Sie sich unsere Auswahl an <strong><a href=\"https:\/\/vapemaison.com\/product-category\/puffs-count\/40k-puffs\/\" type=\"link\" id=\"https:\/\/vapemaison.com\/product-category\/puffs-count\/40k-puffs\/\">40K Puffs<\/a><\/strong> Einweg-Dampfger\u00e4te. Diese Optionen bieten eine l\u00e4ngere Nutzungsdauer, eine reichhaltige Geschmacksabgabe und ein ausgezeichnetes Preis-Leistungs-Verh\u00e4ltnis f\u00fcr Benutzer, die weniger Austauschvorg\u00e4nge w\u00fcnschen, ohne Kompromisse bei der Leistung einzugehen.<\/p>\n\n\n\n<p>Entdecken Sie mehr und finden Sie den perfekten Vape, der zu Ihrem Stil und Ihren Bed\u00fcrfnissen passt.<\/p>\n\n\n\n<p><\/p>","protected":false},"excerpt":{"rendered":"<p>The AiRMEZ Xbeats Vape 40K is not just a disposable vape\u2014it\u2019s built for users who want more from a single device. By combining a high-capacity vape with integrated TWS Bluetooth earbuds, it lets you switch between vaping and listening without carrying extra gear. Whether you&#8217;re on the move or just want fewer things in your [&hellip;]<\/p>\n","protected":false},"featured_media":28256,"comment_status":"open","ping_status":"closed","template":"","meta":[],"product_brand":[314],"product_cat":[135],"product_tag":[],"class_list":{"0":"post-28251","1":"product","2":"type-product","3":"status-publish","4":"has-post-thumbnail","6":"product_brand-airmez","7":"product_cat-40k-puffs","9":"first","10":"instock","11":"sale","12":"shipping-taxable","13":"purchasable","14":"product-type-variable"},"yoast_head":"<!-- This site is optimized with the Yoast SEO plugin v27.4 - https:\/\/yoast.com\/product\/yoast-seo-wordpress\/ -->\n<title>AiRMEZ Xbeats 40K Vape with TWS Earbuds | 40000 Puffs<\/title>\n<meta name=\"description\" content=\"AiRMEZ Xbeats 40K disposable vape with built-in TWS earbuds, 40000 puffs, dual mesh coil and digital display. Vape and listen in one device.\" \/>\n<meta name=\"robots\" content=\"index, follow, max-snippet:-1, max-image-preview:large, max-video-preview:-1\" \/>\n<link rel=\"canonical\" href=\"https:\/\/vapemaison.com\/de\/product\/airmez-xbeats-40k-einweg-vape-mit-tws-ohrstopsel\/\" \/>\n<meta property=\"og:locale\" content=\"de_DE\" \/>\n<meta property=\"og:type\" content=\"article\" \/>\n<meta property=\"og:title\" content=\"AiRMEZ Xbeats 40K Vape with TWS Earbuds | 40000 Puffs\" \/>\n<meta property=\"og:description\" content=\"AiRMEZ Xbeats 40K disposable vape with built-in TWS earbuds, 40000 puffs, dual mesh coil and digital display. Vape and listen in one device.\" \/>\n<meta property=\"og:url\" content=\"https:\/\/vapemaison.com\/de\/product\/airmez-xbeats-40k-einweg-vape-mit-tws-ohrstopsel\/\" \/>\n<meta property=\"og:site_name\" content=\"VapeMaison\" \/>\n<meta property=\"article:modified_time\" content=\"2026-04-11T06:06:08+00:00\" \/>\n<meta property=\"og:image\" content=\"https:\/\/vapemaison.com\/wp-content\/uploads\/2026\/03\/vapemaison-airmez-xbeats-40000-puffs-vape-flavor-atl-mint-airmez-xbeats.webp\" \/>\n\t<meta property=\"og:image:width\" content=\"800\" \/>\n\t<meta property=\"og:image:height\" content=\"800\" \/>\n\t<meta property=\"og:image:type\" content=\"image\/webp\" \/>\n<meta name=\"twitter:card\" content=\"summary_large_image\" \/>\n<meta name=\"twitter:label1\" content=\"Gesch\u00e4tzte Lesezeit\" \/>\n\t<meta name=\"twitter:data1\" content=\"3\u00a0Minuten\" \/>\n<!-- \/ Yoast SEO plugin. -->","yoast_head_json":{"title":"AiRMEZ Xbeats 40K Vape mit TWS-Kopfh\u00f6rern | 40000 Puffs","description":"AiRMEZ Xbeats 40K Einwegdampfer mit eingebauten TWS-Ohrst\u00f6pseln, 40000 Puffs, Dual-Mesh-Spule und Digitalanzeige. Verdampfen und h\u00f6ren in einem Ger\u00e4t.","robots":{"index":"index","follow":"follow","max-snippet":"max-snippet:-1","max-image-preview":"max-image-preview:large","max-video-preview":"max-video-preview:-1"},"canonical":"https:\/\/vapemaison.com\/de\/product\/airmez-xbeats-40k-einweg-vape-mit-tws-ohrstopsel\/","og_locale":"de_DE","og_type":"article","og_title":"AiRMEZ Xbeats 40K Vape with TWS Earbuds | 40000 Puffs","og_description":"AiRMEZ Xbeats 40K disposable vape with built-in TWS earbuds, 40000 puffs, dual mesh coil and digital display. Vape and listen in one device.","og_url":"https:\/\/vapemaison.com\/de\/product\/airmez-xbeats-40k-einweg-vape-mit-tws-ohrstopsel\/","og_site_name":"VapeMaison","article_modified_time":"2026-04-11T06:06:08+00:00","og_image":[{"width":800,"height":800,"url":"https:\/\/vapemaison.com\/wp-content\/uploads\/2026\/03\/vapemaison-airmez-xbeats-40000-puffs-vape-flavor-atl-mint-airmez-xbeats.webp","type":"image\/webp"}],"twitter_card":"summary_large_image","twitter_misc":{"Gesch\u00e4tzte Lesezeit":"3\u00a0Minuten"},"schema":{"@context":"https:\/\/schema.org","@graph":[{"@type":"WebPage","@id":"https:\/\/vapemaison.com\/product\/airmez-xbeats-40k-disposable-vape-with-tws-earbuds\/","url":"https:\/\/vapemaison.com\/product\/airmez-xbeats-40k-disposable-vape-with-tws-earbuds\/","name":"AiRMEZ Xbeats 40K Vape mit TWS-Kopfh\u00f6rern | 40000 Puffs","isPartOf":{"@id":"https:\/\/vapemaison.com\/#website"},"primaryImageOfPage":{"@id":"https:\/\/vapemaison.com\/product\/airmez-xbeats-40k-disposable-vape-with-tws-earbuds\/#primaryimage"},"image":{"@id":"https:\/\/vapemaison.com\/product\/airmez-xbeats-40k-disposable-vape-with-tws-earbuds\/#primaryimage"},"thumbnailUrl":"https:\/\/vapemaison.com\/wp-content\/uploads\/2026\/03\/vapemaison-airmez-xbeats-40000-puffs-vape-flavor-atl-mint-airmez-xbeats.webp","datePublished":"2026-03-23T07:42:42+00:00","dateModified":"2026-04-11T06:06:08+00:00","description":"AiRMEZ Xbeats 40K Einwegdampfer mit eingebauten TWS-Ohrst\u00f6pseln, 40000 Puffs, Dual-Mesh-Spule und Digitalanzeige. Verdampfen und h\u00f6ren in einem Ger\u00e4t.","breadcrumb":{"@id":"https:\/\/vapemaison.com\/product\/airmez-xbeats-40k-disposable-vape-with-tws-earbuds\/#breadcrumb"},"inLanguage":"de","potentialAction":[{"@type":"ReadAction","target":["https:\/\/vapemaison.com\/product\/airmez-xbeats-40k-disposable-vape-with-tws-earbuds\/"]}]},{"@type":"ImageObject","inLanguage":"de","@id":"https:\/\/vapemaison.com\/product\/airmez-xbeats-40k-disposable-vape-with-tws-earbuds\/#primaryimage","url":"https:\/\/vapemaison.com\/wp-content\/uploads\/2026\/03\/vapemaison-airmez-xbeats-40000-puffs-vape-flavor-atl-mint-airmez-xbeats.webp","contentUrl":"https:\/\/vapemaison.com\/wp-content\/uploads\/2026\/03\/vapemaison-airmez-xbeats-40000-puffs-vape-flavor-atl-mint-airmez-xbeats.webp","width":800,"height":800,"caption":"Vapemaison Airmez Xbeats Puffs Vape Flavor Atl Mint"},{"@type":"BreadcrumbList","@id":"https:\/\/vapemaison.com\/product\/airmez-xbeats-40k-disposable-vape-with-tws-earbuds\/#breadcrumb","itemListElement":[{"@type":"ListItem","position":1,"name":"\u9996\u9875","item":"https:\/\/vapemaison.com\/"},{"@type":"ListItem","position":2,"name":"Shop","item":"https:\/\/vapemaison.com\/shop\/"},{"@type":"ListItem","position":3,"name":"Airmez","item":"https:\/\/vapemaison.com\/brand\/airmez\/"},{"@type":"ListItem","position":4,"name":"AiRMEZ Xbeats 40K Disposable Vape with TWS Earbuds"}]},{"@type":"WebSite","@id":"https:\/\/vapemaison.com\/#website","url":"https:\/\/vapemaison.com\/","name":"VapeMaison","description":"Premium Vaping-Ger\u00e4te und Zubeh\u00f6r","publisher":{"@id":"https:\/\/vapemaison.com\/#organization"},"potentialAction":[{"@type":"SearchAction","target":{"@type":"EntryPoint","urlTemplate":"https:\/\/vapemaison.com\/?s={search_term_string}"},"query-input":{"@type":"PropertyValueSpecification","valueRequired":true,"valueName":"search_term_string"}}],"inLanguage":"de"},{"@type":"Organization","@id":"https:\/\/vapemaison.com\/#organization","name":"VapeMaison","url":"https:\/\/vapemaison.com\/","logo":{"@type":"ImageObject","inLanguage":"de","@id":"https:\/\/vapemaison.com\/#\/schema\/logo\/image\/","url":"https:\/\/vapemaison.com\/wp-content\/uploads\/2026\/01\/cropped-vapemaison-logo-g-2026.webp","contentUrl":"https:\/\/vapemaison.com\/wp-content\/uploads\/2026\/01\/cropped-vapemaison-logo-g-2026.webp","width":350,"height":280,"caption":"VapeMaison"},"image":{"@id":"https:\/\/vapemaison.com\/#\/schema\/logo\/image\/"},"sameAs":["https:\/\/www.youtube.com\/@VapeMaison"]}]}},"tiered_pricing_type":"fixed","tiered_pricing_fixed_rules":{"30":"10.99","50":"10.45","100":"9.99","200":"9.56"},"tiered_pricing_product_settings":{"layout":"default","base_unit_name":{"singular":null,"plural":null},"default_variation":null},"tiered_pricing_minimum_quantity":10,"tiered_pricing_roles_data":[],"tiered_pricing_percentage_rules":[],"tiered_pricing_maximum_quantity":null,"tiered_pricing_quantity_step":"10","_links":{"self":[{"href":"https:\/\/vapemaison.com\/de\/wp-json\/wp\/v2\/product\/28251","targetHints":{"allow":["GET"]}}],"collection":[{"href":"https:\/\/vapemaison.com\/de\/wp-json\/wp\/v2\/product"}],"about":[{"href":"https:\/\/vapemaison.com\/de\/wp-json\/wp\/v2\/types\/product"}],"replies":[{"embeddable":true,"href":"https:\/\/vapemaison.com\/de\/wp-json\/wp\/v2\/comments?post=28251"}],"version-history":[{"count":4,"href":"https:\/\/vapemaison.com\/de\/wp-json\/wp\/v2\/product\/28251\/revisions"}],"predecessor-version":[{"id":29273,"href":"https:\/\/vapemaison.com\/de\/wp-json\/wp\/v2\/product\/28251\/revisions\/29273"}],"wp:featuredmedia":[{"embeddable":true,"href":"https:\/\/vapemaison.com\/de\/wp-json\/wp\/v2\/media\/28256"}],"wp:attachment":[{"href":"https:\/\/vapemaison.com\/de\/wp-json\/wp\/v2\/media?parent=28251"}],"wp:term":[{"taxonomy":"product_brand","embeddable":true,"href":"https:\/\/vapemaison.com\/de\/wp-json\/wp\/v2\/product_brand?post=28251"},{"taxonomy":"product_cat","embeddable":true,"href":"https:\/\/vapemaison.com\/de\/wp-json\/wp\/v2\/product_cat?post=28251"},{"taxonomy":"product_tag","embeddable":true,"href":"https:\/\/vapemaison.com\/de\/wp-json\/wp\/v2\/product_tag?post=28251"}],"curies":[{"name":"wp","href":"https:\/\/api.w.org\/{rel}","templated":true}]}}