

{"id":28605,"date":"2026-04-01T06:51:53","date_gmt":"2026-04-01T06:51:53","guid":{"rendered":"https:\/\/vapemaison.com\/?post_type=product&#038;p=28605"},"modified":"2026-04-03T08:24:55","modified_gmt":"2026-04-03T08:24:55","slug":"stagbar-jagger-pro-40000-hohe-leistung-wiederaufladbare-einweg-vape","status":"publish","type":"product","link":"https:\/\/vapemaison.com\/de\/product\/stagbar-jagger-pro-40000-high-performance-rechargeable-disposable-vape\/","title":{"rendered":"Stagbar Jagger Pro 40000 - Leistungsstarke wiederaufladbare Einweg-Vape"},"content":{"rendered":"<p>Die <strong><a href=\"https:\/\/vapemaison.com\/brand\/stag-bar\/\" type=\"link\" id=\"https:\/\/vapemaison.com\/brand\/stag-bar\/\">Stagbar<\/a> Jagger Pro 40000 <a href=\"https:\/\/vapemaison.com\/product-category\/puffs-count\/40k-puffs\/\" type=\"link\" id=\"https:\/\/vapemaison.com\/product-category\/puffs-count\/40k-puffs\/\">40K Puffs<\/a><\/strong> ist ein leistungsstarker, wiederaufladbarer Einwegdampfer, der f\u00fcr intensive und t\u00e4gliche Nutzer entwickelt wurde. Mit bis zu <strong>40.000 Z\u00fcge<\/strong>, a <strong>22mL e-Fl\u00fcssigkeit Kapazit\u00e4t<\/strong>, und <strong>2% \/ 5% Nikotinoptionen<\/strong>, Sie liefert einen gleichm\u00e4\u00dfigen Geschmack und ein sanftes Nikotinerlebnis.<\/p>\n\n\n\n<p>Ausgestattet mit einem <strong>750mAh wiederaufladbare Batterie<\/strong> und <strong>Typ-C-Schnellladung<\/strong>, gew\u00e4hrleistet das Ger\u00e4t eine lange Nutzungsdauer und ein schnelles Aufladen. Das <strong>1.0\u03a9 Maschenspule<\/strong> verbessert die Dampfproduktion und Geschmacksgenauigkeit, w\u00e4hrend die <strong>LED-Anzeige<\/strong> bietet einen klaren \u00dcberblick \u00fcber den Batterie- und Nutzungsstatus.<\/p>\n\n\n\n<p>F\u00fcr ein vollst\u00e4ndig personalisiertes Vaping-Erlebnis bietet die <strong>verstellbares Luftstromsystem<\/strong> erm\u00f6glicht es dem Benutzer, den Zugwiderstand leicht zu kontrollieren. Verf\u00fcgbar in <strong>20 Geschmacksrichtungen<\/strong> und verpackt <strong>10 St\u00fcck pro Karton<\/strong>, Der Stagbar Jagger Pro 40K ist die ideale Wahl f\u00fcr Einzelh\u00e4ndler und Verbraucher, die einen Premium-Wegwerfdampfer mit hohem Zugwert suchen.<\/p>\n\n\n\n<h3 class=\"wp-block-heading\">Spezifikationen<\/h3>\n\n\n\n<figure class=\"wp-block-table\"><table class=\"has-fixed-layout\"><thead><tr><th>Spezifikation<\/th><th>Einzelheiten<\/th><\/tr><\/thead><tbody><tr><td>Nikotin-Optionen<\/td><td>2% \/ 5%<\/td><\/tr><tr><td>Anzahl der Puffs<\/td><td>Bis zu 40.000 Z\u00fcge<\/td><\/tr><tr><td>E-Liquid Kapazit\u00e4t<\/td><td>22 mL<\/td><\/tr><tr><td>Spule Typ<\/td><td>1.0\u03a9 Masche Spule<\/td><\/tr><tr><td>Batterie<\/td><td>750mAh Wiederaufladbar<\/td><\/tr><tr><td>Anzeige<\/td><td>LED-Batterie- und Benutzungsstatus<\/td><\/tr><tr><td>Einstellbarer Luftstrom<\/td><td>Ja<\/td><\/tr><tr><td>Ladeanschluss<\/td><td>Typ-C-Schnellaufladung<\/td><\/tr><tr><td>Geschmacksoptionen<\/td><td>20 Geschmacksrichtungen verf\u00fcgbar<\/td><\/tr><tr><td>Verpackung<\/td><td>10 St\u00fcck \/ Box<\/td><\/tr><\/tbody><\/table><\/figure>\n\n\n\n<h3 class=\"wp-block-heading\">Verf\u00fcgbare Geschmacksrichtungen<\/h3>\n\n\n\n<ul class=\"wp-block-list\">\n<li>Coco Loco<\/li>\n\n\n\n<li>Sex am Strand<\/li>\n\n\n\n<li>Zitrone-Limette<\/li>\n\n\n\n<li>Red Bull<\/li>\n\n\n\n<li>Wassermelone Eis<\/li>\n\n\n\n<li>Gemischte Beeren<\/li>\n\n\n\n<li>Erdbeer-Kiwi<\/li>\n\n\n\n<li>Bananeneis<\/li>\n\n\n\n<li>Heidelbeere-Himbeere<\/li>\n\n\n\n<li>Erdbeere Traube<\/li>\n\n\n\n<li>Blaue Himbeerlimonade<\/li>\n\n\n\n<li>Wei\u00dfe Mamba<\/li>\n\n\n\n<li>Erdbeere-Banane<\/li>\n\n\n\n<li>Traubeneis<\/li>\n\n\n\n<li>Erdbeere Wassermelone<\/li>\n\n\n\n<li>Schwarzer Drache Eis<\/li>\n\n\n\n<li>Cola-Eis<\/li>\n\n\n\n<li>Dreifache Melone<\/li>\n\n\n\n<li>Kirsche Cranberry<\/li>\n\n\n\n<li>Gummibonbons<\/li>\n<\/ul>","protected":false},"excerpt":{"rendered":"<p>Wiederaufladbarer Einwegdampfer mit bis zu 40.000 Z\u00fcgen, 22mL e-Liquid, einstellbarem Luftstrom und 20 Geschmacksrichtungen. Ideal f\u00fcr t\u00e4gliches oder intensives Dampfen.<\/p>","protected":false},"featured_media":28616,"comment_status":"open","ping_status":"closed","template":"","meta":[],"product_brand":[320],"product_cat":[135],"product_tag":[],"class_list":{"0":"post-28605","1":"product","2":"type-product","3":"status-publish","4":"has-post-thumbnail","6":"product_brand-stag-bar","7":"product_cat-40k-puffs","9":"first","10":"instock","11":"sale","12":"shipping-taxable","13":"purchasable","14":"product-type-variable"},"yoast_head":"<!-- This site is optimized with the Yoast SEO plugin v27.4 - https:\/\/yoast.com\/product\/yoast-seo-wordpress\/ -->\n<title>Stagbar Jagger Pro 40000 40K Puff Disposable Vape<\/title>\n<meta name=\"description\" content=\"Experience long-lasting satisfaction with the Stagbar Jagger Pro 40000. Up to 40,000 puffs. Perfect for daily and heavy users.\" \/>\n<meta name=\"robots\" content=\"index, follow, max-snippet:-1, max-image-preview:large, max-video-preview:-1\" \/>\n<link rel=\"canonical\" href=\"https:\/\/vapemaison.com\/de\/product\/stagbar-jagger-pro-40000-hohe-leistung-wiederaufladbare-einweg-vape\/\" \/>\n<meta property=\"og:locale\" content=\"de_DE\" \/>\n<meta property=\"og:type\" content=\"article\" \/>\n<meta property=\"og:title\" content=\"Stagbar Jagger Pro 40000 40K Puff Disposable Vape\" \/>\n<meta property=\"og:description\" content=\"Experience long-lasting satisfaction with the Stagbar Jagger Pro 40000. Up to 40,000 puffs. Perfect for daily and heavy users.\" \/>\n<meta property=\"og:url\" content=\"https:\/\/vapemaison.com\/de\/product\/stagbar-jagger-pro-40000-hohe-leistung-wiederaufladbare-einweg-vape\/\" \/>\n<meta property=\"og:site_name\" content=\"VapeMaison\" \/>\n<meta property=\"article:modified_time\" content=\"2026-04-03T08:24:55+00:00\" \/>\n<meta property=\"og:image\" content=\"https:\/\/vapemaison.com\/wp-content\/uploads\/2026\/04\/vapemaison-stagbar-jagger-pro-40000-40k-puffs-main-picture.webp\" \/>\n\t<meta property=\"og:image:width\" content=\"800\" \/>\n\t<meta property=\"og:image:height\" content=\"800\" \/>\n\t<meta property=\"og:image:type\" content=\"image\/webp\" \/>\n<meta name=\"twitter:card\" content=\"summary_large_image\" \/>\n<meta name=\"twitter:label1\" content=\"Gesch\u00e4tzte Lesezeit\" \/>\n\t<meta name=\"twitter:data1\" content=\"2\u00a0Minuten\" \/>\n<!-- \/ Yoast SEO plugin. -->","yoast_head_json":{"title":"Stagbar Jagger Pro 40000 40K Puff Einweg Vape","description":"Erleben Sie lang anhaltende Zufriedenheit mit dem Stagbar Jagger Pro 40000. Bis zu 40.000 Z\u00fcge. Perfekt f\u00fcr den t\u00e4glichen und intensiven Gebrauch.","robots":{"index":"index","follow":"follow","max-snippet":"max-snippet:-1","max-image-preview":"max-image-preview:large","max-video-preview":"max-video-preview:-1"},"canonical":"https:\/\/vapemaison.com\/de\/product\/stagbar-jagger-pro-40000-hohe-leistung-wiederaufladbare-einweg-vape\/","og_locale":"de_DE","og_type":"article","og_title":"Stagbar Jagger Pro 40000 40K Puff Disposable Vape","og_description":"Experience long-lasting satisfaction with the Stagbar Jagger Pro 40000. Up to 40,000 puffs. Perfect for daily and heavy users.","og_url":"https:\/\/vapemaison.com\/de\/product\/stagbar-jagger-pro-40000-hohe-leistung-wiederaufladbare-einweg-vape\/","og_site_name":"VapeMaison","article_modified_time":"2026-04-03T08:24:55+00:00","og_image":[{"width":800,"height":800,"url":"https:\/\/vapemaison.com\/wp-content\/uploads\/2026\/04\/vapemaison-stagbar-jagger-pro-40000-40k-puffs-main-picture.webp","type":"image\/webp"}],"twitter_card":"summary_large_image","twitter_misc":{"Gesch\u00e4tzte Lesezeit":"2\u00a0Minuten"},"schema":{"@context":"https:\/\/schema.org","@graph":[{"@type":"WebPage","@id":"https:\/\/vapemaison.com\/product\/stagbar-jagger-pro-40000-high-performance-rechargeable-disposable-vape\/","url":"https:\/\/vapemaison.com\/product\/stagbar-jagger-pro-40000-high-performance-rechargeable-disposable-vape\/","name":"Stagbar Jagger Pro 40000 40K Puff Einweg Vape","isPartOf":{"@id":"https:\/\/vapemaison.com\/#website"},"primaryImageOfPage":{"@id":"https:\/\/vapemaison.com\/product\/stagbar-jagger-pro-40000-high-performance-rechargeable-disposable-vape\/#primaryimage"},"image":{"@id":"https:\/\/vapemaison.com\/product\/stagbar-jagger-pro-40000-high-performance-rechargeable-disposable-vape\/#primaryimage"},"thumbnailUrl":"https:\/\/vapemaison.com\/wp-content\/uploads\/2026\/04\/vapemaison-stagbar-jagger-pro-40000-40k-puffs-main-picture.webp","datePublished":"2026-04-01T06:51:53+00:00","dateModified":"2026-04-03T08:24:55+00:00","description":"Erleben Sie lang anhaltende Zufriedenheit mit dem Stagbar Jagger Pro 40000. Bis zu 40.000 Z\u00fcge. Perfekt f\u00fcr den t\u00e4glichen und intensiven Gebrauch.","breadcrumb":{"@id":"https:\/\/vapemaison.com\/product\/stagbar-jagger-pro-40000-high-performance-rechargeable-disposable-vape\/#breadcrumb"},"inLanguage":"de","potentialAction":[{"@type":"ReadAction","target":["https:\/\/vapemaison.com\/product\/stagbar-jagger-pro-40000-high-performance-rechargeable-disposable-vape\/"]}]},{"@type":"ImageObject","inLanguage":"de","@id":"https:\/\/vapemaison.com\/product\/stagbar-jagger-pro-40000-high-performance-rechargeable-disposable-vape\/#primaryimage","url":"https:\/\/vapemaison.com\/wp-content\/uploads\/2026\/04\/vapemaison-stagbar-jagger-pro-40000-40k-puffs-main-picture.webp","contentUrl":"https:\/\/vapemaison.com\/wp-content\/uploads\/2026\/04\/vapemaison-stagbar-jagger-pro-40000-40k-puffs-main-picture.webp","width":800,"height":800,"caption":"Vapemaison Stagbar Jagger Pro 40k Puffs Main Picture"},{"@type":"BreadcrumbList","@id":"https:\/\/vapemaison.com\/product\/stagbar-jagger-pro-40000-high-performance-rechargeable-disposable-vape\/#breadcrumb","itemListElement":[{"@type":"ListItem","position":1,"name":"\u9996\u9875","item":"https:\/\/vapemaison.com\/"},{"@type":"ListItem","position":2,"name":"Shop","item":"https:\/\/vapemaison.com\/shop\/"},{"@type":"ListItem","position":3,"name":"Stag Bar","item":"https:\/\/vapemaison.com\/brand\/stag-bar\/"},{"@type":"ListItem","position":4,"name":"Stagbar Jagger Pro 40000 \u2013 High-Performance Rechargeable Disposable Vape"}]},{"@type":"WebSite","@id":"https:\/\/vapemaison.com\/#website","url":"https:\/\/vapemaison.com\/","name":"VapeMaison","description":"Premium Vaping-Ger\u00e4te und Zubeh\u00f6r","publisher":{"@id":"https:\/\/vapemaison.com\/#organization"},"potentialAction":[{"@type":"SearchAction","target":{"@type":"EntryPoint","urlTemplate":"https:\/\/vapemaison.com\/?s={search_term_string}"},"query-input":{"@type":"PropertyValueSpecification","valueRequired":true,"valueName":"search_term_string"}}],"inLanguage":"de"},{"@type":"Organization","@id":"https:\/\/vapemaison.com\/#organization","name":"VapeMaison","url":"https:\/\/vapemaison.com\/","logo":{"@type":"ImageObject","inLanguage":"de","@id":"https:\/\/vapemaison.com\/#\/schema\/logo\/image\/","url":"https:\/\/vapemaison.com\/wp-content\/uploads\/2026\/01\/cropped-vapemaison-logo-g-2026.webp","contentUrl":"https:\/\/vapemaison.com\/wp-content\/uploads\/2026\/01\/cropped-vapemaison-logo-g-2026.webp","width":350,"height":280,"caption":"VapeMaison"},"image":{"@id":"https:\/\/vapemaison.com\/#\/schema\/logo\/image\/"},"sameAs":["https:\/\/www.youtube.com\/@VapeMaison"]}]}},"tiered_pricing_type":"fixed","tiered_pricing_fixed_rules":{"30":"10.99","50":"10.56","100":"9.99","200":"9.47"},"tiered_pricing_product_settings":{"layout":"default","base_unit_name":{"singular":null,"plural":null},"default_variation":null},"tiered_pricing_minimum_quantity":10,"tiered_pricing_roles_data":[],"tiered_pricing_percentage_rules":[],"tiered_pricing_maximum_quantity":null,"tiered_pricing_quantity_step":"10","_links":{"self":[{"href":"https:\/\/vapemaison.com\/de\/wp-json\/wp\/v2\/product\/28605","targetHints":{"allow":["GET"]}}],"collection":[{"href":"https:\/\/vapemaison.com\/de\/wp-json\/wp\/v2\/product"}],"about":[{"href":"https:\/\/vapemaison.com\/de\/wp-json\/wp\/v2\/types\/product"}],"replies":[{"embeddable":true,"href":"https:\/\/vapemaison.com\/de\/wp-json\/wp\/v2\/comments?post=28605"}],"version-history":[{"count":4,"href":"https:\/\/vapemaison.com\/de\/wp-json\/wp\/v2\/product\/28605\/revisions"}],"predecessor-version":[{"id":28893,"href":"https:\/\/vapemaison.com\/de\/wp-json\/wp\/v2\/product\/28605\/revisions\/28893"}],"wp:featuredmedia":[{"embeddable":true,"href":"https:\/\/vapemaison.com\/de\/wp-json\/wp\/v2\/media\/28616"}],"wp:attachment":[{"href":"https:\/\/vapemaison.com\/de\/wp-json\/wp\/v2\/media?parent=28605"}],"wp:term":[{"taxonomy":"product_brand","embeddable":true,"href":"https:\/\/vapemaison.com\/de\/wp-json\/wp\/v2\/product_brand?post=28605"},{"taxonomy":"product_cat","embeddable":true,"href":"https:\/\/vapemaison.com\/de\/wp-json\/wp\/v2\/product_cat?post=28605"},{"taxonomy":"product_tag","embeddable":true,"href":"https:\/\/vapemaison.com\/de\/wp-json\/wp\/v2\/product_tag?post=28605"}],"curies":[{"name":"wp","href":"https:\/\/api.w.org\/{rel}","templated":true}]}}