

{"id":28649,"date":"2026-04-01T08:53:24","date_gmt":"2026-04-01T08:53:24","guid":{"rendered":"https:\/\/vapemaison.com\/?post_type=product&#038;p=28649"},"modified":"2026-04-01T09:48:07","modified_gmt":"2026-04-01T09:48:07","slug":"wasbar-60000-puffs-wiederaufladbaren-einweg-vape-mit-dual-mesh-spule","status":"publish","type":"product","link":"https:\/\/vapemaison.com\/de\/product\/wasbar-60000-puffs-rechargeable-disposable-vape-with-dual-mesh-coil\/","title":{"rendered":"Wasbar 60000 Puffs - Wiederaufladbare Einweg-Vape mit Dual Mesh Coil"},"content":{"rendered":"<p>Die <strong>Wasbar 60000 Puffs Einweg Vape<\/strong> wurde f\u00fcr Benutzer entwickelt, die ein ausgewogenes Verh\u00e4ltnis von Leistung, Geschmackskonsistenz und Komfort suchen. Mit bis zu <strong>60.000 Z\u00fcge<\/strong>, Im Vergleich zu herk\u00f6mmlichen Einwegger\u00e4ten bietet er eine l\u00e4ngere Nutzungsdauer und ist somit f\u00fcr den t\u00e4glichen Gebrauch geeignet.<\/p>\n\n\n\n<p>Ausgestattet mit einem <strong>wiederaufladbare Batterie<\/strong> und <strong>Typ-C-Laden<\/strong>, gew\u00e4hrleistet das Ger\u00e4t eine zuverl\u00e4ssige Stromversorgung und einfaches Aufladen. Ganz gleich, ob es den ganzen Tag \u00fcber oder auf Reisen verwendet wird, es beh\u00e4lt seine stabile Leistung bei, ohne dass es h\u00e4ufig ausgetauscht werden muss.<\/p>\n\n\n\n<h3 class=\"wp-block-heading\">Leistung und Design<\/h3>\n\n\n\n<p>Die <strong>Doppelmaschiges Spulensystem<\/strong> verbessert die allgemeine Vaping-Qualit\u00e4t durch die Lieferung:<\/p>\n\n\n\n<ul class=\"wp-block-list\">\n<li>Sanfter und gleichm\u00e4\u00dfiger Dampf<\/li>\n\n\n\n<li>Verbesserte Geschmacksklarheit<\/li>\n\n\n\n<li>Gleichm\u00e4\u00dfige Erw\u00e4rmung des E-Liquids f\u00fcr bessere Effizienz<\/li>\n<\/ul>\n\n\n\n<p>Sein stromlinienf\u00f6rmiges, modernes Design verbindet Praktikabilit\u00e4t mit einer klaren \u00c4sthetik und sorgt f\u00fcr eine bequeme Handhabung und Benutzerfreundlichkeit.<\/p>\n\n\n\n<h3 class=\"wp-block-heading\">Spezifikationen<\/h3>\n\n\n\n<figure class=\"wp-block-table\"><table class=\"has-fixed-layout\"><thead><tr><th>Spezifikation<\/th><th>Einzelheiten<\/th><\/tr><\/thead><tbody><tr><td>Anzahl der Puffs<\/td><td>Bis zu 60.000 Z\u00fcge<\/td><\/tr><tr><td>Nikotinst\u00e4rke<\/td><td>2% \/ 5%<\/td><\/tr><tr><td>Spule Typ<\/td><td>Dual Mesh Spule<\/td><\/tr><tr><td>Batterie<\/td><td>Wiederaufladbar<\/td><\/tr><tr><td>Ladeanschluss<\/td><td>Typ-C<\/td><\/tr><tr><td>Geschmacksoptionen<\/td><td>10 Geschmacksrichtungen<\/td><\/tr><tr><td>Gewicht<\/td><td>0,12 kg<\/td><\/tr><\/tbody><\/table><\/figure>\n\n\n\n<h3 class=\"wp-block-heading\">Verf\u00fcgbare Geschmacksrichtungen<\/h3>\n\n\n\n<ul class=\"wp-block-list\">\n<li>Wassermelone Eis<\/li>\n\n\n\n<li>Erdbeereis<\/li>\n\n\n\n<li>Erdbeer-Wassermelonen-Eis<\/li>\n\n\n\n<li>Blaues Razzeis<\/li>\n\n\n\n<li>Heidelbeere-Himbeere<\/li>\n\n\n\n<li>Traubeneis<\/li>\n\n\n\n<li>Gemischte Beeren<\/li>\n\n\n\n<li>Miami Mint<\/li>\n\n\n\n<li>Erdbeer-Kiwi<\/li>\n\n\n\n<li>Kirsche Cola<\/li>\n\n\n\n<li>Zuf\u00e4llige Geschmacksrichtungen (Option Schnelle Lieferung)<\/li>\n<\/ul>\n\n\n\n<p>Jede Geschmacksrichtung wird sorgf\u00e4ltig zusammengestellt, um ein ausgewogenes Profil von <strong>S\u00fc\u00dfe, Frische und k\u00fchlendes Gef\u00fchl<\/strong>, die sich sowohl an Frucht- als auch an Mentholliebhaber richtet.<\/p>\n\n\n\n<h3 class=\"wp-block-heading\">Warum sollte man sich f\u00fcr Wasbar 60000 entscheiden?<\/h3>\n\n\n\n<ul class=\"wp-block-list\">\n<li><strong>Erweiterte Nutzung<\/strong> - Ein Ger\u00e4t h\u00e4lt deutlich l\u00e4nger als typische Einwegprodukte<\/li>\n\n\n\n<li><strong>Wiederaufladbare Bequemlichkeit<\/strong> - Kein Abfall durch unfertiges E-Liquid<\/li>\n\n\n\n<li><strong>Premium-Aromenlieferung<\/strong> - Dual-Mesh-Spule sorgt f\u00fcr gleichbleibenden Geschmack<\/li>\n\n\n\n<li><strong>Benutzerfreundliches Design<\/strong> - Keine Wartung, kein Nachf\u00fcllen erforderlich<\/li>\n\n\n\n<li><strong>Kosteng\u00fcnstig<\/strong> - Hohe Puffanzahl reduziert die Austauschh\u00e4ufigkeit<\/li>\n<\/ul>","protected":false},"excerpt":{"rendered":"<p>Bis zu 60.000 Z\u00fcge mit Dual-Mesh-Spule, wiederaufladbarem Akku und 10 Premium-Aromen. Gebaut f\u00fcr langanhaltende Leistung und sanftes, gleichm\u00e4\u00dfiges Dampfen.<\/p>","protected":false},"featured_media":28657,"comment_status":"open","ping_status":"closed","template":"","meta":[],"product_brand":[],"product_cat":[137],"product_tag":[],"class_list":{"0":"post-28649","1":"product","2":"type-product","3":"status-publish","4":"has-post-thumbnail","6":"product_cat-60k-puffs","8":"first","9":"instock","10":"sale","11":"shipping-taxable","12":"purchasable","13":"product-type-variable"},"yoast_head":"<!-- This site is optimized with the Yoast SEO plugin v27.4 - https:\/\/yoast.com\/product\/yoast-seo-wordpress\/ -->\n<title>Wasbar 60000 60K Puffs \u2013 Rechargeable Vape<\/title>\n<meta name=\"description\" content=\"Discover the Wasbar 60000 Puffs Disposable Vape with up to 60K puffs, dual mesh coil, rechargeable battery, and Type-C charging.\" \/>\n<meta name=\"robots\" content=\"index, follow, max-snippet:-1, max-image-preview:large, max-video-preview:-1\" \/>\n<link rel=\"canonical\" href=\"https:\/\/vapemaison.com\/de\/product\/wasbar-60000-puffs-wiederaufladbaren-einweg-vape-mit-dual-mesh-spule\/\" \/>\n<meta property=\"og:locale\" content=\"de_DE\" \/>\n<meta property=\"og:type\" content=\"article\" \/>\n<meta property=\"og:title\" content=\"Wasbar 60000 60K Puffs \u2013 Rechargeable Vape\" \/>\n<meta property=\"og:description\" content=\"Discover the Wasbar 60000 Puffs Disposable Vape with up to 60K puffs, dual mesh coil, rechargeable battery, and Type-C charging.\" \/>\n<meta property=\"og:url\" content=\"https:\/\/vapemaison.com\/de\/product\/wasbar-60000-puffs-wiederaufladbaren-einweg-vape-mit-dual-mesh-spule\/\" \/>\n<meta property=\"og:site_name\" content=\"VapeMaison\" \/>\n<meta property=\"article:modified_time\" content=\"2026-04-01T09:48:07+00:00\" \/>\n<meta property=\"og:image\" content=\"https:\/\/vapemaison.com\/wp-content\/uploads\/2026\/04\/wasbar-60000-puffs-disposable-vape-flavor-strawberry-kiwi.webp\" \/>\n\t<meta property=\"og:image:width\" content=\"2000\" \/>\n\t<meta property=\"og:image:height\" content=\"2000\" \/>\n\t<meta property=\"og:image:type\" content=\"image\/webp\" \/>\n<meta name=\"twitter:card\" content=\"summary_large_image\" \/>\n<meta name=\"twitter:label1\" content=\"Gesch\u00e4tzte Lesezeit\" \/>\n\t<meta name=\"twitter:data1\" content=\"2\u00a0Minuten\" \/>\n<!-- \/ Yoast SEO plugin. -->","yoast_head_json":{"title":"Wasbar 60000 60K Puffs - Wiederaufladbare Vape","description":"Entdecken Sie den Wasbar 60000 Puffs Disposable Vape mit bis zu 60K Puffs, Dual Mesh Coil, wiederaufladbarem Akku und Type-C Aufladung.","robots":{"index":"index","follow":"follow","max-snippet":"max-snippet:-1","max-image-preview":"max-image-preview:large","max-video-preview":"max-video-preview:-1"},"canonical":"https:\/\/vapemaison.com\/de\/product\/wasbar-60000-puffs-wiederaufladbaren-einweg-vape-mit-dual-mesh-spule\/","og_locale":"de_DE","og_type":"article","og_title":"Wasbar 60000 60K Puffs \u2013 Rechargeable Vape","og_description":"Discover the Wasbar 60000 Puffs Disposable Vape with up to 60K puffs, dual mesh coil, rechargeable battery, and Type-C charging.","og_url":"https:\/\/vapemaison.com\/de\/product\/wasbar-60000-puffs-wiederaufladbaren-einweg-vape-mit-dual-mesh-spule\/","og_site_name":"VapeMaison","article_modified_time":"2026-04-01T09:48:07+00:00","og_image":[{"width":2000,"height":2000,"url":"https:\/\/vapemaison.com\/wp-content\/uploads\/2026\/04\/wasbar-60000-puffs-disposable-vape-flavor-strawberry-kiwi.webp","type":"image\/webp"}],"twitter_card":"summary_large_image","twitter_misc":{"Gesch\u00e4tzte Lesezeit":"2\u00a0Minuten"},"schema":{"@context":"https:\/\/schema.org","@graph":[{"@type":"WebPage","@id":"https:\/\/vapemaison.com\/product\/wasbar-60000-puffs-rechargeable-disposable-vape-with-dual-mesh-coil\/","url":"https:\/\/vapemaison.com\/product\/wasbar-60000-puffs-rechargeable-disposable-vape-with-dual-mesh-coil\/","name":"Wasbar 60000 60K Puffs - Wiederaufladbare Vape","isPartOf":{"@id":"https:\/\/vapemaison.com\/#website"},"primaryImageOfPage":{"@id":"https:\/\/vapemaison.com\/product\/wasbar-60000-puffs-rechargeable-disposable-vape-with-dual-mesh-coil\/#primaryimage"},"image":{"@id":"https:\/\/vapemaison.com\/product\/wasbar-60000-puffs-rechargeable-disposable-vape-with-dual-mesh-coil\/#primaryimage"},"thumbnailUrl":"https:\/\/vapemaison.com\/wp-content\/uploads\/2026\/04\/wasbar-60000-puffs-disposable-vape-flavor-strawberry-kiwi.webp","datePublished":"2026-04-01T08:53:24+00:00","dateModified":"2026-04-01T09:48:07+00:00","description":"Entdecken Sie den Wasbar 60000 Puffs Disposable Vape mit bis zu 60K Puffs, Dual Mesh Coil, wiederaufladbarem Akku und Type-C Aufladung.","breadcrumb":{"@id":"https:\/\/vapemaison.com\/product\/wasbar-60000-puffs-rechargeable-disposable-vape-with-dual-mesh-coil\/#breadcrumb"},"inLanguage":"de","potentialAction":[{"@type":"ReadAction","target":["https:\/\/vapemaison.com\/product\/wasbar-60000-puffs-rechargeable-disposable-vape-with-dual-mesh-coil\/"]}]},{"@type":"ImageObject","inLanguage":"de","@id":"https:\/\/vapemaison.com\/product\/wasbar-60000-puffs-rechargeable-disposable-vape-with-dual-mesh-coil\/#primaryimage","url":"https:\/\/vapemaison.com\/wp-content\/uploads\/2026\/04\/wasbar-60000-puffs-disposable-vape-flavor-strawberry-kiwi.webp","contentUrl":"https:\/\/vapemaison.com\/wp-content\/uploads\/2026\/04\/wasbar-60000-puffs-disposable-vape-flavor-strawberry-kiwi.webp","width":2000,"height":2000,"caption":"Wasbar Puffs Disposable Vape Flavor Strawberry Kiwi"},{"@type":"BreadcrumbList","@id":"https:\/\/vapemaison.com\/product\/wasbar-60000-puffs-rechargeable-disposable-vape-with-dual-mesh-coil\/#breadcrumb","itemListElement":[{"@type":"ListItem","position":1,"name":"\u9996\u9875","item":"https:\/\/vapemaison.com\/"},{"@type":"ListItem","position":2,"name":"Shop","item":"https:\/\/vapemaison.com\/shop\/"},{"@type":"ListItem","position":3,"name":"Wasbar 60000 Puffs \u2013 Rechargeable Disposable Vape with Dual Mesh Coil"}]},{"@type":"WebSite","@id":"https:\/\/vapemaison.com\/#website","url":"https:\/\/vapemaison.com\/","name":"VapeMaison","description":"Premium Vaping-Ger\u00e4te und Zubeh\u00f6r","publisher":{"@id":"https:\/\/vapemaison.com\/#organization"},"potentialAction":[{"@type":"SearchAction","target":{"@type":"EntryPoint","urlTemplate":"https:\/\/vapemaison.com\/?s={search_term_string}"},"query-input":{"@type":"PropertyValueSpecification","valueRequired":true,"valueName":"search_term_string"}}],"inLanguage":"de"},{"@type":"Organization","@id":"https:\/\/vapemaison.com\/#organization","name":"VapeMaison","url":"https:\/\/vapemaison.com\/","logo":{"@type":"ImageObject","inLanguage":"de","@id":"https:\/\/vapemaison.com\/#\/schema\/logo\/image\/","url":"https:\/\/vapemaison.com\/wp-content\/uploads\/2026\/01\/cropped-vapemaison-logo-g-2026.webp","contentUrl":"https:\/\/vapemaison.com\/wp-content\/uploads\/2026\/01\/cropped-vapemaison-logo-g-2026.webp","width":350,"height":280,"caption":"VapeMaison"},"image":{"@id":"https:\/\/vapemaison.com\/#\/schema\/logo\/image\/"},"sameAs":["https:\/\/www.youtube.com\/@VapeMaison"]}]}},"tiered_pricing_type":"fixed","tiered_pricing_fixed_rules":{"30":"11.99","50":"11.45","100":"10.78","200":"10.21"},"tiered_pricing_product_settings":{"layout":"default","base_unit_name":{"singular":null,"plural":null},"default_variation":null},"tiered_pricing_minimum_quantity":10,"tiered_pricing_roles_data":[],"tiered_pricing_percentage_rules":[],"tiered_pricing_maximum_quantity":null,"tiered_pricing_quantity_step":"10","_links":{"self":[{"href":"https:\/\/vapemaison.com\/de\/wp-json\/wp\/v2\/product\/28649","targetHints":{"allow":["GET"]}}],"collection":[{"href":"https:\/\/vapemaison.com\/de\/wp-json\/wp\/v2\/product"}],"about":[{"href":"https:\/\/vapemaison.com\/de\/wp-json\/wp\/v2\/types\/product"}],"replies":[{"embeddable":true,"href":"https:\/\/vapemaison.com\/de\/wp-json\/wp\/v2\/comments?post=28649"}],"version-history":[{"count":4,"href":"https:\/\/vapemaison.com\/de\/wp-json\/wp\/v2\/product\/28649\/revisions"}],"predecessor-version":[{"id":28673,"href":"https:\/\/vapemaison.com\/de\/wp-json\/wp\/v2\/product\/28649\/revisions\/28673"}],"wp:featuredmedia":[{"embeddable":true,"href":"https:\/\/vapemaison.com\/de\/wp-json\/wp\/v2\/media\/28657"}],"wp:attachment":[{"href":"https:\/\/vapemaison.com\/de\/wp-json\/wp\/v2\/media?parent=28649"}],"wp:term":[{"taxonomy":"product_brand","embeddable":true,"href":"https:\/\/vapemaison.com\/de\/wp-json\/wp\/v2\/product_brand?post=28649"},{"taxonomy":"product_cat","embeddable":true,"href":"https:\/\/vapemaison.com\/de\/wp-json\/wp\/v2\/product_cat?post=28649"},{"taxonomy":"product_tag","embeddable":true,"href":"https:\/\/vapemaison.com\/de\/wp-json\/wp\/v2\/product_tag?post=28649"}],"curies":[{"name":"wp","href":"https:\/\/api.w.org\/{rel}","templated":true}]}}