

{"id":28674,"date":"2026-04-01T09:43:35","date_gmt":"2026-04-01T09:43:35","guid":{"rendered":"https:\/\/vapemaison.com\/?post_type=product&#038;p=28674"},"modified":"2026-04-03T08:48:08","modified_gmt":"2026-04-03T08:48:08","slug":"stagbar-nexus-60000-60k-puffs-wiederaufladbar-einweg-vape","status":"publish","type":"product","link":"https:\/\/vapemaison.com\/de\/product\/stagbar-nexus-60000-60k-puffs-rechargeable-disposable-vape\/","title":{"rendered":"Stagbar Nexus 60000 60K Puffs Wiederaufladbare Einweg Vape"},"content":{"rendered":"<p>Die <strong><a href=\"https:\/\/vapemaison.com\/brand\/stag-bar\/\" type=\"link\" id=\"https:\/\/vapemaison.com\/brand\/stag-bar\/\">Stagbar<\/a> Nexus 60000 (<a href=\"https:\/\/vapemaison.com\/product-category\/puffs-count\/60k-puffs\/\" type=\"link\" id=\"https:\/\/vapemaison.com\/product-category\/puffs-count\/60k-puffs\/\">60K Puffs<\/a>)<\/strong> wurde f\u00fcr Benutzer entwickelt, die Wert auf Kapazit\u00e4t, Konsistenz und Ger\u00e4tekontrolle legen. Mit bis zu <strong>60.000 Z\u00fcge<\/strong> und eine <strong>50mL e-Fl\u00fcssigkeit Kapazit\u00e4t<\/strong>, Dadurch wird die H\u00e4ufigkeit des Austauschs reduziert, w\u00e4hrend die Leistung f\u00fcr den t\u00e4glichen Gebrauch stabil bleibt.<\/p>\n\n\n\n<p>Angetrieben von einem <strong>850mAh wiederaufladbare Batterie<\/strong> mit <strong>Typ-C-Laden<\/strong>, gew\u00e4hrleistet das Ger\u00e4t einen zuverl\u00e4ssigen Betrieb und ein bequemes Aufladen. Die integrierte <strong>LED-Anzeige<\/strong> bietet einen Echtzeit-\u00dcberblick \u00fcber den Batteriestatus und verbessert so die Benutzerfreundlichkeit.<\/p>\n\n\n\n<h3 class=\"wp-block-heading\">Leistung und Luftstromkontrolle<\/h3>\n\n\n\n<p>Mit <strong>0,9\u03a9 Maschenweite Spulen<\/strong> und ein <strong>verstellbares Luftstromsystem<\/strong>, liefert der Nexus 60000:<\/p>\n\n\n\n<ul class=\"wp-block-list\">\n<li>Gleichm\u00e4\u00dfige und ausgewogene Dampfabgabe<\/li>\n\n\n\n<li>Schnelle und gleichm\u00e4\u00dfige Erw\u00e4rmung<\/li>\n\n\n\n<li>Konsistente Geschmacksabgabe w\u00e4hrend des gesamten Gebrauchs<\/li>\n<\/ul>\n\n\n\n<p>Der Airflow-Regler erm\u00f6glicht es dem Benutzer, seinen Zug individuell zu gestalten, von einem festeren Inhalieren bis hin zu einem offeneren Luftstrom, um sich an unterschiedliche Vorlieben beim Dampfen anzupassen.<\/p>\n\n\n\n<h3 class=\"wp-block-heading\">Spezifikationen<\/h3>\n\n\n\n<figure class=\"wp-block-table\"><table class=\"has-fixed-layout\"><thead><tr><th>Spezifikation<\/th><th>Einzelheiten<\/th><\/tr><\/thead><tbody><tr><td>Anzahl der Puffs<\/td><td>Bis zu 60.000 Z\u00fcge<\/td><\/tr><tr><td>Nikotinst\u00e4rke<\/td><td>2% \/ 5%<\/td><\/tr><tr><td>E-Liquid Kapazit\u00e4t<\/td><td>50 mL<\/td><\/tr><tr><td>Spule Typ<\/td><td>0,9\u03a9 Masche Spule<\/td><\/tr><tr><td>Batterie<\/td><td>850mAh Wiederaufladbar<\/td><\/tr><tr><td>Anzeige<\/td><td>LED-Anzeige<\/td><\/tr><tr><td>Luftstrom<\/td><td>Einstellbar<\/td><\/tr><tr><td>Ladeanschluss<\/td><td>Typ-C<\/td><\/tr><tr><td>Geschmacksoptionen<\/td><td>10 Geschmacksrichtungen<\/td><\/tr><tr><td>Verpackung<\/td><td>10 St\u00fcck \/ Schachtel<\/td><\/tr><tr><td>Gr\u00f6\u00dfe des Kartons<\/td><td>40 \u00d7 32 \u00d7 40 cm<\/td><\/tr><\/tbody><\/table><\/figure>\n\n\n\n<h3 class=\"wp-block-heading\">Verf\u00fcgbare Geschmacksrichtungen<\/h3>\n\n\n\n<ul class=\"wp-block-list\">\n<li>Wassermelone Eis<\/li>\n\n\n\n<li>Heidelbeer-Himbeer-Eis<\/li>\n\n\n\n<li>Gemischte Beeren<\/li>\n\n\n\n<li>Erdbeere Traube<\/li>\n\n\n\n<li>Erdbeer-Kiwi<\/li>\n\n\n\n<li>Liebe 66<\/li>\n\n\n\n<li>Himbeere Wassermelone<\/li>\n\n\n\n<li>Zitrone-Limette<\/li>\n\n\n\n<li>Pfirsich-Mango<\/li>\n\n\n\n<li>Red Bull<\/li>\n<\/ul>\n\n\n\n<p>Jede Geschmacksrichtung wurde entwickelt, um eine ausgewogene Kombination aus <strong>Fruchtintensit\u00e4t, S\u00fc\u00dfe und k\u00fchlende Wirkung<\/strong>, Sie k\u00f6nnen auch die Website der Europ\u00e4ischen Kommission besuchen, die f\u00fcr eine Vielzahl von Benutzerpr\u00e4ferenzen geeignet ist.\u00a0<strong><a href=\"https:\/\/vapemaison.com\/shop\/\">Shop<\/a><\/strong>\u00a0Seite, um weitere Produkte zu sehen.<\/p>\n\n\n\n<h3 class=\"wp-block-heading\">Warum sollten Sie sich f\u00fcr den Stagbar Nexus 60000 entscheiden?<\/h3>\n\n\n\n<ul class=\"wp-block-list\">\n<li><strong>Konstruktion mit hoher Kapazit\u00e4t<\/strong> - 50mL e-Fl\u00fcssigkeit f\u00fcr l\u00e4ngeren Gebrauch<\/li>\n\n\n\n<li><strong>Verfeinerte Geschmacksausgabe<\/strong> - Die 0,9-\u03a9-Maschenspule verbessert die Konsistenz<\/li>\n\n\n\n<li><strong>Anpassbare Erfahrung<\/strong> - Einstellbarer Luftstrom f\u00fcr verschiedene Zugstile<\/li>\n\n\n\n<li><strong>Wiederaufladbares System<\/strong> - Reduziert Abfall und verbessert die Benutzerfreundlichkeit<\/li>\n\n\n\n<li><strong>Einzelhandel und Gro\u00dfhandel bereit<\/strong> - Standardverpackung 10 St\u00fcck pro Karton<\/li>\n<\/ul>\n\n\n\n<p><\/p>","protected":false},"excerpt":{"rendered":"<p>60k Puffs Einweg-Dampfger\u00e4t mit 50mL e-Fl\u00fcssigkeit, 0,9\u03a9 Mesh-Spule, einstellbarem Luftstrom und wiederaufladbarem Akku f\u00fcr konstante t\u00e4gliche Leistung.<\/p>","protected":false},"featured_media":28678,"comment_status":"open","ping_status":"closed","template":"","meta":[],"product_brand":[320],"product_cat":[137],"product_tag":[],"class_list":{"0":"post-28674","1":"product","2":"type-product","3":"status-publish","4":"has-post-thumbnail","6":"product_brand-stag-bar","7":"product_cat-60k-puffs","9":"first","10":"instock","11":"sale","12":"shipping-taxable","13":"purchasable","14":"product-type-variable"},"yoast_head":"<!-- This site is optimized with the Yoast SEO plugin v27.4 - https:\/\/yoast.com\/product\/yoast-seo-wordpress\/ -->\n<title>Stagbar Nexus 60000 Disposable Vape \u2013 60K Puffs<\/title>\n<meta name=\"description\" content=\"Shop Stagbar Nexus 60000 disposable vape with up to 60,000 puffs, 50mL e-liquid, 0.9\u03a9 mesh coil, adjustable airflow, and rechargeable battery.\" \/>\n<meta name=\"robots\" content=\"index, follow, max-snippet:-1, max-image-preview:large, max-video-preview:-1\" \/>\n<link rel=\"canonical\" href=\"https:\/\/vapemaison.com\/de\/product\/stagbar-nexus-60000-60k-puffs-wiederaufladbar-einweg-vape\/\" \/>\n<meta property=\"og:locale\" content=\"de_DE\" \/>\n<meta property=\"og:type\" content=\"article\" \/>\n<meta property=\"og:title\" content=\"Stagbar Nexus 60000 Disposable Vape \u2013 60K Puffs\" \/>\n<meta property=\"og:description\" content=\"Shop Stagbar Nexus 60000 disposable vape with up to 60,000 puffs, 50mL e-liquid, 0.9\u03a9 mesh coil, adjustable airflow, and rechargeable battery.\" \/>\n<meta property=\"og:url\" content=\"https:\/\/vapemaison.com\/de\/product\/stagbar-nexus-60000-60k-puffs-wiederaufladbar-einweg-vape\/\" \/>\n<meta property=\"og:site_name\" content=\"VapeMaison\" \/>\n<meta property=\"article:modified_time\" content=\"2026-04-03T08:48:08+00:00\" \/>\n<meta property=\"og:image\" content=\"https:\/\/vapemaison.com\/wp-content\/uploads\/2026\/04\/vapemaison-stagbar-nexus-60000-60k-puffs-main-image.webp\" \/>\n\t<meta property=\"og:image:width\" content=\"2000\" \/>\n\t<meta property=\"og:image:height\" content=\"2000\" \/>\n\t<meta property=\"og:image:type\" content=\"image\/webp\" \/>\n<meta name=\"twitter:card\" content=\"summary_large_image\" \/>\n<meta name=\"twitter:label1\" content=\"Gesch\u00e4tzte Lesezeit\" \/>\n\t<meta name=\"twitter:data1\" content=\"2\u00a0Minuten\" \/>\n<!-- \/ Yoast SEO plugin. -->","yoast_head_json":{"title":"Stagbar Nexus 60000 Einweg Vape - 60K Puffs","description":"Shop Stagbar Nexus 60000 Einwegverdampfer mit bis zu 60.000 Z\u00fcgen, 50mL E-Liquid, 0,9\u03a9 Mesh-Spule, einstellbarem Luftstrom und wiederaufladbarer Batterie.","robots":{"index":"index","follow":"follow","max-snippet":"max-snippet:-1","max-image-preview":"max-image-preview:large","max-video-preview":"max-video-preview:-1"},"canonical":"https:\/\/vapemaison.com\/de\/product\/stagbar-nexus-60000-60k-puffs-wiederaufladbar-einweg-vape\/","og_locale":"de_DE","og_type":"article","og_title":"Stagbar Nexus 60000 Disposable Vape \u2013 60K Puffs","og_description":"Shop Stagbar Nexus 60000 disposable vape with up to 60,000 puffs, 50mL e-liquid, 0.9\u03a9 mesh coil, adjustable airflow, and rechargeable battery.","og_url":"https:\/\/vapemaison.com\/de\/product\/stagbar-nexus-60000-60k-puffs-wiederaufladbar-einweg-vape\/","og_site_name":"VapeMaison","article_modified_time":"2026-04-03T08:48:08+00:00","og_image":[{"width":2000,"height":2000,"url":"https:\/\/vapemaison.com\/wp-content\/uploads\/2026\/04\/vapemaison-stagbar-nexus-60000-60k-puffs-main-image.webp","type":"image\/webp"}],"twitter_card":"summary_large_image","twitter_misc":{"Gesch\u00e4tzte Lesezeit":"2\u00a0Minuten"},"schema":{"@context":"https:\/\/schema.org","@graph":[{"@type":"WebPage","@id":"https:\/\/vapemaison.com\/product\/stagbar-nexus-60000-60k-puffs-rechargeable-disposable-vape\/","url":"https:\/\/vapemaison.com\/product\/stagbar-nexus-60000-60k-puffs-rechargeable-disposable-vape\/","name":"Stagbar Nexus 60000 Einweg Vape - 60K Puffs","isPartOf":{"@id":"https:\/\/vapemaison.com\/#website"},"primaryImageOfPage":{"@id":"https:\/\/vapemaison.com\/product\/stagbar-nexus-60000-60k-puffs-rechargeable-disposable-vape\/#primaryimage"},"image":{"@id":"https:\/\/vapemaison.com\/product\/stagbar-nexus-60000-60k-puffs-rechargeable-disposable-vape\/#primaryimage"},"thumbnailUrl":"https:\/\/vapemaison.com\/wp-content\/uploads\/2026\/04\/vapemaison-stagbar-nexus-60000-60k-puffs-main-image.webp","datePublished":"2026-04-01T09:43:35+00:00","dateModified":"2026-04-03T08:48:08+00:00","description":"Shop Stagbar Nexus 60000 Einwegverdampfer mit bis zu 60.000 Z\u00fcgen, 50mL E-Liquid, 0,9\u03a9 Mesh-Spule, einstellbarem Luftstrom und wiederaufladbarer Batterie.","breadcrumb":{"@id":"https:\/\/vapemaison.com\/product\/stagbar-nexus-60000-60k-puffs-rechargeable-disposable-vape\/#breadcrumb"},"inLanguage":"de","potentialAction":[{"@type":"ReadAction","target":["https:\/\/vapemaison.com\/product\/stagbar-nexus-60000-60k-puffs-rechargeable-disposable-vape\/"]}]},{"@type":"ImageObject","inLanguage":"de","@id":"https:\/\/vapemaison.com\/product\/stagbar-nexus-60000-60k-puffs-rechargeable-disposable-vape\/#primaryimage","url":"https:\/\/vapemaison.com\/wp-content\/uploads\/2026\/04\/vapemaison-stagbar-nexus-60000-60k-puffs-main-image.webp","contentUrl":"https:\/\/vapemaison.com\/wp-content\/uploads\/2026\/04\/vapemaison-stagbar-nexus-60000-60k-puffs-main-image.webp","width":2000,"height":2000,"caption":"Vapemaison Stagbar Nexus 60k Puffs Main Image"},{"@type":"BreadcrumbList","@id":"https:\/\/vapemaison.com\/product\/stagbar-nexus-60000-60k-puffs-rechargeable-disposable-vape\/#breadcrumb","itemListElement":[{"@type":"ListItem","position":1,"name":"\u9996\u9875","item":"https:\/\/vapemaison.com\/"},{"@type":"ListItem","position":2,"name":"Shop","item":"https:\/\/vapemaison.com\/shop\/"},{"@type":"ListItem","position":3,"name":"Stag Bar","item":"https:\/\/vapemaison.com\/brand\/stag-bar\/"},{"@type":"ListItem","position":4,"name":"Stagbar Nexus 60000 60K Puffs Rechargeable Disposable Vape"}]},{"@type":"WebSite","@id":"https:\/\/vapemaison.com\/#website","url":"https:\/\/vapemaison.com\/","name":"VapeMaison","description":"Premium Vaping-Ger\u00e4te und Zubeh\u00f6r","publisher":{"@id":"https:\/\/vapemaison.com\/#organization"},"potentialAction":[{"@type":"SearchAction","target":{"@type":"EntryPoint","urlTemplate":"https:\/\/vapemaison.com\/?s={search_term_string}"},"query-input":{"@type":"PropertyValueSpecification","valueRequired":true,"valueName":"search_term_string"}}],"inLanguage":"de"},{"@type":"Organization","@id":"https:\/\/vapemaison.com\/#organization","name":"VapeMaison","url":"https:\/\/vapemaison.com\/","logo":{"@type":"ImageObject","inLanguage":"de","@id":"https:\/\/vapemaison.com\/#\/schema\/logo\/image\/","url":"https:\/\/vapemaison.com\/wp-content\/uploads\/2026\/01\/cropped-vapemaison-logo-g-2026.webp","contentUrl":"https:\/\/vapemaison.com\/wp-content\/uploads\/2026\/01\/cropped-vapemaison-logo-g-2026.webp","width":350,"height":280,"caption":"VapeMaison"},"image":{"@id":"https:\/\/vapemaison.com\/#\/schema\/logo\/image\/"},"sameAs":["https:\/\/www.youtube.com\/@VapeMaison"]}]}},"tiered_pricing_type":"fixed","tiered_pricing_fixed_rules":{"30":"11.78","50":"10.99","100":"10.69","200":"10.12"},"tiered_pricing_product_settings":{"layout":"default","base_unit_name":{"singular":null,"plural":null},"default_variation":null},"tiered_pricing_minimum_quantity":10,"tiered_pricing_roles_data":[],"tiered_pricing_percentage_rules":[],"tiered_pricing_maximum_quantity":null,"tiered_pricing_quantity_step":"10","_links":{"self":[{"href":"https:\/\/vapemaison.com\/de\/wp-json\/wp\/v2\/product\/28674","targetHints":{"allow":["GET"]}}],"collection":[{"href":"https:\/\/vapemaison.com\/de\/wp-json\/wp\/v2\/product"}],"about":[{"href":"https:\/\/vapemaison.com\/de\/wp-json\/wp\/v2\/types\/product"}],"replies":[{"embeddable":true,"href":"https:\/\/vapemaison.com\/de\/wp-json\/wp\/v2\/comments?post=28674"}],"version-history":[{"count":4,"href":"https:\/\/vapemaison.com\/de\/wp-json\/wp\/v2\/product\/28674\/revisions"}],"predecessor-version":[{"id":28904,"href":"https:\/\/vapemaison.com\/de\/wp-json\/wp\/v2\/product\/28674\/revisions\/28904"}],"wp:featuredmedia":[{"embeddable":true,"href":"https:\/\/vapemaison.com\/de\/wp-json\/wp\/v2\/media\/28678"}],"wp:attachment":[{"href":"https:\/\/vapemaison.com\/de\/wp-json\/wp\/v2\/media?parent=28674"}],"wp:term":[{"taxonomy":"product_brand","embeddable":true,"href":"https:\/\/vapemaison.com\/de\/wp-json\/wp\/v2\/product_brand?post=28674"},{"taxonomy":"product_cat","embeddable":true,"href":"https:\/\/vapemaison.com\/de\/wp-json\/wp\/v2\/product_cat?post=28674"},{"taxonomy":"product_tag","embeddable":true,"href":"https:\/\/vapemaison.com\/de\/wp-json\/wp\/v2\/product_tag?post=28674"}],"curies":[{"name":"wp","href":"https:\/\/api.w.org\/{rel}","templated":true}]}}