{"id":28813,"date":"2026-04-02T08:12:20","date_gmt":"2026-04-02T08:12:20","guid":{"rendered":"https:\/\/vapemaison.com\/?post_type=product&#038;p=28813"},"modified":"2026-04-03T08:38:22","modified_gmt":"2026-04-03T08:38:22","slug":"hirsch-bar-puls-35000-wiederaufladbare-einweg-vape-mit-led-display","status":"publish","type":"product","link":"https:\/\/vapemaison.com\/de\/product\/stag-bar-pulse-35000-rechargeable-disposable-vape-with-led-display\/","title":{"rendered":"Stag Bar Pulse 35000 - Wiederaufladbare Einweg-Vape mit LED-Anzeige"},"content":{"rendered":"<p>Die <strong>Stag Bar Pulse 35000 (35K Puffs)<\/strong> wurde entwickelt, um eine ausgewogene Kombination aus Leistung, Geschmacksklarheit und Benutzerkontrolle zu bieten. Als Teil der offiziellen <strong><a href=\"https:\/\/vapemaison.com\/brand\/stag-bar\/\" type=\"link\" id=\"https:\/\/vapemaison.com\/brand\/stag-bar\/\">Junggesellen-Bar<\/a><\/strong> Lineup spiegelt dieses Ger\u00e4t den Fokus der Marke auf Innovation und Zuverl\u00e4ssigkeit wider. Sie k\u00f6nnen weitere Produkte auf der <strong><a href=\"https:\/\/vapemaison.com\/brand\/stag-bar\/\" type=\"link\" id=\"https:\/\/vapemaison.com\/brand\/stag-bar\/\">Seite der Marke Stag Bar<\/a><\/strong>.<\/p>\n\n\n\n<p>Ausgestattet mit einem <strong>30mL e-Fl\u00fcssigkeit Kapazit\u00e4t<\/strong> und eine <strong>750mAh wiederaufladbare Batterie<\/strong>, gew\u00e4hrleistet das Ger\u00e4t eine gleichm\u00e4\u00dfige Leistung und eine zuverl\u00e4ssige Performance w\u00e4hrend des gesamten Nutzungszyklus. Der Zusatz von <strong>Typ-C-Schnellladung<\/strong> erm\u00f6glicht bei Bedarf ein schnelles und bequemes Aufladen.<\/p>\n\n\n\n<h3 class=\"wp-block-heading\">Leistung und Benutzerfreundlichkeit<\/h3>\n\n\n\n<p>Ausgestattet mit einem <strong>1.0\u03a9 Maschenspule<\/strong>, Der Pulse 35000 wurde entwickelt, um zu liefern:<\/p>\n\n\n\n<ul class=\"wp-block-list\">\n<li>Sanfte und gleichm\u00e4\u00dfige Dampfabgabe<\/li>\n\n\n\n<li>Verbesserte Geschmacksdefinition<\/li>\n\n\n\n<li>Ausgeglichener Kehlkopfschlag f\u00fcr den t\u00e4glichen Gebrauch<\/li>\n<\/ul>\n\n\n\n<p>Die <strong>verstellbares Luftstromsystem<\/strong> erm\u00f6glicht es den Nutzern, ihren Zug anzupassen, egal ob sie einen engeren Zug oder einen offeneren Luftstrom bevorzugen, und bietet somit Flexibilit\u00e4t f\u00fcr verschiedene Vaping-Stile.<\/p>\n\n\n\n<h3 class=\"wp-block-heading\">Intelligente Anzeige und Bequemlichkeit<\/h3>\n\n\n\n<p>Die <strong>Voll-LED-Anzeige<\/strong> verbessert die Benutzerfreundlichkeit durch Anzeige:<\/p>\n\n\n\n<ul class=\"wp-block-list\">\n<li>Batteriestand in Echtzeit<\/li>\n\n\n\n<li>Verbleibender E-Liquid-Status<\/li>\n<\/ul>\n\n\n\n<p>Dies erm\u00f6glicht eine bessere Nutzungsplanung und vermeidet unerwartete Unterbrechungen. In Kombination mit seinem schlanken Design bietet das Ger\u00e4t sowohl Funktionalit\u00e4t als auch Benutzerfreundlichkeit.<\/p>\n\n\n\n<h3 class=\"wp-block-heading\">Spezifikationen<\/h3>\n\n\n\n<figure class=\"wp-block-table\"><table class=\"has-fixed-layout\"><thead><tr><th>Spezifikation<\/th><th>Einzelheiten<\/th><\/tr><\/thead><tbody><tr><td>Anzahl der Puffs<\/td><td>Bis zu 35.000 Z\u00fcge<\/td><\/tr><tr><td>E-Liquid Kapazit\u00e4t<\/td><td>30 mL<\/td><\/tr><tr><td>Nikotinst\u00e4rke<\/td><td>2% \/ 5% <em>(falls zutreffend)<\/em><\/td><\/tr><tr><td>Spule Typ<\/td><td>1.0\u03a9 Masche Spule<\/td><\/tr><tr><td>Batterie<\/td><td>750mAh Wiederaufladbar<\/td><\/tr><tr><td>Anzeige<\/td><td>LED-Anzeige (Batterie &amp; E-Liquid)<\/td><\/tr><tr><td>Luftstrom<\/td><td>Einstellbar<\/td><\/tr><tr><td>Ladeanschluss<\/td><td>Typ-C<\/td><\/tr><tr><td>Geschmacksoptionen<\/td><td>16 Geschmacksrichtungen<\/td><\/tr><tr><td>Verpackung<\/td><td>10 St\u00fcck \/ Schachtel<\/td><\/tr><\/tbody><\/table><\/figure>\n\n\n\n<h3 class=\"wp-block-heading\">Verf\u00fcgbare Geschmacksrichtungen<\/h3>\n\n\n\n<ul class=\"wp-block-list\">\n<li>Wassermelone Eis<\/li>\n\n\n\n<li>Heidelbeere-Himbeere<\/li>\n\n\n\n<li>Blaubeereis<\/li>\n\n\n\n<li>Rotes Apfel-Eis<\/li>\n\n\n\n<li>Erdbeereis<\/li>\n\n\n\n<li>Erdbeer-Kiwi<\/li>\n\n\n\n<li>Blaues Razzeis<\/li>\n\n\n\n<li>Kirsche mit Kohlens\u00e4ure<\/li>\n\n\n\n<li>Erdbeere Wassermelone<\/li>\n\n\n\n<li>Pfirsich Mango Wassermelone<\/li>\n\n\n\n<li>Zitrone-Limette<\/li>\n\n\n\n<li>Cola-Eis<\/li>\n\n\n\n<li>Wei\u00dfe Mamba<\/li>\n\n\n\n<li>Schwarzer Drache Eis<\/li>\n\n\n\n<li>Hawaii<\/li>\n\n\n\n<li>Blaue Raspel Limonade<\/li>\n<\/ul>\n\n\n\n<p>Jede Geschmacksrichtung ist so formuliert, dass sie einen <strong>sauberes Gleichgewicht von S\u00fc\u00dfe, Fruchtintensit\u00e4t und k\u00fchlenden Noten<\/strong>, und bietet ein konsistentes und angenehmes Erlebnis f\u00fcr unterschiedliche Vorlieben.<\/p>\n\n\n\n<h3 class=\"wp-block-heading\">Warum Stag Bar Pulse 35000 w\u00e4hlen?<\/h3>\n\n\n\n<ul class=\"wp-block-list\">\n<li><strong>Ausgewogene Leistung<\/strong> - 35K Puffs mit stabiler Leistung<\/li>\n\n\n\n<li><strong>Verbesserte Geschmacksabgabe<\/strong> - Maschenspule verbessert den klaren Geschmack<\/li>\n\n\n\n<li><strong>Benutzersteuerung<\/strong> - Einstellbarer Luftstrom f\u00fcr individuelles Ziehen<\/li>\n\n\n\n<li><strong>Intelligente \u00dcberwachung<\/strong> - LED-Anzeige f\u00fcr Echtzeit-Status<\/li>\n\n\n\n<li><strong>Wiederaufladbares Design<\/strong> - Bequemes Typ-C-Laden<\/li>\n\n\n\n<li><strong>Breite Geschmacksauswahl<\/strong> - 16 Optionen f\u00fcr unterschiedliche Geschm\u00e4cker<\/li>\n<\/ul>","protected":false},"excerpt":{"rendered":"<p>35.000 Puffs Einwegverdampfer mit 30mL E-Liquid, Mesh-Spule, einstellbarem Luftstrom und LED-Anzeige f\u00fcr sanftes und kontrolliertes Verdampfen.<\/p>","protected":false},"featured_media":28820,"comment_status":"open","ping_status":"closed","template":"","meta":{"googlesitekit_rrm_CAow8MHCDA:productID":""},"product_brand":[320],"product_cat":[],"product_tag":[],"class_list":{"0":"post-28813","1":"product","2":"type-product","3":"status-publish","4":"has-post-thumbnail","6":"product_brand-stag-bar","8":"first","9":"instock","10":"sale","11":"shipping-taxable","12":"purchasable","13":"product-type-variable"},"yoast_head":"<!-- This site is optimized with the Yoast SEO plugin v27.4 - https:\/\/yoast.com\/product\/yoast-seo-wordpress\/ -->\n<title>Stag Bar Pulse 35000 Disposable Vape \u2013 35K Puffs<\/title>\n<meta name=\"description\" content=\"Shop Stag Bar Pulse 35000 disposable vape with up to 35,000 puffs, 30mL e-liquid, mesh coi. Smooth and consistent performance with 16 flavors.\" \/>\n<meta name=\"robots\" content=\"index, follow, max-snippet:-1, max-image-preview:large, max-video-preview:-1\" \/>\n<link rel=\"canonical\" href=\"https:\/\/vapemaison.com\/de\/product\/hirsch-bar-puls-35000-wiederaufladbare-einweg-vape-mit-led-display\/\" \/>\n<meta property=\"og:locale\" content=\"de_DE\" \/>\n<meta property=\"og:type\" content=\"article\" \/>\n<meta property=\"og:title\" content=\"Stag Bar Pulse 35000 Disposable Vape \u2013 35K Puffs\" \/>\n<meta property=\"og:description\" content=\"Shop Stag Bar Pulse 35000 disposable vape with up to 35,000 puffs, 30mL e-liquid, mesh coi. Smooth and consistent performance with 16 flavors.\" \/>\n<meta property=\"og:url\" content=\"https:\/\/vapemaison.com\/de\/product\/hirsch-bar-puls-35000-wiederaufladbare-einweg-vape-mit-led-display\/\" \/>\n<meta property=\"og:site_name\" content=\"VapeMaison\" \/>\n<meta property=\"article:modified_time\" content=\"2026-04-03T08:38:22+00:00\" \/>\n<meta property=\"og:image\" content=\"https:\/\/vapemaison.com\/wp-content\/uploads\/2026\/04\/vapemaison-stag-bar-pulse-35k-main-picture.webp\" \/>\n\t<meta property=\"og:image:width\" content=\"1600\" \/>\n\t<meta property=\"og:image:height\" content=\"1600\" \/>\n\t<meta property=\"og:image:type\" content=\"image\/webp\" \/>\n<meta name=\"twitter:card\" content=\"summary_large_image\" \/>\n<meta name=\"twitter:label1\" content=\"Gesch\u00e4tzte Lesezeit\" \/>\n\t<meta name=\"twitter:data1\" content=\"2\u00a0Minuten\" \/>\n<!-- \/ Yoast SEO plugin. -->","yoast_head_json":{"title":"Hirsch Bar Pulse 35000 Einweg Vape - 35K Puffs","description":"Shop Stag Bar Pulse 35000 Einwegverdampfer mit bis zu 35.000 Z\u00fcgen, 30mL e-Fl\u00fcssigkeit, Mesh Coi. Glatte und konsistente Leistung mit 16 Geschmacksrichtungen.","robots":{"index":"index","follow":"follow","max-snippet":"max-snippet:-1","max-image-preview":"max-image-preview:large","max-video-preview":"max-video-preview:-1"},"canonical":"https:\/\/vapemaison.com\/de\/product\/hirsch-bar-puls-35000-wiederaufladbare-einweg-vape-mit-led-display\/","og_locale":"de_DE","og_type":"article","og_title":"Stag Bar Pulse 35000 Disposable Vape \u2013 35K Puffs","og_description":"Shop Stag Bar Pulse 35000 disposable vape with up to 35,000 puffs, 30mL e-liquid, mesh coi. Smooth and consistent performance with 16 flavors.","og_url":"https:\/\/vapemaison.com\/de\/product\/hirsch-bar-puls-35000-wiederaufladbare-einweg-vape-mit-led-display\/","og_site_name":"VapeMaison","article_modified_time":"2026-04-03T08:38:22+00:00","og_image":[{"width":1600,"height":1600,"url":"https:\/\/vapemaison.com\/wp-content\/uploads\/2026\/04\/vapemaison-stag-bar-pulse-35k-main-picture.webp","type":"image\/webp"}],"twitter_card":"summary_large_image","twitter_misc":{"Gesch\u00e4tzte Lesezeit":"2\u00a0Minuten"},"schema":{"@context":"https:\/\/schema.org","@graph":[{"@type":"WebPage","@id":"https:\/\/vapemaison.com\/product\/stag-bar-pulse-35000-rechargeable-disposable-vape-with-led-display\/","url":"https:\/\/vapemaison.com\/product\/stag-bar-pulse-35000-rechargeable-disposable-vape-with-led-display\/","name":"Hirsch Bar Pulse 35000 Einweg Vape - 35K Puffs","isPartOf":{"@id":"https:\/\/vapemaison.com\/#website"},"primaryImageOfPage":{"@id":"https:\/\/vapemaison.com\/product\/stag-bar-pulse-35000-rechargeable-disposable-vape-with-led-display\/#primaryimage"},"image":{"@id":"https:\/\/vapemaison.com\/product\/stag-bar-pulse-35000-rechargeable-disposable-vape-with-led-display\/#primaryimage"},"thumbnailUrl":"https:\/\/vapemaison.com\/wp-content\/uploads\/2026\/04\/vapemaison-stag-bar-pulse-35k-main-picture.webp","datePublished":"2026-04-02T08:12:20+00:00","dateModified":"2026-04-03T08:38:22+00:00","description":"Shop Stag Bar Pulse 35000 Einwegverdampfer mit bis zu 35.000 Z\u00fcgen, 30mL e-Fl\u00fcssigkeit, Mesh Coi. Glatte und konsistente Leistung mit 16 Geschmacksrichtungen.","breadcrumb":{"@id":"https:\/\/vapemaison.com\/product\/stag-bar-pulse-35000-rechargeable-disposable-vape-with-led-display\/#breadcrumb"},"inLanguage":"de","potentialAction":[{"@type":"ReadAction","target":["https:\/\/vapemaison.com\/product\/stag-bar-pulse-35000-rechargeable-disposable-vape-with-led-display\/"]}]},{"@type":"ImageObject","inLanguage":"de","@id":"https:\/\/vapemaison.com\/product\/stag-bar-pulse-35000-rechargeable-disposable-vape-with-led-display\/#primaryimage","url":"https:\/\/vapemaison.com\/wp-content\/uploads\/2026\/04\/vapemaison-stag-bar-pulse-35k-main-picture.webp","contentUrl":"https:\/\/vapemaison.com\/wp-content\/uploads\/2026\/04\/vapemaison-stag-bar-pulse-35k-main-picture.webp","width":1600,"height":1600,"caption":"vapemaison-stag-bar-pulse-35k-main-picture"},{"@type":"BreadcrumbList","@id":"https:\/\/vapemaison.com\/product\/stag-bar-pulse-35000-rechargeable-disposable-vape-with-led-display\/#breadcrumb","itemListElement":[{"@type":"ListItem","position":1,"name":"\u9996\u9875","item":"https:\/\/vapemaison.com\/"},{"@type":"ListItem","position":2,"name":"Shop","item":"https:\/\/vapemaison.com\/shop\/"},{"@type":"ListItem","position":3,"name":"Stag Bar","item":"https:\/\/vapemaison.com\/brand\/stag-bar\/"},{"@type":"ListItem","position":4,"name":"Stag Bar Pulse 35000 \u2013 Rechargeable Disposable Vape with LED Display"}]},{"@type":"WebSite","@id":"https:\/\/vapemaison.com\/#website","url":"https:\/\/vapemaison.com\/","name":"VapeMaison","description":"Premium Vaping-Ger\u00e4te und Zubeh\u00f6r","publisher":{"@id":"https:\/\/vapemaison.com\/#organization"},"potentialAction":[{"@type":"SearchAction","target":{"@type":"EntryPoint","urlTemplate":"https:\/\/vapemaison.com\/?s={search_term_string}"},"query-input":{"@type":"PropertyValueSpecification","valueRequired":true,"valueName":"search_term_string"}}],"inLanguage":"de"},{"@type":"Organization","@id":"https:\/\/vapemaison.com\/#organization","name":"VapeMaison","url":"https:\/\/vapemaison.com\/","logo":{"@type":"ImageObject","inLanguage":"de","@id":"https:\/\/vapemaison.com\/#\/schema\/logo\/image\/","url":"https:\/\/vapemaison.com\/wp-content\/uploads\/2026\/01\/cropped-vapemaison-logo-g-2026.webp","contentUrl":"https:\/\/vapemaison.com\/wp-content\/uploads\/2026\/01\/cropped-vapemaison-logo-g-2026.webp","width":350,"height":280,"caption":"VapeMaison"},"image":{"@id":"https:\/\/vapemaison.com\/#\/schema\/logo\/image\/"},"sameAs":["https:\/\/www.youtube.com\/@VapeMaison"]}]}},"tiered_pricing_type":"fixed","tiered_pricing_fixed_rules":{"30":"11.42","50":"10.99","100":"10.56","200":"9.99"},"tiered_pricing_product_settings":{"layout":"default","base_unit_name":{"singular":null,"plural":null},"default_variation":null},"tiered_pricing_minimum_quantity":10,"tiered_pricing_roles_data":[],"tiered_pricing_percentage_rules":[],"tiered_pricing_maximum_quantity":null,"tiered_pricing_quantity_step":"10","_links":{"self":[{"href":"https:\/\/vapemaison.com\/de\/wp-json\/wp\/v2\/product\/28813","targetHints":{"allow":["GET"]}}],"collection":[{"href":"https:\/\/vapemaison.com\/de\/wp-json\/wp\/v2\/product"}],"about":[{"href":"https:\/\/vapemaison.com\/de\/wp-json\/wp\/v2\/types\/product"}],"replies":[{"embeddable":true,"href":"https:\/\/vapemaison.com\/de\/wp-json\/wp\/v2\/comments?post=28813"}],"version-history":[{"count":6,"href":"https:\/\/vapemaison.com\/de\/wp-json\/wp\/v2\/product\/28813\/revisions"}],"predecessor-version":[{"id":28896,"href":"https:\/\/vapemaison.com\/de\/wp-json\/wp\/v2\/product\/28813\/revisions\/28896"}],"wp:featuredmedia":[{"embeddable":true,"href":"https:\/\/vapemaison.com\/de\/wp-json\/wp\/v2\/media\/28820"}],"wp:attachment":[{"href":"https:\/\/vapemaison.com\/de\/wp-json\/wp\/v2\/media?parent=28813"}],"wp:term":[{"taxonomy":"product_brand","embeddable":true,"href":"https:\/\/vapemaison.com\/de\/wp-json\/wp\/v2\/product_brand?post=28813"},{"taxonomy":"product_cat","embeddable":true,"href":"https:\/\/vapemaison.com\/de\/wp-json\/wp\/v2\/product_cat?post=28813"},{"taxonomy":"product_tag","embeddable":true,"href":"https:\/\/vapemaison.com\/de\/wp-json\/wp\/v2\/product_tag?post=28813"}],"curies":[{"name":"wp","href":"https:\/\/api.w.org\/{rel}","templated":true}]}}