

{"id":29047,"date":"2026-04-07T09:58:49","date_gmt":"2026-04-07T09:58:49","guid":{"rendered":"https:\/\/vapemaison.com\/?post_type=product&#038;p=29047"},"modified":"2026-04-08T03:21:28","modified_gmt":"2026-04-08T03:21:28","slug":"waspe-bar-60k-vape-60k-puffs-36ml-wiederaufladbare-vape-mit-led-display","status":"publish","type":"product","link":"https:\/\/vapemaison.com\/de\/product\/waspe-bar-60k-vape-60k-puffs-36ml-rechargeable-vape-with-led-display\/","title":{"rendered":"Waspe Bar 60K Vape | 60k Puffs 36ml wiederaufladbare Vape mit LED-Anzeige"},"content":{"rendered":"<figure class=\"wp-block-image size-large has-custom-border wp-duotone-unset-1\"><a href=\"https:\/\/vapemaison.com\/wp-content\/uploads\/2026\/04\/waspe-bar-60000-puffs-new-vape-banner-scaled.webp\"><img fetchpriority=\"high\" decoding=\"async\" width=\"1024\" height=\"576\" src=\"https:\/\/vapemaison.com\/wp-content\/uploads\/2026\/04\/waspe-bar-60000-puffs-new-vape-banner-1024x576.webp\" alt=\"waspe-bar-60000-puffs-new-vape-banner\" class=\"wp-image-29048\" style=\"border-top-left-radius:10px;border-top-right-radius:10px;border-bottom-left-radius:10px;border-bottom-right-radius:10px\" srcset=\"https:\/\/vapemaison.com\/wp-content\/uploads\/2026\/04\/waspe-bar-60000-puffs-new-vape-banner-1024x576.webp 1024w, https:\/\/vapemaison.com\/wp-content\/uploads\/2026\/04\/waspe-bar-60000-puffs-new-vape-banner-300x169.webp 300w, https:\/\/vapemaison.com\/wp-content\/uploads\/2026\/04\/waspe-bar-60000-puffs-new-vape-banner-768x432.webp 768w, https:\/\/vapemaison.com\/wp-content\/uploads\/2026\/04\/waspe-bar-60000-puffs-new-vape-banner-1536x864.webp 1536w, https:\/\/vapemaison.com\/wp-content\/uploads\/2026\/04\/waspe-bar-60000-puffs-new-vape-banner-2048x1152.webp 2048w, https:\/\/vapemaison.com\/wp-content\/uploads\/2026\/04\/waspe-bar-60000-puffs-new-vape-banner-18x10.webp 18w, https:\/\/vapemaison.com\/wp-content\/uploads\/2026\/04\/waspe-bar-60000-puffs-new-vape-banner-990x557.webp 990w, https:\/\/vapemaison.com\/wp-content\/uploads\/2026\/04\/waspe-bar-60000-puffs-new-vape-banner-441x248.webp 441w, https:\/\/vapemaison.com\/wp-content\/uploads\/2026\/04\/waspe-bar-60000-puffs-new-vape-banner-800x450.webp 800w, https:\/\/vapemaison.com\/wp-content\/uploads\/2026\/04\/waspe-bar-60000-puffs-new-vape-banner-150x84.webp 150w\" sizes=\"(max-width: 1024px) 100vw, 1024px\" \/><\/a><\/figure>\n\n\n\n<p>Die <strong>Waspe Bar 60K Einweg Vape<\/strong> wurde f\u00fcr Benutzer entwickelt, die sowohl Langlebigkeit als auch konstante Leistung erwarten. Mit einer Leistung von bis zu <strong>60.000 Z\u00fcge<\/strong> und mit einer gro\u00dfen <strong>36ml vorgef\u00fcllte e-Fl\u00fcssigkeit Kapazit\u00e4t<\/strong>, Dieses Ger\u00e4t ist so gebaut, dass es ein langes und ununterbrochenes Dampferlebnis bietet.<\/p>\n\n\n\n<p>Mit Blick auf Vielseitigkeit entwickelt, bietet es mehrere <strong>verschiedene Nikotinst\u00e4rken (0%, 2% und 5%)<\/strong>, Dadurch eignet er sich f\u00fcr eine breite Palette von Nutzern - vom Gelegenheitsdampfer bis hin zu denjenigen, die einen st\u00e4rkeren Zug suchen. Die integrierte <strong>650mAh wiederaufladbare Batterie<\/strong> kombiniert mit einer <strong>Typ-C-Ladeanschluss<\/strong> sorgt f\u00fcr eine stabile Leistungsabgabe und ein schnelles, bequemes Aufladen.<\/p>\n\n\n\n<p>Ein hervorstechendes Merkmal ist die <strong>intelligente LED-Anzeige<\/strong>, Damit k\u00f6nnen Benutzer den Batteriestatus leicht \u00fcberwachen und die volle Kontrolle \u00fcber ihr Ger\u00e4t behalten. Gepaart mit einer vielf\u00e4ltigen Auswahl an <strong>von Fr\u00fcchten, Eis und Getr\u00e4nken inspirierte Geschmacksrichtungen<\/strong>, Die Waspe Bar 60K liefert mit jedem Zug einen weichen, gleichm\u00e4\u00dfigen Geschmack.<\/p>\n\n\n\n<p>Gebaut f\u00fcr beide <strong>Attraktivit\u00e4t des Einzelhandels und Effizienz des Gro\u00dfhandels<\/strong>, wird jede Geschmacksrichtung in einer <strong>10-teilige Display-Box<\/strong>, und ist damit eine ausgezeichnete Wahl f\u00fcr H\u00e4ndler und Vape-Shops.<\/p>\n\n\n\n<h2 class=\"wp-block-heading\">Wesentliche Merkmale<\/h2>\n\n\n\n<ul class=\"wp-block-list\">\n<li><strong>Bis zu 60.000 Puffs<\/strong> - Langlebige Leistung<\/li>\n\n\n\n<li><strong>36ml vorgef\u00fcllte E-Fl\u00fcssigkeit<\/strong> - L\u00e4ngere Nutzung ohne Nachf\u00fcllen<\/li>\n\n\n\n<li><strong>650mAh wiederaufladbare Batterie<\/strong> - Stabile und zuverl\u00e4ssige Leistung<\/li>\n\n\n\n<li><strong>Typ-C-Ladung<\/strong> - Schnelles und bequemes Aufladen<\/li>\n\n\n\n<li><strong>Intelligente LED-Anzeige<\/strong> - Einfache Batterie\u00fcberwachung<\/li>\n\n\n\n<li><strong>Mehrere Nikotinoptionen<\/strong> - 0%, 2%, 5%<\/li>\n\n\n\n<li><strong>Einzelhandelsgerechte Verpackung<\/strong> - 10 St\u00fcck pro Aroma-Display-Box<\/li>\n<\/ul>\n\n\n\n<h2 class=\"wp-block-heading\">Spezifikationen<\/h2>\n\n\n\n<figure class=\"wp-block-table\"><table class=\"has-fixed-layout\"><thead><tr><th>Spezifikation<\/th><th>Einzelheiten<\/th><\/tr><\/thead><tbody><tr><td>Anzahl der Puffs<\/td><td>Bis zu 60.000 Puffs<\/td><\/tr><tr><td>E-Fl\u00fcssigkeit Kapazit\u00e4t<\/td><td>36ml<\/td><\/tr><tr><td>Nikotinst\u00e4rke<\/td><td>0% \/ 2% \/ 5%<\/td><\/tr><tr><td>Batteriekapazit\u00e4t<\/td><td>650mAh<\/td><\/tr><tr><td>Ladeanschluss<\/td><td>Typ-C<\/td><\/tr><tr><td>Anzeige<\/td><td>Intelligenter LED-Bildschirm<\/td><\/tr><tr><td>Ger\u00e4tetyp<\/td><td>Einweg (wiederaufladbar)<\/td><\/tr><tr><td>Verpackung<\/td><td>10 St\u00fcck \/ Geschmacksrichtung Display-Box<\/td><\/tr><\/tbody><\/table><\/figure>\n\n\n\n<h2 class=\"wp-block-heading\">Geschmack<\/h2>\n\n\n\n<div class=\"wp-block-buttons is-layout-flex wp-block-buttons-is-layout-flex\">\n<div class=\"wp-block-button\"><a class=\"wp-block-button__link wp-element-button\">1 Wassermelone Eis<\/a><\/div>\n\n\n\n<div class=\"wp-block-button\"><a class=\"wp-block-button__link wp-element-button\">2. blaubeereis<\/a><\/div>\n\n\n\n<div class=\"wp-block-button\"><a class=\"wp-block-button__link wp-element-button\">3. traubeneis<\/a><\/div>\n\n\n\n<div class=\"wp-block-button\"><a class=\"wp-block-button__link wp-element-button\">4. zitronengelbe Limette<\/a><\/div>\n\n\n\n<div class=\"wp-block-button\"><a class=\"wp-block-button__link wp-element-button\">5. erdbeere banane<\/a><\/div>\n\n\n\n<div class=\"wp-block-button\"><a class=\"wp-block-button__link wp-element-button\">6. gemischte Beeren<\/a><\/div>\n\n\n\n<div class=\"wp-block-button\"><a class=\"wp-block-button__link wp-element-button\">7. red bull ice<\/a><\/div>\n\n\n\n<div class=\"wp-block-button\"><a class=\"wp-block-button__link wp-element-button\">8. erdbeerige Wassermelone<\/a><\/div>\n\n\n\n<div class=\"wp-block-button\"><a class=\"wp-block-button__link wp-element-button\">9.heidelbeere himbeere kirsche<\/a><\/div>\n\n\n\n<div class=\"wp-block-button\"><a class=\"wp-block-button__link wp-element-button\">10. erdbeerige Kiwi<\/a><\/div>\n\n\n\n<div class=\"wp-block-button\"><a class=\"wp-block-button__link wp-element-button\">11.pfirsich mango ananas<\/a><\/div>\n\n\n\n<div class=\"wp-block-button\"><a class=\"wp-block-button__link wp-element-button\">12.Kiwi Wassermelone<\/a><\/div>\n\n\n\n<div class=\"wp-block-button\"><a class=\"wp-block-button__link wp-element-button\">13. brombeere schwarze johannisbeere<\/a><\/div>\n\n\n\n<div class=\"wp-block-button\"><a class=\"wp-block-button__link wp-element-button\">14.Erdbeere Black Dragon Ice<\/a><\/div>\n\n\n\n<div class=\"wp-block-button\"><a class=\"wp-block-button__link wp-element-button\">15.blaue Kirsche Cola<\/a><\/div>\n\n\n\n<div class=\"wp-block-button\"><a class=\"wp-block-button__link wp-element-button\">16.Kiwi-Melonen-Eis<\/a><\/div>\n<\/div>\n\n\n\n<figure class=\"wp-block-image size-large\"><a href=\"https:\/\/vapemaison.com\/wp-content\/uploads\/2026\/04\/waspe-bar-60000-puffs-new-vape-flavor-list-scaled.webp\"><img decoding=\"async\" width=\"876\" height=\"1024\" src=\"https:\/\/vapemaison.com\/wp-content\/uploads\/2026\/04\/waspe-bar-60000-puffs-new-vape-flavor-list-876x1024.webp\" alt=\"waspe-bar-60000-puffs-neue-ape-geschmacks-liste\" class=\"wp-image-29057\" srcset=\"https:\/\/vapemaison.com\/wp-content\/uploads\/2026\/04\/waspe-bar-60000-puffs-new-vape-flavor-list-876x1024.webp 876w, https:\/\/vapemaison.com\/wp-content\/uploads\/2026\/04\/waspe-bar-60000-puffs-new-vape-flavor-list-257x300.webp 257w, https:\/\/vapemaison.com\/wp-content\/uploads\/2026\/04\/waspe-bar-60000-puffs-new-vape-flavor-list-768x898.webp 768w, https:\/\/vapemaison.com\/wp-content\/uploads\/2026\/04\/waspe-bar-60000-puffs-new-vape-flavor-list-1314x1536.webp 1314w, https:\/\/vapemaison.com\/wp-content\/uploads\/2026\/04\/waspe-bar-60000-puffs-new-vape-flavor-list-1752x2048.webp 1752w, https:\/\/vapemaison.com\/wp-content\/uploads\/2026\/04\/waspe-bar-60000-puffs-new-vape-flavor-list-10x12.webp 10w, https:\/\/vapemaison.com\/wp-content\/uploads\/2026\/04\/waspe-bar-60000-puffs-new-vape-flavor-list-990x1157.webp 990w, https:\/\/vapemaison.com\/wp-content\/uploads\/2026\/04\/waspe-bar-60000-puffs-new-vape-flavor-list-441x515.webp 441w, https:\/\/vapemaison.com\/wp-content\/uploads\/2026\/04\/waspe-bar-60000-puffs-new-vape-flavor-list-800x935.webp 800w, https:\/\/vapemaison.com\/wp-content\/uploads\/2026\/04\/waspe-bar-60000-puffs-new-vape-flavor-list-150x175.webp 150w\" sizes=\"(max-width: 876px) 100vw, 876px\" \/><\/a><\/figure>","protected":false},"excerpt":{"rendered":"<p>The Waspe Bar 60K Disposable Vape is engineered for users who demand both longevity and consistent performance. Delivering up to 60,000 puffs and featuring a large 36ml pre-filled e-liquid capacity, this device is built to provide an extended and uninterrupted vaping experience. Designed with versatility in mind, it offers multiple nicotine strength options (0%, 2%, [&hellip;]<\/p>\n","protected":false},"featured_media":29053,"comment_status":"open","ping_status":"closed","template":"","meta":[],"product_brand":[59],"product_cat":[137],"product_tag":[],"class_list":{"0":"post-29047","1":"product","2":"type-product","3":"status-publish","4":"has-post-thumbnail","6":"product_brand-waspe","7":"product_cat-60k-puffs","9":"first","10":"instock","11":"sale","12":"shipping-taxable","13":"purchasable","14":"product-type-variable"},"yoast_head":"<!-- This site is optimized with the Yoast SEO plugin v27.4 - https:\/\/yoast.com\/product\/yoast-seo-wordpress\/ -->\n<title>Waspe Bar 60K Vape | 60k Puffs with LED Display<\/title>\n<meta name=\"description\" content=\"Buy Waspe Bar 60K disposable vape with up to 60k puffs, 36ml e-liquid, rechargeable 650mAh battery, and smart LED display.\" \/>\n<meta name=\"robots\" content=\"index, follow, max-snippet:-1, max-image-preview:large, max-video-preview:-1\" \/>\n<link rel=\"canonical\" href=\"https:\/\/vapemaison.com\/de\/product\/waspe-bar-60k-vape-60k-puffs-36ml-wiederaufladbare-vape-mit-led-display\/\" \/>\n<meta property=\"og:locale\" content=\"de_DE\" \/>\n<meta property=\"og:type\" content=\"article\" \/>\n<meta property=\"og:title\" content=\"Waspe Bar 60K Vape | 60k Puffs with LED Display\" \/>\n<meta property=\"og:description\" content=\"Buy Waspe Bar 60K disposable vape with up to 60k puffs, 36ml e-liquid, rechargeable 650mAh battery, and smart LED display.\" \/>\n<meta property=\"og:url\" content=\"https:\/\/vapemaison.com\/de\/product\/waspe-bar-60k-vape-60k-puffs-36ml-wiederaufladbare-vape-mit-led-display\/\" \/>\n<meta property=\"og:site_name\" content=\"VapeMaison\" \/>\n<meta property=\"article:modified_time\" content=\"2026-04-08T03:21:28+00:00\" \/>\n<meta property=\"og:image\" content=\"https:\/\/vapemaison.com\/wp-content\/uploads\/2026\/04\/waspe-bar-60000-puffs-new-vape-flavor-grape-ice.webp\" \/>\n\t<meta property=\"og:image:width\" content=\"1200\" \/>\n\t<meta property=\"og:image:height\" content=\"1200\" \/>\n\t<meta property=\"og:image:type\" content=\"image\/webp\" \/>\n<meta name=\"twitter:card\" content=\"summary_large_image\" \/>\n<meta name=\"twitter:label1\" content=\"Gesch\u00e4tzte Lesezeit\" \/>\n\t<meta name=\"twitter:data1\" content=\"2\u00a0Minuten\" \/>\n<!-- \/ Yoast SEO plugin. -->","yoast_head_json":{"title":"Waspe Bar 60K Vape | 60k Puffs mit LED-Anzeige","description":"Kaufen Sie Waspe Bar 60K Einweg-Vape mit bis zu 60k Puffs, 36ml E-Liquid, wiederaufladbarem 650mAh Akku und intelligenter LED-Anzeige.","robots":{"index":"index","follow":"follow","max-snippet":"max-snippet:-1","max-image-preview":"max-image-preview:large","max-video-preview":"max-video-preview:-1"},"canonical":"https:\/\/vapemaison.com\/de\/product\/waspe-bar-60k-vape-60k-puffs-36ml-wiederaufladbare-vape-mit-led-display\/","og_locale":"de_DE","og_type":"article","og_title":"Waspe Bar 60K Vape | 60k Puffs with LED Display","og_description":"Buy Waspe Bar 60K disposable vape with up to 60k puffs, 36ml e-liquid, rechargeable 650mAh battery, and smart LED display.","og_url":"https:\/\/vapemaison.com\/de\/product\/waspe-bar-60k-vape-60k-puffs-36ml-wiederaufladbare-vape-mit-led-display\/","og_site_name":"VapeMaison","article_modified_time":"2026-04-08T03:21:28+00:00","og_image":[{"width":1200,"height":1200,"url":"https:\/\/vapemaison.com\/wp-content\/uploads\/2026\/04\/waspe-bar-60000-puffs-new-vape-flavor-grape-ice.webp","type":"image\/webp"}],"twitter_card":"summary_large_image","twitter_misc":{"Gesch\u00e4tzte Lesezeit":"2\u00a0Minuten"},"schema":{"@context":"https:\/\/schema.org","@graph":[{"@type":"WebPage","@id":"https:\/\/vapemaison.com\/product\/waspe-bar-60k-vape-60k-puffs-36ml-rechargeable-vape-with-led-display\/","url":"https:\/\/vapemaison.com\/product\/waspe-bar-60k-vape-60k-puffs-36ml-rechargeable-vape-with-led-display\/","name":"Waspe Bar 60K Vape | 60k Puffs mit LED-Anzeige","isPartOf":{"@id":"https:\/\/vapemaison.com\/#website"},"primaryImageOfPage":{"@id":"https:\/\/vapemaison.com\/product\/waspe-bar-60k-vape-60k-puffs-36ml-rechargeable-vape-with-led-display\/#primaryimage"},"image":{"@id":"https:\/\/vapemaison.com\/product\/waspe-bar-60k-vape-60k-puffs-36ml-rechargeable-vape-with-led-display\/#primaryimage"},"thumbnailUrl":"https:\/\/vapemaison.com\/wp-content\/uploads\/2026\/04\/waspe-bar-60000-puffs-new-vape-flavor-grape-ice.webp","datePublished":"2026-04-07T09:58:49+00:00","dateModified":"2026-04-08T03:21:28+00:00","description":"Kaufen Sie Waspe Bar 60K Einweg-Vape mit bis zu 60k Puffs, 36ml E-Liquid, wiederaufladbarem 650mAh Akku und intelligenter LED-Anzeige.","breadcrumb":{"@id":"https:\/\/vapemaison.com\/product\/waspe-bar-60k-vape-60k-puffs-36ml-rechargeable-vape-with-led-display\/#breadcrumb"},"inLanguage":"de","potentialAction":[{"@type":"ReadAction","target":["https:\/\/vapemaison.com\/product\/waspe-bar-60k-vape-60k-puffs-36ml-rechargeable-vape-with-led-display\/"]}]},{"@type":"ImageObject","inLanguage":"de","@id":"https:\/\/vapemaison.com\/product\/waspe-bar-60k-vape-60k-puffs-36ml-rechargeable-vape-with-led-display\/#primaryimage","url":"https:\/\/vapemaison.com\/wp-content\/uploads\/2026\/04\/waspe-bar-60000-puffs-new-vape-flavor-grape-ice.webp","contentUrl":"https:\/\/vapemaison.com\/wp-content\/uploads\/2026\/04\/waspe-bar-60000-puffs-new-vape-flavor-grape-ice.webp","width":1200,"height":1200,"caption":"waspe-bar-60000-puffs-new-vape-flavor-grape-ice"},{"@type":"BreadcrumbList","@id":"https:\/\/vapemaison.com\/product\/waspe-bar-60k-vape-60k-puffs-36ml-rechargeable-vape-with-led-display\/#breadcrumb","itemListElement":[{"@type":"ListItem","position":1,"name":"\u9996\u9875","item":"https:\/\/vapemaison.com\/"},{"@type":"ListItem","position":2,"name":"Shop","item":"https:\/\/vapemaison.com\/shop\/"},{"@type":"ListItem","position":3,"name":"Waspe","item":"https:\/\/vapemaison.com\/brand\/waspe\/"},{"@type":"ListItem","position":4,"name":"Waspe Bar 60K Vape | 60k Puffs 36ml Rechargeable Vape with LED Display"}]},{"@type":"WebSite","@id":"https:\/\/vapemaison.com\/#website","url":"https:\/\/vapemaison.com\/","name":"VapeMaison","description":"Premium Vaping-Ger\u00e4te und Zubeh\u00f6r","publisher":{"@id":"https:\/\/vapemaison.com\/#organization"},"potentialAction":[{"@type":"SearchAction","target":{"@type":"EntryPoint","urlTemplate":"https:\/\/vapemaison.com\/?s={search_term_string}"},"query-input":{"@type":"PropertyValueSpecification","valueRequired":true,"valueName":"search_term_string"}}],"inLanguage":"de"},{"@type":"Organization","@id":"https:\/\/vapemaison.com\/#organization","name":"VapeMaison","url":"https:\/\/vapemaison.com\/","logo":{"@type":"ImageObject","inLanguage":"de","@id":"https:\/\/vapemaison.com\/#\/schema\/logo\/image\/","url":"https:\/\/vapemaison.com\/wp-content\/uploads\/2026\/01\/cropped-vapemaison-logo-g-2026.webp","contentUrl":"https:\/\/vapemaison.com\/wp-content\/uploads\/2026\/01\/cropped-vapemaison-logo-g-2026.webp","width":350,"height":280,"caption":"VapeMaison"},"image":{"@id":"https:\/\/vapemaison.com\/#\/schema\/logo\/image\/"},"sameAs":["https:\/\/www.youtube.com\/@VapeMaison"]}]}},"tiered_pricing_type":"fixed","tiered_pricing_fixed_rules":{"100":"8.34","200":"7.99"},"tiered_pricing_product_settings":{"layout":"default","base_unit_name":{"singular":null,"plural":null},"default_variation":null},"tiered_pricing_minimum_quantity":50,"tiered_pricing_roles_data":[],"tiered_pricing_percentage_rules":[],"tiered_pricing_maximum_quantity":null,"tiered_pricing_quantity_step":null,"_links":{"self":[{"href":"https:\/\/vapemaison.com\/de\/wp-json\/wp\/v2\/product\/29047","targetHints":{"allow":["GET"]}}],"collection":[{"href":"https:\/\/vapemaison.com\/de\/wp-json\/wp\/v2\/product"}],"about":[{"href":"https:\/\/vapemaison.com\/de\/wp-json\/wp\/v2\/types\/product"}],"replies":[{"embeddable":true,"href":"https:\/\/vapemaison.com\/de\/wp-json\/wp\/v2\/comments?post=29047"}],"version-history":[{"count":1,"href":"https:\/\/vapemaison.com\/de\/wp-json\/wp\/v2\/product\/29047\/revisions"}],"predecessor-version":[{"id":29114,"href":"https:\/\/vapemaison.com\/de\/wp-json\/wp\/v2\/product\/29047\/revisions\/29114"}],"wp:featuredmedia":[{"embeddable":true,"href":"https:\/\/vapemaison.com\/de\/wp-json\/wp\/v2\/media\/29053"}],"wp:attachment":[{"href":"https:\/\/vapemaison.com\/de\/wp-json\/wp\/v2\/media?parent=29047"}],"wp:term":[{"taxonomy":"product_brand","embeddable":true,"href":"https:\/\/vapemaison.com\/de\/wp-json\/wp\/v2\/product_brand?post=29047"},{"taxonomy":"product_cat","embeddable":true,"href":"https:\/\/vapemaison.com\/de\/wp-json\/wp\/v2\/product_cat?post=29047"},{"taxonomy":"product_tag","embeddable":true,"href":"https:\/\/vapemaison.com\/de\/wp-json\/wp\/v2\/product_tag?post=29047"}],"curies":[{"name":"wp","href":"https:\/\/api.w.org\/{rel}","templated":true}]}}