

{"id":29184,"date":"2026-04-10T08:33:34","date_gmt":"2026-04-10T08:33:34","guid":{"rendered":"https:\/\/vapemaison.com\/?post_type=product&#038;p=29184"},"modified":"2026-04-11T09:09:03","modified_gmt":"2026-04-11T09:09:03","slug":"al-fakher-nic-salz-e-flussigkeit-10ml-20mg-2-mehrere-aromen-zur-verfugung","status":"publish","type":"product","link":"https:\/\/vapemaison.com\/de\/product\/al-fakher-nic-salt-e-liquid-10ml-20mg-2-multiple-flavours-available\/","title":{"rendered":"Al Fakher Nic Salt E-Liquid 10ml 20mg (2%) - Mehrere Geschmacksrichtungen verf\u00fcgbar"},"content":{"rendered":"<p>Erleben Sie das Premium-Sortiment von <strong><strong>Al Fakher Fl\u00fcssigkeit<\/strong> Nikotinsalz E-Liquids<\/strong>. Diese Vape-S\u00e4fte sind f\u00fcr glatte Zufriedenheit gefertigt. Dar\u00fcber hinaus liefern sie reichen und authentischen Geschmack in jedem Zug.<\/p>\n\n\n\n<p>Diese Kollektion umfasst viele verschiedene Geschmacksprofile. Zum Beispiel k\u00f6nnen Sie genie\u00dfen <strong>erfrischende Minze, eisige Fr\u00fcchte und s\u00fc\u00dfe Mischung<\/strong>s. Daher gibt es immer eine Geschmacksrichtung, die Ihren Vorlieben entspricht.<\/p>\n\n\n\n<p>Jede <strong>e-Fl\u00fcssigkeit<\/strong> verwendet ein ausgewogenes 50VG\/50PG-Verh\u00e4ltnis. Als Ergebnis erhalten Sie sowohl starken Geschmack und glatte Dampf. Au\u00dferdem sorgt die Formel f\u00fcr eine gleichbleibende Leistung.<\/p>\n\n\n\n<p>Die <strong>die Nikotinst\u00e4rke betr\u00e4gt 20mg (2%)<\/strong> Nik-Salz. Aus diesem Grund ist die Nikotinaufnahme schnell und zufriedenstellend. Dar\u00fcber hinaus ist es f\u00fcr Pod-Systeme und MTL-Ger\u00e4te geeignet.<\/p>\n\n\n\n<p>Ob Sie nun fruchtige, eisige oder klassische Geschmacksprofile bevorzugen, dieses Sortiment bietet Abwechslung. So k\u00f6nnen Sie jederzeit problemlos zwischen den Geschmacksrichtungen wechseln.<\/p>\n\n\n\n<h3 class=\"wp-block-heading\">Wesentliche Merkmale<\/h3>\n\n\n\n<ul class=\"wp-block-list\">\n<li>Gro\u00dfe Auswahl an beliebten Geschmacksrichtungen erh\u00e4ltlich<\/li>\n\n\n\n<li>10ml Flaschengr\u00f6\u00dfe<\/li>\n\n\n\n<li>20mg (2%) Nikotinsalz<\/li>\n\n\n\n<li>Sanfte und schnelle Nikotinabgabe<\/li>\n\n\n\n<li>50VG\/50PG-Verh\u00e4ltnis f\u00fcr ausgewogene Leistung<\/li>\n\n\n\n<li>Entwickelt f\u00fcr Pod-Systeme und MTL-Ger\u00e4te<\/li>\n\n\n\n<li>Authentische, von Al Fakher inspirierte Shisha-Aromen<\/li>\n<\/ul>\n\n\n\n<h3 class=\"wp-block-heading\">Verf\u00fcgbare Geschmacksrichtungen<\/h3>\n\n\n\n<p>Diese Kollektion umfasst eine vielf\u00e4ltige Auswahl an Geschmacksrichtungen, wie z. B.:<\/p>\n\n\n\n<p class=\"has-pale-pink-color has-text-color has-link-color wp-elements-8a05a1628708385c7669c7d98216b092\"><strong>Fruchtig und s\u00fc\u00df:<br>KAUGUMMI-MINZE, BEEREN-EIS, JOHANNISBEER-EIS, BLUE-RAZZ-LIMONADE, BLAUBEER-KAUGUMMI, KIRSCH-FIESTA, ERDBEER-BOWLE, BEEREN-MIX, BEEREN-BLAU<\/strong><\/p>\n\n\n\n<p class=\"has-vivid-green-cyan-color has-text-color has-link-color wp-elements-253015ea3756f77bdf6c12a41af5d5f4\"><strong>Frisch und minzig:<br>TRAUBENMINZE, ZITRONENMINZE, SCHWARZE JOHANNISBEERMINZE, ORANGENMINZE, KRAUSEMINZE, MENTHOL<\/strong><\/p>\n\n\n\n<p class=\"has-vivid-cyan-blue-color has-text-color has-link-color wp-elements-bebf0fafe554d32a22f7a47e8f071895\"><strong>Eisig und k\u00fchlend:<br>\u00dcPPIGES EIS, PFIRSICH-EIS, ANANAS-EIS, KIRSCHE-EIS<\/strong><\/p>\n\n\n\n<p class=\"has-luminous-vivid-orange-color has-text-color has-link-color wp-elements-e5f777c7e4d8d63384bb659078b67d0c\"><strong>Exotisch &amp; Mischungen:<br>MAGIC LOVE, SPACE DREAM, HUBBA, TWO APPLE, COOL MANGO, MANGO PINEAPPLE, WATERMELON LIME, WATERMELON PINEAPPLE, BLUEBERRY RASPBERRY, BLUEBERRY SOUR RASPBERRY, LEMON LIME, CHERRY FIZZ<\/strong><\/p>\n\n\n\n<h3 class=\"wp-block-heading\">\u00dcber Al Fakher Nic Salt E-Liquids<\/h3>\n\n\n\n<p>Al Fakher Nic Salt E-Liquids sind vom weltbekannten Shisha-Erbe der Marke inspiriert und bringen reiche Geschmacksprofile aus dem Nahen Osten in das moderne Dampfen. Bekannt f\u00fcr ihre Tiefe, Sanftheit und Konsistenz, sind diese Verdampfer S\u00e4fte f\u00fcr Benutzer, die sowohl Geschmack Qualit\u00e4t und Leistung zu sch\u00e4tzen wissen, gefertigt.<\/p>\n\n\n\n<p>Perfekt f\u00fcr das t\u00e4gliche Dampfen, <strong><strong>Al Fakher Fl\u00fcssigkeit<\/strong><\/strong> nic-Salze bieten bei jeder Anwendung ein zuverl\u00e4ssiges und angenehmes Erlebnis.<\/p>\n\n\n\n<p>Wenn Sie nach einer bequemeren Alternative suchen, bietet unser Gesch\u00e4ft auch eine gro\u00dfe Auswahl an <strong><a href=\"https:\/\/vapemaison.com\/shop\/\" type=\"link\" id=\"https:\/\/vapemaison.com\/shop\/\">Einweg-Vapes<\/a><\/strong>. Diese Ger\u00e4te werden vorgef\u00fcllt und sind sofort einsatzbereit, ohne dass Nachf\u00fcllen oder Wartung erforderlich sind - perfekt f\u00fcr Nutzer, die ein unkompliziertes Dampferlebnis bevorzugen.<\/p>\n\n\n\n<p>Wenn Ihnen die Geschmacksqualit\u00e4t dieses Sortiments gef\u00e4llt, k\u00f6nnen Sie auch weitere Produkte aus der <strong><a href=\"https:\/\/vapemaison.com\/brand\/al-fakher\/\" type=\"link\" id=\"https:\/\/vapemaison.com\/brand\/al-fakher\/\">Al Fakher<\/a><\/strong> Serie, darunter auch Einwegvarianten, die denselben reichhaltigen, von der Shisha inspirierten Geschmack in einem bequemeren Format bieten.<\/p>\n\n\n\n<p>F\u00fcr diejenigen, die eine l\u00e4nger anhaltende Leistung w\u00fcnschen, bieten wir auch eine Reihe von Einwegverdampfern mit hoher Puffzahl an, die Ihnen mehr Auswahl bei l\u00e4ngerer Nutzung und gleichbleibender Geschmacksabgabe bieten.<\/p>\n\n\n\n<p>St\u00f6bern Sie weiter und finden Sie den Vaping-Stil, der Ihren Bed\u00fcrfnissen entspricht.<\/p>","protected":false},"excerpt":{"rendered":"<p>Experience the premium range of Al Fakher Liquid Nic Salt E-Liquids. These vape juices are crafted for smooth satisfaction. In addition, they deliver rich and authentic flavor in every puff. This collection includes many different flavor profiles. For example, you can enjoy refreshing mint, icy fruits, and sweet blends. Therefore, there is always a flavor [&hellip;]<\/p>\n","protected":false},"featured_media":29220,"comment_status":"open","ping_status":"closed","template":"","meta":[],"product_brand":[179],"product_cat":[324],"product_tag":[],"class_list":{"0":"post-29184","1":"product","2":"type-product","3":"status-publish","4":"has-post-thumbnail","6":"product_brand-al-fakher","7":"product_cat-vape-liquid","9":"first","10":"instock","11":"shipping-taxable","12":"purchasable","13":"product-type-variable","14":"has-default-attributes"},"yoast_head":"<!-- This site is optimized with the Yoast SEO plugin v27.4 - https:\/\/yoast.com\/product\/yoast-seo-wordpress\/ -->\n<title>Al Fakher Nic Salt E-Liquid 10ml 20mg (2%) | Vape Juice Flavours<\/title>\n<meta name=\"description\" content=\"Shop Al Fakher Nic Salt E-Liquid 10ml 20mg (2%). Enjoy smooth vape juice with a wide range of flavours including mint, fruit, and icy blends.\" \/>\n<meta name=\"robots\" content=\"index, follow, max-snippet:-1, max-image-preview:large, max-video-preview:-1\" \/>\n<link rel=\"canonical\" href=\"https:\/\/vapemaison.com\/de\/product\/al-fakher-nic-salz-e-flussigkeit-10ml-20mg-2-mehrere-aromen-zur-verfugung\/\" \/>\n<meta property=\"og:locale\" content=\"de_DE\" \/>\n<meta property=\"og:type\" content=\"article\" \/>\n<meta property=\"og:title\" content=\"Al Fakher Nic Salt E-Liquid 10ml 20mg (2%) | Vape Juice Flavours\" \/>\n<meta property=\"og:description\" content=\"Shop Al Fakher Nic Salt E-Liquid 10ml 20mg (2%). Enjoy smooth vape juice with a wide range of flavours including mint, fruit, and icy blends.\" \/>\n<meta property=\"og:url\" content=\"https:\/\/vapemaison.com\/de\/product\/al-fakher-nic-salz-e-flussigkeit-10ml-20mg-2-mehrere-aromen-zur-verfugung\/\" \/>\n<meta property=\"og:site_name\" content=\"VapeMaison\" \/>\n<meta property=\"article:modified_time\" content=\"2026-04-11T09:09:03+00:00\" \/>\n<meta property=\"og:image\" content=\"https:\/\/vapemaison.com\/wp-content\/uploads\/2026\/04\/vapemaison-al-fakher-peach-ice-10ml-nic-salt-e-liquid.webp\" \/>\n\t<meta property=\"og:image:width\" content=\"900\" \/>\n\t<meta property=\"og:image:height\" content=\"900\" \/>\n\t<meta property=\"og:image:type\" content=\"image\/webp\" \/>\n<meta name=\"twitter:card\" content=\"summary_large_image\" \/>\n<meta name=\"twitter:label1\" content=\"Gesch\u00e4tzte Lesezeit\" \/>\n\t<meta name=\"twitter:data1\" content=\"3\u00a0Minuten\" \/>\n<!-- \/ Yoast SEO plugin. -->","yoast_head_json":{"title":"Al Fakher Nic Salt E-Liquid 10ml 20mg (2%) | Vape Juice Aromen","description":"Shop Al Fakher Nic Salt E-Liquid 10ml 20mg (2%). Genie\u00dfen Sie glatte vape Saft mit einer breiten Palette von Aromen, einschlie\u00dflich Minze, Obst, und eisige Mischungen.","robots":{"index":"index","follow":"follow","max-snippet":"max-snippet:-1","max-image-preview":"max-image-preview:large","max-video-preview":"max-video-preview:-1"},"canonical":"https:\/\/vapemaison.com\/de\/product\/al-fakher-nic-salz-e-flussigkeit-10ml-20mg-2-mehrere-aromen-zur-verfugung\/","og_locale":"de_DE","og_type":"article","og_title":"Al Fakher Nic Salt E-Liquid 10ml 20mg (2%) | Vape Juice Flavours","og_description":"Shop Al Fakher Nic Salt E-Liquid 10ml 20mg (2%). Enjoy smooth vape juice with a wide range of flavours including mint, fruit, and icy blends.","og_url":"https:\/\/vapemaison.com\/de\/product\/al-fakher-nic-salz-e-flussigkeit-10ml-20mg-2-mehrere-aromen-zur-verfugung\/","og_site_name":"VapeMaison","article_modified_time":"2026-04-11T09:09:03+00:00","og_image":[{"width":900,"height":900,"url":"https:\/\/vapemaison.com\/wp-content\/uploads\/2026\/04\/vapemaison-al-fakher-peach-ice-10ml-nic-salt-e-liquid.webp","type":"image\/webp"}],"twitter_card":"summary_large_image","twitter_misc":{"Gesch\u00e4tzte Lesezeit":"3\u00a0Minuten"},"schema":{"@context":"https:\/\/schema.org","@graph":[{"@type":"WebPage","@id":"https:\/\/vapemaison.com\/product\/al-fakher-nic-salt-e-liquid-10ml-20mg-2-multiple-flavours-available\/","url":"https:\/\/vapemaison.com\/product\/al-fakher-nic-salt-e-liquid-10ml-20mg-2-multiple-flavours-available\/","name":"Al Fakher Nic Salt E-Liquid 10ml 20mg (2%) | Vape Juice Aromen","isPartOf":{"@id":"https:\/\/vapemaison.com\/#website"},"primaryImageOfPage":{"@id":"https:\/\/vapemaison.com\/product\/al-fakher-nic-salt-e-liquid-10ml-20mg-2-multiple-flavours-available\/#primaryimage"},"image":{"@id":"https:\/\/vapemaison.com\/product\/al-fakher-nic-salt-e-liquid-10ml-20mg-2-multiple-flavours-available\/#primaryimage"},"thumbnailUrl":"https:\/\/vapemaison.com\/wp-content\/uploads\/2026\/04\/vapemaison-al-fakher-peach-ice-10ml-nic-salt-e-liquid.webp","datePublished":"2026-04-10T08:33:34+00:00","dateModified":"2026-04-11T09:09:03+00:00","description":"Shop Al Fakher Nic Salt E-Liquid 10ml 20mg (2%). Genie\u00dfen Sie glatte vape Saft mit einer breiten Palette von Aromen, einschlie\u00dflich Minze, Obst, und eisige Mischungen.","breadcrumb":{"@id":"https:\/\/vapemaison.com\/product\/al-fakher-nic-salt-e-liquid-10ml-20mg-2-multiple-flavours-available\/#breadcrumb"},"inLanguage":"de","potentialAction":[{"@type":"ReadAction","target":["https:\/\/vapemaison.com\/product\/al-fakher-nic-salt-e-liquid-10ml-20mg-2-multiple-flavours-available\/"]}]},{"@type":"ImageObject","inLanguage":"de","@id":"https:\/\/vapemaison.com\/product\/al-fakher-nic-salt-e-liquid-10ml-20mg-2-multiple-flavours-available\/#primaryimage","url":"https:\/\/vapemaison.com\/wp-content\/uploads\/2026\/04\/vapemaison-al-fakher-peach-ice-10ml-nic-salt-e-liquid.webp","contentUrl":"https:\/\/vapemaison.com\/wp-content\/uploads\/2026\/04\/vapemaison-al-fakher-peach-ice-10ml-nic-salt-e-liquid.webp","width":900,"height":900,"caption":"vapemaison-al-fakher-peach-ice-10ml-nic-salt-e-liquid"},{"@type":"BreadcrumbList","@id":"https:\/\/vapemaison.com\/product\/al-fakher-nic-salt-e-liquid-10ml-20mg-2-multiple-flavours-available\/#breadcrumb","itemListElement":[{"@type":"ListItem","position":1,"name":"\u9996\u9875","item":"https:\/\/vapemaison.com\/"},{"@type":"ListItem","position":2,"name":"Shop","item":"https:\/\/vapemaison.com\/shop\/"},{"@type":"ListItem","position":3,"name":"Al Fakher","item":"https:\/\/vapemaison.com\/brand\/al-fakher\/"},{"@type":"ListItem","position":4,"name":"Al Fakher Nic Salt E-Liquid 10ml 20mg (2%) \u2013 Multiple Flavours Available"}]},{"@type":"WebSite","@id":"https:\/\/vapemaison.com\/#website","url":"https:\/\/vapemaison.com\/","name":"VapeMaison","description":"Premium Vaping-Ger\u00e4te und Zubeh\u00f6r","publisher":{"@id":"https:\/\/vapemaison.com\/#organization"},"potentialAction":[{"@type":"SearchAction","target":{"@type":"EntryPoint","urlTemplate":"https:\/\/vapemaison.com\/?s={search_term_string}"},"query-input":{"@type":"PropertyValueSpecification","valueRequired":true,"valueName":"search_term_string"}}],"inLanguage":"de"},{"@type":"Organization","@id":"https:\/\/vapemaison.com\/#organization","name":"VapeMaison","url":"https:\/\/vapemaison.com\/","logo":{"@type":"ImageObject","inLanguage":"de","@id":"https:\/\/vapemaison.com\/#\/schema\/logo\/image\/","url":"https:\/\/vapemaison.com\/wp-content\/uploads\/2026\/01\/cropped-vapemaison-logo-g-2026.webp","contentUrl":"https:\/\/vapemaison.com\/wp-content\/uploads\/2026\/01\/cropped-vapemaison-logo-g-2026.webp","width":350,"height":280,"caption":"VapeMaison"},"image":{"@id":"https:\/\/vapemaison.com\/#\/schema\/logo\/image\/"},"sameAs":["https:\/\/www.youtube.com\/@VapeMaison"]}]}},"tiered_pricing_type":"fixed","tiered_pricing_fixed_rules":{"30":"1.99","100":"1.79"},"tiered_pricing_product_settings":{"layout":"default","base_unit_name":{"singular":null,"plural":null},"default_variation":null},"tiered_pricing_minimum_quantity":10,"tiered_pricing_roles_data":[],"tiered_pricing_percentage_rules":[],"tiered_pricing_maximum_quantity":null,"tiered_pricing_quantity_step":"10","_links":{"self":[{"href":"https:\/\/vapemaison.com\/de\/wp-json\/wp\/v2\/product\/29184","targetHints":{"allow":["GET"]}}],"collection":[{"href":"https:\/\/vapemaison.com\/de\/wp-json\/wp\/v2\/product"}],"about":[{"href":"https:\/\/vapemaison.com\/de\/wp-json\/wp\/v2\/types\/product"}],"replies":[{"embeddable":true,"href":"https:\/\/vapemaison.com\/de\/wp-json\/wp\/v2\/comments?post=29184"}],"version-history":[{"count":2,"href":"https:\/\/vapemaison.com\/de\/wp-json\/wp\/v2\/product\/29184\/revisions"}],"predecessor-version":[{"id":29288,"href":"https:\/\/vapemaison.com\/de\/wp-json\/wp\/v2\/product\/29184\/revisions\/29288"}],"wp:featuredmedia":[{"embeddable":true,"href":"https:\/\/vapemaison.com\/de\/wp-json\/wp\/v2\/media\/29220"}],"wp:attachment":[{"href":"https:\/\/vapemaison.com\/de\/wp-json\/wp\/v2\/media?parent=29184"}],"wp:term":[{"taxonomy":"product_brand","embeddable":true,"href":"https:\/\/vapemaison.com\/de\/wp-json\/wp\/v2\/product_brand?post=29184"},{"taxonomy":"product_cat","embeddable":true,"href":"https:\/\/vapemaison.com\/de\/wp-json\/wp\/v2\/product_cat?post=29184"},{"taxonomy":"product_tag","embeddable":true,"href":"https:\/\/vapemaison.com\/de\/wp-json\/wp\/v2\/product_tag?post=29184"}],"curies":[{"name":"wp","href":"https:\/\/api.w.org\/{rel}","templated":true}]}}