

{"id":7230,"date":"2025-10-15T07:56:47","date_gmt":"2025-10-15T07:56:47","guid":{"rendered":"https:\/\/vapemaison.com\/?post_type=product&#038;p=7230"},"modified":"2026-05-05T17:27:01","modified_gmt":"2026-05-05T17:27:01","slug":"bang-blaze-60000-puffs-bang-vape","status":"publish","type":"product","link":"https:\/\/vapemaison.com\/de\/product\/bang-blaze-60000-puffs-bang-vape\/","title":{"rendered":"Bang Vape 60K Puffs Vape | Bang Blaze 60000"},"content":{"rendered":"<p>Die <strong>Bang Blaze 60.000<\/strong> ist ein Flaggschiff unter den Einwegdampfern, das f\u00fcr Benutzer entwickelt wurde, die extreme Langlebigkeit und geschmackliche Vielseitigkeit verlangen. Ausgestattet mit einer massiven <strong>56mL vorgef\u00fcllter e-Fl\u00fcssigkeitsbeh\u00e4lter<\/strong> und eine innovative <strong>4-Aromen-Schaltsystem<\/strong>, Dieses Ger\u00e4t ist so konstruiert, dass es wochenlang eine gleichbleibend hohe Leistung erbringt, ohne dass es h\u00e4ufig ausgetauscht werden muss.<\/p>\n\n\n\n<h2 class=\"wp-block-heading\">Hauptmerkmale und Vorteile<\/h2>\n\n\n\n<h3 class=\"wp-block-heading\">1. Unerreichte Langlebigkeit<\/h3>\n\n\n\n<p>Mit einer branchenf\u00fchrenden Kapazit\u00e4t von <strong>60.000 Z\u00fcge<\/strong>, Der Bang Blaze beseitigt die \u201cBatterieangst\u201d und den st\u00e4ndigen Bedarf an neuen Ger\u00e4ten. Es ist die endg\u00fcltige Wahl f\u00fcr schwere vapers und Langstrecken-Reisende.<\/p>\n\n\n\n<h3 class=\"wp-block-heading\">2. Revolution\u00e4rer 4-in-1-Geschmacksschalter<\/h3>\n\n\n\n<p>Warum sollten Sie sich mit einer Geschmacksrichtung zufrieden geben, wenn Sie vier haben k\u00f6nnen? Jedes Ger\u00e4t enth\u00e4lt vier verschiedene, hochwertige Mischungen. Durch einfaches Drehen k\u00f6nnen Sie Ihr Profil sofort wechseln, je nach Ihrer Stimmung w\u00e4hrend des Tages.<\/p>\n\n\n\n<h3 class=\"wp-block-heading\">3. Fortschrittliche Mesh-Spulen-Technologie<\/h3>\n\n\n\n<p>Ausgestattet mit einem <strong>1,0 \u03a9 Pr\u00e4zisionsnetzspule<\/strong>, Der Bang Blaze sorgt f\u00fcr eine gleichm\u00e4\u00dfige Erw\u00e4rmung und schnelle Verdampfung. Diese Technologie garantiert einen sanften Kehlkopfschlag und reiche Geschmacksdichte vom ersten bis zum 60.000sten Zug.<\/p>\n\n\n\n<h2 class=\"wp-block-heading\">Technische Daten<\/h2>\n\n\n\n<figure class=\"wp-block-table is-style-stripes\"><table class=\"has-fixed-layout\"><thead><tr><td><strong>Merkmal<\/strong><\/td><td><strong>Spezifikation<\/strong><\/td><\/tr><\/thead><tbody><tr><td><strong>Anzahl der Puffs<\/strong><\/td><td>Ungef\u00e4hr 60.000 Puffs<\/td><\/tr><tr><td><strong>E-Liquid Kapazit\u00e4t<\/strong><\/td><td>56 mL (vorgef\u00fcllt)<\/td><\/tr><tr><td><strong>Batteriekapazit\u00e4t<\/strong><\/td><td>650 mAh (wiederaufladbar)<\/td><\/tr><tr><td><strong>Ladeanschluss<\/strong><\/td><td>Typ-C-Schnellaufladung<\/td><\/tr><tr><td><strong>Zerst\u00e4uber Typ<\/strong><\/td><td>1,0 \u03a9 Masche Spule<\/td><\/tr><tr><td><strong>Nikotin St\u00e4rken<\/strong><\/td><td>0% \/ 2% \/ 3% \/ 5%<\/td><\/tr><tr><td><strong>Besondere Funktion<\/strong><\/td><td>4-in-1 Drehbarer Geschmacksschalter<\/td><\/tr><\/tbody><\/table><\/figure>\n\n\n\n<h2 class=\"wp-block-heading\">Kuratierte Geschmacksmatrix<\/h2>\n\n\n\n<p>Der Bang Blaze bietet fachm\u00e4nnisch zusammengestellte Geschmackskombinationen, die ein abgerundetes sensorisches Erlebnis bieten.<\/p>\n\n\n\n<h3 class=\"wp-block-heading\">A: Erfrischende Fusion<\/h3>\n\n\n\n<ul class=\"wp-block-list\">\n<li><strong>Wassermelone Eis<\/strong><\/li>\n\n\n\n<li><strong>Blaubeer-Minze<\/strong><\/li>\n\n\n\n<li><strong>Fruchteis<\/strong><\/li>\n\n\n\n<li><strong>Limetten-Romantik<\/strong><\/li>\n<\/ul>\n\n\n\n<h3 class=\"wp-block-heading\">B: Tropische Symphonie<\/h3>\n\n\n\n<ul class=\"wp-block-list\">\n<li><strong>Blaubeereis<\/strong><\/li>\n\n\n\n<li><strong>Pfirsich Mango Wassermelone<\/strong><\/li>\n\n\n\n<li><strong>Leidenschaftlicher Kuss<\/strong><\/li>\n\n\n\n<li><strong>Melone Apfel<\/strong><\/li>\n<\/ul>\n\n\n\n<h3 class=\"wp-block-heading\">C: S\u00fc\u00df und klassisch<\/h3>\n\n\n\n<ul class=\"wp-block-list\">\n<li><strong>Erdbeer-Mango<\/strong><\/li>\n\n\n\n<li><strong>Wassermelone Kaugummi<\/strong><\/li>\n\n\n\n<li><strong>Roter Mojito<\/strong><\/li>\n\n\n\n<li><strong>Love 66 (Klassische Shisha-Mischung)<\/strong><\/li>\n<\/ul>\n\n\n\n<h2 class=\"wp-block-heading\">Warum die Bang Blaze 60.000?<\/h2>\n\n\n\n<ul class=\"wp-block-list\">\n<li><strong>Kosteneffizienz:<\/strong> Die ultrahohe Puffanzahl senkt die Kosten pro Anwendung im Vergleich zu herk\u00f6mmlichen Einwegprodukten erheblich.<\/li>\n\n\n\n<li><strong>Minimale Ausfallzeiten:<\/strong> Der 650-mAh-Akku ist gepaart mit <strong>Typ-C-Schnellaufladung<\/strong> sorgt daf\u00fcr, dass Ihr Ger\u00e4t mehr Zeit in Ihrer Hand und weniger Zeit am Kabel verbringt.<\/li>\n\n\n\n<li><strong>Anpassbare Erfahrung:<\/strong> Mit vier Nikotinoptionen k\u00f6nnen Sie Ihren Konsum genau steuern, egal ob Sie von herk\u00f6mmlichen Zigaretten wegkommen oder einen starken Zug suchen.<\/li>\n\n\n\n<li><strong>Tragbare Sorte:<\/strong> Genie\u00dfen Sie den Luxus, vier Geschmacksrichtungen in einem kompakten, ergonomischen Geh\u00e4use mit sich zu f\u00fchren - und sparen Sie sich den Platz f\u00fcr mehrere Ger\u00e4te.<\/li>\n<\/ul>\n\n\n\n<p>Die Quintessenz:<\/p>\n\n\n\n<p>Der Bang Blaze 60.000 ist mehr als nur ein Verdampfer; er ist eine Hochleistungsl\u00f6sung f\u00fcr Enthusiasten, die Ausdauer, Vielfalt und Geschmacksintegrit\u00e4t sch\u00e4tzen. Er setzt einen neuen Ma\u00dfstab f\u00fcr das, was ein hochwertiges Einwegger\u00e4t leisten kann.<\/p>\n\n\n\n<p>Wenn Sie weitere Ger\u00e4te der gleichen Marke kennenlernen m\u00f6chten, k\u00f6nnen Sie sich unsere komplette <strong><a href=\"https:\/\/vapemaison.com\/\">Bang Einweg-Vape-Kollektion<\/a><\/strong> um verschiedene Modelle und Puffzahlen zu vergleichen. F\u00fcr Nutzer, die speziell auf der Suche nach l\u00e4ngerer Dampfleistung sind, ist dieses Ger\u00e4t auch Teil unserer <strong><a href=\"https:\/\/vapemaison.com\/product-category\/puffs-count\/60k-puffs\/\">60K Puffs Einweg-Dampfger\u00e4t<\/a><\/strong> Kategorie, die sich durch eine lange Nutzungsdauer und ein hohes Fassungsverm\u00f6gen auszeichnen. Wenn Sie \u00e4hnliche Optionen mit hoher Puffleistung vergleichen, ist die <strong><a href=\"https:\/\/vapemaison.com\/product\/bang-leader-stoll-300k-puffs-disposable-vape\/\">Bang 300k Puffs Einweg-Vape<\/a><\/strong> und die <strong><a href=\"https:\/\/vapemaison.com\/product\/hume-azul-24000-puffs-disposable-vape\/\">Humo Azul 24000 Windbeutel<\/a><\/strong> sind beliebte Alternativen mit vergleichbarer Kapazit\u00e4t und Leistung.<\/p>\n\n\n\n<h2 class=\"wp-block-heading\">FAQ<\/h2>\n\n\n\n<h3 class=\"wp-block-heading\">1. Wie benutze ich den Bang 60000 Puffs Einwegdampfer zum ersten Mal?<\/h3>\n\n\n\n<p>Das Ger\u00e4t wird durch Ziehen aktiviert, so dass keine Tasten erforderlich sind. Entfernen Sie einfach alle Schutzabdeckungen, stellen Sie sicher, dass das Ger\u00e4t geladen ist, und inhalieren Sie sanft durch das Mundst\u00fcck. Langsame und gleichm\u00e4\u00dfige Z\u00fcge liefern die beste Leistung.<\/p>\n\n\n\n<h3 class=\"wp-block-heading\">2. Muss ich das Ger\u00e4t aufladen, bevor ich es benutze?<\/h3>\n\n\n\n<p>Das Ger\u00e4t wird teilweise aufgeladen geliefert und kann direkt nach dem Auspacken verwendet werden. F\u00fcr eine optimale Leistung - vor allem bei l\u00e4ngerem Gebrauch - empfehlen wir jedoch, das Ger\u00e4t vor l\u00e4ngeren Vaping-Sessions vollst\u00e4ndig aufzuladen.<\/p>\n\n\n\n<h3 class=\"wp-block-heading\">3. Kann ich mit diesem Ger\u00e4t wirklich 60.000 Z\u00fcge machen?<\/h3>\n\n\n\n<p>Die Zahl von 60.000 Z\u00fcgen basiert auf Labortests unter Standardbedingungen. Der tats\u00e4chliche Verbrauch h\u00e4ngt von den individuellen Rauchgewohnheiten ab, z. B. von der Dauer und H\u00e4ufigkeit der Z\u00fcge. Die meisten Nutzer erleben eine lang anhaltende Nutzung \u00fcber einen l\u00e4ngeren Zeitraum und nicht nur eine feste Anzahl von Z\u00fcgen.<\/p>\n\n\n\n<h3 class=\"wp-block-heading\">4. Welches Ladeger\u00e4t sollte ich verwenden, und wie lange dauert der Ladevorgang?<\/h3>\n\n\n\n<p>Dieses Ger\u00e4t verwendet einen Typ-C-Ladeanschluss. Wir empfehlen die Verwendung eines Standard-Niederspannungsladeger\u00e4ts (5 V). Der Ladevorgang dauert in der Regel 60-90 Minuten. Vermeiden Sie Schnellladeger\u00e4te, um den Akku zu schonen.<\/p>\n\n\n\n<h3 class=\"wp-block-heading\">5. Warum produziert mein Ger\u00e4t keinen Dampf?<\/h3>\n\n\n\n<p>Vergewissern Sie sich zun\u00e4chst, dass das Ger\u00e4t vollst\u00e4ndig aufgeladen ist und dass alle Schutzabdeckungen entfernt wurden. Versuchen Sie, langsamere, sanftere Z\u00fcge zu nehmen, anstatt stark zu ziehen. Wenn das Problem weiterhin besteht, wenden Sie sich bitte an unser <a href=\"https:\/\/wa.me\/8617602190264?text=Hi!%20I%20am%20from%20vapemaison.com\">Kundenserviceteam<\/a> f\u00fcr Unterst\u00fctzung.<\/p>\n\n\n\n<h3 class=\"wp-block-heading\">6. Was soll ich tun, wenn der Geschmack verbrannt schmeckt?<\/h3>\n\n\n\n<p>Ein verbrannter Geschmack kann auftreten, wenn das Ger\u00e4t kontinuierlich ohne Pausen verwendet wird. Lassen Sie das Ger\u00e4t zwischen den Sitzungen ein paar Minuten ruhen, damit sich die Spule abk\u00fchlen und das E-Liquid wieder aufnehmen kann, was zu einem gleichm\u00e4\u00dfigen Geschmack beitr\u00e4gt.<\/p>\n\n\n\n<h3 class=\"wp-block-heading\">7. Was ist, wenn mein Ger\u00e4t defekt ankommt oder nicht funktioniert?<\/h3>\n\n\n\n<p>Wenn Ihr Ger\u00e4t bei der Ankunft defekt ist, kontaktieren Sie uns bitte innerhalb der angegebenen Supportfrist mit Fotos oder Videos des Problems. Unser Support-Team wird Ihnen so schnell wie m\u00f6glich mit einem Ersatzger\u00e4t oder einer L\u00f6sung helfen.<\/p>","protected":false},"excerpt":{"rendered":"<p><!-- wp:list --><\/p>\n<ul class=\"wp-block-list\"><!-- wp:list-item --><\/p>\n<li>Anzahl der Z\u00fcge: Bis zu 60.000 Z\u00fcge<\/li>\n<p><!-- \/wp:list-item --><\/p>\n<p><!-- wp:list-item --><\/p>\n<li>E-Fl\u00fcssigkeit: 56 mL vorgef\u00fcllt<\/li>\n<p><!-- \/wp:list-item --><\/p>\n<p><!-- wp:list-item --><\/p>\n<li>Akku: 650 mAh wiederaufladbar, Typ-C Aufladung<\/li>\n<p><!-- \/wp:list-item --><\/p>\n<p><!-- wp:list-item --><\/p>\n<li>Spule: 1,0 \u03a9 Mesh-Spule<\/li>\n<p><!-- \/wp:list-item --><\/p>\n<p><!-- wp:list-item --><\/p>\n<li>Nikotin: 0% \/ 2% \/ 3% \/ 5%<\/li>\n<p><!-- \/wp:list-item --><\/p>\n<p><!-- wp:list-item --><\/p>\n<li>Geschmacksrichtungen: 12 kuratierte 4-in-1-Sets\u00a0<\/li>\n<\/ul>","protected":false},"featured_media":8102,"comment_status":"open","ping_status":"closed","template":"","meta":[],"product_brand":[57],"product_cat":[137],"product_tag":[145,147],"class_list":{"0":"post-7230","1":"product","2":"type-product","3":"status-publish","4":"has-post-thumbnail","6":"product_brand-bang","7":"product_cat-60k-puffs","8":"product_tag-disposable-vape","9":"product_tag-recharge","11":"first","12":"instock","13":"sale","14":"shipping-taxable","15":"purchasable","16":"product-type-variable"},"yoast_head":"<!-- This site is optimized with the Yoast SEO plugin v27.4 - https:\/\/yoast.com\/product\/yoast-seo-wordpress\/ -->\n<title>Bang Blaze 60000 Puffs 4-in-1 Vape | Bang Vape Rechargeable<\/title>\n<meta name=\"description\" content=\"Experience the 60k Bang Vape Disposable Vape \u2014 up to 60,000 puffs, 12 flavor options, fast charging, and ultra-smooth vapor.\" \/>\n<meta name=\"robots\" content=\"index, follow, max-snippet:-1, max-image-preview:large, max-video-preview:-1\" \/>\n<link rel=\"canonical\" href=\"https:\/\/vapemaison.com\/de\/product\/bang-blaze-60000-puffs-bang-vape\/\" \/>\n<meta property=\"og:locale\" content=\"de_DE\" \/>\n<meta property=\"og:type\" content=\"article\" \/>\n<meta property=\"og:title\" content=\"Bang Blaze 60000 Puffs 4-in-1 Vape | Bang Vape Rechargeable\" \/>\n<meta property=\"og:description\" content=\"Experience the 60k Bang Vape Disposable Vape \u2014 up to 60,000 puffs, 12 flavor options, fast charging, and ultra-smooth vapor.\" \/>\n<meta property=\"og:url\" content=\"https:\/\/vapemaison.com\/de\/product\/bang-blaze-60000-puffs-bang-vape\/\" \/>\n<meta property=\"og:site_name\" content=\"VapeMaison\" \/>\n<meta property=\"article:modified_time\" content=\"2026-05-05T17:27:01+00:00\" \/>\n<meta property=\"og:image\" content=\"https:\/\/vapemaison.com\/wp-content\/uploads\/2025\/10\/bang-blaze-4in1-60000-flavor-10.jpg\" \/>\n\t<meta property=\"og:image:width\" content=\"2000\" \/>\n\t<meta property=\"og:image:height\" content=\"2000\" \/>\n\t<meta property=\"og:image:type\" content=\"image\/jpeg\" \/>\n<meta name=\"twitter:card\" content=\"summary_large_image\" \/>\n<meta name=\"twitter:label1\" content=\"Gesch\u00e4tzte Lesezeit\" \/>\n\t<meta name=\"twitter:data1\" content=\"4\u00a0Minuten\" \/>\n<!-- \/ Yoast SEO plugin. -->","yoast_head_json":{"title":"Bang Blaze 60000 Puffs 4-in-1 Vape | Bang Vape Wiederaufladbar","description":"Erleben Sie den 60k Bang Vape Disposable Vape - bis zu 60.000 Z\u00fcge, 12 Geschmacksoptionen, schnelles Aufladen und ultra-weiches Dampfen.","robots":{"index":"index","follow":"follow","max-snippet":"max-snippet:-1","max-image-preview":"max-image-preview:large","max-video-preview":"max-video-preview:-1"},"canonical":"https:\/\/vapemaison.com\/de\/product\/bang-blaze-60000-puffs-bang-vape\/","og_locale":"de_DE","og_type":"article","og_title":"Bang Blaze 60000 Puffs 4-in-1 Vape | Bang Vape Rechargeable","og_description":"Experience the 60k Bang Vape Disposable Vape \u2014 up to 60,000 puffs, 12 flavor options, fast charging, and ultra-smooth vapor.","og_url":"https:\/\/vapemaison.com\/de\/product\/bang-blaze-60000-puffs-bang-vape\/","og_site_name":"VapeMaison","article_modified_time":"2026-05-05T17:27:01+00:00","og_image":[{"width":2000,"height":2000,"url":"https:\/\/vapemaison.com\/wp-content\/uploads\/2025\/10\/bang-blaze-4in1-60000-flavor-10.jpg","type":"image\/jpeg"}],"twitter_card":"summary_large_image","twitter_misc":{"Gesch\u00e4tzte Lesezeit":"4\u00a0Minuten"},"schema":{"@context":"https:\/\/schema.org","@graph":[{"@type":"WebPage","@id":"https:\/\/vapemaison.com\/product\/bang-blaze-60000-puffs-bang-vape\/","url":"https:\/\/vapemaison.com\/product\/bang-blaze-60000-puffs-bang-vape\/","name":"Bang Blaze 60000 Puffs 4-in-1 Vape | Bang Vape Wiederaufladbar","isPartOf":{"@id":"https:\/\/vapemaison.com\/#website"},"primaryImageOfPage":{"@id":"https:\/\/vapemaison.com\/product\/bang-blaze-60000-puffs-bang-vape\/#primaryimage"},"image":{"@id":"https:\/\/vapemaison.com\/product\/bang-blaze-60000-puffs-bang-vape\/#primaryimage"},"thumbnailUrl":"https:\/\/vapemaison.com\/wp-content\/uploads\/2025\/10\/bang-blaze-4in1-60000-flavor-10.jpg","datePublished":"2025-10-15T07:56:47+00:00","dateModified":"2026-05-05T17:27:01+00:00","description":"Erleben Sie den 60k Bang Vape Disposable Vape - bis zu 60.000 Z\u00fcge, 12 Geschmacksoptionen, schnelles Aufladen und ultra-weiches Dampfen.","breadcrumb":{"@id":"https:\/\/vapemaison.com\/product\/bang-blaze-60000-puffs-bang-vape\/#breadcrumb"},"inLanguage":"de","potentialAction":[{"@type":"ReadAction","target":["https:\/\/vapemaison.com\/product\/bang-blaze-60000-puffs-bang-vape\/"]}]},{"@type":"ImageObject","inLanguage":"de","@id":"https:\/\/vapemaison.com\/product\/bang-blaze-60000-puffs-bang-vape\/#primaryimage","url":"https:\/\/vapemaison.com\/wp-content\/uploads\/2025\/10\/bang-blaze-4in1-60000-flavor-10.jpg","contentUrl":"https:\/\/vapemaison.com\/wp-content\/uploads\/2025\/10\/bang-blaze-4in1-60000-flavor-10.jpg","width":2000,"height":2000,"caption":"Bang Blaze 4in1 60000 Puffs disposable vape, all four flavors displayed-10"},{"@type":"BreadcrumbList","@id":"https:\/\/vapemaison.com\/product\/bang-blaze-60000-puffs-bang-vape\/#breadcrumb","itemListElement":[{"@type":"ListItem","position":1,"name":"\u9996\u9875","item":"https:\/\/vapemaison.com\/"},{"@type":"ListItem","position":2,"name":"Shop","item":"https:\/\/vapemaison.com\/shop\/"},{"@type":"ListItem","position":3,"name":"Bang","item":"https:\/\/vapemaison.com\/brand\/bang\/"},{"@type":"ListItem","position":4,"name":"Bang Vape 60K Puffs Vape | Bang Blaze 60000"}]},{"@type":"WebSite","@id":"https:\/\/vapemaison.com\/#website","url":"https:\/\/vapemaison.com\/","name":"VapeMaison","description":"Premium Vaping-Ger\u00e4te und Zubeh\u00f6r","publisher":{"@id":"https:\/\/vapemaison.com\/#organization"},"potentialAction":[{"@type":"SearchAction","target":{"@type":"EntryPoint","urlTemplate":"https:\/\/vapemaison.com\/?s={search_term_string}"},"query-input":{"@type":"PropertyValueSpecification","valueRequired":true,"valueName":"search_term_string"}}],"inLanguage":"de"},{"@type":"Organization","@id":"https:\/\/vapemaison.com\/#organization","name":"VapeMaison","url":"https:\/\/vapemaison.com\/","logo":{"@type":"ImageObject","inLanguage":"de","@id":"https:\/\/vapemaison.com\/#\/schema\/logo\/image\/","url":"https:\/\/vapemaison.com\/wp-content\/uploads\/2026\/01\/cropped-vapemaison-logo-g-2026.webp","contentUrl":"https:\/\/vapemaison.com\/wp-content\/uploads\/2026\/01\/cropped-vapemaison-logo-g-2026.webp","width":350,"height":280,"caption":"VapeMaison"},"image":{"@id":"https:\/\/vapemaison.com\/#\/schema\/logo\/image\/"},"sameAs":["https:\/\/www.youtube.com\/@VapeMaison"]}]}},"tiered_pricing_type":"fixed","tiered_pricing_fixed_rules":{"30":"11.99","50":"11.39","100":"10.99","200":"10.59"},"tiered_pricing_product_settings":{"layout":"default","base_unit_name":{"singular":null,"plural":null},"default_variation":null},"tiered_pricing_minimum_quantity":10,"tiered_pricing_roles_data":[],"tiered_pricing_percentage_rules":[],"tiered_pricing_maximum_quantity":null,"tiered_pricing_quantity_step":"10","_links":{"self":[{"href":"https:\/\/vapemaison.com\/de\/wp-json\/wp\/v2\/product\/7230","targetHints":{"allow":["GET"]}}],"collection":[{"href":"https:\/\/vapemaison.com\/de\/wp-json\/wp\/v2\/product"}],"about":[{"href":"https:\/\/vapemaison.com\/de\/wp-json\/wp\/v2\/types\/product"}],"replies":[{"embeddable":true,"href":"https:\/\/vapemaison.com\/de\/wp-json\/wp\/v2\/comments?post=7230"}],"version-history":[{"count":2,"href":"https:\/\/vapemaison.com\/de\/wp-json\/wp\/v2\/product\/7230\/revisions"}],"predecessor-version":[{"id":26135,"href":"https:\/\/vapemaison.com\/de\/wp-json\/wp\/v2\/product\/7230\/revisions\/26135"}],"wp:featuredmedia":[{"embeddable":true,"href":"https:\/\/vapemaison.com\/de\/wp-json\/wp\/v2\/media\/8102"}],"wp:attachment":[{"href":"https:\/\/vapemaison.com\/de\/wp-json\/wp\/v2\/media?parent=7230"}],"wp:term":[{"taxonomy":"product_brand","embeddable":true,"href":"https:\/\/vapemaison.com\/de\/wp-json\/wp\/v2\/product_brand?post=7230"},{"taxonomy":"product_cat","embeddable":true,"href":"https:\/\/vapemaison.com\/de\/wp-json\/wp\/v2\/product_cat?post=7230"},{"taxonomy":"product_tag","embeddable":true,"href":"https:\/\/vapemaison.com\/de\/wp-json\/wp\/v2\/product_tag?post=7230"}],"curies":[{"name":"wp","href":"https:\/\/api.w.org\/{rel}","templated":true}]}}