

{"id":7296,"date":"2025-10-16T06:47:28","date_gmt":"2025-10-16T06:47:28","guid":{"rendered":"https:\/\/vapemaison.com\/?post_type=product&#038;p=7296"},"modified":"2026-05-15T06:18:39","modified_gmt":"2026-05-15T06:18:39","slug":"waspe-aiviou-60000-puffs-3in1-wegwerfbares-vape","status":"publish","type":"product","link":"https:\/\/vapemaison.com\/de\/product\/waspe-aiviou-60000-puffs-3in1-disposable-vape\/","title":{"rendered":"WASPE 60k Puffs | Wiederaufladbarer Vape LED Bildschirm"},"content":{"rendered":"<h3 class=\"wp-block-heading\"><strong>WASPE AIVIOU 60k Puffs Einweg-Vape | 3 Geschmacksrichtungen in einem<\/strong><\/h3>\n\n\n\n<p>Die <strong>WASPE<\/strong> AIVIOU 60000 Puffs bringt den ultimativen Komfort zum Dampfen.<br>Jedes Ger\u00e4t enth\u00e4lt drei k\u00f6stliche Geschmacksrichtungen, ein riesiges Fassungsverm\u00f6gen von 54 ml E-Liquid und eine LED-Anzeige, die sowohl den Batterie- als auch den Fl\u00fcssigkeitsstand anzeigt.mit einem wiederaufladbaren Typ-C-Akku und einem Dreifach-Mesh-Spulensystem genie\u00dfen Sie weichen Dampf, reichen Geschmack und lang anhaltende Zufriedenheit.<\/p>\n\n\n\n<h3 class=\"wp-block-heading\"><strong>Wesentliche Merkmale<\/strong><\/h3>\n\n\n\n<ul class=\"wp-block-list\">\n<li><strong>Bis zu 60.000 Puffs:<\/strong> Lange Lebensdauer f\u00fcr Vielnutzer.<\/li>\n\n\n\n<li><strong>3 Geschmacksrichtungen in 1 Ger\u00e4t:<\/strong> Wechseln Sie einfach zwischen den Geschmacksrichtungen, um ein neues Erlebnis zu erhalten.<\/li>\n\n\n\n<li><strong>LED-Bildschirm-Anzeige:<\/strong> \u00dcberwachen Sie den F\u00fcllstand von Akku und E-Liquid in Echtzeit.<\/li>\n\n\n\n<li><strong>Wiederaufladbare Batterie:<\/strong> Schnelles Typ-C-Laden gew\u00e4hrleistet kontinuierliche Nutzung.<\/li>\n\n\n\n<li><strong>Dreifach-Mesh-Spulen:<\/strong> Liefert dichten Dampf und intensiven Geschmack.<\/li>\n\n\n\n<li><strong>Kompakt und leicht:<\/strong> (47 mm \u00d7 47 mm \u00d7 116 mm) f\u00fcr eine einfache Handhabung.<\/li>\n\n\n\n<li><strong>Nikotin-Optionen:<\/strong> 0%, 2%, oder 5%.<\/li>\n<\/ul>\n\n\n\n<h3 class=\"wp-block-heading\"><strong>Verf\u00fcgbare Geschmackskombinationen<\/strong><\/h3>\n\n\n\n<ol class=\"wp-block-list\">\n<li>Wassermelone Eis - Erdbeere Kiwi - Zitrone Limette<\/li>\n\n\n\n<li>Erdbeer-Wassermelone - Erdbeer-Himbeer-Bonbon - Traubeneis<\/li>\n\n\n\n<li>Blaubeereis - Schwarzer Drache Eis - Sprudelkirsche Eis<\/li>\n\n\n\n<li>Erdbeere-Himbeere-Kirsche - Liebe 666 - Kirsch-Bonbon-Eis<\/li>\n\n\n\n<li>Pfirsich-Eis - Ananas-Mango-Pfirsich - Cranberry-Zitrone<\/li>\n\n\n\n<li>Red Bull Ice - Erdbeer Mango - Erdbeer Wassermelone Bubblegum<\/li>\n\n\n\n<li>Gemischte Beeren - Gummib\u00e4rchen - Gemischte Fr\u00fcchte<\/li>\n\n\n\n<li>Dreifach-Melonen-Eis - Regenbogen-Bonbon - Blaubeer-Bonbon<\/li>\n\n\n\n<li>Traubeneis - Erdbeer-Bonbon - Erdbeer-Himbeer-Kirsche<\/li>\n\n\n\n<li>Erdbeer-Banane - Ananas-Kokosnuss-Eis - Mango-Eis<\/li>\n\n\n\n<li>Cherry Cola Ice - Erdbeer Cola - Cola Ice<\/li>\n\n\n\n<li>Heidelbeere-Himbeere - Heidelbeere-Zuckerwatte - Double Apple Ice<\/li>\n<\/ol>\n\n\n\n<p>Entdecken Sie Premium Vaping bei <a href=\"https:\/\/vapemaison.com\/\">VapeMaison<\/a>, Ihr Ziel f\u00fcr Qualit\u00e4t und Innovation. Entdecken Sie unser komplettes Angebot auf der <a href=\"https:\/\/vapemaison.com\/shop\/\">Shop<\/a> Seite, oder besuchen Sie die beliebte <a href=\"https:\/\/vapemaison.com\/brand\/bang\/\">Bang<\/a> und <a href=\"https:\/\/vapemaison.com\/brand\/waspe\/\">WASPE<\/a> Produkte, die bei Vapern \u00fcberall beliebt sind. Suchen Sie nach mehr Optionen? Durchst\u00f6bere alle unsere <a href=\"https:\/\/vapemaison.com\/product-category\/puffs-count\/\">Puffs<\/a> Ger\u00e4te, um den perfekten Vape f\u00fcr Ihren Stil und Geschmack zu finden.<\/p>","protected":false},"excerpt":{"rendered":"<p>Erleben Sie langanhaltendes Dampfen mit dem <strong data-start=\"1068\" data-end=\"1112\">WASPE AIVIOU 60000 Puffs Einweg Vape<\/strong>. Dieses 3-in-1-Ger\u00e4t wurde f\u00fcr europ\u00e4ische Gro\u00dfh\u00e4ndler und Vape-Liebhaber entwickelt und kombiniert Komfort, Vielfalt und Leistung. Genie\u00dfen Sie bis zu 60.000 Z\u00fcge mit einem LED-Bildschirm, 54 ml E-Liquid und einem wiederaufladbaren Typ-C-Akku.<\/p>","protected":false},"featured_media":7985,"comment_status":"open","ping_status":"closed","template":"","meta":[],"product_brand":[59],"product_cat":[137],"product_tag":[],"class_list":{"0":"post-7296","1":"product","2":"type-product","3":"status-publish","4":"has-post-thumbnail","6":"product_brand-waspe","7":"product_cat-60k-puffs","9":"first","10":"instock","11":"sale","12":"featured","13":"shipping-taxable","14":"purchasable","15":"product-type-variable"},"yoast_head":"<!-- This site is optimized with the Yoast SEO plugin v27.4 - https:\/\/yoast.com\/product\/yoast-seo-wordpress\/ -->\n<title>WASPE AIVIOU 60k Puffs | 3 in 1 Flavors Disposable Vape<\/title>\n<meta name=\"description\" content=\"Discover the WASPE AIVIOU 60k Puffs Disposable Vape.featuring 3 flavors in one device. Perfect for wholesalers and vape retailers across Europe.\" \/>\n<meta name=\"robots\" content=\"index, follow, max-snippet:-1, max-image-preview:large, max-video-preview:-1\" \/>\n<link rel=\"canonical\" href=\"https:\/\/vapemaison.com\/de\/product\/waspe-aiviou-60000-puffs-3in1-wegwerfbares-vape\/\" \/>\n<meta property=\"og:locale\" content=\"de_DE\" \/>\n<meta property=\"og:type\" content=\"article\" \/>\n<meta property=\"og:title\" content=\"WASPE AIVIOU 60k Puffs | 3 in 1 Flavors Disposable Vape\" \/>\n<meta property=\"og:description\" content=\"Discover the WASPE AIVIOU 60k Puffs Disposable Vape.featuring 3 flavors in one device. Perfect for wholesalers and vape retailers across Europe.\" \/>\n<meta property=\"og:url\" content=\"https:\/\/vapemaison.com\/de\/product\/waspe-aiviou-60000-puffs-3in1-wegwerfbares-vape\/\" \/>\n<meta property=\"og:site_name\" content=\"VapeMaison\" \/>\n<meta property=\"article:modified_time\" content=\"2026-05-15T06:18:39+00:00\" \/>\n<meta property=\"og:image\" content=\"https:\/\/vapemaison.com\/wp-content\/uploads\/2025\/10\/waspe-3in1-60k-0.jpg\" \/>\n\t<meta property=\"og:image:width\" content=\"1200\" \/>\n\t<meta property=\"og:image:height\" content=\"1200\" \/>\n\t<meta property=\"og:image:type\" content=\"image\/jpeg\" \/>\n<meta name=\"twitter:card\" content=\"summary_large_image\" \/>\n<meta name=\"twitter:label1\" content=\"Gesch\u00e4tzte Lesezeit\" \/>\n\t<meta name=\"twitter:data1\" content=\"2\u00a0Minuten\" \/>\n<!-- \/ Yoast SEO plugin. -->","yoast_head_json":{"title":"WASPE AIVIOU 60k Puffs | 3 in 1 Geschmacksrichtungen Einweg Vape","description":"Entdecken Sie den WASPE AIVIOU 60k Puffs Disposable Vape.mit 3 Geschmacksrichtungen in einem Ger\u00e4t. Perfekt f\u00fcr Gro\u00dfh\u00e4ndler und Vape-Einzelh\u00e4ndler in ganz Europa.","robots":{"index":"index","follow":"follow","max-snippet":"max-snippet:-1","max-image-preview":"max-image-preview:large","max-video-preview":"max-video-preview:-1"},"canonical":"https:\/\/vapemaison.com\/de\/product\/waspe-aiviou-60000-puffs-3in1-wegwerfbares-vape\/","og_locale":"de_DE","og_type":"article","og_title":"WASPE AIVIOU 60k Puffs | 3 in 1 Flavors Disposable Vape","og_description":"Discover the WASPE AIVIOU 60k Puffs Disposable Vape.featuring 3 flavors in one device. Perfect for wholesalers and vape retailers across Europe.","og_url":"https:\/\/vapemaison.com\/de\/product\/waspe-aiviou-60000-puffs-3in1-wegwerfbares-vape\/","og_site_name":"VapeMaison","article_modified_time":"2026-05-15T06:18:39+00:00","og_image":[{"width":1200,"height":1200,"url":"https:\/\/vapemaison.com\/wp-content\/uploads\/2025\/10\/waspe-3in1-60k-0.jpg","type":"image\/jpeg"}],"twitter_card":"summary_large_image","twitter_misc":{"Gesch\u00e4tzte Lesezeit":"2\u00a0Minuten"},"schema":{"@context":"https:\/\/schema.org","@graph":[{"@type":"WebPage","@id":"https:\/\/vapemaison.com\/product\/waspe-aiviou-60000-puffs-3in1-disposable-vape\/","url":"https:\/\/vapemaison.com\/product\/waspe-aiviou-60000-puffs-3in1-disposable-vape\/","name":"WASPE AIVIOU 60k Puffs | 3 in 1 Geschmacksrichtungen Einweg Vape","isPartOf":{"@id":"https:\/\/vapemaison.com\/#website"},"primaryImageOfPage":{"@id":"https:\/\/vapemaison.com\/product\/waspe-aiviou-60000-puffs-3in1-disposable-vape\/#primaryimage"},"image":{"@id":"https:\/\/vapemaison.com\/product\/waspe-aiviou-60000-puffs-3in1-disposable-vape\/#primaryimage"},"thumbnailUrl":"https:\/\/vapemaison.com\/wp-content\/uploads\/2025\/10\/waspe-3in1-60k-0.jpg","datePublished":"2025-10-16T06:47:28+00:00","dateModified":"2026-05-15T06:18:39+00:00","description":"Entdecken Sie den WASPE AIVIOU 60k Puffs Disposable Vape.mit 3 Geschmacksrichtungen in einem Ger\u00e4t. Perfekt f\u00fcr Gro\u00dfh\u00e4ndler und Vape-Einzelh\u00e4ndler in ganz Europa.","breadcrumb":{"@id":"https:\/\/vapemaison.com\/product\/waspe-aiviou-60000-puffs-3in1-disposable-vape\/#breadcrumb"},"inLanguage":"de","potentialAction":[{"@type":"ReadAction","target":["https:\/\/vapemaison.com\/product\/waspe-aiviou-60000-puffs-3in1-disposable-vape\/"]}]},{"@type":"ImageObject","inLanguage":"de","@id":"https:\/\/vapemaison.com\/product\/waspe-aiviou-60000-puffs-3in1-disposable-vape\/#primaryimage","url":"https:\/\/vapemaison.com\/wp-content\/uploads\/2025\/10\/waspe-3in1-60k-0.jpg","contentUrl":"https:\/\/vapemaison.com\/wp-content\/uploads\/2025\/10\/waspe-3in1-60k-0.jpg","width":1200,"height":1200,"caption":"Waspe 3in1 60k Disposable Vape Device detail"},{"@type":"BreadcrumbList","@id":"https:\/\/vapemaison.com\/product\/waspe-aiviou-60000-puffs-3in1-disposable-vape\/#breadcrumb","itemListElement":[{"@type":"ListItem","position":1,"name":"\u9996\u9875","item":"https:\/\/vapemaison.com\/"},{"@type":"ListItem","position":2,"name":"Shop","item":"https:\/\/vapemaison.com\/shop\/"},{"@type":"ListItem","position":3,"name":"Waspe","item":"https:\/\/vapemaison.com\/brand\/waspe\/"},{"@type":"ListItem","position":4,"name":"WASPE 60k Puffs | Rechargeable Vape LED Screen"}]},{"@type":"WebSite","@id":"https:\/\/vapemaison.com\/#website","url":"https:\/\/vapemaison.com\/","name":"VapeMaison","description":"Premium Vaping-Ger\u00e4te und Zubeh\u00f6r","publisher":{"@id":"https:\/\/vapemaison.com\/#organization"},"potentialAction":[{"@type":"SearchAction","target":{"@type":"EntryPoint","urlTemplate":"https:\/\/vapemaison.com\/?s={search_term_string}"},"query-input":{"@type":"PropertyValueSpecification","valueRequired":true,"valueName":"search_term_string"}}],"inLanguage":"de"},{"@type":"Organization","@id":"https:\/\/vapemaison.com\/#organization","name":"VapeMaison","url":"https:\/\/vapemaison.com\/","logo":{"@type":"ImageObject","inLanguage":"de","@id":"https:\/\/vapemaison.com\/#\/schema\/logo\/image\/","url":"https:\/\/vapemaison.com\/wp-content\/uploads\/2026\/01\/cropped-vapemaison-logo-g-2026.webp","contentUrl":"https:\/\/vapemaison.com\/wp-content\/uploads\/2026\/01\/cropped-vapemaison-logo-g-2026.webp","width":350,"height":280,"caption":"VapeMaison"},"image":{"@id":"https:\/\/vapemaison.com\/#\/schema\/logo\/image\/"},"sameAs":["https:\/\/www.youtube.com\/@VapeMaison"]}]}},"tiered_pricing_type":"fixed","tiered_pricing_fixed_rules":{"30":"11.99","50":"10.99","100":"9.98","200":"8.88"},"tiered_pricing_product_settings":{"layout":"default","base_unit_name":{"singular":null,"plural":null},"default_variation":null},"tiered_pricing_minimum_quantity":10,"tiered_pricing_roles_data":[],"tiered_pricing_percentage_rules":[],"tiered_pricing_maximum_quantity":null,"tiered_pricing_quantity_step":"10","_links":{"self":[{"href":"https:\/\/vapemaison.com\/de\/wp-json\/wp\/v2\/product\/7296","targetHints":{"allow":["GET"]}}],"collection":[{"href":"https:\/\/vapemaison.com\/de\/wp-json\/wp\/v2\/product"}],"about":[{"href":"https:\/\/vapemaison.com\/de\/wp-json\/wp\/v2\/types\/product"}],"replies":[{"embeddable":true,"href":"https:\/\/vapemaison.com\/de\/wp-json\/wp\/v2\/comments?post=7296"}],"version-history":[{"count":0,"href":"https:\/\/vapemaison.com\/de\/wp-json\/wp\/v2\/product\/7296\/revisions"}],"wp:featuredmedia":[{"embeddable":true,"href":"https:\/\/vapemaison.com\/de\/wp-json\/wp\/v2\/media\/7985"}],"wp:attachment":[{"href":"https:\/\/vapemaison.com\/de\/wp-json\/wp\/v2\/media?parent=7296"}],"wp:term":[{"taxonomy":"product_brand","embeddable":true,"href":"https:\/\/vapemaison.com\/de\/wp-json\/wp\/v2\/product_brand?post=7296"},{"taxonomy":"product_cat","embeddable":true,"href":"https:\/\/vapemaison.com\/de\/wp-json\/wp\/v2\/product_cat?post=7296"},{"taxonomy":"product_tag","embeddable":true,"href":"https:\/\/vapemaison.com\/de\/wp-json\/wp\/v2\/product_tag?post=7296"}],"curies":[{"name":"wp","href":"https:\/\/api.w.org\/{rel}","templated":true}]}}