

{"id":8066,"date":"2025-10-22T07:07:43","date_gmt":"2025-10-22T07:07:43","guid":{"rendered":"https:\/\/vapemaison.com\/?post_type=product&#038;p=8066"},"modified":"2026-05-13T05:49:54","modified_gmt":"2026-05-13T05:49:54","slug":"bang-king-50000-puffs-wegwerfbares-vape","status":"publish","type":"product","link":"https:\/\/vapemaison.com\/de\/product\/bang-king-50000-puffs-disposable-vape\/","title":{"rendered":"Bang King 50000 Puffs Einweg-Vape"},"content":{"rendered":"<h2 class=\"wp-block-heading\"><strong>Bang King 50000 Disposable Vape - 50.000 Z\u00fcge, zwei Geschmacksrichtungen, Typ-C wiederaufladbar<\/strong><\/h2>\n\n\n\n<p>Der Bang King 50000 bietet eine au\u00dfergew\u00f6hnliche Ausdauer mit bis zu 50.000 Z\u00fcgen, angetrieben von einem 850mAh-Akku und 50mL Premium-E-Liquid. Dieser Einwegdampfer mit zwei Geschmacksrichtungen wurde f\u00fcr Benutzer entwickelt, die einen starken Geschmack, eine lange Lebensdauer und Bequemlichkeit sch\u00e4tzen und bietet ein reibungsloses und konsistentes Dampferlebnis von Anfang bis Ende.<br>Sie ist in den Nikotinst\u00e4rken 0%, 2%, 3% und 5% erh\u00e4ltlich und richtet sich sowohl an nikotinfreie Nutzer als auch an diejenigen, die einen starken Zug suchen.<\/p>\n\n\n\n<h3 class=\"wp-block-heading\"><strong>Wesentliche Merkmale<\/strong><\/h3>\n\n\n\n<ul class=\"wp-block-list\">\n<li><strong>50.000 Puff-Kapazit\u00e4t<\/strong><\/li>\n\n\n\n<li><strong>50mL E-Fl\u00fcssigkeit Kapazit\u00e4t<\/strong><\/li>\n\n\n\n<li><strong>Einstellbare Nikotinst\u00e4rken (0%-5%)<\/strong><\/li>\n\n\n\n<li><strong>850mAh wiederaufladbare Batterie<\/strong><\/li>\n\n\n\n<li><strong>Kompakt und tragbar<\/strong><\/li>\n<\/ul>\n\n\n\n<h3 class=\"wp-block-heading\"><strong>Verf\u00fcgbare Dual-Flavor-Optionen<\/strong><\/h3>\n\n\n\n<p>Wassermelonen-Eis \/ Heidelbeer-Minze<br>Wassermelone\/Blaubeere-Kirsche<br>Heidelbeere Eis \/ Pfirsich Mango Wassermelone<br>Blaubeereis \/ Pfirsicheis<br>Blaubeere-Himbeere\/gemischte Beere<br>Heidelbeer-Himbeer-Trauben-Eis<br>Red Bull\/Erdbeere-Banane<br>Red Bull \/ Blaubeere-Wassermelone<br>Erdbeer-Mango \/ Wassermelone Kaugummi<br>Erdbeer-Mango\/Erdbeer-Kiwi<br>Erdbeer-Wassermelone \/ Black Dragon Ice<br>Erdbeere Wassermelone \/ Kiwi Passionsfrucht Guave<\/p>\n\n\n\n<h3 class=\"wp-block-heading\"><strong>Spezifikationen<\/strong><\/h3>\n\n\n\n<ul class=\"wp-block-list\">\n<li><strong>Marke:<\/strong> K\u00f6nig Bang<\/li>\n\n\n\n<li><strong>Modell:<\/strong> 50000 Puffs Zweigeschmacks-Einmalartikel<\/li>\n\n\n\n<li><strong>Batterie:<\/strong> 850mAh (wiederaufladbar)<\/li>\n\n\n\n<li><strong>E-Fl\u00fcssigkeit:<\/strong> 50mL<\/li>\n\n\n\n<li><strong>Nikotin:<\/strong> 0%, 2%, 3%, 5%<\/li>\n\n\n\n<li><strong>Aufladen:<\/strong> Typ-C<\/li>\n\n\n\n<li><strong>Aktivierung:<\/strong> Zeichnung aktiviert<\/li>\n<\/ul>\n\n\n\n<p>Sind Sie noch auf der Suche nach Alternativen? Weitere Informationen finden Sie in unserem <strong><a href=\"https:\/\/vapemaison.com\/brand\/fumot\/\">Fumot Vape Kollektion<\/a><\/strong>, oder durchsuchen Sie andere <strong><a href=\"https:\/\/vapemaison.com\/product-category\/puffs-count\/50k-puffs\/\">puff 50k vape Ger\u00e4te<\/a><\/strong> und <strong><a href=\"https:\/\/vapemaison.com\/product-category\/puffs-count\/300k-puffs\/\">wiederaufladbare Einwegartikel mit hohem Puff<\/a><\/strong> entwickelt f\u00fcr lang anhaltende Leistung. Wenn Dich s\u00fc\u00dfe Profile wie dieses interessieren, dann schau Dir unsere Vapes mit S\u00fc\u00dfigkeitengeschmack und von Getr\u00e4nken inspirierten Vape-Aromen an, um \u00e4hnlich mutige Geschmackserlebnisse zu erhalten. Wir f\u00fchren auch Top-Ger\u00e4te von <strong><a href=\"https:\/\/vapemaison.com\/brand\/elfbar\/\">Elfen-Bar<\/a><\/strong>, <strong><a href=\"https:\/\/vapemaison.com\/brand\/humo-azul\/\">Humo Azul<\/a><\/strong>, und <strong><a href=\"https:\/\/vapemaison.com\/brand\/airmez\/\">Airmez<\/a><\/strong>, Damit haben Sie die Wahl zwischen mehreren Luftstromtypen, S\u00fc\u00dfegraden und Dampfdichten - so k\u00f6nnen Sie das Setup finden, das Ihren Vorlieben f\u00fcr das ganzt\u00e4gige Dampfen entspricht.<\/p>\n\n\n\n<h3 class=\"wp-block-heading\"><strong>Sicherheitshinweis<\/strong><\/h3>\n\n\n\n<p>F\u00fcr Erwachsene ab 21 Jahren. Von Kindern und Haustieren fernhalten. Enth\u00e4lt Nikotin (au\u00dfer 0%), eine s\u00fcchtig machende Chemikalie.<\/p>\n\n\n\n<p><\/p>","protected":false},"excerpt":{"rendered":"<p>Der Bang King 50000 Puffs Disposable Vape ist ein hochwertiges Vaping-Ger\u00e4t, das f\u00fcr eine lang anhaltende Leistung entwickelt wurde. Mit einem 850mAh-Akku, 50mL E-Liquid-Kapazit\u00e4t und Nikotin-Optionen, die von 0% bis 5% reichen, liefert dieser Verdampfer bis zu 50.000 Z\u00fcge von glattem, geschmackvollem Dampf. Perfekt f\u00fcr Dampfer, die Komfort und Qualit\u00e4t sch\u00e4tzen.<\/p>","protected":false},"featured_media":8111,"comment_status":"open","ping_status":"closed","template":"","meta":[],"product_brand":[57],"product_cat":[136,142],"product_tag":[145],"class_list":{"0":"post-8066","1":"product","2":"type-product","3":"status-publish","4":"has-post-thumbnail","6":"product_brand-bang","7":"product_cat-50k-puffs","8":"product_cat-eu-stock","9":"product_tag-disposable-vape","11":"first","12":"instock","13":"sale","14":"shipping-taxable","15":"purchasable","16":"product-type-variable"},"yoast_head":"<!-- This site is optimized with the Yoast SEO plugin v27.4 - https:\/\/yoast.com\/product\/yoast-seo-wordpress\/ -->\n<title>Bang King 50000 Puffs Disposable Vape Long-Lasting Vape<\/title>\n<meta name=\"description\" content=\"Discover the Bang King 50000 Puffs Disposable Vape featuring 50mL e-liquid, and up to 50,000 puffs. Choose your nicotine level and enjoy vaping anywhere.\" \/>\n<meta name=\"robots\" content=\"index, follow, max-snippet:-1, max-image-preview:large, max-video-preview:-1\" \/>\n<link rel=\"canonical\" href=\"https:\/\/vapemaison.com\/de\/product\/bang-king-50000-puffs-wegwerfbares-vape\/\" \/>\n<meta property=\"og:locale\" content=\"de_DE\" \/>\n<meta property=\"og:type\" content=\"article\" \/>\n<meta property=\"og:title\" content=\"Bang King 50000 Puffs Disposable Vape Long-Lasting Vape\" \/>\n<meta property=\"og:description\" content=\"Discover the Bang King 50000 Puffs Disposable Vape featuring 50mL e-liquid, and up to 50,000 puffs. Choose your nicotine level and enjoy vaping anywhere.\" \/>\n<meta property=\"og:url\" content=\"https:\/\/vapemaison.com\/de\/product\/bang-king-50000-puffs-wegwerfbares-vape\/\" \/>\n<meta property=\"og:site_name\" content=\"VapeMaison\" \/>\n<meta property=\"article:modified_time\" content=\"2026-05-13T05:49:54+00:00\" \/>\n<meta property=\"og:image\" content=\"https:\/\/vapemaison.com\/wp-content\/uploads\/2025\/10\/bang-king-50000-50k-puffs-main-image.jpg.webp\" \/>\n\t<meta property=\"og:image:width\" content=\"1000\" \/>\n\t<meta property=\"og:image:height\" content=\"1000\" \/>\n\t<meta property=\"og:image:type\" content=\"image\/webp\" \/>\n<meta name=\"twitter:card\" content=\"summary_large_image\" \/>\n<meta name=\"twitter:label1\" content=\"Gesch\u00e4tzte Lesezeit\" \/>\n\t<meta name=\"twitter:data1\" content=\"2\u00a0Minuten\" \/>\n<!-- \/ Yoast SEO plugin. -->","yoast_head_json":{"title":"Bang King 50000 Puffs Einweg Vape Langlebige Vape","description":"Entdecken Sie den Bang King 50000 Puffs Disposable Vape mit 50mL E-Liquid und bis zu 50.000 Z\u00fcgen. W\u00e4hlen Sie Ihre Nikotinst\u00e4rke und genie\u00dfen Sie das Dampfen \u00fcberall.","robots":{"index":"index","follow":"follow","max-snippet":"max-snippet:-1","max-image-preview":"max-image-preview:large","max-video-preview":"max-video-preview:-1"},"canonical":"https:\/\/vapemaison.com\/de\/product\/bang-king-50000-puffs-wegwerfbares-vape\/","og_locale":"de_DE","og_type":"article","og_title":"Bang King 50000 Puffs Disposable Vape Long-Lasting Vape","og_description":"Discover the Bang King 50000 Puffs Disposable Vape featuring 50mL e-liquid, and up to 50,000 puffs. Choose your nicotine level and enjoy vaping anywhere.","og_url":"https:\/\/vapemaison.com\/de\/product\/bang-king-50000-puffs-wegwerfbares-vape\/","og_site_name":"VapeMaison","article_modified_time":"2026-05-13T05:49:54+00:00","og_image":[{"width":1000,"height":1000,"url":"https:\/\/vapemaison.com\/wp-content\/uploads\/2025\/10\/bang-king-50000-50k-puffs-main-image.jpg.webp","type":"image\/webp"}],"twitter_card":"summary_large_image","twitter_misc":{"Gesch\u00e4tzte Lesezeit":"2\u00a0Minuten"},"schema":{"@context":"https:\/\/schema.org","@graph":[{"@type":"WebPage","@id":"https:\/\/vapemaison.com\/product\/bang-king-50000-puffs-disposable-vape\/","url":"https:\/\/vapemaison.com\/product\/bang-king-50000-puffs-disposable-vape\/","name":"Bang King 50000 Puffs Einweg Vape Langlebige Vape","isPartOf":{"@id":"https:\/\/vapemaison.com\/#website"},"primaryImageOfPage":{"@id":"https:\/\/vapemaison.com\/product\/bang-king-50000-puffs-disposable-vape\/#primaryimage"},"image":{"@id":"https:\/\/vapemaison.com\/product\/bang-king-50000-puffs-disposable-vape\/#primaryimage"},"thumbnailUrl":"https:\/\/vapemaison.com\/wp-content\/uploads\/2025\/10\/bang-king-50000-50k-puffs-main-image.jpg.webp","datePublished":"2025-10-22T07:07:43+00:00","dateModified":"2026-05-13T05:49:54+00:00","description":"Entdecken Sie den Bang King 50000 Puffs Disposable Vape mit 50mL E-Liquid und bis zu 50.000 Z\u00fcgen. W\u00e4hlen Sie Ihre Nikotinst\u00e4rke und genie\u00dfen Sie das Dampfen \u00fcberall.","breadcrumb":{"@id":"https:\/\/vapemaison.com\/product\/bang-king-50000-puffs-disposable-vape\/#breadcrumb"},"inLanguage":"de","potentialAction":[{"@type":"ReadAction","target":["https:\/\/vapemaison.com\/product\/bang-king-50000-puffs-disposable-vape\/"]}]},{"@type":"ImageObject","inLanguage":"de","@id":"https:\/\/vapemaison.com\/product\/bang-king-50000-puffs-disposable-vape\/#primaryimage","url":"https:\/\/vapemaison.com\/wp-content\/uploads\/2025\/10\/bang-king-50000-50k-puffs-main-image.jpg.webp","contentUrl":"https:\/\/vapemaison.com\/wp-content\/uploads\/2025\/10\/bang-king-50000-50k-puffs-main-image.jpg.webp","width":1000,"height":1000,"caption":"Bang King 50000 Puffs disposable vape, main product image"},{"@type":"BreadcrumbList","@id":"https:\/\/vapemaison.com\/product\/bang-king-50000-puffs-disposable-vape\/#breadcrumb","itemListElement":[{"@type":"ListItem","position":1,"name":"\u9996\u9875","item":"https:\/\/vapemaison.com\/"},{"@type":"ListItem","position":2,"name":"Shop","item":"https:\/\/vapemaison.com\/shop\/"},{"@type":"ListItem","position":3,"name":"Bang","item":"https:\/\/vapemaison.com\/brand\/bang\/"},{"@type":"ListItem","position":4,"name":"Bang King 50000 Puffs Disposable Vape"}]},{"@type":"WebSite","@id":"https:\/\/vapemaison.com\/#website","url":"https:\/\/vapemaison.com\/","name":"VapeMaison","description":"Premium Vaping-Ger\u00e4te und Zubeh\u00f6r","publisher":{"@id":"https:\/\/vapemaison.com\/#organization"},"potentialAction":[{"@type":"SearchAction","target":{"@type":"EntryPoint","urlTemplate":"https:\/\/vapemaison.com\/?s={search_term_string}"},"query-input":{"@type":"PropertyValueSpecification","valueRequired":true,"valueName":"search_term_string"}}],"inLanguage":"de"},{"@type":"Organization","@id":"https:\/\/vapemaison.com\/#organization","name":"VapeMaison","url":"https:\/\/vapemaison.com\/","logo":{"@type":"ImageObject","inLanguage":"de","@id":"https:\/\/vapemaison.com\/#\/schema\/logo\/image\/","url":"https:\/\/vapemaison.com\/wp-content\/uploads\/2026\/01\/cropped-vapemaison-logo-g-2026.webp","contentUrl":"https:\/\/vapemaison.com\/wp-content\/uploads\/2026\/01\/cropped-vapemaison-logo-g-2026.webp","width":350,"height":280,"caption":"VapeMaison"},"image":{"@id":"https:\/\/vapemaison.com\/#\/schema\/logo\/image\/"},"sameAs":["https:\/\/www.youtube.com\/@VapeMaison"]}]}},"tiered_pricing_type":"fixed","tiered_pricing_fixed_rules":{"30":"10.38","50":"9.99","100":"9.59","200":"9.19"},"tiered_pricing_product_settings":{"layout":"default","base_unit_name":{"singular":null,"plural":null},"default_variation":null},"tiered_pricing_minimum_quantity":10,"tiered_pricing_roles_data":[],"tiered_pricing_percentage_rules":[],"tiered_pricing_maximum_quantity":null,"tiered_pricing_quantity_step":"10","_links":{"self":[{"href":"https:\/\/vapemaison.com\/de\/wp-json\/wp\/v2\/product\/8066","targetHints":{"allow":["GET"]}}],"collection":[{"href":"https:\/\/vapemaison.com\/de\/wp-json\/wp\/v2\/product"}],"about":[{"href":"https:\/\/vapemaison.com\/de\/wp-json\/wp\/v2\/types\/product"}],"replies":[{"embeddable":true,"href":"https:\/\/vapemaison.com\/de\/wp-json\/wp\/v2\/comments?post=8066"}],"version-history":[{"count":1,"href":"https:\/\/vapemaison.com\/de\/wp-json\/wp\/v2\/product\/8066\/revisions"}],"predecessor-version":[{"id":26478,"href":"https:\/\/vapemaison.com\/de\/wp-json\/wp\/v2\/product\/8066\/revisions\/26478"}],"wp:featuredmedia":[{"embeddable":true,"href":"https:\/\/vapemaison.com\/de\/wp-json\/wp\/v2\/media\/8111"}],"wp:attachment":[{"href":"https:\/\/vapemaison.com\/de\/wp-json\/wp\/v2\/media?parent=8066"}],"wp:term":[{"taxonomy":"product_brand","embeddable":true,"href":"https:\/\/vapemaison.com\/de\/wp-json\/wp\/v2\/product_brand?post=8066"},{"taxonomy":"product_cat","embeddable":true,"href":"https:\/\/vapemaison.com\/de\/wp-json\/wp\/v2\/product_cat?post=8066"},{"taxonomy":"product_tag","embeddable":true,"href":"https:\/\/vapemaison.com\/de\/wp-json\/wp\/v2\/product_tag?post=8066"}],"curies":[{"name":"wp","href":"https:\/\/api.w.org\/{rel}","templated":true}]}}