

{"id":8072,"date":"2025-10-22T07:09:14","date_gmt":"2025-10-22T07:09:14","guid":{"rendered":"https:\/\/vapemaison.com\/?post_type=product&#038;p=8072"},"modified":"2026-04-24T08:20:51","modified_gmt":"2026-04-24T08:20:51","slug":"bang-leader-80000-puffs-einweggerat","status":"publish","type":"product","link":"https:\/\/vapemaison.com\/de\/product\/bang-leader-80000-puffs-disposable-device\/","title":{"rendered":"Bang Leader 80000 Puffs Dreifach-Geschmack Einweg-Vape"},"content":{"rendered":"<p>Bang Leader 80k Puffs Disposable Vape wurde entwickelt, um erweiterte Leistung, Geschmacksflexibilit\u00e4t und konsistente Dampfqualit\u00e4t in einem einzigen Ger\u00e4t zu liefern. Mit einer hohen Kapazit\u00e4t von 78ml vorgef\u00fclltem E-Liquid-System und bis zu 80.000 Z\u00fcgen, reduziert es die Notwendigkeit f\u00fcr h\u00e4ufiges Auswechseln, so dass es f\u00fcr den langfristigen Gebrauch geeignet ist.<\/p>\n\n\n\n<p>Das integrierte 3-in-1-Aromasystem erm\u00f6glicht es dem Nutzer, zwischen drei verschiedenen Geschmacksrichtungen zu wechseln oder sie f\u00fcr ein individuelles Erlebnis zu kombinieren. Unterst\u00fctzt von einer dualen Mesh-Spulenstruktur und einem wiederaufladbaren 850mAh-Akku mit Typ-C-Schnellladung, gew\u00e4hrleistet das Ger\u00e4t eine stabile Leistung, eine sanfte Inhalation und ein effizientes Energiemanagement w\u00e4hrend seiner gesamten Lebensdauer.<\/p>\n\n\n\n<p>Der Bang Leader 80k Puffs wurde entwickelt, um Kapazit\u00e4t, Funktionalit\u00e4t und Benutzerfreundlichkeit in Einklang zu bringen. Sein Dreifach-Aroma-System bietet Flexibilit\u00e4t ohne Kompromisse bei der Geschmacksintegrit\u00e4t, w\u00e4hrend das unabh\u00e4ngige E-Liquid-Design einen gleichbleibenden Geschmack in allen Modi gew\u00e4hrleistet. Die Dual-Mesh-Spule verbessert die Dampfdichte und die Geschmacksabgabe und sorgt f\u00fcr einen gleichm\u00e4\u00dfigen und zuverl\u00e4ssigen Zug.<\/p>\n\n\n\n<h2 class=\"wp-block-heading\"><strong>Spezifikationen<\/strong><\/h2>\n\n\n\n<figure class=\"wp-block-table\"><table class=\"has-fixed-layout\"><thead><tr><th>Spezifikation<\/th><th>Einzelheiten<\/th><\/tr><\/thead><tbody><tr><td>Anzahl der Puffs<\/td><td>Bis zu 80.000 Z\u00fcge<\/td><\/tr><tr><td>E-Fl\u00fcssigkeit Kapazit\u00e4t<\/td><td>78ml Vorgef\u00fcllt<\/td><\/tr><tr><td>Geschmackssystem<\/td><td>3-in-1 umschaltbare Geschmacksrichtungen<\/td><\/tr><tr><td>Batterie<\/td><td>850mAh Wiederaufladbar<\/td><\/tr><tr><td>Spule<\/td><td>Dual Mesh Spule (1.0\u03a9)<\/td><\/tr><tr><td>Aufladen<\/td><td>USB Typ-C<\/td><\/tr><tr><td>Nikotinst\u00e4rke<\/td><td>0%, 2%, 3%, 5%<\/td><\/tr><tr><td>Operation<\/td><td>Zeichnungsaktiviert<\/td><\/tr><\/tbody><\/table><\/figure>\n\n\n\n<h2 class=\"wp-block-heading\"><strong>Geschmackskombinationen<\/strong><\/h2>\n\n\n\n<p>Erh\u00e4ltlich in 12 Dreifach-Geschmackskombinationen, die fruchtige, mentholhaltige und gemischte Profile abdecken:<\/p>\n\n\n\n<ul class=\"wp-block-list\">\n<li>Wassermeloneneis \/ Erdbeere \/ Mango \/ Banane<\/li>\n\n\n\n<li>Cola-Eis \/ Heidelbeere-Himbeere \/ Pfirsich-Mango-Wassermelone<\/li>\n\n\n\n<li>Blaubeereis \/ Erdbeer-Banane \/ gemischte Beeren<\/li>\n\n\n\n<li>Erdbeer-Kiwi \/ Pfirsich-Eis \/ Kirsche-Cola<\/li>\n\n\n\n<li>Kiwi Passion \/ Lychee-Eis \/ Mango Pfirsich<\/li>\n\n\n\n<li>Red Bull \/ Apfel-Birne \/ Heidelbeere-Wassermelone<\/li>\n\n\n\n<li>Und weitere Kombinationen verf\u00fcgbar<\/li>\n<\/ul>\n\n\n\n<h2 class=\"wp-block-heading\"><strong>Warum Bang Leader 80000 w\u00e4hlen?<\/strong><\/h2>\n\n\n\n<p>Bang Leader 80k Puffs ist f\u00fcr Benutzer, die lang anhaltende Leistung und Geschmack Vielseitigkeit zu priorisieren gebaut. Seine gro\u00dfe e-Fl\u00fcssigkeitskapazit\u00e4t und die hohe Puffanzahl reduzieren die Austauschh\u00e4ufigkeit, w\u00e4hrend das 3-in-1-Aromasystem Flexibilit\u00e4t in einem einzigen Ger\u00e4t bietet. Die Dual-Mesh-Spule sorgt f\u00fcr eine gleichbleibende Dampfqualit\u00e4t, und der Akku unterst\u00fctzt einen stabilen Betrieb bei l\u00e4ngerem Gebrauch.<\/p>\n\n\n\n<p>Diese Kombination aus Kapazit\u00e4t, Funktionalit\u00e4t und Kontrolle macht ihn zu einer praktischen L\u00f6sung f\u00fcr Benutzer, die einen zuverl\u00e4ssigen und anpassungsf\u00e4higen Einwegdampfer suchen.<\/p>\n\n\n\n<h2 class=\"wp-block-heading\"><strong>Das Paket enth\u00e4lt<\/strong><\/h2>\n\n\n\n<ul class=\"wp-block-list\">\n<li>1 \u00d7 Bang Leader 80000 Puffs Einweg-Vape<\/li>\n<\/ul>\n\n\n\n<h2 class=\"wp-block-heading\"><strong>Interne Links<\/strong><\/h2>\n\n\n\n<p>Erkunden Sie weitere Optionen und vergleichen Sie Ger\u00e4te:<\/p>\n\n\n\n<ul class=\"wp-block-list\">\n<li>Shop <a href=\"https:\/\/vapemaison.com\/brand\/bang\/\">Bang Vape Kollektion<\/a><\/li>\n\n\n\n<li>Einweg-Vape-Kategorie durchsuchen<\/li>\n\n\n\n<li>Siehe <a href=\"https:\/\/vapemaison.com\/product-category\/hot-series\/\">Meistverkaufte Einweg-Vapes<\/a><\/li>\n<\/ul>\n\n\n\n<h2 class=\"wp-block-heading\"><strong>Warnung<\/strong><\/h2>\n\n\n\n<p>Dieses Produkt enth\u00e4lt Nikotin. Nikotin ist eine s\u00fcchtig machende Substanz. Nur f\u00fcr Erwachsene ab 18 Jahren.<\/p>\n\n\n\n<p><\/p>","protected":false},"excerpt":{"rendered":"<p>Der Bang Leader 80k Puffs Disposable Vape liefert Leistung auf h\u00f6chstem Niveau mit dreifacher Geschmacksauswahl, 78ML E-Liquid und einem 850mAh-Akku. Seine Dual-Mesh-Spule sorgt f\u00fcr reichhaltigen, sanften Dampf, w\u00e4hrend das Type-C-Schnellladeger\u00e4t daf\u00fcr sorgt, dass Sie l\u00e4nger mit Strom versorgt werden. W\u00e4hlen Sie zwischen 0%, 2%, 3% oder 5% Nikotin und genie\u00dfen Sie bis zu 80.000 Z\u00fcge purer Zufriedenheit.<\/p>","protected":false},"featured_media":8542,"comment_status":"open","ping_status":"closed","template":"","meta":[],"product_brand":[57],"product_cat":[149,142],"product_tag":[],"class_list":{"0":"post-8072","1":"product","2":"type-product","3":"status-publish","4":"has-post-thumbnail","6":"product_brand-bang","7":"product_cat-80k-puffs","8":"product_cat-eu-stock","10":"first","11":"instock","12":"sale","13":"shipping-taxable","14":"purchasable","15":"product-type-variable"},"yoast_head":"<!-- This site is optimized with the Yoast SEO plugin v27.4 - https:\/\/yoast.com\/product\/yoast-seo-wordpress\/ -->\n<title>Bang Leader 80000 Puffs Disposable Device | Triple-Flavor Pod<\/title>\n<meta name=\"description\" content=\"Discover the Bang Leader 80000 Puffs Disposable Device. Enjoy massive capacity, fast charging, and smooth, flavorful performance in one device.\" \/>\n<meta name=\"robots\" content=\"index, follow, max-snippet:-1, max-image-preview:large, max-video-preview:-1\" \/>\n<link rel=\"canonical\" href=\"https:\/\/vapemaison.com\/de\/product\/bang-leader-80000-puffs-einweggerat\/\" \/>\n<meta property=\"og:locale\" content=\"de_DE\" \/>\n<meta property=\"og:type\" content=\"article\" \/>\n<meta property=\"og:title\" content=\"Bang Leader 80000 Puffs Disposable Device | Triple-Flavor Pod\" \/>\n<meta property=\"og:description\" content=\"Discover the Bang Leader 80000 Puffs Disposable Device. Enjoy massive capacity, fast charging, and smooth, flavorful performance in one device.\" \/>\n<meta property=\"og:url\" content=\"https:\/\/vapemaison.com\/de\/product\/bang-leader-80000-puffs-einweggerat\/\" \/>\n<meta property=\"og:site_name\" content=\"VapeMaison\" \/>\n<meta property=\"article:modified_time\" content=\"2026-04-24T08:20:51+00:00\" \/>\n<meta property=\"og:image\" content=\"https:\/\/vapemaison.com\/wp-content\/uploads\/2025\/10\/bang-leader-80000-3in1-flavor-main-picture.png\" \/>\n\t<meta property=\"og:image:width\" content=\"800\" \/>\n\t<meta property=\"og:image:height\" content=\"800\" \/>\n\t<meta property=\"og:image:type\" content=\"image\/png\" \/>\n<meta name=\"twitter:card\" content=\"summary_large_image\" \/>\n<meta name=\"twitter:label1\" content=\"Gesch\u00e4tzte Lesezeit\" \/>\n\t<meta name=\"twitter:data1\" content=\"2\u00a0Minuten\" \/>\n<!-- \/ Yoast SEO plugin. -->","yoast_head_json":{"title":"Bang Leader 80000 Puffs Einwegger\u00e4t | Triple-Flavor Pod","description":"Entdecken Sie das Bang Leader 80000 Puffs Einwegger\u00e4t. Genie\u00dfen Sie gro\u00dfe Kapazit\u00e4t, schnelles Aufladen und sanfte, geschmackvolle Leistung in einem Ger\u00e4t.","robots":{"index":"index","follow":"follow","max-snippet":"max-snippet:-1","max-image-preview":"max-image-preview:large","max-video-preview":"max-video-preview:-1"},"canonical":"https:\/\/vapemaison.com\/de\/product\/bang-leader-80000-puffs-einweggerat\/","og_locale":"de_DE","og_type":"article","og_title":"Bang Leader 80000 Puffs Disposable Device | Triple-Flavor Pod","og_description":"Discover the Bang Leader 80000 Puffs Disposable Device. Enjoy massive capacity, fast charging, and smooth, flavorful performance in one device.","og_url":"https:\/\/vapemaison.com\/de\/product\/bang-leader-80000-puffs-einweggerat\/","og_site_name":"VapeMaison","article_modified_time":"2026-04-24T08:20:51+00:00","og_image":[{"width":800,"height":800,"url":"https:\/\/vapemaison.com\/wp-content\/uploads\/2025\/10\/bang-leader-80000-3in1-flavor-main-picture.png","type":"image\/png"}],"twitter_card":"summary_large_image","twitter_misc":{"Gesch\u00e4tzte Lesezeit":"2\u00a0Minuten"},"schema":{"@context":"https:\/\/schema.org","@graph":[{"@type":"WebPage","@id":"https:\/\/vapemaison.com\/product\/bang-leader-80000-puffs-disposable-device\/","url":"https:\/\/vapemaison.com\/product\/bang-leader-80000-puffs-disposable-device\/","name":"Bang Leader 80000 Puffs Einwegger\u00e4t | Triple-Flavor Pod","isPartOf":{"@id":"https:\/\/vapemaison.com\/#website"},"primaryImageOfPage":{"@id":"https:\/\/vapemaison.com\/product\/bang-leader-80000-puffs-disposable-device\/#primaryimage"},"image":{"@id":"https:\/\/vapemaison.com\/product\/bang-leader-80000-puffs-disposable-device\/#primaryimage"},"thumbnailUrl":"https:\/\/vapemaison.com\/wp-content\/uploads\/2025\/10\/bang-leader-80000-3in1-flavor-main-picture.png","datePublished":"2025-10-22T07:09:14+00:00","dateModified":"2026-04-24T08:20:51+00:00","description":"Entdecken Sie das Bang Leader 80000 Puffs Einwegger\u00e4t. Genie\u00dfen Sie gro\u00dfe Kapazit\u00e4t, schnelles Aufladen und sanfte, geschmackvolle Leistung in einem Ger\u00e4t.","breadcrumb":{"@id":"https:\/\/vapemaison.com\/product\/bang-leader-80000-puffs-disposable-device\/#breadcrumb"},"inLanguage":"de","potentialAction":[{"@type":"ReadAction","target":["https:\/\/vapemaison.com\/product\/bang-leader-80000-puffs-disposable-device\/"]}]},{"@type":"ImageObject","inLanguage":"de","@id":"https:\/\/vapemaison.com\/product\/bang-leader-80000-puffs-disposable-device\/#primaryimage","url":"https:\/\/vapemaison.com\/wp-content\/uploads\/2025\/10\/bang-leader-80000-3in1-flavor-main-picture.png","contentUrl":"https:\/\/vapemaison.com\/wp-content\/uploads\/2025\/10\/bang-leader-80000-3in1-flavor-main-picture.png","width":800,"height":800,"caption":"Bang Leader 3in1 Flavor Main Picture Disposable Vape Device"},{"@type":"BreadcrumbList","@id":"https:\/\/vapemaison.com\/product\/bang-leader-80000-puffs-disposable-device\/#breadcrumb","itemListElement":[{"@type":"ListItem","position":1,"name":"\u9996\u9875","item":"https:\/\/vapemaison.com\/"},{"@type":"ListItem","position":2,"name":"Shop","item":"https:\/\/vapemaison.com\/shop\/"},{"@type":"ListItem","position":3,"name":"Bang","item":"https:\/\/vapemaison.com\/brand\/bang\/"},{"@type":"ListItem","position":4,"name":"Bang Leader 80000 Puffs Triple-Flavor Disposable Vape"}]},{"@type":"WebSite","@id":"https:\/\/vapemaison.com\/#website","url":"https:\/\/vapemaison.com\/","name":"VapeMaison","description":"Premium Vaping-Ger\u00e4te und Zubeh\u00f6r","publisher":{"@id":"https:\/\/vapemaison.com\/#organization"},"potentialAction":[{"@type":"SearchAction","target":{"@type":"EntryPoint","urlTemplate":"https:\/\/vapemaison.com\/?s={search_term_string}"},"query-input":{"@type":"PropertyValueSpecification","valueRequired":true,"valueName":"search_term_string"}}],"inLanguage":"de"},{"@type":"Organization","@id":"https:\/\/vapemaison.com\/#organization","name":"VapeMaison","url":"https:\/\/vapemaison.com\/","logo":{"@type":"ImageObject","inLanguage":"de","@id":"https:\/\/vapemaison.com\/#\/schema\/logo\/image\/","url":"https:\/\/vapemaison.com\/wp-content\/uploads\/2026\/01\/cropped-vapemaison-logo-g-2026.webp","contentUrl":"https:\/\/vapemaison.com\/wp-content\/uploads\/2026\/01\/cropped-vapemaison-logo-g-2026.webp","width":350,"height":280,"caption":"VapeMaison"},"image":{"@id":"https:\/\/vapemaison.com\/#\/schema\/logo\/image\/"},"sameAs":["https:\/\/www.youtube.com\/@VapeMaison"]}]}},"tiered_pricing_type":"fixed","tiered_pricing_fixed_rules":{"30":"10.68","50":"10.36","100":"9.99","200":"9.58"},"tiered_pricing_product_settings":{"layout":"default","base_unit_name":{"singular":null,"plural":null},"default_variation":null},"tiered_pricing_minimum_quantity":10,"tiered_pricing_roles_data":[],"tiered_pricing_percentage_rules":[],"tiered_pricing_maximum_quantity":null,"tiered_pricing_quantity_step":"10","_links":{"self":[{"href":"https:\/\/vapemaison.com\/de\/wp-json\/wp\/v2\/product\/8072","targetHints":{"allow":["GET"]}}],"collection":[{"href":"https:\/\/vapemaison.com\/de\/wp-json\/wp\/v2\/product"}],"about":[{"href":"https:\/\/vapemaison.com\/de\/wp-json\/wp\/v2\/types\/product"}],"replies":[{"embeddable":true,"href":"https:\/\/vapemaison.com\/de\/wp-json\/wp\/v2\/comments?post=8072"}],"version-history":[{"count":2,"href":"https:\/\/vapemaison.com\/de\/wp-json\/wp\/v2\/product\/8072\/revisions"}],"predecessor-version":[{"id":28419,"href":"https:\/\/vapemaison.com\/de\/wp-json\/wp\/v2\/product\/8072\/revisions\/28419"}],"wp:featuredmedia":[{"embeddable":true,"href":"https:\/\/vapemaison.com\/de\/wp-json\/wp\/v2\/media\/8542"}],"wp:attachment":[{"href":"https:\/\/vapemaison.com\/de\/wp-json\/wp\/v2\/media?parent=8072"}],"wp:term":[{"taxonomy":"product_brand","embeddable":true,"href":"https:\/\/vapemaison.com\/de\/wp-json\/wp\/v2\/product_brand?post=8072"},{"taxonomy":"product_cat","embeddable":true,"href":"https:\/\/vapemaison.com\/de\/wp-json\/wp\/v2\/product_cat?post=8072"},{"taxonomy":"product_tag","embeddable":true,"href":"https:\/\/vapemaison.com\/de\/wp-json\/wp\/v2\/product_tag?post=8072"}],"curies":[{"name":"wp","href":"https:\/\/api.w.org\/{rel}","templated":true}]}}