

{"id":8078,"date":"2025-10-22T07:10:33","date_gmt":"2025-10-22T07:10:33","guid":{"rendered":"https:\/\/vapemaison.com\/?post_type=product&#038;p=8078"},"modified":"2026-05-06T12:50:01","modified_gmt":"2026-05-06T12:50:01","slug":"waspe-fihp-40000","status":"publish","type":"product","link":"https:\/\/vapemaison.com\/de\/product\/waspe-fihp-40000\/","title":{"rendered":"Waspe FIHP 40000 Puffs Einweg Vape Gro\u00dfhandel"},"content":{"rendered":"<p>Die <strong>WASPE FIHP 40000 Puffs Einweg Vape<\/strong> wurde f\u00fcr Dampfer entwickelt, die lang anhaltende Leistung, Komfort und Innovation in einem einzigen Ger\u00e4t suchen. Mit bis zu <strong>40.000 Z\u00fcge<\/strong>, Dual-Flavor-Pods und ein intelligentes LED-Display, definiert dieser Vape das tragbare Dampfen neu.<\/p>\n\n\n\n<p>Umschalten zwischen <strong>zwei Geschmacksrichtungen in einem Ger\u00e4t<\/strong> m\u00fchelos - drehen Sie einfach die D\u00fcse, um sanften, geschmackvollen Dampf aus jedem Pod zu genie\u00dfen. Angetrieben von <strong>Doppelte 0,9-\u03a9-Mesh-Spulen<\/strong>, Die FIHP 40000 liefert bei jedem Zug dichte Wolken und einen gleichbleibenden Geschmack, so dass ein befriedigendes Erlebnis von Anfang bis Ende gew\u00e4hrleistet ist.<\/p>\n\n\n\n<p>Verpackt mit <strong>36mL erstklassige e-Fl\u00fcssigkeit<\/strong> und ein <strong>850mAh wiederaufladbare Batterie<\/strong>, Der WASPE FIHP 40000 unterst\u00fctzt l\u00e4ngere Sitzungen ohne Unterbrechung. Die <strong>Typ-C-Schnellladung<\/strong> h\u00e4lt Sie mit Strom versorgt, w\u00e4hrend die <strong>LED-Bildschirm<\/strong> zeigt den Batterie- und Fl\u00fcssigkeitsstand in Echtzeit an und gibt Ihnen m\u00fchelose Kontrolle.<\/p>\n\n\n\n<p>Verf\u00fcgbar in <strong>0%, 2% und 5% Nikotinst\u00e4rke<\/strong> und <strong>16 verschiedene Geschmackskombinationen<\/strong>, Mit dem WASPE FIHP 40000 k\u00f6nnen Sie Ihr Dampferlebnis individuell gestalten - von fruchtig und weich bis eisig und erfrischend. Kompakt, schlank und bereit f\u00fcr jeden Lebensstil ist der WASPE FIHP 40000 perfekt f\u00fcr Anf\u00e4nger und erfahrene Verdampfer.<\/p>\n\n\n\n<h3 class=\"wp-block-heading\">Schnelle Merkmale<\/h3>\n\n\n\n<ul class=\"wp-block-list\">\n<li><strong>Zwei H\u00fclsen, zwei Geschmacksrichtungen<\/strong> - Sofortiger Wechsel zwischen zwei vorinstallierten Geschmacksrichtungen.<\/li>\n\n\n\n<li><strong>Bis zu 40.000 Puffs<\/strong> - Langlebige Leistung f\u00fcr den Dauereinsatz.<\/li>\n\n\n\n<li><strong>36mL E-Liquid Kapazit\u00e4t<\/strong> - Reichlich Saft f\u00fcr ununterbrochenes Dampfen.<\/li>\n\n\n\n<li><strong>Dual 0.9\u03a9 Mesh Spulen<\/strong> - Weiches, reiches Aroma und dichter Dampf.<\/li>\n\n\n\n<li><strong>850mAh wiederaufladbare Batterie<\/strong> - Lang anhaltende Leistung durch schnelles Typ-C-Laden.<\/li>\n\n\n\n<li><strong>Intelligente LED-Anzeige<\/strong> - Zeigt die Akkulaufzeit und den F\u00fcllstand des E-Liquids an.<\/li>\n\n\n\n<li><strong>Nikotin-Optionen<\/strong> - 0%, 2% oder 5% f\u00fcr jede Vorliebe.<\/li>\n\n\n\n<li><strong>16 Geschmackskombinationen<\/strong> - Von fruchtig bis eisig, f\u00fcr alle Geschm\u00e4cker gemacht.<\/li>\n\n\n\n<li><strong>Kompakt und tragbar<\/strong> - Ideal f\u00fcr den t\u00e4glichen Gebrauch, auf Reisen oder im Einzelhandel.<\/li>\n<\/ul>\n\n\n\n<h3 class=\"wp-block-heading\">Verf\u00fcgbare Geschmacksrichtungen<\/h3>\n\n\n\n<ul class=\"wp-block-list\">\n<li>Wassermeloneneis &amp; Zitrone-Limette<\/li>\n\n\n\n<li>Sprudel-Kirsch-Eis &amp; Blaubeer-Zuckerwatte<\/li>\n\n\n\n<li>Erdbeere Wassermelone &amp; Heidelbeere Himbeere<\/li>\n\n\n\n<li>Red Bull Ice &amp; Erdbeer-Mango<\/li>\n\n\n\n<li>Pfirsich Eis &amp; Ananas Mango Pfirsich<\/li>\n\n\n\n<li>Traubeneis &amp; Erdbeer-Kiwi<\/li>\n\n\n\n<li>Erdbeere, Wassermelone, Kaugummi und gemischte Fr\u00fcchte<\/li>\n\n\n\n<li>Dreifaches Meloneneis &amp; Himbeer-Wassermelone<\/li>\n<\/ul>\n\n\n\n<h3 class=\"wp-block-heading\">Verpackung und Versand<\/h3>\n\n\n\n<ul class=\"wp-block-list\">\n<li>Produktgewicht: 120g pro Ger\u00e4t<\/li>\n\n\n\n<li>Gr\u00f6\u00dfe: 61 \u00d7 31 \u00d7 115 mm<\/li>\n\n\n\n<li>1PC pro Einzelkarton \/ 10PCS pro Displaykarton<\/li>\n\n\n\n<li>160PCS pro Karton<\/li>\n\n\n\n<li>Bruttogewicht: 20kg<\/li>\n<\/ul>\n\n\n\n<p>Entdecken Sie Premium Vaping bei <a href=\"https:\/\/vapemaison.com\/\">VapeMaison<\/a>, Ihr Ziel f\u00fcr Qualit\u00e4t und Innovation. Entdecken Sie unser komplettes Angebot auf der <a href=\"https:\/\/vapemaison.com\/shop\/\">Shop<\/a> Seite, oder besuchen Sie die beliebte <a href=\"https:\/\/vapemaison.com\/brand\/bang\/\">Bang<\/a> und <a href=\"https:\/\/vapemaison.com\/brand\/waspe\/\">WASPE<\/a> Produkte, die bei Vapern \u00fcberall beliebt sind. Suchen Sie nach mehr Optionen? Durchst\u00f6bere alle unsere <a href=\"https:\/\/vapemaison.com\/product-category\/puffs-count\/\">Puffs<\/a> Ger\u00e4te, um den perfekten Vape f\u00fcr Ihren Stil und Geschmack zu finden.<\/p>","protected":false},"excerpt":{"rendered":"<p>Der WASPE FIHP 40000 Puffs Vape kombiniert zwei Aromen, zwei Mesh-Coils und ein intelligentes LED-Display f\u00fcr ein Vaping-Erlebnis der Extraklasse. 36 ml E-Liquid, ein 850-mAh-Akku Typ-C und bis zu 40.000 Puffs sorgen f\u00fcr einen sanften, reichhaltigen Geschmack - jederzeit und \u00fcberall.<\/p>","protected":false},"featured_media":8216,"comment_status":"open","ping_status":"closed","template":"","meta":[],"product_brand":[59],"product_cat":[135,142],"product_tag":[],"class_list":{"0":"post-8078","1":"product","2":"type-product","3":"status-publish","4":"has-post-thumbnail","6":"product_brand-waspe","7":"product_cat-40k-puffs","8":"product_cat-eu-stock","10":"first","11":"instock","12":"sale","13":"shipping-taxable","14":"purchasable","15":"product-type-variable"},"yoast_head":"<!-- This site is optimized with the Yoast SEO plugin v27.4 - https:\/\/yoast.com\/product\/yoast-seo-wordpress\/ -->\n<title>WASPE FIHP 40000 Puffs Disposable Vape Dual-Flavor<\/title>\n<meta name=\"description\" content=\"Experience the WASPE FIHP 40000 Puffs Disposable Vape featuring dual flavors, LED display, and Type-C. Enjoy long-lasting performance\" \/>\n<meta name=\"robots\" content=\"index, follow, max-snippet:-1, max-image-preview:large, max-video-preview:-1\" \/>\n<link rel=\"canonical\" href=\"https:\/\/vapemaison.com\/de\/product\/waspe-fihp-40000\/\" \/>\n<meta property=\"og:locale\" content=\"de_DE\" \/>\n<meta property=\"og:type\" content=\"article\" \/>\n<meta property=\"og:title\" content=\"WASPE FIHP 40000 Puffs Disposable Vape Dual-Flavor\" \/>\n<meta property=\"og:description\" content=\"Experience the WASPE FIHP 40000 Puffs Disposable Vape featuring dual flavors, LED display, and Type-C. Enjoy long-lasting performance\" \/>\n<meta property=\"og:url\" content=\"https:\/\/vapemaison.com\/de\/product\/waspe-fihp-40000\/\" \/>\n<meta property=\"og:site_name\" content=\"VapeMaison\" \/>\n<meta property=\"article:modified_time\" content=\"2026-05-06T12:50:01+00:00\" \/>\n<meta property=\"og:image\" content=\"https:\/\/vapemaison.com\/wp-content\/uploads\/2025\/10\/Waspe-FIHP-40000-Puffs-40K-Disposable-Vape-Wholesale-Blue-Razz-Lemonade-Watermelon-Bubblegum.png\" \/>\n\t<meta property=\"og:image:width\" content=\"800\" \/>\n\t<meta property=\"og:image:height\" content=\"800\" \/>\n\t<meta property=\"og:image:type\" content=\"image\/png\" \/>\n<meta name=\"twitter:card\" content=\"summary_large_image\" \/>\n<meta name=\"twitter:label1\" content=\"Gesch\u00e4tzte Lesezeit\" \/>\n\t<meta name=\"twitter:data1\" content=\"2\u00a0Minuten\" \/>\n<!-- \/ Yoast SEO plugin. -->","yoast_head_json":{"title":"WASPE FIHP 40000 Puffs Einweg Vape Dual-Flavor","description":"Erleben Sie den WASPE FIHP 40000 Puffs Disposable Vape mit zwei Geschmacksrichtungen, LED-Anzeige und Type-C. Genie\u00dfen Sie lang anhaltende Leistung","robots":{"index":"index","follow":"follow","max-snippet":"max-snippet:-1","max-image-preview":"max-image-preview:large","max-video-preview":"max-video-preview:-1"},"canonical":"https:\/\/vapemaison.com\/de\/product\/waspe-fihp-40000\/","og_locale":"de_DE","og_type":"article","og_title":"WASPE FIHP 40000 Puffs Disposable Vape Dual-Flavor","og_description":"Experience the WASPE FIHP 40000 Puffs Disposable Vape featuring dual flavors, LED display, and Type-C. Enjoy long-lasting performance","og_url":"https:\/\/vapemaison.com\/de\/product\/waspe-fihp-40000\/","og_site_name":"VapeMaison","article_modified_time":"2026-05-06T12:50:01+00:00","og_image":[{"width":800,"height":800,"url":"https:\/\/vapemaison.com\/wp-content\/uploads\/2025\/10\/Waspe-FIHP-40000-Puffs-40K-Disposable-Vape-Wholesale-Blue-Razz-Lemonade-Watermelon-Bubblegum.png","type":"image\/png"}],"twitter_card":"summary_large_image","twitter_misc":{"Gesch\u00e4tzte Lesezeit":"2\u00a0Minuten"},"schema":{"@context":"https:\/\/schema.org","@graph":[{"@type":"WebPage","@id":"https:\/\/vapemaison.com\/product\/waspe-fihp-40000\/","url":"https:\/\/vapemaison.com\/product\/waspe-fihp-40000\/","name":"WASPE FIHP 40000 Puffs Einweg Vape Dual-Flavor","isPartOf":{"@id":"https:\/\/vapemaison.com\/#website"},"primaryImageOfPage":{"@id":"https:\/\/vapemaison.com\/product\/waspe-fihp-40000\/#primaryimage"},"image":{"@id":"https:\/\/vapemaison.com\/product\/waspe-fihp-40000\/#primaryimage"},"thumbnailUrl":"https:\/\/vapemaison.com\/wp-content\/uploads\/2025\/10\/Waspe-FIHP-40000-Puffs-40K-Disposable-Vape-Wholesale-Blue-Razz-Lemonade-Watermelon-Bubblegum.png","datePublished":"2025-10-22T07:10:33+00:00","dateModified":"2026-05-06T12:50:01+00:00","description":"Erleben Sie den WASPE FIHP 40000 Puffs Disposable Vape mit zwei Geschmacksrichtungen, LED-Anzeige und Type-C. Genie\u00dfen Sie lang anhaltende Leistung","breadcrumb":{"@id":"https:\/\/vapemaison.com\/product\/waspe-fihp-40000\/#breadcrumb"},"inLanguage":"de","potentialAction":[{"@type":"ReadAction","target":["https:\/\/vapemaison.com\/product\/waspe-fihp-40000\/"]}]},{"@type":"ImageObject","inLanguage":"de","@id":"https:\/\/vapemaison.com\/product\/waspe-fihp-40000\/#primaryimage","url":"https:\/\/vapemaison.com\/wp-content\/uploads\/2025\/10\/Waspe-FIHP-40000-Puffs-40K-Disposable-Vape-Wholesale-Blue-Razz-Lemonade-Watermelon-Bubblegum.png","contentUrl":"https:\/\/vapemaison.com\/wp-content\/uploads\/2025\/10\/Waspe-FIHP-40000-Puffs-40K-Disposable-Vape-Wholesale-Blue-Razz-Lemonade-Watermelon-Bubblegum.png","width":800,"height":800,"caption":"Waspe Fihp Puffs 40k Disposable Vape Wholesale Blue Razz Lemonade Watermelon Bubblegum"},{"@type":"BreadcrumbList","@id":"https:\/\/vapemaison.com\/product\/waspe-fihp-40000\/#breadcrumb","itemListElement":[{"@type":"ListItem","position":1,"name":"\u9996\u9875","item":"https:\/\/vapemaison.com\/"},{"@type":"ListItem","position":2,"name":"Shop","item":"https:\/\/vapemaison.com\/shop\/"},{"@type":"ListItem","position":3,"name":"Waspe","item":"https:\/\/vapemaison.com\/brand\/waspe\/"},{"@type":"ListItem","position":4,"name":"Waspe FIHP 40000 Puffs Disposable Vape Wholesale"}]},{"@type":"WebSite","@id":"https:\/\/vapemaison.com\/#website","url":"https:\/\/vapemaison.com\/","name":"VapeMaison","description":"Premium Vaping-Ger\u00e4te und Zubeh\u00f6r","publisher":{"@id":"https:\/\/vapemaison.com\/#organization"},"potentialAction":[{"@type":"SearchAction","target":{"@type":"EntryPoint","urlTemplate":"https:\/\/vapemaison.com\/?s={search_term_string}"},"query-input":{"@type":"PropertyValueSpecification","valueRequired":true,"valueName":"search_term_string"}}],"inLanguage":"de"},{"@type":"Organization","@id":"https:\/\/vapemaison.com\/#organization","name":"VapeMaison","url":"https:\/\/vapemaison.com\/","logo":{"@type":"ImageObject","inLanguage":"de","@id":"https:\/\/vapemaison.com\/#\/schema\/logo\/image\/","url":"https:\/\/vapemaison.com\/wp-content\/uploads\/2026\/01\/cropped-vapemaison-logo-g-2026.webp","contentUrl":"https:\/\/vapemaison.com\/wp-content\/uploads\/2026\/01\/cropped-vapemaison-logo-g-2026.webp","width":350,"height":280,"caption":"VapeMaison"},"image":{"@id":"https:\/\/vapemaison.com\/#\/schema\/logo\/image\/"},"sameAs":["https:\/\/www.youtube.com\/@VapeMaison"]}]}},"tiered_pricing_type":"fixed","tiered_pricing_fixed_rules":{"30":"11.63","50":"10.99","100":"10.69","200":"9.99"},"tiered_pricing_product_settings":{"layout":"default","base_unit_name":{"singular":null,"plural":null},"default_variation":null},"tiered_pricing_minimum_quantity":10,"tiered_pricing_roles_data":[],"tiered_pricing_percentage_rules":[],"tiered_pricing_maximum_quantity":null,"tiered_pricing_quantity_step":"10","_links":{"self":[{"href":"https:\/\/vapemaison.com\/de\/wp-json\/wp\/v2\/product\/8078","targetHints":{"allow":["GET"]}}],"collection":[{"href":"https:\/\/vapemaison.com\/de\/wp-json\/wp\/v2\/product"}],"about":[{"href":"https:\/\/vapemaison.com\/de\/wp-json\/wp\/v2\/types\/product"}],"replies":[{"embeddable":true,"href":"https:\/\/vapemaison.com\/de\/wp-json\/wp\/v2\/comments?post=8078"}],"version-history":[{"count":1,"href":"https:\/\/vapemaison.com\/de\/wp-json\/wp\/v2\/product\/8078\/revisions"}],"predecessor-version":[{"id":27199,"href":"https:\/\/vapemaison.com\/de\/wp-json\/wp\/v2\/product\/8078\/revisions\/27199"}],"wp:featuredmedia":[{"embeddable":true,"href":"https:\/\/vapemaison.com\/de\/wp-json\/wp\/v2\/media\/8216"}],"wp:attachment":[{"href":"https:\/\/vapemaison.com\/de\/wp-json\/wp\/v2\/media?parent=8078"}],"wp:term":[{"taxonomy":"product_brand","embeddable":true,"href":"https:\/\/vapemaison.com\/de\/wp-json\/wp\/v2\/product_brand?post=8078"},{"taxonomy":"product_cat","embeddable":true,"href":"https:\/\/vapemaison.com\/de\/wp-json\/wp\/v2\/product_cat?post=8078"},{"taxonomy":"product_tag","embeddable":true,"href":"https:\/\/vapemaison.com\/de\/wp-json\/wp\/v2\/product_tag?post=8078"}],"curies":[{"name":"wp","href":"https:\/\/api.w.org\/{rel}","templated":true}]}}