

{"id":8126,"date":"2025-10-22T09:24:24","date_gmt":"2025-10-22T09:24:24","guid":{"rendered":"https:\/\/vapemaison.com\/?post_type=product&#038;p=8126"},"modified":"2026-05-08T16:38:01","modified_gmt":"2026-05-08T16:38:01","slug":"bang-king-triple-85000-3in1-vape","status":"publish","type":"product","link":"https:\/\/vapemaison.com\/de\/product\/bang-king-triple-85000-3in1-vape\/","title":{"rendered":"Bang King Triple 85K 3-in-1 Einweg Vape | 85.000 Puffs | Triple Flavor Pods"},"content":{"rendered":"<p>Die <strong>Bang King Triple 85K Einweg-Vape<\/strong> wurde f\u00fcr Benutzer entwickelt, die Wert auf Geschmacksvielfalt, hohe Kapazit\u00e4t und konstante Ger\u00e4teleistung legen. Ausgestattet mit einem <strong>3-in-1-Aroma-System<\/strong> mit <strong>drei 15mL e-Liquid-Kammern (45mL insgesamt)<\/strong>, Es erm\u00f6glicht den nahtlosen Wechsel oder das Mischen von Geschmacksrichtungen in einem einzigen Ger\u00e4t. Mit bis zu <strong>85.000 Z\u00fcge<\/strong>, a <strong>650mAh-Akku mit Typ-C-Aufladung<\/strong>, und eine <strong>1.0\u03a9 Maschenspule<\/strong>, Das Ger\u00e4t liefert w\u00e4hrend des gesamten Nutzungszyklus gleichm\u00e4\u00dfigen Dampf, stabile Leistung und zuverl\u00e4ssige Geschmackskonsistenz. Unterst\u00fctzend <strong>mehrere Nikotinst\u00e4rken (0%-5%)<\/strong> und <strong>16 Dreifach-Geschmackskombinationen<\/strong>, Sie bietet Flexibilit\u00e4t f\u00fcr unterschiedliche Benutzerpr\u00e4ferenzen bei gleichzeitiger Beibehaltung von Komfort und Effizienz.<\/p>\n\n\n\n<h3 class=\"wp-block-heading\">Spezifikationen<\/h3>\n\n\n\n<figure class=\"wp-block-table\"><table class=\"has-fixed-layout\"><thead><tr><th>Spezifikation<\/th><th>Einzelheiten<\/th><\/tr><\/thead><tbody><tr><td>Anzahl der Puffs<\/td><td>Bis zu 85.000 Z\u00fcge<\/td><\/tr><tr><td>E-Liquid Kapazit\u00e4t<\/td><td>45 mL (3 \u00d7 15 mL)<\/td><\/tr><tr><td>Geschmackssystem<\/td><td>3-in-1 (Dreifach-Geschmack)<\/td><\/tr><tr><td>Spule Typ<\/td><td>1.0\u03a9 Masche Spule<\/td><\/tr><tr><td>Batterie<\/td><td>650mAh Wiederaufladbar<\/td><\/tr><tr><td>Ladeanschluss<\/td><td>Typ-C<\/td><\/tr><tr><td>Nikotinst\u00e4rke<\/td><td>0% \/ 2% \/ 3% \/ 5%<\/td><\/tr><tr><td>Geschmacksoptionen<\/td><td>16 Dreifach-Geschmackskombinationen<\/td><\/tr><tr><td>Verwendungsart<\/td><td>Einweg (wiederaufladbar)<\/td><\/tr><\/tbody><\/table><\/figure>\n\n\n\n<h3 class=\"wp-block-heading\">Geschmack<\/h3>\n\n\n\n<ol class=\"wp-block-list\">\n<li>Wassermelone &amp; Red Bull &amp; Erdbeer-Kiwi<\/li>\n\n\n\n<li>Zitrone-Limette-Erdbeere-Wassermelone-Blaubeere-Eis<\/li>\n\n\n\n<li>Erdbeer-Banane &amp; Himbeer-Wassermelone &amp; Rosa Limonade<\/li>\n\n\n\n<li>Blauer Razz Kirsche &amp; K\u00fchle Minze &amp; Pfirsich Mango<\/li>\n\n\n\n<li>Tropische Fr\u00fcchte &amp; Erdbeere Wassermelone &amp; Zitrone Pfirsich<\/li>\n\n\n\n<li>Ananas-Kokosnuss &amp; Erdbeer-Banane &amp; Blue Razz<\/li>\n\n\n\n<li>Erdbeer-Wassermelone &amp; Dreifach-Melone &amp; Erdbeereis<\/li>\n\n\n\n<li>Gemischte Fr\u00fcchte &amp; Mango Pfirsich &amp; Trauben Eis<\/li>\n\n\n\n<li>Erdbeer-Vanille-Cola &amp; Pfirsich-Eis &amp; Schwarzer Drache-Eis<\/li>\n\n\n\n<li>Lush Eis &amp; Kiwi Passionsfrucht Guave &amp; Stroh Mango<\/li>\n\n\n\n<li>Erdbeer-Wassermelone &amp; Wassermelone &amp; Blue Razz Ice<\/li>\n\n\n\n<li>Beerenlimonade &amp; Erdbeere Red Bull &amp; Erdbeerpomp<\/li>\n\n\n\n<li>Double Apple &amp; Fruity Fusion &amp; Ananaseis<\/li>\n\n\n\n<li>Cola Ice &amp; Herr Blau &amp; Cherry Cola<\/li>\n\n\n\n<li>Erdbeerdonut &amp; Bananeneis &amp; Liebe66<\/li>\n\n\n\n<li>Eistee Zitroneneis &amp; Mango auf Eis &amp; Litschi-Eis<\/li>\n<\/ol>\n\n\n\n<h3 class=\"wp-block-heading\">Warum Bang King Triple 85K w\u00e4hlen?<\/h3>\n\n\n\n<p><strong>Effiziente Nutzung<\/strong> - Reduziert die H\u00e4ufigkeit des Ger\u00e4teaustauschs<\/p>\n\n\n\n<p><strong>Multi-Flavor-Integration<\/strong> - Drei Geschmacksrichtungen in einem kompakten Ger\u00e4t<\/p>\n\n\n\n<p><strong>Konstruktion mit hoher Kapazit\u00e4t<\/strong> - 45mL gesamte e-Fl\u00fcssigkeit f\u00fcr l\u00e4ngeren Gebrauch<\/p>\n\n\n\n<p><strong>Konsistenter Output<\/strong> - Mesh-Spule sorgt f\u00fcr glatten Dampf und stabilen Geschmack<\/p>\n\n\n\n<p><strong>Flexible Nikotinoptionen<\/strong> - Geeignet f\u00fcr unterschiedliche Nutzerbed\u00fcrfnisse<\/p>\n\n\n\n<p><strong>Wiederaufladbare Bequemlichkeit<\/strong> - Typ-C-Laden f\u00fcr einfachen Zugang zur Stromversorgung<\/p>\n\n\n\n<p>Die <strong>Bang King Triple 85K Vape<\/strong> kombiniert <strong>Vielfalt, Leistung und Tragbarkeit<\/strong> wie kein anderer.<br>Wechseln Sie in Sekundenschnelle zwischen verschiedenen Geschmacksrichtungen, genie\u00dfen Sie eine enorme Kapazit\u00e4t und erleben Sie reinen, gleichm\u00e4\u00dfigen Dampf, wo immer Sie sind.<\/p>\n\n\n\n<p><strong>Entdecken Sie Ihre perfekte Mischung - dreifacher Geschmack, dreifache Zufriedenheit.<\/strong><\/p>\n\n\n\n<p>Entdecken Sie weitere Einweg-Vapes mit hoher Kapazit\u00e4t in unserem <a href=\"https:\/\/vapemaison.com\/shop\/\" type=\"link\" id=\"https:\/\/vapemaison.com\/shop\/\"><strong>Shop<\/strong><\/a> finden Sie die neuesten Ger\u00e4te mit fortschrittlichen Funktionen und vielf\u00e4ltigen Geschmacksoptionen. Sie k\u00f6nnen auch das gesamte <strong><a href=\"https:\/\/vapemaison.com\/brand\/bang\/\" type=\"link\" id=\"https:\/\/vapemaison.com\/brand\/bang\/\">Bang vape<\/a><\/strong> Kollektion, um weitere innovative Vapes mit verschiedenen Geschmacksrichtungen zu entdecken, die f\u00fcr Leistung, Abwechslung und Komfort im Alltag entwickelt wurden.<\/p>\n\n\n\n<p><\/p>","protected":false},"excerpt":{"rendered":"<p>Erleben Sie die Bang King Triple 85000 Puffs 3-in-1 Vape mit 45ML Triple-Flavor-Tanks Genie\u00dfen Sie reichen Geschmack 16 einzigartige Geschmackskombinationen in einem Ger\u00e4t.<\/p>","protected":false},"featured_media":8131,"comment_status":"open","ping_status":"closed","template":"","meta":[],"product_brand":[57],"product_cat":[155,142,294],"product_tag":[],"class_list":{"0":"post-8126","1":"product","2":"type-product","3":"status-publish","4":"has-post-thumbnail","6":"product_brand-bang","7":"product_cat-85k-puffs","8":"product_cat-eu-stock","9":"product_cat-no-nicotine-vape","11":"first","12":"instock","13":"sale","14":"shipping-taxable","15":"purchasable","16":"product-type-variable"},"yoast_head":"<!-- This site is optimized with the Yoast SEO plugin v27.4 - https:\/\/yoast.com\/product\/yoast-seo-wordpress\/ -->\n<title>Bang King Triple 85000 Puffs 3-in-1 Vape | 45ML Triple Flavor<\/title>\n<meta name=\"description\" content=\"Experience the Bang King Triple 85000 Puffs 3-in-1 Vape featuring 45ML triple-flavor tanks Enjoy rich taste 16 unique flavor combinations in one device.\" \/>\n<meta name=\"robots\" content=\"index, follow, max-snippet:-1, max-image-preview:large, max-video-preview:-1\" \/>\n<link rel=\"canonical\" href=\"https:\/\/vapemaison.com\/de\/product\/bang-king-triple-85000-3in1-vape\/\" \/>\n<meta property=\"og:locale\" content=\"de_DE\" \/>\n<meta property=\"og:type\" content=\"article\" \/>\n<meta property=\"og:title\" content=\"Bang King Triple 85000 Puffs 3-in-1 Vape | 45ML Triple Flavor\" \/>\n<meta property=\"og:description\" content=\"Experience the Bang King Triple 85000 Puffs 3-in-1 Vape featuring 45ML triple-flavor tanks Enjoy rich taste 16 unique flavor combinations in one device.\" \/>\n<meta property=\"og:url\" content=\"https:\/\/vapemaison.com\/de\/product\/bang-king-triple-85000-3in1-vape\/\" \/>\n<meta property=\"og:site_name\" content=\"VapeMaison\" \/>\n<meta property=\"article:modified_time\" content=\"2026-05-08T16:38:01+00:00\" \/>\n<meta property=\"og:image\" content=\"https:\/\/vapemaison.com\/wp-content\/uploads\/2025\/10\/bang-king-85000-triple-3in1-vape-pen-pink.jpg\" \/>\n\t<meta property=\"og:image:width\" content=\"1000\" \/>\n\t<meta property=\"og:image:height\" content=\"1000\" \/>\n\t<meta property=\"og:image:type\" content=\"image\/jpeg\" \/>\n<meta name=\"twitter:card\" content=\"summary_large_image\" \/>\n<meta name=\"twitter:label1\" content=\"Gesch\u00e4tzte Lesezeit\" \/>\n\t<meta name=\"twitter:data1\" content=\"2\u00a0Minuten\" \/>\n<!-- \/ Yoast SEO plugin. -->","yoast_head_json":{"title":"Bang King Triple 85000 Puffs 3-in-1 Vape | 45ML Dreifach-Geschmack","description":"Erleben Sie die Bang King Triple 85000 Puffs 3-in-1 Vape mit 45ML Triple-Flavor-Tanks Genie\u00dfen Sie reichen Geschmack 16 einzigartige Geschmackskombinationen in einem Ger\u00e4t.","robots":{"index":"index","follow":"follow","max-snippet":"max-snippet:-1","max-image-preview":"max-image-preview:large","max-video-preview":"max-video-preview:-1"},"canonical":"https:\/\/vapemaison.com\/de\/product\/bang-king-triple-85000-3in1-vape\/","og_locale":"de_DE","og_type":"article","og_title":"Bang King Triple 85000 Puffs 3-in-1 Vape | 45ML Triple Flavor","og_description":"Experience the Bang King Triple 85000 Puffs 3-in-1 Vape featuring 45ML triple-flavor tanks Enjoy rich taste 16 unique flavor combinations in one device.","og_url":"https:\/\/vapemaison.com\/de\/product\/bang-king-triple-85000-3in1-vape\/","og_site_name":"VapeMaison","article_modified_time":"2026-05-08T16:38:01+00:00","og_image":[{"width":1000,"height":1000,"url":"https:\/\/vapemaison.com\/wp-content\/uploads\/2025\/10\/bang-king-85000-triple-3in1-vape-pen-pink.jpg","type":"image\/jpeg"}],"twitter_card":"summary_large_image","twitter_misc":{"Gesch\u00e4tzte Lesezeit":"2\u00a0Minuten"},"schema":{"@context":"https:\/\/schema.org","@graph":[{"@type":"WebPage","@id":"https:\/\/vapemaison.com\/product\/bang-king-triple-85000-3in1-vape\/","url":"https:\/\/vapemaison.com\/product\/bang-king-triple-85000-3in1-vape\/","name":"Bang King Triple 85000 Puffs 3-in-1 Vape | 45ML Dreifach-Geschmack","isPartOf":{"@id":"https:\/\/vapemaison.com\/#website"},"primaryImageOfPage":{"@id":"https:\/\/vapemaison.com\/product\/bang-king-triple-85000-3in1-vape\/#primaryimage"},"image":{"@id":"https:\/\/vapemaison.com\/product\/bang-king-triple-85000-3in1-vape\/#primaryimage"},"thumbnailUrl":"https:\/\/vapemaison.com\/wp-content\/uploads\/2025\/10\/bang-king-85000-triple-3in1-vape-pen-pink.jpg","datePublished":"2025-10-22T09:24:24+00:00","dateModified":"2026-05-08T16:38:01+00:00","description":"Erleben Sie die Bang King Triple 85000 Puffs 3-in-1 Vape mit 45ML Triple-Flavor-Tanks Genie\u00dfen Sie reichen Geschmack 16 einzigartige Geschmackskombinationen in einem Ger\u00e4t.","breadcrumb":{"@id":"https:\/\/vapemaison.com\/product\/bang-king-triple-85000-3in1-vape\/#breadcrumb"},"inLanguage":"de","potentialAction":[{"@type":"ReadAction","target":["https:\/\/vapemaison.com\/product\/bang-king-triple-85000-3in1-vape\/"]}]},{"@type":"ImageObject","inLanguage":"de","@id":"https:\/\/vapemaison.com\/product\/bang-king-triple-85000-3in1-vape\/#primaryimage","url":"https:\/\/vapemaison.com\/wp-content\/uploads\/2025\/10\/bang-king-85000-triple-3in1-vape-pen-pink.jpg","contentUrl":"https:\/\/vapemaison.com\/wp-content\/uploads\/2025\/10\/bang-king-85000-triple-3in1-vape-pen-pink.jpg","width":1000,"height":1000,"caption":"Bang King Triple 3in1 Vape Pen Pink"},{"@type":"BreadcrumbList","@id":"https:\/\/vapemaison.com\/product\/bang-king-triple-85000-3in1-vape\/#breadcrumb","itemListElement":[{"@type":"ListItem","position":1,"name":"\u9996\u9875","item":"https:\/\/vapemaison.com\/"},{"@type":"ListItem","position":2,"name":"Shop","item":"https:\/\/vapemaison.com\/shop\/"},{"@type":"ListItem","position":3,"name":"Bang","item":"https:\/\/vapemaison.com\/brand\/bang\/"},{"@type":"ListItem","position":4,"name":"Bang King Triple 85K 3\u2011in\u20111 Disposable Vape | 85,000 Puffs | Triple Flavor Pods"}]},{"@type":"WebSite","@id":"https:\/\/vapemaison.com\/#website","url":"https:\/\/vapemaison.com\/","name":"VapeMaison","description":"Premium Vaping-Ger\u00e4te und Zubeh\u00f6r","publisher":{"@id":"https:\/\/vapemaison.com\/#organization"},"potentialAction":[{"@type":"SearchAction","target":{"@type":"EntryPoint","urlTemplate":"https:\/\/vapemaison.com\/?s={search_term_string}"},"query-input":{"@type":"PropertyValueSpecification","valueRequired":true,"valueName":"search_term_string"}}],"inLanguage":"de"},{"@type":"Organization","@id":"https:\/\/vapemaison.com\/#organization","name":"VapeMaison","url":"https:\/\/vapemaison.com\/","logo":{"@type":"ImageObject","inLanguage":"de","@id":"https:\/\/vapemaison.com\/#\/schema\/logo\/image\/","url":"https:\/\/vapemaison.com\/wp-content\/uploads\/2026\/01\/cropped-vapemaison-logo-g-2026.webp","contentUrl":"https:\/\/vapemaison.com\/wp-content\/uploads\/2026\/01\/cropped-vapemaison-logo-g-2026.webp","width":350,"height":280,"caption":"VapeMaison"},"image":{"@id":"https:\/\/vapemaison.com\/#\/schema\/logo\/image\/"},"sameAs":["https:\/\/www.youtube.com\/@VapeMaison"]}]}},"tiered_pricing_type":"fixed","tiered_pricing_fixed_rules":{"30":"9.69","50":"9.39","100":"8.99","200":"8.19"},"tiered_pricing_product_settings":{"layout":"default","base_unit_name":{"singular":null,"plural":null},"default_variation":null},"tiered_pricing_minimum_quantity":10,"tiered_pricing_roles_data":[],"tiered_pricing_percentage_rules":[],"tiered_pricing_maximum_quantity":null,"tiered_pricing_quantity_step":"10","_links":{"self":[{"href":"https:\/\/vapemaison.com\/de\/wp-json\/wp\/v2\/product\/8126","targetHints":{"allow":["GET"]}}],"collection":[{"href":"https:\/\/vapemaison.com\/de\/wp-json\/wp\/v2\/product"}],"about":[{"href":"https:\/\/vapemaison.com\/de\/wp-json\/wp\/v2\/types\/product"}],"replies":[{"embeddable":true,"href":"https:\/\/vapemaison.com\/de\/wp-json\/wp\/v2\/comments?post=8126"}],"version-history":[{"count":4,"href":"https:\/\/vapemaison.com\/de\/wp-json\/wp\/v2\/product\/8126\/revisions"}],"predecessor-version":[{"id":28864,"href":"https:\/\/vapemaison.com\/de\/wp-json\/wp\/v2\/product\/8126\/revisions\/28864"}],"wp:featuredmedia":[{"embeddable":true,"href":"https:\/\/vapemaison.com\/de\/wp-json\/wp\/v2\/media\/8131"}],"wp:attachment":[{"href":"https:\/\/vapemaison.com\/de\/wp-json\/wp\/v2\/media?parent=8126"}],"wp:term":[{"taxonomy":"product_brand","embeddable":true,"href":"https:\/\/vapemaison.com\/de\/wp-json\/wp\/v2\/product_brand?post=8126"},{"taxonomy":"product_cat","embeddable":true,"href":"https:\/\/vapemaison.com\/de\/wp-json\/wp\/v2\/product_cat?post=8126"},{"taxonomy":"product_tag","embeddable":true,"href":"https:\/\/vapemaison.com\/de\/wp-json\/wp\/v2\/product_tag?post=8126"}],"curies":[{"name":"wp","href":"https:\/\/api.w.org\/{rel}","templated":true}]}}