

{"id":8133,"date":"2025-10-22T10:12:47","date_gmt":"2025-10-22T10:12:47","guid":{"rendered":"https:\/\/vapemaison.com\/?post_type=product&#038;p=8133"},"modified":"2026-05-01T09:16:42","modified_gmt":"2026-05-01T09:16:42","slug":"bang-blaze-40000-puffs-vape-aufladen-32-geschmacksrichtungen-combos","status":"publish","type":"product","link":"https:\/\/vapemaison.com\/de\/product\/bang-blaze-40000-puffs-vape-recharge-32-flavor-combos\/","title":{"rendered":"Bang Blaze 40000 40K Puffs Vape"},"content":{"rendered":"<p>Bang Blaze 40000 <a href=\"https:\/\/vapemaison.com\/product-category\/puffs-count\/40k-puffs\/\">40K Puffs<\/a> Disposable Vape ist f\u00fcr erweiterte Leistung und Geschmacksflexibilit\u00e4t konzipiert und liefert bis zu 40K Puffs in einem kompakten, wiederaufladbaren Ger\u00e4t. Mit einem Dual-Aroma-System und 40ml vorgef\u00fclltem E-Liquid kann der Nutzer zwischen zwei Geschmacksrichtungen wechseln oder sie f\u00fcr ein gemischtes Erlebnis kombinieren.<\/p>\n\n\n\n<p>Ausgestattet mit einer 0,6-\u03a9-Dual-Mesh-Spule, sorgt er f\u00fcr gleichm\u00e4\u00dfigen, konsistenten Dampf und verbesserte Geschmacksabgabe. Der wiederaufladbare 650mAh-Akku mit Typ-C-Ladung liefert zuverl\u00e4ssige Energie f\u00fcr eine lange Nutzungsdauer, w\u00e4hrend mehrere Nikotin-Optionen f\u00fcr ein individuelles Dampferlebnis sorgen.<\/p>\n\n\n\n<p>Suchen Sie nach weiteren Optionen von BANG? Entdecken Sie unser <strong><a href=\"https:\/\/vapemaison.com\/brand\/bang\/\">Bang Vape Kollektion<\/a><\/strong> um eine breite Palette von Geschmacksrichtungen, Puffzahlen und die neuesten verf\u00fcgbaren Modelle zu entdecken.<\/p>\n\n\n\n<h2 class=\"wp-block-heading\"><strong>Spezifikationen<\/strong><\/h2>\n\n\n\n<figure class=\"wp-block-table\"><table class=\"has-fixed-layout\"><thead><tr><th>Spezifikation<\/th><th>Einzelheiten<\/th><\/tr><\/thead><tbody><tr><td>Anzahl der Puffs<\/td><td>Bis zu 40.000 Z\u00fcge<\/td><\/tr><tr><td>E-Fl\u00fcssigkeit Kapazit\u00e4t<\/td><td>40ml Vorgef\u00fcllt<\/td><\/tr><tr><td>Geschmackssystem<\/td><td>Zwei Geschmacksrichtungen (mischbar)<\/td><\/tr><tr><td>Batterie<\/td><td>650mAh Wiederaufladbar<\/td><\/tr><tr><td>Spule<\/td><td>Dual Mesh Spule (0.6\u03a9)<\/td><\/tr><tr><td>Aufladen<\/td><td>USB Typ-C<\/td><\/tr><tr><td>Nikotinst\u00e4rke<\/td><td>0%, 2%, 3%, 5%<\/td><\/tr><tr><td>Operation<\/td><td>Zeichnungsaktiviert<\/td><\/tr><\/tbody><\/table><\/figure>\n\n\n\n<h3 class=\"wp-block-heading\">Verf\u00fcgbare Dual-Flavor-Kombinationen (32 Optionen):<\/h3>\n\n\n\n<ol class=\"wp-block-list\">\n<li>Wassermelone\/Erdbeere Wassermelone<\/li>\n\n\n\n<li>Blaubeereis \/ Blaubeere-Himbeere<\/li>\n\n\n\n<li>Mango-Eis \/ Erdbeer-Mango<\/li>\n\n\n\n<li>Wassermelone \/ Wassermelone Bubblegum<\/li>\n\n\n\n<li>Ananaseis \/ Ananas-Kokosnuss<\/li>\n\n\n\n<li>Gemischte Fr\u00fcchte \/ Dreifachbeere<\/li>\n\n\n\n<li>Pfirsich-Eis \/ Mango-Pfirsich<\/li>\n\n\n\n<li>Kirsche\/Kirsch-Cola<\/li>\n\n\n\n<li>Weintraube \/ Heidelbeere Weintraube<\/li>\n\n\n\n<li>Minze \/ Blaubeer-Minze<\/li>\n\n\n\n<li>Schwarzer Drache Eis \/ Red Bull<\/li>\n\n\n\n<li>Erdbeere Eis \/ Erdbeere Kiwi<\/li>\n\n\n\n<li>Tropische Fr\u00fcchte \/ Dreifache Wassermelone<\/li>\n\n\n\n<li>Saure Mango-Ananas \/ Zitrone-Limette<\/li>\n\n\n\n<li>Sommerzeit \/ Apfel-Eis<\/li>\n\n\n\n<li>Regenbogen-Bonbons \/ Arktisches Gefrieren<\/li>\n\n\n\n<li>Himbeere Wassermelone \/ Jieshuang<\/li>\n\n\n\n<li>Lemon Romance \/ Kalifornische Kirsche<\/li>\n\n\n\n<li>Mango-Pfirsich-Aprikose \/ Wei\u00dfe Gummis<\/li>\n\n\n\n<li>Marys Traum \/ Aloe-Mango-Melonen-Eis<\/li>\n\n\n\n<li>Kiwi Passionsfrucht Guave \/ Heidelbeere Kirsche<\/li>\n\n\n\n<li>Ananas-Mango \/ Ananas-Kokosnuss-Eis<\/li>\n\n\n\n<li>Himbeere Wassermelone \/ Aloe Vera Traube<\/li>\n\n\n\n<li>Lychee-Eis \/ Erdbeer-Lychee<\/li>\n\n\n\n<li>Strand Sex \/ Himbeere Wassermelone<\/li>\n\n\n\n<li>Gummib\u00e4rchen \/ Himbeere Schwarz Glitter<\/li>\n\n\n\n<li>Beeren k\u00fchl \/ Wassermelone sauer Pfirsich<\/li>\n\n\n\n<li>Erdbeere Banane \/ Maracuja Kiwi<\/li>\n\n\n\n<li>Acai Storm Ice \/ Liebe 66<\/li>\n\n\n\n<li>Rosa Limonade \/ Heidelbeere-Kirsche-Zitrone<\/li>\n\n\n\n<li>Erdbeereis \/ Erdbeer-Vanille<\/li>\n\n\n\n<li>Heidelbeere Cranberry Kirsche \/ Wassermelone Kirsche<\/li>\n<\/ol>\n\n\n\n<p><\/p>","protected":false},"excerpt":{"rendered":"<p>Erlebe Ausdauer und Geschmack auf h\u00f6chstem Niveau mit dem Bang Blaze 40000 Puffs Vape. Ausgestattet mit einem 40ML Dual-Flavor-System, k\u00f6nnen Sie zwei separate Aromen genie\u00dfen oder mischen sie f\u00fcr eine einzigartige dritte Mischung.  Erh\u00e4ltlich in 0%, 2%, 3% und 5% Nikotin, ist es die perfekte Wahl f\u00fcr Benutzer, die sowohl Leistung als auch Vielfalt sch\u00e4tzen.<\/p>","protected":false},"featured_media":8156,"comment_status":"open","ping_status":"closed","template":"","meta":[],"product_brand":[57],"product_cat":[135,142],"product_tag":[],"class_list":{"0":"post-8133","1":"product","2":"type-product","3":"status-publish","4":"has-post-thumbnail","6":"product_brand-bang","7":"product_cat-40k-puffs","8":"product_cat-eu-stock","10":"first","11":"instock","12":"sale","13":"shipping-taxable","14":"purchasable","15":"product-type-variable"},"yoast_head":"<!-- This site is optimized with the Yoast SEO plugin v27.4 - https:\/\/yoast.com\/product\/yoast-seo-wordpress\/ -->\n<title>Bang Blaze 40000 40K Puffs Disposable Vape<\/title>\n<meta name=\"description\" content=\"Experience the Bang Blaze 40000 40K Puffs Vape with 40ML dual-flavor e-liquid. Enjoy up to 40K Puffs with triple taste options .\" \/>\n<meta name=\"robots\" content=\"index, follow, max-snippet:-1, max-image-preview:large, max-video-preview:-1\" \/>\n<link rel=\"canonical\" href=\"https:\/\/vapemaison.com\/de\/product\/bang-blaze-40000-puffs-vape-aufladen-32-geschmacksrichtungen-combos\/\" \/>\n<meta property=\"og:locale\" content=\"de_DE\" \/>\n<meta property=\"og:type\" content=\"article\" \/>\n<meta property=\"og:title\" content=\"Bang Blaze 40000 40K Puffs Disposable Vape\" \/>\n<meta property=\"og:description\" content=\"Experience the Bang Blaze 40000 40K Puffs Vape with 40ML dual-flavor e-liquid. Enjoy up to 40K Puffs with triple taste options .\" \/>\n<meta property=\"og:url\" content=\"https:\/\/vapemaison.com\/de\/product\/bang-blaze-40000-puffs-vape-aufladen-32-geschmacksrichtungen-combos\/\" \/>\n<meta property=\"og:site_name\" content=\"VapeMaison\" \/>\n<meta property=\"article:modified_time\" content=\"2026-05-01T09:16:42+00:00\" \/>\n<meta property=\"og:image\" content=\"https:\/\/vapemaison.com\/wp-content\/uploads\/2025\/10\/bang-blaze-40000-puffs-vape-flavor-12.jpg\" \/>\n\t<meta property=\"og:image:width\" content=\"800\" \/>\n\t<meta property=\"og:image:height\" content=\"800\" \/>\n\t<meta property=\"og:image:type\" content=\"image\/jpeg\" \/>\n<meta name=\"twitter:card\" content=\"summary_large_image\" \/>\n<meta name=\"twitter:label1\" content=\"Gesch\u00e4tzte Lesezeit\" \/>\n\t<meta name=\"twitter:data1\" content=\"2\u00a0Minuten\" \/>\n<!-- \/ Yoast SEO plugin. -->","yoast_head_json":{"title":"Bang Blaze 40000 40K Puffs Einweg Vape","description":"Erleben Sie die Bang Blaze 40000 40K Puffs Vape mit 40ML Dual-Flavour e-Fl\u00fcssigkeit. Genie\u00dfen Sie bis zu 40K Puffs mit dreifachen Geschmacksoptionen. .","robots":{"index":"index","follow":"follow","max-snippet":"max-snippet:-1","max-image-preview":"max-image-preview:large","max-video-preview":"max-video-preview:-1"},"canonical":"https:\/\/vapemaison.com\/de\/product\/bang-blaze-40000-puffs-vape-aufladen-32-geschmacksrichtungen-combos\/","og_locale":"de_DE","og_type":"article","og_title":"Bang Blaze 40000 40K Puffs Disposable Vape","og_description":"Experience the Bang Blaze 40000 40K Puffs Vape with 40ML dual-flavor e-liquid. Enjoy up to 40K Puffs with triple taste options .","og_url":"https:\/\/vapemaison.com\/de\/product\/bang-blaze-40000-puffs-vape-aufladen-32-geschmacksrichtungen-combos\/","og_site_name":"VapeMaison","article_modified_time":"2026-05-01T09:16:42+00:00","og_image":[{"width":800,"height":800,"url":"https:\/\/vapemaison.com\/wp-content\/uploads\/2025\/10\/bang-blaze-40000-puffs-vape-flavor-12.jpg","type":"image\/jpeg"}],"twitter_card":"summary_large_image","twitter_misc":{"Gesch\u00e4tzte Lesezeit":"2\u00a0Minuten"},"schema":{"@context":"https:\/\/schema.org","@graph":[{"@type":"WebPage","@id":"https:\/\/vapemaison.com\/product\/bang-blaze-40000-puffs-vape-recharge-32-flavor-combos\/","url":"https:\/\/vapemaison.com\/product\/bang-blaze-40000-puffs-vape-recharge-32-flavor-combos\/","name":"Bang Blaze 40000 40K Puffs Einweg Vape","isPartOf":{"@id":"https:\/\/vapemaison.com\/#website"},"primaryImageOfPage":{"@id":"https:\/\/vapemaison.com\/product\/bang-blaze-40000-puffs-vape-recharge-32-flavor-combos\/#primaryimage"},"image":{"@id":"https:\/\/vapemaison.com\/product\/bang-blaze-40000-puffs-vape-recharge-32-flavor-combos\/#primaryimage"},"thumbnailUrl":"https:\/\/vapemaison.com\/wp-content\/uploads\/2025\/10\/bang-blaze-40000-puffs-vape-flavor-12.jpg","datePublished":"2025-10-22T10:12:47+00:00","dateModified":"2026-05-01T09:16:42+00:00","description":"Erleben Sie die Bang Blaze 40000 40K Puffs Vape mit 40ML Dual-Flavour e-Fl\u00fcssigkeit. Genie\u00dfen Sie bis zu 40K Puffs mit dreifachen Geschmacksoptionen. .","breadcrumb":{"@id":"https:\/\/vapemaison.com\/product\/bang-blaze-40000-puffs-vape-recharge-32-flavor-combos\/#breadcrumb"},"inLanguage":"de","potentialAction":[{"@type":"ReadAction","target":["https:\/\/vapemaison.com\/product\/bang-blaze-40000-puffs-vape-recharge-32-flavor-combos\/"]}]},{"@type":"ImageObject","inLanguage":"de","@id":"https:\/\/vapemaison.com\/product\/bang-blaze-40000-puffs-vape-recharge-32-flavor-combos\/#primaryimage","url":"https:\/\/vapemaison.com\/wp-content\/uploads\/2025\/10\/bang-blaze-40000-puffs-vape-flavor-12.jpg","contentUrl":"https:\/\/vapemaison.com\/wp-content\/uploads\/2025\/10\/bang-blaze-40000-puffs-vape-flavor-12.jpg","width":800,"height":800,"caption":"Bang Blaze Puffs Vape Flavor"},{"@type":"BreadcrumbList","@id":"https:\/\/vapemaison.com\/product\/bang-blaze-40000-puffs-vape-recharge-32-flavor-combos\/#breadcrumb","itemListElement":[{"@type":"ListItem","position":1,"name":"\u9996\u9875","item":"https:\/\/vapemaison.com\/"},{"@type":"ListItem","position":2,"name":"Shop","item":"https:\/\/vapemaison.com\/shop\/"},{"@type":"ListItem","position":3,"name":"Bang","item":"https:\/\/vapemaison.com\/brand\/bang\/"},{"@type":"ListItem","position":4,"name":"Bang Blaze 40000 40K Puffs Vape"}]},{"@type":"WebSite","@id":"https:\/\/vapemaison.com\/#website","url":"https:\/\/vapemaison.com\/","name":"VapeMaison","description":"Premium Vaping-Ger\u00e4te und Zubeh\u00f6r","publisher":{"@id":"https:\/\/vapemaison.com\/#organization"},"potentialAction":[{"@type":"SearchAction","target":{"@type":"EntryPoint","urlTemplate":"https:\/\/vapemaison.com\/?s={search_term_string}"},"query-input":{"@type":"PropertyValueSpecification","valueRequired":true,"valueName":"search_term_string"}}],"inLanguage":"de"},{"@type":"Organization","@id":"https:\/\/vapemaison.com\/#organization","name":"VapeMaison","url":"https:\/\/vapemaison.com\/","logo":{"@type":"ImageObject","inLanguage":"de","@id":"https:\/\/vapemaison.com\/#\/schema\/logo\/image\/","url":"https:\/\/vapemaison.com\/wp-content\/uploads\/2026\/01\/cropped-vapemaison-logo-g-2026.webp","contentUrl":"https:\/\/vapemaison.com\/wp-content\/uploads\/2026\/01\/cropped-vapemaison-logo-g-2026.webp","width":350,"height":280,"caption":"VapeMaison"},"image":{"@id":"https:\/\/vapemaison.com\/#\/schema\/logo\/image\/"},"sameAs":["https:\/\/www.youtube.com\/@VapeMaison"]}]}},"tiered_pricing_type":"fixed","tiered_pricing_fixed_rules":{"30":"8.98","50":"8.58","100":"8.10","200":"7.69"},"tiered_pricing_product_settings":{"layout":"default","base_unit_name":{"singular":null,"plural":null},"default_variation":null},"tiered_pricing_minimum_quantity":10,"tiered_pricing_roles_data":[],"tiered_pricing_percentage_rules":[],"tiered_pricing_maximum_quantity":null,"tiered_pricing_quantity_step":"10","_links":{"self":[{"href":"https:\/\/vapemaison.com\/de\/wp-json\/wp\/v2\/product\/8133","targetHints":{"allow":["GET"]}}],"collection":[{"href":"https:\/\/vapemaison.com\/de\/wp-json\/wp\/v2\/product"}],"about":[{"href":"https:\/\/vapemaison.com\/de\/wp-json\/wp\/v2\/types\/product"}],"replies":[{"embeddable":true,"href":"https:\/\/vapemaison.com\/de\/wp-json\/wp\/v2\/comments?post=8133"}],"version-history":[{"count":2,"href":"https:\/\/vapemaison.com\/de\/wp-json\/wp\/v2\/product\/8133\/revisions"}],"predecessor-version":[{"id":28427,"href":"https:\/\/vapemaison.com\/de\/wp-json\/wp\/v2\/product\/8133\/revisions\/28427"}],"wp:featuredmedia":[{"embeddable":true,"href":"https:\/\/vapemaison.com\/de\/wp-json\/wp\/v2\/media\/8156"}],"wp:attachment":[{"href":"https:\/\/vapemaison.com\/de\/wp-json\/wp\/v2\/media?parent=8133"}],"wp:term":[{"taxonomy":"product_brand","embeddable":true,"href":"https:\/\/vapemaison.com\/de\/wp-json\/wp\/v2\/product_brand?post=8133"},{"taxonomy":"product_cat","embeddable":true,"href":"https:\/\/vapemaison.com\/de\/wp-json\/wp\/v2\/product_cat?post=8133"},{"taxonomy":"product_tag","embeddable":true,"href":"https:\/\/vapemaison.com\/de\/wp-json\/wp\/v2\/product_tag?post=8133"}],"curies":[{"name":"wp","href":"https:\/\/api.w.org\/{rel}","templated":true}]}}