

{"id":8253,"date":"2025-10-23T05:30:13","date_gmt":"2025-10-23T05:30:13","guid":{"rendered":"https:\/\/vapemaison.com\/?post_type=product&#038;p=8253"},"modified":"2026-04-14T10:58:49","modified_gmt":"2026-04-14T10:58:49","slug":"bang-25000-puffs-einweg-vape","status":"publish","type":"product","link":"https:\/\/vapemaison.com\/de\/product\/bang-25000-puffs-disposable-vape\/","title":{"rendered":"Bang 25000 25k Puffs Einweg-Vape"},"content":{"rendered":"<p>Bang 25k Puffs Disposable Vape wurde entwickelt, um ein Gleichgewicht zwischen lang anhaltender Leistung, konsistentem Geschmack und benutzerfreundlicher Bedienung zu bieten. Mit bis zu 25.000 Z\u00fcgen und einer 30ml vorgef\u00fcllten E-Liquid-Kapazit\u00e4t bietet er im Vergleich zu Standard-Einwegger\u00e4ten eine l\u00e4ngere Nutzungsdauer.<\/p>\n\n\n\n<p>Angetrieben von einem 650mAh-Akku, sorgt das Ger\u00e4t f\u00fcr eine stabile Leistung w\u00e4hrend seiner gesamten Lebensdauer. Das einstellbare Luftstromsystem erm\u00f6glicht es dem Nutzer, die Dampfdichte und den Zugwiderstand fein abzustimmen, w\u00e4hrend die 1,0-\u03a9-Mesh-Spule die Geschmackskonsistenz und die gleichm\u00e4\u00dfige Dampfproduktion verbessert. Mehrere Nikotinst\u00e4rkeoptionen sind verf\u00fcgbar und bieten Flexibilit\u00e4t f\u00fcr unterschiedliche Vorlieben.<\/p>\n\n\n\n<p>Suchen Sie nach weiteren Optionen von BANG? Entdecken Sie unser <strong><a href=\"https:\/\/vapemaison.com\/brand\/bang\/\">Bang Vape Kollektion<\/a><\/strong> und entdecken Sie eine gro\u00dfe Auswahl an Geschmacksrichtungen, Puffzahlen und die neuesten Modelle. Lesen Sie unser <strong><a href=\"https:\/\/vapemaison.com\/2026-no-nicotine-vape-guide-why-zero-nic-is-the-future-of-vaping\/\">Leitfaden f\u00fcr die Wahl des richtigen Einweg-Dampfers<\/a><\/strong> Sie k\u00f6nnen auch unsere Website durchsuchen, um die beste Option f\u00fcr Ihre Bed\u00fcrfnisse zu finden. <strong><a href=\"https:\/\/vapemaison.com\/product-category\/hot-series\/\">meistverkaufte Einwegvapes<\/a><\/strong> um zu sehen, was andere Kunden gerade kaufen.<\/p>\n\n\n\n<p><\/p>\n\n\n\n<h2 class=\"wp-block-heading\"><strong>Spezifikationen<\/strong><\/h2>\n\n\n\n<figure class=\"wp-block-table\"><table class=\"has-fixed-layout\"><thead><tr><th>Spezifikation<\/th><th>Einzelheiten<\/th><\/tr><\/thead><tbody><tr><td>Anzahl der Puffs<\/td><td>Bis zu 25k Puffs<\/td><\/tr><tr><td>E-Fl\u00fcssigkeit Kapazit\u00e4t<\/td><td>30ml Vorgef\u00fcllt<\/td><\/tr><tr><td>Batterie<\/td><td>650mAh Wiederaufladbar<\/td><\/tr><tr><td>Spule<\/td><td>Mesh-Spule (1.0\u03a9)<\/td><\/tr><tr><td>Luftstrom<\/td><td>Einstellbar<\/td><\/tr><tr><td>Aufladen<\/td><td>USB Typ-C<\/td><\/tr><tr><td>Nikotinst\u00e4rke<\/td><td>0%, 2%, 3%, 5%<\/td><\/tr><tr><td>Operation<\/td><td>Zeichnungsaktiviert<\/td><\/tr><\/tbody><\/table><\/figure>\n\n\n\n<h2 class=\"wp-block-heading\"><strong>Verf\u00fcgbare Geschmacksrichtungen<\/strong><\/h2>\n\n\n\n<ul class=\"wp-block-list\">\n<li>Blaubeereis<\/li>\n\n\n\n<li>Erdbeer-Kiwi<\/li>\n\n\n\n<li>Erdbeere Wassermelone<\/li>\n\n\n\n<li>Gemischtes Obst<\/li>\n\n\n\n<li>Blaubeer-Minze<\/li>\n\n\n\n<li>Tigerblut<\/li>\n\n\n\n<li>Mango Pfirsich<\/li>\n\n\n\n<li>Traubeneis<\/li>\n\n\n\n<li>Heidelbeere-Himbeere<\/li>\n\n\n\n<li>Wassermelone Eis<\/li>\n\n\n\n<li>Wassermelone Kaugummi<\/li>\n\n\n\n<li>Erdbeereis<\/li>\n<\/ul>\n\n\n\n<h2 class=\"wp-block-heading\"><strong>Warum Bang 25k Puffs w\u00e4hlen?<\/strong><\/h2>\n\n\n\n<p>Der Bang 25000 wurde f\u00fcr Benutzer entwickelt, die eine l\u00e4ngere Nutzungsdauer w\u00fcnschen, ohne auf Kontrolle oder Geschmacksqualit\u00e4t verzichten zu m\u00fcssen. Die gro\u00dfe E-Liquid-Kapazit\u00e4t und die hohe Anzahl von Puffs reduzieren die Notwendigkeit f\u00fcr h\u00e4ufiges Nachf\u00fcllen, w\u00e4hrend das einstellbare Airflow-System ein individuelles Dampferlebnis erm\u00f6glicht.<\/p>\n\n\n\n<p>Die Mesh-Coil-Technologie sorgt f\u00fcr eine gleichm\u00e4\u00dfige Erw\u00e4rmung und eine gleichm\u00e4\u00dfige Dampfabgabe, wobei die Geschmacksstabilit\u00e4t \u00fcber den gesamten Nutzungszyklus erhalten bleibt. Kombiniert mit einem wiederaufladbaren Akku und mehreren Nikotinoptionen bietet er eine praktische und flexible L\u00f6sung f\u00fcr das t\u00e4gliche Dampfen.<\/p>\n\n\n\n<p><\/p>","protected":false},"excerpt":{"rendered":"<p>Der Bang 25000 Puffs Disposable Vape ist ein Ger\u00e4t mit hoher Kapazit\u00e4t, das beeindruckende 25.000 Z\u00fcge f\u00fcr unvergleichlichen Komfort bietet. Dieser Einwegverdampfer ist mit 30ml E-Liquid bef\u00fcllt und bietet Nikotinst\u00e4rken von 0%, 2%, 3% und 5%, um eine Reihe von Benutzerpr\u00e4ferenzen zu erf\u00fcllen.\u00a0<\/p>","protected":false},"featured_media":8261,"comment_status":"open","ping_status":"closed","template":"","meta":[],"product_brand":[57],"product_cat":[144,142],"product_tag":[],"class_list":{"0":"post-8253","1":"product","2":"type-product","3":"status-publish","4":"has-post-thumbnail","6":"product_brand-bang","7":"product_cat-25k-puffs","8":"product_cat-eu-stock","10":"first","11":"instock","12":"sale","13":"shipping-taxable","14":"purchasable","15":"product-type-variable"},"yoast_head":"<!-- This site is optimized with the Yoast SEO plugin v27.4 - https:\/\/yoast.com\/product\/yoast-seo-wordpress\/ -->\n<title>Bang 25000 25k Puffs Disposable Vape - VapeMaison<\/title>\n<meta name=\"description\" content=\"Discover the Bang 25000 25k Puffs Disposable Vape with 30ml e-liquid, adjustable airflow, and 1.0\u03a9 mesh coil for rich, smooth flavor.\" \/>\n<meta name=\"robots\" content=\"index, follow, max-snippet:-1, max-image-preview:large, max-video-preview:-1\" \/>\n<link rel=\"canonical\" href=\"https:\/\/vapemaison.com\/de\/product\/bang-25000-puffs-einweg-vape\/\" \/>\n<meta property=\"og:locale\" content=\"de_DE\" \/>\n<meta property=\"og:type\" content=\"article\" \/>\n<meta property=\"og:title\" content=\"Bang 25000 25k Puffs Disposable Vape - VapeMaison\" \/>\n<meta property=\"og:description\" content=\"Discover the Bang 25000 25k Puffs Disposable Vape with 30ml e-liquid, adjustable airflow, and 1.0\u03a9 mesh coil for rich, smooth flavor.\" \/>\n<meta property=\"og:url\" content=\"https:\/\/vapemaison.com\/de\/product\/bang-25000-puffs-einweg-vape\/\" \/>\n<meta property=\"og:site_name\" content=\"VapeMaison\" \/>\n<meta property=\"article:modified_time\" content=\"2026-04-14T10:58:49+00:00\" \/>\n<meta property=\"og:image\" content=\"https:\/\/vapemaison.com\/wp-content\/uploads\/2025\/10\/bang-25000-puffs-strawberry-ice-flavor.webp\" \/>\n\t<meta property=\"og:image:width\" content=\"1000\" \/>\n\t<meta property=\"og:image:height\" content=\"1000\" \/>\n\t<meta property=\"og:image:type\" content=\"image\/webp\" \/>\n<meta name=\"twitter:card\" content=\"summary_large_image\" \/>\n<meta name=\"twitter:label1\" content=\"Gesch\u00e4tzte Lesezeit\" \/>\n\t<meta name=\"twitter:data1\" content=\"2\u00a0Minuten\" \/>\n<!-- \/ Yoast SEO plugin. -->","yoast_head_json":{"title":"Bang 25000 25k Puffs Einweg Vape - VapeMaison","description":"Entdecken Sie die Bang 25000 25k Puffs Disposable Vape mit 30ml e-Fl\u00fcssigkeit, einstellbare Luftstrom, und 1,0\u03a9 Mesh-Spule f\u00fcr reichen, weichen Geschmack.","robots":{"index":"index","follow":"follow","max-snippet":"max-snippet:-1","max-image-preview":"max-image-preview:large","max-video-preview":"max-video-preview:-1"},"canonical":"https:\/\/vapemaison.com\/de\/product\/bang-25000-puffs-einweg-vape\/","og_locale":"de_DE","og_type":"article","og_title":"Bang 25000 25k Puffs Disposable Vape - VapeMaison","og_description":"Discover the Bang 25000 25k Puffs Disposable Vape with 30ml e-liquid, adjustable airflow, and 1.0\u03a9 mesh coil for rich, smooth flavor.","og_url":"https:\/\/vapemaison.com\/de\/product\/bang-25000-puffs-einweg-vape\/","og_site_name":"VapeMaison","article_modified_time":"2026-04-14T10:58:49+00:00","og_image":[{"width":1000,"height":1000,"url":"https:\/\/vapemaison.com\/wp-content\/uploads\/2025\/10\/bang-25000-puffs-strawberry-ice-flavor.webp","type":"image\/webp"}],"twitter_card":"summary_large_image","twitter_misc":{"Gesch\u00e4tzte Lesezeit":"2\u00a0Minuten"},"schema":{"@context":"https:\/\/schema.org","@graph":[{"@type":"WebPage","@id":"https:\/\/vapemaison.com\/product\/bang-25000-puffs-disposable-vape\/","url":"https:\/\/vapemaison.com\/product\/bang-25000-puffs-disposable-vape\/","name":"Bang 25000 25k Puffs Einweg Vape - VapeMaison","isPartOf":{"@id":"https:\/\/vapemaison.com\/#website"},"primaryImageOfPage":{"@id":"https:\/\/vapemaison.com\/product\/bang-25000-puffs-disposable-vape\/#primaryimage"},"image":{"@id":"https:\/\/vapemaison.com\/product\/bang-25000-puffs-disposable-vape\/#primaryimage"},"thumbnailUrl":"https:\/\/vapemaison.com\/wp-content\/uploads\/2025\/10\/bang-25000-puffs-strawberry-ice-flavor.webp","datePublished":"2025-10-23T05:30:13+00:00","dateModified":"2026-04-14T10:58:49+00:00","description":"Entdecken Sie die Bang 25000 25k Puffs Disposable Vape mit 30ml e-Fl\u00fcssigkeit, einstellbare Luftstrom, und 1,0\u03a9 Mesh-Spule f\u00fcr reichen, weichen Geschmack.","breadcrumb":{"@id":"https:\/\/vapemaison.com\/product\/bang-25000-puffs-disposable-vape\/#breadcrumb"},"inLanguage":"de","potentialAction":[{"@type":"ReadAction","target":["https:\/\/vapemaison.com\/product\/bang-25000-puffs-disposable-vape\/"]}]},{"@type":"ImageObject","inLanguage":"de","@id":"https:\/\/vapemaison.com\/product\/bang-25000-puffs-disposable-vape\/#primaryimage","url":"https:\/\/vapemaison.com\/wp-content\/uploads\/2025\/10\/bang-25000-puffs-strawberry-ice-flavor.webp","contentUrl":"https:\/\/vapemaison.com\/wp-content\/uploads\/2025\/10\/bang-25000-puffs-strawberry-ice-flavor.webp","width":1000,"height":1000,"caption":"Bang Puffs Strawberry Ice Flavor Disposable Vape Device"},{"@type":"BreadcrumbList","@id":"https:\/\/vapemaison.com\/product\/bang-25000-puffs-disposable-vape\/#breadcrumb","itemListElement":[{"@type":"ListItem","position":1,"name":"\u9996\u9875","item":"https:\/\/vapemaison.com\/"},{"@type":"ListItem","position":2,"name":"Shop","item":"https:\/\/vapemaison.com\/shop\/"},{"@type":"ListItem","position":3,"name":"Bang","item":"https:\/\/vapemaison.com\/brand\/bang\/"},{"@type":"ListItem","position":4,"name":"Bang 25000 25k Puffs Disposable Vape"}]},{"@type":"WebSite","@id":"https:\/\/vapemaison.com\/#website","url":"https:\/\/vapemaison.com\/","name":"VapeMaison","description":"Premium Vaping-Ger\u00e4te und Zubeh\u00f6r","publisher":{"@id":"https:\/\/vapemaison.com\/#organization"},"potentialAction":[{"@type":"SearchAction","target":{"@type":"EntryPoint","urlTemplate":"https:\/\/vapemaison.com\/?s={search_term_string}"},"query-input":{"@type":"PropertyValueSpecification","valueRequired":true,"valueName":"search_term_string"}}],"inLanguage":"de"},{"@type":"Organization","@id":"https:\/\/vapemaison.com\/#organization","name":"VapeMaison","url":"https:\/\/vapemaison.com\/","logo":{"@type":"ImageObject","inLanguage":"de","@id":"https:\/\/vapemaison.com\/#\/schema\/logo\/image\/","url":"https:\/\/vapemaison.com\/wp-content\/uploads\/2026\/01\/cropped-vapemaison-logo-g-2026.webp","contentUrl":"https:\/\/vapemaison.com\/wp-content\/uploads\/2026\/01\/cropped-vapemaison-logo-g-2026.webp","width":350,"height":280,"caption":"VapeMaison"},"image":{"@id":"https:\/\/vapemaison.com\/#\/schema\/logo\/image\/"},"sameAs":["https:\/\/www.youtube.com\/@VapeMaison"]}]}},"tiered_pricing_type":"fixed","tiered_pricing_fixed_rules":{"30":"10.99","50":"10.29","100":"9.56","200":"8.42"},"tiered_pricing_product_settings":{"layout":"default","base_unit_name":{"singular":null,"plural":null},"default_variation":null},"tiered_pricing_minimum_quantity":10,"tiered_pricing_roles_data":[],"tiered_pricing_percentage_rules":[],"tiered_pricing_maximum_quantity":null,"tiered_pricing_quantity_step":"10","_links":{"self":[{"href":"https:\/\/vapemaison.com\/de\/wp-json\/wp\/v2\/product\/8253","targetHints":{"allow":["GET"]}}],"collection":[{"href":"https:\/\/vapemaison.com\/de\/wp-json\/wp\/v2\/product"}],"about":[{"href":"https:\/\/vapemaison.com\/de\/wp-json\/wp\/v2\/types\/product"}],"replies":[{"embeddable":true,"href":"https:\/\/vapemaison.com\/de\/wp-json\/wp\/v2\/comments?post=8253"}],"version-history":[{"count":2,"href":"https:\/\/vapemaison.com\/de\/wp-json\/wp\/v2\/product\/8253\/revisions"}],"predecessor-version":[{"id":28430,"href":"https:\/\/vapemaison.com\/de\/wp-json\/wp\/v2\/product\/8253\/revisions\/28430"}],"wp:featuredmedia":[{"embeddable":true,"href":"https:\/\/vapemaison.com\/de\/wp-json\/wp\/v2\/media\/8261"}],"wp:attachment":[{"href":"https:\/\/vapemaison.com\/de\/wp-json\/wp\/v2\/media?parent=8253"}],"wp:term":[{"taxonomy":"product_brand","embeddable":true,"href":"https:\/\/vapemaison.com\/de\/wp-json\/wp\/v2\/product_brand?post=8253"},{"taxonomy":"product_cat","embeddable":true,"href":"https:\/\/vapemaison.com\/de\/wp-json\/wp\/v2\/product_cat?post=8253"},{"taxonomy":"product_tag","embeddable":true,"href":"https:\/\/vapemaison.com\/de\/wp-json\/wp\/v2\/product_tag?post=8253"}],"curies":[{"name":"wp","href":"https:\/\/api.w.org\/{rel}","templated":true}]}}